{"id":5999,"date":"2021-04-18T19:39:49","date_gmt":"2021-04-18T19:39:49","guid":{"rendered":"https:\/\/iberoid-shop.com\/?post_type=product&#038;p=5999"},"modified":"2025-11-12T09:39:40","modified_gmt":"2025-11-12T09:39:40","slug":"nandroged-ph-nandrolon-phenyl","status":"publish","type":"product","link":"https:\/\/iberoid-shop.com\/fr\/product\/nandroged-ph-nandrolon-phenyl\/","title":{"rendered":"NANDROGED PH &#8211; NANDROLON PHENY"},"content":{"rendered":"<p>Le ph\u00e9nylpropionate de nandrolone est un m\u00e9dicament st\u00e9ro\u00efde largement utilis\u00e9 dans la communaut\u00e9 des bodybuilders. L&rsquo;EPF fabrique cette pr\u00e9paration sous la marque commerciale de Nandroged-Ph, qui arrive sur le march\u00e9 pharmaceutique sous forme injectable.<\/p>\n<p>Chimiquement, ce produit est tr\u00e8s similaire au Deca, mais a une forme ester plus courte. L&rsquo;ester de ph\u00e9nylpropionate permet \u00e0 ce m\u00e9dicament st\u00e9ro\u00efde de se lib\u00e9rer plus rapidement dans la circulation sanguine d&rsquo;un sportif. Cependant, \u00e9tant une forme d&rsquo;ester plus courte, Nandroged-Ph n\u00e9cessite des injections plus fr\u00e9quentes. Beaucoup de bodybuilders trouvent ce fait positif, car des injections fr\u00e9quentes leur permettent de contr\u00f4ler plus facilement leurs niveaux d&rsquo;hormones. Pour acheter ce m\u00e9dicament efficace d\u00e8s maintenant, veuillez visiter notre boutique en ligne \u00e0 stero-market.com.<\/p>\n<p>Beaucoup de bodybuilders masculins trouvent que Nandroged-Ph est le meilleur m\u00e9dicament st\u00e9ro\u00efde pour leur cycle. Ce point de vue s&rsquo;explique par le taux potentiel d&rsquo;effets secondaires et de r\u00e9sultats positifs. Habituellement, la substance est inject\u00e9e 4 \u00e0 5 fois par semaine, ce qui minimise la conversion des \u0153strog\u00e8nes et un probl\u00e8me aussi populaire que la gyn\u00e9comastie. Certains probl\u00e8mes d&rsquo;hypertension art\u00e9rielle, d&rsquo;enzymes h\u00e9patiques ou de taux de cholest\u00e9rol sont parfois signal\u00e9s, mais pas tr\u00e8s souvent.<\/p>\n<p>Parall\u00e8lement \u00e0 cela, tous les bodybuilders actifs doivent se rappeler que des doses \u00e9lev\u00e9es de Nandroged-Ph peuvent augmenter la probabilit\u00e9 d&rsquo;effets ind\u00e9sirables. En g\u00e9n\u00e9ral, le ph\u00e9nylpropionate de nandrolone est consid\u00e9r\u00e9 comme un m\u00e9dicament st\u00e9ro\u00efde assez bien tol\u00e9r\u00e9.<\/p>\n<p>Les culturistes peuvent utiliser Nandroged-Ph \u00e0 la fois dans les phases de coupe et de gonflement. La pr\u00e9paration est souvent associ\u00e9e \u00e0 des m\u00e9dicaments bien connus comme l&rsquo;Oxymetholone, la Methandienone ou le Sustanon. Un inconv\u00e9nient qui peut \u00eatre important pour de nombreux sportifs est que la Nandrolone peut \u00eatre d\u00e9tect\u00e9e m\u00eame un an apr\u00e8s la derni\u00e8re utilisation. Dans de nombreux cas, cette caract\u00e9ristique limite l&rsquo;utilisation de ce m\u00e9dicament st\u00e9ro\u00efde par les bodybuilders comp\u00e9titifs.<\/p>\n<p>Dosage<\/p>\n<p>Si la dur\u00e9e de votre cycle de st\u00e9ro\u00efdes ne d\u00e9passe pas 10 semaines, vous pouvez choisir de combiner Nandroged-Ph avec d&rsquo;autres formes d&rsquo;esters courts. La combinaison de ce m\u00e9dicament avec la forme propionate de testost\u00e9rone est consid\u00e9r\u00e9e comme une solution presque parfaite pour de nombreux bodybuilders. Ces derniers d\u00e9cident g\u00e9n\u00e9ralement de prendre environ 300 mg de Nandroged-Ph et de propionate de testost\u00e9rone par semaine. La dur\u00e9e du cycle dans ce cas est d&rsquo;environ 10 semaines. Dans le m\u00eame temps, les bodybuilders ne devraient jamais oublier d&rsquo;ajouter des inhibiteurs d&rsquo;aromatisation \u00e0 leur cycle.<\/p>\n<p>Effets secondaires<\/p>\n<p>Parfois, les bodybuilders signalent un certain degr\u00e9 de d\u00e9pression apr\u00e8s l&rsquo;utilisation de nandrolone. Dans de rares cas, ce m\u00e9dicament peut \u00e9galement provoquer des probl\u00e8mes de dysfonction \u00e9rectile et de libido. Cependant, ils ne surviennent g\u00e9n\u00e9ralement que lorsque Nandroged-Ph est utilis\u00e9 \u00e0 des doses de 200 \u00e0 400 mg par semaine et lorsque le bodybuilder n&rsquo;int\u00e8gre aucune suppl\u00e9mentation en testost\u00e9rone dans son cycle.<\/p>\n<p>La nandrolone peut \u00eatre prise par tous les sportifs. Il s&rsquo;agit d&rsquo;un produit st\u00e9ro\u00efde tr\u00e8s efficace, qui fournit des r\u00e9sultats positifs significatifs et peu d&rsquo;actions ind\u00e9sirables. Nandroged-Ph peut aider un athl\u00e8te \u00e0 r\u00e9duire la graisse corporelle et \u00e0 augmenter la taille et la force musculaire.<\/p>\n<p>De nombreux culturistes rapportent que ce m\u00e9dicament peut rendre les douleurs aux tendons et aux articulations moins perceptibles.<\/p>","protected":false},"excerpt":{"rendered":"<p>Le ph\u00e9nylpropionate de nandrolone est un m\u00e9dicament st\u00e9ro\u00efde largement utilis\u00e9 dans la communaut\u00e9 des bodybuilders. L&rsquo;EPF fabrique cette pr\u00e9paration sous<\/p>\n","protected":false},"featured_media":6000,"comment_status":"open","ping_status":"closed","template":"","meta":[],"product_brand":[],"product_cat":[69],"product_tag":[],"class_list":{"0":"post-5999","1":"product","2":"type-product","3":"status-publish","4":"has-post-thumbnail","6":"product_cat-esteroides_inyectables","8":"first","9":"outofstock","10":"sale","11":"shipping-taxable","12":"purchasable","13":"product-type-simple"},"yoast_head":"<!-- This site is optimized with the Yoast SEO Premium plugin v24.4 (Yoast SEO v27.0) - https:\/\/yoast.com\/product\/yoast-seo-premium-wordpress\/ -->\n<title>NANDROGED PH - NANDROLON PHENY - (Espa\u00f1ol) Esteroides en l\u00ednea<\/title>\n<meta name=\"description\" content=\"NANDROGED-PH (Ph\u00e9nylpropionate de Nandrolone) augmente masse musculaire, force et perte de graisse avec peu d\u2019effets secondaires.\" \/>\n<meta name=\"robots\" content=\"index, follow, max-snippet:-1, max-image-preview:large, max-video-preview:-1\" \/>\n<link rel=\"canonical\" href=\"https:\/\/iberoid-shop.com\/fr\/product\/nandroged-ph-nandrolon-phenyl\/\" \/>\n<meta property=\"og:locale\" content=\"fr_FR\" \/>\n<meta property=\"og:type\" content=\"article\" \/>\n<meta property=\"og:title\" content=\"NANDROGED PH - NANDROLON PHENY\" \/>\n<meta property=\"og:description\" content=\"NANDROGED-PH (Ph\u00e9nylpropionate de Nandrolone) augmente masse musculaire, force et perte de graisse avec peu d\u2019effets secondaires.\" \/>\n<meta property=\"og:url\" content=\"https:\/\/iberoid-shop.com\/fr\/product\/nandroged-ph-nandrolon-phenyl\/\" \/>\n<meta property=\"og:site_name\" content=\"(Espa\u00f1ol) Esteroides en l\u00ednea\" \/>\n<meta property=\"article:modified_time\" content=\"2025-11-12T09:39:40+00:00\" \/>\n<meta property=\"og:image\" content=\"https:\/\/iberoid-shop.com\/wp-content\/uploads\/2021\/04\/DECA-FENIL.jpg?v=1697732452\" \/>\n\t<meta property=\"og:image:width\" content=\"600\" \/>\n\t<meta property=\"og:image:height\" content=\"400\" \/>\n\t<meta property=\"og:image:type\" content=\"image\/jpeg\" \/>\n<meta name=\"twitter:card\" content=\"summary_large_image\" \/>\n<meta name=\"twitter:label1\" content=\"Prix\" \/>\n\t<meta name=\"twitter:data1\" content=\"&euro;40.00\" \/>\n\t<meta name=\"twitter:label2\" content=\"Disponibilit\u00e9\" \/>\n\t<meta name=\"twitter:data2\" content=\"Rupture de stock\" \/>\n<script type=\"application\/ld+json\" class=\"yoast-schema-graph\">{\"@context\":\"https:\/\/schema.org\",\"@graph\":[{\"@type\":\"WebPage\",\"@id\":\"https:\/\/iberoid-shop.com\/fr\/product\/nandroged-ph-nandrolon-phenyl\/\",\"url\":\"https:\/\/iberoid-shop.com\/fr\/product\/nandroged-ph-nandrolon-phenyl\/\",\"name\":\"NANDROGED PH - NANDROLON PHENY - (Espa\u00f1ol) Esteroides en l\u00ednea\",\"isPartOf\":{\"@id\":\"https:\/\/iberoid-shop.com\/fr\/#website\"},\"primaryImageOfPage\":{\"@id\":\"https:\/\/iberoid-shop.com\/fr\/product\/nandroged-ph-nandrolon-phenyl\/#primaryimage\"},\"image\":{\"@id\":\"https:\/\/iberoid-shop.com\/fr\/product\/nandroged-ph-nandrolon-phenyl\/#primaryimage\"},\"thumbnailUrl\":\"https:\/\/iberoid-shop.com\/wp-content\/uploads\/2021\/04\/DECA-FENIL.jpg?v=1697732452\",\"datePublished\":\"2021-04-18T19:39:49+00:00\",\"dateModified\":\"2025-11-12T09:39:40+00:00\",\"description\":\"NANDROGED-PH (Ph\u00e9nylpropionate de Nandrolone) augmente masse musculaire, force et perte de graisse avec peu d\u2019effets secondaires.\",\"breadcrumb\":{\"@id\":\"https:\/\/iberoid-shop.com\/fr\/product\/nandroged-ph-nandrolon-phenyl\/#breadcrumb\"},\"inLanguage\":\"fr-FR\",\"potentialAction\":[{\"@type\":\"ReadAction\",\"target\":[[\"https:\/\/iberoid-shop.com\/fr\/product\/nandroged-ph-nandrolon-phenyl\/\"]]}]},{\"@type\":\"ImageObject\",\"inLanguage\":\"fr-FR\",\"@id\":\"https:\/\/iberoid-shop.com\/fr\/product\/nandroged-ph-nandrolon-phenyl\/#primaryimage\",\"url\":\"https:\/\/iberoid-shop.com\/wp-content\/uploads\/2021\/04\/DECA-FENIL.jpg?v=1697732452\",\"contentUrl\":\"https:\/\/iberoid-shop.com\/wp-content\/uploads\/2021\/04\/DECA-FENIL.jpg?v=1697732452\",\"width\":600,\"height\":400},{\"@type\":\"BreadcrumbList\",\"@id\":\"https:\/\/iberoid-shop.com\/fr\/product\/nandroged-ph-nandrolon-phenyl\/#breadcrumb\",\"itemListElement\":[{\"@type\":\"ListItem\",\"position\":1,\"name\":\"Portada\",\"item\":\"https:\/\/iberoid-shop.com\/fr\/\"},{\"@type\":\"ListItem\",\"position\":2,\"name\":\"Magasin\",\"item\":\"https:\/\/iberoid-shop.com\/fr\/shop\/\"},{\"@type\":\"ListItem\",\"position\":3,\"name\":\"NANDROGED PH &#8211; NANDROLON PHENY\"}]},{\"@type\":\"WebSite\",\"@id\":\"https:\/\/iberoid-shop.com\/fr\/#website\",\"url\":\"https:\/\/iberoid-shop.com\/fr\/\",\"name\":\"(Espa\u00f1ol) Esteroides en l\u00ednea\",\"description\":\"(Espa\u00f1ol) Comprar esteroides en l\u00ednea hoy en Espa\u00f1a y Portugal. Tenemos el mejor servicio al cliente en la industria y los productos de la m\u00e1s alta calidad\",\"potentialAction\":[{\"@type\":\"SearchAction\",\"target\":{\"@type\":\"EntryPoint\",\"urlTemplate\":\"https:\/\/iberoid-shop.com\/fr\/?s={search_term_string}\"},\"query-input\":{\"@type\":\"PropertyValueSpecification\",\"valueRequired\":true,\"valueName\":\"search_term_string\"}}],\"inLanguage\":\"fr-FR\"}]}<\/script>\n<meta property=\"product:brand\" content=\"Euro Prime Pharmaceuticals (EPF)\" \/>\n<meta property=\"product:price:amount\" content=\"40.00\" \/>\n<meta property=\"product:price:currency\" content=\"EUR\" \/>\n<meta property=\"og:availability\" content=\"out of stock\" \/>\n<meta property=\"product:availability\" content=\"out of stock\" \/>\n<meta property=\"product:condition\" content=\"new\" \/>\n<!-- \/ Yoast SEO Premium plugin. -->","yoast_head_json":{"title":"NANDROGED PH - NANDROLON PHENY - (Espa\u00f1ol) Esteroides en l\u00ednea","description":"NANDROGED-PH (Ph\u00e9nylpropionate de Nandrolone) augmente masse musculaire, force et perte de graisse avec peu d\u2019effets secondaires.","robots":{"index":"index","follow":"follow","max-snippet":"max-snippet:-1","max-image-preview":"max-image-preview:large","max-video-preview":"max-video-preview:-1"},"canonical":"https:\/\/iberoid-shop.com\/fr\/product\/nandroged-ph-nandrolon-phenyl\/","og_locale":"fr_FR","og_type":"article","og_title":"NANDROGED PH - NANDROLON PHENY","og_description":"NANDROGED-PH (Ph\u00e9nylpropionate de Nandrolone) augmente masse musculaire, force et perte de graisse avec peu d\u2019effets secondaires.","og_url":"https:\/\/iberoid-shop.com\/fr\/product\/nandroged-ph-nandrolon-phenyl\/","og_site_name":"(Espa\u00f1ol) Esteroides en l\u00ednea","article_modified_time":"2025-11-12T09:39:40+00:00","og_image":[{"width":600,"height":400,"url":"https:\/\/iberoid-shop.com\/wp-content\/uploads\/2021\/04\/DECA-FENIL.jpg?v=1697732452","type":"image\/jpeg"}],"twitter_card":"summary_large_image","twitter_misc":{"Prix":"&euro;40.00","Disponibilit\u00e9":"Rupture de stock"},"schema":{"@context":"https:\/\/schema.org","@graph":[{"@type":"WebPage","@id":"https:\/\/iberoid-shop.com\/fr\/product\/nandroged-ph-nandrolon-phenyl\/","url":"https:\/\/iberoid-shop.com\/fr\/product\/nandroged-ph-nandrolon-phenyl\/","name":"NANDROGED PH - NANDROLON PHENY - (Espa\u00f1ol) Esteroides en l\u00ednea","isPartOf":{"@id":"https:\/\/iberoid-shop.com\/fr\/#website"},"primaryImageOfPage":{"@id":"https:\/\/iberoid-shop.com\/fr\/product\/nandroged-ph-nandrolon-phenyl\/#primaryimage"},"image":{"@id":"https:\/\/iberoid-shop.com\/fr\/product\/nandroged-ph-nandrolon-phenyl\/#primaryimage"},"thumbnailUrl":"https:\/\/iberoid-shop.com\/wp-content\/uploads\/2021\/04\/DECA-FENIL.jpg?v=1697732452","datePublished":"2021-04-18T19:39:49+00:00","dateModified":"2025-11-12T09:39:40+00:00","description":"NANDROGED-PH (Ph\u00e9nylpropionate de Nandrolone) augmente masse musculaire, force et perte de graisse avec peu d\u2019effets secondaires.","breadcrumb":{"@id":"https:\/\/iberoid-shop.com\/fr\/product\/nandroged-ph-nandrolon-phenyl\/#breadcrumb"},"inLanguage":"fr-FR","potentialAction":[{"@type":"ReadAction","target":[["https:\/\/iberoid-shop.com\/fr\/product\/nandroged-ph-nandrolon-phenyl\/"]]}]},{"@type":"ImageObject","inLanguage":"fr-FR","@id":"https:\/\/iberoid-shop.com\/fr\/product\/nandroged-ph-nandrolon-phenyl\/#primaryimage","url":"https:\/\/iberoid-shop.com\/wp-content\/uploads\/2021\/04\/DECA-FENIL.jpg?v=1697732452","contentUrl":"https:\/\/iberoid-shop.com\/wp-content\/uploads\/2021\/04\/DECA-FENIL.jpg?v=1697732452","width":600,"height":400},{"@type":"BreadcrumbList","@id":"https:\/\/iberoid-shop.com\/fr\/product\/nandroged-ph-nandrolon-phenyl\/#breadcrumb","itemListElement":[{"@type":"ListItem","position":1,"name":"Portada","item":"https:\/\/iberoid-shop.com\/fr\/"},{"@type":"ListItem","position":2,"name":"Magasin","item":"https:\/\/iberoid-shop.com\/fr\/shop\/"},{"@type":"ListItem","position":3,"name":"NANDROGED PH &#8211; NANDROLON PHENY"}]},{"@type":"WebSite","@id":"https:\/\/iberoid-shop.com\/fr\/#website","url":"https:\/\/iberoid-shop.com\/fr\/","name":"(Espa\u00f1ol) Esteroides en l\u00ednea","description":"(Espa\u00f1ol) Comprar esteroides en l\u00ednea hoy en Espa\u00f1a y Portugal. Tenemos el mejor servicio al cliente en la industria y los productos de la m\u00e1s alta calidad","potentialAction":[{"@type":"SearchAction","target":{"@type":"EntryPoint","urlTemplate":"https:\/\/iberoid-shop.com\/fr\/?s={search_term_string}"},"query-input":{"@type":"PropertyValueSpecification","valueRequired":true,"valueName":"search_term_string"}}],"inLanguage":"fr-FR"}]},"product_brand":"Euro Prime Pharmaceuticals (EPF)","product_price_amount":"40.00","product_price_currency":"EUR","og_availability":"out of stock","product_availability":"out of stock","product_condition":"new"},"_links":{"self":[{"href":"https:\/\/iberoid-shop.com\/fr\/wp-json\/wp\/v2\/product\/5999","targetHints":{"allow":["GET"]}}],"collection":[{"href":"https:\/\/iberoid-shop.com\/fr\/wp-json\/wp\/v2\/product"}],"about":[{"href":"https:\/\/iberoid-shop.com\/fr\/wp-json\/wp\/v2\/types\/product"}],"replies":[{"embeddable":true,"href":"https:\/\/iberoid-shop.com\/fr\/wp-json\/wp\/v2\/comments?post=5999"}],"wp:featuredmedia":[{"embeddable":true,"href":"https:\/\/iberoid-shop.com\/fr\/wp-json\/wp\/v2\/media\/6000"}],"wp:attachment":[{"href":"https:\/\/iberoid-shop.com\/fr\/wp-json\/wp\/v2\/media?parent=5999"}],"wp:term":[{"taxonomy":"product_brand","embeddable":true,"href":"https:\/\/iberoid-shop.com\/fr\/wp-json\/wp\/v2\/product_brand?post=5999"},{"taxonomy":"product_cat","embeddable":true,"href":"https:\/\/iberoid-shop.com\/fr\/wp-json\/wp\/v2\/product_cat?post=5999"},{"taxonomy":"product_tag","embeddable":true,"href":"https:\/\/iberoid-shop.com\/fr\/wp-json\/wp\/v2\/product_tag?post=5999"}],"curies":[{"name":"wp","href":"https:\/\/api.w.org\/{rel}","templated":true}]}}