{"id":5970,"date":"2021-04-10T15:51:24","date_gmt":"2021-04-10T15:51:24","guid":{"rendered":"https:\/\/iberoid-shop.com\/?post_type=product&#038;p=5970"},"modified":"2026-02-08T12:21:36","modified_gmt":"2026-02-08T12:21:36","slug":"tc-ject-250-10ml-testosterone-cypionate-1ml-250mg","status":"publish","type":"product","link":"https:\/\/iberoid-shop.com\/fr\/product\/tc-ject-250-10ml-testosterone-cypionate-1ml-250mg\/","title":{"rendered":"TCyp-JECT 200mg 10ml &#8211; Testosterone cypionate"},"content":{"rendered":"<p><\/p>\n<p class=\"\" data-start=\"0\" data-end=\"458\">Tcyp JECT est un st\u00e9ro\u00efde anabolisant \u00e0 action prolong\u00e9e couramment utilis\u00e9 dans le traitement des faibles niveaux de testost\u00e9rone chez les hommes, ainsi que pour am\u00e9liorer la masse musculaire et la force chez les athl\u00e8tes et les culturistes. Cet ester de testost\u00e9rone fournit une lib\u00e9ration constante de l&rsquo;hormone, ce qui en fait un choix populaire pour ceux qui souhaitent maintenir des niveaux stables de testost\u00e9rone avec des injections moins fr\u00e9quentes.<\/p>\n<p class=\"\" data-start=\"460\" data-end=\"481\"><strong data-start=\"460\" data-end=\"481\">Effets Principaux<\/strong><\/p>\n<p class=\"\" data-start=\"483\" data-end=\"592\">La Testost\u00e9rone Cypionate offre plusieurs avantages qui en font un ajout pr\u00e9cieux au programme d&rsquo;un athl\u00e8te :<\/p>\n<ul data-start=\"594\" data-end=\"840\">\n<li class=\"\" data-start=\"594\" data-end=\"649\">\n<p class=\"\" data-start=\"596\" data-end=\"649\">Favorise des gains significatifs en masse musculaire.<\/p>\n<\/li>\n<li class=\"\" data-start=\"650\" data-end=\"686\">\n<p class=\"\" data-start=\"652\" data-end=\"686\">Augmente la force et la puissance.<\/p>\n<\/li>\n<li class=\"\" data-start=\"687\" data-end=\"732\">\n<p class=\"\" data-start=\"689\" data-end=\"732\">Am\u00e9liore la performance athl\u00e9tique globale.<\/p>\n<\/li>\n<li class=\"\" data-start=\"733\" data-end=\"792\">\n<p class=\"\" data-start=\"735\" data-end=\"792\">Soutient la perte de graisse et la d\u00e9finition musculaire.<\/p>\n<\/li>\n<li class=\"\" data-start=\"793\" data-end=\"840\">\n<p class=\"\" data-start=\"795\" data-end=\"840\">Stimule la libido et la performance sexuelle.<\/p>\n<\/li>\n<\/ul>\n<p class=\"\" data-start=\"842\" data-end=\"873\"><strong data-start=\"842\" data-end=\"873\">Avantages Suppl\u00e9mentaires :<\/strong><\/p>\n<ul data-start=\"875\" data-end=\"1114\">\n<li class=\"\" data-start=\"875\" data-end=\"919\">\n<p class=\"\" data-start=\"877\" data-end=\"919\">Augmente la production de globules rouges.<\/p>\n<\/li>\n<li class=\"\" data-start=\"920\" data-end=\"957\">\n<p class=\"\" data-start=\"922\" data-end=\"957\">Am\u00e9liore la synth\u00e8se des prot\u00e9ines.<\/p>\n<\/li>\n<li class=\"\" data-start=\"958\" data-end=\"992\">\n<p class=\"\" data-start=\"960\" data-end=\"992\">Soutient un bilan azot\u00e9 positif.<\/p>\n<\/li>\n<li class=\"\" data-start=\"993\" data-end=\"1028\">\n<p class=\"\" data-start=\"995\" data-end=\"1028\">R\u00e9duit les temps de r\u00e9cup\u00e9ration.<\/p>\n<\/li>\n<li class=\"\" data-start=\"1029\" data-end=\"1114\">\n<p class=\"\" data-start=\"1031\" data-end=\"1114\">Fournit une lib\u00e9ration soutenue de testost\u00e9rone pour des niveaux hormonaux stables.<\/p>\n<\/li>\n<\/ul>\n<p class=\"\" data-start=\"1116\" data-end=\"1136\"><strong data-start=\"1116\" data-end=\"1136\">Comment Utiliser<\/strong><\/p>\n<p class=\"\" data-start=\"1138\" data-end=\"1373\">La Testost\u00e9rone Cypionate est g\u00e9n\u00e9ralement utilis\u00e9e \u00e0 la fois dans les cycles de prise de masse (bulking) et de coupe (cutting) pour maximiser la croissance musculaire et les gains de force tout en am\u00e9liorant la composition corporelle.<\/p>\n<p class=\"\" data-start=\"1375\" data-end=\"1406\"><strong data-start=\"1375\" data-end=\"1406\">Conseils d&rsquo;Administration :<\/strong><\/p>\n<ul data-start=\"1407\" data-end=\"1683\">\n<li class=\"\" data-start=\"1407\" data-end=\"1491\">\n<p class=\"\" data-start=\"1409\" data-end=\"1491\">Injecter par voie intramusculaire, de pr\u00e9f\u00e9rence dans les fessiers ou les cuisses.<\/p>\n<\/li>\n<li class=\"\" data-start=\"1492\" data-end=\"1561\">\n<p class=\"\" data-start=\"1494\" data-end=\"1561\">Alterner les sites d&rsquo;injection pour \u00e9viter d&rsquo;endommager les tissus.<\/p>\n<\/li>\n<li class=\"\" data-start=\"1562\" data-end=\"1683\">\n<p class=\"\" data-start=\"1564\" data-end=\"1683\">Maintenir un programme d&rsquo;injections constant, g\u00e9n\u00e9ralement une fois par semaine, pour stabiliser les niveaux hormonaux.<\/p>\n<\/li>\n<\/ul>\n<p class=\"\" data-start=\"1685\" data-end=\"1733\"><strong data-start=\"1685\" data-end=\"1733\">Pourquoi Choisir Tcyp JECT de Muscle Pharm ?<\/strong><\/p>\n<p class=\"\" data-start=\"1735\" data-end=\"1922\">Lorsque vous achetez de la Testost\u00e9rone Cypionate de Hilma Biocare, vous pouvez avoir confiance en la qualit\u00e9 et l&rsquo;efficacit\u00e9 du produit. Voici pourquoi vous devriez commander chez nous :<\/p>\n<ul data-start=\"1924\" data-end=\"2509\">\n<li class=\"\" data-start=\"1924\" data-end=\"2038\">\n<p class=\"\" data-start=\"1926\" data-end=\"2038\"><strong data-start=\"1926\" data-end=\"1951\">Garantie de Qualit\u00e9 :<\/strong> Notre Testost\u00e9rone Cypionate est rigoureusement test\u00e9e pour la puret\u00e9 et la puissance.<\/p>\n<\/li>\n<li class=\"\" data-start=\"2039\" data-end=\"2157\">\n<p class=\"\" data-start=\"2041\" data-end=\"2157\"><strong data-start=\"2041\" data-end=\"2063\">Prix Comp\u00e9titifs :<\/strong> Nous proposons la Testost\u00e9rone Cypionate \u00e0 des prix comp\u00e9titifs sans compromettre la qualit\u00e9.<\/p>\n<\/li>\n<li class=\"\" data-start=\"2158\" data-end=\"2256\">\n<p class=\"\" data-start=\"2160\" data-end=\"2256\"><strong data-start=\"2160\" data-end=\"2182\">Livraison Rapide :<\/strong> Nous assurons une livraison rapide et fiable pour r\u00e9pondre \u00e0 vos besoins.<\/p>\n<\/li>\n<li class=\"\" data-start=\"2257\" data-end=\"2363\">\n<p class=\"\" data-start=\"2259\" data-end=\"2363\"><strong data-start=\"2259\" data-end=\"2280\">Confidentialit\u00e9 :<\/strong> Vos informations personnelles sont trait\u00e9es avec le plus grand soin et discr\u00e9tion.<\/p>\n<\/li>\n<li class=\"\" data-start=\"2364\" data-end=\"2509\">\n<p class=\"\" data-start=\"2366\" data-end=\"2509\"><strong data-start=\"2366\" data-end=\"2388\">Support d&rsquo;Expert :<\/strong> Notre \u00e9quipe exp\u00e9riment\u00e9e est disponible pour r\u00e9pondre \u00e0 toutes vos questions et vous guider sur l&rsquo;utilisation optimale.<\/p>\n<\/li>\n<\/ul>\n<p class=\"\" data-start=\"2511\" data-end=\"2572\"><strong data-start=\"2511\" data-end=\"2572\">Combiner la Testost\u00e9rone Cypionate avec d&rsquo;Autres Compos\u00e9s<\/strong><\/p>\n<p class=\"\" data-start=\"2574\" data-end=\"2741\">La Testost\u00e9rone Cypionate est souvent utilis\u00e9e en combinaison avec d&rsquo;autres st\u00e9ro\u00efdes et suppl\u00e9ments pour renforcer ses effets. Voici quelques combinaisons efficaces :<\/p>\n<p class=\"\" data-start=\"2743\" data-end=\"2775\"><strong data-start=\"2743\" data-end=\"2775\">Pour les Cycles de Bulking :<\/strong><\/p>\n<ul data-start=\"2776\" data-end=\"2957\">\n<li class=\"\" data-start=\"2776\" data-end=\"2887\">\n<p class=\"\" data-start=\"2778\" data-end=\"2887\">Test. Cyp. + Deca-Durabolin (Nandrolone Decanoate) pour des gains significatifs en masse musculaire et force.<\/p>\n<\/li>\n<li class=\"\" data-start=\"2888\" data-end=\"2957\">\n<p class=\"\" data-start=\"2890\" data-end=\"2957\">Test. Cyp. + Dianabol pour des gains rapides en taille et en force.<\/p>\n<\/li>\n<\/ul>\n<p class=\"\" data-start=\"2959\" data-end=\"2991\"><strong data-start=\"2959\" data-end=\"2991\">Pour les Cycles de Cutting :<\/strong><\/p>\n<ul data-start=\"2992\" data-end=\"3179\">\n<li class=\"\" data-start=\"2992\" data-end=\"3088\">\n<p class=\"\" data-start=\"2994\" data-end=\"3088\">Test. Cyp. + Ac\u00e9tate de Trenbolone pour am\u00e9liorer la duret\u00e9 musculaire et la perte de graisse.<\/p>\n<\/li>\n<li class=\"\" data-start=\"3089\" data-end=\"3179\">\n<p class=\"\" data-start=\"3091\" data-end=\"3179\">Test. Cyp. + Winstrol pour une croissance musculaire maigre et une meilleure d\u00e9finition.<\/p>\n<\/li>\n<\/ul>\n<p class=\"\" data-start=\"3181\" data-end=\"3215\"><strong data-start=\"3181\" data-end=\"3215\">Pour la Performance G\u00e9n\u00e9rale :<\/strong><\/p>\n<ul data-start=\"3216\" data-end=\"3404\">\n<li class=\"\" data-start=\"3216\" data-end=\"3311\">\n<p class=\"\" data-start=\"3218\" data-end=\"3311\">Test. Cyp. + HGH pour des effets synergiques sur la croissance musculaire et la r\u00e9cup\u00e9ration.<\/p>\n<\/li>\n<li class=\"\" data-start=\"3312\" data-end=\"3404\">\n<p class=\"\" data-start=\"3314\" data-end=\"3404\">Test. Cyp. + Clenbuterol pour augmenter la combustion des graisses et le taux m\u00e9tabolique.<\/p>\n<\/li>\n<\/ul>\n<p class=\"\" data-start=\"3406\" data-end=\"3420\"><strong data-start=\"3406\" data-end=\"3420\">Conclusion<\/strong><\/p>\n<p class=\"\" data-start=\"3422\" data-end=\"3598\">Tcyp JECT Muscle Pharm est un st\u00e9ro\u00efde anabolisant polyvalent et efficace qui peut am\u00e9liorer consid\u00e9rablement la masse musculaire, la force et la performance physique g\u00e9n\u00e9rale.<\/p>\n<p><\/p>","protected":false},"excerpt":{"rendered":"<p>Tcyp JECT est un st\u00e9ro\u00efde anabolisant \u00e0 action prolong\u00e9e couramment utilis\u00e9 dans le traitement des faibles niveaux de testost\u00e9rone chez<\/p>\n","protected":false},"featured_media":9934,"comment_status":"open","ping_status":"closed","template":"","meta":[],"product_brand":[],"product_cat":[69],"product_tag":[],"class_list":{"0":"post-5970","1":"product","2":"type-product","3":"status-publish","4":"has-post-thumbnail","6":"product_cat-esteroides_inyectables","8":"first","9":"instock","10":"sale","11":"shipping-taxable","12":"purchasable","13":"product-type-simple"},"yoast_head":"<!-- This site is optimized with the Yoast SEO Premium plugin v24.4 (Yoast SEO v27.3) - https:\/\/yoast.com\/product\/yoast-seo-premium-wordpress\/ -->\n<title>TCyp-JECT 200mg 10ml - Testosterone cypionate - (Espa\u00f1ol) Esteroides en l\u00ednea<\/title>\n<meta name=\"description\" content=\"Tcyp JECT (Cypionate de Testost\u00e9rone) est un st\u00e9ro\u00efde \u00e0 action prolong\u00e9e augmentant masse musculaire, force, perte de graisse et performance sportive avec des niveaux hormonaux stables.\" \/>\n<meta name=\"robots\" content=\"index, follow, max-snippet:-1, max-image-preview:large, max-video-preview:-1\" \/>\n<link rel=\"canonical\" href=\"https:\/\/iberoid-shop.com\/fr\/product\/tc-ject-250-10ml-testosterone-cypionate-1ml-250mg\/\" \/>\n<meta property=\"og:locale\" content=\"fr_FR\" \/>\n<meta property=\"og:type\" content=\"article\" \/>\n<meta property=\"og:title\" content=\"TCyp-JECT 200mg 10ml - Testosterone cypionate\" \/>\n<meta property=\"og:description\" content=\"Tcyp JECT (Cypionate de Testost\u00e9rone) est un st\u00e9ro\u00efde \u00e0 action prolong\u00e9e augmentant masse musculaire, force, perte de graisse et performance sportive avec des niveaux hormonaux stables.\" \/>\n<meta property=\"og:url\" content=\"https:\/\/iberoid-shop.com\/fr\/product\/tc-ject-250-10ml-testosterone-cypionate-1ml-250mg\/\" \/>\n<meta property=\"og:site_name\" content=\"(Espa\u00f1ol) Esteroides en l\u00ednea\" \/>\n<meta property=\"article:modified_time\" content=\"2026-02-08T12:21:36+00:00\" \/>\n<meta property=\"og:image\" content=\"https:\/\/iberoid-shop.com\/wp-content\/uploads\/2021\/04\/tcyp.jpeg?v=1739694814\" \/>\n\t<meta property=\"og:image:width\" content=\"1080\" \/>\n\t<meta property=\"og:image:height\" content=\"1080\" \/>\n\t<meta property=\"og:image:type\" content=\"image\/jpeg\" \/>\n<meta name=\"twitter:card\" content=\"summary_large_image\" \/>\n<meta name=\"twitter:label1\" content=\"Prix\" \/>\n\t<meta name=\"twitter:data1\" content=\"&euro;35.00\" \/>\n\t<meta name=\"twitter:label2\" content=\"Disponibilit\u00e9\" \/>\n\t<meta name=\"twitter:data2\" content=\"En stock\" \/>\n<script type=\"application\/ld+json\" class=\"yoast-schema-graph\">{\"@context\":\"https:\\\/\\\/schema.org\",\"@graph\":[{\"@type\":\"WebPage\",\"@id\":\"https:\\\/\\\/iberoid-shop.com\\\/fr\\\/product\\\/tc-ject-250-10ml-testosterone-cypionate-1ml-250mg\\\/\",\"url\":\"https:\\\/\\\/iberoid-shop.com\\\/fr\\\/product\\\/tc-ject-250-10ml-testosterone-cypionate-1ml-250mg\\\/\",\"name\":\"TCyp-JECT 200mg 10ml - Testosterone cypionate - (Espa\u00f1ol) Esteroides en l\u00ednea\",\"isPartOf\":{\"@id\":\"https:\\\/\\\/iberoid.com\\\/#website\"},\"primaryImageOfPage\":{\"@id\":\"https:\\\/\\\/iberoid-shop.com\\\/fr\\\/product\\\/tc-ject-250-10ml-testosterone-cypionate-1ml-250mg\\\/#primaryimage\"},\"image\":{\"@id\":\"https:\\\/\\\/iberoid-shop.com\\\/fr\\\/product\\\/tc-ject-250-10ml-testosterone-cypionate-1ml-250mg\\\/#primaryimage\"},\"thumbnailUrl\":\"https:\\\/\\\/iberoid-shop.com\\\/wp-content\\\/uploads\\\/2021\\\/04\\\/tcyp.jpeg?v=1739694814\",\"datePublished\":\"2021-04-10T15:51:24+00:00\",\"dateModified\":\"2026-02-08T12:21:36+00:00\",\"description\":\"Tcyp JECT (Cypionate de Testost\u00e9rone) est un st\u00e9ro\u00efde \u00e0 action prolong\u00e9e augmentant masse musculaire, force, perte de graisse et performance sportive avec des niveaux hormonaux stables.\",\"breadcrumb\":{\"@id\":\"https:\\\/\\\/iberoid-shop.com\\\/fr\\\/product\\\/tc-ject-250-10ml-testosterone-cypionate-1ml-250mg\\\/#breadcrumb\"},\"inLanguage\":\"fr-FR\",\"potentialAction\":[{\"@type\":\"ReadAction\",\"target\":[[\"https:\\\/\\\/iberoid-shop.com\\\/fr\\\/product\\\/tc-ject-250-10ml-testosterone-cypionate-1ml-250mg\\\/\"]]}]},{\"@type\":\"ImageObject\",\"inLanguage\":\"fr-FR\",\"@id\":\"https:\\\/\\\/iberoid-shop.com\\\/fr\\\/product\\\/tc-ject-250-10ml-testosterone-cypionate-1ml-250mg\\\/#primaryimage\",\"url\":\"https:\\\/\\\/iberoid-shop.com\\\/wp-content\\\/uploads\\\/2021\\\/04\\\/tcyp.jpeg?v=1739694814\",\"contentUrl\":\"https:\\\/\\\/iberoid-shop.com\\\/wp-content\\\/uploads\\\/2021\\\/04\\\/tcyp.jpeg?v=1739694814\",\"width\":1080,\"height\":1080},{\"@type\":\"BreadcrumbList\",\"@id\":\"https:\\\/\\\/iberoid-shop.com\\\/fr\\\/product\\\/tc-ject-250-10ml-testosterone-cypionate-1ml-250mg\\\/#breadcrumb\",\"itemListElement\":[{\"@type\":\"ListItem\",\"position\":1,\"name\":\"Portada\",\"item\":\"https:\\\/\\\/iberoid.com\\\/\"},{\"@type\":\"ListItem\",\"position\":2,\"name\":\"Magasin\",\"item\":\"https:\\\/\\\/iberoid-shop.com\\\/fr\\\/shop\\\/\"},{\"@type\":\"ListItem\",\"position\":3,\"name\":\"TCyp-JECT 200mg 10ml &#8211; Testosterone cypionate\"}]},{\"@type\":\"WebSite\",\"@id\":\"https:\\\/\\\/iberoid.com\\\/#website\",\"url\":\"https:\\\/\\\/iberoid.com\\\/\",\"name\":\"(Espa\u00f1ol) Esteroides en l\u00ednea\",\"description\":\"(Espa\u00f1ol) Comprar esteroides en l\u00ednea hoy en Espa\u00f1a y Portugal. Tenemos el mejor servicio al cliente en la industria y los productos de la m\u00e1s alta calidad\",\"potentialAction\":[{\"@type\":\"SearchAction\",\"target\":{\"@type\":\"EntryPoint\",\"urlTemplate\":\"https:\\\/\\\/iberoid.com\\\/?s={search_term_string}\"},\"query-input\":{\"@type\":\"PropertyValueSpecification\",\"valueRequired\":true,\"valueName\":\"search_term_string\"}}],\"inLanguage\":\"fr-FR\"}]}<\/script>\n<meta property=\"product:brand\" content=\"Mp-Pharm\" \/>\n<meta property=\"product:price:amount\" content=\"35.00\" \/>\n<meta property=\"product:price:currency\" content=\"EUR\" \/>\n<meta property=\"og:availability\" content=\"instock\" \/>\n<meta property=\"product:availability\" content=\"instock\" \/>\n<meta property=\"product:condition\" content=\"new\" \/>\n<!-- \/ Yoast SEO Premium plugin. -->","yoast_head_json":{"title":"TCyp-JECT 200mg 10ml - Testosterone cypionate - (Espa\u00f1ol) Esteroides en l\u00ednea","description":"Tcyp JECT (Cypionate de Testost\u00e9rone) est un st\u00e9ro\u00efde \u00e0 action prolong\u00e9e augmentant masse musculaire, force, perte de graisse et performance sportive avec des niveaux hormonaux stables.","robots":{"index":"index","follow":"follow","max-snippet":"max-snippet:-1","max-image-preview":"max-image-preview:large","max-video-preview":"max-video-preview:-1"},"canonical":"https:\/\/iberoid-shop.com\/fr\/product\/tc-ject-250-10ml-testosterone-cypionate-1ml-250mg\/","og_locale":"fr_FR","og_type":"article","og_title":"TCyp-JECT 200mg 10ml - Testosterone cypionate","og_description":"Tcyp JECT (Cypionate de Testost\u00e9rone) est un st\u00e9ro\u00efde \u00e0 action prolong\u00e9e augmentant masse musculaire, force, perte de graisse et performance sportive avec des niveaux hormonaux stables.","og_url":"https:\/\/iberoid-shop.com\/fr\/product\/tc-ject-250-10ml-testosterone-cypionate-1ml-250mg\/","og_site_name":"(Espa\u00f1ol) Esteroides en l\u00ednea","article_modified_time":"2026-02-08T12:21:36+00:00","og_image":[{"width":1080,"height":1080,"url":"https:\/\/iberoid-shop.com\/wp-content\/uploads\/2021\/04\/tcyp.jpeg?v=1739694814","type":"image\/jpeg"}],"twitter_card":"summary_large_image","twitter_misc":{"Prix":"&euro;35.00","Disponibilit\u00e9":"En stock"},"schema":{"@context":"https:\/\/schema.org","@graph":[{"@type":"WebPage","@id":"https:\/\/iberoid-shop.com\/fr\/product\/tc-ject-250-10ml-testosterone-cypionate-1ml-250mg\/","url":"https:\/\/iberoid-shop.com\/fr\/product\/tc-ject-250-10ml-testosterone-cypionate-1ml-250mg\/","name":"TCyp-JECT 200mg 10ml - Testosterone cypionate - (Espa\u00f1ol) Esteroides en l\u00ednea","isPartOf":{"@id":"https:\/\/iberoid.com\/#website"},"primaryImageOfPage":{"@id":"https:\/\/iberoid-shop.com\/fr\/product\/tc-ject-250-10ml-testosterone-cypionate-1ml-250mg\/#primaryimage"},"image":{"@id":"https:\/\/iberoid-shop.com\/fr\/product\/tc-ject-250-10ml-testosterone-cypionate-1ml-250mg\/#primaryimage"},"thumbnailUrl":"https:\/\/iberoid-shop.com\/wp-content\/uploads\/2021\/04\/tcyp.jpeg?v=1739694814","datePublished":"2021-04-10T15:51:24+00:00","dateModified":"2026-02-08T12:21:36+00:00","description":"Tcyp JECT (Cypionate de Testost\u00e9rone) est un st\u00e9ro\u00efde \u00e0 action prolong\u00e9e augmentant masse musculaire, force, perte de graisse et performance sportive avec des niveaux hormonaux stables.","breadcrumb":{"@id":"https:\/\/iberoid-shop.com\/fr\/product\/tc-ject-250-10ml-testosterone-cypionate-1ml-250mg\/#breadcrumb"},"inLanguage":"fr-FR","potentialAction":[{"@type":"ReadAction","target":[["https:\/\/iberoid-shop.com\/fr\/product\/tc-ject-250-10ml-testosterone-cypionate-1ml-250mg\/"]]}]},{"@type":"ImageObject","inLanguage":"fr-FR","@id":"https:\/\/iberoid-shop.com\/fr\/product\/tc-ject-250-10ml-testosterone-cypionate-1ml-250mg\/#primaryimage","url":"https:\/\/iberoid-shop.com\/wp-content\/uploads\/2021\/04\/tcyp.jpeg?v=1739694814","contentUrl":"https:\/\/iberoid-shop.com\/wp-content\/uploads\/2021\/04\/tcyp.jpeg?v=1739694814","width":1080,"height":1080},{"@type":"BreadcrumbList","@id":"https:\/\/iberoid-shop.com\/fr\/product\/tc-ject-250-10ml-testosterone-cypionate-1ml-250mg\/#breadcrumb","itemListElement":[{"@type":"ListItem","position":1,"name":"Portada","item":"https:\/\/iberoid.com\/"},{"@type":"ListItem","position":2,"name":"Magasin","item":"https:\/\/iberoid-shop.com\/fr\/shop\/"},{"@type":"ListItem","position":3,"name":"TCyp-JECT 200mg 10ml &#8211; Testosterone cypionate"}]},{"@type":"WebSite","@id":"https:\/\/iberoid.com\/#website","url":"https:\/\/iberoid.com\/","name":"(Espa\u00f1ol) Esteroides en l\u00ednea","description":"(Espa\u00f1ol) Comprar esteroides en l\u00ednea hoy en Espa\u00f1a y Portugal. Tenemos el mejor servicio al cliente en la industria y los productos de la m\u00e1s alta calidad","potentialAction":[{"@type":"SearchAction","target":{"@type":"EntryPoint","urlTemplate":"https:\/\/iberoid.com\/?s={search_term_string}"},"query-input":{"@type":"PropertyValueSpecification","valueRequired":true,"valueName":"search_term_string"}}],"inLanguage":"fr-FR"}]},"product_brand":"Mp-Pharm","product_price_amount":"35.00","product_price_currency":"EUR","og_availability":"instock","product_availability":"instock","product_condition":"new"},"_links":{"self":[{"href":"https:\/\/iberoid-shop.com\/fr\/wp-json\/wp\/v2\/product\/5970","targetHints":{"allow":["GET"]}}],"collection":[{"href":"https:\/\/iberoid-shop.com\/fr\/wp-json\/wp\/v2\/product"}],"about":[{"href":"https:\/\/iberoid-shop.com\/fr\/wp-json\/wp\/v2\/types\/product"}],"replies":[{"embeddable":true,"href":"https:\/\/iberoid-shop.com\/fr\/wp-json\/wp\/v2\/comments?post=5970"}],"wp:featuredmedia":[{"embeddable":true,"href":"https:\/\/iberoid-shop.com\/fr\/wp-json\/wp\/v2\/media\/9934"}],"wp:attachment":[{"href":"https:\/\/iberoid-shop.com\/fr\/wp-json\/wp\/v2\/media?parent=5970"}],"wp:term":[{"taxonomy":"product_brand","embeddable":true,"href":"https:\/\/iberoid-shop.com\/fr\/wp-json\/wp\/v2\/product_brand?post=5970"},{"taxonomy":"product_cat","embeddable":true,"href":"https:\/\/iberoid-shop.com\/fr\/wp-json\/wp\/v2\/product_cat?post=5970"},{"taxonomy":"product_tag","embeddable":true,"href":"https:\/\/iberoid-shop.com\/fr\/wp-json\/wp\/v2\/product_tag?post=5970"}],"curies":[{"name":"wp","href":"https:\/\/api.w.org\/{rel}","templated":true}]}}