{"id":5820,"date":"2021-03-08T11:52:46","date_gmt":"2021-03-08T11:52:46","guid":{"rendered":"https:\/\/iberoid-shop.com\/?post_type=product&#038;p=5820"},"modified":"2026-02-24T09:32:35","modified_gmt":"2026-02-24T09:32:35","slug":"cenforce-100-mg-1blister-10-pastillas","status":"publish","type":"product","link":"https:\/\/iberoid-shop.com\/fr\/product\/cenforce-100-mg-1blister-10-pastillas\/","title":{"rendered":"Cenforce 100 MG -1blister -10 pastillas"},"content":{"rendered":"<p><strong>Cenforce FM\u00a0<\/strong>\u00a0100 mg est un m\u00e9dicament le plus efficace utilis\u00e9 dans le traitement de\u00a0\u00a0<strong>la dysfonction \u00e9rectile<\/strong>\u00a0.\u00a0C&rsquo;est un inhibiteur de l&rsquo;action de l&rsquo;enzyme phosphodiest\u00e9rase qui entra\u00eene une augmentation du flux sanguin dans le p\u00e9nis pendant la stimulation sexuelle.\u00a0Il est \u00e9galement recommand\u00e9 aux patients souffrant d&rsquo;hypertension art\u00e9rielle pulmonaire et d&rsquo;hyperplasie b\u00e9nigne de la prostate car le m\u00e9dicament d\u00e9tend les muscles lisses et augmente l&rsquo;apport sanguin.\u00a0Le m\u00e9dicament est un m\u00e9dicament puissant et un seul comprim\u00e9 est utile pour obtenir une \u00e9rection ferme.\u00a0Le m\u00e9dicament commence son action dans 30 \u00e0 40 minutes d&rsquo;administration et agit pendant environ 4 \u00e0 5 heures.<\/p>\n<h2><b>Ingr\u00e9dients actifs de Cenforce FM 100 mg:<\/b><\/h2>\n<p>Citrate de\u00a0<strong>sild\u00e9nafil\u00a0<\/strong><\/p>\n<h2><b>Cenforce FM 100 mg Utilisations:<\/b><\/h2>\n<p>Cenforce FM\u00a0<b>\u00a0<\/b>est utilis\u00e9 pour traiter la dysfonction \u00e9rectile chez les hommes.\u00a0La dysfonction \u00e9rectile (\u00a0<strong>DE<\/strong>\u00a0) est une condition dans laquelle le maintien et l&rsquo;obtention d&rsquo;une \u00e9rection ad\u00e9quate sont suffisants pour une performance sexuelle satisfaisante.<\/p>\n<h2><b>Comment fonctionne Cenforce FM 100 mg?<\/b><\/h2>\n<p><strong>Le citrate de sild\u00e9nafil<\/strong>\u00a0\u00a0est essentiellement un inhibiteur de la PDE-5 qui est un ingr\u00e9dient actif du comprim\u00e9 Cenforce FM\u00a0<b>\u00a0<\/b>100 mg.\u00a0Il agit dans la dysfonction \u00e9rectile en augmentant le flux sanguin vers le p\u00e9nis en relaxant les muscles des vaisseaux sanguins du p\u00e9nis chez les hommes.\u00a0Il d\u00e9tend \u00e9galement les vaisseaux sanguins des poumons pour permettre au sang de circuler plus facilement, contribuant ainsi \u00e0 l&rsquo;hypertension pulmonaire.<\/p>\n<h2><b>Quelles sont les instructions de dosage pour\u00a0\u00a0<\/b><b>Cenforce FM 100 mg?<\/b><\/h2>\n<p><b>Dose oubli\u00e9e<\/b>\u00a0:<\/p>\n<p>Si une dose de ce comprim\u00e9 est oubli\u00e9e, prenez la dose d\u00e8s que vous vous en souvenez.\u00a0S&rsquo;il est presque l&rsquo;heure de la dose suivante, sautez la dose oubli\u00e9e et prenez la dose suivante.\u00a0Ne doublez pas la dose pour compenser celle oubli\u00e9e.<\/p>\n<h2><b>Comment prendre\u00a0\u00a0<\/b><b>Cenforce FM 100 mg?<\/b><\/h2>\n<p><strong>Cenforce\u00a0<\/strong>\u00a0FM\u00a0<b>\u00a0<\/b>doit \u00eatre pris \u00e0 une heure fixe avec ou sans nourriture.\u00a0Avalez le comprim\u00e9 entier.\u00a0Ne m\u00e2chez pas, n&rsquo;\u00e9crasez pas et ne cassez pas le comprim\u00e9.\u00a0Ses effets peuvent \u00eatre observ\u00e9s dans les 30 minutes suivant sa prise.\u00a0Les effets durent g\u00e9n\u00e9ralement environ 4 \u00e0 5 heures, vous donnant ainsi un long moment de qualit\u00e9 pour profiter de vos moments agr\u00e9ables.<\/p>\n<h2><b>Interaction m\u00e9dicamenteuse avec Cenforce FM 100 mg<\/b><\/h2>\n<ul>\n<li>Amlodipine<\/li>\n<li>Carbamaz\u00e9pine<\/li>\n<li>Clarithromycine<\/li>\n<li>Dexam\u00e9thasone<\/li>\n<li>Nitroglyc\u00e9rine<\/li>\n<li>K\u00e9toconazole<\/li>\n<li>Atazanavir<\/li>\n<\/ul>\n<p><\/p>","protected":false},"excerpt":{"rendered":"<p>Cenforce FM\u00a0\u00a0100 mg est un m\u00e9dicament le plus efficace utilis\u00e9 dans le traitement de\u00a0\u00a0la dysfonction \u00e9rectile\u00a0.\u00a0C&rsquo;est un inhibiteur de l&rsquo;action<\/p>\n","protected":false},"featured_media":5821,"comment_status":"open","ping_status":"closed","template":"","meta":[],"product_brand":[],"product_cat":[73,3412],"product_tag":[],"class_list":{"0":"post-5820","1":"product","2":"type-product","3":"status-publish","4":"has-post-thumbnail","6":"product_cat-ssteroides_orales","7":"product_cat-varios","9":"first","10":"instock","11":"shipping-taxable","12":"purchasable","13":"product-type-simple"},"yoast_head":"<!-- This site is optimized with the Yoast SEO Premium plugin v24.4 (Yoast SEO v27.0) - https:\/\/yoast.com\/product\/yoast-seo-premium-wordpress\/ -->\n<title>Cenforce 100 MG -1blister -10 pastillas - (Espa\u00f1ol) Esteroides en l\u00ednea<\/title>\n<meta name=\"description\" content=\"Cenforce FM 100 mg traite la dysfonction \u00e9rectile, augmentant le flux sanguin pour des \u00e9rections fermes et durables et soutenant la sant\u00e9 pulmonaire.\" \/>\n<meta name=\"robots\" content=\"index, follow, max-snippet:-1, max-image-preview:large, max-video-preview:-1\" \/>\n<link rel=\"canonical\" href=\"https:\/\/iberoid-shop.com\/fr\/product\/cenforce-100-mg-1blister-10-pastillas\/\" \/>\n<meta property=\"og:locale\" content=\"fr_FR\" \/>\n<meta property=\"og:type\" content=\"article\" \/>\n<meta property=\"og:title\" content=\"Cenforce 100 MG -1blister -10 pastillas\" \/>\n<meta property=\"og:description\" content=\"Cenforce FM 100 mg traite la dysfonction \u00e9rectile, augmentant le flux sanguin pour des \u00e9rections fermes et durables et soutenant la sant\u00e9 pulmonaire.\" \/>\n<meta property=\"og:url\" content=\"https:\/\/iberoid-shop.com\/fr\/product\/cenforce-100-mg-1blister-10-pastillas\/\" \/>\n<meta property=\"og:site_name\" content=\"(Espa\u00f1ol) Esteroides en l\u00ednea\" \/>\n<meta property=\"article:modified_time\" content=\"2026-02-24T09:32:35+00:00\" \/>\n<meta property=\"og:image\" content=\"https:\/\/iberoid-shop.com\/wp-content\/uploads\/2021\/03\/cenforce-100-.jpg?v=1678120032\" \/>\n\t<meta property=\"og:image:width\" content=\"800\" \/>\n\t<meta property=\"og:image:height\" content=\"800\" \/>\n\t<meta property=\"og:image:type\" content=\"image\/jpeg\" \/>\n<meta name=\"twitter:card\" content=\"summary_large_image\" \/>\n<meta name=\"twitter:label1\" content=\"Prix\" \/>\n\t<meta name=\"twitter:data1\" content=\"&euro;15.00\" \/>\n\t<meta name=\"twitter:label2\" content=\"Disponibilit\u00e9\" \/>\n\t<meta name=\"twitter:data2\" content=\"En stock\" \/>\n<script type=\"application\/ld+json\" class=\"yoast-schema-graph\">{\"@context\":\"https:\/\/schema.org\",\"@graph\":[{\"@type\":\"WebPage\",\"@id\":\"https:\/\/iberoid-shop.com\/fr\/product\/cenforce-100-mg-1blister-10-pastillas\/\",\"url\":\"https:\/\/iberoid-shop.com\/fr\/product\/cenforce-100-mg-1blister-10-pastillas\/\",\"name\":\"Cenforce 100 MG -1blister -10 pastillas - (Espa\u00f1ol) Esteroides en l\u00ednea\",\"isPartOf\":{\"@id\":\"https:\/\/iberoid-shop.com\/fr\/#website\"},\"primaryImageOfPage\":{\"@id\":\"https:\/\/iberoid-shop.com\/fr\/product\/cenforce-100-mg-1blister-10-pastillas\/#primaryimage\"},\"image\":{\"@id\":\"https:\/\/iberoid-shop.com\/fr\/product\/cenforce-100-mg-1blister-10-pastillas\/#primaryimage\"},\"thumbnailUrl\":\"https:\/\/iberoid-shop.com\/wp-content\/uploads\/2021\/03\/cenforce-100-.jpg?v=1678120032\",\"datePublished\":\"2021-03-08T11:52:46+00:00\",\"dateModified\":\"2026-02-24T09:32:35+00:00\",\"description\":\"Cenforce FM 100 mg traite la dysfonction \u00e9rectile, augmentant le flux sanguin pour des \u00e9rections fermes et durables et soutenant la sant\u00e9 pulmonaire.\",\"breadcrumb\":{\"@id\":\"https:\/\/iberoid-shop.com\/fr\/product\/cenforce-100-mg-1blister-10-pastillas\/#breadcrumb\"},\"inLanguage\":\"fr-FR\",\"potentialAction\":[{\"@type\":\"ReadAction\",\"target\":[[\"https:\/\/iberoid-shop.com\/fr\/product\/cenforce-100-mg-1blister-10-pastillas\/\"]]}]},{\"@type\":\"ImageObject\",\"inLanguage\":\"fr-FR\",\"@id\":\"https:\/\/iberoid-shop.com\/fr\/product\/cenforce-100-mg-1blister-10-pastillas\/#primaryimage\",\"url\":\"https:\/\/iberoid-shop.com\/wp-content\/uploads\/2021\/03\/cenforce-100-.jpg?v=1678120032\",\"contentUrl\":\"https:\/\/iberoid-shop.com\/wp-content\/uploads\/2021\/03\/cenforce-100-.jpg?v=1678120032\",\"width\":800,\"height\":800},{\"@type\":\"BreadcrumbList\",\"@id\":\"https:\/\/iberoid-shop.com\/fr\/product\/cenforce-100-mg-1blister-10-pastillas\/#breadcrumb\",\"itemListElement\":[{\"@type\":\"ListItem\",\"position\":1,\"name\":\"Portada\",\"item\":\"https:\/\/iberoid-shop.com\/fr\/\"},{\"@type\":\"ListItem\",\"position\":2,\"name\":\"Magasin\",\"item\":\"https:\/\/iberoid-shop.com\/fr\/shop\/\"},{\"@type\":\"ListItem\",\"position\":3,\"name\":\"Cenforce 100 MG -1blister -10 pastillas\"}]},{\"@type\":\"WebSite\",\"@id\":\"https:\/\/iberoid-shop.com\/fr\/#website\",\"url\":\"https:\/\/iberoid-shop.com\/fr\/\",\"name\":\"(Espa\u00f1ol) Esteroides en l\u00ednea\",\"description\":\"(Espa\u00f1ol) Comprar esteroides en l\u00ednea hoy en Espa\u00f1a y Portugal. Tenemos el mejor servicio al cliente en la industria y los productos de la m\u00e1s alta calidad\",\"potentialAction\":[{\"@type\":\"SearchAction\",\"target\":{\"@type\":\"EntryPoint\",\"urlTemplate\":\"https:\/\/iberoid-shop.com\/fr\/?s={search_term_string}\"},\"query-input\":{\"@type\":\"PropertyValueSpecification\",\"valueRequired\":true,\"valueName\":\"search_term_string\"}}],\"inLanguage\":\"fr-FR\"}]}<\/script>\n<meta property=\"product:brand\" content=\"Centurion Laboratories\" \/>\n<meta property=\"product:price:amount\" content=\"15.00\" \/>\n<meta property=\"product:price:currency\" content=\"EUR\" \/>\n<meta property=\"og:availability\" content=\"instock\" \/>\n<meta property=\"product:availability\" content=\"instock\" \/>\n<meta property=\"product:condition\" content=\"new\" \/>\n<!-- \/ Yoast SEO Premium plugin. -->","yoast_head_json":{"title":"Cenforce 100 MG -1blister -10 pastillas - (Espa\u00f1ol) Esteroides en l\u00ednea","description":"Cenforce FM 100 mg traite la dysfonction \u00e9rectile, augmentant le flux sanguin pour des \u00e9rections fermes et durables et soutenant la sant\u00e9 pulmonaire.","robots":{"index":"index","follow":"follow","max-snippet":"max-snippet:-1","max-image-preview":"max-image-preview:large","max-video-preview":"max-video-preview:-1"},"canonical":"https:\/\/iberoid-shop.com\/fr\/product\/cenforce-100-mg-1blister-10-pastillas\/","og_locale":"fr_FR","og_type":"article","og_title":"Cenforce 100 MG -1blister -10 pastillas","og_description":"Cenforce FM 100 mg traite la dysfonction \u00e9rectile, augmentant le flux sanguin pour des \u00e9rections fermes et durables et soutenant la sant\u00e9 pulmonaire.","og_url":"https:\/\/iberoid-shop.com\/fr\/product\/cenforce-100-mg-1blister-10-pastillas\/","og_site_name":"(Espa\u00f1ol) Esteroides en l\u00ednea","article_modified_time":"2026-02-24T09:32:35+00:00","og_image":[{"width":800,"height":800,"url":"https:\/\/iberoid-shop.com\/wp-content\/uploads\/2021\/03\/cenforce-100-.jpg?v=1678120032","type":"image\/jpeg"}],"twitter_card":"summary_large_image","twitter_misc":{"Prix":"&euro;15.00","Disponibilit\u00e9":"En stock"},"schema":{"@context":"https:\/\/schema.org","@graph":[{"@type":"WebPage","@id":"https:\/\/iberoid-shop.com\/fr\/product\/cenforce-100-mg-1blister-10-pastillas\/","url":"https:\/\/iberoid-shop.com\/fr\/product\/cenforce-100-mg-1blister-10-pastillas\/","name":"Cenforce 100 MG -1blister -10 pastillas - (Espa\u00f1ol) Esteroides en l\u00ednea","isPartOf":{"@id":"https:\/\/iberoid-shop.com\/fr\/#website"},"primaryImageOfPage":{"@id":"https:\/\/iberoid-shop.com\/fr\/product\/cenforce-100-mg-1blister-10-pastillas\/#primaryimage"},"image":{"@id":"https:\/\/iberoid-shop.com\/fr\/product\/cenforce-100-mg-1blister-10-pastillas\/#primaryimage"},"thumbnailUrl":"https:\/\/iberoid-shop.com\/wp-content\/uploads\/2021\/03\/cenforce-100-.jpg?v=1678120032","datePublished":"2021-03-08T11:52:46+00:00","dateModified":"2026-02-24T09:32:35+00:00","description":"Cenforce FM 100 mg traite la dysfonction \u00e9rectile, augmentant le flux sanguin pour des \u00e9rections fermes et durables et soutenant la sant\u00e9 pulmonaire.","breadcrumb":{"@id":"https:\/\/iberoid-shop.com\/fr\/product\/cenforce-100-mg-1blister-10-pastillas\/#breadcrumb"},"inLanguage":"fr-FR","potentialAction":[{"@type":"ReadAction","target":[["https:\/\/iberoid-shop.com\/fr\/product\/cenforce-100-mg-1blister-10-pastillas\/"]]}]},{"@type":"ImageObject","inLanguage":"fr-FR","@id":"https:\/\/iberoid-shop.com\/fr\/product\/cenforce-100-mg-1blister-10-pastillas\/#primaryimage","url":"https:\/\/iberoid-shop.com\/wp-content\/uploads\/2021\/03\/cenforce-100-.jpg?v=1678120032","contentUrl":"https:\/\/iberoid-shop.com\/wp-content\/uploads\/2021\/03\/cenforce-100-.jpg?v=1678120032","width":800,"height":800},{"@type":"BreadcrumbList","@id":"https:\/\/iberoid-shop.com\/fr\/product\/cenforce-100-mg-1blister-10-pastillas\/#breadcrumb","itemListElement":[{"@type":"ListItem","position":1,"name":"Portada","item":"https:\/\/iberoid-shop.com\/fr\/"},{"@type":"ListItem","position":2,"name":"Magasin","item":"https:\/\/iberoid-shop.com\/fr\/shop\/"},{"@type":"ListItem","position":3,"name":"Cenforce 100 MG -1blister -10 pastillas"}]},{"@type":"WebSite","@id":"https:\/\/iberoid-shop.com\/fr\/#website","url":"https:\/\/iberoid-shop.com\/fr\/","name":"(Espa\u00f1ol) Esteroides en l\u00ednea","description":"(Espa\u00f1ol) Comprar esteroides en l\u00ednea hoy en Espa\u00f1a y Portugal. Tenemos el mejor servicio al cliente en la industria y los productos de la m\u00e1s alta calidad","potentialAction":[{"@type":"SearchAction","target":{"@type":"EntryPoint","urlTemplate":"https:\/\/iberoid-shop.com\/fr\/?s={search_term_string}"},"query-input":{"@type":"PropertyValueSpecification","valueRequired":true,"valueName":"search_term_string"}}],"inLanguage":"fr-FR"}]},"product_brand":"Centurion Laboratories","product_price_amount":"15.00","product_price_currency":"EUR","og_availability":"instock","product_availability":"instock","product_condition":"new"},"_links":{"self":[{"href":"https:\/\/iberoid-shop.com\/fr\/wp-json\/wp\/v2\/product\/5820","targetHints":{"allow":["GET"]}}],"collection":[{"href":"https:\/\/iberoid-shop.com\/fr\/wp-json\/wp\/v2\/product"}],"about":[{"href":"https:\/\/iberoid-shop.com\/fr\/wp-json\/wp\/v2\/types\/product"}],"replies":[{"embeddable":true,"href":"https:\/\/iberoid-shop.com\/fr\/wp-json\/wp\/v2\/comments?post=5820"}],"wp:featuredmedia":[{"embeddable":true,"href":"https:\/\/iberoid-shop.com\/fr\/wp-json\/wp\/v2\/media\/5821"}],"wp:attachment":[{"href":"https:\/\/iberoid-shop.com\/fr\/wp-json\/wp\/v2\/media?parent=5820"}],"wp:term":[{"taxonomy":"product_brand","embeddable":true,"href":"https:\/\/iberoid-shop.com\/fr\/wp-json\/wp\/v2\/product_brand?post=5820"},{"taxonomy":"product_cat","embeddable":true,"href":"https:\/\/iberoid-shop.com\/fr\/wp-json\/wp\/v2\/product_cat?post=5820"},{"taxonomy":"product_tag","embeddable":true,"href":"https:\/\/iberoid-shop.com\/fr\/wp-json\/wp\/v2\/product_tag?post=5820"}],"curies":[{"name":"wp","href":"https:\/\/api.w.org\/{rel}","templated":true}]}}