{"id":5539,"date":"2020-12-24T15:29:47","date_gmt":"2020-12-24T15:29:47","guid":{"rendered":"https:\/\/iberoid-shop.com\/?post_type=product&#038;p=5539"},"modified":"2026-03-10T15:20:21","modified_gmt":"2026-03-10T15:20:21","slug":"te-ject-250-10ml-testosterone-enanthate-1ml-250mg","status":"publish","type":"product","link":"https:\/\/iberoid-shop.com\/fr\/product\/te-ject-250-10ml-testosterone-enanthate-1ml-250mg\/","title":{"rendered":"Testosterone enanthate TE-JECT 250"},"content":{"rendered":"<p>L&rsquo;\u00e9nanthate de testost\u00e9rone peut \u00eatre tr\u00e8s efficace pour les athl\u00e8tes, mais tout aussi efficace dans un contexte m\u00e9dical. Cette aromatisation de la testost\u00e9rone est tr\u00e8s rapide et a \u00e9t\u00e9 d\u00e9velopp\u00e9e pour traiter les patients qui souffrent d&rsquo;un faible taux de testost\u00e9rone, mais a \u00e9galement des applications \u00e9tonnantes pour l&rsquo;am\u00e9lioration des performances. Bien que de petites doses puissent aider avec la th\u00e9rapie de remplacement de la testost\u00e9rone, ce sont finalement les doses plus \u00e9lev\u00e9es qui sont tr\u00e8s efficaces pour cr\u00e9er des gains de performance.<\/p>\n<p>Certains athl\u00e8tes choisissent m\u00eame d&#8217;empiler cette testost\u00e9rone de base avec un entra\u00eenement intensif et un autre ester de testost\u00e9rone ou un m\u00e9dicament oral pour des r\u00e9sultats plus efficaces. Vous pouvez commencer \u00e0 voir des gains tr\u00e8s \u00e9lev\u00e9s peu de temps apr\u00e8s un cycle qui persistera pendant des semaines. L&rsquo;avantage de cet Ester est qu&rsquo;il cr\u00e9e des r\u00e9sultats lents et contr\u00f4l\u00e9s, ce qui signifie que vous pouvez profiter de cycles plus longs.<\/p>\n<p>Effets:<\/p>\n<p>Les athl\u00e8tes qui prennent de plus grandes doses de cette testost\u00e9rone ressentent une plus grande sensation de bien-\u00eatre, la capacit\u00e9 de pousser plus loin leur entra\u00eenement et des gains massifs en termes de masse musculaire et de poids global. Le st\u00e9ro\u00efde a \u00e9t\u00e9 con\u00e7u pour aromatiser ces volumes \u00e9lev\u00e9s et, par cons\u00e9quent, les athl\u00e8tes devront souvent prendre un type de m\u00e9dicament anti-\u0153strog\u00e8ne pour g\u00e9rer la chimie de leur corps. Un PCT appropri\u00e9 est \u00e9galement n\u00e9cessaire avec ces doses suppl\u00e9mentaires si vous pr\u00e9voyez de faire un long cycle, car il faudra un certain temps \u00e0 votre corps pour se r\u00e9adapter \u00e0 la production de testost\u00e9rone naturelle \u00e0 nouveau.<\/p>\n<p>Cette testost\u00e9rone peut produire des r\u00e9sultats spectaculaires, mais elle n&rsquo;est pas aussi dramatique que certains autres produits sur le march\u00e9 pour s&#8217;empiler initialement en taille et en force. Test Enanthate est devenu un choix tr\u00e8s populaire parmi de nombreux nouveaux utilisateurs de st\u00e9ro\u00efdes car il a une lib\u00e9ration progressive facile \u00e0 contr\u00f4ler et une tol\u00e9rance relativement \u00e9lev\u00e9e aux doses.<\/p>\n<p>Cela signifie que vous pouvez obtenir des r\u00e9sultats plus naturels plut\u00f4t que des gains rapides, ce qui est tr\u00e8s important pour de nombreux utilisateurs novices de st\u00e9ro\u00efdes.<\/p>","protected":false},"excerpt":{"rendered":"<p>L&rsquo;\u00e9nanthate de testost\u00e9rone peut \u00eatre tr\u00e8s efficace pour les athl\u00e8tes, mais tout aussi efficace dans un contexte m\u00e9dical. Cette aromatisation<\/p>\n","protected":false},"featured_media":5540,"comment_status":"open","ping_status":"closed","template":"","meta":[],"product_brand":[3530],"product_cat":[69],"product_tag":[],"class_list":{"0":"post-5539","1":"product","2":"type-product","3":"status-publish","4":"has-post-thumbnail","6":"product_brand-mp-pharm-muscle-pharm","7":"product_cat-esteroides_inyectables","9":"first","10":"instock","11":"sale","12":"shipping-taxable","13":"purchasable","14":"product-type-simple"},"yoast_head":"<!-- This site is optimized with the Yoast SEO Premium plugin v24.4 (Yoast SEO v27.3) - https:\/\/yoast.com\/product\/yoast-seo-premium-wordpress\/ -->\n<title>Testosterone enanthate TE-JECT 250 - (Espa\u00f1ol) Esteroides en l\u00ednea<\/title>\n<meta name=\"description\" content=\"L&#039;\u00c9nanthate de Testost\u00e9rone est un st\u00e9ro\u00efde de base populaire et efficace pour la masse musculaire, les gains de force et le bien-\u00eatre, \u00e0 lib\u00e9ration contr\u00f4l\u00e9e pour des cycles longs.\" \/>\n<meta name=\"robots\" content=\"index, follow, max-snippet:-1, max-image-preview:large, max-video-preview:-1\" \/>\n<link rel=\"canonical\" href=\"https:\/\/iberoid-shop.com\/fr\/product\/te-ject-250-10ml-testosterone-enanthate-1ml-250mg\/\" \/>\n<meta property=\"og:locale\" content=\"fr_FR\" \/>\n<meta property=\"og:type\" content=\"article\" \/>\n<meta property=\"og:title\" content=\"Testosterone enanthate TE-JECT 250\" \/>\n<meta property=\"og:description\" content=\"L&#039;\u00c9nanthate de Testost\u00e9rone est un st\u00e9ro\u00efde de base populaire et efficace pour la masse musculaire, les gains de force et le bien-\u00eatre, \u00e0 lib\u00e9ration contr\u00f4l\u00e9e pour des cycles longs.\" \/>\n<meta property=\"og:url\" content=\"https:\/\/iberoid-shop.com\/fr\/product\/te-ject-250-10ml-testosterone-enanthate-1ml-250mg\/\" \/>\n<meta property=\"og:site_name\" content=\"(Espa\u00f1ol) Esteroides en l\u00ednea\" \/>\n<meta property=\"article:modified_time\" content=\"2026-03-10T15:20:21+00:00\" \/>\n<meta property=\"og:image\" content=\"https:\/\/iberoid-shop.com\/wp-content\/uploads\/2020\/12\/teject-scaled.jpg?v=1678120069\" \/>\n\t<meta property=\"og:image:width\" content=\"2560\" \/>\n\t<meta property=\"og:image:height\" content=\"2058\" \/>\n\t<meta property=\"og:image:type\" content=\"image\/jpeg\" \/>\n<meta name=\"twitter:card\" content=\"summary_large_image\" \/>\n<meta name=\"twitter:label1\" content=\"Prix\" \/>\n\t<meta name=\"twitter:data1\" content=\"&euro;30.00\" \/>\n\t<meta name=\"twitter:label2\" content=\"Disponibilit\u00e9\" \/>\n\t<meta name=\"twitter:data2\" content=\"En stock\" \/>\n<script type=\"application\/ld+json\" class=\"yoast-schema-graph\">{\"@context\":\"https:\\\/\\\/schema.org\",\"@graph\":[{\"@type\":\"WebPage\",\"@id\":\"https:\\\/\\\/iberoid-shop.com\\\/fr\\\/product\\\/te-ject-250-10ml-testosterone-enanthate-1ml-250mg\\\/\",\"url\":\"https:\\\/\\\/iberoid-shop.com\\\/fr\\\/product\\\/te-ject-250-10ml-testosterone-enanthate-1ml-250mg\\\/\",\"name\":\"Testosterone enanthate TE-JECT 250 - (Espa\u00f1ol) Esteroides en l\u00ednea\",\"isPartOf\":{\"@id\":\"https:\\\/\\\/iberoid.com\\\/#website\"},\"primaryImageOfPage\":{\"@id\":\"https:\\\/\\\/iberoid-shop.com\\\/fr\\\/product\\\/te-ject-250-10ml-testosterone-enanthate-1ml-250mg\\\/#primaryimage\"},\"image\":{\"@id\":\"https:\\\/\\\/iberoid-shop.com\\\/fr\\\/product\\\/te-ject-250-10ml-testosterone-enanthate-1ml-250mg\\\/#primaryimage\"},\"thumbnailUrl\":\"https:\\\/\\\/iberoid-shop.com\\\/wp-content\\\/uploads\\\/2020\\\/12\\\/teject-scaled.jpg?v=1678120069\",\"datePublished\":\"2020-12-24T15:29:47+00:00\",\"dateModified\":\"2026-03-10T15:20:21+00:00\",\"description\":\"L'\u00c9nanthate de Testost\u00e9rone est un st\u00e9ro\u00efde de base populaire et efficace pour la masse musculaire, les gains de force et le bien-\u00eatre, \u00e0 lib\u00e9ration contr\u00f4l\u00e9e pour des cycles longs.\",\"breadcrumb\":{\"@id\":\"https:\\\/\\\/iberoid-shop.com\\\/fr\\\/product\\\/te-ject-250-10ml-testosterone-enanthate-1ml-250mg\\\/#breadcrumb\"},\"inLanguage\":\"fr-FR\",\"potentialAction\":[{\"@type\":\"ReadAction\",\"target\":[[\"https:\\\/\\\/iberoid-shop.com\\\/fr\\\/product\\\/te-ject-250-10ml-testosterone-enanthate-1ml-250mg\\\/\"]]}]},{\"@type\":\"ImageObject\",\"inLanguage\":\"fr-FR\",\"@id\":\"https:\\\/\\\/iberoid-shop.com\\\/fr\\\/product\\\/te-ject-250-10ml-testosterone-enanthate-1ml-250mg\\\/#primaryimage\",\"url\":\"https:\\\/\\\/iberoid-shop.com\\\/wp-content\\\/uploads\\\/2020\\\/12\\\/teject-scaled.jpg?v=1678120069\",\"contentUrl\":\"https:\\\/\\\/iberoid-shop.com\\\/wp-content\\\/uploads\\\/2020\\\/12\\\/teject-scaled.jpg?v=1678120069\",\"width\":2560,\"height\":2058},{\"@type\":\"BreadcrumbList\",\"@id\":\"https:\\\/\\\/iberoid-shop.com\\\/fr\\\/product\\\/te-ject-250-10ml-testosterone-enanthate-1ml-250mg\\\/#breadcrumb\",\"itemListElement\":[{\"@type\":\"ListItem\",\"position\":1,\"name\":\"Portada\",\"item\":\"https:\\\/\\\/iberoid.com\\\/\"},{\"@type\":\"ListItem\",\"position\":2,\"name\":\"Magasin\",\"item\":\"https:\\\/\\\/iberoid-shop.com\\\/fr\\\/shop\\\/\"},{\"@type\":\"ListItem\",\"position\":3,\"name\":\"Testosterone enanthate TE-JECT 250\"}]},{\"@type\":\"WebSite\",\"@id\":\"https:\\\/\\\/iberoid.com\\\/#website\",\"url\":\"https:\\\/\\\/iberoid.com\\\/\",\"name\":\"(Espa\u00f1ol) Esteroides en l\u00ednea\",\"description\":\"(Espa\u00f1ol) Comprar esteroides en l\u00ednea hoy en Espa\u00f1a y Portugal. Tenemos el mejor servicio al cliente en la industria y los productos de la m\u00e1s alta calidad\",\"potentialAction\":[{\"@type\":\"SearchAction\",\"target\":{\"@type\":\"EntryPoint\",\"urlTemplate\":\"https:\\\/\\\/iberoid.com\\\/?s={search_term_string}\"},\"query-input\":{\"@type\":\"PropertyValueSpecification\",\"valueRequired\":true,\"valueName\":\"search_term_string\"}}],\"inLanguage\":\"fr-FR\"}]}<\/script>\n<meta property=\"product:brand\" content=\"Muscle Pharm\" \/>\n<meta property=\"product:price:amount\" content=\"30.00\" \/>\n<meta property=\"product:price:currency\" content=\"EUR\" \/>\n<meta property=\"og:availability\" content=\"instock\" \/>\n<meta property=\"product:availability\" content=\"instock\" \/>\n<meta property=\"product:condition\" content=\"new\" \/>\n<!-- \/ Yoast SEO Premium plugin. -->","yoast_head_json":{"title":"Testosterone enanthate TE-JECT 250 - (Espa\u00f1ol) Esteroides en l\u00ednea","description":"L'\u00c9nanthate de Testost\u00e9rone est un st\u00e9ro\u00efde de base populaire et efficace pour la masse musculaire, les gains de force et le bien-\u00eatre, \u00e0 lib\u00e9ration contr\u00f4l\u00e9e pour des cycles longs.","robots":{"index":"index","follow":"follow","max-snippet":"max-snippet:-1","max-image-preview":"max-image-preview:large","max-video-preview":"max-video-preview:-1"},"canonical":"https:\/\/iberoid-shop.com\/fr\/product\/te-ject-250-10ml-testosterone-enanthate-1ml-250mg\/","og_locale":"fr_FR","og_type":"article","og_title":"Testosterone enanthate TE-JECT 250","og_description":"L'\u00c9nanthate de Testost\u00e9rone est un st\u00e9ro\u00efde de base populaire et efficace pour la masse musculaire, les gains de force et le bien-\u00eatre, \u00e0 lib\u00e9ration contr\u00f4l\u00e9e pour des cycles longs.","og_url":"https:\/\/iberoid-shop.com\/fr\/product\/te-ject-250-10ml-testosterone-enanthate-1ml-250mg\/","og_site_name":"(Espa\u00f1ol) Esteroides en l\u00ednea","article_modified_time":"2026-03-10T15:20:21+00:00","og_image":[{"width":2560,"height":2058,"url":"https:\/\/iberoid-shop.com\/wp-content\/uploads\/2020\/12\/teject-scaled.jpg?v=1678120069","type":"image\/jpeg"}],"twitter_card":"summary_large_image","twitter_misc":{"Prix":"&euro;30.00","Disponibilit\u00e9":"En stock"},"schema":{"@context":"https:\/\/schema.org","@graph":[{"@type":"WebPage","@id":"https:\/\/iberoid-shop.com\/fr\/product\/te-ject-250-10ml-testosterone-enanthate-1ml-250mg\/","url":"https:\/\/iberoid-shop.com\/fr\/product\/te-ject-250-10ml-testosterone-enanthate-1ml-250mg\/","name":"Testosterone enanthate TE-JECT 250 - (Espa\u00f1ol) Esteroides en l\u00ednea","isPartOf":{"@id":"https:\/\/iberoid.com\/#website"},"primaryImageOfPage":{"@id":"https:\/\/iberoid-shop.com\/fr\/product\/te-ject-250-10ml-testosterone-enanthate-1ml-250mg\/#primaryimage"},"image":{"@id":"https:\/\/iberoid-shop.com\/fr\/product\/te-ject-250-10ml-testosterone-enanthate-1ml-250mg\/#primaryimage"},"thumbnailUrl":"https:\/\/iberoid-shop.com\/wp-content\/uploads\/2020\/12\/teject-scaled.jpg?v=1678120069","datePublished":"2020-12-24T15:29:47+00:00","dateModified":"2026-03-10T15:20:21+00:00","description":"L'\u00c9nanthate de Testost\u00e9rone est un st\u00e9ro\u00efde de base populaire et efficace pour la masse musculaire, les gains de force et le bien-\u00eatre, \u00e0 lib\u00e9ration contr\u00f4l\u00e9e pour des cycles longs.","breadcrumb":{"@id":"https:\/\/iberoid-shop.com\/fr\/product\/te-ject-250-10ml-testosterone-enanthate-1ml-250mg\/#breadcrumb"},"inLanguage":"fr-FR","potentialAction":[{"@type":"ReadAction","target":[["https:\/\/iberoid-shop.com\/fr\/product\/te-ject-250-10ml-testosterone-enanthate-1ml-250mg\/"]]}]},{"@type":"ImageObject","inLanguage":"fr-FR","@id":"https:\/\/iberoid-shop.com\/fr\/product\/te-ject-250-10ml-testosterone-enanthate-1ml-250mg\/#primaryimage","url":"https:\/\/iberoid-shop.com\/wp-content\/uploads\/2020\/12\/teject-scaled.jpg?v=1678120069","contentUrl":"https:\/\/iberoid-shop.com\/wp-content\/uploads\/2020\/12\/teject-scaled.jpg?v=1678120069","width":2560,"height":2058},{"@type":"BreadcrumbList","@id":"https:\/\/iberoid-shop.com\/fr\/product\/te-ject-250-10ml-testosterone-enanthate-1ml-250mg\/#breadcrumb","itemListElement":[{"@type":"ListItem","position":1,"name":"Portada","item":"https:\/\/iberoid.com\/"},{"@type":"ListItem","position":2,"name":"Magasin","item":"https:\/\/iberoid-shop.com\/fr\/shop\/"},{"@type":"ListItem","position":3,"name":"Testosterone enanthate TE-JECT 250"}]},{"@type":"WebSite","@id":"https:\/\/iberoid.com\/#website","url":"https:\/\/iberoid.com\/","name":"(Espa\u00f1ol) Esteroides en l\u00ednea","description":"(Espa\u00f1ol) Comprar esteroides en l\u00ednea hoy en Espa\u00f1a y Portugal. Tenemos el mejor servicio al cliente en la industria y los productos de la m\u00e1s alta calidad","potentialAction":[{"@type":"SearchAction","target":{"@type":"EntryPoint","urlTemplate":"https:\/\/iberoid.com\/?s={search_term_string}"},"query-input":{"@type":"PropertyValueSpecification","valueRequired":true,"valueName":"search_term_string"}}],"inLanguage":"fr-FR"}]},"product_brand":"Muscle Pharm","product_price_amount":"30.00","product_price_currency":"EUR","og_availability":"instock","product_availability":"instock","product_condition":"new"},"_links":{"self":[{"href":"https:\/\/iberoid-shop.com\/fr\/wp-json\/wp\/v2\/product\/5539","targetHints":{"allow":["GET"]}}],"collection":[{"href":"https:\/\/iberoid-shop.com\/fr\/wp-json\/wp\/v2\/product"}],"about":[{"href":"https:\/\/iberoid-shop.com\/fr\/wp-json\/wp\/v2\/types\/product"}],"replies":[{"embeddable":true,"href":"https:\/\/iberoid-shop.com\/fr\/wp-json\/wp\/v2\/comments?post=5539"}],"wp:featuredmedia":[{"embeddable":true,"href":"https:\/\/iberoid-shop.com\/fr\/wp-json\/wp\/v2\/media\/5540"}],"wp:attachment":[{"href":"https:\/\/iberoid-shop.com\/fr\/wp-json\/wp\/v2\/media?parent=5539"}],"wp:term":[{"taxonomy":"product_brand","embeddable":true,"href":"https:\/\/iberoid-shop.com\/fr\/wp-json\/wp\/v2\/product_brand?post=5539"},{"taxonomy":"product_cat","embeddable":true,"href":"https:\/\/iberoid-shop.com\/fr\/wp-json\/wp\/v2\/product_cat?post=5539"},{"taxonomy":"product_tag","embeddable":true,"href":"https:\/\/iberoid-shop.com\/fr\/wp-json\/wp\/v2\/product_tag?post=5539"}],"curies":[{"name":"wp","href":"https:\/\/api.w.org\/{rel}","templated":true}]}}