{"id":5537,"date":"2020-12-24T15:27:39","date_gmt":"2020-12-24T15:27:39","guid":{"rendered":"https:\/\/iberoid-shop.com\/?post_type=product&#038;p=5537"},"modified":"2026-01-11T18:02:35","modified_gmt":"2026-01-11T18:02:35","slug":"pr-ject-100-10ml-methenolone-enanthate-1ml-100mg-primobolan","status":"publish","type":"product","link":"https:\/\/iberoid-shop.com\/fr\/product\/pr-ject-100-10ml-methenolone-enanthate-1ml-100mg-primobolan\/","title":{"rendered":"PRIMOBOLAN PR-JECT 100"},"content":{"rendered":"<p>Primobolan est l&rsquo;un des plans de st\u00e9ro\u00efdes anabolisants les plus simples et les plus s\u00fbrs disponibles sur le march\u00e9 aujourd&rsquo;hui. Bien que ce ne soit pas l&rsquo;hormone typique que beaucoup consid\u00e9reraient comme un st\u00e9ro\u00efde de base pour de nombreux athl\u00e8tes, elle pr\u00e9sente d&rsquo;excellents avantages en ce qui concerne un suppl\u00e9ment pour st\u00e9ro\u00efdes anabolisants. Primobolan fonctionne particuli\u00e8rement bien pour les athl\u00e8tes f\u00e9minines ainsi que pour am\u00e9liorer les performances et le physique en conjonction avec un st\u00e9ro\u00efde de base.<\/p>\n<p>Primobolan est g\u00e9n\u00e9ralement utilis\u00e9 pour une croissance mod\u00e9r\u00e9e ou pour des p\u00e9riodes de coupe chez les hommes et \u00e0 tr\u00e8s petites doses, mais pour les femmes, il peut avoir des r\u00e9sultats extr\u00eamement explosifs. De nombreuses femmes utilisent Primobolan en basse saison pour la culture de masse et pour voir d&rsquo;\u00e9normes gains athl\u00e9tiques sur des cycles courts.<\/p>\n<p>Effets:<\/p>\n<p>Lorsqu&rsquo;il est utilis\u00e9 en conjonction avec d&rsquo;autres st\u00e9ro\u00efdes, Primobolan peut faire ressortir le meilleur de tous les cycles de coupe et d&rsquo;am\u00e9liorations athl\u00e9tiques. De nombreux culturistes l&rsquo;utilisent r\u00e9guli\u00e8rement avec Anavar, Trenbolone et Winstrol pour am\u00e9liorer la puissance de coupe et la force globale. Pour les femmes dans des cycles courts et concis, Primobolan peut \u00eatre extr\u00eamement b\u00e9n\u00e9fique en soi. Beaucoup rapportent m\u00eame qu&rsquo;ils voient des am\u00e9liorations massives de la puissance athl\u00e9tique et du gonflement lors de la prise de doses mod\u00e9r\u00e9es. Primobolan fonctionne mieux seul chez les femmes, mais peut aider les hommes \u00e0 obtenir des r\u00e9sultats explosifs lorsqu&rsquo;ils utilisent d&rsquo;autres types de st\u00e9ro\u00efdes.<\/p>\n<p>Doses:<\/p>\n<p>La plupart des femmes prennent g\u00e9n\u00e9ralement environ 20 \u00e0 50 mg par jour en quatre semaines sur un cycle de quatre semaines. Les hommes introduisent g\u00e9n\u00e9ralement entre 25 et 50 mg par jour lorsqu&rsquo;ils sont utilis\u00e9s en conjonction avec d&rsquo;autres st\u00e9ro\u00efdes chez les hommes. Il est important de ne pas doser beaucoup plus de 50 mg par jour, car cela peut entra\u00eener des changements hormonaux permanents qui peuvent \u00eatre difficiles \u00e0 compenser avec un PCT appropri\u00e9.<\/p>\n<p>Cycles:<\/p>\n<p>Les femmes b\u00e9n\u00e9ficient g\u00e9n\u00e9ralement davantage des cycles courts et r\u00e9p\u00e9titifs utilisant Primobolan. Le prendre pendant quatre semaines, puis prendre quatre semaines de cong\u00e9 et recommencer un cycle semble cr\u00e9er les meilleurs r\u00e9sultats possibles. Les hommes, en revanche, introduisent g\u00e9n\u00e9ralement Primobolan dans tous les deux cycles avec des st\u00e9ro\u00efdes ou simplement pendant leurs phases de coupe pour les r\u00e9sultats les plus percutants.<\/p>","protected":false},"excerpt":{"rendered":"<p>Primobolan est l&rsquo;un des plans de st\u00e9ro\u00efdes anabolisants les plus simples et les plus s\u00fbrs disponibles sur le march\u00e9 aujourd&rsquo;hui.<\/p>\n","protected":false},"featured_media":5538,"comment_status":"open","ping_status":"closed","template":"","meta":[],"product_brand":[],"product_cat":[69],"product_tag":[],"class_list":{"0":"post-5537","1":"product","2":"type-product","3":"status-publish","4":"has-post-thumbnail","6":"product_cat-esteroides_inyectables","8":"first","9":"instock","10":"sale","11":"shipping-taxable","12":"purchasable","13":"product-type-simple"},"yoast_head":"<!-- This site is optimized with the Yoast SEO Premium plugin v24.4 (Yoast SEO v27.3) - https:\/\/yoast.com\/product\/yoast-seo-premium-wordpress\/ -->\n<title>PRIMOBOLAN PR-JECT 100 - (Espa\u00f1ol) Esteroides en l\u00ednea<\/title>\n<meta name=\"robots\" content=\"index, follow, max-snippet:-1, max-image-preview:large, max-video-preview:-1\" \/>\n<link rel=\"canonical\" href=\"https:\/\/iberoid-shop.com\/fr\/product\/pr-ject-100-10ml-methenolone-enanthate-1ml-100mg-primobolan\/\" \/>\n<meta property=\"og:locale\" content=\"fr_FR\" \/>\n<meta property=\"og:type\" content=\"article\" \/>\n<meta property=\"og:title\" content=\"PRIMOBOLAN PR-JECT 100\" \/>\n<meta property=\"og:description\" content=\"Primobolan est l&rsquo;un des plans de st\u00e9ro\u00efdes anabolisants les plus simples et les plus s\u00fbrs disponibles sur le march\u00e9 aujourd&rsquo;hui.\" \/>\n<meta property=\"og:url\" content=\"https:\/\/iberoid-shop.com\/fr\/product\/pr-ject-100-10ml-methenolone-enanthate-1ml-100mg-primobolan\/\" \/>\n<meta property=\"og:site_name\" content=\"(Espa\u00f1ol) Esteroides en l\u00ednea\" \/>\n<meta property=\"article:modified_time\" content=\"2026-01-11T18:02:35+00:00\" \/>\n<meta property=\"og:image\" content=\"https:\/\/iberoid-shop.com\/wp-content\/uploads\/2020\/12\/prject-scaled.jpg?v=1754242606\" \/>\n\t<meta property=\"og:image:width\" content=\"2560\" \/>\n\t<meta property=\"og:image:height\" content=\"2058\" \/>\n\t<meta property=\"og:image:type\" content=\"image\/jpeg\" \/>\n<meta name=\"twitter:card\" content=\"summary_large_image\" \/>\n<meta name=\"twitter:label1\" content=\"Prix\" \/>\n\t<meta name=\"twitter:data1\" content=\"&euro;45.00\" \/>\n\t<meta name=\"twitter:label2\" content=\"Disponibilit\u00e9\" \/>\n\t<meta name=\"twitter:data2\" content=\"En stock\" \/>\n<script type=\"application\/ld+json\" class=\"yoast-schema-graph\">{\"@context\":\"https:\\\/\\\/schema.org\",\"@graph\":[{\"@type\":\"WebPage\",\"@id\":\"https:\\\/\\\/iberoid-shop.com\\\/fr\\\/product\\\/pr-ject-100-10ml-methenolone-enanthate-1ml-100mg-primobolan\\\/\",\"url\":\"https:\\\/\\\/iberoid-shop.com\\\/fr\\\/product\\\/pr-ject-100-10ml-methenolone-enanthate-1ml-100mg-primobolan\\\/\",\"name\":\"PRIMOBOLAN PR-JECT 100 - (Espa\u00f1ol) Esteroides en l\u00ednea\",\"isPartOf\":{\"@id\":\"https:\\\/\\\/iberoid-shop.com\\\/fr\\\/#website\"},\"primaryImageOfPage\":{\"@id\":\"https:\\\/\\\/iberoid-shop.com\\\/fr\\\/product\\\/pr-ject-100-10ml-methenolone-enanthate-1ml-100mg-primobolan\\\/#primaryimage\"},\"image\":{\"@id\":\"https:\\\/\\\/iberoid-shop.com\\\/fr\\\/product\\\/pr-ject-100-10ml-methenolone-enanthate-1ml-100mg-primobolan\\\/#primaryimage\"},\"thumbnailUrl\":\"https:\\\/\\\/iberoid-shop.com\\\/wp-content\\\/uploads\\\/2020\\\/12\\\/prject-scaled.jpg?v=1754242606\",\"datePublished\":\"2020-12-24T15:27:39+00:00\",\"dateModified\":\"2026-01-11T18:02:35+00:00\",\"breadcrumb\":{\"@id\":\"https:\\\/\\\/iberoid-shop.com\\\/fr\\\/product\\\/pr-ject-100-10ml-methenolone-enanthate-1ml-100mg-primobolan\\\/#breadcrumb\"},\"inLanguage\":\"fr-FR\",\"potentialAction\":[{\"@type\":\"ReadAction\",\"target\":[[\"https:\\\/\\\/iberoid-shop.com\\\/fr\\\/product\\\/pr-ject-100-10ml-methenolone-enanthate-1ml-100mg-primobolan\\\/\"]]}]},{\"@type\":\"ImageObject\",\"inLanguage\":\"fr-FR\",\"@id\":\"https:\\\/\\\/iberoid-shop.com\\\/fr\\\/product\\\/pr-ject-100-10ml-methenolone-enanthate-1ml-100mg-primobolan\\\/#primaryimage\",\"url\":\"https:\\\/\\\/iberoid-shop.com\\\/wp-content\\\/uploads\\\/2020\\\/12\\\/prject-scaled.jpg?v=1754242606\",\"contentUrl\":\"https:\\\/\\\/iberoid-shop.com\\\/wp-content\\\/uploads\\\/2020\\\/12\\\/prject-scaled.jpg?v=1754242606\",\"width\":2560,\"height\":2058},{\"@type\":\"BreadcrumbList\",\"@id\":\"https:\\\/\\\/iberoid-shop.com\\\/fr\\\/product\\\/pr-ject-100-10ml-methenolone-enanthate-1ml-100mg-primobolan\\\/#breadcrumb\",\"itemListElement\":[{\"@type\":\"ListItem\",\"position\":1,\"name\":\"Portada\",\"item\":\"https:\\\/\\\/iberoid-shop.com\\\/fr\\\/\"},{\"@type\":\"ListItem\",\"position\":2,\"name\":\"Magasin\",\"item\":\"https:\\\/\\\/iberoid-shop.com\\\/fr\\\/shop\\\/\"},{\"@type\":\"ListItem\",\"position\":3,\"name\":\"PRIMOBOLAN PR-JECT 100\"}]},{\"@type\":\"WebSite\",\"@id\":\"https:\\\/\\\/iberoid-shop.com\\\/fr\\\/#website\",\"url\":\"https:\\\/\\\/iberoid-shop.com\\\/fr\\\/\",\"name\":\"(Espa\u00f1ol) Esteroides en l\u00ednea\",\"description\":\"(Espa\u00f1ol) Comprar esteroides en l\u00ednea hoy en Espa\u00f1a y Portugal. Tenemos el mejor servicio al cliente en la industria y los productos de la m\u00e1s alta calidad\",\"potentialAction\":[{\"@type\":\"SearchAction\",\"target\":{\"@type\":\"EntryPoint\",\"urlTemplate\":\"https:\\\/\\\/iberoid-shop.com\\\/fr\\\/?s={search_term_string}\"},\"query-input\":{\"@type\":\"PropertyValueSpecification\",\"valueRequired\":true,\"valueName\":\"search_term_string\"}}],\"inLanguage\":\"fr-FR\"}]}<\/script>\n<meta property=\"product:brand\" content=\"Muscle Pharm\" \/>\n<meta property=\"product:price:amount\" content=\"45.00\" \/>\n<meta property=\"product:price:currency\" content=\"EUR\" \/>\n<meta property=\"og:availability\" content=\"instock\" \/>\n<meta property=\"product:availability\" content=\"instock\" \/>\n<meta property=\"product:condition\" content=\"new\" \/>\n<!-- \/ Yoast SEO Premium plugin. -->","yoast_head_json":{"title":"PRIMOBOLAN PR-JECT 100 - (Espa\u00f1ol) Esteroides en l\u00ednea","robots":{"index":"index","follow":"follow","max-snippet":"max-snippet:-1","max-image-preview":"max-image-preview:large","max-video-preview":"max-video-preview:-1"},"canonical":"https:\/\/iberoid-shop.com\/fr\/product\/pr-ject-100-10ml-methenolone-enanthate-1ml-100mg-primobolan\/","og_locale":"fr_FR","og_type":"article","og_title":"PRIMOBOLAN PR-JECT 100","og_description":"Primobolan est l&rsquo;un des plans de st\u00e9ro\u00efdes anabolisants les plus simples et les plus s\u00fbrs disponibles sur le march\u00e9 aujourd&rsquo;hui.","og_url":"https:\/\/iberoid-shop.com\/fr\/product\/pr-ject-100-10ml-methenolone-enanthate-1ml-100mg-primobolan\/","og_site_name":"(Espa\u00f1ol) Esteroides en l\u00ednea","article_modified_time":"2026-01-11T18:02:35+00:00","og_image":[{"width":2560,"height":2058,"url":"https:\/\/iberoid-shop.com\/wp-content\/uploads\/2020\/12\/prject-scaled.jpg?v=1754242606","type":"image\/jpeg"}],"twitter_card":"summary_large_image","twitter_misc":{"Prix":"&euro;45.00","Disponibilit\u00e9":"En stock"},"schema":{"@context":"https:\/\/schema.org","@graph":[{"@type":"WebPage","@id":"https:\/\/iberoid-shop.com\/fr\/product\/pr-ject-100-10ml-methenolone-enanthate-1ml-100mg-primobolan\/","url":"https:\/\/iberoid-shop.com\/fr\/product\/pr-ject-100-10ml-methenolone-enanthate-1ml-100mg-primobolan\/","name":"PRIMOBOLAN PR-JECT 100 - (Espa\u00f1ol) Esteroides en l\u00ednea","isPartOf":{"@id":"https:\/\/iberoid-shop.com\/fr\/#website"},"primaryImageOfPage":{"@id":"https:\/\/iberoid-shop.com\/fr\/product\/pr-ject-100-10ml-methenolone-enanthate-1ml-100mg-primobolan\/#primaryimage"},"image":{"@id":"https:\/\/iberoid-shop.com\/fr\/product\/pr-ject-100-10ml-methenolone-enanthate-1ml-100mg-primobolan\/#primaryimage"},"thumbnailUrl":"https:\/\/iberoid-shop.com\/wp-content\/uploads\/2020\/12\/prject-scaled.jpg?v=1754242606","datePublished":"2020-12-24T15:27:39+00:00","dateModified":"2026-01-11T18:02:35+00:00","breadcrumb":{"@id":"https:\/\/iberoid-shop.com\/fr\/product\/pr-ject-100-10ml-methenolone-enanthate-1ml-100mg-primobolan\/#breadcrumb"},"inLanguage":"fr-FR","potentialAction":[{"@type":"ReadAction","target":[["https:\/\/iberoid-shop.com\/fr\/product\/pr-ject-100-10ml-methenolone-enanthate-1ml-100mg-primobolan\/"]]}]},{"@type":"ImageObject","inLanguage":"fr-FR","@id":"https:\/\/iberoid-shop.com\/fr\/product\/pr-ject-100-10ml-methenolone-enanthate-1ml-100mg-primobolan\/#primaryimage","url":"https:\/\/iberoid-shop.com\/wp-content\/uploads\/2020\/12\/prject-scaled.jpg?v=1754242606","contentUrl":"https:\/\/iberoid-shop.com\/wp-content\/uploads\/2020\/12\/prject-scaled.jpg?v=1754242606","width":2560,"height":2058},{"@type":"BreadcrumbList","@id":"https:\/\/iberoid-shop.com\/fr\/product\/pr-ject-100-10ml-methenolone-enanthate-1ml-100mg-primobolan\/#breadcrumb","itemListElement":[{"@type":"ListItem","position":1,"name":"Portada","item":"https:\/\/iberoid-shop.com\/fr\/"},{"@type":"ListItem","position":2,"name":"Magasin","item":"https:\/\/iberoid-shop.com\/fr\/shop\/"},{"@type":"ListItem","position":3,"name":"PRIMOBOLAN PR-JECT 100"}]},{"@type":"WebSite","@id":"https:\/\/iberoid-shop.com\/fr\/#website","url":"https:\/\/iberoid-shop.com\/fr\/","name":"(Espa\u00f1ol) Esteroides en l\u00ednea","description":"(Espa\u00f1ol) Comprar esteroides en l\u00ednea hoy en Espa\u00f1a y Portugal. Tenemos el mejor servicio al cliente en la industria y los productos de la m\u00e1s alta calidad","potentialAction":[{"@type":"SearchAction","target":{"@type":"EntryPoint","urlTemplate":"https:\/\/iberoid-shop.com\/fr\/?s={search_term_string}"},"query-input":{"@type":"PropertyValueSpecification","valueRequired":true,"valueName":"search_term_string"}}],"inLanguage":"fr-FR"}]},"product_brand":"Muscle Pharm","product_price_amount":"45.00","product_price_currency":"EUR","og_availability":"instock","product_availability":"instock","product_condition":"new"},"_links":{"self":[{"href":"https:\/\/iberoid-shop.com\/fr\/wp-json\/wp\/v2\/product\/5537","targetHints":{"allow":["GET"]}}],"collection":[{"href":"https:\/\/iberoid-shop.com\/fr\/wp-json\/wp\/v2\/product"}],"about":[{"href":"https:\/\/iberoid-shop.com\/fr\/wp-json\/wp\/v2\/types\/product"}],"replies":[{"embeddable":true,"href":"https:\/\/iberoid-shop.com\/fr\/wp-json\/wp\/v2\/comments?post=5537"}],"wp:featuredmedia":[{"embeddable":true,"href":"https:\/\/iberoid-shop.com\/fr\/wp-json\/wp\/v2\/media\/5538"}],"wp:attachment":[{"href":"https:\/\/iberoid-shop.com\/fr\/wp-json\/wp\/v2\/media?parent=5537"}],"wp:term":[{"taxonomy":"product_brand","embeddable":true,"href":"https:\/\/iberoid-shop.com\/fr\/wp-json\/wp\/v2\/product_brand?post=5537"},{"taxonomy":"product_cat","embeddable":true,"href":"https:\/\/iberoid-shop.com\/fr\/wp-json\/wp\/v2\/product_cat?post=5537"},{"taxonomy":"product_tag","embeddable":true,"href":"https:\/\/iberoid-shop.com\/fr\/wp-json\/wp\/v2\/product_tag?post=5537"}],"curies":[{"name":"wp","href":"https:\/\/api.w.org\/{rel}","templated":true}]}}