{"id":5410,"date":"2020-10-31T12:00:53","date_gmt":"2020-10-31T12:00:53","guid":{"rendered":"https:\/\/iberoid-shop.com\/?post_type=product&#038;p=5410"},"modified":"2026-01-25T15:06:51","modified_gmt":"2026-01-25T15:06:51","slug":"humatrope-72-iu","status":"publish","type":"product","link":"https:\/\/iberoid-shop.com\/fr\/product\/humatrope-72-iu\/","title":{"rendered":"HUMATROPE 72 IU -FECHA:2025"},"content":{"rendered":"<p>Acheter Humatrope 72IU en ligne Pr\u00eat \u00e0 humatrope 72 UI 24 mg en ligne? Vous vous demandez o\u00f9 acheter des hgh pour hommes? Nous avons des injections de haute qualit\u00e9 et des suppl\u00e9ments d&rsquo;hormone de croissance humaine \u00e0 vendre. Que vous soyez un culturiste ou un revendeur de st\u00e9ro\u00efdes et de HGH, vous devez chercher \u00e0 acheter des injections de HGH pour hommes. Ici, vous obtenez la meilleure offre sur les suppl\u00e9ments et pilules hgh l\u00e9gaux et r\u00e9els \u00e0 vendre.<\/p>\n<p>Steroids Corner fournit les injections l\u00e9gales de HGH pures \u00e0 vendre. Non seulement vous pouvez facilement acheter des suppl\u00e9ments de hgh r\u00e9els et purs en ligne ici, mais vous obtenez \u00e9galement les excellents forfaits avec un prix raisonnable d&rsquo;humatrope 72 UI 24 mg.<\/p>\n<p>Qu&rsquo;est-ce que Humatrope 72 iu?<br \/>\nHumatrope 72 iu 24 mg est une hormone de croissance humaine utilis\u00e9e pour maintenir le corps en bonne sant\u00e9 et en forme. Le stylo Humatrope 72 UI est une hormone polypeptidique d\u00e9riv\u00e9e de l&rsquo;ADNr d&rsquo;une longueur de 191 acides amin\u00e9s. Si vous souhaitez acheter lilly humatrope 72 iu, nous pouvons vous fournir les meilleurs forfaits car nous avons un stylo humatrope \u00e0 vendre \u00e0 bon prix.<\/p>\n<p>Acheter Humatrope 72IU en ligne<br \/>\nHumatrope aide \u00e0 augmenter le processus de r\u00e9g\u00e9n\u00e9ration cellulaire dans le corps. Les nouvelles cellules sont les \u00e9l\u00e9ments constitutifs de la vie et, dans ce cas, elles sont n\u00e9cessaires pour aider.<br \/>\nMaintenir l&rsquo;int\u00e9grit\u00e9 des syst\u00e8mes musculaires et squelettiques du corps.<br \/>\nHumatrope contribue \u00e9galement \u00e0 renforcer le syst\u00e8me immunitaire, rendant le corps moins sensible au rhume et aux virus.<br \/>\nDes performances sexuelles, une endurance accrue et des niveaux d&rsquo;\u00e9nergie plus \u00e9lev\u00e9s sont des avantages suppl\u00e9mentaires d&rsquo;Humatrope pour les adultes.<br \/>\nUn risque accru de d\u00e9mence et de maladie d&rsquo;Alzheimer est possible en cas de d\u00e9clin de l&rsquo;hormone de croissance humaine.<br \/>\nLa plupart des gens signalent des changements positifs d&rsquo;humeur et de perspectives dans les trois semaines suivant le d\u00e9but de leurs injections d&rsquo;Humatrope.<\/p>\n<p>Acheter Humatrope 72IU en ligne<br \/>\nQuels sont les effets secondaires de Humatrope?<br \/>\nParce que HGH humatrope 72 iu 24 mg est tr\u00e8s efficace, il a de nombreux effets secondaires en cas de surdosage. Les effets secondaires possibles sont: probl\u00e8mes de vision, douleurs musculaires et articulaires,<br \/>\nvomissements, douleurs d&rsquo;estomac s\u00e9v\u00e8res, fatigue, peau s\u00e8che, maux de t\u00eate, augmentation de la miction et autres. Cela peut causer des probl\u00e8mes r\u00e9naux et h\u00e9patiques.<\/p>","protected":false},"excerpt":{"rendered":"<p>Acheter Humatrope 72IU en ligne Pr\u00eat \u00e0 humatrope 72 UI 24 mg en ligne? Vous vous demandez o\u00f9 acheter des<\/p>\n","protected":false},"featured_media":5411,"comment_status":"open","ping_status":"closed","template":"","meta":[],"product_brand":[],"product_cat":[76],"product_tag":[],"class_list":{"0":"post-5410","1":"product","2":"type-product","3":"status-publish","4":"has-post-thumbnail","6":"product_cat-hgh_peptido","8":"first","9":"instock","10":"sale","11":"shipping-taxable","12":"purchasable","13":"product-type-simple"},"yoast_head":"<!-- This site is optimized with the Yoast SEO Premium plugin v24.4 (Yoast SEO v27.0) - https:\/\/yoast.com\/product\/yoast-seo-premium-wordpress\/ -->\n<title>HUMATROPE 72 IU -FECHA:2025 - (Espa\u00f1ol) Esteroides en l\u00ednea<\/title>\n<meta name=\"description\" content=\"Humatrope 72IU est une hormone de croissance humaine qui favorise la r\u00e9g\u00e9n\u00e9ration cellulaire, les muscles, la sant\u00e9 immunitaire, l\u2019\u00e9nergie et la performance sexuelle.\" \/>\n<meta name=\"robots\" content=\"index, follow, max-snippet:-1, max-image-preview:large, max-video-preview:-1\" \/>\n<link rel=\"canonical\" href=\"https:\/\/iberoid-shop.com\/fr\/product\/humatrope-72-iu\/\" \/>\n<meta property=\"og:locale\" content=\"fr_FR\" \/>\n<meta property=\"og:type\" content=\"article\" \/>\n<meta property=\"og:title\" content=\"HUMATROPE 72 IU -FECHA:2025\" \/>\n<meta property=\"og:description\" content=\"Humatrope 72IU est une hormone de croissance humaine qui favorise la r\u00e9g\u00e9n\u00e9ration cellulaire, les muscles, la sant\u00e9 immunitaire, l\u2019\u00e9nergie et la performance sexuelle.\" \/>\n<meta property=\"og:url\" content=\"https:\/\/iberoid-shop.com\/fr\/product\/humatrope-72-iu\/\" \/>\n<meta property=\"og:site_name\" content=\"(Espa\u00f1ol) Esteroides en l\u00ednea\" \/>\n<meta property=\"article:modified_time\" content=\"2026-01-25T15:06:51+00:00\" \/>\n<meta property=\"og:image\" content=\"https:\/\/iberoid-shop.com\/wp-content\/uploads\/2020\/10\/humatrope2-768x768-2.jpg?v=1702425761\" \/>\n\t<meta property=\"og:image:width\" content=\"768\" \/>\n\t<meta property=\"og:image:height\" content=\"768\" \/>\n\t<meta property=\"og:image:type\" content=\"image\/jpeg\" \/>\n<meta name=\"twitter:card\" content=\"summary_large_image\" \/>\n<meta name=\"twitter:label1\" content=\"Prix\" \/>\n\t<meta name=\"twitter:data1\" content=\"&euro;160.00\" \/>\n\t<meta name=\"twitter:label2\" content=\"Disponibilit\u00e9\" \/>\n\t<meta name=\"twitter:data2\" content=\"En stock\" \/>\n<script type=\"application\/ld+json\" class=\"yoast-schema-graph\">{\"@context\":\"https:\/\/schema.org\",\"@graph\":[{\"@type\":\"WebPage\",\"@id\":\"https:\/\/iberoid-shop.com\/fr\/product\/humatrope-72-iu\/\",\"url\":\"https:\/\/iberoid-shop.com\/fr\/product\/humatrope-72-iu\/\",\"name\":\"HUMATROPE 72 IU -FECHA:2025 - (Espa\u00f1ol) Esteroides en l\u00ednea\",\"isPartOf\":{\"@id\":\"https:\/\/iberoid-shop.com\/fr\/#website\"},\"primaryImageOfPage\":{\"@id\":\"https:\/\/iberoid-shop.com\/fr\/product\/humatrope-72-iu\/#primaryimage\"},\"image\":{\"@id\":\"https:\/\/iberoid-shop.com\/fr\/product\/humatrope-72-iu\/#primaryimage\"},\"thumbnailUrl\":\"https:\/\/iberoid-shop.com\/wp-content\/uploads\/2020\/10\/humatrope2-768x768-2.jpg?v=1702425761\",\"datePublished\":\"2020-10-31T12:00:53+00:00\",\"dateModified\":\"2026-01-25T15:06:51+00:00\",\"description\":\"Humatrope 72IU est une hormone de croissance humaine qui favorise la r\u00e9g\u00e9n\u00e9ration cellulaire, les muscles, la sant\u00e9 immunitaire, l\u2019\u00e9nergie et la performance sexuelle.\",\"breadcrumb\":{\"@id\":\"https:\/\/iberoid-shop.com\/fr\/product\/humatrope-72-iu\/#breadcrumb\"},\"inLanguage\":\"fr-FR\",\"potentialAction\":[{\"@type\":\"ReadAction\",\"target\":[[\"https:\/\/iberoid-shop.com\/fr\/product\/humatrope-72-iu\/\"]]}]},{\"@type\":\"ImageObject\",\"inLanguage\":\"fr-FR\",\"@id\":\"https:\/\/iberoid-shop.com\/fr\/product\/humatrope-72-iu\/#primaryimage\",\"url\":\"https:\/\/iberoid-shop.com\/wp-content\/uploads\/2020\/10\/humatrope2-768x768-2.jpg?v=1702425761\",\"contentUrl\":\"https:\/\/iberoid-shop.com\/wp-content\/uploads\/2020\/10\/humatrope2-768x768-2.jpg?v=1702425761\",\"width\":768,\"height\":768},{\"@type\":\"BreadcrumbList\",\"@id\":\"https:\/\/iberoid-shop.com\/fr\/product\/humatrope-72-iu\/#breadcrumb\",\"itemListElement\":[{\"@type\":\"ListItem\",\"position\":1,\"name\":\"Portada\",\"item\":\"https:\/\/iberoid-shop.com\/fr\/\"},{\"@type\":\"ListItem\",\"position\":2,\"name\":\"Magasin\",\"item\":\"https:\/\/iberoid-shop.com\/fr\/shop\/\"},{\"@type\":\"ListItem\",\"position\":3,\"name\":\"HUMATROPE 72 IU -FECHA:2025\"}]},{\"@type\":\"WebSite\",\"@id\":\"https:\/\/iberoid-shop.com\/fr\/#website\",\"url\":\"https:\/\/iberoid-shop.com\/fr\/\",\"name\":\"(Espa\u00f1ol) Esteroides en l\u00ednea\",\"description\":\"(Espa\u00f1ol) Comprar esteroides en l\u00ednea hoy en Espa\u00f1a y Portugal. Tenemos el mejor servicio al cliente en la industria y los productos de la m\u00e1s alta calidad\",\"potentialAction\":[{\"@type\":\"SearchAction\",\"target\":{\"@type\":\"EntryPoint\",\"urlTemplate\":\"https:\/\/iberoid-shop.com\/fr\/?s={search_term_string}\"},\"query-input\":{\"@type\":\"PropertyValueSpecification\",\"valueRequired\":true,\"valueName\":\"search_term_string\"}}],\"inLanguage\":\"fr-FR\"}]}<\/script>\n<meta property=\"product:brand\" content=\"Lilly\" \/>\n<meta property=\"product:price:amount\" content=\"160.00\" \/>\n<meta property=\"product:price:currency\" content=\"EUR\" \/>\n<meta property=\"og:availability\" content=\"instock\" \/>\n<meta property=\"product:availability\" content=\"instock\" \/>\n<meta property=\"product:condition\" content=\"new\" \/>\n<!-- \/ Yoast SEO Premium plugin. -->","yoast_head_json":{"title":"HUMATROPE 72 IU -FECHA:2025 - (Espa\u00f1ol) Esteroides en l\u00ednea","description":"Humatrope 72IU est une hormone de croissance humaine qui favorise la r\u00e9g\u00e9n\u00e9ration cellulaire, les muscles, la sant\u00e9 immunitaire, l\u2019\u00e9nergie et la performance sexuelle.","robots":{"index":"index","follow":"follow","max-snippet":"max-snippet:-1","max-image-preview":"max-image-preview:large","max-video-preview":"max-video-preview:-1"},"canonical":"https:\/\/iberoid-shop.com\/fr\/product\/humatrope-72-iu\/","og_locale":"fr_FR","og_type":"article","og_title":"HUMATROPE 72 IU -FECHA:2025","og_description":"Humatrope 72IU est une hormone de croissance humaine qui favorise la r\u00e9g\u00e9n\u00e9ration cellulaire, les muscles, la sant\u00e9 immunitaire, l\u2019\u00e9nergie et la performance sexuelle.","og_url":"https:\/\/iberoid-shop.com\/fr\/product\/humatrope-72-iu\/","og_site_name":"(Espa\u00f1ol) Esteroides en l\u00ednea","article_modified_time":"2026-01-25T15:06:51+00:00","og_image":[{"width":768,"height":768,"url":"https:\/\/iberoid-shop.com\/wp-content\/uploads\/2020\/10\/humatrope2-768x768-2.jpg?v=1702425761","type":"image\/jpeg"}],"twitter_card":"summary_large_image","twitter_misc":{"Prix":"&euro;160.00","Disponibilit\u00e9":"En stock"},"schema":{"@context":"https:\/\/schema.org","@graph":[{"@type":"WebPage","@id":"https:\/\/iberoid-shop.com\/fr\/product\/humatrope-72-iu\/","url":"https:\/\/iberoid-shop.com\/fr\/product\/humatrope-72-iu\/","name":"HUMATROPE 72 IU -FECHA:2025 - (Espa\u00f1ol) Esteroides en l\u00ednea","isPartOf":{"@id":"https:\/\/iberoid-shop.com\/fr\/#website"},"primaryImageOfPage":{"@id":"https:\/\/iberoid-shop.com\/fr\/product\/humatrope-72-iu\/#primaryimage"},"image":{"@id":"https:\/\/iberoid-shop.com\/fr\/product\/humatrope-72-iu\/#primaryimage"},"thumbnailUrl":"https:\/\/iberoid-shop.com\/wp-content\/uploads\/2020\/10\/humatrope2-768x768-2.jpg?v=1702425761","datePublished":"2020-10-31T12:00:53+00:00","dateModified":"2026-01-25T15:06:51+00:00","description":"Humatrope 72IU est une hormone de croissance humaine qui favorise la r\u00e9g\u00e9n\u00e9ration cellulaire, les muscles, la sant\u00e9 immunitaire, l\u2019\u00e9nergie et la performance sexuelle.","breadcrumb":{"@id":"https:\/\/iberoid-shop.com\/fr\/product\/humatrope-72-iu\/#breadcrumb"},"inLanguage":"fr-FR","potentialAction":[{"@type":"ReadAction","target":[["https:\/\/iberoid-shop.com\/fr\/product\/humatrope-72-iu\/"]]}]},{"@type":"ImageObject","inLanguage":"fr-FR","@id":"https:\/\/iberoid-shop.com\/fr\/product\/humatrope-72-iu\/#primaryimage","url":"https:\/\/iberoid-shop.com\/wp-content\/uploads\/2020\/10\/humatrope2-768x768-2.jpg?v=1702425761","contentUrl":"https:\/\/iberoid-shop.com\/wp-content\/uploads\/2020\/10\/humatrope2-768x768-2.jpg?v=1702425761","width":768,"height":768},{"@type":"BreadcrumbList","@id":"https:\/\/iberoid-shop.com\/fr\/product\/humatrope-72-iu\/#breadcrumb","itemListElement":[{"@type":"ListItem","position":1,"name":"Portada","item":"https:\/\/iberoid-shop.com\/fr\/"},{"@type":"ListItem","position":2,"name":"Magasin","item":"https:\/\/iberoid-shop.com\/fr\/shop\/"},{"@type":"ListItem","position":3,"name":"HUMATROPE 72 IU -FECHA:2025"}]},{"@type":"WebSite","@id":"https:\/\/iberoid-shop.com\/fr\/#website","url":"https:\/\/iberoid-shop.com\/fr\/","name":"(Espa\u00f1ol) Esteroides en l\u00ednea","description":"(Espa\u00f1ol) Comprar esteroides en l\u00ednea hoy en Espa\u00f1a y Portugal. Tenemos el mejor servicio al cliente en la industria y los productos de la m\u00e1s alta calidad","potentialAction":[{"@type":"SearchAction","target":{"@type":"EntryPoint","urlTemplate":"https:\/\/iberoid-shop.com\/fr\/?s={search_term_string}"},"query-input":{"@type":"PropertyValueSpecification","valueRequired":true,"valueName":"search_term_string"}}],"inLanguage":"fr-FR"}]},"product_brand":"Lilly","product_price_amount":"160.00","product_price_currency":"EUR","og_availability":"instock","product_availability":"instock","product_condition":"new"},"_links":{"self":[{"href":"https:\/\/iberoid-shop.com\/fr\/wp-json\/wp\/v2\/product\/5410","targetHints":{"allow":["GET"]}}],"collection":[{"href":"https:\/\/iberoid-shop.com\/fr\/wp-json\/wp\/v2\/product"}],"about":[{"href":"https:\/\/iberoid-shop.com\/fr\/wp-json\/wp\/v2\/types\/product"}],"replies":[{"embeddable":true,"href":"https:\/\/iberoid-shop.com\/fr\/wp-json\/wp\/v2\/comments?post=5410"}],"wp:featuredmedia":[{"embeddable":true,"href":"https:\/\/iberoid-shop.com\/fr\/wp-json\/wp\/v2\/media\/5411"}],"wp:attachment":[{"href":"https:\/\/iberoid-shop.com\/fr\/wp-json\/wp\/v2\/media?parent=5410"}],"wp:term":[{"taxonomy":"product_brand","embeddable":true,"href":"https:\/\/iberoid-shop.com\/fr\/wp-json\/wp\/v2\/product_brand?post=5410"},{"taxonomy":"product_cat","embeddable":true,"href":"https:\/\/iberoid-shop.com\/fr\/wp-json\/wp\/v2\/product_cat?post=5410"},{"taxonomy":"product_tag","embeddable":true,"href":"https:\/\/iberoid-shop.com\/fr\/wp-json\/wp\/v2\/product_tag?post=5410"}],"curies":[{"name":"wp","href":"https:\/\/api.w.org\/{rel}","templated":true}]}}