{"id":5384,"date":"2020-10-10T11:57:54","date_gmt":"2020-10-10T11:57:54","guid":{"rendered":"https:\/\/iberoid-shop.com\/?post_type=product&#038;p=5384"},"modified":"2022-12-26T20:25:21","modified_gmt":"2022-12-26T20:25:21","slug":"sp-stanoject","status":"publish","type":"product","link":"https:\/\/iberoid-shop.com\/fr\/product\/sp-stanoject\/","title":{"rendered":"SP STANOJECT"},"content":{"rendered":"<p>Nom du produit\u00a0:\u00a0SP Stanoject<br \/>\nFabricant\u00a0:\u00a0Laboratoires SP<br \/>\nPr\u00e9sentation\u00a0:\u00a0Pack de\u00a010ml\u00a0\/\u00a050mg\/ml<br \/>\nSubstance active\u00a0:\u00a0stanozolol<\/p>\n<p>Vie active : env. 8:00<br \/>\nUtilisation sugg\u00e9r\u00e9e : 20-50mg\/zi<br \/>\nAcn\u00e9 : NON<br \/>\nEau retenue : NON<br \/>\nHaute tension : NON<br \/>\nToxicit\u00e9 h\u00e9patique : Uniquement \u00e0 fortes doses<br \/>\nConversion DHT : Non<br \/>\nAr\u00f4me : NON<br \/>\nTest d&rsquo;inhibition propre : Faible<\/p>\n<p>Le stanazololul lui-m\u00eame est un d\u00e9riv\u00e9 de la dihydrotestost\u00e9rone (DHT), \u00e0 la fois orale et la forme injectable est C17-alpha-alkylant, ce qui rend ce cours mod\u00e9r\u00e9 car la toxicit\u00e9 h\u00e9patique et orale n&rsquo;est prise qu&rsquo;\u00e0 fortes doses. La forme injectable est identique \u00e0 la forme orale, la forme injectable de cette raison \u00e9tait souvent utilis\u00e9e comme orale. Pourquoi quelqu&rsquo;un<br \/>\ncette? car tous les st\u00e9ro\u00efdes C17-alpha-alkylants traversent le foie pour que la d\u00e9sactivation entra\u00eene une augmentation de la production d&rsquo;IGF1, donc 30 mg de Dianabol par voie orale par jour (210 mg par semaine) constituent un meilleur constructeur de masse et de force que 400 mg d&rsquo;\u00e9nanthate de testost\u00e9rone.<\/p>\n<p>Le stanozolol est hautement anabolisant \/ androg\u00e8ne mod\u00e9r\u00e9 qui provoque un v\u00e9ritable boost de la synth\u00e8se des prot\u00e9ines et de la r\u00e9tention d&rsquo;azote. \u00c9tant donn\u00e9 que nous ne nous convertissons pas en \u0153strog\u00e8nes, la r\u00e9tention d&rsquo;eau, la gyn\u00e9comastie et les d\u00e9p\u00f4ts graisseux sp\u00e9cifiques ne se produiront pas. Une alimentation riche en prot\u00e9ines 3-4g\/kg\/zilnic est n\u00e9cessaire pour obtenir les meilleurs r\u00e9sultats. S&rsquo;utilise comme st\u00e9ro\u00efde pour une prise de poids rapide mais les gains id\u00e9aux pour une masse continue lente et tr\u00e8s qualitative sont bien conserv\u00e9s apr\u00e8s l&rsquo;arr\u00eat du r\u00e9gime. Beaucoup de concurrents en mer utilisent Winstrol pour les propri\u00e9t\u00e9s anabolisantes de la testost\u00e9rone.<\/p>\n<p>Beaucoup utilisaient Winstrol (Stanozolol) comme st\u00e9ro\u00efde avant le concours, lorsque 50-100 mg tous les 1-2 jours \u00e9taient associ\u00e9s \u00e0 75 mg d&rsquo;ac\u00e9tate de trenbolone en 1-2 jours, les r\u00e9sultats \u00e9taient remarquables.<br \/>\nBeaucoup ont \u00e9galement ajout\u00e9 du Masteron, de la bold\u00e9none et du propionate de testost\u00e9rone avec l&rsquo;ajout d&rsquo;anti-\u0153strog\u00e8nes pour contr\u00f4ler la saveur et la r\u00e9tention d&rsquo;eau.<\/p>\n<p>\u00c9tant donn\u00e9 que Stanozolol a produit une augmentation surprenante de la r\u00e9sistance, il est \u00e9galement utilis\u00e9 dans les cycles de masse. De nombreux d\u00e9butants ont obtenu des gains significatifs gr\u00e2ce \u00e0 la combinaison de 50 mg de Winstrol tous les deux jours avec 100 mg de Primobolan 2-3 jours ou Deca Durabolin 200-400 mg par semaine. Le d\u00e9p\u00f4t Winstrol est \u00e9galement utilis\u00e9 pour augmenter le site d&rsquo;injection, ce qui le rend appropri\u00e9 dans les probl\u00e8mes avec les groupes faibles.<\/p>","protected":false},"excerpt":{"rendered":"<p>Nom du produit\u00a0:\u00a0SP Stanoject Fabricant\u00a0:\u00a0Laboratoires SP Pr\u00e9sentation\u00a0:\u00a0Pack de\u00a010ml\u00a0\/\u00a050mg\/ml Substance active\u00a0:\u00a0stanozolol Vie active : env. 8:00 Utilisation sugg\u00e9r\u00e9e : 20-50mg\/zi Acn\u00e9<\/p>\n","protected":false},"featured_media":5385,"comment_status":"open","ping_status":"closed","template":"","meta":[],"product_brand":[],"product_cat":[69],"product_tag":[],"class_list":{"0":"post-5384","1":"product","2":"type-product","3":"status-publish","4":"has-post-thumbnail","6":"product_cat-esteroides_inyectables","8":"first","9":"outofstock","10":"sale","11":"shipping-taxable","12":"purchasable","13":"product-type-simple"},"yoast_head":"<!-- This site is optimized with the Yoast SEO Premium plugin v24.4 (Yoast SEO v27.0) - https:\/\/yoast.com\/product\/yoast-seo-premium-wordpress\/ -->\n<title>SP STANOJECT - (Espa\u00f1ol) Esteroides en l\u00ednea<\/title>\n<meta name=\"robots\" content=\"index, follow, max-snippet:-1, max-image-preview:large, max-video-preview:-1\" \/>\n<link rel=\"canonical\" href=\"https:\/\/iberoid-shop.com\/fr\/product\/sp-stanoject\/\" \/>\n<meta property=\"og:locale\" content=\"fr_FR\" \/>\n<meta property=\"og:type\" content=\"article\" \/>\n<meta property=\"og:title\" content=\"SP STANOJECT\" \/>\n<meta property=\"og:description\" content=\"Nom du produit\u00a0:\u00a0SP Stanoject Fabricant\u00a0:\u00a0Laboratoires SP Pr\u00e9sentation\u00a0:\u00a0Pack de\u00a010ml\u00a0\/\u00a050mg\/ml Substance active\u00a0:\u00a0stanozolol Vie active : env. 8:00 Utilisation sugg\u00e9r\u00e9e : 20-50mg\/zi Acn\u00e9\" \/>\n<meta property=\"og:url\" content=\"https:\/\/iberoid-shop.com\/fr\/product\/sp-stanoject\/\" \/>\n<meta property=\"og:site_name\" content=\"(Espa\u00f1ol) Esteroides en l\u00ednea\" \/>\n<meta property=\"article:modified_time\" content=\"2022-12-26T20:25:21+00:00\" \/>\n<meta property=\"og:image\" content=\"https:\/\/iberoid-shop.com\/wp-content\/uploads\/2020\/10\/pstano.jpg?v=1678120084\" \/>\n\t<meta property=\"og:image:width\" content=\"388\" \/>\n\t<meta property=\"og:image:height\" content=\"388\" \/>\n\t<meta property=\"og:image:type\" content=\"image\/jpeg\" \/>\n<meta name=\"twitter:card\" content=\"summary_large_image\" \/>\n<meta name=\"twitter:label1\" content=\"Prix\" \/>\n\t<meta name=\"twitter:data1\" content=\"&euro;30.00\" \/>\n\t<meta name=\"twitter:label2\" content=\"Disponibilit\u00e9\" \/>\n\t<meta name=\"twitter:data2\" content=\"Rupture de stock\" \/>\n<script type=\"application\/ld+json\" class=\"yoast-schema-graph\">{\"@context\":\"https:\/\/schema.org\",\"@graph\":[{\"@type\":\"WebPage\",\"@id\":\"https:\/\/iberoid-shop.com\/fr\/product\/sp-stanoject\/\",\"url\":\"https:\/\/iberoid-shop.com\/fr\/product\/sp-stanoject\/\",\"name\":\"SP STANOJECT - (Espa\u00f1ol) Esteroides en l\u00ednea\",\"isPartOf\":{\"@id\":\"https:\/\/iberoid-shop.com\/fr\/#website\"},\"primaryImageOfPage\":{\"@id\":\"https:\/\/iberoid-shop.com\/fr\/product\/sp-stanoject\/#primaryimage\"},\"image\":{\"@id\":\"https:\/\/iberoid-shop.com\/fr\/product\/sp-stanoject\/#primaryimage\"},\"thumbnailUrl\":\"https:\/\/iberoid-shop.com\/wp-content\/uploads\/2020\/10\/pstano.jpg?v=1678120084\",\"datePublished\":\"2020-10-10T11:57:54+00:00\",\"dateModified\":\"2022-12-26T20:25:21+00:00\",\"breadcrumb\":{\"@id\":\"https:\/\/iberoid-shop.com\/fr\/product\/sp-stanoject\/#breadcrumb\"},\"inLanguage\":\"fr-FR\",\"potentialAction\":[{\"@type\":\"ReadAction\",\"target\":[[\"https:\/\/iberoid-shop.com\/fr\/product\/sp-stanoject\/\"]]}]},{\"@type\":\"ImageObject\",\"inLanguage\":\"fr-FR\",\"@id\":\"https:\/\/iberoid-shop.com\/fr\/product\/sp-stanoject\/#primaryimage\",\"url\":\"https:\/\/iberoid-shop.com\/wp-content\/uploads\/2020\/10\/pstano.jpg?v=1678120084\",\"contentUrl\":\"https:\/\/iberoid-shop.com\/wp-content\/uploads\/2020\/10\/pstano.jpg?v=1678120084\",\"width\":388,\"height\":388},{\"@type\":\"BreadcrumbList\",\"@id\":\"https:\/\/iberoid-shop.com\/fr\/product\/sp-stanoject\/#breadcrumb\",\"itemListElement\":[{\"@type\":\"ListItem\",\"position\":1,\"name\":\"Portada\",\"item\":\"https:\/\/iberoid-shop.com\/fr\/\"},{\"@type\":\"ListItem\",\"position\":2,\"name\":\"Magasin\",\"item\":\"https:\/\/iberoid-shop.com\/fr\/shop\/\"},{\"@type\":\"ListItem\",\"position\":3,\"name\":\"SP STANOJECT\"}]},{\"@type\":\"WebSite\",\"@id\":\"https:\/\/iberoid-shop.com\/fr\/#website\",\"url\":\"https:\/\/iberoid-shop.com\/fr\/\",\"name\":\"(Espa\u00f1ol) Esteroides en l\u00ednea\",\"description\":\"(Espa\u00f1ol) Comprar esteroides en l\u00ednea hoy en Espa\u00f1a y Portugal. Tenemos el mejor servicio al cliente en la industria y los productos de la m\u00e1s alta calidad\",\"potentialAction\":[{\"@type\":\"SearchAction\",\"target\":{\"@type\":\"EntryPoint\",\"urlTemplate\":\"https:\/\/iberoid-shop.com\/fr\/?s={search_term_string}\"},\"query-input\":{\"@type\":\"PropertyValueSpecification\",\"valueRequired\":true,\"valueName\":\"search_term_string\"}}],\"inLanguage\":\"fr-FR\"}]}<\/script>\n<meta property=\"product:brand\" content=\"SP Laboratories\" \/>\n<meta property=\"product:price:amount\" content=\"30.00\" \/>\n<meta property=\"product:price:currency\" content=\"EUR\" \/>\n<meta property=\"og:availability\" content=\"out of stock\" \/>\n<meta property=\"product:availability\" content=\"out of stock\" \/>\n<meta property=\"product:condition\" content=\"new\" \/>\n<!-- \/ Yoast SEO Premium plugin. -->","yoast_head_json":{"title":"SP STANOJECT - (Espa\u00f1ol) Esteroides en l\u00ednea","robots":{"index":"index","follow":"follow","max-snippet":"max-snippet:-1","max-image-preview":"max-image-preview:large","max-video-preview":"max-video-preview:-1"},"canonical":"https:\/\/iberoid-shop.com\/fr\/product\/sp-stanoject\/","og_locale":"fr_FR","og_type":"article","og_title":"SP STANOJECT","og_description":"Nom du produit\u00a0:\u00a0SP Stanoject Fabricant\u00a0:\u00a0Laboratoires SP Pr\u00e9sentation\u00a0:\u00a0Pack de\u00a010ml\u00a0\/\u00a050mg\/ml Substance active\u00a0:\u00a0stanozolol Vie active : env. 8:00 Utilisation sugg\u00e9r\u00e9e : 20-50mg\/zi Acn\u00e9","og_url":"https:\/\/iberoid-shop.com\/fr\/product\/sp-stanoject\/","og_site_name":"(Espa\u00f1ol) Esteroides en l\u00ednea","article_modified_time":"2022-12-26T20:25:21+00:00","og_image":[{"width":388,"height":388,"url":"https:\/\/iberoid-shop.com\/wp-content\/uploads\/2020\/10\/pstano.jpg?v=1678120084","type":"image\/jpeg"}],"twitter_card":"summary_large_image","twitter_misc":{"Prix":"&euro;30.00","Disponibilit\u00e9":"Rupture de stock"},"schema":{"@context":"https:\/\/schema.org","@graph":[{"@type":"WebPage","@id":"https:\/\/iberoid-shop.com\/fr\/product\/sp-stanoject\/","url":"https:\/\/iberoid-shop.com\/fr\/product\/sp-stanoject\/","name":"SP STANOJECT - (Espa\u00f1ol) Esteroides en l\u00ednea","isPartOf":{"@id":"https:\/\/iberoid-shop.com\/fr\/#website"},"primaryImageOfPage":{"@id":"https:\/\/iberoid-shop.com\/fr\/product\/sp-stanoject\/#primaryimage"},"image":{"@id":"https:\/\/iberoid-shop.com\/fr\/product\/sp-stanoject\/#primaryimage"},"thumbnailUrl":"https:\/\/iberoid-shop.com\/wp-content\/uploads\/2020\/10\/pstano.jpg?v=1678120084","datePublished":"2020-10-10T11:57:54+00:00","dateModified":"2022-12-26T20:25:21+00:00","breadcrumb":{"@id":"https:\/\/iberoid-shop.com\/fr\/product\/sp-stanoject\/#breadcrumb"},"inLanguage":"fr-FR","potentialAction":[{"@type":"ReadAction","target":[["https:\/\/iberoid-shop.com\/fr\/product\/sp-stanoject\/"]]}]},{"@type":"ImageObject","inLanguage":"fr-FR","@id":"https:\/\/iberoid-shop.com\/fr\/product\/sp-stanoject\/#primaryimage","url":"https:\/\/iberoid-shop.com\/wp-content\/uploads\/2020\/10\/pstano.jpg?v=1678120084","contentUrl":"https:\/\/iberoid-shop.com\/wp-content\/uploads\/2020\/10\/pstano.jpg?v=1678120084","width":388,"height":388},{"@type":"BreadcrumbList","@id":"https:\/\/iberoid-shop.com\/fr\/product\/sp-stanoject\/#breadcrumb","itemListElement":[{"@type":"ListItem","position":1,"name":"Portada","item":"https:\/\/iberoid-shop.com\/fr\/"},{"@type":"ListItem","position":2,"name":"Magasin","item":"https:\/\/iberoid-shop.com\/fr\/shop\/"},{"@type":"ListItem","position":3,"name":"SP STANOJECT"}]},{"@type":"WebSite","@id":"https:\/\/iberoid-shop.com\/fr\/#website","url":"https:\/\/iberoid-shop.com\/fr\/","name":"(Espa\u00f1ol) Esteroides en l\u00ednea","description":"(Espa\u00f1ol) Comprar esteroides en l\u00ednea hoy en Espa\u00f1a y Portugal. Tenemos el mejor servicio al cliente en la industria y los productos de la m\u00e1s alta calidad","potentialAction":[{"@type":"SearchAction","target":{"@type":"EntryPoint","urlTemplate":"https:\/\/iberoid-shop.com\/fr\/?s={search_term_string}"},"query-input":{"@type":"PropertyValueSpecification","valueRequired":true,"valueName":"search_term_string"}}],"inLanguage":"fr-FR"}]},"product_brand":"SP Laboratories","product_price_amount":"30.00","product_price_currency":"EUR","og_availability":"out of stock","product_availability":"out of stock","product_condition":"new"},"_links":{"self":[{"href":"https:\/\/iberoid-shop.com\/fr\/wp-json\/wp\/v2\/product\/5384","targetHints":{"allow":["GET"]}}],"collection":[{"href":"https:\/\/iberoid-shop.com\/fr\/wp-json\/wp\/v2\/product"}],"about":[{"href":"https:\/\/iberoid-shop.com\/fr\/wp-json\/wp\/v2\/types\/product"}],"replies":[{"embeddable":true,"href":"https:\/\/iberoid-shop.com\/fr\/wp-json\/wp\/v2\/comments?post=5384"}],"wp:featuredmedia":[{"embeddable":true,"href":"https:\/\/iberoid-shop.com\/fr\/wp-json\/wp\/v2\/media\/5385"}],"wp:attachment":[{"href":"https:\/\/iberoid-shop.com\/fr\/wp-json\/wp\/v2\/media?parent=5384"}],"wp:term":[{"taxonomy":"product_brand","embeddable":true,"href":"https:\/\/iberoid-shop.com\/fr\/wp-json\/wp\/v2\/product_brand?post=5384"},{"taxonomy":"product_cat","embeddable":true,"href":"https:\/\/iberoid-shop.com\/fr\/wp-json\/wp\/v2\/product_cat?post=5384"},{"taxonomy":"product_tag","embeddable":true,"href":"https:\/\/iberoid-shop.com\/fr\/wp-json\/wp\/v2\/product_tag?post=5384"}],"curies":[{"name":"wp","href":"https:\/\/api.w.org\/{rel}","templated":true}]}}