{"id":5380,"date":"2020-10-10T11:50:33","date_gmt":"2020-10-10T11:50:33","guid":{"rendered":"https:\/\/iberoid-shop.com\/?post_type=product&#038;p=5380"},"modified":"2022-12-06T17:44:31","modified_gmt":"2022-12-06T17:44:31","slug":"sp-masteron","status":"publish","type":"product","link":"https:\/\/iberoid-shop.com\/fr\/product\/sp-masteron\/","title":{"rendered":"SP MASTERON"},"content":{"rendered":"<p>Nom du produit: Masteron 100<br \/>\nFabricant: SP Laboratories<br \/>\nPr\u00e9sentation: 10ml 100mg \/ ml<br \/>\nProduit chimique actif: propionate de drostanolone<\/p>\n<p>Masteron est une forme injectable de propionate de drostanolonului. Drostanolonul est un d\u00e9riv\u00e9 de la dihydrotestost\u00e9rone, avec un anabolisant androg\u00e8ne anabolisant mod\u00e9r\u00e9 et un fort. Ne pas convertir en \u0153strog\u00e8ne, donc la r\u00e9tention d&rsquo;eau et la gyn\u00e9comastie ne sont pas un probl\u00e8me. En fait, Masteron semble avoir un effet anti-oestrog\u00e9nique, se comportant comme Proviron, \u00e0 cet \u00e9gard. Masteron est tr\u00e8s utile pour d\u00e9finir et souligner, il est utilis\u00e9 plusieurs semaines avant les comp\u00e9titions. Il a \u00e9galement un effet anabolisant qui peut \u00eatre utilis\u00e9 de mani\u00e8re satisfaisante pour gagner du muscle de qualit\u00e9. Peut \u00eatre combin\u00e9 avec d&rsquo;autres st\u00e9ro\u00efdes pour de gros gains. L&rsquo;association avec Deca-Durabolin ou Equipoise, conduit \u00e0 des gains consid\u00e9rables sans r\u00e9tention d&rsquo;eau excessive.<\/p>\n<p>Une autre association est avec Dianabol ou testost\u00e9rone injectable, castrigurile msuculara la grande masse sans r\u00e9tention d&rsquo;eau excessive.<br \/>\nPour la d\u00e9finition peut \u00eatre combin\u00e9 avec Winstrol, Priomobolan ou Oxandrolon qui ne ferait pas de muscle et de perte de graisse.<br \/>\nLa posologie est de 2 ml (100 mg) de Masteron tous les 2-3 jours. La dose hebdomadaire est donc de 200 \u00e0 350 mg quelque part.<\/p>\n<p>Les effets secondaires de ce st\u00e9ro\u00efde sont l\u00e9gers. Comme je l&rsquo;ai dit plus t\u00f4t, la gyn\u00e9comastie et la r\u00e9tention d&rsquo;eau ne posent aucun probl\u00e8me. Aucune hypertension art\u00e9rielle ne devrait pas nous causer de probl\u00e8mes, car en raison de faibles niveaux d&rsquo;\u0153strog\u00e8nes n&rsquo;apparaissent pas. Masteron n&rsquo;est pas h\u00e9patotoxique, m\u00eame lorsqu&rsquo;il est utilis\u00e9 sur de longues p\u00e9riodes de temps. Les seuls effets ind\u00e9sirables qui peuvent survenir sont: peau grasse, acn\u00e9, augmentation des poils du visage et du corps plus rapidement, agressivit\u00e9 et chute des cheveux, s&rsquo;il existe une pr\u00e9disposition g\u00e9n\u00e9tique. Donc, ceux qui savent qu&rsquo;ils ont des ant\u00e9c\u00e9dents familiaux de calvitie feraient bien de se m\u00e9fier de Masteron.<\/p>","protected":false},"excerpt":{"rendered":"<p>Nom du produit: Masteron 100 Fabricant: SP Laboratories Pr\u00e9sentation: 10ml 100mg \/ ml Produit chimique actif: propionate de drostanolone Masteron<\/p>\n","protected":false},"featured_media":5381,"comment_status":"open","ping_status":"closed","template":"","meta":[],"product_brand":[],"product_cat":[69],"product_tag":[],"class_list":{"0":"post-5380","1":"product","2":"type-product","3":"status-publish","4":"has-post-thumbnail","6":"product_cat-esteroides_inyectables","8":"first","9":"outofstock","10":"sale","11":"shipping-taxable","12":"purchasable","13":"product-type-simple"},"yoast_head":"<!-- This site is optimized with the Yoast SEO Premium plugin v24.4 (Yoast SEO v27.0) - https:\/\/yoast.com\/product\/yoast-seo-premium-wordpress\/ -->\n<title>SP MASTERON - (Espa\u00f1ol) Esteroides en l\u00ednea<\/title>\n<meta name=\"robots\" content=\"index, follow, max-snippet:-1, max-image-preview:large, max-video-preview:-1\" \/>\n<link rel=\"canonical\" href=\"https:\/\/iberoid-shop.com\/fr\/product\/sp-masteron\/\" \/>\n<meta property=\"og:locale\" content=\"fr_FR\" \/>\n<meta property=\"og:type\" content=\"article\" \/>\n<meta property=\"og:title\" content=\"SP MASTERON\" \/>\n<meta property=\"og:description\" content=\"Nom du produit: Masteron 100 Fabricant: SP Laboratories Pr\u00e9sentation: 10ml 100mg \/ ml Produit chimique actif: propionate de drostanolone Masteron\" \/>\n<meta property=\"og:url\" content=\"https:\/\/iberoid-shop.com\/fr\/product\/sp-masteron\/\" \/>\n<meta property=\"og:site_name\" content=\"(Espa\u00f1ol) Esteroides en l\u00ednea\" \/>\n<meta property=\"article:modified_time\" content=\"2022-12-06T17:44:31+00:00\" \/>\n<meta property=\"og:image\" content=\"https:\/\/iberoid-shop.com\/wp-content\/uploads\/2020\/10\/maste.jpg?v=1678120085\" \/>\n\t<meta property=\"og:image:width\" content=\"388\" \/>\n\t<meta property=\"og:image:height\" content=\"388\" \/>\n\t<meta property=\"og:image:type\" content=\"image\/jpeg\" \/>\n<meta name=\"twitter:card\" content=\"summary_large_image\" \/>\n<meta name=\"twitter:label1\" content=\"Prix\" \/>\n\t<meta name=\"twitter:data1\" content=\"&euro;48.00\" \/>\n\t<meta name=\"twitter:label2\" content=\"Disponibilit\u00e9\" \/>\n\t<meta name=\"twitter:data2\" content=\"Rupture de stock\" \/>\n<script type=\"application\/ld+json\" class=\"yoast-schema-graph\">{\"@context\":\"https:\/\/schema.org\",\"@graph\":[{\"@type\":\"WebPage\",\"@id\":\"https:\/\/iberoid-shop.com\/fr\/product\/sp-masteron\/\",\"url\":\"https:\/\/iberoid-shop.com\/fr\/product\/sp-masteron\/\",\"name\":\"SP MASTERON - (Espa\u00f1ol) Esteroides en l\u00ednea\",\"isPartOf\":{\"@id\":\"https:\/\/iberoid-shop.com\/fr\/#website\"},\"primaryImageOfPage\":{\"@id\":\"https:\/\/iberoid-shop.com\/fr\/product\/sp-masteron\/#primaryimage\"},\"image\":{\"@id\":\"https:\/\/iberoid-shop.com\/fr\/product\/sp-masteron\/#primaryimage\"},\"thumbnailUrl\":\"https:\/\/iberoid-shop.com\/wp-content\/uploads\/2020\/10\/maste.jpg?v=1678120085\",\"datePublished\":\"2020-10-10T11:50:33+00:00\",\"dateModified\":\"2022-12-06T17:44:31+00:00\",\"breadcrumb\":{\"@id\":\"https:\/\/iberoid-shop.com\/fr\/product\/sp-masteron\/#breadcrumb\"},\"inLanguage\":\"fr-FR\",\"potentialAction\":[{\"@type\":\"ReadAction\",\"target\":[[\"https:\/\/iberoid-shop.com\/fr\/product\/sp-masteron\/\"]]}]},{\"@type\":\"ImageObject\",\"inLanguage\":\"fr-FR\",\"@id\":\"https:\/\/iberoid-shop.com\/fr\/product\/sp-masteron\/#primaryimage\",\"url\":\"https:\/\/iberoid-shop.com\/wp-content\/uploads\/2020\/10\/maste.jpg?v=1678120085\",\"contentUrl\":\"https:\/\/iberoid-shop.com\/wp-content\/uploads\/2020\/10\/maste.jpg?v=1678120085\",\"width\":388,\"height\":388},{\"@type\":\"BreadcrumbList\",\"@id\":\"https:\/\/iberoid-shop.com\/fr\/product\/sp-masteron\/#breadcrumb\",\"itemListElement\":[{\"@type\":\"ListItem\",\"position\":1,\"name\":\"Portada\",\"item\":\"https:\/\/iberoid-shop.com\/fr\/\"},{\"@type\":\"ListItem\",\"position\":2,\"name\":\"Magasin\",\"item\":\"https:\/\/iberoid-shop.com\/fr\/shop\/\"},{\"@type\":\"ListItem\",\"position\":3,\"name\":\"SP MASTERON\"}]},{\"@type\":\"WebSite\",\"@id\":\"https:\/\/iberoid-shop.com\/fr\/#website\",\"url\":\"https:\/\/iberoid-shop.com\/fr\/\",\"name\":\"(Espa\u00f1ol) Esteroides en l\u00ednea\",\"description\":\"(Espa\u00f1ol) Comprar esteroides en l\u00ednea hoy en Espa\u00f1a y Portugal. Tenemos el mejor servicio al cliente en la industria y los productos de la m\u00e1s alta calidad\",\"potentialAction\":[{\"@type\":\"SearchAction\",\"target\":{\"@type\":\"EntryPoint\",\"urlTemplate\":\"https:\/\/iberoid-shop.com\/fr\/?s={search_term_string}\"},\"query-input\":{\"@type\":\"PropertyValueSpecification\",\"valueRequired\":true,\"valueName\":\"search_term_string\"}}],\"inLanguage\":\"fr-FR\"}]}<\/script>\n<meta property=\"product:brand\" content=\"SP Laboratories\" \/>\n<meta property=\"product:price:amount\" content=\"48.00\" \/>\n<meta property=\"product:price:currency\" content=\"EUR\" \/>\n<meta property=\"og:availability\" content=\"out of stock\" \/>\n<meta property=\"product:availability\" content=\"out of stock\" \/>\n<meta property=\"product:condition\" content=\"new\" \/>\n<!-- \/ Yoast SEO Premium plugin. -->","yoast_head_json":{"title":"SP MASTERON - (Espa\u00f1ol) Esteroides en l\u00ednea","robots":{"index":"index","follow":"follow","max-snippet":"max-snippet:-1","max-image-preview":"max-image-preview:large","max-video-preview":"max-video-preview:-1"},"canonical":"https:\/\/iberoid-shop.com\/fr\/product\/sp-masteron\/","og_locale":"fr_FR","og_type":"article","og_title":"SP MASTERON","og_description":"Nom du produit: Masteron 100 Fabricant: SP Laboratories Pr\u00e9sentation: 10ml 100mg \/ ml Produit chimique actif: propionate de drostanolone Masteron","og_url":"https:\/\/iberoid-shop.com\/fr\/product\/sp-masteron\/","og_site_name":"(Espa\u00f1ol) Esteroides en l\u00ednea","article_modified_time":"2022-12-06T17:44:31+00:00","og_image":[{"width":388,"height":388,"url":"https:\/\/iberoid-shop.com\/wp-content\/uploads\/2020\/10\/maste.jpg?v=1678120085","type":"image\/jpeg"}],"twitter_card":"summary_large_image","twitter_misc":{"Prix":"&euro;48.00","Disponibilit\u00e9":"Rupture de stock"},"schema":{"@context":"https:\/\/schema.org","@graph":[{"@type":"WebPage","@id":"https:\/\/iberoid-shop.com\/fr\/product\/sp-masteron\/","url":"https:\/\/iberoid-shop.com\/fr\/product\/sp-masteron\/","name":"SP MASTERON - (Espa\u00f1ol) Esteroides en l\u00ednea","isPartOf":{"@id":"https:\/\/iberoid-shop.com\/fr\/#website"},"primaryImageOfPage":{"@id":"https:\/\/iberoid-shop.com\/fr\/product\/sp-masteron\/#primaryimage"},"image":{"@id":"https:\/\/iberoid-shop.com\/fr\/product\/sp-masteron\/#primaryimage"},"thumbnailUrl":"https:\/\/iberoid-shop.com\/wp-content\/uploads\/2020\/10\/maste.jpg?v=1678120085","datePublished":"2020-10-10T11:50:33+00:00","dateModified":"2022-12-06T17:44:31+00:00","breadcrumb":{"@id":"https:\/\/iberoid-shop.com\/fr\/product\/sp-masteron\/#breadcrumb"},"inLanguage":"fr-FR","potentialAction":[{"@type":"ReadAction","target":[["https:\/\/iberoid-shop.com\/fr\/product\/sp-masteron\/"]]}]},{"@type":"ImageObject","inLanguage":"fr-FR","@id":"https:\/\/iberoid-shop.com\/fr\/product\/sp-masteron\/#primaryimage","url":"https:\/\/iberoid-shop.com\/wp-content\/uploads\/2020\/10\/maste.jpg?v=1678120085","contentUrl":"https:\/\/iberoid-shop.com\/wp-content\/uploads\/2020\/10\/maste.jpg?v=1678120085","width":388,"height":388},{"@type":"BreadcrumbList","@id":"https:\/\/iberoid-shop.com\/fr\/product\/sp-masteron\/#breadcrumb","itemListElement":[{"@type":"ListItem","position":1,"name":"Portada","item":"https:\/\/iberoid-shop.com\/fr\/"},{"@type":"ListItem","position":2,"name":"Magasin","item":"https:\/\/iberoid-shop.com\/fr\/shop\/"},{"@type":"ListItem","position":3,"name":"SP MASTERON"}]},{"@type":"WebSite","@id":"https:\/\/iberoid-shop.com\/fr\/#website","url":"https:\/\/iberoid-shop.com\/fr\/","name":"(Espa\u00f1ol) Esteroides en l\u00ednea","description":"(Espa\u00f1ol) Comprar esteroides en l\u00ednea hoy en Espa\u00f1a y Portugal. Tenemos el mejor servicio al cliente en la industria y los productos de la m\u00e1s alta calidad","potentialAction":[{"@type":"SearchAction","target":{"@type":"EntryPoint","urlTemplate":"https:\/\/iberoid-shop.com\/fr\/?s={search_term_string}"},"query-input":{"@type":"PropertyValueSpecification","valueRequired":true,"valueName":"search_term_string"}}],"inLanguage":"fr-FR"}]},"product_brand":"SP Laboratories","product_price_amount":"48.00","product_price_currency":"EUR","og_availability":"out of stock","product_availability":"out of stock","product_condition":"new"},"_links":{"self":[{"href":"https:\/\/iberoid-shop.com\/fr\/wp-json\/wp\/v2\/product\/5380","targetHints":{"allow":["GET"]}}],"collection":[{"href":"https:\/\/iberoid-shop.com\/fr\/wp-json\/wp\/v2\/product"}],"about":[{"href":"https:\/\/iberoid-shop.com\/fr\/wp-json\/wp\/v2\/types\/product"}],"replies":[{"embeddable":true,"href":"https:\/\/iberoid-shop.com\/fr\/wp-json\/wp\/v2\/comments?post=5380"}],"wp:featuredmedia":[{"embeddable":true,"href":"https:\/\/iberoid-shop.com\/fr\/wp-json\/wp\/v2\/media\/5381"}],"wp:attachment":[{"href":"https:\/\/iberoid-shop.com\/fr\/wp-json\/wp\/v2\/media?parent=5380"}],"wp:term":[{"taxonomy":"product_brand","embeddable":true,"href":"https:\/\/iberoid-shop.com\/fr\/wp-json\/wp\/v2\/product_brand?post=5380"},{"taxonomy":"product_cat","embeddable":true,"href":"https:\/\/iberoid-shop.com\/fr\/wp-json\/wp\/v2\/product_cat?post=5380"},{"taxonomy":"product_tag","embeddable":true,"href":"https:\/\/iberoid-shop.com\/fr\/wp-json\/wp\/v2\/product_tag?post=5380"}],"curies":[{"name":"wp","href":"https:\/\/api.w.org\/{rel}","templated":true}]}}