{"id":5373,"date":"2020-10-09T10:43:10","date_gmt":"2020-10-09T10:43:10","guid":{"rendered":"https:\/\/iberoid-shop.com\/?post_type=product&#038;p=5373"},"modified":"2023-07-28T11:01:21","modified_gmt":"2023-07-28T11:01:21","slug":"sp-tropin-100-iu","status":"publish","type":"product","link":"https:\/\/iberoid-shop.com\/fr\/product\/sp-tropin-100-iu\/","title":{"rendered":"SP TROPIN 100 iu"},"content":{"rendered":"<p>Nom du produit: SPtropin<\/p>\n<p>Fabricant: Sp Laboratories<\/p>\n<p>Pr\u00e9sentation: bo\u00eete de 10 flacons x 3,33 mg (10 UI) = 100 UI<\/p>\n<p>Produit chimique actif: Somatotropine<\/p>\n<p>Vie active: varie selon la m\u00e9thode d&rsquo;injection<br \/>\nClasse de m\u00e9dicament: Hormone de croissance \/ pr\u00e9curseur d&rsquo;IGF-1 (pour injection)<br \/>\nDose moyenne: Hommes 2-6 i.u. total quotidien<br \/>\nAcn\u00e9: non<br \/>\nR\u00e9tention d&rsquo;eau: rare<br \/>\nHypertension art\u00e9rielle: rare<br \/>\nFoie toxique: non<br \/>\nAromatisation: non<br \/>\nCommentaires: Effets anabolisants \u00e9lev\u00e9s \/ sans effets androg\u00e8nes<\/p>\n<p>Dans le corps humain, l&rsquo;hormone de croissance est produite par l&rsquo;hypophyse. Il existe \u00e0 des niveaux particuli\u00e8rement \u00e9lev\u00e9s pendant l&rsquo;adolescence quand il favorise la croissance des tissus, le d\u00e9p\u00f4t de prot\u00e9ines et la d\u00e9gradation des r\u00e9serves de graisse sous-cutan\u00e9e. Lors de la maturation, les niveaux endog\u00e8nes de GH diminuent, mais restent pr\u00e9sents dans le corps \u00e0 un niveau nettement inf\u00e9rieur. Dans le corps, la structure r\u00e9elle de l&rsquo;hormone de croissance est une s\u00e9quence de 191 acides amin\u00e9s. Une fois que les scientifiques ont isol\u00e9 cette hormone, beaucoup ont \u00e9t\u00e9 convaincus qu&rsquo;elle pr\u00e9senterait des propri\u00e9t\u00e9s th\u00e9rapeutiques exceptionnelles. Il serait particuli\u00e8rement efficace dans les cas de nanisme hypophysaire d\u00e9ficient, le m\u00e9dicament r\u00e9tablissant peut-\u00eatre beaucoup de croissance lin\u00e9aire s&rsquo;il \u00e9tait administr\u00e9 pendant l&rsquo;adolescence.<\/p>\n<p>Les ann\u00e9es 1980 ont produit les premiers m\u00e9dicaments pr\u00e9par\u00e9s contenant de l&rsquo;hormone de croissance humaine. Le contenu a \u00e9t\u00e9 pr\u00e9lev\u00e9 sur une origine biologique, l&rsquo;hormone \u00e9tant extraite de l&rsquo;hypophyse de cadavres humains puis pr\u00e9par\u00e9e sous forme d&rsquo;injection m\u00e9dicale. Cette m\u00e9thode de production a cependant \u00e9t\u00e9 de courte dur\u00e9e, car elle \u00e9tait li\u00e9e \u00e0 la propagation d&rsquo;une maladie c\u00e9r\u00e9brale rare et mortelle. Aujourd&rsquo;hui, pratiquement toutes les formes de HGH sont fabriqu\u00e9es par synth\u00e8se. Le processus d&rsquo;ADN recombinant est tr\u00e8s complexe; en utilisant des lign\u00e9es de cellules bact\u00e9riennes ou de souris e-coli transform\u00e9es pour produire g\u00e9n\u00e9tiquement la structure hormonale. Il est tr\u00e8s peu probable que vous croisiez jamais l&rsquo;ancien article biologiquement actif sur le march\u00e9 noir (tel que Grorm), car tous ces produits devraient maintenant \u00eatre abandonn\u00e9s. Ici, aux \u00c9tats-Unis, deux compos\u00e9s distinctement structur\u00e9s sont fabriqu\u00e9s pour le march\u00e9 pharmaceutique. L&rsquo;\u00e9l\u00e9ment Humatrope d&rsquo;Eli Lilly Labs a la s\u00e9quence correcte de 191 acides amin\u00e9s tandis que le Protropin de Genentech en a 192. Cet acide amin\u00e9 suppl\u00e9mentaire augmente l\u00e9g\u00e8rement les chances de d\u00e9velopper une r\u00e9action d&rsquo;anticorps \u00e0 l&rsquo;hormone de croissance. La configuration de 191 acides amin\u00e9s est donc consid\u00e9r\u00e9e comme plus fiable, bien que la diff\u00e9rence ne soit pas grande. Protropin est toujours Anabolics 2002 consid\u00e9r\u00e9 comme un produit efficace et est prescrit r\u00e9guli\u00e8rement. En dehors des \u00c9tats-Unis, la grande majorit\u00e9 de HGH en circulation sera la s\u00e9quence correcte de 191 acides amin\u00e9s, donc cette distinction n&rsquo;est pas une grande pr\u00e9occupation.<\/p>\n<p>L&rsquo;utilisation de l&rsquo;hormone de croissance est de plus en plus populaire parmi les athl\u00e8tes, en raison bien s\u00fbr des nombreux avantages associ\u00e9s \u00e0 son utilisation. Pour commencer, la GH stimule la croissance dans la plupart des tissus corporels, principalement en raison de l&rsquo;augmentation du nombre de cellules plut\u00f4t que de la taille. Cela comprend le tissu musculaire squelettique et, \u00e0 l&rsquo;exception des yeux et du cerveau, tous les autres organes du corps. Le transport des acides amin\u00e9s est \u00e9galement augment\u00e9, tout comme le taux de synth\u00e8se des prot\u00e9ines. Tous ces effets sont en fait m\u00e9di\u00e9s par l&rsquo;IGF-1 (facteur de croissance analogue \u00e0 l&rsquo;insuline), une hormone hautement anabolique produite dans le foie et d&rsquo;autres tissus en r\u00e9ponse \u00e0 l&rsquo;hormone de croissance (les niveaux maximaux d&rsquo;IGF-1 sont not\u00e9s environ 20 heures apr\u00e8s l&rsquo;administration de HGH. ). L&rsquo;hormone de croissance elle-m\u00eame a \u00e9galement stimul\u00e9 l&rsquo;hydrolyse des triglyc\u00e9rides dans le tissu adipeux, entra\u00eenant g\u00e9n\u00e9ralement une perte de graisse notable pendant le traitement. La GH augmente \u00e9galement la production de glucose dans le foie et induit une r\u00e9sistance \u00e0 l&rsquo;insuline en bloquant l&rsquo;activit\u00e9 de cette hormone dans les cellules cibles. Un changement est observ\u00e9 o\u00f9 les graisses deviennent une source plus principale de carburant, am\u00e9liorant davantage la perte de graisse corporelle.<\/p>\n<p>Son effet favorisant la croissance semble \u00e9galement renforcer les tissus conjonctifs, le cartilage et les tendons. Cet effet devrait r\u00e9duire la vuln\u00e9rabilit\u00e9 aux blessures (en raison d&rsquo;un entra\u00eenement avec des poids lourds) et augmenter la capacit\u00e9 de levage (force). HGH est \u00e9galement un m\u00e9dicament s\u00fbr pour le \u00abtest de pisse\u00bb. Bien que son utilisation soit interdite par les comit\u00e9s sportifs, il n&rsquo;existe pas de m\u00e9thode de d\u00e9tection fiable. Cela montre clairement son attrait pour (entre autres) les bodybuilders professionnels, les athl\u00e8tes de force et les concurrents olympiques, qui sont capables d&rsquo;utiliser ce m\u00e9dicament directement lors d&rsquo;une comp\u00e9tition. On parle cependant qu&rsquo;un test fiable pour l&rsquo;administration exog\u00e8ne de l&rsquo;hormone de croissance a \u00e9t\u00e9 mis au point et est sur le point d&rsquo;\u00eatre mis en \u0153uvre. Jusqu&rsquo;\u00e0 ce que cela se produise, l&rsquo;hormone de croissance restera un m\u00e9dicament tr\u00e8s recherch\u00e9 pour l&rsquo;athl\u00e8te test\u00e9.<\/p>\n<p>Mais le degr\u00e9 dans lequel HGH travaille r\u00e9ellement pour un athl\u00e8te a fait l&rsquo;objet d&rsquo;un long d\u00e9bat. Certains pr\u00e9tendent que c&rsquo;est le Saint Graal des anabolisants, capables de choses \u00e9tonnantes. Capable de fournir une croissance musculaire incroyable et une perte de graisse incroyable en tr\u00e8s peu de temps. Puisqu&rsquo;il est utilis\u00e9 principalement par des concurrents s\u00e9rieux qui peuvent se permettre un m\u00e9dicament aussi co\u00fbteux, un grand nombre de mythes entoure davantage la discussion sur HGH (parmi ceux qui ne sont pas personnellement familiers). Beaucoup diront avec la plus grande confiance que la masse incroyable des concurrents olympiens chaque ann\u00e9e est \u00e0 100% due \u00e0 l&rsquo;utilisation de HGH. Avec son prix \u00e9lev\u00e9, certainement un achat incroyablement m\u00e9diocre face aux st\u00e9ro\u00efdes. Nous avons donc une tr\u00e8s grande vari\u00e9t\u00e9 d&rsquo;opinions concernant ce m\u00e9dicament, qui faut-il croire?<\/p>\n<p>Il est tout d&rsquo;abord important de comprendre pourquoi les r\u00e9sultats obtenus \u00e0 partir de ce m\u00e9dicament semblent tellement varier. Un facteur logique \u00e0 cet \u00e9gard semble \u00eatre le prix de ce m\u00e9dicament. En raison des techniques de fabrication \u00e9labor\u00e9es utilis\u00e9es pour le produire, il est extr\u00eamement co\u00fbteux. M\u00eame un cycle mod\u00e9r\u00e9ment dos\u00e9 pourrait co\u00fbter \u00e0 un athl\u00e8te entre 75 $ et 150 $ par dose quotidienne. La plupart ne peuvent pas ou ne veulent pas d\u00e9penser autant et bricolent \u00e0 la place avec de faibles doses de m\u00e9dicament. La plupart de ceux qui ont largement utilis\u00e9 cet article affirment qu&rsquo;il ne sera efficace qu&rsquo;\u00e0 des doses plus \u00e9lev\u00e9es. On s&rsquo;attendrait alors \u00e0 de mauvais r\u00e9sultats si de faibles quantit\u00e9s \u00e9taient utilis\u00e9es ou si le m\u00e9dicament n&rsquo;\u00e9tait pas administr\u00e9 quotidiennement. Si vous ne pouvez pas vous engager \u00e0 assumer la totalit\u00e9 des frais d&rsquo;un cycle de HGH, vous ne devriez vraiment pas essayer d&rsquo;utiliser le m\u00e9dicament.<\/p>\n<p>L&rsquo;athl\u00e8te masculin moyen aura g\u00e9n\u00e9ralement besoin d&rsquo;une dose comprise entre 4 et 6 UI. par jour pour obtenir les meilleurs r\u00e9sultats. Sur le bas de gamme peut-\u00eatre 1 \u00e0 2 I.U. peut \u00eatre utilis\u00e9 quotidiennement, mais cela reste une d\u00e9pense consid\u00e9rable. Le dosage quotidien est important, car HGH a une dur\u00e9e de vie tr\u00e8s courte dans le corps. Les concentrations sanguines maximales sont not\u00e9es rapidement (2 \u00e0 6 heures) apr\u00e8s l&rsquo;injection et l&rsquo;hormone est \u00e9limin\u00e9e du corps avec une demi-vie de seulement 20 \u00e0 30 minutes. De toute \u00e9vidence, il ne reste pas tr\u00e8s longtemps, ce qui rend les niveaux sanguins stables difficiles \u00e0 maintenir. Les effets de ce m\u00e9dicament sont \u00e9galement plus prononc\u00e9s lorsqu&rsquo;il est utilis\u00e9 pendant de plus longues p\u00e9riodes, souvent plusieurs mois. Certains l&rsquo;utilisent pendant des p\u00e9riodes plus courtes, mais g\u00e9n\u00e9ralement uniquement lorsqu&rsquo;ils recherchent une perte de graisse. \u00c0 cette fin, un cycle d&rsquo;au moins quatre semaines serait utilis\u00e9. Ce compos\u00e9 peut \u00eatre administr\u00e9 \u00e0 la fois par injection intramusculaire et sous-cutan\u00e9e. Les injections \u00ab\u00a0Sub-Q\u00a0\u00bb sont particuli\u00e8rement not\u00e9es pour produire une perte localis\u00e9e de graisse, obligeant l&rsquo;utilisateur \u00e0 changer r\u00e9guli\u00e8rement de point d&rsquo;injection pour uniformiser l&rsquo;effet. Une perte g\u00e9n\u00e9rale de graisse semble \u00eatre la seule caract\u00e9ristique sur laquelle la plupart des gens s&rsquo;accordent. Il semble que les propri\u00e9t\u00e9s de combustion des graisses de ce m\u00e9dicament soient plus rapidement apparentes et moins d\u00e9pendantes des doses \u00e9lev\u00e9es.<\/p>","protected":false},"excerpt":{"rendered":"<p>Nom du produit: SPtropin Fabricant: Sp Laboratories Pr\u00e9sentation: bo\u00eete de 10 flacons x 3,33 mg (10 UI) = 100 UI<\/p>\n","protected":false},"featured_media":5374,"comment_status":"open","ping_status":"closed","template":"","meta":[],"product_brand":[],"product_cat":[76],"product_tag":[],"class_list":{"0":"post-5373","1":"product","2":"type-product","3":"status-publish","4":"has-post-thumbnail","6":"product_cat-hgh_peptido","8":"first","9":"outofstock","10":"shipping-taxable","11":"purchasable","12":"product-type-simple"},"yoast_head":"<!-- This site is optimized with the Yoast SEO Premium plugin v24.4 (Yoast SEO v27.3) - https:\/\/yoast.com\/product\/yoast-seo-premium-wordpress\/ -->\n<title>SP TROPIN 100 iu - (Espa\u00f1ol) Esteroides en l\u00ednea<\/title>\n<meta name=\"robots\" content=\"index, follow, max-snippet:-1, max-image-preview:large, max-video-preview:-1\" \/>\n<link rel=\"canonical\" href=\"https:\/\/iberoid-shop.com\/fr\/product\/sp-tropin-100-iu\/\" \/>\n<meta property=\"og:locale\" content=\"fr_FR\" \/>\n<meta property=\"og:type\" content=\"article\" \/>\n<meta property=\"og:title\" content=\"SP TROPIN 100 iu\" \/>\n<meta property=\"og:description\" content=\"Nom du produit: SPtropin Fabricant: Sp Laboratories Pr\u00e9sentation: bo\u00eete de 10 flacons x 3,33 mg (10 UI) = 100 UI\" \/>\n<meta property=\"og:url\" content=\"https:\/\/iberoid-shop.com\/fr\/product\/sp-tropin-100-iu\/\" \/>\n<meta property=\"og:site_name\" content=\"(Espa\u00f1ol) Esteroides en l\u00ednea\" \/>\n<meta property=\"article:modified_time\" content=\"2023-07-28T11:01:21+00:00\" \/>\n<meta property=\"og:image\" content=\"https:\/\/iberoid-shop.com\/wp-content\/uploads\/2020\/10\/product_15269917874718sptropin.jpg?v=1678120087\" \/>\n\t<meta property=\"og:image:width\" content=\"388\" \/>\n\t<meta property=\"og:image:height\" content=\"388\" \/>\n\t<meta property=\"og:image:type\" content=\"image\/jpeg\" \/>\n<meta name=\"twitter:card\" content=\"summary_large_image\" \/>\n<meta name=\"twitter:label1\" content=\"Prix\" \/>\n\t<meta name=\"twitter:data1\" content=\"&euro;130.00\" \/>\n\t<meta name=\"twitter:label2\" content=\"Disponibilit\u00e9\" \/>\n\t<meta name=\"twitter:data2\" content=\"Rupture de stock\" \/>\n<script type=\"application\/ld+json\" class=\"yoast-schema-graph\">{\"@context\":\"https:\\\/\\\/schema.org\",\"@graph\":[{\"@type\":\"WebPage\",\"@id\":\"https:\\\/\\\/iberoid-shop.com\\\/fr\\\/product\\\/sp-tropin-100-iu\\\/\",\"url\":\"https:\\\/\\\/iberoid-shop.com\\\/fr\\\/product\\\/sp-tropin-100-iu\\\/\",\"name\":\"SP TROPIN 100 iu - (Espa\u00f1ol) Esteroides en l\u00ednea\",\"isPartOf\":{\"@id\":\"https:\\\/\\\/iberoid.com\\\/#website\"},\"primaryImageOfPage\":{\"@id\":\"https:\\\/\\\/iberoid-shop.com\\\/fr\\\/product\\\/sp-tropin-100-iu\\\/#primaryimage\"},\"image\":{\"@id\":\"https:\\\/\\\/iberoid-shop.com\\\/fr\\\/product\\\/sp-tropin-100-iu\\\/#primaryimage\"},\"thumbnailUrl\":\"https:\\\/\\\/iberoid-shop.com\\\/wp-content\\\/uploads\\\/2020\\\/10\\\/product_15269917874718sptropin.jpg?v=1678120087\",\"datePublished\":\"2020-10-09T10:43:10+00:00\",\"dateModified\":\"2023-07-28T11:01:21+00:00\",\"breadcrumb\":{\"@id\":\"https:\\\/\\\/iberoid-shop.com\\\/fr\\\/product\\\/sp-tropin-100-iu\\\/#breadcrumb\"},\"inLanguage\":\"fr-FR\",\"potentialAction\":[{\"@type\":\"ReadAction\",\"target\":[[\"https:\\\/\\\/iberoid-shop.com\\\/fr\\\/product\\\/sp-tropin-100-iu\\\/\"]]}]},{\"@type\":\"ImageObject\",\"inLanguage\":\"fr-FR\",\"@id\":\"https:\\\/\\\/iberoid-shop.com\\\/fr\\\/product\\\/sp-tropin-100-iu\\\/#primaryimage\",\"url\":\"https:\\\/\\\/iberoid-shop.com\\\/wp-content\\\/uploads\\\/2020\\\/10\\\/product_15269917874718sptropin.jpg?v=1678120087\",\"contentUrl\":\"https:\\\/\\\/iberoid-shop.com\\\/wp-content\\\/uploads\\\/2020\\\/10\\\/product_15269917874718sptropin.jpg?v=1678120087\",\"width\":388,\"height\":388},{\"@type\":\"BreadcrumbList\",\"@id\":\"https:\\\/\\\/iberoid-shop.com\\\/fr\\\/product\\\/sp-tropin-100-iu\\\/#breadcrumb\",\"itemListElement\":[{\"@type\":\"ListItem\",\"position\":1,\"name\":\"Portada\",\"item\":\"https:\\\/\\\/iberoid.com\\\/\"},{\"@type\":\"ListItem\",\"position\":2,\"name\":\"Magasin\",\"item\":\"https:\\\/\\\/iberoid-shop.com\\\/fr\\\/shop\\\/\"},{\"@type\":\"ListItem\",\"position\":3,\"name\":\"SP TROPIN 100 iu\"}]},{\"@type\":\"WebSite\",\"@id\":\"https:\\\/\\\/iberoid.com\\\/#website\",\"url\":\"https:\\\/\\\/iberoid.com\\\/\",\"name\":\"(Espa\u00f1ol) Esteroides en l\u00ednea\",\"description\":\"(Espa\u00f1ol) Comprar esteroides en l\u00ednea hoy en Espa\u00f1a y Portugal. Tenemos el mejor servicio al cliente en la industria y los productos de la m\u00e1s alta calidad\",\"potentialAction\":[{\"@type\":\"SearchAction\",\"target\":{\"@type\":\"EntryPoint\",\"urlTemplate\":\"https:\\\/\\\/iberoid.com\\\/?s={search_term_string}\"},\"query-input\":{\"@type\":\"PropertyValueSpecification\",\"valueRequired\":true,\"valueName\":\"search_term_string\"}}],\"inLanguage\":\"fr-FR\"}]}<\/script>\n<meta property=\"product:brand\" content=\"SP Laboratories\" \/>\n<meta property=\"product:price:amount\" content=\"130.00\" \/>\n<meta property=\"product:price:currency\" content=\"EUR\" \/>\n<meta property=\"og:availability\" content=\"out of stock\" \/>\n<meta property=\"product:availability\" content=\"out of stock\" \/>\n<meta property=\"product:condition\" content=\"new\" \/>\n<!-- \/ Yoast SEO Premium plugin. -->","yoast_head_json":{"title":"SP TROPIN 100 iu - (Espa\u00f1ol) Esteroides en l\u00ednea","robots":{"index":"index","follow":"follow","max-snippet":"max-snippet:-1","max-image-preview":"max-image-preview:large","max-video-preview":"max-video-preview:-1"},"canonical":"https:\/\/iberoid-shop.com\/fr\/product\/sp-tropin-100-iu\/","og_locale":"fr_FR","og_type":"article","og_title":"SP TROPIN 100 iu","og_description":"Nom du produit: SPtropin Fabricant: Sp Laboratories Pr\u00e9sentation: bo\u00eete de 10 flacons x 3,33 mg (10 UI) = 100 UI","og_url":"https:\/\/iberoid-shop.com\/fr\/product\/sp-tropin-100-iu\/","og_site_name":"(Espa\u00f1ol) Esteroides en l\u00ednea","article_modified_time":"2023-07-28T11:01:21+00:00","og_image":[{"width":388,"height":388,"url":"https:\/\/iberoid-shop.com\/wp-content\/uploads\/2020\/10\/product_15269917874718sptropin.jpg?v=1678120087","type":"image\/jpeg"}],"twitter_card":"summary_large_image","twitter_misc":{"Prix":"&euro;130.00","Disponibilit\u00e9":"Rupture de stock"},"schema":{"@context":"https:\/\/schema.org","@graph":[{"@type":"WebPage","@id":"https:\/\/iberoid-shop.com\/fr\/product\/sp-tropin-100-iu\/","url":"https:\/\/iberoid-shop.com\/fr\/product\/sp-tropin-100-iu\/","name":"SP TROPIN 100 iu - (Espa\u00f1ol) Esteroides en l\u00ednea","isPartOf":{"@id":"https:\/\/iberoid.com\/#website"},"primaryImageOfPage":{"@id":"https:\/\/iberoid-shop.com\/fr\/product\/sp-tropin-100-iu\/#primaryimage"},"image":{"@id":"https:\/\/iberoid-shop.com\/fr\/product\/sp-tropin-100-iu\/#primaryimage"},"thumbnailUrl":"https:\/\/iberoid-shop.com\/wp-content\/uploads\/2020\/10\/product_15269917874718sptropin.jpg?v=1678120087","datePublished":"2020-10-09T10:43:10+00:00","dateModified":"2023-07-28T11:01:21+00:00","breadcrumb":{"@id":"https:\/\/iberoid-shop.com\/fr\/product\/sp-tropin-100-iu\/#breadcrumb"},"inLanguage":"fr-FR","potentialAction":[{"@type":"ReadAction","target":[["https:\/\/iberoid-shop.com\/fr\/product\/sp-tropin-100-iu\/"]]}]},{"@type":"ImageObject","inLanguage":"fr-FR","@id":"https:\/\/iberoid-shop.com\/fr\/product\/sp-tropin-100-iu\/#primaryimage","url":"https:\/\/iberoid-shop.com\/wp-content\/uploads\/2020\/10\/product_15269917874718sptropin.jpg?v=1678120087","contentUrl":"https:\/\/iberoid-shop.com\/wp-content\/uploads\/2020\/10\/product_15269917874718sptropin.jpg?v=1678120087","width":388,"height":388},{"@type":"BreadcrumbList","@id":"https:\/\/iberoid-shop.com\/fr\/product\/sp-tropin-100-iu\/#breadcrumb","itemListElement":[{"@type":"ListItem","position":1,"name":"Portada","item":"https:\/\/iberoid.com\/"},{"@type":"ListItem","position":2,"name":"Magasin","item":"https:\/\/iberoid-shop.com\/fr\/shop\/"},{"@type":"ListItem","position":3,"name":"SP TROPIN 100 iu"}]},{"@type":"WebSite","@id":"https:\/\/iberoid.com\/#website","url":"https:\/\/iberoid.com\/","name":"(Espa\u00f1ol) Esteroides en l\u00ednea","description":"(Espa\u00f1ol) Comprar esteroides en l\u00ednea hoy en Espa\u00f1a y Portugal. Tenemos el mejor servicio al cliente en la industria y los productos de la m\u00e1s alta calidad","potentialAction":[{"@type":"SearchAction","target":{"@type":"EntryPoint","urlTemplate":"https:\/\/iberoid.com\/?s={search_term_string}"},"query-input":{"@type":"PropertyValueSpecification","valueRequired":true,"valueName":"search_term_string"}}],"inLanguage":"fr-FR"}]},"product_brand":"SP Laboratories","product_price_amount":"130.00","product_price_currency":"EUR","og_availability":"out of stock","product_availability":"out of stock","product_condition":"new"},"_links":{"self":[{"href":"https:\/\/iberoid-shop.com\/fr\/wp-json\/wp\/v2\/product\/5373","targetHints":{"allow":["GET"]}}],"collection":[{"href":"https:\/\/iberoid-shop.com\/fr\/wp-json\/wp\/v2\/product"}],"about":[{"href":"https:\/\/iberoid-shop.com\/fr\/wp-json\/wp\/v2\/types\/product"}],"replies":[{"embeddable":true,"href":"https:\/\/iberoid-shop.com\/fr\/wp-json\/wp\/v2\/comments?post=5373"}],"wp:featuredmedia":[{"embeddable":true,"href":"https:\/\/iberoid-shop.com\/fr\/wp-json\/wp\/v2\/media\/5374"}],"wp:attachment":[{"href":"https:\/\/iberoid-shop.com\/fr\/wp-json\/wp\/v2\/media?parent=5373"}],"wp:term":[{"taxonomy":"product_brand","embeddable":true,"href":"https:\/\/iberoid-shop.com\/fr\/wp-json\/wp\/v2\/product_brand?post=5373"},{"taxonomy":"product_cat","embeddable":true,"href":"https:\/\/iberoid-shop.com\/fr\/wp-json\/wp\/v2\/product_cat?post=5373"},{"taxonomy":"product_tag","embeddable":true,"href":"https:\/\/iberoid-shop.com\/fr\/wp-json\/wp\/v2\/product_tag?post=5373"}],"curies":[{"name":"wp","href":"https:\/\/api.w.org\/{rel}","templated":true}]}}