{"id":5371,"date":"2020-10-09T10:40:14","date_gmt":"2020-10-09T10:40:14","guid":{"rendered":"https:\/\/iberoid-shop.com\/?post_type=product&#038;p=5371"},"modified":"2022-01-15T14:17:23","modified_gmt":"2022-01-15T14:17:23","slug":"equipoise-boldenona-e-200sp-laboratories","status":"publish","type":"product","link":"https:\/\/iberoid-shop.com\/fr\/product\/equipoise-boldenona-e-200sp-laboratories\/","title":{"rendered":"EQUIPOISE BOLDENONA-E 200"},"content":{"rendered":"<p>Nom du produit: Equipoise Boldenone E<br \/>\nFabricant: SP Laboratories<br \/>\nPr\u00e9sentation: flacon de 10 ml de 200 mg \/ ml<br \/>\nSubstance active: boldenone Undecinelate<\/p>\n<p>Vie active: 7-10 jours<br \/>\nUtilisation sugg\u00e9r\u00e9e: 300-600 mg \/ sapt<br \/>\nAcn\u00e9: Oui, si vous \u00eates sujette.<br \/>\nEau retenue: 20% par rapport \u00e0 la testost\u00e9rone<br \/>\nHaute tension: rarement<br \/>\nToxicit\u00e9 h\u00e9patique: NON<br \/>\nConversion DHT: Non, le NOR-DHT<br \/>\nAr\u00f4me: faible et norestrog\u00e9nique<br \/>\nPropre test d&rsquo;inhibition: mod\u00e9r\u00e9<\/p>\n<p>C&rsquo;est un d\u00e9riv\u00e9 de la testost\u00e9rone, qui produit une forte faiblesse anabolique et androg\u00e9nique. L&rsquo;activit\u00e9 st\u00e9ro\u00efde ester Undecilenat s&rsquo;\u00e9tend bien cliniquement comme adminsitrat tous les 3-4 spatamani. En m\u00e9decine v\u00e9t\u00e9rinaire, il est principalement utilis\u00e9 chez les chevaux.<br \/>\nIl semble que Equipoise peut augmenter le nombre de globules rouges. Les effets b\u00e9n\u00e9fiques de ce st\u00e9ro\u00efde sont tr\u00e8s appr\u00e9ci\u00e9s des sportifs, c&rsquo;est un st\u00e9ro\u00efde de plus en plus populaire ces derni\u00e8res ann\u00e9es. Il est consid\u00e9r\u00e9 par beaucoup comme un Deca-Durabolin plus fort. Il est bon march\u00e9 et peut remplacer Deca dans un cycle sans probl\u00e8mes. Les effets secondaires de ce st\u00e9ro\u00efde sont g\u00e9n\u00e9ralement l\u00e9gers. La structure peut se convertir en \u0153strog\u00e8ne mais pas trop d&rsquo;affinit\u00e9 pour le faire. Ainsi, les effets secondaires \u0153strog\u00e9niques tels que la r\u00e9tention d&rsquo;eau, l&rsquo;accumulation de graisse et la gyn\u00e9comastie sont th\u00e9oriquement possibles, mais les chances sont faibles \u00e0 mod\u00e9r\u00e9es.<\/p>\n<p>De m\u00eame, si des effets secondaires androg\u00e8nes. La peau grasse, l&rsquo;acn\u00e9 et la calvitie peuvent survenir, mais \u00e0 des doses plus \u00e9lev\u00e9es. Bien que la lumi\u00e8re soit un st\u00e9ro\u00efde, elle peut avoir des effets suppressifs sur leur production de testost\u00e9rone, de sorte que l&rsquo;utilisation de HCG et de Nolvadex apr\u00e8s le cycle peut \u00eatre n\u00e9cessaire, en particulier lorsque le cycle est long.<\/p>\n<p>Il est administr\u00e9 au moins une fois par semaine, \u00e0 des doses de 200 \u00e0 400 mg par semaine. Se trouve g\u00e9n\u00e9ralement emball\u00e9 dans des flacons de 25 mg et une telle administration peut devenir inconfortable avec le grand nombre d&rsquo;injections. Ainsi, des doses plus petites peuvent \u00eatre administr\u00e9es une fois tous les deux jours pour donner la quantit\u00e9 d\u00e9sir\u00e9e accumul\u00e9e par semaine. Le site d&rsquo;injection doit \u00eatre tourn\u00e9 pour \u00e9viter l&rsquo;irritation. Si vous prenez une dose trop importante de substance huileuse en un seul endroit, vous pouvez avoir des complications chirurgicales. Donc, pour \u00e9viter que pas plus de 3 ml inject\u00e9s \u00e0 la fois.<\/p>","protected":false},"excerpt":{"rendered":"<p>Nom du produit: Equipoise Boldenone E Fabricant: SP Laboratories Pr\u00e9sentation: flacon de 10 ml de 200 mg \/ ml Substance<\/p>\n","protected":false},"featured_media":5372,"comment_status":"open","ping_status":"closed","template":"","meta":[],"product_brand":[],"product_cat":[69],"product_tag":[],"class_list":{"0":"post-5371","1":"product","2":"type-product","3":"status-publish","4":"has-post-thumbnail","6":"product_cat-esteroides_inyectables","8":"first","9":"outofstock","10":"shipping-taxable","11":"purchasable","12":"product-type-simple"},"yoast_head":"<!-- This site is optimized with the Yoast SEO Premium plugin v24.4 (Yoast SEO v27.3) - https:\/\/yoast.com\/product\/yoast-seo-premium-wordpress\/ -->\n<title>EQUIPOISE BOLDENONA-E 200 - (Espa\u00f1ol) Esteroides en l\u00ednea<\/title>\n<meta name=\"robots\" content=\"index, follow, max-snippet:-1, max-image-preview:large, max-video-preview:-1\" \/>\n<link rel=\"canonical\" href=\"https:\/\/iberoid-shop.com\/fr\/product\/equipoise-boldenona-e-200sp-laboratories\/\" \/>\n<meta property=\"og:locale\" content=\"fr_FR\" \/>\n<meta property=\"og:type\" content=\"article\" \/>\n<meta property=\"og:title\" content=\"EQUIPOISE BOLDENONA-E 200\" \/>\n<meta property=\"og:description\" content=\"Nom du produit: Equipoise Boldenone E Fabricant: SP Laboratories Pr\u00e9sentation: flacon de 10 ml de 200 mg \/ ml Substance\" \/>\n<meta property=\"og:url\" content=\"https:\/\/iberoid-shop.com\/fr\/product\/equipoise-boldenona-e-200sp-laboratories\/\" \/>\n<meta property=\"og:site_name\" content=\"(Espa\u00f1ol) Esteroides en l\u00ednea\" \/>\n<meta property=\"article:modified_time\" content=\"2022-01-15T14:17:23+00:00\" \/>\n<meta property=\"og:image\" content=\"https:\/\/iberoid-shop.com\/wp-content\/uploads\/2020\/10\/bolde.jpg?v=1678120088\" \/>\n\t<meta property=\"og:image:width\" content=\"388\" \/>\n\t<meta property=\"og:image:height\" content=\"388\" \/>\n\t<meta property=\"og:image:type\" content=\"image\/jpeg\" \/>\n<meta name=\"twitter:card\" content=\"summary_large_image\" \/>\n<meta name=\"twitter:label1\" content=\"Prix\" \/>\n\t<meta name=\"twitter:data1\" content=\"&euro;60.00\" \/>\n\t<meta name=\"twitter:label2\" content=\"Disponibilit\u00e9\" \/>\n\t<meta name=\"twitter:data2\" content=\"Rupture de stock\" \/>\n<script type=\"application\/ld+json\" class=\"yoast-schema-graph\">{\"@context\":\"https:\\\/\\\/schema.org\",\"@graph\":[{\"@type\":\"WebPage\",\"@id\":\"https:\\\/\\\/iberoid-shop.com\\\/fr\\\/product\\\/equipoise-boldenona-e-200sp-laboratories\\\/\",\"url\":\"https:\\\/\\\/iberoid-shop.com\\\/fr\\\/product\\\/equipoise-boldenona-e-200sp-laboratories\\\/\",\"name\":\"EQUIPOISE BOLDENONA-E 200 - (Espa\u00f1ol) Esteroides en l\u00ednea\",\"isPartOf\":{\"@id\":\"https:\\\/\\\/iberoid.com\\\/#website\"},\"primaryImageOfPage\":{\"@id\":\"https:\\\/\\\/iberoid-shop.com\\\/fr\\\/product\\\/equipoise-boldenona-e-200sp-laboratories\\\/#primaryimage\"},\"image\":{\"@id\":\"https:\\\/\\\/iberoid-shop.com\\\/fr\\\/product\\\/equipoise-boldenona-e-200sp-laboratories\\\/#primaryimage\"},\"thumbnailUrl\":\"https:\\\/\\\/iberoid-shop.com\\\/wp-content\\\/uploads\\\/2020\\\/10\\\/bolde.jpg?v=1678120088\",\"datePublished\":\"2020-10-09T10:40:14+00:00\",\"dateModified\":\"2022-01-15T14:17:23+00:00\",\"breadcrumb\":{\"@id\":\"https:\\\/\\\/iberoid-shop.com\\\/fr\\\/product\\\/equipoise-boldenona-e-200sp-laboratories\\\/#breadcrumb\"},\"inLanguage\":\"fr-FR\",\"potentialAction\":[{\"@type\":\"ReadAction\",\"target\":[[\"https:\\\/\\\/iberoid-shop.com\\\/fr\\\/product\\\/equipoise-boldenona-e-200sp-laboratories\\\/\"]]}]},{\"@type\":\"ImageObject\",\"inLanguage\":\"fr-FR\",\"@id\":\"https:\\\/\\\/iberoid-shop.com\\\/fr\\\/product\\\/equipoise-boldenona-e-200sp-laboratories\\\/#primaryimage\",\"url\":\"https:\\\/\\\/iberoid-shop.com\\\/wp-content\\\/uploads\\\/2020\\\/10\\\/bolde.jpg?v=1678120088\",\"contentUrl\":\"https:\\\/\\\/iberoid-shop.com\\\/wp-content\\\/uploads\\\/2020\\\/10\\\/bolde.jpg?v=1678120088\",\"width\":388,\"height\":388},{\"@type\":\"BreadcrumbList\",\"@id\":\"https:\\\/\\\/iberoid-shop.com\\\/fr\\\/product\\\/equipoise-boldenona-e-200sp-laboratories\\\/#breadcrumb\",\"itemListElement\":[{\"@type\":\"ListItem\",\"position\":1,\"name\":\"Portada\",\"item\":\"https:\\\/\\\/iberoid.com\\\/\"},{\"@type\":\"ListItem\",\"position\":2,\"name\":\"Magasin\",\"item\":\"https:\\\/\\\/iberoid-shop.com\\\/fr\\\/shop\\\/\"},{\"@type\":\"ListItem\",\"position\":3,\"name\":\"EQUIPOISE BOLDENONA-E 200\"}]},{\"@type\":\"WebSite\",\"@id\":\"https:\\\/\\\/iberoid.com\\\/#website\",\"url\":\"https:\\\/\\\/iberoid.com\\\/\",\"name\":\"(Espa\u00f1ol) Esteroides en l\u00ednea\",\"description\":\"(Espa\u00f1ol) Comprar esteroides en l\u00ednea hoy en Espa\u00f1a y Portugal. Tenemos el mejor servicio al cliente en la industria y los productos de la m\u00e1s alta calidad\",\"potentialAction\":[{\"@type\":\"SearchAction\",\"target\":{\"@type\":\"EntryPoint\",\"urlTemplate\":\"https:\\\/\\\/iberoid.com\\\/?s={search_term_string}\"},\"query-input\":{\"@type\":\"PropertyValueSpecification\",\"valueRequired\":true,\"valueName\":\"search_term_string\"}}],\"inLanguage\":\"fr-FR\"}]}<\/script>\n<meta property=\"product:brand\" content=\"SP Laboratories\" \/>\n<meta property=\"product:price:amount\" content=\"60.00\" \/>\n<meta property=\"product:price:currency\" content=\"EUR\" \/>\n<meta property=\"og:availability\" content=\"out of stock\" \/>\n<meta property=\"product:availability\" content=\"out of stock\" \/>\n<meta property=\"product:condition\" content=\"new\" \/>\n<!-- \/ Yoast SEO Premium plugin. -->","yoast_head_json":{"title":"EQUIPOISE BOLDENONA-E 200 - (Espa\u00f1ol) Esteroides en l\u00ednea","robots":{"index":"index","follow":"follow","max-snippet":"max-snippet:-1","max-image-preview":"max-image-preview:large","max-video-preview":"max-video-preview:-1"},"canonical":"https:\/\/iberoid-shop.com\/fr\/product\/equipoise-boldenona-e-200sp-laboratories\/","og_locale":"fr_FR","og_type":"article","og_title":"EQUIPOISE BOLDENONA-E 200","og_description":"Nom du produit: Equipoise Boldenone E Fabricant: SP Laboratories Pr\u00e9sentation: flacon de 10 ml de 200 mg \/ ml Substance","og_url":"https:\/\/iberoid-shop.com\/fr\/product\/equipoise-boldenona-e-200sp-laboratories\/","og_site_name":"(Espa\u00f1ol) Esteroides en l\u00ednea","article_modified_time":"2022-01-15T14:17:23+00:00","og_image":[{"width":388,"height":388,"url":"https:\/\/iberoid-shop.com\/wp-content\/uploads\/2020\/10\/bolde.jpg?v=1678120088","type":"image\/jpeg"}],"twitter_card":"summary_large_image","twitter_misc":{"Prix":"&euro;60.00","Disponibilit\u00e9":"Rupture de stock"},"schema":{"@context":"https:\/\/schema.org","@graph":[{"@type":"WebPage","@id":"https:\/\/iberoid-shop.com\/fr\/product\/equipoise-boldenona-e-200sp-laboratories\/","url":"https:\/\/iberoid-shop.com\/fr\/product\/equipoise-boldenona-e-200sp-laboratories\/","name":"EQUIPOISE BOLDENONA-E 200 - (Espa\u00f1ol) Esteroides en l\u00ednea","isPartOf":{"@id":"https:\/\/iberoid.com\/#website"},"primaryImageOfPage":{"@id":"https:\/\/iberoid-shop.com\/fr\/product\/equipoise-boldenona-e-200sp-laboratories\/#primaryimage"},"image":{"@id":"https:\/\/iberoid-shop.com\/fr\/product\/equipoise-boldenona-e-200sp-laboratories\/#primaryimage"},"thumbnailUrl":"https:\/\/iberoid-shop.com\/wp-content\/uploads\/2020\/10\/bolde.jpg?v=1678120088","datePublished":"2020-10-09T10:40:14+00:00","dateModified":"2022-01-15T14:17:23+00:00","breadcrumb":{"@id":"https:\/\/iberoid-shop.com\/fr\/product\/equipoise-boldenona-e-200sp-laboratories\/#breadcrumb"},"inLanguage":"fr-FR","potentialAction":[{"@type":"ReadAction","target":[["https:\/\/iberoid-shop.com\/fr\/product\/equipoise-boldenona-e-200sp-laboratories\/"]]}]},{"@type":"ImageObject","inLanguage":"fr-FR","@id":"https:\/\/iberoid-shop.com\/fr\/product\/equipoise-boldenona-e-200sp-laboratories\/#primaryimage","url":"https:\/\/iberoid-shop.com\/wp-content\/uploads\/2020\/10\/bolde.jpg?v=1678120088","contentUrl":"https:\/\/iberoid-shop.com\/wp-content\/uploads\/2020\/10\/bolde.jpg?v=1678120088","width":388,"height":388},{"@type":"BreadcrumbList","@id":"https:\/\/iberoid-shop.com\/fr\/product\/equipoise-boldenona-e-200sp-laboratories\/#breadcrumb","itemListElement":[{"@type":"ListItem","position":1,"name":"Portada","item":"https:\/\/iberoid.com\/"},{"@type":"ListItem","position":2,"name":"Magasin","item":"https:\/\/iberoid-shop.com\/fr\/shop\/"},{"@type":"ListItem","position":3,"name":"EQUIPOISE BOLDENONA-E 200"}]},{"@type":"WebSite","@id":"https:\/\/iberoid.com\/#website","url":"https:\/\/iberoid.com\/","name":"(Espa\u00f1ol) Esteroides en l\u00ednea","description":"(Espa\u00f1ol) Comprar esteroides en l\u00ednea hoy en Espa\u00f1a y Portugal. Tenemos el mejor servicio al cliente en la industria y los productos de la m\u00e1s alta calidad","potentialAction":[{"@type":"SearchAction","target":{"@type":"EntryPoint","urlTemplate":"https:\/\/iberoid.com\/?s={search_term_string}"},"query-input":{"@type":"PropertyValueSpecification","valueRequired":true,"valueName":"search_term_string"}}],"inLanguage":"fr-FR"}]},"product_brand":"SP Laboratories","product_price_amount":"60.00","product_price_currency":"EUR","og_availability":"out of stock","product_availability":"out of stock","product_condition":"new"},"_links":{"self":[{"href":"https:\/\/iberoid-shop.com\/fr\/wp-json\/wp\/v2\/product\/5371","targetHints":{"allow":["GET"]}}],"collection":[{"href":"https:\/\/iberoid-shop.com\/fr\/wp-json\/wp\/v2\/product"}],"about":[{"href":"https:\/\/iberoid-shop.com\/fr\/wp-json\/wp\/v2\/types\/product"}],"replies":[{"embeddable":true,"href":"https:\/\/iberoid-shop.com\/fr\/wp-json\/wp\/v2\/comments?post=5371"}],"wp:featuredmedia":[{"embeddable":true,"href":"https:\/\/iberoid-shop.com\/fr\/wp-json\/wp\/v2\/media\/5372"}],"wp:attachment":[{"href":"https:\/\/iberoid-shop.com\/fr\/wp-json\/wp\/v2\/media?parent=5371"}],"wp:term":[{"taxonomy":"product_brand","embeddable":true,"href":"https:\/\/iberoid-shop.com\/fr\/wp-json\/wp\/v2\/product_brand?post=5371"},{"taxonomy":"product_cat","embeddable":true,"href":"https:\/\/iberoid-shop.com\/fr\/wp-json\/wp\/v2\/product_cat?post=5371"},{"taxonomy":"product_tag","embeddable":true,"href":"https:\/\/iberoid-shop.com\/fr\/wp-json\/wp\/v2\/product_tag?post=5371"}],"curies":[{"name":"wp","href":"https:\/\/api.w.org\/{rel}","templated":true}]}}