{"id":5369,"date":"2020-10-09T10:37:55","date_gmt":"2020-10-09T10:37:55","guid":{"rendered":"https:\/\/iberoid-shop.com\/?post_type=product&#038;p=5369"},"modified":"2023-10-13T23:49:06","modified_gmt":"2023-10-13T23:49:06","slug":"sp-enanthate","status":"publish","type":"product","link":"https:\/\/iberoid-shop.com\/fr\/product\/sp-enanthate\/","title":{"rendered":"SP ENANTHATE"},"content":{"rendered":"<p>Nom du produit: SP Enathate<br \/>\nFabricant SP Laboratories India<br \/>\nPr\u00e9sentation: 10 ml 250 mg \/ ml<br \/>\nProduits chimiques actifs: \u00e9nanthate de testost\u00e9rone<\/p>\n<p>L&rsquo;\u00e9nanthate de testost\u00e9rone est le cipionat de testost\u00e9rone st\u00e9ro\u00efde europ\u00e9en correspondant aux \u00c9tats-Unis.<br \/>\nL&rsquo;injection de st\u00e9ro\u00efdes est une forme de solution huileuse, con\u00e7ue pour lib\u00e9rer lentement la testost\u00e9rone. Il a une longue dur\u00e9e d&rsquo;action est de 2-3 semaines. En m\u00e9decine, c&rsquo;est le m\u00e9dicament le plus prescrit sur la testost\u00e9rone.<br \/>\nTetsosteronul est une hormone puissante avec de nombreux effets secondaires potentiels, la plupart dus au fait que la testost\u00e9rone a tendance \u00e0 se convertir compl\u00e8tement en \u0153strog\u00e8ne. La r\u00e9tention d&rsquo;eau sera visible assez rapidement, et observera une accumulation de graisse. Ce n&rsquo;est donc pas un st\u00e9ro\u00efde qui est utilis\u00e9 lorsque vous souhaitez d\u00e9finir ou avant les comp\u00e9titions. Il existe un risque possible de gyn\u00e9comastie. Par cons\u00e9quent, sugg\u00e9rez l&rsquo;ajout de Nolvadex et \/ ou Proviron pendant le cycle. Un choix encore meilleur est Armidexul, mais c&rsquo;est une pr\u00e9paration assez co\u00fbteuse. On pense que l&rsquo;utilisation d&rsquo;anti-\u0153strog\u00e8ne pendant un cycle qui suit l&rsquo;accumulation d&rsquo;autant de masse peut ralentir ce processus. Par cons\u00e9quent, ils ne seront ajout\u00e9s que s&rsquo;il est consid\u00e9r\u00e9 que c&rsquo;est vraiment n\u00e9cessaire. Un peu de gonflement sous le mamelon suivi de douleur et de n\u0153uds dans la m\u00eame zone sont des signes de ginecomastieni. S&rsquo;ils semblent \u00eatre arr\u00eat\u00e9s le plus t\u00f4t possible, ou en ajoutant l&rsquo;anti-\u0153strog\u00e8ne.<\/p>\n<p>Des effets ind\u00e9sirables peuvent survenir sous forme d&rsquo;androg\u00e8nes tels que l&rsquo;acn\u00e9, la croissance des poils du visage et du corps, la peau grasse et la calvitie. Il peut \u00eatre utilis\u00e9 simultan\u00e9ment et Proscar, ce qui r\u00e9duira ces effets. La plupart des testost\u00e9rone ne sont pas si ennuyeux, en particulier en comparant les r\u00e9sultats finaux, qui sont \u00e0 l&rsquo;origine et la grande popularit\u00e9 de ces st\u00e9ro\u00efdes.<\/p>\n<p>La dose typique est de 250 mg \u00e0 750 mg par semaine. Au cours de cette dose, les effets \u0153strog\u00e9niques seront plus prononc\u00e9s, avec des gains n\u00e9compens\u00e9s et table. Cycle peut \u00eatre ajout\u00e9 sous forme de st\u00e9ro\u00efdes Anapolon 50 ou Dianabol conduisant \u00e0 des gains \u00e9normes. Pour ceux qui veulent rester au plus pr\u00e8s de la d\u00e9finition recommand\u00e9e, utilisez Deca-Durabolin ou Equipoise.<\/p>","protected":false},"excerpt":{"rendered":"<p>Nom du produit: SP Enathate Fabricant SP Laboratories India Pr\u00e9sentation: 10 ml 250 mg \/ ml Produits chimiques actifs: \u00e9nanthate<\/p>\n","protected":false},"featured_media":5370,"comment_status":"open","ping_status":"closed","template":"","meta":[],"product_brand":[],"product_cat":[69],"product_tag":[],"class_list":{"0":"post-5369","1":"product","2":"type-product","3":"status-publish","4":"has-post-thumbnail","6":"product_cat-esteroides_inyectables","8":"first","9":"outofstock","10":"shipping-taxable","11":"purchasable","12":"product-type-simple"},"yoast_head":"<!-- This site is optimized with the Yoast SEO Premium plugin v24.4 (Yoast SEO v27.3) - https:\/\/yoast.com\/product\/yoast-seo-premium-wordpress\/ -->\n<title>SP ENANTHATE - (Espa\u00f1ol) Esteroides en l\u00ednea<\/title>\n<meta name=\"robots\" content=\"index, follow, max-snippet:-1, max-image-preview:large, max-video-preview:-1\" \/>\n<link rel=\"canonical\" href=\"https:\/\/iberoid-shop.com\/fr\/product\/sp-enanthate\/\" \/>\n<meta property=\"og:locale\" content=\"fr_FR\" \/>\n<meta property=\"og:type\" content=\"article\" \/>\n<meta property=\"og:title\" content=\"SP ENANTHATE\" \/>\n<meta property=\"og:description\" content=\"Nom du produit: SP Enathate Fabricant SP Laboratories India Pr\u00e9sentation: 10 ml 250 mg \/ ml Produits chimiques actifs: \u00e9nanthate\" \/>\n<meta property=\"og:url\" content=\"https:\/\/iberoid-shop.com\/fr\/product\/sp-enanthate\/\" \/>\n<meta property=\"og:site_name\" content=\"(Espa\u00f1ol) Esteroides en l\u00ednea\" \/>\n<meta property=\"article:modified_time\" content=\"2023-10-13T23:49:06+00:00\" \/>\n<meta property=\"og:image\" content=\"https:\/\/iberoid-shop.com\/wp-content\/uploads\/2020\/10\/ena.jpg?v=1678120089\" \/>\n\t<meta property=\"og:image:width\" content=\"388\" \/>\n\t<meta property=\"og:image:height\" content=\"388\" \/>\n\t<meta property=\"og:image:type\" content=\"image\/jpeg\" \/>\n<meta name=\"twitter:card\" content=\"summary_large_image\" \/>\n<meta name=\"twitter:label1\" content=\"Prix\" \/>\n\t<meta name=\"twitter:data1\" content=\"&euro;45.00\" \/>\n\t<meta name=\"twitter:label2\" content=\"Disponibilit\u00e9\" \/>\n\t<meta name=\"twitter:data2\" content=\"Rupture de stock\" \/>\n<script type=\"application\/ld+json\" class=\"yoast-schema-graph\">{\"@context\":\"https:\\\/\\\/schema.org\",\"@graph\":[{\"@type\":\"WebPage\",\"@id\":\"https:\\\/\\\/iberoid-shop.com\\\/fr\\\/product\\\/sp-enanthate\\\/\",\"url\":\"https:\\\/\\\/iberoid-shop.com\\\/fr\\\/product\\\/sp-enanthate\\\/\",\"name\":\"SP ENANTHATE - (Espa\u00f1ol) Esteroides en l\u00ednea\",\"isPartOf\":{\"@id\":\"https:\\\/\\\/iberoid.com\\\/#website\"},\"primaryImageOfPage\":{\"@id\":\"https:\\\/\\\/iberoid-shop.com\\\/fr\\\/product\\\/sp-enanthate\\\/#primaryimage\"},\"image\":{\"@id\":\"https:\\\/\\\/iberoid-shop.com\\\/fr\\\/product\\\/sp-enanthate\\\/#primaryimage\"},\"thumbnailUrl\":\"https:\\\/\\\/iberoid-shop.com\\\/wp-content\\\/uploads\\\/2020\\\/10\\\/ena.jpg?v=1678120089\",\"datePublished\":\"2020-10-09T10:37:55+00:00\",\"dateModified\":\"2023-10-13T23:49:06+00:00\",\"breadcrumb\":{\"@id\":\"https:\\\/\\\/iberoid-shop.com\\\/fr\\\/product\\\/sp-enanthate\\\/#breadcrumb\"},\"inLanguage\":\"fr-FR\",\"potentialAction\":[{\"@type\":\"ReadAction\",\"target\":[[\"https:\\\/\\\/iberoid-shop.com\\\/fr\\\/product\\\/sp-enanthate\\\/\"]]}]},{\"@type\":\"ImageObject\",\"inLanguage\":\"fr-FR\",\"@id\":\"https:\\\/\\\/iberoid-shop.com\\\/fr\\\/product\\\/sp-enanthate\\\/#primaryimage\",\"url\":\"https:\\\/\\\/iberoid-shop.com\\\/wp-content\\\/uploads\\\/2020\\\/10\\\/ena.jpg?v=1678120089\",\"contentUrl\":\"https:\\\/\\\/iberoid-shop.com\\\/wp-content\\\/uploads\\\/2020\\\/10\\\/ena.jpg?v=1678120089\",\"width\":388,\"height\":388},{\"@type\":\"BreadcrumbList\",\"@id\":\"https:\\\/\\\/iberoid-shop.com\\\/fr\\\/product\\\/sp-enanthate\\\/#breadcrumb\",\"itemListElement\":[{\"@type\":\"ListItem\",\"position\":1,\"name\":\"Portada\",\"item\":\"https:\\\/\\\/iberoid.com\\\/\"},{\"@type\":\"ListItem\",\"position\":2,\"name\":\"Magasin\",\"item\":\"https:\\\/\\\/iberoid-shop.com\\\/fr\\\/shop\\\/\"},{\"@type\":\"ListItem\",\"position\":3,\"name\":\"SP ENANTHATE\"}]},{\"@type\":\"WebSite\",\"@id\":\"https:\\\/\\\/iberoid.com\\\/#website\",\"url\":\"https:\\\/\\\/iberoid.com\\\/\",\"name\":\"(Espa\u00f1ol) Esteroides en l\u00ednea\",\"description\":\"(Espa\u00f1ol) Comprar esteroides en l\u00ednea hoy en Espa\u00f1a y Portugal. Tenemos el mejor servicio al cliente en la industria y los productos de la m\u00e1s alta calidad\",\"potentialAction\":[{\"@type\":\"SearchAction\",\"target\":{\"@type\":\"EntryPoint\",\"urlTemplate\":\"https:\\\/\\\/iberoid.com\\\/?s={search_term_string}\"},\"query-input\":{\"@type\":\"PropertyValueSpecification\",\"valueRequired\":true,\"valueName\":\"search_term_string\"}}],\"inLanguage\":\"fr-FR\"}]}<\/script>\n<meta property=\"product:brand\" content=\"SP Laboratories\" \/>\n<meta property=\"product:price:amount\" content=\"45.00\" \/>\n<meta property=\"product:price:currency\" content=\"EUR\" \/>\n<meta property=\"og:availability\" content=\"out of stock\" \/>\n<meta property=\"product:availability\" content=\"out of stock\" \/>\n<meta property=\"product:condition\" content=\"new\" \/>\n<!-- \/ Yoast SEO Premium plugin. -->","yoast_head_json":{"title":"SP ENANTHATE - (Espa\u00f1ol) Esteroides en l\u00ednea","robots":{"index":"index","follow":"follow","max-snippet":"max-snippet:-1","max-image-preview":"max-image-preview:large","max-video-preview":"max-video-preview:-1"},"canonical":"https:\/\/iberoid-shop.com\/fr\/product\/sp-enanthate\/","og_locale":"fr_FR","og_type":"article","og_title":"SP ENANTHATE","og_description":"Nom du produit: SP Enathate Fabricant SP Laboratories India Pr\u00e9sentation: 10 ml 250 mg \/ ml Produits chimiques actifs: \u00e9nanthate","og_url":"https:\/\/iberoid-shop.com\/fr\/product\/sp-enanthate\/","og_site_name":"(Espa\u00f1ol) Esteroides en l\u00ednea","article_modified_time":"2023-10-13T23:49:06+00:00","og_image":[{"width":388,"height":388,"url":"https:\/\/iberoid-shop.com\/wp-content\/uploads\/2020\/10\/ena.jpg?v=1678120089","type":"image\/jpeg"}],"twitter_card":"summary_large_image","twitter_misc":{"Prix":"&euro;45.00","Disponibilit\u00e9":"Rupture de stock"},"schema":{"@context":"https:\/\/schema.org","@graph":[{"@type":"WebPage","@id":"https:\/\/iberoid-shop.com\/fr\/product\/sp-enanthate\/","url":"https:\/\/iberoid-shop.com\/fr\/product\/sp-enanthate\/","name":"SP ENANTHATE - (Espa\u00f1ol) Esteroides en l\u00ednea","isPartOf":{"@id":"https:\/\/iberoid.com\/#website"},"primaryImageOfPage":{"@id":"https:\/\/iberoid-shop.com\/fr\/product\/sp-enanthate\/#primaryimage"},"image":{"@id":"https:\/\/iberoid-shop.com\/fr\/product\/sp-enanthate\/#primaryimage"},"thumbnailUrl":"https:\/\/iberoid-shop.com\/wp-content\/uploads\/2020\/10\/ena.jpg?v=1678120089","datePublished":"2020-10-09T10:37:55+00:00","dateModified":"2023-10-13T23:49:06+00:00","breadcrumb":{"@id":"https:\/\/iberoid-shop.com\/fr\/product\/sp-enanthate\/#breadcrumb"},"inLanguage":"fr-FR","potentialAction":[{"@type":"ReadAction","target":[["https:\/\/iberoid-shop.com\/fr\/product\/sp-enanthate\/"]]}]},{"@type":"ImageObject","inLanguage":"fr-FR","@id":"https:\/\/iberoid-shop.com\/fr\/product\/sp-enanthate\/#primaryimage","url":"https:\/\/iberoid-shop.com\/wp-content\/uploads\/2020\/10\/ena.jpg?v=1678120089","contentUrl":"https:\/\/iberoid-shop.com\/wp-content\/uploads\/2020\/10\/ena.jpg?v=1678120089","width":388,"height":388},{"@type":"BreadcrumbList","@id":"https:\/\/iberoid-shop.com\/fr\/product\/sp-enanthate\/#breadcrumb","itemListElement":[{"@type":"ListItem","position":1,"name":"Portada","item":"https:\/\/iberoid.com\/"},{"@type":"ListItem","position":2,"name":"Magasin","item":"https:\/\/iberoid-shop.com\/fr\/shop\/"},{"@type":"ListItem","position":3,"name":"SP ENANTHATE"}]},{"@type":"WebSite","@id":"https:\/\/iberoid.com\/#website","url":"https:\/\/iberoid.com\/","name":"(Espa\u00f1ol) Esteroides en l\u00ednea","description":"(Espa\u00f1ol) Comprar esteroides en l\u00ednea hoy en Espa\u00f1a y Portugal. Tenemos el mejor servicio al cliente en la industria y los productos de la m\u00e1s alta calidad","potentialAction":[{"@type":"SearchAction","target":{"@type":"EntryPoint","urlTemplate":"https:\/\/iberoid.com\/?s={search_term_string}"},"query-input":{"@type":"PropertyValueSpecification","valueRequired":true,"valueName":"search_term_string"}}],"inLanguage":"fr-FR"}]},"product_brand":"SP Laboratories","product_price_amount":"45.00","product_price_currency":"EUR","og_availability":"out of stock","product_availability":"out of stock","product_condition":"new"},"_links":{"self":[{"href":"https:\/\/iberoid-shop.com\/fr\/wp-json\/wp\/v2\/product\/5369","targetHints":{"allow":["GET"]}}],"collection":[{"href":"https:\/\/iberoid-shop.com\/fr\/wp-json\/wp\/v2\/product"}],"about":[{"href":"https:\/\/iberoid-shop.com\/fr\/wp-json\/wp\/v2\/types\/product"}],"replies":[{"embeddable":true,"href":"https:\/\/iberoid-shop.com\/fr\/wp-json\/wp\/v2\/comments?post=5369"}],"wp:featuredmedia":[{"embeddable":true,"href":"https:\/\/iberoid-shop.com\/fr\/wp-json\/wp\/v2\/media\/5370"}],"wp:attachment":[{"href":"https:\/\/iberoid-shop.com\/fr\/wp-json\/wp\/v2\/media?parent=5369"}],"wp:term":[{"taxonomy":"product_brand","embeddable":true,"href":"https:\/\/iberoid-shop.com\/fr\/wp-json\/wp\/v2\/product_brand?post=5369"},{"taxonomy":"product_cat","embeddable":true,"href":"https:\/\/iberoid-shop.com\/fr\/wp-json\/wp\/v2\/product_cat?post=5369"},{"taxonomy":"product_tag","embeddable":true,"href":"https:\/\/iberoid-shop.com\/fr\/wp-json\/wp\/v2\/product_tag?post=5369"}],"curies":[{"name":"wp","href":"https:\/\/api.w.org\/{rel}","templated":true}]}}