{"id":5358,"date":"2020-10-08T17:31:42","date_gmt":"2020-10-08T17:31:42","guid":{"rendered":"https:\/\/iberoid-shop.com\/?post_type=product&#038;p=5358"},"modified":"2023-05-28T15:04:14","modified_gmt":"2023-05-28T15:04:14","slug":"sp-cypionat-sp-laboratories","status":"publish","type":"product","link":"https:\/\/iberoid-shop.com\/fr\/product\/sp-cypionat-sp-laboratories\/","title":{"rendered":"SP CYPIONATE"},"content":{"rendered":"<p>Nom du produit: SP Cyipionate<br \/>\nFabricant SP Laboratories India<br \/>\nPr\u00e9sentation: 10 ml 200 mg \/ ml<br \/>\nProduits chimiques actifs: testost\u00e9rone cipionat<\/p>\n<p>Il semble que la testost\u00e9rone soit un cipionate que l&rsquo;on trouve principalement sur le march\u00e9 am\u00e9ricain uniquement. C&rsquo;est donc l&rsquo;un des esters de testost\u00e9rone les plus utilis\u00e9s par les Am\u00e9ricains. Et pas seulement de \u00ab\u00a0fiert\u00e9 nationale\u00a0\u00bb, mais aussi parce que beaucoup disent que c&rsquo;est un \u00e9nanthate sup\u00e9rieur, meilleur que la testost\u00e9rone. Dans le m\u00eame temps, on dit que quelque chose cause plus de r\u00e9tention d&rsquo;eau, mais pas si grave qu&rsquo;il soit abandonn\u00e9 \u00e0 cause de cela. Mais si nous regardons le probl\u00e8me objectivement et voyons que les \u00e9nanthate de testost\u00e9rone cipionat sont interchangeables les uns avec les autres. Les deux sont des st\u00e9ro\u00efdes injectables \u00e0 base d&rsquo;huile avec un long corps d&rsquo;action, qui maintiendra les niveaux de testost\u00e9rone jusqu&rsquo;\u00e0 deux semaines. L&rsquo;\u00e9nanthate de t\u00e9tost\u00e9ronul semble \u00eatre plus \u00e9lev\u00e9 en ce qui concerne le taux de lib\u00e9ration de testost\u00e9rone, est une mol\u00e9cule de carbone plus facile. Mais la diff\u00e9rence est si petite qu&rsquo;on ne peut pas vraiment en tenir compte.<\/p>\n<p>Comme pour les pr\u00e9parations injectables de testost\u00e9rone \u00e0 base de tutreurs, les gains de masse et de force au cours d&rsquo;un cycle sont consid\u00e9rables. Mais pour convertir facilement la testost\u00e9rone en \u0153strog\u00e8ne, une r\u00e9tention d&rsquo;eau \u00e9lev\u00e9e se produira. La d\u00e9finition de la perte lors de l&rsquo;utilisation de ce st\u00e9ro\u00efde le rend d\u00e9conseill\u00e9 pendant la phase de r\u00e9cup\u00e9ration ou l&rsquo;accentuation. Estrigeni haut niveau qui apporte le corps peut provoquer une gyn\u00e9comastie. Si vous remarquez une douleur, un gonflement ou des n\u0153uds dans les mamelons lorsque des produits auxiliaires tels que Proviron ou Nolvadex doivent \u00eatre ajout\u00e9s au cycle. Cela r\u00e9duira la consommation de st\u00e9ro\u00efdes \u0153strog\u00e8nes, ce qui rendra consid\u00e9rablement plus tol\u00e9rable. Une option encore meilleure est Arimidex, mais son prix \u00e9lev\u00e9 le rend moins populaire. La sensibilit\u00e9 aux \u0153strog\u00e8nes est conseill\u00e9e d&rsquo;utiliser Nolvadex ou Proviron au d\u00e9but du cycle, avant que tout effet secondaire \u0153strog\u00e9nique ne se fasse sentir.<\/p>\n<p>Comment la testost\u00e9rone, l&rsquo;hormone masculine principale, devrait-elle se produire comme effets secondaires androg\u00e8nes sur la peau grasse, l&rsquo;acn\u00e9, la croissance des poils sur le corps et le visage et la perte de cheveux (surtout si vous \u00eates g\u00e9n\u00e9tiquement pr\u00e9dispos\u00e9). Tous les effets secondaires androg\u00e9niques sont caus\u00e9s par la conversion de la testost\u00e9rone en DHT (dihydrotestost\u00e9rone). Un m\u00e9dicament r\u00e9cemment apparu sur le march\u00e9 ralatiuv, Propecia (Proscar), peut emp\u00eacher la conversion de la testost\u00e9rone en DHT, r\u00e9duisant ainsi significativement les effets des androg\u00e8nes et notamment la chute des cheveux.<\/p>\n<p>Bien qu&rsquo;active dans le corps depuis longtemps, la testost\u00e9rone est inject\u00e9e chaque semaine par cipionat. Une dose comprise entre 200 mg et 800 mg spatiaux procurera des gains musculaires spectaculaires. Bien que des doses \u00e9lev\u00e9es ne soient pas n\u00e9cessaires, de nombreux bodybuilders utilisent des doses excessives de 1000 mg par semaine. Cela entra\u00eenera bien s\u00fbr une r\u00e9tention d&rsquo;eau beaucoup plus \u00e9lev\u00e9e. Ainsi, le principe \u00abplus il y en a, mieux c&rsquo;est\u00bb ne s&rsquo;applique pas ici, faisant plus de mal que de bien.<\/p>","protected":false},"excerpt":{"rendered":"<p>Nom du produit: SP Cyipionate Fabricant SP Laboratories India Pr\u00e9sentation: 10 ml 200 mg \/ ml Produits chimiques actifs: testost\u00e9rone<\/p>\n","protected":false},"featured_media":5359,"comment_status":"open","ping_status":"closed","template":"","meta":[],"product_brand":[],"product_cat":[69],"product_tag":[],"class_list":{"0":"post-5358","1":"product","2":"type-product","3":"status-publish","4":"has-post-thumbnail","6":"product_cat-esteroides_inyectables","8":"first","9":"outofstock","10":"shipping-taxable","11":"purchasable","12":"product-type-simple"},"yoast_head":"<!-- This site is optimized with the Yoast SEO Premium plugin v24.4 (Yoast SEO v27.3) - https:\/\/yoast.com\/product\/yoast-seo-premium-wordpress\/ -->\n<title>SP CYPIONATE - (Espa\u00f1ol) Esteroides en l\u00ednea<\/title>\n<meta name=\"robots\" content=\"index, follow, max-snippet:-1, max-image-preview:large, max-video-preview:-1\" \/>\n<link rel=\"canonical\" href=\"https:\/\/iberoid-shop.com\/fr\/product\/sp-cypionat-sp-laboratories\/\" \/>\n<meta property=\"og:locale\" content=\"fr_FR\" \/>\n<meta property=\"og:type\" content=\"article\" \/>\n<meta property=\"og:title\" content=\"SP CYPIONATE\" \/>\n<meta property=\"og:description\" content=\"Nom du produit: SP Cyipionate Fabricant SP Laboratories India Pr\u00e9sentation: 10 ml 200 mg \/ ml Produits chimiques actifs: testost\u00e9rone\" \/>\n<meta property=\"og:url\" content=\"https:\/\/iberoid-shop.com\/fr\/product\/sp-cypionat-sp-laboratories\/\" \/>\n<meta property=\"og:site_name\" content=\"(Espa\u00f1ol) Esteroides en l\u00ednea\" \/>\n<meta property=\"article:modified_time\" content=\"2023-05-28T15:04:14+00:00\" \/>\n<meta property=\"og:image\" content=\"https:\/\/iberoid-shop.com\/wp-content\/uploads\/2020\/10\/cyp-sp.jpg?v=1678120091\" \/>\n\t<meta property=\"og:image:width\" content=\"388\" \/>\n\t<meta property=\"og:image:height\" content=\"388\" \/>\n\t<meta property=\"og:image:type\" content=\"image\/jpeg\" \/>\n<meta name=\"twitter:card\" content=\"summary_large_image\" \/>\n<meta name=\"twitter:label1\" content=\"Prix\" \/>\n\t<meta name=\"twitter:data1\" content=\"&euro;45.00\" \/>\n\t<meta name=\"twitter:label2\" content=\"Disponibilit\u00e9\" \/>\n\t<meta name=\"twitter:data2\" content=\"Rupture de stock\" \/>\n<script type=\"application\/ld+json\" class=\"yoast-schema-graph\">{\"@context\":\"https:\\\/\\\/schema.org\",\"@graph\":[{\"@type\":\"WebPage\",\"@id\":\"https:\\\/\\\/iberoid-shop.com\\\/fr\\\/product\\\/sp-cypionat-sp-laboratories\\\/\",\"url\":\"https:\\\/\\\/iberoid-shop.com\\\/fr\\\/product\\\/sp-cypionat-sp-laboratories\\\/\",\"name\":\"SP CYPIONATE - (Espa\u00f1ol) Esteroides en l\u00ednea\",\"isPartOf\":{\"@id\":\"https:\\\/\\\/iberoid-shop.com\\\/fr\\\/#website\"},\"primaryImageOfPage\":{\"@id\":\"https:\\\/\\\/iberoid-shop.com\\\/fr\\\/product\\\/sp-cypionat-sp-laboratories\\\/#primaryimage\"},\"image\":{\"@id\":\"https:\\\/\\\/iberoid-shop.com\\\/fr\\\/product\\\/sp-cypionat-sp-laboratories\\\/#primaryimage\"},\"thumbnailUrl\":\"https:\\\/\\\/iberoid-shop.com\\\/wp-content\\\/uploads\\\/2020\\\/10\\\/cyp-sp.jpg?v=1678120091\",\"datePublished\":\"2020-10-08T17:31:42+00:00\",\"dateModified\":\"2023-05-28T15:04:14+00:00\",\"breadcrumb\":{\"@id\":\"https:\\\/\\\/iberoid-shop.com\\\/fr\\\/product\\\/sp-cypionat-sp-laboratories\\\/#breadcrumb\"},\"inLanguage\":\"fr-FR\",\"potentialAction\":[{\"@type\":\"ReadAction\",\"target\":[[\"https:\\\/\\\/iberoid-shop.com\\\/fr\\\/product\\\/sp-cypionat-sp-laboratories\\\/\"]]}]},{\"@type\":\"ImageObject\",\"inLanguage\":\"fr-FR\",\"@id\":\"https:\\\/\\\/iberoid-shop.com\\\/fr\\\/product\\\/sp-cypionat-sp-laboratories\\\/#primaryimage\",\"url\":\"https:\\\/\\\/iberoid-shop.com\\\/wp-content\\\/uploads\\\/2020\\\/10\\\/cyp-sp.jpg?v=1678120091\",\"contentUrl\":\"https:\\\/\\\/iberoid-shop.com\\\/wp-content\\\/uploads\\\/2020\\\/10\\\/cyp-sp.jpg?v=1678120091\",\"width\":388,\"height\":388},{\"@type\":\"BreadcrumbList\",\"@id\":\"https:\\\/\\\/iberoid-shop.com\\\/fr\\\/product\\\/sp-cypionat-sp-laboratories\\\/#breadcrumb\",\"itemListElement\":[{\"@type\":\"ListItem\",\"position\":1,\"name\":\"Portada\",\"item\":\"https:\\\/\\\/iberoid-shop.com\\\/fr\\\/\"},{\"@type\":\"ListItem\",\"position\":2,\"name\":\"Magasin\",\"item\":\"https:\\\/\\\/iberoid-shop.com\\\/fr\\\/shop\\\/\"},{\"@type\":\"ListItem\",\"position\":3,\"name\":\"SP CYPIONATE\"}]},{\"@type\":\"WebSite\",\"@id\":\"https:\\\/\\\/iberoid-shop.com\\\/fr\\\/#website\",\"url\":\"https:\\\/\\\/iberoid-shop.com\\\/fr\\\/\",\"name\":\"(Espa\u00f1ol) Esteroides en l\u00ednea\",\"description\":\"(Espa\u00f1ol) Comprar esteroides en l\u00ednea hoy en Espa\u00f1a y Portugal. Tenemos el mejor servicio al cliente en la industria y los productos de la m\u00e1s alta calidad\",\"potentialAction\":[{\"@type\":\"SearchAction\",\"target\":{\"@type\":\"EntryPoint\",\"urlTemplate\":\"https:\\\/\\\/iberoid-shop.com\\\/fr\\\/?s={search_term_string}\"},\"query-input\":{\"@type\":\"PropertyValueSpecification\",\"valueRequired\":true,\"valueName\":\"search_term_string\"}}],\"inLanguage\":\"fr-FR\"}]}<\/script>\n<meta property=\"product:brand\" content=\"SP Laboratories\" \/>\n<meta property=\"product:price:amount\" content=\"45.00\" \/>\n<meta property=\"product:price:currency\" content=\"EUR\" \/>\n<meta property=\"og:availability\" content=\"out of stock\" \/>\n<meta property=\"product:availability\" content=\"out of stock\" \/>\n<meta property=\"product:condition\" content=\"new\" \/>\n<!-- \/ Yoast SEO Premium plugin. -->","yoast_head_json":{"title":"SP CYPIONATE - (Espa\u00f1ol) Esteroides en l\u00ednea","robots":{"index":"index","follow":"follow","max-snippet":"max-snippet:-1","max-image-preview":"max-image-preview:large","max-video-preview":"max-video-preview:-1"},"canonical":"https:\/\/iberoid-shop.com\/fr\/product\/sp-cypionat-sp-laboratories\/","og_locale":"fr_FR","og_type":"article","og_title":"SP CYPIONATE","og_description":"Nom du produit: SP Cyipionate Fabricant SP Laboratories India Pr\u00e9sentation: 10 ml 200 mg \/ ml Produits chimiques actifs: testost\u00e9rone","og_url":"https:\/\/iberoid-shop.com\/fr\/product\/sp-cypionat-sp-laboratories\/","og_site_name":"(Espa\u00f1ol) Esteroides en l\u00ednea","article_modified_time":"2023-05-28T15:04:14+00:00","og_image":[{"width":388,"height":388,"url":"https:\/\/iberoid-shop.com\/wp-content\/uploads\/2020\/10\/cyp-sp.jpg?v=1678120091","type":"image\/jpeg"}],"twitter_card":"summary_large_image","twitter_misc":{"Prix":"&euro;45.00","Disponibilit\u00e9":"Rupture de stock"},"schema":{"@context":"https:\/\/schema.org","@graph":[{"@type":"WebPage","@id":"https:\/\/iberoid-shop.com\/fr\/product\/sp-cypionat-sp-laboratories\/","url":"https:\/\/iberoid-shop.com\/fr\/product\/sp-cypionat-sp-laboratories\/","name":"SP CYPIONATE - (Espa\u00f1ol) Esteroides en l\u00ednea","isPartOf":{"@id":"https:\/\/iberoid-shop.com\/fr\/#website"},"primaryImageOfPage":{"@id":"https:\/\/iberoid-shop.com\/fr\/product\/sp-cypionat-sp-laboratories\/#primaryimage"},"image":{"@id":"https:\/\/iberoid-shop.com\/fr\/product\/sp-cypionat-sp-laboratories\/#primaryimage"},"thumbnailUrl":"https:\/\/iberoid-shop.com\/wp-content\/uploads\/2020\/10\/cyp-sp.jpg?v=1678120091","datePublished":"2020-10-08T17:31:42+00:00","dateModified":"2023-05-28T15:04:14+00:00","breadcrumb":{"@id":"https:\/\/iberoid-shop.com\/fr\/product\/sp-cypionat-sp-laboratories\/#breadcrumb"},"inLanguage":"fr-FR","potentialAction":[{"@type":"ReadAction","target":[["https:\/\/iberoid-shop.com\/fr\/product\/sp-cypionat-sp-laboratories\/"]]}]},{"@type":"ImageObject","inLanguage":"fr-FR","@id":"https:\/\/iberoid-shop.com\/fr\/product\/sp-cypionat-sp-laboratories\/#primaryimage","url":"https:\/\/iberoid-shop.com\/wp-content\/uploads\/2020\/10\/cyp-sp.jpg?v=1678120091","contentUrl":"https:\/\/iberoid-shop.com\/wp-content\/uploads\/2020\/10\/cyp-sp.jpg?v=1678120091","width":388,"height":388},{"@type":"BreadcrumbList","@id":"https:\/\/iberoid-shop.com\/fr\/product\/sp-cypionat-sp-laboratories\/#breadcrumb","itemListElement":[{"@type":"ListItem","position":1,"name":"Portada","item":"https:\/\/iberoid-shop.com\/fr\/"},{"@type":"ListItem","position":2,"name":"Magasin","item":"https:\/\/iberoid-shop.com\/fr\/shop\/"},{"@type":"ListItem","position":3,"name":"SP CYPIONATE"}]},{"@type":"WebSite","@id":"https:\/\/iberoid-shop.com\/fr\/#website","url":"https:\/\/iberoid-shop.com\/fr\/","name":"(Espa\u00f1ol) Esteroides en l\u00ednea","description":"(Espa\u00f1ol) Comprar esteroides en l\u00ednea hoy en Espa\u00f1a y Portugal. Tenemos el mejor servicio al cliente en la industria y los productos de la m\u00e1s alta calidad","potentialAction":[{"@type":"SearchAction","target":{"@type":"EntryPoint","urlTemplate":"https:\/\/iberoid-shop.com\/fr\/?s={search_term_string}"},"query-input":{"@type":"PropertyValueSpecification","valueRequired":true,"valueName":"search_term_string"}}],"inLanguage":"fr-FR"}]},"product_brand":"SP Laboratories","product_price_amount":"45.00","product_price_currency":"EUR","og_availability":"out of stock","product_availability":"out of stock","product_condition":"new"},"_links":{"self":[{"href":"https:\/\/iberoid-shop.com\/fr\/wp-json\/wp\/v2\/product\/5358","targetHints":{"allow":["GET"]}}],"collection":[{"href":"https:\/\/iberoid-shop.com\/fr\/wp-json\/wp\/v2\/product"}],"about":[{"href":"https:\/\/iberoid-shop.com\/fr\/wp-json\/wp\/v2\/types\/product"}],"replies":[{"embeddable":true,"href":"https:\/\/iberoid-shop.com\/fr\/wp-json\/wp\/v2\/comments?post=5358"}],"wp:featuredmedia":[{"embeddable":true,"href":"https:\/\/iberoid-shop.com\/fr\/wp-json\/wp\/v2\/media\/5359"}],"wp:attachment":[{"href":"https:\/\/iberoid-shop.com\/fr\/wp-json\/wp\/v2\/media?parent=5358"}],"wp:term":[{"taxonomy":"product_brand","embeddable":true,"href":"https:\/\/iberoid-shop.com\/fr\/wp-json\/wp\/v2\/product_brand?post=5358"},{"taxonomy":"product_cat","embeddable":true,"href":"https:\/\/iberoid-shop.com\/fr\/wp-json\/wp\/v2\/product_cat?post=5358"},{"taxonomy":"product_tag","embeddable":true,"href":"https:\/\/iberoid-shop.com\/fr\/wp-json\/wp\/v2\/product_tag?post=5358"}],"curies":[{"name":"wp","href":"https:\/\/api.w.org\/{rel}","templated":true}]}}