{"id":5309,"date":"2020-08-22T13:24:46","date_gmt":"2020-08-22T13:24:46","guid":{"rendered":"https:\/\/iberoid-shop.com\/?post_type=product&#038;p=5309"},"modified":"2021-10-09T10:57:21","modified_gmt":"2021-10-09T10:57:21","slug":"turhoged-turinabolchlorodehydromethyltestosterone-100-tablets","status":"publish","type":"product","link":"https:\/\/iberoid-shop.com\/fr\/product\/turhoged-turinabolchlorodehydromethyltestosterone-100-tablets\/","title":{"rendered":"TURHOGED &#8211; TURINABOL"},"content":{"rendered":"<p>Comme mentionn\u00e9 pr\u00e9c\u00e9demment, TURHOGED est en r\u00e9alit\u00e9 une forme modifi\u00e9e de Dianoged (Methandrostenolone), par laquelle il s&rsquo;agit en fait d&rsquo;une combinaison des structures chimiques de Dianoged et Clostebol (4-chlorotestost\u00e9rone). Il poss\u00e8de la m\u00eame structure chimique g\u00e9n\u00e9rale de Dianoged avec la substitution 4-chloro que poss\u00e8de Clostebol. Le r\u00e9sultat est que Tbol devient une hormone beaucoup plus douce que son hormone m\u00e8re Dianoged. Les alt\u00e9rations de sa structure chimique lui enl\u00e8vent la capacit\u00e9 de pouvoir \u00eatre aromatis\u00e9 en \u0153strog\u00e8ne, ainsi que de pr\u00e9senter une force androg\u00e9nique beaucoup plus faible. TURHOGED poss\u00e8de donc une cote anabolique de 54 et une cote androg\u00e9nique tr\u00e8s basse de 6, ce qui rend sa s\u00e9paration entre les effets anaboliques et androg\u00e8nes tr\u00e8s distincte et favorable. Bien que le strench anabolisant soit consid\u00e9rablement inf\u00e9rieur \u00e0 la cote Dianoged de 90 \u00e0 210, la distance distincte entre les effets anabolisants et androg\u00e8nes de TURHOGED a tendance \u00e0 \u00eatre beaucoup plus favorable pour l&rsquo;individu.<\/p>\n<p>Les modifications chimiques de TURHOGED lui conf\u00e8rent \u00e9galement une demi-vie de 16 heures ainsi que la capacit\u00e9 de se lier \u00e0 la SHBG (Sex Hormone Binding Globulin).<\/p>\n<p>TURHOGED est alkyl\u00e9 en C17-alpha de mani\u00e8re \u00e0 permettre une biodisponibilit\u00e9 orale et, par cons\u00e9quent, pr\u00e9sentera une mesure de la toxicit\u00e9 h\u00e9patique. Il poss\u00e8de \u00e9galement une double liaison entre le carbone 1 et le carbone 2 (\u00e9galement connu sous le nom de carbone 1-\u00e8ne), et c&rsquo;est cette double liaison qui est responsable de la r\u00e9duction de la force androg\u00e9nique. Enfin, comme mentionn\u00e9 pr\u00e9c\u00e9demment, un groupe chloro a \u00e9t\u00e9 ajout\u00e9 au 4\u00e8me carbone, responsable de le rendre incapable de s&rsquo;aromatiser et de r\u00e9duire encore plus la force androg\u00e9nique.<\/p>\n<p>En raison de sa s\u00e9paration distincte de ses effets androg\u00e8nes \u00e0 anabolisants, il s&rsquo;agit d&rsquo;un st\u00e9ro\u00efde anabolisant plus faible que son hormone m\u00e8re Dianoged. Cependant, l&rsquo;assurance avec Tbol est qu&rsquo;avec toute capacit\u00e9 apparente de renforcement musculaire, il pr\u00e9sentera beaucoup moins d&rsquo;effets androg\u00e9niques et absolument aucun effet \u0153strog\u00e9nique (en raison de son incapacit\u00e9 \u00e0 s&rsquo;aromatiser en \u0153strog\u00e8ne). En raison de sa force relativement plus faible que Dianabol, les doses n\u00e9cessaires pour provoquer des effets de Tbol sont consid\u00e9r\u00e9es comme assez \u00e9lev\u00e9es (cela sera expliqu\u00e9 sous peu dans la section des doses TURHOGED de ce profil).<\/p>\n<p>En g\u00e9n\u00e9ral, les athl\u00e8tes et les culturistes peuvent s&rsquo;attendre \u00e0 des gains de masse maigre r\u00e9guliers et de qualit\u00e9 sans risque de ballonnements, de gyn\u00e9cologie ou de tout autre effet \u0153strog\u00e9nique. Les gains de masse et de force ne sont pas connus pour \u00eatre spectaculaires en raison de son manque de force anabolique, mais des gains de maigre r\u00e9guliers et de qualit\u00e9 qui augmentent r\u00e9guli\u00e8rement au fil du temps peuvent \u00eatre attendus. Il est \u00e9galement utilis\u00e9 comme agent de coupe id\u00e9al pendant les p\u00e9riodes de perte de graisse ou de pr\u00e9paration avant le concours en raison de son incapacit\u00e9 \u00e0 se convertir en \u0153strog\u00e8ne. Les capacit\u00e9s de TURHOGED brillent vraiment comme un compl\u00e9ment \u00e0 d&rsquo;autres st\u00e9ro\u00efdes anabolisants lorsqu&rsquo;il est ex\u00e9cut\u00e9 (empil\u00e9) avec d&rsquo;autres st\u00e9ro\u00efdes anabolisants en raison de sa capacit\u00e9 \u00e0 se lier \u00e0 la SHBG. La liaison \u00e0 la SHBG permet \u00e0 davantage d&rsquo;autres st\u00e9ro\u00efdes anabolisants avec lesquels elle est empil\u00e9e d&rsquo;\u00eatre disponibles pour faire leur travail, sans \u00eatre inhib\u00e9es par la SHBG, ce qui est un autre avantage qu&rsquo;elle pr\u00e9sente.<\/p>","protected":false},"excerpt":{"rendered":"<p>Comme mentionn\u00e9 pr\u00e9c\u00e9demment, TURHOGED est en r\u00e9alit\u00e9 une forme modifi\u00e9e de Dianoged (Methandrostenolone), par laquelle il s&rsquo;agit en fait d&rsquo;une<\/p>\n","protected":false},"featured_media":5310,"comment_status":"open","ping_status":"closed","template":"","meta":[],"product_brand":[],"product_cat":[73],"product_tag":[],"class_list":{"0":"post-5309","1":"product","2":"type-product","3":"status-publish","4":"has-post-thumbnail","6":"product_cat-ssteroides_orales","8":"first","9":"outofstock","10":"shipping-taxable","11":"purchasable","12":"product-type-simple"},"yoast_head":"<!-- This site is optimized with the Yoast SEO Premium plugin v24.4 (Yoast SEO v27.3) - https:\/\/yoast.com\/product\/yoast-seo-premium-wordpress\/ -->\n<title>TURHOGED - TURINABOL - (Espa\u00f1ol) Esteroides en l\u00ednea<\/title>\n<meta name=\"robots\" content=\"index, follow, max-snippet:-1, max-image-preview:large, max-video-preview:-1\" \/>\n<link rel=\"canonical\" href=\"https:\/\/iberoid-shop.com\/fr\/product\/turhoged-turinabolchlorodehydromethyltestosterone-100-tablets\/\" \/>\n<meta property=\"og:locale\" content=\"fr_FR\" \/>\n<meta property=\"og:type\" content=\"article\" \/>\n<meta property=\"og:title\" content=\"TURHOGED - TURINABOL\" \/>\n<meta property=\"og:description\" content=\"Comme mentionn\u00e9 pr\u00e9c\u00e9demment, TURHOGED est en r\u00e9alit\u00e9 une forme modifi\u00e9e de Dianoged (Methandrostenolone), par laquelle il s&rsquo;agit en fait d&rsquo;une\" \/>\n<meta property=\"og:url\" content=\"https:\/\/iberoid-shop.com\/fr\/product\/turhoged-turinabolchlorodehydromethyltestosterone-100-tablets\/\" \/>\n<meta property=\"og:site_name\" content=\"(Espa\u00f1ol) Esteroides en l\u00ednea\" \/>\n<meta property=\"article:modified_time\" content=\"2021-10-09T10:57:21+00:00\" \/>\n<meta property=\"og:image\" content=\"https:\/\/iberoid-shop.com\/wp-content\/uploads\/2020\/08\/TURHOGED.jpg?v=1678120095\" \/>\n\t<meta property=\"og:image:width\" content=\"500\" \/>\n\t<meta property=\"og:image:height\" content=\"500\" \/>\n\t<meta property=\"og:image:type\" content=\"image\/jpeg\" \/>\n<meta name=\"twitter:card\" content=\"summary_large_image\" \/>\n<meta name=\"twitter:label1\" content=\"Prix\" \/>\n\t<meta name=\"twitter:data1\" content=\"&euro;40.00\" \/>\n\t<meta name=\"twitter:label2\" content=\"Disponibilit\u00e9\" \/>\n\t<meta name=\"twitter:data2\" content=\"Rupture de stock\" \/>\n<script type=\"application\/ld+json\" class=\"yoast-schema-graph\">{\"@context\":\"https:\\\/\\\/schema.org\",\"@graph\":[{\"@type\":\"WebPage\",\"@id\":\"https:\\\/\\\/iberoid-shop.com\\\/fr\\\/product\\\/turhoged-turinabolchlorodehydromethyltestosterone-100-tablets\\\/\",\"url\":\"https:\\\/\\\/iberoid-shop.com\\\/fr\\\/product\\\/turhoged-turinabolchlorodehydromethyltestosterone-100-tablets\\\/\",\"name\":\"TURHOGED - TURINABOL - (Espa\u00f1ol) Esteroides en l\u00ednea\",\"isPartOf\":{\"@id\":\"https:\\\/\\\/iberoid.com\\\/#website\"},\"primaryImageOfPage\":{\"@id\":\"https:\\\/\\\/iberoid-shop.com\\\/fr\\\/product\\\/turhoged-turinabolchlorodehydromethyltestosterone-100-tablets\\\/#primaryimage\"},\"image\":{\"@id\":\"https:\\\/\\\/iberoid-shop.com\\\/fr\\\/product\\\/turhoged-turinabolchlorodehydromethyltestosterone-100-tablets\\\/#primaryimage\"},\"thumbnailUrl\":\"https:\\\/\\\/iberoid-shop.com\\\/wp-content\\\/uploads\\\/2020\\\/08\\\/TURHOGED.jpg?v=1678120095\",\"datePublished\":\"2020-08-22T13:24:46+00:00\",\"dateModified\":\"2021-10-09T10:57:21+00:00\",\"breadcrumb\":{\"@id\":\"https:\\\/\\\/iberoid-shop.com\\\/fr\\\/product\\\/turhoged-turinabolchlorodehydromethyltestosterone-100-tablets\\\/#breadcrumb\"},\"inLanguage\":\"fr-FR\",\"potentialAction\":[{\"@type\":\"ReadAction\",\"target\":[[\"https:\\\/\\\/iberoid-shop.com\\\/fr\\\/product\\\/turhoged-turinabolchlorodehydromethyltestosterone-100-tablets\\\/\"]]}]},{\"@type\":\"ImageObject\",\"inLanguage\":\"fr-FR\",\"@id\":\"https:\\\/\\\/iberoid-shop.com\\\/fr\\\/product\\\/turhoged-turinabolchlorodehydromethyltestosterone-100-tablets\\\/#primaryimage\",\"url\":\"https:\\\/\\\/iberoid-shop.com\\\/wp-content\\\/uploads\\\/2020\\\/08\\\/TURHOGED.jpg?v=1678120095\",\"contentUrl\":\"https:\\\/\\\/iberoid-shop.com\\\/wp-content\\\/uploads\\\/2020\\\/08\\\/TURHOGED.jpg?v=1678120095\",\"width\":500,\"height\":500},{\"@type\":\"BreadcrumbList\",\"@id\":\"https:\\\/\\\/iberoid-shop.com\\\/fr\\\/product\\\/turhoged-turinabolchlorodehydromethyltestosterone-100-tablets\\\/#breadcrumb\",\"itemListElement\":[{\"@type\":\"ListItem\",\"position\":1,\"name\":\"Portada\",\"item\":\"https:\\\/\\\/iberoid.com\\\/\"},{\"@type\":\"ListItem\",\"position\":2,\"name\":\"Magasin\",\"item\":\"https:\\\/\\\/iberoid-shop.com\\\/fr\\\/shop\\\/\"},{\"@type\":\"ListItem\",\"position\":3,\"name\":\"TURHOGED &#8211; TURINABOL\"}]},{\"@type\":\"WebSite\",\"@id\":\"https:\\\/\\\/iberoid.com\\\/#website\",\"url\":\"https:\\\/\\\/iberoid.com\\\/\",\"name\":\"(Espa\u00f1ol) Esteroides en l\u00ednea\",\"description\":\"(Espa\u00f1ol) Comprar esteroides en l\u00ednea hoy en Espa\u00f1a y Portugal. Tenemos el mejor servicio al cliente en la industria y los productos de la m\u00e1s alta calidad\",\"potentialAction\":[{\"@type\":\"SearchAction\",\"target\":{\"@type\":\"EntryPoint\",\"urlTemplate\":\"https:\\\/\\\/iberoid.com\\\/?s={search_term_string}\"},\"query-input\":{\"@type\":\"PropertyValueSpecification\",\"valueRequired\":true,\"valueName\":\"search_term_string\"}}],\"inLanguage\":\"fr-FR\"}]}<\/script>\n<meta property=\"product:brand\" content=\"Golden Dragon\" \/>\n<meta property=\"product:price:amount\" content=\"40.00\" \/>\n<meta property=\"product:price:currency\" content=\"EUR\" \/>\n<meta property=\"og:availability\" content=\"out of stock\" \/>\n<meta property=\"product:availability\" content=\"out of stock\" \/>\n<meta property=\"product:condition\" content=\"new\" \/>\n<!-- \/ Yoast SEO Premium plugin. -->","yoast_head_json":{"title":"TURHOGED - TURINABOL - (Espa\u00f1ol) Esteroides en l\u00ednea","robots":{"index":"index","follow":"follow","max-snippet":"max-snippet:-1","max-image-preview":"max-image-preview:large","max-video-preview":"max-video-preview:-1"},"canonical":"https:\/\/iberoid-shop.com\/fr\/product\/turhoged-turinabolchlorodehydromethyltestosterone-100-tablets\/","og_locale":"fr_FR","og_type":"article","og_title":"TURHOGED - TURINABOL","og_description":"Comme mentionn\u00e9 pr\u00e9c\u00e9demment, TURHOGED est en r\u00e9alit\u00e9 une forme modifi\u00e9e de Dianoged (Methandrostenolone), par laquelle il s&rsquo;agit en fait d&rsquo;une","og_url":"https:\/\/iberoid-shop.com\/fr\/product\/turhoged-turinabolchlorodehydromethyltestosterone-100-tablets\/","og_site_name":"(Espa\u00f1ol) Esteroides en l\u00ednea","article_modified_time":"2021-10-09T10:57:21+00:00","og_image":[{"width":500,"height":500,"url":"https:\/\/iberoid-shop.com\/wp-content\/uploads\/2020\/08\/TURHOGED.jpg?v=1678120095","type":"image\/jpeg"}],"twitter_card":"summary_large_image","twitter_misc":{"Prix":"&euro;40.00","Disponibilit\u00e9":"Rupture de stock"},"schema":{"@context":"https:\/\/schema.org","@graph":[{"@type":"WebPage","@id":"https:\/\/iberoid-shop.com\/fr\/product\/turhoged-turinabolchlorodehydromethyltestosterone-100-tablets\/","url":"https:\/\/iberoid-shop.com\/fr\/product\/turhoged-turinabolchlorodehydromethyltestosterone-100-tablets\/","name":"TURHOGED - TURINABOL - (Espa\u00f1ol) Esteroides en l\u00ednea","isPartOf":{"@id":"https:\/\/iberoid.com\/#website"},"primaryImageOfPage":{"@id":"https:\/\/iberoid-shop.com\/fr\/product\/turhoged-turinabolchlorodehydromethyltestosterone-100-tablets\/#primaryimage"},"image":{"@id":"https:\/\/iberoid-shop.com\/fr\/product\/turhoged-turinabolchlorodehydromethyltestosterone-100-tablets\/#primaryimage"},"thumbnailUrl":"https:\/\/iberoid-shop.com\/wp-content\/uploads\/2020\/08\/TURHOGED.jpg?v=1678120095","datePublished":"2020-08-22T13:24:46+00:00","dateModified":"2021-10-09T10:57:21+00:00","breadcrumb":{"@id":"https:\/\/iberoid-shop.com\/fr\/product\/turhoged-turinabolchlorodehydromethyltestosterone-100-tablets\/#breadcrumb"},"inLanguage":"fr-FR","potentialAction":[{"@type":"ReadAction","target":[["https:\/\/iberoid-shop.com\/fr\/product\/turhoged-turinabolchlorodehydromethyltestosterone-100-tablets\/"]]}]},{"@type":"ImageObject","inLanguage":"fr-FR","@id":"https:\/\/iberoid-shop.com\/fr\/product\/turhoged-turinabolchlorodehydromethyltestosterone-100-tablets\/#primaryimage","url":"https:\/\/iberoid-shop.com\/wp-content\/uploads\/2020\/08\/TURHOGED.jpg?v=1678120095","contentUrl":"https:\/\/iberoid-shop.com\/wp-content\/uploads\/2020\/08\/TURHOGED.jpg?v=1678120095","width":500,"height":500},{"@type":"BreadcrumbList","@id":"https:\/\/iberoid-shop.com\/fr\/product\/turhoged-turinabolchlorodehydromethyltestosterone-100-tablets\/#breadcrumb","itemListElement":[{"@type":"ListItem","position":1,"name":"Portada","item":"https:\/\/iberoid.com\/"},{"@type":"ListItem","position":2,"name":"Magasin","item":"https:\/\/iberoid-shop.com\/fr\/shop\/"},{"@type":"ListItem","position":3,"name":"TURHOGED &#8211; TURINABOL"}]},{"@type":"WebSite","@id":"https:\/\/iberoid.com\/#website","url":"https:\/\/iberoid.com\/","name":"(Espa\u00f1ol) Esteroides en l\u00ednea","description":"(Espa\u00f1ol) Comprar esteroides en l\u00ednea hoy en Espa\u00f1a y Portugal. Tenemos el mejor servicio al cliente en la industria y los productos de la m\u00e1s alta calidad","potentialAction":[{"@type":"SearchAction","target":{"@type":"EntryPoint","urlTemplate":"https:\/\/iberoid.com\/?s={search_term_string}"},"query-input":{"@type":"PropertyValueSpecification","valueRequired":true,"valueName":"search_term_string"}}],"inLanguage":"fr-FR"}]},"product_brand":"Golden Dragon","product_price_amount":"40.00","product_price_currency":"EUR","og_availability":"out of stock","product_availability":"out of stock","product_condition":"new"},"_links":{"self":[{"href":"https:\/\/iberoid-shop.com\/fr\/wp-json\/wp\/v2\/product\/5309","targetHints":{"allow":["GET"]}}],"collection":[{"href":"https:\/\/iberoid-shop.com\/fr\/wp-json\/wp\/v2\/product"}],"about":[{"href":"https:\/\/iberoid-shop.com\/fr\/wp-json\/wp\/v2\/types\/product"}],"replies":[{"embeddable":true,"href":"https:\/\/iberoid-shop.com\/fr\/wp-json\/wp\/v2\/comments?post=5309"}],"wp:featuredmedia":[{"embeddable":true,"href":"https:\/\/iberoid-shop.com\/fr\/wp-json\/wp\/v2\/media\/5310"}],"wp:attachment":[{"href":"https:\/\/iberoid-shop.com\/fr\/wp-json\/wp\/v2\/media?parent=5309"}],"wp:term":[{"taxonomy":"product_brand","embeddable":true,"href":"https:\/\/iberoid-shop.com\/fr\/wp-json\/wp\/v2\/product_brand?post=5309"},{"taxonomy":"product_cat","embeddable":true,"href":"https:\/\/iberoid-shop.com\/fr\/wp-json\/wp\/v2\/product_cat?post=5309"},{"taxonomy":"product_tag","embeddable":true,"href":"https:\/\/iberoid-shop.com\/fr\/wp-json\/wp\/v2\/product_tag?post=5309"}],"curies":[{"name":"wp","href":"https:\/\/api.w.org\/{rel}","templated":true}]}}