{"id":5214,"date":"2020-06-23T11:25:35","date_gmt":"2020-06-23T11:25:35","guid":{"rendered":"https:\/\/iberoid-shop.com\/?post_type=product&#038;p=5214"},"modified":"2023-02-11T19:02:26","modified_gmt":"2023-02-11T19:02:26","slug":"stanozolol-winstrol-oral","status":"publish","type":"product","link":"https:\/\/iberoid-shop.com\/fr\/product\/stanozolol-winstrol-oral\/","title":{"rendered":"Stromba\/STANOZOLOL\/WINSTROL ORAL"},"content":{"rendered":"<p>Stromba<\/p>\n<p>Comprim\u00e9s de stanozolol 10 mg<\/p>\n<p>Chaque tablette contient:<\/p>\n<p>Stanozolol &#8211; 10 mg<\/p>\n<p>Les st\u00e9ro\u00efdes anabolisants sont des d\u00e9riv\u00e9s synth\u00e9tiques de la testost\u00e9rone. Certains effets cliniques et r\u00e9actions ind\u00e9sirables d\u00e9montrent les propri\u00e9t\u00e9s androg\u00e9niques de cette classe de m\u00e9dicaments. La dissociation compl\u00e8te des effets anabolisants et adnrog\u00e9niques n&rsquo;a pas \u00e9t\u00e9 obtenue. Les actions des st\u00e9ro\u00efdes anabolisants sont donc similaires \u00e0 celles des hormones sexuelles m\u00e2les avec la possibilit\u00e9 de provoquer de graves perturbations de la croissance et du d\u00e9veloppement sexuel si elles sont administr\u00e9es aux jeunes enfants. Ils suppriment les fonctions gonadotropes de l&rsquo;hypophyse et peuvent exercer un effet direct sur les testicules. Il a \u00e9t\u00e9 d\u00e9montr\u00e9 que le stanozolol (st\u00e9ro\u00efdes anabolisants) augmente les lipoprot\u00e9ines de basse densit\u00e9 et diminue les lipoprot\u00e9ines de haute densit\u00e9. Ces changements ne sont associ\u00e9s \u00e0 aucune augmentation des taux de cholest\u00e9rol total ou de triglyc\u00e9rides et reviennent \u00e0 la normale \u00e0 l&rsquo;arr\u00eat du traitement.<\/p>\n<p>Dosage et administration<br \/>\nAngioed\u00e8me h\u00e9r\u00e9ditaire. Les exigences posologiques pour le traitement continu de l&rsquo;angio-\u0153d\u00e8me h\u00e9r\u00e9ditaire avec STROMBA doivent \u00eatre individualis\u00e9es en fonction de la r\u00e9ponse clinique du patient. Il est recommand\u00e9 que le patient commence \u00e0 10 mg \/ jour. Apr\u00e8s avoir obtenu une r\u00e9ponse initiale favorable en termes de pr\u00e9vention des \u00e9pisodes d&rsquo;attaques \u0153d\u00e9mateuses, la posologie continue appropri\u00e9e doit \u00eatre d\u00e9termin\u00e9e en diminuant la posologie \u00e0 intervalles de un \u00e0 trois mois \u00e0 une posologie d&rsquo;entretien de 10 mg par jour. Certains patients peuvent \u00eatre pris en charge avec succ\u00e8s selon un sch\u00e9ma de 10 mg un jour sur deux. Pendant la phase d&rsquo;ajustement de la dose, une surveillance \u00e9troite de la r\u00e9ponse du patient est indiqu\u00e9e, en particulier si le patient a des ant\u00e9c\u00e9dents d&rsquo;atteinte des voies respiratoires.<br \/>\nLa dose prophylactique de STROMBA \u00e0 utiliser avant l&rsquo;extraction dentaire ou d&rsquo;autres situations traumatiques ou stressantes n&rsquo;a pas \u00e9t\u00e9 \u00e9tablie et peut \u00eatre consid\u00e9rablement plus \u00e9lev\u00e9e<\/p>","protected":false},"excerpt":{"rendered":"<p>Stromba Comprim\u00e9s de stanozolol 10 mg Chaque tablette contient: Stanozolol &#8211; 10 mg Les st\u00e9ro\u00efdes anabolisants sont des d\u00e9riv\u00e9s synth\u00e9tiques<\/p>\n","protected":false},"featured_media":5215,"comment_status":"open","ping_status":"closed","template":"","meta":[],"product_brand":[],"product_cat":[73],"product_tag":[3444],"class_list":{"0":"post-5214","1":"product","2":"type-product","3":"status-publish","4":"has-post-thumbnail","6":"product_cat-ssteroides_orales","7":"product_tag-marca-multi-pharm","9":"first","10":"outofstock","11":"shipping-taxable","12":"purchasable","13":"product-type-simple"},"yoast_head":"<!-- This site is optimized with the Yoast SEO Premium plugin v24.4 (Yoast SEO v27.3) - https:\/\/yoast.com\/product\/yoast-seo-premium-wordpress\/ -->\n<title>Stromba\/STANOZOLOL\/WINSTROL ORAL - (Espa\u00f1ol) Esteroides en l\u00ednea<\/title>\n<meta name=\"robots\" content=\"index, follow, max-snippet:-1, max-image-preview:large, max-video-preview:-1\" \/>\n<link rel=\"canonical\" href=\"https:\/\/iberoid-shop.com\/fr\/product\/stanozolol-winstrol-oral\/\" \/>\n<meta property=\"og:locale\" content=\"fr_FR\" \/>\n<meta property=\"og:type\" content=\"article\" \/>\n<meta property=\"og:title\" content=\"Stromba\/STANOZOLOL\/WINSTROL ORAL\" \/>\n<meta property=\"og:description\" content=\"Stromba Comprim\u00e9s de stanozolol 10 mg Chaque tablette contient: Stanozolol &#8211; 10 mg Les st\u00e9ro\u00efdes anabolisants sont des d\u00e9riv\u00e9s synth\u00e9tiques\" \/>\n<meta property=\"og:url\" content=\"https:\/\/iberoid-shop.com\/fr\/product\/stanozolol-winstrol-oral\/\" \/>\n<meta property=\"og:site_name\" content=\"(Espa\u00f1ol) Esteroides en l\u00ednea\" \/>\n<meta property=\"article:modified_time\" content=\"2023-02-11T19:02:26+00:00\" \/>\n<meta property=\"og:image\" content=\"https:\/\/iberoid-shop.com\/wp-content\/uploads\/2020\/06\/stromba.jpg?v=1678120110\" \/>\n\t<meta property=\"og:image:width\" content=\"486\" \/>\n\t<meta property=\"og:image:height\" content=\"365\" \/>\n\t<meta property=\"og:image:type\" content=\"image\/jpeg\" \/>\n<meta name=\"twitter:card\" content=\"summary_large_image\" \/>\n<meta name=\"twitter:label1\" content=\"Prix\" \/>\n\t<meta name=\"twitter:data1\" content=\"&euro;20.00\" \/>\n\t<meta name=\"twitter:label2\" content=\"Disponibilit\u00e9\" \/>\n\t<meta name=\"twitter:data2\" content=\"Rupture de stock\" \/>\n<script type=\"application\/ld+json\" class=\"yoast-schema-graph\">{\"@context\":\"https:\\\/\\\/schema.org\",\"@graph\":[{\"@type\":\"WebPage\",\"@id\":\"https:\\\/\\\/iberoid-shop.com\\\/fr\\\/product\\\/stanozolol-winstrol-oral\\\/\",\"url\":\"https:\\\/\\\/iberoid-shop.com\\\/fr\\\/product\\\/stanozolol-winstrol-oral\\\/\",\"name\":\"Stromba\\\/STANOZOLOL\\\/WINSTROL ORAL - (Espa\u00f1ol) Esteroides en l\u00ednea\",\"isPartOf\":{\"@id\":\"https:\\\/\\\/iberoid-shop.com\\\/fr\\\/#website\"},\"primaryImageOfPage\":{\"@id\":\"https:\\\/\\\/iberoid-shop.com\\\/fr\\\/product\\\/stanozolol-winstrol-oral\\\/#primaryimage\"},\"image\":{\"@id\":\"https:\\\/\\\/iberoid-shop.com\\\/fr\\\/product\\\/stanozolol-winstrol-oral\\\/#primaryimage\"},\"thumbnailUrl\":\"https:\\\/\\\/iberoid-shop.com\\\/wp-content\\\/uploads\\\/2020\\\/06\\\/stromba.jpg?v=1678120110\",\"datePublished\":\"2020-06-23T11:25:35+00:00\",\"dateModified\":\"2023-02-11T19:02:26+00:00\",\"breadcrumb\":{\"@id\":\"https:\\\/\\\/iberoid-shop.com\\\/fr\\\/product\\\/stanozolol-winstrol-oral\\\/#breadcrumb\"},\"inLanguage\":\"fr-FR\",\"potentialAction\":[{\"@type\":\"ReadAction\",\"target\":[[\"https:\\\/\\\/iberoid-shop.com\\\/fr\\\/product\\\/stanozolol-winstrol-oral\\\/\"]]}]},{\"@type\":\"ImageObject\",\"inLanguage\":\"fr-FR\",\"@id\":\"https:\\\/\\\/iberoid-shop.com\\\/fr\\\/product\\\/stanozolol-winstrol-oral\\\/#primaryimage\",\"url\":\"https:\\\/\\\/iberoid-shop.com\\\/wp-content\\\/uploads\\\/2020\\\/06\\\/stromba.jpg?v=1678120110\",\"contentUrl\":\"https:\\\/\\\/iberoid-shop.com\\\/wp-content\\\/uploads\\\/2020\\\/06\\\/stromba.jpg?v=1678120110\",\"width\":486,\"height\":365},{\"@type\":\"BreadcrumbList\",\"@id\":\"https:\\\/\\\/iberoid-shop.com\\\/fr\\\/product\\\/stanozolol-winstrol-oral\\\/#breadcrumb\",\"itemListElement\":[{\"@type\":\"ListItem\",\"position\":1,\"name\":\"Portada\",\"item\":\"https:\\\/\\\/iberoid-shop.com\\\/fr\\\/\"},{\"@type\":\"ListItem\",\"position\":2,\"name\":\"Magasin\",\"item\":\"https:\\\/\\\/iberoid-shop.com\\\/fr\\\/shop\\\/\"},{\"@type\":\"ListItem\",\"position\":3,\"name\":\"Stromba\\\/STANOZOLOL\\\/WINSTROL ORAL\"}]},{\"@type\":\"WebSite\",\"@id\":\"https:\\\/\\\/iberoid-shop.com\\\/fr\\\/#website\",\"url\":\"https:\\\/\\\/iberoid-shop.com\\\/fr\\\/\",\"name\":\"(Espa\u00f1ol) Esteroides en l\u00ednea\",\"description\":\"(Espa\u00f1ol) Comprar esteroides en l\u00ednea hoy en Espa\u00f1a y Portugal. Tenemos el mejor servicio al cliente en la industria y los productos de la m\u00e1s alta calidad\",\"potentialAction\":[{\"@type\":\"SearchAction\",\"target\":{\"@type\":\"EntryPoint\",\"urlTemplate\":\"https:\\\/\\\/iberoid-shop.com\\\/fr\\\/?s={search_term_string}\"},\"query-input\":{\"@type\":\"PropertyValueSpecification\",\"valueRequired\":true,\"valueName\":\"search_term_string\"}}],\"inLanguage\":\"fr-FR\"}]}<\/script>\n<meta property=\"product:brand\" content=\"MultiPharm\" \/>\n<meta property=\"product:price:amount\" content=\"20.00\" \/>\n<meta property=\"product:price:currency\" content=\"EUR\" \/>\n<meta property=\"og:availability\" content=\"out of stock\" \/>\n<meta property=\"product:availability\" content=\"out of stock\" \/>\n<meta property=\"product:condition\" content=\"new\" \/>\n<!-- \/ Yoast SEO Premium plugin. -->","yoast_head_json":{"title":"Stromba\/STANOZOLOL\/WINSTROL ORAL - (Espa\u00f1ol) Esteroides en l\u00ednea","robots":{"index":"index","follow":"follow","max-snippet":"max-snippet:-1","max-image-preview":"max-image-preview:large","max-video-preview":"max-video-preview:-1"},"canonical":"https:\/\/iberoid-shop.com\/fr\/product\/stanozolol-winstrol-oral\/","og_locale":"fr_FR","og_type":"article","og_title":"Stromba\/STANOZOLOL\/WINSTROL ORAL","og_description":"Stromba Comprim\u00e9s de stanozolol 10 mg Chaque tablette contient: Stanozolol &#8211; 10 mg Les st\u00e9ro\u00efdes anabolisants sont des d\u00e9riv\u00e9s synth\u00e9tiques","og_url":"https:\/\/iberoid-shop.com\/fr\/product\/stanozolol-winstrol-oral\/","og_site_name":"(Espa\u00f1ol) Esteroides en l\u00ednea","article_modified_time":"2023-02-11T19:02:26+00:00","og_image":[{"width":486,"height":365,"url":"https:\/\/iberoid-shop.com\/wp-content\/uploads\/2020\/06\/stromba.jpg?v=1678120110","type":"image\/jpeg"}],"twitter_card":"summary_large_image","twitter_misc":{"Prix":"&euro;20.00","Disponibilit\u00e9":"Rupture de stock"},"schema":{"@context":"https:\/\/schema.org","@graph":[{"@type":"WebPage","@id":"https:\/\/iberoid-shop.com\/fr\/product\/stanozolol-winstrol-oral\/","url":"https:\/\/iberoid-shop.com\/fr\/product\/stanozolol-winstrol-oral\/","name":"Stromba\/STANOZOLOL\/WINSTROL ORAL - (Espa\u00f1ol) Esteroides en l\u00ednea","isPartOf":{"@id":"https:\/\/iberoid-shop.com\/fr\/#website"},"primaryImageOfPage":{"@id":"https:\/\/iberoid-shop.com\/fr\/product\/stanozolol-winstrol-oral\/#primaryimage"},"image":{"@id":"https:\/\/iberoid-shop.com\/fr\/product\/stanozolol-winstrol-oral\/#primaryimage"},"thumbnailUrl":"https:\/\/iberoid-shop.com\/wp-content\/uploads\/2020\/06\/stromba.jpg?v=1678120110","datePublished":"2020-06-23T11:25:35+00:00","dateModified":"2023-02-11T19:02:26+00:00","breadcrumb":{"@id":"https:\/\/iberoid-shop.com\/fr\/product\/stanozolol-winstrol-oral\/#breadcrumb"},"inLanguage":"fr-FR","potentialAction":[{"@type":"ReadAction","target":[["https:\/\/iberoid-shop.com\/fr\/product\/stanozolol-winstrol-oral\/"]]}]},{"@type":"ImageObject","inLanguage":"fr-FR","@id":"https:\/\/iberoid-shop.com\/fr\/product\/stanozolol-winstrol-oral\/#primaryimage","url":"https:\/\/iberoid-shop.com\/wp-content\/uploads\/2020\/06\/stromba.jpg?v=1678120110","contentUrl":"https:\/\/iberoid-shop.com\/wp-content\/uploads\/2020\/06\/stromba.jpg?v=1678120110","width":486,"height":365},{"@type":"BreadcrumbList","@id":"https:\/\/iberoid-shop.com\/fr\/product\/stanozolol-winstrol-oral\/#breadcrumb","itemListElement":[{"@type":"ListItem","position":1,"name":"Portada","item":"https:\/\/iberoid-shop.com\/fr\/"},{"@type":"ListItem","position":2,"name":"Magasin","item":"https:\/\/iberoid-shop.com\/fr\/shop\/"},{"@type":"ListItem","position":3,"name":"Stromba\/STANOZOLOL\/WINSTROL ORAL"}]},{"@type":"WebSite","@id":"https:\/\/iberoid-shop.com\/fr\/#website","url":"https:\/\/iberoid-shop.com\/fr\/","name":"(Espa\u00f1ol) Esteroides en l\u00ednea","description":"(Espa\u00f1ol) Comprar esteroides en l\u00ednea hoy en Espa\u00f1a y Portugal. Tenemos el mejor servicio al cliente en la industria y los productos de la m\u00e1s alta calidad","potentialAction":[{"@type":"SearchAction","target":{"@type":"EntryPoint","urlTemplate":"https:\/\/iberoid-shop.com\/fr\/?s={search_term_string}"},"query-input":{"@type":"PropertyValueSpecification","valueRequired":true,"valueName":"search_term_string"}}],"inLanguage":"fr-FR"}]},"product_brand":"MultiPharm","product_price_amount":"20.00","product_price_currency":"EUR","og_availability":"out of stock","product_availability":"out of stock","product_condition":"new"},"_links":{"self":[{"href":"https:\/\/iberoid-shop.com\/fr\/wp-json\/wp\/v2\/product\/5214","targetHints":{"allow":["GET"]}}],"collection":[{"href":"https:\/\/iberoid-shop.com\/fr\/wp-json\/wp\/v2\/product"}],"about":[{"href":"https:\/\/iberoid-shop.com\/fr\/wp-json\/wp\/v2\/types\/product"}],"replies":[{"embeddable":true,"href":"https:\/\/iberoid-shop.com\/fr\/wp-json\/wp\/v2\/comments?post=5214"}],"wp:featuredmedia":[{"embeddable":true,"href":"https:\/\/iberoid-shop.com\/fr\/wp-json\/wp\/v2\/media\/5215"}],"wp:attachment":[{"href":"https:\/\/iberoid-shop.com\/fr\/wp-json\/wp\/v2\/media?parent=5214"}],"wp:term":[{"taxonomy":"product_brand","embeddable":true,"href":"https:\/\/iberoid-shop.com\/fr\/wp-json\/wp\/v2\/product_brand?post=5214"},{"taxonomy":"product_cat","embeddable":true,"href":"https:\/\/iberoid-shop.com\/fr\/wp-json\/wp\/v2\/product_cat?post=5214"},{"taxonomy":"product_tag","embeddable":true,"href":"https:\/\/iberoid-shop.com\/fr\/wp-json\/wp\/v2\/product_tag?post=5214"}],"curies":[{"name":"wp","href":"https:\/\/api.w.org\/{rel}","templated":true}]}}