{"id":5104,"date":"2020-05-10T12:40:06","date_gmt":"2020-05-10T12:40:06","guid":{"rendered":"https:\/\/iberoid-shop.com\/?post_type=product&#038;p=5104"},"modified":"2024-08-06T19:51:49","modified_gmt":"2024-08-06T19:51:49","slug":"hcg-5000-iu-pregnyl","status":"publish","type":"product","link":"https:\/\/iberoid-shop.com\/fr\/product\/hcg-5000-iu-pregnyl\/","title":{"rendered":"hcg 5000 iu   PREGNYL"},"content":{"rendered":"<p>Pregnyl 5000 UI Injection est une hormone qui aide l&rsquo;ovule dans l&rsquo;ovaire d&rsquo;une femme \u00e0 se d\u00e9velopper normalement. Il stimule la lib\u00e9ration d&rsquo;un ovule pendant l&rsquo;ovulation, traite<br \/>\ninfertilit\u00e9 chez les femmes, troubles de l&rsquo;hypophyse chez les jeunes gar\u00e7ons, traits sexuels non d\u00e9velopp\u00e9s chez les filles et augmentation du nombre de spermatozo\u00efdes chez les hommes. Pregnyl 5000 UI Injection est inject\u00e9 directement sous la peau ou dans un muscle.<\/p>\n<p>Vous devez \u00e9viter d&rsquo;utiliser Pregnyl 5000 UI Injection si vous y \u00eates allergique, si vous \u00eates enceinte, si vous avez une pubert\u00e9 pr\u00e9coce ou si vous \u00eates li\u00e9 aux hormones.<br \/>\ncancer. \u00c9vitez la consommation d&rsquo;alcool pendant que vous prenez ce m\u00e9dicament.<\/p>\n<p>Quelques effets secondaires de l&rsquo;utilisation de Pregnyl 5000 UI Injection sont des douleurs pelviennes s\u00e9v\u00e8res, un gonflement des mains et des jambes,<br \/>\ndouleurs abdominales, essoufflement, prise de poids, diarrh\u00e9e, naus\u00e9es ou vomissements et uriner moins que la normale. Les effets secondaires moins graves comprennent des maux de t\u00eate, une sensation d&rsquo;agitation et d&rsquo;irritabilit\u00e9, une prise de poids en eau,<br \/>\nd\u00e9pression, gonflement des seins et douleur l\u00e9g\u00e8re au site d&rsquo;injection.<\/p>\n<p>Quelles sont les utilisations de Pregnyl 5000 UI Injection<br \/>\nInfertilit\u00e9 f\u00e9minineCe m\u00e9dicament est utilis\u00e9 pour traiter l&rsquo;infertilit\u00e9 chez les femmes qui n&rsquo;ont pas subi de m\u00e9nopause mais qui sont incapables de concevoir en raison de d\u00e9s\u00e9quilibres hormonaux dans le corps.<br \/>\nInfertilit\u00e9 masculineCe m\u00e9dicament est utilis\u00e9 pour traiter l&rsquo;infertilit\u00e9 masculine due \u00e0 un manque de d\u00e9ficit sp\u00e9cifique de s\u00e9cr\u00e9tion hormonale dans le corps.<br \/>\nCryptorchidieCe m\u00e9dicament est utilis\u00e9 pour traiter une affection chez les enfants de sexe masculin o\u00f9 l&rsquo;un des deux testicules n&rsquo;est pas descendu dans le sac scrotal.<\/p>","protected":false},"excerpt":{"rendered":"<p>Pregnyl 5000 UI Injection est une hormone qui aide l&rsquo;ovule dans l&rsquo;ovaire d&rsquo;une femme \u00e0 se d\u00e9velopper normalement. Il stimule<\/p>\n","protected":false},"featured_media":5105,"comment_status":"open","ping_status":"closed","template":"","meta":[],"product_brand":[],"product_cat":[76],"product_tag":[],"class_list":{"0":"post-5104","1":"product","2":"type-product","3":"status-publish","4":"has-post-thumbnail","6":"product_cat-hgh_peptido","8":"first","9":"outofstock","10":"shipping-taxable","11":"purchasable","12":"product-type-simple"},"yoast_head":"<!-- This site is optimized with the Yoast SEO Premium plugin v24.4 (Yoast SEO v27.0) - https:\/\/yoast.com\/product\/yoast-seo-premium-wordpress\/ -->\n<title>hcg 5000 iu  PREGNYL - (Espa\u00f1ol) Esteroides en l\u00ednea<\/title>\n<meta name=\"robots\" content=\"index, follow, max-snippet:-1, max-image-preview:large, max-video-preview:-1\" \/>\n<link rel=\"canonical\" href=\"https:\/\/iberoid-shop.com\/fr\/product\/hcg-5000-iu-pregnyl\/\" \/>\n<meta property=\"og:locale\" content=\"fr_FR\" \/>\n<meta property=\"og:type\" content=\"article\" \/>\n<meta property=\"og:title\" content=\"hcg 5000 iu  PREGNYL\" \/>\n<meta property=\"og:description\" content=\"Pregnyl 5000 UI Injection est une hormone qui aide l&rsquo;ovule dans l&rsquo;ovaire d&rsquo;une femme \u00e0 se d\u00e9velopper normalement. Il stimule\" \/>\n<meta property=\"og:url\" content=\"https:\/\/iberoid-shop.com\/fr\/product\/hcg-5000-iu-pregnyl\/\" \/>\n<meta property=\"og:site_name\" content=\"(Espa\u00f1ol) Esteroides en l\u00ednea\" \/>\n<meta property=\"article:modified_time\" content=\"2024-08-06T19:51:49+00:00\" \/>\n<meta property=\"og:image\" content=\"https:\/\/iberoid-shop.com\/wp-content\/uploads\/2020\/05\/pregnyl-organon-5000-iu.jpg?v=1720308727\" \/>\n\t<meta property=\"og:image:width\" content=\"800\" \/>\n\t<meta property=\"og:image:height\" content=\"800\" \/>\n\t<meta property=\"og:image:type\" content=\"image\/jpeg\" \/>\n<meta name=\"twitter:card\" content=\"summary_large_image\" \/>\n<meta name=\"twitter:label1\" content=\"Prix\" \/>\n\t<meta name=\"twitter:data1\" content=\"&euro;25.00\" \/>\n\t<meta name=\"twitter:label2\" content=\"Disponibilit\u00e9\" \/>\n\t<meta name=\"twitter:data2\" content=\"Rupture de stock\" \/>\n<script type=\"application\/ld+json\" class=\"yoast-schema-graph\">{\"@context\":\"https:\/\/schema.org\",\"@graph\":[{\"@type\":\"WebPage\",\"@id\":\"https:\/\/iberoid-shop.com\/fr\/product\/hcg-5000-iu-pregnyl\/\",\"url\":\"https:\/\/iberoid-shop.com\/fr\/product\/hcg-5000-iu-pregnyl\/\",\"name\":\"hcg 5000 iu PREGNYL - (Espa\u00f1ol) Esteroides en l\u00ednea\",\"isPartOf\":{\"@id\":\"https:\/\/iberoid-shop.com\/fr\/#website\"},\"primaryImageOfPage\":{\"@id\":\"https:\/\/iberoid-shop.com\/fr\/product\/hcg-5000-iu-pregnyl\/#primaryimage\"},\"image\":{\"@id\":\"https:\/\/iberoid-shop.com\/fr\/product\/hcg-5000-iu-pregnyl\/#primaryimage\"},\"thumbnailUrl\":\"https:\/\/iberoid-shop.com\/wp-content\/uploads\/2020\/05\/pregnyl-organon-5000-iu.jpg?v=1720308727\",\"datePublished\":\"2020-05-10T12:40:06+00:00\",\"dateModified\":\"2024-08-06T19:51:49+00:00\",\"breadcrumb\":{\"@id\":\"https:\/\/iberoid-shop.com\/fr\/product\/hcg-5000-iu-pregnyl\/#breadcrumb\"},\"inLanguage\":\"fr-FR\",\"potentialAction\":[{\"@type\":\"ReadAction\",\"target\":[[\"https:\/\/iberoid-shop.com\/fr\/product\/hcg-5000-iu-pregnyl\/\"]]}]},{\"@type\":\"ImageObject\",\"inLanguage\":\"fr-FR\",\"@id\":\"https:\/\/iberoid-shop.com\/fr\/product\/hcg-5000-iu-pregnyl\/#primaryimage\",\"url\":\"https:\/\/iberoid-shop.com\/wp-content\/uploads\/2020\/05\/pregnyl-organon-5000-iu.jpg?v=1720308727\",\"contentUrl\":\"https:\/\/iberoid-shop.com\/wp-content\/uploads\/2020\/05\/pregnyl-organon-5000-iu.jpg?v=1720308727\",\"width\":800,\"height\":800},{\"@type\":\"BreadcrumbList\",\"@id\":\"https:\/\/iberoid-shop.com\/fr\/product\/hcg-5000-iu-pregnyl\/#breadcrumb\",\"itemListElement\":[{\"@type\":\"ListItem\",\"position\":1,\"name\":\"Portada\",\"item\":\"https:\/\/iberoid-shop.com\/fr\/\"},{\"@type\":\"ListItem\",\"position\":2,\"name\":\"Magasin\",\"item\":\"https:\/\/iberoid-shop.com\/fr\/shop\/\"},{\"@type\":\"ListItem\",\"position\":3,\"name\":\"hcg 5000 iu PREGNYL\"}]},{\"@type\":\"WebSite\",\"@id\":\"https:\/\/iberoid-shop.com\/fr\/#website\",\"url\":\"https:\/\/iberoid-shop.com\/fr\/\",\"name\":\"(Espa\u00f1ol) Esteroides en l\u00ednea\",\"description\":\"(Espa\u00f1ol) Comprar esteroides en l\u00ednea hoy en Espa\u00f1a y Portugal. Tenemos el mejor servicio al cliente en la industria y los productos de la m\u00e1s alta calidad\",\"potentialAction\":[{\"@type\":\"SearchAction\",\"target\":{\"@type\":\"EntryPoint\",\"urlTemplate\":\"https:\/\/iberoid-shop.com\/fr\/?s={search_term_string}\"},\"query-input\":{\"@type\":\"PropertyValueSpecification\",\"valueRequired\":true,\"valueName\":\"search_term_string\"}}],\"inLanguage\":\"fr-FR\"}]}<\/script>\n<meta property=\"product:brand\" content=\"Organon\" \/>\n<meta property=\"product:price:amount\" content=\"25.00\" \/>\n<meta property=\"product:price:currency\" content=\"EUR\" \/>\n<meta property=\"og:availability\" content=\"out of stock\" \/>\n<meta property=\"product:availability\" content=\"out of stock\" \/>\n<meta property=\"product:condition\" content=\"new\" \/>\n<!-- \/ Yoast SEO Premium plugin. -->","yoast_head_json":{"title":"hcg 5000 iu  PREGNYL - (Espa\u00f1ol) Esteroides en l\u00ednea","robots":{"index":"index","follow":"follow","max-snippet":"max-snippet:-1","max-image-preview":"max-image-preview:large","max-video-preview":"max-video-preview:-1"},"canonical":"https:\/\/iberoid-shop.com\/fr\/product\/hcg-5000-iu-pregnyl\/","og_locale":"fr_FR","og_type":"article","og_title":"hcg 5000 iu  PREGNYL","og_description":"Pregnyl 5000 UI Injection est une hormone qui aide l&rsquo;ovule dans l&rsquo;ovaire d&rsquo;une femme \u00e0 se d\u00e9velopper normalement. Il stimule","og_url":"https:\/\/iberoid-shop.com\/fr\/product\/hcg-5000-iu-pregnyl\/","og_site_name":"(Espa\u00f1ol) Esteroides en l\u00ednea","article_modified_time":"2024-08-06T19:51:49+00:00","og_image":[{"width":800,"height":800,"url":"https:\/\/iberoid-shop.com\/wp-content\/uploads\/2020\/05\/pregnyl-organon-5000-iu.jpg?v=1720308727","type":"image\/jpeg"}],"twitter_card":"summary_large_image","twitter_misc":{"Prix":"&euro;25.00","Disponibilit\u00e9":"Rupture de stock"},"schema":{"@context":"https:\/\/schema.org","@graph":[{"@type":"WebPage","@id":"https:\/\/iberoid-shop.com\/fr\/product\/hcg-5000-iu-pregnyl\/","url":"https:\/\/iberoid-shop.com\/fr\/product\/hcg-5000-iu-pregnyl\/","name":"hcg 5000 iu PREGNYL - (Espa\u00f1ol) Esteroides en l\u00ednea","isPartOf":{"@id":"https:\/\/iberoid-shop.com\/fr\/#website"},"primaryImageOfPage":{"@id":"https:\/\/iberoid-shop.com\/fr\/product\/hcg-5000-iu-pregnyl\/#primaryimage"},"image":{"@id":"https:\/\/iberoid-shop.com\/fr\/product\/hcg-5000-iu-pregnyl\/#primaryimage"},"thumbnailUrl":"https:\/\/iberoid-shop.com\/wp-content\/uploads\/2020\/05\/pregnyl-organon-5000-iu.jpg?v=1720308727","datePublished":"2020-05-10T12:40:06+00:00","dateModified":"2024-08-06T19:51:49+00:00","breadcrumb":{"@id":"https:\/\/iberoid-shop.com\/fr\/product\/hcg-5000-iu-pregnyl\/#breadcrumb"},"inLanguage":"fr-FR","potentialAction":[{"@type":"ReadAction","target":[["https:\/\/iberoid-shop.com\/fr\/product\/hcg-5000-iu-pregnyl\/"]]}]},{"@type":"ImageObject","inLanguage":"fr-FR","@id":"https:\/\/iberoid-shop.com\/fr\/product\/hcg-5000-iu-pregnyl\/#primaryimage","url":"https:\/\/iberoid-shop.com\/wp-content\/uploads\/2020\/05\/pregnyl-organon-5000-iu.jpg?v=1720308727","contentUrl":"https:\/\/iberoid-shop.com\/wp-content\/uploads\/2020\/05\/pregnyl-organon-5000-iu.jpg?v=1720308727","width":800,"height":800},{"@type":"BreadcrumbList","@id":"https:\/\/iberoid-shop.com\/fr\/product\/hcg-5000-iu-pregnyl\/#breadcrumb","itemListElement":[{"@type":"ListItem","position":1,"name":"Portada","item":"https:\/\/iberoid-shop.com\/fr\/"},{"@type":"ListItem","position":2,"name":"Magasin","item":"https:\/\/iberoid-shop.com\/fr\/shop\/"},{"@type":"ListItem","position":3,"name":"hcg 5000 iu PREGNYL"}]},{"@type":"WebSite","@id":"https:\/\/iberoid-shop.com\/fr\/#website","url":"https:\/\/iberoid-shop.com\/fr\/","name":"(Espa\u00f1ol) Esteroides en l\u00ednea","description":"(Espa\u00f1ol) Comprar esteroides en l\u00ednea hoy en Espa\u00f1a y Portugal. Tenemos el mejor servicio al cliente en la industria y los productos de la m\u00e1s alta calidad","potentialAction":[{"@type":"SearchAction","target":{"@type":"EntryPoint","urlTemplate":"https:\/\/iberoid-shop.com\/fr\/?s={search_term_string}"},"query-input":{"@type":"PropertyValueSpecification","valueRequired":true,"valueName":"search_term_string"}}],"inLanguage":"fr-FR"}]},"product_brand":"Organon","product_price_amount":"25.00","product_price_currency":"EUR","og_availability":"out of stock","product_availability":"out of stock","product_condition":"new"},"_links":{"self":[{"href":"https:\/\/iberoid-shop.com\/fr\/wp-json\/wp\/v2\/product\/5104","targetHints":{"allow":["GET"]}}],"collection":[{"href":"https:\/\/iberoid-shop.com\/fr\/wp-json\/wp\/v2\/product"}],"about":[{"href":"https:\/\/iberoid-shop.com\/fr\/wp-json\/wp\/v2\/types\/product"}],"replies":[{"embeddable":true,"href":"https:\/\/iberoid-shop.com\/fr\/wp-json\/wp\/v2\/comments?post=5104"}],"wp:featuredmedia":[{"embeddable":true,"href":"https:\/\/iberoid-shop.com\/fr\/wp-json\/wp\/v2\/media\/5105"}],"wp:attachment":[{"href":"https:\/\/iberoid-shop.com\/fr\/wp-json\/wp\/v2\/media?parent=5104"}],"wp:term":[{"taxonomy":"product_brand","embeddable":true,"href":"https:\/\/iberoid-shop.com\/fr\/wp-json\/wp\/v2\/product_brand?post=5104"},{"taxonomy":"product_cat","embeddable":true,"href":"https:\/\/iberoid-shop.com\/fr\/wp-json\/wp\/v2\/product_cat?post=5104"},{"taxonomy":"product_tag","embeddable":true,"href":"https:\/\/iberoid-shop.com\/fr\/wp-json\/wp\/v2\/product_tag?post=5104"}],"curies":[{"name":"wp","href":"https:\/\/api.w.org\/{rel}","templated":true}]}}