{"id":3731,"date":"2019-12-26T20:12:22","date_gmt":"2019-12-26T20:12:22","guid":{"rendered":"https:\/\/iberoid-shop.com\/?post_type=product&#038;p=3731"},"modified":"2026-02-08T12:24:31","modified_gmt":"2026-02-08T12:24:31","slug":"winstrol","status":"publish","type":"product","link":"https:\/\/iberoid-shop.com\/fr\/product\/winstrol\/","title":{"rendered":"Winstrol &#8211; nanomicronizado EPF"},"content":{"rendered":"<p>Winstrol EPF est un st\u00e9ro\u00efde trouv\u00e9 dans une version orale et injectable. Winstrol est un d\u00e9riv\u00e9 de la dihydrotestost\u00e9rone avec peu d&rsquo;action androg\u00e8ne. Il n&rsquo;apporte pas de gains significatifs en masse musculaire et en force.<\/p>\n<p>Winstrol est utilis\u00e9 pour d\u00e9finir et \u00e9tirer les cycles. C&rsquo;est l&rsquo;un des st\u00e9ro\u00efdes les plus utilis\u00e9s en m\u00e9decine. Winstrole donne un aspect dur et sec aux muscles, il est id\u00e9al avant les comp\u00e9titions. Il n&rsquo;apporte pas de grands gains de masse musculaire, il ne s&rsquo;aromatise \u00e0 aucune dose, il n&rsquo;y a donc pas besoin d&rsquo;anti-\u0153strog\u00e8nes et la gyn\u00e9comastite n&rsquo;appara\u00eetra pas.<\/p>\n<p>Winstrole EPF est unique sous sa forme orale et injectable. Les deux formes contiennent le m\u00eame compos\u00e9, mais l&rsquo;injectable est sup\u00e9rieur. L&rsquo;administration de la variante injectable r\u00e9duira le stress exerc\u00e9 sur le foie. En musculation, il est utilis\u00e9 notamment en combinaison avec d&rsquo;autres st\u00e9ro\u00efdes et surtout lorsque vous souhaitez d\u00e9finir le muscle. Stanozole augmente rapidement la force et donc les athl\u00e8tes de performance qui ont besoin de vitesse et de puissance. Les doses d&rsquo;administration sont de 30 \u00e0 50 mg par jour pour la variante orale et de 25 \u00e0 50 mg par jour pour l&rsquo;injection. Il est administr\u00e9 pendant 6 \u00e0 8 semaines. \u00c0 la fin du cycle, une th\u00e9rapie post-cycle est n\u00e9cessaire. Il doit \u00eatre utilis\u00e9 en association avec de la testost\u00e9rone injectable.<\/p>","protected":false},"excerpt":{"rendered":"<p class=\"qtranxs-available-languages-message qtranxs-available-languages-message-fr\">D\u00e9sol\u00e9, cet article est seulement disponible en <a href=\"https:\/\/iberoid-shop.com\/es\/wp-json\/wp\/v2\/product\/3731\" class=\"qtranxs-available-language-link qtranxs-available-language-link-es\" title=\"Espa\u00f1ol\">Espa\u00f1ol<\/a> et <a href=\"https:\/\/iberoid-shop.com\/pt\/wp-json\/wp\/v2\/product\/3731\" class=\"qtranxs-available-language-link qtranxs-available-language-link-pt\" title=\"Portugu\u00eas\">Portugu\u00eas<\/a>.<\/p>\n","protected":false},"featured_media":3733,"comment_status":"open","ping_status":"closed","template":"","meta":[],"product_brand":[],"product_cat":[69],"product_tag":[],"class_list":{"0":"post-3731","1":"product","2":"type-product","3":"status-publish","4":"has-post-thumbnail","6":"product_cat-esteroides_inyectables","8":"first","9":"instock","10":"shipping-taxable","11":"purchasable","12":"product-type-simple"},"yoast_head":"<!-- This site is optimized with the Yoast SEO Premium plugin v24.4 (Yoast SEO v27.0) - https:\/\/yoast.com\/product\/yoast-seo-premium-wordpress\/ -->\n<title>Winstrol - nanomicronizado EPF - (Espa\u00f1ol) Esteroides en l\u00ednea<\/title>\n<meta name=\"description\" content=\"WINSTROL EPF est un st\u00e9ro\u00efde qui durcit les muscles, d\u00e9finit la silhouette et augmente la force sans effets \u0153strog\u00e9niques.\" \/>\n<meta name=\"robots\" content=\"index, follow, max-snippet:-1, max-image-preview:large, max-video-preview:-1\" \/>\n<link rel=\"canonical\" href=\"https:\/\/iberoid-shop.com\/fr\/product\/winstrol\/\" \/>\n<meta property=\"og:locale\" content=\"fr_FR\" \/>\n<meta property=\"og:type\" content=\"article\" \/>\n<meta property=\"og:title\" content=\"Winstrol - nanomicronizado EPF\" \/>\n<meta property=\"og:description\" content=\"WINSTROL EPF est un st\u00e9ro\u00efde qui durcit les muscles, d\u00e9finit la silhouette et augmente la force sans effets \u0153strog\u00e9niques.\" \/>\n<meta property=\"og:url\" content=\"https:\/\/iberoid-shop.com\/fr\/product\/winstrol\/\" \/>\n<meta property=\"og:site_name\" content=\"(Espa\u00f1ol) Esteroides en l\u00ednea\" \/>\n<meta property=\"article:modified_time\" content=\"2026-02-08T12:24:31+00:00\" \/>\n<meta property=\"og:image\" content=\"https:\/\/iberoid-shop.com\/wp-content\/uploads\/2019\/12\/80303830_494580554519935_7845157812282851328_n.jpg?v=1678120128\" \/>\n\t<meta property=\"og:image:width\" content=\"960\" \/>\n\t<meta property=\"og:image:height\" content=\"960\" \/>\n\t<meta property=\"og:image:type\" content=\"image\/jpeg\" \/>\n<meta name=\"twitter:card\" content=\"summary_large_image\" \/>\n<meta name=\"twitter:label1\" content=\"Prix\" \/>\n\t<meta name=\"twitter:data1\" content=\"&euro;30.00\" \/>\n\t<meta name=\"twitter:label2\" content=\"Disponibilit\u00e9\" \/>\n\t<meta name=\"twitter:data2\" content=\"En stock\" \/>\n<script type=\"application\/ld+json\" class=\"yoast-schema-graph\">{\"@context\":\"https:\/\/schema.org\",\"@graph\":[{\"@type\":\"WebPage\",\"@id\":\"https:\/\/iberoid-shop.com\/fr\/product\/winstrol\/\",\"url\":\"https:\/\/iberoid-shop.com\/fr\/product\/winstrol\/\",\"name\":\"Winstrol - nanomicronizado EPF - (Espa\u00f1ol) Esteroides en l\u00ednea\",\"isPartOf\":{\"@id\":\"https:\/\/iberoid-shop.com\/fr\/#website\"},\"primaryImageOfPage\":{\"@id\":\"https:\/\/iberoid-shop.com\/fr\/product\/winstrol\/#primaryimage\"},\"image\":{\"@id\":\"https:\/\/iberoid-shop.com\/fr\/product\/winstrol\/#primaryimage\"},\"thumbnailUrl\":\"https:\/\/iberoid-shop.com\/wp-content\/uploads\/2019\/12\/80303830_494580554519935_7845157812282851328_n.jpg?v=1678120128\",\"datePublished\":\"2019-12-26T20:12:22+00:00\",\"dateModified\":\"2026-02-08T12:24:31+00:00\",\"description\":\"WINSTROL EPF est un st\u00e9ro\u00efde qui durcit les muscles, d\u00e9finit la silhouette et augmente la force sans effets \u0153strog\u00e9niques.\",\"breadcrumb\":{\"@id\":\"https:\/\/iberoid-shop.com\/fr\/product\/winstrol\/#breadcrumb\"},\"inLanguage\":\"fr-FR\",\"potentialAction\":[{\"@type\":\"ReadAction\",\"target\":[[\"https:\/\/iberoid-shop.com\/fr\/product\/winstrol\/\"]]}]},{\"@type\":\"ImageObject\",\"inLanguage\":\"fr-FR\",\"@id\":\"https:\/\/iberoid-shop.com\/fr\/product\/winstrol\/#primaryimage\",\"url\":\"https:\/\/iberoid-shop.com\/wp-content\/uploads\/2019\/12\/80303830_494580554519935_7845157812282851328_n.jpg?v=1678120128\",\"contentUrl\":\"https:\/\/iberoid-shop.com\/wp-content\/uploads\/2019\/12\/80303830_494580554519935_7845157812282851328_n.jpg?v=1678120128\",\"width\":960,\"height\":960,\"caption\":\"Winstrol premium EPF, Euro Prime\"},{\"@type\":\"BreadcrumbList\",\"@id\":\"https:\/\/iberoid-shop.com\/fr\/product\/winstrol\/#breadcrumb\",\"itemListElement\":[{\"@type\":\"ListItem\",\"position\":1,\"name\":\"Portada\",\"item\":\"https:\/\/iberoid-shop.com\/fr\/\"},{\"@type\":\"ListItem\",\"position\":2,\"name\":\"Magasin\",\"item\":\"https:\/\/iberoid-shop.com\/fr\/shop\/\"},{\"@type\":\"ListItem\",\"position\":3,\"name\":\"Winstrol &#8211; nanomicronizado EPF\"}]},{\"@type\":\"WebSite\",\"@id\":\"https:\/\/iberoid-shop.com\/fr\/#website\",\"url\":\"https:\/\/iberoid-shop.com\/fr\/\",\"name\":\"(Espa\u00f1ol) Esteroides en l\u00ednea\",\"description\":\"(Espa\u00f1ol) Comprar esteroides en l\u00ednea hoy en Espa\u00f1a y Portugal. Tenemos el mejor servicio al cliente en la industria y los productos de la m\u00e1s alta calidad\",\"potentialAction\":[{\"@type\":\"SearchAction\",\"target\":{\"@type\":\"EntryPoint\",\"urlTemplate\":\"https:\/\/iberoid-shop.com\/fr\/?s={search_term_string}\"},\"query-input\":{\"@type\":\"PropertyValueSpecification\",\"valueRequired\":true,\"valueName\":\"search_term_string\"}}],\"inLanguage\":\"fr-FR\"}]}<\/script>\n<meta property=\"product:brand\" content=\"Euro Prime Pharmaceuticals (EPF)\" \/>\n<meta property=\"product:price:amount\" content=\"30.00\" \/>\n<meta property=\"product:price:currency\" content=\"EUR\" \/>\n<meta property=\"og:availability\" content=\"instock\" \/>\n<meta property=\"product:availability\" content=\"instock\" \/>\n<meta property=\"product:condition\" content=\"new\" \/>\n<!-- \/ Yoast SEO Premium plugin. -->","yoast_head_json":{"title":"Winstrol - nanomicronizado EPF - (Espa\u00f1ol) Esteroides en l\u00ednea","description":"WINSTROL EPF est un st\u00e9ro\u00efde qui durcit les muscles, d\u00e9finit la silhouette et augmente la force sans effets \u0153strog\u00e9niques.","robots":{"index":"index","follow":"follow","max-snippet":"max-snippet:-1","max-image-preview":"max-image-preview:large","max-video-preview":"max-video-preview:-1"},"canonical":"https:\/\/iberoid-shop.com\/fr\/product\/winstrol\/","og_locale":"fr_FR","og_type":"article","og_title":"Winstrol - nanomicronizado EPF","og_description":"WINSTROL EPF est un st\u00e9ro\u00efde qui durcit les muscles, d\u00e9finit la silhouette et augmente la force sans effets \u0153strog\u00e9niques.","og_url":"https:\/\/iberoid-shop.com\/fr\/product\/winstrol\/","og_site_name":"(Espa\u00f1ol) Esteroides en l\u00ednea","article_modified_time":"2026-02-08T12:24:31+00:00","og_image":[{"width":960,"height":960,"url":"https:\/\/iberoid-shop.com\/wp-content\/uploads\/2019\/12\/80303830_494580554519935_7845157812282851328_n.jpg?v=1678120128","type":"image\/jpeg"}],"twitter_card":"summary_large_image","twitter_misc":{"Prix":"&euro;30.00","Disponibilit\u00e9":"En stock"},"schema":{"@context":"https:\/\/schema.org","@graph":[{"@type":"WebPage","@id":"https:\/\/iberoid-shop.com\/fr\/product\/winstrol\/","url":"https:\/\/iberoid-shop.com\/fr\/product\/winstrol\/","name":"Winstrol - nanomicronizado EPF - (Espa\u00f1ol) Esteroides en l\u00ednea","isPartOf":{"@id":"https:\/\/iberoid-shop.com\/fr\/#website"},"primaryImageOfPage":{"@id":"https:\/\/iberoid-shop.com\/fr\/product\/winstrol\/#primaryimage"},"image":{"@id":"https:\/\/iberoid-shop.com\/fr\/product\/winstrol\/#primaryimage"},"thumbnailUrl":"https:\/\/iberoid-shop.com\/wp-content\/uploads\/2019\/12\/80303830_494580554519935_7845157812282851328_n.jpg?v=1678120128","datePublished":"2019-12-26T20:12:22+00:00","dateModified":"2026-02-08T12:24:31+00:00","description":"WINSTROL EPF est un st\u00e9ro\u00efde qui durcit les muscles, d\u00e9finit la silhouette et augmente la force sans effets \u0153strog\u00e9niques.","breadcrumb":{"@id":"https:\/\/iberoid-shop.com\/fr\/product\/winstrol\/#breadcrumb"},"inLanguage":"fr-FR","potentialAction":[{"@type":"ReadAction","target":[["https:\/\/iberoid-shop.com\/fr\/product\/winstrol\/"]]}]},{"@type":"ImageObject","inLanguage":"fr-FR","@id":"https:\/\/iberoid-shop.com\/fr\/product\/winstrol\/#primaryimage","url":"https:\/\/iberoid-shop.com\/wp-content\/uploads\/2019\/12\/80303830_494580554519935_7845157812282851328_n.jpg?v=1678120128","contentUrl":"https:\/\/iberoid-shop.com\/wp-content\/uploads\/2019\/12\/80303830_494580554519935_7845157812282851328_n.jpg?v=1678120128","width":960,"height":960,"caption":"Winstrol premium EPF, Euro Prime"},{"@type":"BreadcrumbList","@id":"https:\/\/iberoid-shop.com\/fr\/product\/winstrol\/#breadcrumb","itemListElement":[{"@type":"ListItem","position":1,"name":"Portada","item":"https:\/\/iberoid-shop.com\/fr\/"},{"@type":"ListItem","position":2,"name":"Magasin","item":"https:\/\/iberoid-shop.com\/fr\/shop\/"},{"@type":"ListItem","position":3,"name":"Winstrol &#8211; nanomicronizado EPF"}]},{"@type":"WebSite","@id":"https:\/\/iberoid-shop.com\/fr\/#website","url":"https:\/\/iberoid-shop.com\/fr\/","name":"(Espa\u00f1ol) Esteroides en l\u00ednea","description":"(Espa\u00f1ol) Comprar esteroides en l\u00ednea hoy en Espa\u00f1a y Portugal. Tenemos el mejor servicio al cliente en la industria y los productos de la m\u00e1s alta calidad","potentialAction":[{"@type":"SearchAction","target":{"@type":"EntryPoint","urlTemplate":"https:\/\/iberoid-shop.com\/fr\/?s={search_term_string}"},"query-input":{"@type":"PropertyValueSpecification","valueRequired":true,"valueName":"search_term_string"}}],"inLanguage":"fr-FR"}]},"product_brand":"Euro Prime Pharmaceuticals (EPF)","product_price_amount":"30.00","product_price_currency":"EUR","og_availability":"instock","product_availability":"instock","product_condition":"new"},"_links":{"self":[{"href":"https:\/\/iberoid-shop.com\/fr\/wp-json\/wp\/v2\/product\/3731","targetHints":{"allow":["GET"]}}],"collection":[{"href":"https:\/\/iberoid-shop.com\/fr\/wp-json\/wp\/v2\/product"}],"about":[{"href":"https:\/\/iberoid-shop.com\/fr\/wp-json\/wp\/v2\/types\/product"}],"replies":[{"embeddable":true,"href":"https:\/\/iberoid-shop.com\/fr\/wp-json\/wp\/v2\/comments?post=3731"}],"wp:featuredmedia":[{"embeddable":true,"href":"https:\/\/iberoid-shop.com\/fr\/wp-json\/wp\/v2\/media\/3733"}],"wp:attachment":[{"href":"https:\/\/iberoid-shop.com\/fr\/wp-json\/wp\/v2\/media?parent=3731"}],"wp:term":[{"taxonomy":"product_brand","embeddable":true,"href":"https:\/\/iberoid-shop.com\/fr\/wp-json\/wp\/v2\/product_brand?post=3731"},{"taxonomy":"product_cat","embeddable":true,"href":"https:\/\/iberoid-shop.com\/fr\/wp-json\/wp\/v2\/product_cat?post=3731"},{"taxonomy":"product_tag","embeddable":true,"href":"https:\/\/iberoid-shop.com\/fr\/wp-json\/wp\/v2\/product_tag?post=3731"}],"curies":[{"name":"wp","href":"https:\/\/api.w.org\/{rel}","templated":true}]}}