{"id":3158,"date":"2019-11-21T20:32:18","date_gmt":"2019-11-21T20:32:18","guid":{"rendered":"https:\/\/iberoid-shop.com\/?post_type=product&#038;p=3158"},"modified":"2022-12-12T11:48:31","modified_gmt":"2022-12-12T11:48:31","slug":"trenbolone-75","status":"publish","type":"product","link":"https:\/\/iberoid-shop.com\/fr\/product\/trenbolone-75\/","title":{"rendered":"Trenbolone 75"},"content":{"rendered":"<p>L&rsquo;ac\u00e9tate de trenbolone est utilis\u00e9 pour traiter la prise de poids apr\u00e8s une intervention chirurgicale \u00e9tendue, une infection chronique ou un traumatisme grave. Il est \u00e9galement utilis\u00e9 pour minimiser la dystrophie musculaire caus\u00e9e par un traitement aux corticost\u00e9ro\u00efdes et pour r\u00e9duire les douleurs osseuses caus\u00e9es par l&rsquo;ost\u00e9oporose.<br \/>\nDescription<br \/>\n1 flacon contient 10 ml de solution injectable;<br \/>\nSubstances actives<br \/>\nChaque ml de Trenbolone 75 contient 75 mg d&rsquo;ac\u00e9tate de trenbolone;<br \/>\nVoie d&rsquo;administration<br \/>\nPour usage intramusculaire uniquement;<\/p>","protected":false},"excerpt":{"rendered":"<p>L&rsquo;ac\u00e9tate de trenbolone est utilis\u00e9 pour traiter la prise de poids apr\u00e8s une intervention chirurgicale \u00e9tendue, une infection chronique ou<\/p>\n","protected":false},"featured_media":3160,"comment_status":"open","ping_status":"closed","template":"","meta":[],"product_brand":[],"product_cat":[69],"product_tag":[],"class_list":{"0":"post-3158","1":"product","2":"type-product","3":"status-publish","4":"has-post-thumbnail","6":"product_cat-esteroides_inyectables","8":"first","9":"outofstock","10":"sale","11":"shipping-taxable","12":"purchasable","13":"product-type-simple"},"yoast_head":"<!-- This site is optimized with the Yoast SEO Premium plugin v24.4 (Yoast SEO v27.0) - https:\/\/yoast.com\/product\/yoast-seo-premium-wordpress\/ -->\n<title>Trenbolone 75 - (Espa\u00f1ol) Esteroides en l\u00ednea<\/title>\n<meta name=\"description\" content=\"(Espa\u00f1ol) El acetato de trembolona se usa para tratar el aumento de peso despu\u00e9s de una cirug\u00eda extensa, una infecci\u00f3n cr\u00f3nica o un trauma severo.\" \/>\n<meta name=\"robots\" content=\"index, follow, max-snippet:-1, max-image-preview:large, max-video-preview:-1\" \/>\n<link rel=\"canonical\" href=\"https:\/\/iberoid-shop.com\/fr\/product\/trenbolone-75\/\" \/>\n<meta property=\"og:locale\" content=\"fr_FR\" \/>\n<meta property=\"og:type\" content=\"article\" \/>\n<meta property=\"og:title\" content=\"Trenbolone 75\" \/>\n<meta property=\"og:description\" content=\"(Espa\u00f1ol) El acetato de trembolona se usa para tratar el aumento de peso despu\u00e9s de una cirug\u00eda extensa, una infecci\u00f3n cr\u00f3nica o un trauma severo.\" \/>\n<meta property=\"og:url\" content=\"https:\/\/iberoid-shop.com\/fr\/product\/trenbolone-75\/\" \/>\n<meta property=\"og:site_name\" content=\"(Espa\u00f1ol) Esteroides en l\u00ednea\" \/>\n<meta property=\"article:modified_time\" content=\"2022-12-12T11:48:31+00:00\" \/>\n<meta property=\"og:image\" content=\"https:\/\/iberoid-shop.com\/wp-content\/uploads\/2019\/11\/trenbolone_75.jpg?v=1678120151\" \/>\n\t<meta property=\"og:image:width\" content=\"388\" \/>\n\t<meta property=\"og:image:height\" content=\"388\" \/>\n\t<meta property=\"og:image:type\" content=\"image\/jpeg\" \/>\n<meta name=\"twitter:card\" content=\"summary_large_image\" \/>\n<meta name=\"twitter:label1\" content=\"Prix\" \/>\n\t<meta name=\"twitter:data1\" content=\"&euro;50.00\" \/>\n\t<meta name=\"twitter:label2\" content=\"Disponibilit\u00e9\" \/>\n\t<meta name=\"twitter:data2\" content=\"Rupture de stock\" \/>\n<script type=\"application\/ld+json\" class=\"yoast-schema-graph\">{\"@context\":\"https:\/\/schema.org\",\"@graph\":[{\"@type\":\"WebPage\",\"@id\":\"https:\/\/iberoid-shop.com\/fr\/product\/trenbolone-75\/\",\"url\":\"https:\/\/iberoid-shop.com\/fr\/product\/trenbolone-75\/\",\"name\":\"Trenbolone 75 - (Espa\u00f1ol) Esteroides en l\u00ednea\",\"isPartOf\":{\"@id\":\"https:\/\/iberoid-shop.com\/fr\/#website\"},\"primaryImageOfPage\":{\"@id\":\"https:\/\/iberoid-shop.com\/fr\/product\/trenbolone-75\/#primaryimage\"},\"image\":{\"@id\":\"https:\/\/iberoid-shop.com\/fr\/product\/trenbolone-75\/#primaryimage\"},\"thumbnailUrl\":\"https:\/\/iberoid-shop.com\/wp-content\/uploads\/2019\/11\/trenbolone_75.jpg?v=1678120151\",\"datePublished\":\"2019-11-21T20:32:18+00:00\",\"dateModified\":\"2022-12-12T11:48:31+00:00\",\"description\":\"(Espa\u00f1ol) El acetato de trembolona se usa para tratar el aumento de peso despu\u00e9s de una cirug\u00eda extensa, una infecci\u00f3n cr\u00f3nica o un trauma severo.\",\"breadcrumb\":{\"@id\":\"https:\/\/iberoid-shop.com\/fr\/product\/trenbolone-75\/#breadcrumb\"},\"inLanguage\":\"fr-FR\",\"potentialAction\":[{\"@type\":\"ReadAction\",\"target\":[[\"https:\/\/iberoid-shop.com\/fr\/product\/trenbolone-75\/\"]]}]},{\"@type\":\"ImageObject\",\"inLanguage\":\"fr-FR\",\"@id\":\"https:\/\/iberoid-shop.com\/fr\/product\/trenbolone-75\/#primaryimage\",\"url\":\"https:\/\/iberoid-shop.com\/wp-content\/uploads\/2019\/11\/trenbolone_75.jpg?v=1678120151\",\"contentUrl\":\"https:\/\/iberoid-shop.com\/wp-content\/uploads\/2019\/11\/trenbolone_75.jpg?v=1678120151\",\"width\":388,\"height\":388},{\"@type\":\"BreadcrumbList\",\"@id\":\"https:\/\/iberoid-shop.com\/fr\/product\/trenbolone-75\/#breadcrumb\",\"itemListElement\":[{\"@type\":\"ListItem\",\"position\":1,\"name\":\"Portada\",\"item\":\"https:\/\/iberoid-shop.com\/fr\/\"},{\"@type\":\"ListItem\",\"position\":2,\"name\":\"Magasin\",\"item\":\"https:\/\/iberoid-shop.com\/fr\/shop\/\"},{\"@type\":\"ListItem\",\"position\":3,\"name\":\"Trenbolone 75\"}]},{\"@type\":\"WebSite\",\"@id\":\"https:\/\/iberoid-shop.com\/fr\/#website\",\"url\":\"https:\/\/iberoid-shop.com\/fr\/\",\"name\":\"(Espa\u00f1ol) Esteroides en l\u00ednea\",\"description\":\"(Espa\u00f1ol) Comprar esteroides en l\u00ednea hoy en Espa\u00f1a y Portugal. Tenemos el mejor servicio al cliente en la industria y los productos de la m\u00e1s alta calidad\",\"potentialAction\":[{\"@type\":\"SearchAction\",\"target\":{\"@type\":\"EntryPoint\",\"urlTemplate\":\"https:\/\/iberoid-shop.com\/fr\/?s={search_term_string}\"},\"query-input\":{\"@type\":\"PropertyValueSpecification\",\"valueRequired\":true,\"valueName\":\"search_term_string\"}}],\"inLanguage\":\"fr-FR\"}]}<\/script>\n<meta property=\"product:brand\" content=\"SP Laboratories\" \/>\n<meta property=\"product:price:amount\" content=\"50.00\" \/>\n<meta property=\"product:price:currency\" content=\"EUR\" \/>\n<meta property=\"og:availability\" content=\"out of stock\" \/>\n<meta property=\"product:availability\" content=\"out of stock\" \/>\n<meta property=\"product:condition\" content=\"new\" \/>\n<!-- \/ Yoast SEO Premium plugin. -->","yoast_head_json":{"title":"Trenbolone 75 - (Espa\u00f1ol) Esteroides en l\u00ednea","description":"(Espa\u00f1ol) El acetato de trembolona se usa para tratar el aumento de peso despu\u00e9s de una cirug\u00eda extensa, una infecci\u00f3n cr\u00f3nica o un trauma severo.","robots":{"index":"index","follow":"follow","max-snippet":"max-snippet:-1","max-image-preview":"max-image-preview:large","max-video-preview":"max-video-preview:-1"},"canonical":"https:\/\/iberoid-shop.com\/fr\/product\/trenbolone-75\/","og_locale":"fr_FR","og_type":"article","og_title":"Trenbolone 75","og_description":"(Espa\u00f1ol) El acetato de trembolona se usa para tratar el aumento de peso despu\u00e9s de una cirug\u00eda extensa, una infecci\u00f3n cr\u00f3nica o un trauma severo.","og_url":"https:\/\/iberoid-shop.com\/fr\/product\/trenbolone-75\/","og_site_name":"(Espa\u00f1ol) Esteroides en l\u00ednea","article_modified_time":"2022-12-12T11:48:31+00:00","og_image":[{"width":388,"height":388,"url":"https:\/\/iberoid-shop.com\/wp-content\/uploads\/2019\/11\/trenbolone_75.jpg?v=1678120151","type":"image\/jpeg"}],"twitter_card":"summary_large_image","twitter_misc":{"Prix":"&euro;50.00","Disponibilit\u00e9":"Rupture de stock"},"schema":{"@context":"https:\/\/schema.org","@graph":[{"@type":"WebPage","@id":"https:\/\/iberoid-shop.com\/fr\/product\/trenbolone-75\/","url":"https:\/\/iberoid-shop.com\/fr\/product\/trenbolone-75\/","name":"Trenbolone 75 - (Espa\u00f1ol) Esteroides en l\u00ednea","isPartOf":{"@id":"https:\/\/iberoid-shop.com\/fr\/#website"},"primaryImageOfPage":{"@id":"https:\/\/iberoid-shop.com\/fr\/product\/trenbolone-75\/#primaryimage"},"image":{"@id":"https:\/\/iberoid-shop.com\/fr\/product\/trenbolone-75\/#primaryimage"},"thumbnailUrl":"https:\/\/iberoid-shop.com\/wp-content\/uploads\/2019\/11\/trenbolone_75.jpg?v=1678120151","datePublished":"2019-11-21T20:32:18+00:00","dateModified":"2022-12-12T11:48:31+00:00","description":"(Espa\u00f1ol) El acetato de trembolona se usa para tratar el aumento de peso despu\u00e9s de una cirug\u00eda extensa, una infecci\u00f3n cr\u00f3nica o un trauma severo.","breadcrumb":{"@id":"https:\/\/iberoid-shop.com\/fr\/product\/trenbolone-75\/#breadcrumb"},"inLanguage":"fr-FR","potentialAction":[{"@type":"ReadAction","target":[["https:\/\/iberoid-shop.com\/fr\/product\/trenbolone-75\/"]]}]},{"@type":"ImageObject","inLanguage":"fr-FR","@id":"https:\/\/iberoid-shop.com\/fr\/product\/trenbolone-75\/#primaryimage","url":"https:\/\/iberoid-shop.com\/wp-content\/uploads\/2019\/11\/trenbolone_75.jpg?v=1678120151","contentUrl":"https:\/\/iberoid-shop.com\/wp-content\/uploads\/2019\/11\/trenbolone_75.jpg?v=1678120151","width":388,"height":388},{"@type":"BreadcrumbList","@id":"https:\/\/iberoid-shop.com\/fr\/product\/trenbolone-75\/#breadcrumb","itemListElement":[{"@type":"ListItem","position":1,"name":"Portada","item":"https:\/\/iberoid-shop.com\/fr\/"},{"@type":"ListItem","position":2,"name":"Magasin","item":"https:\/\/iberoid-shop.com\/fr\/shop\/"},{"@type":"ListItem","position":3,"name":"Trenbolone 75"}]},{"@type":"WebSite","@id":"https:\/\/iberoid-shop.com\/fr\/#website","url":"https:\/\/iberoid-shop.com\/fr\/","name":"(Espa\u00f1ol) Esteroides en l\u00ednea","description":"(Espa\u00f1ol) Comprar esteroides en l\u00ednea hoy en Espa\u00f1a y Portugal. Tenemos el mejor servicio al cliente en la industria y los productos de la m\u00e1s alta calidad","potentialAction":[{"@type":"SearchAction","target":{"@type":"EntryPoint","urlTemplate":"https:\/\/iberoid-shop.com\/fr\/?s={search_term_string}"},"query-input":{"@type":"PropertyValueSpecification","valueRequired":true,"valueName":"search_term_string"}}],"inLanguage":"fr-FR"}]},"product_brand":"SP Laboratories","product_price_amount":"50.00","product_price_currency":"EUR","og_availability":"out of stock","product_availability":"out of stock","product_condition":"new"},"_links":{"self":[{"href":"https:\/\/iberoid-shop.com\/fr\/wp-json\/wp\/v2\/product\/3158","targetHints":{"allow":["GET"]}}],"collection":[{"href":"https:\/\/iberoid-shop.com\/fr\/wp-json\/wp\/v2\/product"}],"about":[{"href":"https:\/\/iberoid-shop.com\/fr\/wp-json\/wp\/v2\/types\/product"}],"replies":[{"embeddable":true,"href":"https:\/\/iberoid-shop.com\/fr\/wp-json\/wp\/v2\/comments?post=3158"}],"wp:featuredmedia":[{"embeddable":true,"href":"https:\/\/iberoid-shop.com\/fr\/wp-json\/wp\/v2\/media\/3160"}],"wp:attachment":[{"href":"https:\/\/iberoid-shop.com\/fr\/wp-json\/wp\/v2\/media?parent=3158"}],"wp:term":[{"taxonomy":"product_brand","embeddable":true,"href":"https:\/\/iberoid-shop.com\/fr\/wp-json\/wp\/v2\/product_brand?post=3158"},{"taxonomy":"product_cat","embeddable":true,"href":"https:\/\/iberoid-shop.com\/fr\/wp-json\/wp\/v2\/product_cat?post=3158"},{"taxonomy":"product_tag","embeddable":true,"href":"https:\/\/iberoid-shop.com\/fr\/wp-json\/wp\/v2\/product_tag?post=3158"}],"curies":[{"name":"wp","href":"https:\/\/api.w.org\/{rel}","templated":true}]}}