{"id":3145,"date":"2019-11-20T21:45:59","date_gmt":"2019-11-20T21:45:59","guid":{"rendered":"https:\/\/iberoid-shop.com\/?post_type=product&#038;p=3145"},"modified":"2023-12-13T21:37:13","modified_gmt":"2023-12-13T21:37:13","slug":"sp-laboratories","status":"publish","type":"product","link":"https:\/\/iberoid-shop.com\/fr\/product\/sp-laboratories\/","title":{"rendered":"SP Supertest 450mg\/ml"},"content":{"rendered":"<p>Description<br \/>\n1 flacon contient 10 ml de solution injectable;<br \/>\nSubstances actives<br \/>\nChaque ml de SP Supertest contient des substances actives: ac\u00e9tate de testost\u00e9rone 32 mg, d\u00e9canoate de testost\u00e9rone 147 mg, propionate de testost\u00e9rone 73 mg, ph\u00e9nylpropionate de testost\u00e9rone 73 mg, cypionate de testost\u00e9rone 125 mg<br \/>\nVoie d&rsquo;administration<br \/>\nPour usage intramusculaire uniquement;<\/p>","protected":false},"excerpt":{"rendered":"<p>Description 1 flacon contient 10 ml de solution injectable; Substances actives Chaque ml de SP Supertest contient des substances actives:<\/p>\n","protected":false},"featured_media":3147,"comment_status":"open","ping_status":"closed","template":"","meta":[],"product_brand":[],"product_cat":[69],"product_tag":[],"class_list":{"0":"post-3145","1":"product","2":"type-product","3":"status-publish","4":"has-post-thumbnail","6":"product_cat-esteroides_inyectables","8":"first","9":"outofstock","10":"sale","11":"shipping-taxable","12":"purchasable","13":"product-type-simple"},"yoast_head":"<!-- This site is optimized with the Yoast SEO Premium plugin v24.4 (Yoast SEO v27.0) - https:\/\/yoast.com\/product\/yoast-seo-premium-wordpress\/ -->\n<title>SP Supertest 450mg\/ml - (Espa\u00f1ol) Esteroides en l\u00ednea<\/title>\n<meta name=\"description\" content=\"(Espa\u00f1ol) Descripci\u00f3n1 vial contiene 10 ml de soluci\u00f3n inyectable;Sustancias activasCada ml de SP Supertest contiene sustancias activas: acetato de testosterona 32mg, decanoato de testosterona 147mg, propionato de testosterona 73mg, fenilpropionato de testosterona 73mg, cipionato de testosterona 125mgRuta de administraci\u00f3nSolo para uso intramuscular;\" \/>\n<meta name=\"robots\" content=\"index, follow, max-snippet:-1, max-image-preview:large, max-video-preview:-1\" \/>\n<link rel=\"canonical\" href=\"https:\/\/iberoid-shop.com\/fr\/product\/sp-laboratories\/\" \/>\n<meta property=\"og:locale\" content=\"fr_FR\" \/>\n<meta property=\"og:type\" content=\"article\" \/>\n<meta property=\"og:title\" content=\"SP Supertest 450mg\/ml\" \/>\n<meta property=\"og:description\" content=\"(Espa\u00f1ol) Descripci\u00f3n1 vial contiene 10 ml de soluci\u00f3n inyectable;Sustancias activasCada ml de SP Supertest contiene sustancias activas: acetato de testosterona 32mg, decanoato de testosterona 147mg, propionato de testosterona 73mg, fenilpropionato de testosterona 73mg, cipionato de testosterona 125mgRuta de administraci\u00f3nSolo para uso intramuscular;\" \/>\n<meta property=\"og:url\" content=\"https:\/\/iberoid-shop.com\/fr\/product\/sp-laboratories\/\" \/>\n<meta property=\"og:site_name\" content=\"(Espa\u00f1ol) Esteroides en l\u00ednea\" \/>\n<meta property=\"article:modified_time\" content=\"2023-12-13T21:37:13+00:00\" \/>\n<meta property=\"og:image\" content=\"https:\/\/iberoid-shop.com\/wp-content\/uploads\/2019\/11\/supertest.jpg?v=1678120154\" \/>\n\t<meta property=\"og:image:width\" content=\"388\" \/>\n\t<meta property=\"og:image:height\" content=\"388\" \/>\n\t<meta property=\"og:image:type\" content=\"image\/jpeg\" \/>\n<meta name=\"twitter:card\" content=\"summary_large_image\" \/>\n<meta name=\"twitter:label1\" content=\"Prix\" \/>\n\t<meta name=\"twitter:data1\" content=\"&euro;55.00\" \/>\n\t<meta name=\"twitter:label2\" content=\"Disponibilit\u00e9\" \/>\n\t<meta name=\"twitter:data2\" content=\"Rupture de stock\" \/>\n<script type=\"application\/ld+json\" class=\"yoast-schema-graph\">{\"@context\":\"https:\/\/schema.org\",\"@graph\":[{\"@type\":\"WebPage\",\"@id\":\"https:\/\/iberoid-shop.com\/fr\/product\/sp-laboratories\/\",\"url\":\"https:\/\/iberoid-shop.com\/fr\/product\/sp-laboratories\/\",\"name\":\"SP Supertest 450mg\/ml - (Espa\u00f1ol) Esteroides en l\u00ednea\",\"isPartOf\":{\"@id\":\"https:\/\/iberoid-shop.com\/fr\/#website\"},\"primaryImageOfPage\":{\"@id\":\"https:\/\/iberoid-shop.com\/fr\/product\/sp-laboratories\/#primaryimage\"},\"image\":{\"@id\":\"https:\/\/iberoid-shop.com\/fr\/product\/sp-laboratories\/#primaryimage\"},\"thumbnailUrl\":\"https:\/\/iberoid-shop.com\/wp-content\/uploads\/2019\/11\/supertest.jpg?v=1678120154\",\"datePublished\":\"2019-11-20T21:45:59+00:00\",\"dateModified\":\"2023-12-13T21:37:13+00:00\",\"description\":\"(Espa\u00f1ol) Descripci\u00f3n1 vial contiene 10 ml de soluci\u00f3n inyectable;Sustancias activasCada ml de SP Supertest contiene sustancias activas: acetato de testosterona 32mg, decanoato de testosterona 147mg, propionato de testosterona 73mg, fenilpropionato de testosterona 73mg, cipionato de testosterona 125mgRuta de administraci\u00f3nSolo para uso intramuscular;\",\"breadcrumb\":{\"@id\":\"https:\/\/iberoid-shop.com\/fr\/product\/sp-laboratories\/#breadcrumb\"},\"inLanguage\":\"fr-FR\",\"potentialAction\":[{\"@type\":\"ReadAction\",\"target\":[[\"https:\/\/iberoid-shop.com\/fr\/product\/sp-laboratories\/\"]]}]},{\"@type\":\"ImageObject\",\"inLanguage\":\"fr-FR\",\"@id\":\"https:\/\/iberoid-shop.com\/fr\/product\/sp-laboratories\/#primaryimage\",\"url\":\"https:\/\/iberoid-shop.com\/wp-content\/uploads\/2019\/11\/supertest.jpg?v=1678120154\",\"contentUrl\":\"https:\/\/iberoid-shop.com\/wp-content\/uploads\/2019\/11\/supertest.jpg?v=1678120154\",\"width\":388,\"height\":388},{\"@type\":\"BreadcrumbList\",\"@id\":\"https:\/\/iberoid-shop.com\/fr\/product\/sp-laboratories\/#breadcrumb\",\"itemListElement\":[{\"@type\":\"ListItem\",\"position\":1,\"name\":\"Portada\",\"item\":\"https:\/\/iberoid-shop.com\/fr\/\"},{\"@type\":\"ListItem\",\"position\":2,\"name\":\"Magasin\",\"item\":\"https:\/\/iberoid-shop.com\/fr\/shop\/\"},{\"@type\":\"ListItem\",\"position\":3,\"name\":\"SP Supertest 450mg\/ml\"}]},{\"@type\":\"WebSite\",\"@id\":\"https:\/\/iberoid-shop.com\/fr\/#website\",\"url\":\"https:\/\/iberoid-shop.com\/fr\/\",\"name\":\"(Espa\u00f1ol) Esteroides en l\u00ednea\",\"description\":\"(Espa\u00f1ol) Comprar esteroides en l\u00ednea hoy en Espa\u00f1a y Portugal. Tenemos el mejor servicio al cliente en la industria y los productos de la m\u00e1s alta calidad\",\"potentialAction\":[{\"@type\":\"SearchAction\",\"target\":{\"@type\":\"EntryPoint\",\"urlTemplate\":\"https:\/\/iberoid-shop.com\/fr\/?s={search_term_string}\"},\"query-input\":{\"@type\":\"PropertyValueSpecification\",\"valueRequired\":true,\"valueName\":\"search_term_string\"}}],\"inLanguage\":\"fr-FR\"}]}<\/script>\n<meta property=\"product:brand\" content=\"SP Laboratories\" \/>\n<meta property=\"product:price:amount\" content=\"55.00\" \/>\n<meta property=\"product:price:currency\" content=\"EUR\" \/>\n<meta property=\"og:availability\" content=\"out of stock\" \/>\n<meta property=\"product:availability\" content=\"out of stock\" \/>\n<meta property=\"product:condition\" content=\"new\" \/>\n<!-- \/ Yoast SEO Premium plugin. -->","yoast_head_json":{"title":"SP Supertest 450mg\/ml - (Espa\u00f1ol) Esteroides en l\u00ednea","description":"(Espa\u00f1ol) Descripci\u00f3n1 vial contiene 10 ml de soluci\u00f3n inyectable;Sustancias activasCada ml de SP Supertest contiene sustancias activas: acetato de testosterona 32mg, decanoato de testosterona 147mg, propionato de testosterona 73mg, fenilpropionato de testosterona 73mg, cipionato de testosterona 125mgRuta de administraci\u00f3nSolo para uso intramuscular;","robots":{"index":"index","follow":"follow","max-snippet":"max-snippet:-1","max-image-preview":"max-image-preview:large","max-video-preview":"max-video-preview:-1"},"canonical":"https:\/\/iberoid-shop.com\/fr\/product\/sp-laboratories\/","og_locale":"fr_FR","og_type":"article","og_title":"SP Supertest 450mg\/ml","og_description":"(Espa\u00f1ol) Descripci\u00f3n1 vial contiene 10 ml de soluci\u00f3n inyectable;Sustancias activasCada ml de SP Supertest contiene sustancias activas: acetato de testosterona 32mg, decanoato de testosterona 147mg, propionato de testosterona 73mg, fenilpropionato de testosterona 73mg, cipionato de testosterona 125mgRuta de administraci\u00f3nSolo para uso intramuscular;","og_url":"https:\/\/iberoid-shop.com\/fr\/product\/sp-laboratories\/","og_site_name":"(Espa\u00f1ol) Esteroides en l\u00ednea","article_modified_time":"2023-12-13T21:37:13+00:00","og_image":[{"width":388,"height":388,"url":"https:\/\/iberoid-shop.com\/wp-content\/uploads\/2019\/11\/supertest.jpg?v=1678120154","type":"image\/jpeg"}],"twitter_card":"summary_large_image","twitter_misc":{"Prix":"&euro;55.00","Disponibilit\u00e9":"Rupture de stock"},"schema":{"@context":"https:\/\/schema.org","@graph":[{"@type":"WebPage","@id":"https:\/\/iberoid-shop.com\/fr\/product\/sp-laboratories\/","url":"https:\/\/iberoid-shop.com\/fr\/product\/sp-laboratories\/","name":"SP Supertest 450mg\/ml - (Espa\u00f1ol) Esteroides en l\u00ednea","isPartOf":{"@id":"https:\/\/iberoid-shop.com\/fr\/#website"},"primaryImageOfPage":{"@id":"https:\/\/iberoid-shop.com\/fr\/product\/sp-laboratories\/#primaryimage"},"image":{"@id":"https:\/\/iberoid-shop.com\/fr\/product\/sp-laboratories\/#primaryimage"},"thumbnailUrl":"https:\/\/iberoid-shop.com\/wp-content\/uploads\/2019\/11\/supertest.jpg?v=1678120154","datePublished":"2019-11-20T21:45:59+00:00","dateModified":"2023-12-13T21:37:13+00:00","description":"(Espa\u00f1ol) Descripci\u00f3n1 vial contiene 10 ml de soluci\u00f3n inyectable;Sustancias activasCada ml de SP Supertest contiene sustancias activas: acetato de testosterona 32mg, decanoato de testosterona 147mg, propionato de testosterona 73mg, fenilpropionato de testosterona 73mg, cipionato de testosterona 125mgRuta de administraci\u00f3nSolo para uso intramuscular;","breadcrumb":{"@id":"https:\/\/iberoid-shop.com\/fr\/product\/sp-laboratories\/#breadcrumb"},"inLanguage":"fr-FR","potentialAction":[{"@type":"ReadAction","target":[["https:\/\/iberoid-shop.com\/fr\/product\/sp-laboratories\/"]]}]},{"@type":"ImageObject","inLanguage":"fr-FR","@id":"https:\/\/iberoid-shop.com\/fr\/product\/sp-laboratories\/#primaryimage","url":"https:\/\/iberoid-shop.com\/wp-content\/uploads\/2019\/11\/supertest.jpg?v=1678120154","contentUrl":"https:\/\/iberoid-shop.com\/wp-content\/uploads\/2019\/11\/supertest.jpg?v=1678120154","width":388,"height":388},{"@type":"BreadcrumbList","@id":"https:\/\/iberoid-shop.com\/fr\/product\/sp-laboratories\/#breadcrumb","itemListElement":[{"@type":"ListItem","position":1,"name":"Portada","item":"https:\/\/iberoid-shop.com\/fr\/"},{"@type":"ListItem","position":2,"name":"Magasin","item":"https:\/\/iberoid-shop.com\/fr\/shop\/"},{"@type":"ListItem","position":3,"name":"SP Supertest 450mg\/ml"}]},{"@type":"WebSite","@id":"https:\/\/iberoid-shop.com\/fr\/#website","url":"https:\/\/iberoid-shop.com\/fr\/","name":"(Espa\u00f1ol) Esteroides en l\u00ednea","description":"(Espa\u00f1ol) Comprar esteroides en l\u00ednea hoy en Espa\u00f1a y Portugal. Tenemos el mejor servicio al cliente en la industria y los productos de la m\u00e1s alta calidad","potentialAction":[{"@type":"SearchAction","target":{"@type":"EntryPoint","urlTemplate":"https:\/\/iberoid-shop.com\/fr\/?s={search_term_string}"},"query-input":{"@type":"PropertyValueSpecification","valueRequired":true,"valueName":"search_term_string"}}],"inLanguage":"fr-FR"}]},"product_brand":"SP Laboratories","product_price_amount":"55.00","product_price_currency":"EUR","og_availability":"out of stock","product_availability":"out of stock","product_condition":"new"},"_links":{"self":[{"href":"https:\/\/iberoid-shop.com\/fr\/wp-json\/wp\/v2\/product\/3145","targetHints":{"allow":["GET"]}}],"collection":[{"href":"https:\/\/iberoid-shop.com\/fr\/wp-json\/wp\/v2\/product"}],"about":[{"href":"https:\/\/iberoid-shop.com\/fr\/wp-json\/wp\/v2\/types\/product"}],"replies":[{"embeddable":true,"href":"https:\/\/iberoid-shop.com\/fr\/wp-json\/wp\/v2\/comments?post=3145"}],"wp:featuredmedia":[{"embeddable":true,"href":"https:\/\/iberoid-shop.com\/fr\/wp-json\/wp\/v2\/media\/3147"}],"wp:attachment":[{"href":"https:\/\/iberoid-shop.com\/fr\/wp-json\/wp\/v2\/media?parent=3145"}],"wp:term":[{"taxonomy":"product_brand","embeddable":true,"href":"https:\/\/iberoid-shop.com\/fr\/wp-json\/wp\/v2\/product_brand?post=3145"},{"taxonomy":"product_cat","embeddable":true,"href":"https:\/\/iberoid-shop.com\/fr\/wp-json\/wp\/v2\/product_cat?post=3145"},{"taxonomy":"product_tag","embeddable":true,"href":"https:\/\/iberoid-shop.com\/fr\/wp-json\/wp\/v2\/product_tag?post=3145"}],"curies":[{"name":"wp","href":"https:\/\/api.w.org\/{rel}","templated":true}]}}