{"id":3056,"date":"2019-11-20T20:38:27","date_gmt":"2019-11-20T20:38:27","guid":{"rendered":"https:\/\/iberoid-shop.com\/?post_type=product&#038;p=3056"},"modified":"2024-11-07T13:12:07","modified_gmt":"2024-11-07T13:12:07","slug":"dianoged","status":"publish","type":"product","link":"https:\/\/iberoid-shop.com\/fr\/product\/dianoged\/","title":{"rendered":"Dianoged DiANABOL"},"content":{"rendered":"<p>Danabol ou naposim, comme nous le connaissons mieux dans le pays, est le st\u00e9ro\u00efde oral le plus populaire. Il apporte des augmentations rapides de masse et de force, c&rsquo;est pourquoi la plupart des d\u00e9butants y sont attir\u00e9s.<br \/>\nC&rsquo;est l&rsquo;un des st\u00e9ro\u00efdes anabolisants les plus anciens au monde de tous les temps.<\/p>\n<p>Danabol est le st\u00e9ro\u00efde oral le plus utilis\u00e9. C&rsquo;est lui qui a initi\u00e9 l&rsquo;\u00e8re des substances et du physique am\u00e9liorant la performance. Il a \u00e9galement \u00e9t\u00e9 adopt\u00e9 en m\u00e9decine. Il a \u00e9t\u00e9 con\u00e7u pour \u00eatre aussi anabolisant que la testost\u00e9rone, mais sans effets androg\u00e8nes prononc\u00e9s et \u00e0 action rapide.<\/p>\n<p>Naposim ou danabol exerce une action fortement anabolique et androg\u00e8ne. Il aide \u00e0 la synth\u00e8se des prot\u00e9ines et \u00e0 la r\u00e9tention d&rsquo;azote et \u00e0 la glycog\u00e9nolyse. La dose habituelle est comprise entre 40 mg et 100 mg. Il est administr\u00e9 pendant une p\u00e9riode de 6 semaines.<\/p>\n<p>Pendant les 6 semaines il y aura une augmentation de la force, vous pourrez accumuler entre 10 et 15 kg pendant cette p\u00e9riode. La quantit\u00e9 de masse musculaire et sa qualit\u00e9 d\u00e9pendront en grande partie du r\u00e9gime alimentaire. Un r\u00e9gime riche en prot\u00e9ines est n\u00e9cessaire, 2-3 g de prot\u00e9ines \/ kg de corps.<\/p>\n<p>Danabol (naposim) retiendra beaucoup d&rsquo;eau dans le corps, ceci est b\u00e9n\u00e9fique car il aura pour effet de \u00ab\u00a0lubrifier les articulations\u00a0\u00bb. L&rsquo;eau accumul\u00e9e dans le corps sera \u00e9limin\u00e9e \u00e0 la fin du cycle. Dans la p\u00e9riode post-cycle, le tamoxif\u00e8ne et le clomid doivent \u00eatre utilis\u00e9s.<\/p>\n<p>Naposim peut \u00eatre combin\u00e9 avec la testost\u00e9rone, la d\u00e9caduraboline mais aussi avec d&rsquo;autres st\u00e9ro\u00efdes. Il aide \u00e0 une croissance rapide au d\u00e9but de longs cycles de st\u00e9ro\u00efdes. Pour donner une apparence plus muscl\u00e9e en fin de cycle, Winstrol oral ou injectable peut \u00eatre d\u00e9marr\u00e9 pendant 4 semaines.<\/p>","protected":false},"excerpt":{"rendered":"<p>Danabol ou naposim, comme nous le connaissons mieux dans le pays, est le st\u00e9ro\u00efde oral le plus populaire. Il apporte<\/p>\n","protected":false},"featured_media":3058,"comment_status":"open","ping_status":"closed","template":"","meta":[],"product_brand":[],"product_cat":[73],"product_tag":[],"class_list":{"0":"post-3056","1":"product","2":"type-product","3":"status-publish","4":"has-post-thumbnail","6":"product_cat-ssteroides_orales","8":"first","9":"outofstock","10":"sale","11":"shipping-taxable","12":"purchasable","13":"product-type-simple"},"yoast_head":"<!-- This site is optimized with the Yoast SEO Premium plugin v24.4 (Yoast SEO v27.0) - https:\/\/yoast.com\/product\/yoast-seo-premium-wordpress\/ -->\n<title>Dianoged DiANABOL - (Espa\u00f1ol) Esteroides en l\u00ednea<\/title>\n<meta name=\"description\" content=\"(Espa\u00f1ol) Danabol o naposim, como es mejor conocido por nosotros en el pa\u00eds, es el esteroide oral m\u00e1s popular. Danabol es el esteroide oral m\u00e1s utilizado.\" \/>\n<meta name=\"robots\" content=\"index, follow, max-snippet:-1, max-image-preview:large, max-video-preview:-1\" \/>\n<link rel=\"canonical\" href=\"https:\/\/iberoid-shop.com\/fr\/product\/dianoged\/\" \/>\n<meta property=\"og:locale\" content=\"fr_FR\" \/>\n<meta property=\"og:type\" content=\"article\" \/>\n<meta property=\"og:title\" content=\"Dianoged DiANABOL\" \/>\n<meta property=\"og:description\" content=\"(Espa\u00f1ol) Danabol o naposim, como es mejor conocido por nosotros en el pa\u00eds, es el esteroide oral m\u00e1s popular. Danabol es el esteroide oral m\u00e1s utilizado.\" \/>\n<meta property=\"og:url\" content=\"https:\/\/iberoid-shop.com\/fr\/product\/dianoged\/\" \/>\n<meta property=\"og:site_name\" content=\"(Espa\u00f1ol) Esteroides en l\u00ednea\" \/>\n<meta property=\"article:modified_time\" content=\"2024-11-07T13:12:07+00:00\" \/>\n<meta property=\"og:image\" content=\"https:\/\/iberoid-shop.com\/wp-content\/uploads\/2019\/11\/dianoged.jpg?v=1698920095\" \/>\n\t<meta property=\"og:image:width\" content=\"700\" \/>\n\t<meta property=\"og:image:height\" content=\"700\" \/>\n\t<meta property=\"og:image:type\" content=\"image\/jpeg\" \/>\n<meta name=\"twitter:card\" content=\"summary_large_image\" \/>\n<meta name=\"twitter:label1\" content=\"Prix\" \/>\n\t<meta name=\"twitter:data1\" content=\"&euro;30.00\" \/>\n\t<meta name=\"twitter:label2\" content=\"Disponibilit\u00e9\" \/>\n\t<meta name=\"twitter:data2\" content=\"Rupture de stock\" \/>\n<script type=\"application\/ld+json\" class=\"yoast-schema-graph\">{\"@context\":\"https:\/\/schema.org\",\"@graph\":[{\"@type\":\"WebPage\",\"@id\":\"https:\/\/iberoid-shop.com\/fr\/product\/dianoged\/\",\"url\":\"https:\/\/iberoid-shop.com\/fr\/product\/dianoged\/\",\"name\":\"Dianoged DiANABOL - (Espa\u00f1ol) Esteroides en l\u00ednea\",\"isPartOf\":{\"@id\":\"https:\/\/iberoid-shop.com\/fr\/#website\"},\"primaryImageOfPage\":{\"@id\":\"https:\/\/iberoid-shop.com\/fr\/product\/dianoged\/#primaryimage\"},\"image\":{\"@id\":\"https:\/\/iberoid-shop.com\/fr\/product\/dianoged\/#primaryimage\"},\"thumbnailUrl\":\"https:\/\/iberoid-shop.com\/wp-content\/uploads\/2019\/11\/dianoged.jpg?v=1698920095\",\"datePublished\":\"2019-11-20T20:38:27+00:00\",\"dateModified\":\"2024-11-07T13:12:07+00:00\",\"description\":\"(Espa\u00f1ol) Danabol o naposim, como es mejor conocido por nosotros en el pa\u00eds, es el esteroide oral m\u00e1s popular. Danabol es el esteroide oral m\u00e1s utilizado.\",\"breadcrumb\":{\"@id\":\"https:\/\/iberoid-shop.com\/fr\/product\/dianoged\/#breadcrumb\"},\"inLanguage\":\"fr-FR\",\"potentialAction\":[{\"@type\":\"ReadAction\",\"target\":[[\"https:\/\/iberoid-shop.com\/fr\/product\/dianoged\/\"]]}]},{\"@type\":\"ImageObject\",\"inLanguage\":\"fr-FR\",\"@id\":\"https:\/\/iberoid-shop.com\/fr\/product\/dianoged\/#primaryimage\",\"url\":\"https:\/\/iberoid-shop.com\/wp-content\/uploads\/2019\/11\/dianoged.jpg?v=1698920095\",\"contentUrl\":\"https:\/\/iberoid-shop.com\/wp-content\/uploads\/2019\/11\/dianoged.jpg?v=1698920095\",\"width\":700,\"height\":700},{\"@type\":\"BreadcrumbList\",\"@id\":\"https:\/\/iberoid-shop.com\/fr\/product\/dianoged\/#breadcrumb\",\"itemListElement\":[{\"@type\":\"ListItem\",\"position\":1,\"name\":\"Portada\",\"item\":\"https:\/\/iberoid-shop.com\/fr\/\"},{\"@type\":\"ListItem\",\"position\":2,\"name\":\"Magasin\",\"item\":\"https:\/\/iberoid-shop.com\/fr\/shop\/\"},{\"@type\":\"ListItem\",\"position\":3,\"name\":\"Dianoged DiANABOL\"}]},{\"@type\":\"WebSite\",\"@id\":\"https:\/\/iberoid-shop.com\/fr\/#website\",\"url\":\"https:\/\/iberoid-shop.com\/fr\/\",\"name\":\"(Espa\u00f1ol) Esteroides en l\u00ednea\",\"description\":\"(Espa\u00f1ol) Comprar esteroides en l\u00ednea hoy en Espa\u00f1a y Portugal. Tenemos el mejor servicio al cliente en la industria y los productos de la m\u00e1s alta calidad\",\"potentialAction\":[{\"@type\":\"SearchAction\",\"target\":{\"@type\":\"EntryPoint\",\"urlTemplate\":\"https:\/\/iberoid-shop.com\/fr\/?s={search_term_string}\"},\"query-input\":{\"@type\":\"PropertyValueSpecification\",\"valueRequired\":true,\"valueName\":\"search_term_string\"}}],\"inLanguage\":\"fr-FR\"}]}<\/script>\n<meta property=\"product:brand\" content=\"Euro Prime Pharmaceuticals (EPF)\" \/>\n<meta property=\"product:price:amount\" content=\"30.00\" \/>\n<meta property=\"product:price:currency\" content=\"EUR\" \/>\n<meta property=\"og:availability\" content=\"out of stock\" \/>\n<meta property=\"product:availability\" content=\"out of stock\" \/>\n<meta property=\"product:condition\" content=\"new\" \/>\n<!-- \/ Yoast SEO Premium plugin. -->","yoast_head_json":{"title":"Dianoged DiANABOL - (Espa\u00f1ol) Esteroides en l\u00ednea","description":"(Espa\u00f1ol) Danabol o naposim, como es mejor conocido por nosotros en el pa\u00eds, es el esteroide oral m\u00e1s popular. Danabol es el esteroide oral m\u00e1s utilizado.","robots":{"index":"index","follow":"follow","max-snippet":"max-snippet:-1","max-image-preview":"max-image-preview:large","max-video-preview":"max-video-preview:-1"},"canonical":"https:\/\/iberoid-shop.com\/fr\/product\/dianoged\/","og_locale":"fr_FR","og_type":"article","og_title":"Dianoged DiANABOL","og_description":"(Espa\u00f1ol) Danabol o naposim, como es mejor conocido por nosotros en el pa\u00eds, es el esteroide oral m\u00e1s popular. Danabol es el esteroide oral m\u00e1s utilizado.","og_url":"https:\/\/iberoid-shop.com\/fr\/product\/dianoged\/","og_site_name":"(Espa\u00f1ol) Esteroides en l\u00ednea","article_modified_time":"2024-11-07T13:12:07+00:00","og_image":[{"width":700,"height":700,"url":"https:\/\/iberoid-shop.com\/wp-content\/uploads\/2019\/11\/dianoged.jpg?v=1698920095","type":"image\/jpeg"}],"twitter_card":"summary_large_image","twitter_misc":{"Prix":"&euro;30.00","Disponibilit\u00e9":"Rupture de stock"},"schema":{"@context":"https:\/\/schema.org","@graph":[{"@type":"WebPage","@id":"https:\/\/iberoid-shop.com\/fr\/product\/dianoged\/","url":"https:\/\/iberoid-shop.com\/fr\/product\/dianoged\/","name":"Dianoged DiANABOL - (Espa\u00f1ol) Esteroides en l\u00ednea","isPartOf":{"@id":"https:\/\/iberoid-shop.com\/fr\/#website"},"primaryImageOfPage":{"@id":"https:\/\/iberoid-shop.com\/fr\/product\/dianoged\/#primaryimage"},"image":{"@id":"https:\/\/iberoid-shop.com\/fr\/product\/dianoged\/#primaryimage"},"thumbnailUrl":"https:\/\/iberoid-shop.com\/wp-content\/uploads\/2019\/11\/dianoged.jpg?v=1698920095","datePublished":"2019-11-20T20:38:27+00:00","dateModified":"2024-11-07T13:12:07+00:00","description":"(Espa\u00f1ol) Danabol o naposim, como es mejor conocido por nosotros en el pa\u00eds, es el esteroide oral m\u00e1s popular. Danabol es el esteroide oral m\u00e1s utilizado.","breadcrumb":{"@id":"https:\/\/iberoid-shop.com\/fr\/product\/dianoged\/#breadcrumb"},"inLanguage":"fr-FR","potentialAction":[{"@type":"ReadAction","target":[["https:\/\/iberoid-shop.com\/fr\/product\/dianoged\/"]]}]},{"@type":"ImageObject","inLanguage":"fr-FR","@id":"https:\/\/iberoid-shop.com\/fr\/product\/dianoged\/#primaryimage","url":"https:\/\/iberoid-shop.com\/wp-content\/uploads\/2019\/11\/dianoged.jpg?v=1698920095","contentUrl":"https:\/\/iberoid-shop.com\/wp-content\/uploads\/2019\/11\/dianoged.jpg?v=1698920095","width":700,"height":700},{"@type":"BreadcrumbList","@id":"https:\/\/iberoid-shop.com\/fr\/product\/dianoged\/#breadcrumb","itemListElement":[{"@type":"ListItem","position":1,"name":"Portada","item":"https:\/\/iberoid-shop.com\/fr\/"},{"@type":"ListItem","position":2,"name":"Magasin","item":"https:\/\/iberoid-shop.com\/fr\/shop\/"},{"@type":"ListItem","position":3,"name":"Dianoged DiANABOL"}]},{"@type":"WebSite","@id":"https:\/\/iberoid-shop.com\/fr\/#website","url":"https:\/\/iberoid-shop.com\/fr\/","name":"(Espa\u00f1ol) Esteroides en l\u00ednea","description":"(Espa\u00f1ol) Comprar esteroides en l\u00ednea hoy en Espa\u00f1a y Portugal. Tenemos el mejor servicio al cliente en la industria y los productos de la m\u00e1s alta calidad","potentialAction":[{"@type":"SearchAction","target":{"@type":"EntryPoint","urlTemplate":"https:\/\/iberoid-shop.com\/fr\/?s={search_term_string}"},"query-input":{"@type":"PropertyValueSpecification","valueRequired":true,"valueName":"search_term_string"}}],"inLanguage":"fr-FR"}]},"product_brand":"Euro Prime Pharmaceuticals (EPF)","product_price_amount":"30.00","product_price_currency":"EUR","og_availability":"out of stock","product_availability":"out of stock","product_condition":"new"},"_links":{"self":[{"href":"https:\/\/iberoid-shop.com\/fr\/wp-json\/wp\/v2\/product\/3056","targetHints":{"allow":["GET"]}}],"collection":[{"href":"https:\/\/iberoid-shop.com\/fr\/wp-json\/wp\/v2\/product"}],"about":[{"href":"https:\/\/iberoid-shop.com\/fr\/wp-json\/wp\/v2\/types\/product"}],"replies":[{"embeddable":true,"href":"https:\/\/iberoid-shop.com\/fr\/wp-json\/wp\/v2\/comments?post=3056"}],"wp:featuredmedia":[{"embeddable":true,"href":"https:\/\/iberoid-shop.com\/fr\/wp-json\/wp\/v2\/media\/3058"}],"wp:attachment":[{"href":"https:\/\/iberoid-shop.com\/fr\/wp-json\/wp\/v2\/media?parent=3056"}],"wp:term":[{"taxonomy":"product_brand","embeddable":true,"href":"https:\/\/iberoid-shop.com\/fr\/wp-json\/wp\/v2\/product_brand?post=3056"},{"taxonomy":"product_cat","embeddable":true,"href":"https:\/\/iberoid-shop.com\/fr\/wp-json\/wp\/v2\/product_cat?post=3056"},{"taxonomy":"product_tag","embeddable":true,"href":"https:\/\/iberoid-shop.com\/fr\/wp-json\/wp\/v2\/product_tag?post=3056"}],"curies":[{"name":"wp","href":"https:\/\/api.w.org\/{rel}","templated":true}]}}