{"id":3048,"date":"2019-11-20T20:31:44","date_gmt":"2019-11-20T20:31:44","guid":{"rendered":"https:\/\/iberoid-shop.com\/?post_type=product&#038;p=3048"},"modified":"2025-05-11T13:49:37","modified_gmt":"2025-05-11T13:49:37","slug":"boldoged","status":"publish","type":"product","link":"https:\/\/iberoid-shop.com\/fr\/product\/boldoged\/","title":{"rendered":"Boldoged- BOLDENON- EQUIOPSE."},"content":{"rendered":"<p>Boldenon ou equipise est un st\u00e9ro\u00efde v\u00e9t\u00e9rinaire utilis\u00e9 par les hommes. Il est bien connu des athl\u00e8tes apr\u00e8s le trenbolone, il pr\u00e9sente de bonnes caract\u00e9ristiques anabolisantes et des effets secondaires relativement faibles.<\/p>\n<p>Boldenon est un d\u00e9riv\u00e9 de la testost\u00e9rone Cara et a des effets anabolisants \u00e9lev\u00e9s et de petits effets androg\u00e8nes. Il a une dur\u00e9e d&rsquo;action de 2-3 semaines. En m\u00e9decine v\u00e9t\u00e9rinaire, il est principalement utilis\u00e9 chez les chevaux. Il est fabriqu\u00e9 \u00e0 usage humain depuis les ann\u00e9es 1950.<\/p>\n<p>Boldenone a \u00e9t\u00e9 cr\u00e9\u00e9 pour fabriquer un ester injectable plus long de danabol. C&rsquo;est une 17-alpha m\u00e9thylrost\u00e9nolone non m\u00e9thyl\u00e9e. Il est aussi anabolisant que la testost\u00e9rone, mais a deux fois moins d&rsquo;effets androg\u00e8nes. Il ne gagne pas autant de masse musculaire que la testost\u00e9rone, mais l&rsquo;augmentation de la force est similaire.<\/p>\n<p>La bold\u00e9none augmente le nombre de globules rouges plus que les autres st\u00e9ro\u00efdes. Les effets b\u00e9n\u00e9fiques de ce st\u00e9ro\u00efde sont appr\u00e9ci\u00e9s parmi les athl\u00e8tes, \u00e9tant un st\u00e9ro\u00efde populaire.<\/p>\n<p>Pour de nombreuses personnes, la d\u00e9caduraboline est consid\u00e9rablement plus forte, mais c&rsquo;est faux, car l&rsquo;administration de boldenon entra\u00eene une diminution de la masse musculaire.<\/p>\n<p>Il a une longue demi-vie et donc la masse musculaire s&rsquo;accumule plus lentement, mais il est de bonne qualit\u00e9. Il est recommand\u00e9 d&rsquo;administrer pendant 12 semaines pour obtenir de bons r\u00e9sultats.<\/p>\n<p>En th\u00e9rapie post-cycle, le tamoxif\u00e8ne est n\u00e9cessaire. Il est administr\u00e9 au moins une fois par semaine \u00e0 des doses de 400 \u00e0 800 mg par semaine.<\/p>","protected":false},"excerpt":{"rendered":"<p>Boldenon ou equipise est un st\u00e9ro\u00efde v\u00e9t\u00e9rinaire utilis\u00e9 par les hommes. Il est bien connu des athl\u00e8tes apr\u00e8s le trenbolone,<\/p>\n","protected":false},"featured_media":3050,"comment_status":"open","ping_status":"closed","template":"","meta":[],"product_brand":[],"product_cat":[69],"product_tag":[],"class_list":{"0":"post-3048","1":"product","2":"type-product","3":"status-publish","4":"has-post-thumbnail","6":"product_cat-esteroides_inyectables","8":"first","9":"outofstock","10":"sale","11":"shipping-taxable","12":"purchasable","13":"product-type-simple"},"yoast_head":"<!-- This site is optimized with the Yoast SEO Premium plugin v24.4 (Yoast SEO v27.0) - https:\/\/yoast.com\/product\/yoast-seo-premium-wordpress\/ -->\n<title>Boldoged- BOLDENON- EQUIOPSE. - (Espa\u00f1ol) Esteroides en l\u00ednea<\/title>\n<meta name=\"description\" content=\"(Espa\u00f1ol) Boldenon es un derivado de la testosterona Cara y tiene altos efectos anab\u00f3licos y peque\u00f1os efectos androg\u00e9nicos.\" \/>\n<meta name=\"robots\" content=\"index, follow, max-snippet:-1, max-image-preview:large, max-video-preview:-1\" \/>\n<link rel=\"canonical\" href=\"https:\/\/iberoid-shop.com\/fr\/product\/boldoged\/\" \/>\n<meta property=\"og:locale\" content=\"fr_FR\" \/>\n<meta property=\"og:type\" content=\"article\" \/>\n<meta property=\"og:title\" content=\"Boldoged- BOLDENON- EQUIOPSE.\" \/>\n<meta property=\"og:description\" content=\"(Espa\u00f1ol) Boldenon es un derivado de la testosterona Cara y tiene altos efectos anab\u00f3licos y peque\u00f1os efectos androg\u00e9nicos.\" \/>\n<meta property=\"og:url\" content=\"https:\/\/iberoid-shop.com\/fr\/product\/boldoged\/\" \/>\n<meta property=\"og:site_name\" content=\"(Espa\u00f1ol) Esteroides en l\u00ednea\" \/>\n<meta property=\"article:modified_time\" content=\"2025-05-11T13:49:37+00:00\" \/>\n<meta property=\"og:image\" content=\"https:\/\/iberoid-shop.com\/wp-content\/uploads\/2019\/11\/boldoged.jpg?v=1708914061\" \/>\n\t<meta property=\"og:image:width\" content=\"700\" \/>\n\t<meta property=\"og:image:height\" content=\"700\" \/>\n\t<meta property=\"og:image:type\" content=\"image\/jpeg\" \/>\n<meta name=\"twitter:card\" content=\"summary_large_image\" \/>\n<meta name=\"twitter:label1\" content=\"Prix\" \/>\n\t<meta name=\"twitter:data1\" content=\"&euro;40.00\" \/>\n\t<meta name=\"twitter:label2\" content=\"Disponibilit\u00e9\" \/>\n\t<meta name=\"twitter:data2\" content=\"Rupture de stock\" \/>\n<script type=\"application\/ld+json\" class=\"yoast-schema-graph\">{\"@context\":\"https:\/\/schema.org\",\"@graph\":[{\"@type\":\"WebPage\",\"@id\":\"https:\/\/iberoid-shop.com\/fr\/product\/boldoged\/\",\"url\":\"https:\/\/iberoid-shop.com\/fr\/product\/boldoged\/\",\"name\":\"Boldoged- BOLDENON- EQUIOPSE. - (Espa\u00f1ol) Esteroides en l\u00ednea\",\"isPartOf\":{\"@id\":\"https:\/\/iberoid-shop.com\/fr\/#website\"},\"primaryImageOfPage\":{\"@id\":\"https:\/\/iberoid-shop.com\/fr\/product\/boldoged\/#primaryimage\"},\"image\":{\"@id\":\"https:\/\/iberoid-shop.com\/fr\/product\/boldoged\/#primaryimage\"},\"thumbnailUrl\":\"https:\/\/iberoid-shop.com\/wp-content\/uploads\/2019\/11\/boldoged.jpg?v=1708914061\",\"datePublished\":\"2019-11-20T20:31:44+00:00\",\"dateModified\":\"2025-05-11T13:49:37+00:00\",\"description\":\"(Espa\u00f1ol) Boldenon es un derivado de la testosterona Cara y tiene altos efectos anab\u00f3licos y peque\u00f1os efectos androg\u00e9nicos.\",\"breadcrumb\":{\"@id\":\"https:\/\/iberoid-shop.com\/fr\/product\/boldoged\/#breadcrumb\"},\"inLanguage\":\"fr-FR\",\"potentialAction\":[{\"@type\":\"ReadAction\",\"target\":[[\"https:\/\/iberoid-shop.com\/fr\/product\/boldoged\/\"]]}]},{\"@type\":\"ImageObject\",\"inLanguage\":\"fr-FR\",\"@id\":\"https:\/\/iberoid-shop.com\/fr\/product\/boldoged\/#primaryimage\",\"url\":\"https:\/\/iberoid-shop.com\/wp-content\/uploads\/2019\/11\/boldoged.jpg?v=1708914061\",\"contentUrl\":\"https:\/\/iberoid-shop.com\/wp-content\/uploads\/2019\/11\/boldoged.jpg?v=1708914061\",\"width\":700,\"height\":700},{\"@type\":\"BreadcrumbList\",\"@id\":\"https:\/\/iberoid-shop.com\/fr\/product\/boldoged\/#breadcrumb\",\"itemListElement\":[{\"@type\":\"ListItem\",\"position\":1,\"name\":\"Portada\",\"item\":\"https:\/\/iberoid-shop.com\/fr\/\"},{\"@type\":\"ListItem\",\"position\":2,\"name\":\"Magasin\",\"item\":\"https:\/\/iberoid-shop.com\/fr\/shop\/\"},{\"@type\":\"ListItem\",\"position\":3,\"name\":\"Boldoged- BOLDENON- EQUIOPSE.\"}]},{\"@type\":\"WebSite\",\"@id\":\"https:\/\/iberoid-shop.com\/fr\/#website\",\"url\":\"https:\/\/iberoid-shop.com\/fr\/\",\"name\":\"(Espa\u00f1ol) Esteroides en l\u00ednea\",\"description\":\"(Espa\u00f1ol) Comprar esteroides en l\u00ednea hoy en Espa\u00f1a y Portugal. Tenemos el mejor servicio al cliente en la industria y los productos de la m\u00e1s alta calidad\",\"potentialAction\":[{\"@type\":\"SearchAction\",\"target\":{\"@type\":\"EntryPoint\",\"urlTemplate\":\"https:\/\/iberoid-shop.com\/fr\/?s={search_term_string}\"},\"query-input\":{\"@type\":\"PropertyValueSpecification\",\"valueRequired\":true,\"valueName\":\"search_term_string\"}}],\"inLanguage\":\"fr-FR\"}]}<\/script>\n<meta property=\"product:brand\" content=\"Euro Prime Pharmaceuticals (EPF)\" \/>\n<meta property=\"product:price:amount\" content=\"40.00\" \/>\n<meta property=\"product:price:currency\" content=\"EUR\" \/>\n<meta property=\"og:availability\" content=\"out of stock\" \/>\n<meta property=\"product:availability\" content=\"out of stock\" \/>\n<meta property=\"product:condition\" content=\"new\" \/>\n<!-- \/ Yoast SEO Premium plugin. -->","yoast_head_json":{"title":"Boldoged- BOLDENON- EQUIOPSE. - (Espa\u00f1ol) Esteroides en l\u00ednea","description":"(Espa\u00f1ol) Boldenon es un derivado de la testosterona Cara y tiene altos efectos anab\u00f3licos y peque\u00f1os efectos androg\u00e9nicos.","robots":{"index":"index","follow":"follow","max-snippet":"max-snippet:-1","max-image-preview":"max-image-preview:large","max-video-preview":"max-video-preview:-1"},"canonical":"https:\/\/iberoid-shop.com\/fr\/product\/boldoged\/","og_locale":"fr_FR","og_type":"article","og_title":"Boldoged- BOLDENON- EQUIOPSE.","og_description":"(Espa\u00f1ol) Boldenon es un derivado de la testosterona Cara y tiene altos efectos anab\u00f3licos y peque\u00f1os efectos androg\u00e9nicos.","og_url":"https:\/\/iberoid-shop.com\/fr\/product\/boldoged\/","og_site_name":"(Espa\u00f1ol) Esteroides en l\u00ednea","article_modified_time":"2025-05-11T13:49:37+00:00","og_image":[{"width":700,"height":700,"url":"https:\/\/iberoid-shop.com\/wp-content\/uploads\/2019\/11\/boldoged.jpg?v=1708914061","type":"image\/jpeg"}],"twitter_card":"summary_large_image","twitter_misc":{"Prix":"&euro;40.00","Disponibilit\u00e9":"Rupture de stock"},"schema":{"@context":"https:\/\/schema.org","@graph":[{"@type":"WebPage","@id":"https:\/\/iberoid-shop.com\/fr\/product\/boldoged\/","url":"https:\/\/iberoid-shop.com\/fr\/product\/boldoged\/","name":"Boldoged- BOLDENON- EQUIOPSE. - (Espa\u00f1ol) Esteroides en l\u00ednea","isPartOf":{"@id":"https:\/\/iberoid-shop.com\/fr\/#website"},"primaryImageOfPage":{"@id":"https:\/\/iberoid-shop.com\/fr\/product\/boldoged\/#primaryimage"},"image":{"@id":"https:\/\/iberoid-shop.com\/fr\/product\/boldoged\/#primaryimage"},"thumbnailUrl":"https:\/\/iberoid-shop.com\/wp-content\/uploads\/2019\/11\/boldoged.jpg?v=1708914061","datePublished":"2019-11-20T20:31:44+00:00","dateModified":"2025-05-11T13:49:37+00:00","description":"(Espa\u00f1ol) Boldenon es un derivado de la testosterona Cara y tiene altos efectos anab\u00f3licos y peque\u00f1os efectos androg\u00e9nicos.","breadcrumb":{"@id":"https:\/\/iberoid-shop.com\/fr\/product\/boldoged\/#breadcrumb"},"inLanguage":"fr-FR","potentialAction":[{"@type":"ReadAction","target":[["https:\/\/iberoid-shop.com\/fr\/product\/boldoged\/"]]}]},{"@type":"ImageObject","inLanguage":"fr-FR","@id":"https:\/\/iberoid-shop.com\/fr\/product\/boldoged\/#primaryimage","url":"https:\/\/iberoid-shop.com\/wp-content\/uploads\/2019\/11\/boldoged.jpg?v=1708914061","contentUrl":"https:\/\/iberoid-shop.com\/wp-content\/uploads\/2019\/11\/boldoged.jpg?v=1708914061","width":700,"height":700},{"@type":"BreadcrumbList","@id":"https:\/\/iberoid-shop.com\/fr\/product\/boldoged\/#breadcrumb","itemListElement":[{"@type":"ListItem","position":1,"name":"Portada","item":"https:\/\/iberoid-shop.com\/fr\/"},{"@type":"ListItem","position":2,"name":"Magasin","item":"https:\/\/iberoid-shop.com\/fr\/shop\/"},{"@type":"ListItem","position":3,"name":"Boldoged- BOLDENON- EQUIOPSE."}]},{"@type":"WebSite","@id":"https:\/\/iberoid-shop.com\/fr\/#website","url":"https:\/\/iberoid-shop.com\/fr\/","name":"(Espa\u00f1ol) Esteroides en l\u00ednea","description":"(Espa\u00f1ol) Comprar esteroides en l\u00ednea hoy en Espa\u00f1a y Portugal. Tenemos el mejor servicio al cliente en la industria y los productos de la m\u00e1s alta calidad","potentialAction":[{"@type":"SearchAction","target":{"@type":"EntryPoint","urlTemplate":"https:\/\/iberoid-shop.com\/fr\/?s={search_term_string}"},"query-input":{"@type":"PropertyValueSpecification","valueRequired":true,"valueName":"search_term_string"}}],"inLanguage":"fr-FR"}]},"product_brand":"Euro Prime Pharmaceuticals (EPF)","product_price_amount":"40.00","product_price_currency":"EUR","og_availability":"out of stock","product_availability":"out of stock","product_condition":"new"},"_links":{"self":[{"href":"https:\/\/iberoid-shop.com\/fr\/wp-json\/wp\/v2\/product\/3048","targetHints":{"allow":["GET"]}}],"collection":[{"href":"https:\/\/iberoid-shop.com\/fr\/wp-json\/wp\/v2\/product"}],"about":[{"href":"https:\/\/iberoid-shop.com\/fr\/wp-json\/wp\/v2\/types\/product"}],"replies":[{"embeddable":true,"href":"https:\/\/iberoid-shop.com\/fr\/wp-json\/wp\/v2\/comments?post=3048"}],"wp:featuredmedia":[{"embeddable":true,"href":"https:\/\/iberoid-shop.com\/fr\/wp-json\/wp\/v2\/media\/3050"}],"wp:attachment":[{"href":"https:\/\/iberoid-shop.com\/fr\/wp-json\/wp\/v2\/media?parent=3048"}],"wp:term":[{"taxonomy":"product_brand","embeddable":true,"href":"https:\/\/iberoid-shop.com\/fr\/wp-json\/wp\/v2\/product_brand?post=3048"},{"taxonomy":"product_cat","embeddable":true,"href":"https:\/\/iberoid-shop.com\/fr\/wp-json\/wp\/v2\/product_cat?post=3048"},{"taxonomy":"product_tag","embeddable":true,"href":"https:\/\/iberoid-shop.com\/fr\/wp-json\/wp\/v2\/product_tag?post=3048"}],"curies":[{"name":"wp","href":"https:\/\/api.w.org\/{rel}","templated":true}]}}