{"id":3027,"date":"2019-11-20T19:39:32","date_gmt":"2019-11-20T19:39:32","guid":{"rendered":"https:\/\/iberoid-shop.com\/?post_type=product&#038;p=3027"},"modified":"2024-08-06T21:26:35","modified_gmt":"2024-08-06T21:26:35","slug":"strombafort","status":"publish","type":"product","link":"https:\/\/iberoid-shop.com\/fr\/product\/strombafort\/","title":{"rendered":"(Espa\u00f1ol) Strombafort BALKAN NEW LINE &#8211; 10 mg"},"content":{"rendered":"<p>Strombafort a fait son chemin dans l&rsquo;entreprise et est devenu un favori pour le sport. Corps attrayant, pompage impressionnant mais sans probl\u00e8mes \u0153strog\u00e9niques qui font le bonheur de millions de coureurs et Strombafort Balkan AAS Pills: la superstar.<\/p>\n<p>On peut recevoir plus d&rsquo;avantages et presque aucun probl\u00e8me, Strombafort est l&rsquo;AS le plus s\u00fbr disponible qui exploite un rapport anabolique plus \u00e9lev\u00e9. Balkan Roid Stanozolol Pills a d\u00e9fini les corps sexy du monde, stimul\u00e9 pour cr\u00e9er des centaines de champions sportifs et form\u00e9 les athl\u00e8tes professionnels les plus connus au monde.<\/p>\n<p>Si vous voulez 2 pour gagner 16 livres brutes pendant trente jours avec Stromba Steroid Tabs, alors vous avez perdu. Strombafort 10 mg: un instrument qui \u00e9liminera la graisse corporelle, offre une r\u00e9sistance et une masse d\u00e9chir\u00e9e.<\/p>\n<p>Effets Strombafort<br \/>\nCet AS fera fondre l&rsquo;exc\u00e8s de poids, dessine un ventre plat et maintient les muscles sur un r\u00e9gime dur. Avantage Wise Strombafort BP: perte de poids, haute qualit\u00e9, cycle de pompage.<\/p>\n<p>\u00c9limine les graisses suppl\u00e9mentaires, prot\u00e8ge les muscles.<br \/>\nMaximisez l&rsquo;endurance et la vitesse.<br \/>\nLe gonflement est supprim\u00e9.<br \/>\nAcc\u00e9l\u00e8re le m\u00e9tabolisme du corps.<br \/>\nIl offre une image sculpt\u00e9e, constitue un physique mince.<br \/>\nDosage, cycle, batteries Strombafort<br \/>\nTestez le service en tant que turbocompresseur pour chaque pile et vous pourrez attirer plus de revenus Strombafort vers la pi\u00e8ce finale. L&rsquo;hormone T doit compl\u00e9ter le combo Stanozolol &#8211; les roiders qui aiment les jus durs et choisissent de charger comme \u00e7a devraient vraiment comprendre cela.<\/p>\n<p>En combinaison avec Equipoise Oral Winstrol, vous pouvez ajouter cinq kilos de dur. Le m\u00e9lange optimal optimal 40 de Stanozolol Balkan + Sustamed 250 500 mg devrait d\u00e9velopper une qualit\u00e9 en vrac d\u00e9cente pendant seulement 4 semaines. Pour le soin des ligaments, fournissez cent milligrammes de poudre \u00e0 chaque cycle de Strombafort.<\/p>\n<p>Masteron: Le meilleur stack sans risque pour des gains musculaires avec un minimum de ballonnement. Presque tous les beachers bien avant tout mois chaud appliquent Drostanolone en combinaison avec Stanozolol.<\/p>\n<p>Envisagez Strombafort si vous \u00eates pr\u00e9occup\u00e9 par les effets secondaires ind\u00e9sirables. Quarante mg par jour (cinquante jours), juste excitants et ordinaires, seront parfaits pour tout le monde. Strombafort 10 mg seul peut g\u00e9n\u00e9ralement \u00eatre utilis\u00e9 pour am\u00e9liorer les performances en athl\u00e9tisme ou en MMA, il est inutile pour les culturistes.<\/p>\n<p>Stromba peut surprendre tout le monde et r\u00e9v\u00e9ler les meilleurs gains avec Trenbolone-Mix. Les m\u00e9langes avec Trenbolone devraient arracher tout le poids, ajouter de gros muscles. Incluez un peu de Sustanon pour augmenter la libido et utilisez votre cycle \u00e0 plein r\u00e9gime.<\/p>\n<p>Inconv\u00e9nients de Strombafort<br \/>\nSupersets et pump, routines d&rsquo;exercices extr\u00eames: le meilleur terrain pour Oral Strombafort. Stanozololum a toujours eu une place dans la s\u00e9lection des manteaux de gymnastique les plus s\u00fbrs, souvent le bodybuilder peut avoir une entorse fonctionnant au poids maximum ou peut ignorer l&rsquo;entra\u00eenement pr\u00e9c\u00e9dent. 2 \u00catre un culturiste en bonne sant\u00e9 doit conna\u00eetre la pr\u00e9paration.<\/p>\n<p>Strombafort Balkan Pharmaceuticals \u00e9limine efficacement l&rsquo;eau inutile et am\u00e9liore \u00e9galement la r\u00e9sistance. Les halt\u00e9rophiles ne travaillent jamais \u00e0 des poids maximum tout au long du cycle de Stanozolol, se sentent bien en coupant Stromba Sport Candies 8 jours avant la bataille. L&rsquo;histoire raconte qu&rsquo;Oral-Winstrol cause souvent des blessures, des os s&rsquo;\u00e9puisent, des articulations se d\u00e9shydratent, et c&rsquo;est ridicule.<\/p>","protected":false},"excerpt":{"rendered":"<p class=\"qtranxs-available-languages-message qtranxs-available-languages-message-fr\">D\u00e9sol\u00e9, cet article est seulement disponible en <a href=\"https:\/\/iberoid-shop.com\/es\/wp-json\/wp\/v2\/product\/3027\" class=\"qtranxs-available-language-link qtranxs-available-language-link-es\" title=\"Espa\u00f1ol\">Espa\u00f1ol<\/a> et <a href=\"https:\/\/iberoid-shop.com\/pt\/wp-json\/wp\/v2\/product\/3027\" class=\"qtranxs-available-language-link qtranxs-available-language-link-pt\" title=\"Portugu\u00eas\">Portugu\u00eas<\/a>.<\/p>\n","protected":false},"featured_media":3465,"comment_status":"open","ping_status":"closed","template":"","meta":[],"product_brand":[],"product_cat":[73],"product_tag":[],"class_list":{"0":"post-3027","1":"product","2":"type-product","3":"status-publish","4":"has-post-thumbnail","6":"product_cat-ssteroides_orales","8":"first","9":"outofstock","10":"sale","11":"shipping-taxable","12":"purchasable","13":"product-type-simple"},"yoast_head":"<!-- This site is optimized with the Yoast SEO Premium plugin v24.4 (Yoast SEO v27.3) - https:\/\/yoast.com\/product\/yoast-seo-premium-wordpress\/ -->\n<title>(Espa\u00f1ol) Strombafort BALKAN NEW LINE - 10 mg - (Espa\u00f1ol) Esteroides en l\u00ednea<\/title>\n<meta name=\"description\" content=\"(Espa\u00f1ol) Cuerpo atractivo, bombeo impresionante pero sin problemas estrog\u00e9nicos que alegran a millones de roiders y Strombafort Balkan AAS Pills: la superestrella.Uno puede recibir m\u00e1s ventajas y casi cero problemas, Strombafort es el AS m\u00e1s seguro disponible que opera una relaci\u00f3n anab\u00f3lica m\u00e1s alta.\" \/>\n<meta name=\"robots\" content=\"index, follow, max-snippet:-1, max-image-preview:large, max-video-preview:-1\" \/>\n<link rel=\"canonical\" href=\"https:\/\/iberoid-shop.com\/fr\/product\/strombafort\/\" \/>\n<meta property=\"og:locale\" content=\"fr_FR\" \/>\n<meta property=\"og:type\" content=\"article\" \/>\n<meta property=\"og:title\" content=\"(Espa\u00f1ol) Strombafort BALKAN NEW LINE - 10 mg\" \/>\n<meta property=\"og:description\" content=\"(Espa\u00f1ol) Cuerpo atractivo, bombeo impresionante pero sin problemas estrog\u00e9nicos que alegran a millones de roiders y Strombafort Balkan AAS Pills: la superestrella.Uno puede recibir m\u00e1s ventajas y casi cero problemas, Strombafort es el AS m\u00e1s seguro disponible que opera una relaci\u00f3n anab\u00f3lica m\u00e1s alta.\" \/>\n<meta property=\"og:url\" content=\"https:\/\/iberoid-shop.com\/fr\/product\/strombafort\/\" \/>\n<meta property=\"og:site_name\" content=\"(Espa\u00f1ol) Esteroides en l\u00ednea\" \/>\n<meta property=\"article:modified_time\" content=\"2024-08-06T21:26:35+00:00\" \/>\n<meta property=\"og:image\" content=\"https:\/\/iberoid-shop.com\/wp-content\/uploads\/2019\/11\/Strombafort10NEW.jpg?v=1678120136\" \/>\n\t<meta property=\"og:image:width\" content=\"978\" \/>\n\t<meta property=\"og:image:height\" content=\"768\" \/>\n\t<meta property=\"og:image:type\" content=\"image\/jpeg\" \/>\n<meta name=\"twitter:card\" content=\"summary_large_image\" \/>\n<meta name=\"twitter:label1\" content=\"Prix\" \/>\n\t<meta name=\"twitter:data1\" content=\"&euro;40.00\" \/>\n\t<meta name=\"twitter:label2\" content=\"Disponibilit\u00e9\" \/>\n\t<meta name=\"twitter:data2\" content=\"Rupture de stock\" \/>\n<script type=\"application\/ld+json\" class=\"yoast-schema-graph\">{\"@context\":\"https:\\\/\\\/schema.org\",\"@graph\":[{\"@type\":\"WebPage\",\"@id\":\"https:\\\/\\\/iberoid-shop.com\\\/fr\\\/product\\\/strombafort\\\/\",\"url\":\"https:\\\/\\\/iberoid-shop.com\\\/fr\\\/product\\\/strombafort\\\/\",\"name\":\"(Espa\u00f1ol) Strombafort BALKAN NEW LINE - 10 mg - (Espa\u00f1ol) Esteroides en l\u00ednea\",\"isPartOf\":{\"@id\":\"https:\\\/\\\/iberoid.com\\\/#website\"},\"primaryImageOfPage\":{\"@id\":\"https:\\\/\\\/iberoid-shop.com\\\/fr\\\/product\\\/strombafort\\\/#primaryimage\"},\"image\":{\"@id\":\"https:\\\/\\\/iberoid-shop.com\\\/fr\\\/product\\\/strombafort\\\/#primaryimage\"},\"thumbnailUrl\":\"https:\\\/\\\/iberoid-shop.com\\\/wp-content\\\/uploads\\\/2019\\\/11\\\/Strombafort10NEW.jpg?v=1678120136\",\"datePublished\":\"2019-11-20T19:39:32+00:00\",\"dateModified\":\"2024-08-06T21:26:35+00:00\",\"description\":\"(Espa\u00f1ol) Cuerpo atractivo, bombeo impresionante pero sin problemas estrog\u00e9nicos que alegran a millones de roiders y Strombafort Balkan AAS Pills: la superestrella.Uno puede recibir m\u00e1s ventajas y casi cero problemas, Strombafort es el AS m\u00e1s seguro disponible que opera una relaci\u00f3n anab\u00f3lica m\u00e1s alta.\",\"breadcrumb\":{\"@id\":\"https:\\\/\\\/iberoid-shop.com\\\/fr\\\/product\\\/strombafort\\\/#breadcrumb\"},\"inLanguage\":\"fr-FR\",\"potentialAction\":[{\"@type\":\"ReadAction\",\"target\":[[\"https:\\\/\\\/iberoid-shop.com\\\/fr\\\/product\\\/strombafort\\\/\"]]}]},{\"@type\":\"ImageObject\",\"inLanguage\":\"fr-FR\",\"@id\":\"https:\\\/\\\/iberoid-shop.com\\\/fr\\\/product\\\/strombafort\\\/#primaryimage\",\"url\":\"https:\\\/\\\/iberoid-shop.com\\\/wp-content\\\/uploads\\\/2019\\\/11\\\/Strombafort10NEW.jpg?v=1678120136\",\"contentUrl\":\"https:\\\/\\\/iberoid-shop.com\\\/wp-content\\\/uploads\\\/2019\\\/11\\\/Strombafort10NEW.jpg?v=1678120136\",\"width\":978,\"height\":768},{\"@type\":\"BreadcrumbList\",\"@id\":\"https:\\\/\\\/iberoid-shop.com\\\/fr\\\/product\\\/strombafort\\\/#breadcrumb\",\"itemListElement\":[{\"@type\":\"ListItem\",\"position\":1,\"name\":\"Portada\",\"item\":\"https:\\\/\\\/iberoid.com\\\/\"},{\"@type\":\"ListItem\",\"position\":2,\"name\":\"Magasin\",\"item\":\"https:\\\/\\\/iberoid-shop.com\\\/fr\\\/shop\\\/\"},{\"@type\":\"ListItem\",\"position\":3,\"name\":\"(Espa\u00f1ol) Strombafort BALKAN NEW LINE &#8211; 10 mg\"}]},{\"@type\":\"WebSite\",\"@id\":\"https:\\\/\\\/iberoid.com\\\/#website\",\"url\":\"https:\\\/\\\/iberoid.com\\\/\",\"name\":\"(Espa\u00f1ol) Esteroides en l\u00ednea\",\"description\":\"(Espa\u00f1ol) Comprar esteroides en l\u00ednea hoy en Espa\u00f1a y Portugal. Tenemos el mejor servicio al cliente en la industria y los productos de la m\u00e1s alta calidad\",\"potentialAction\":[{\"@type\":\"SearchAction\",\"target\":{\"@type\":\"EntryPoint\",\"urlTemplate\":\"https:\\\/\\\/iberoid.com\\\/?s={search_term_string}\"},\"query-input\":{\"@type\":\"PropertyValueSpecification\",\"valueRequired\":true,\"valueName\":\"search_term_string\"}}],\"inLanguage\":\"fr-FR\"}]}<\/script>\n<meta property=\"product:brand\" content=\"Balkan Pharmaceuticals\" \/>\n<meta property=\"product:price:amount\" content=\"40.00\" \/>\n<meta property=\"product:price:currency\" content=\"EUR\" \/>\n<meta property=\"og:availability\" content=\"out of stock\" \/>\n<meta property=\"product:availability\" content=\"out of stock\" \/>\n<meta property=\"product:condition\" content=\"new\" \/>\n<!-- \/ Yoast SEO Premium plugin. -->","yoast_head_json":{"title":"(Espa\u00f1ol) Strombafort BALKAN NEW LINE - 10 mg - (Espa\u00f1ol) Esteroides en l\u00ednea","description":"(Espa\u00f1ol) Cuerpo atractivo, bombeo impresionante pero sin problemas estrog\u00e9nicos que alegran a millones de roiders y Strombafort Balkan AAS Pills: la superestrella.Uno puede recibir m\u00e1s ventajas y casi cero problemas, Strombafort es el AS m\u00e1s seguro disponible que opera una relaci\u00f3n anab\u00f3lica m\u00e1s alta.","robots":{"index":"index","follow":"follow","max-snippet":"max-snippet:-1","max-image-preview":"max-image-preview:large","max-video-preview":"max-video-preview:-1"},"canonical":"https:\/\/iberoid-shop.com\/fr\/product\/strombafort\/","og_locale":"fr_FR","og_type":"article","og_title":"(Espa\u00f1ol) Strombafort BALKAN NEW LINE - 10 mg","og_description":"(Espa\u00f1ol) Cuerpo atractivo, bombeo impresionante pero sin problemas estrog\u00e9nicos que alegran a millones de roiders y Strombafort Balkan AAS Pills: la superestrella.Uno puede recibir m\u00e1s ventajas y casi cero problemas, Strombafort es el AS m\u00e1s seguro disponible que opera una relaci\u00f3n anab\u00f3lica m\u00e1s alta.","og_url":"https:\/\/iberoid-shop.com\/fr\/product\/strombafort\/","og_site_name":"(Espa\u00f1ol) Esteroides en l\u00ednea","article_modified_time":"2024-08-06T21:26:35+00:00","og_image":[{"width":978,"height":768,"url":"https:\/\/iberoid-shop.com\/wp-content\/uploads\/2019\/11\/Strombafort10NEW.jpg?v=1678120136","type":"image\/jpeg"}],"twitter_card":"summary_large_image","twitter_misc":{"Prix":"&euro;40.00","Disponibilit\u00e9":"Rupture de stock"},"schema":{"@context":"https:\/\/schema.org","@graph":[{"@type":"WebPage","@id":"https:\/\/iberoid-shop.com\/fr\/product\/strombafort\/","url":"https:\/\/iberoid-shop.com\/fr\/product\/strombafort\/","name":"(Espa\u00f1ol) Strombafort BALKAN NEW LINE - 10 mg - (Espa\u00f1ol) Esteroides en l\u00ednea","isPartOf":{"@id":"https:\/\/iberoid.com\/#website"},"primaryImageOfPage":{"@id":"https:\/\/iberoid-shop.com\/fr\/product\/strombafort\/#primaryimage"},"image":{"@id":"https:\/\/iberoid-shop.com\/fr\/product\/strombafort\/#primaryimage"},"thumbnailUrl":"https:\/\/iberoid-shop.com\/wp-content\/uploads\/2019\/11\/Strombafort10NEW.jpg?v=1678120136","datePublished":"2019-11-20T19:39:32+00:00","dateModified":"2024-08-06T21:26:35+00:00","description":"(Espa\u00f1ol) Cuerpo atractivo, bombeo impresionante pero sin problemas estrog\u00e9nicos que alegran a millones de roiders y Strombafort Balkan AAS Pills: la superestrella.Uno puede recibir m\u00e1s ventajas y casi cero problemas, Strombafort es el AS m\u00e1s seguro disponible que opera una relaci\u00f3n anab\u00f3lica m\u00e1s alta.","breadcrumb":{"@id":"https:\/\/iberoid-shop.com\/fr\/product\/strombafort\/#breadcrumb"},"inLanguage":"fr-FR","potentialAction":[{"@type":"ReadAction","target":[["https:\/\/iberoid-shop.com\/fr\/product\/strombafort\/"]]}]},{"@type":"ImageObject","inLanguage":"fr-FR","@id":"https:\/\/iberoid-shop.com\/fr\/product\/strombafort\/#primaryimage","url":"https:\/\/iberoid-shop.com\/wp-content\/uploads\/2019\/11\/Strombafort10NEW.jpg?v=1678120136","contentUrl":"https:\/\/iberoid-shop.com\/wp-content\/uploads\/2019\/11\/Strombafort10NEW.jpg?v=1678120136","width":978,"height":768},{"@type":"BreadcrumbList","@id":"https:\/\/iberoid-shop.com\/fr\/product\/strombafort\/#breadcrumb","itemListElement":[{"@type":"ListItem","position":1,"name":"Portada","item":"https:\/\/iberoid.com\/"},{"@type":"ListItem","position":2,"name":"Magasin","item":"https:\/\/iberoid-shop.com\/fr\/shop\/"},{"@type":"ListItem","position":3,"name":"(Espa\u00f1ol) Strombafort BALKAN NEW LINE &#8211; 10 mg"}]},{"@type":"WebSite","@id":"https:\/\/iberoid.com\/#website","url":"https:\/\/iberoid.com\/","name":"(Espa\u00f1ol) Esteroides en l\u00ednea","description":"(Espa\u00f1ol) Comprar esteroides en l\u00ednea hoy en Espa\u00f1a y Portugal. Tenemos el mejor servicio al cliente en la industria y los productos de la m\u00e1s alta calidad","potentialAction":[{"@type":"SearchAction","target":{"@type":"EntryPoint","urlTemplate":"https:\/\/iberoid.com\/?s={search_term_string}"},"query-input":{"@type":"PropertyValueSpecification","valueRequired":true,"valueName":"search_term_string"}}],"inLanguage":"fr-FR"}]},"product_brand":"Balkan Pharmaceuticals","product_price_amount":"40.00","product_price_currency":"EUR","og_availability":"out of stock","product_availability":"out of stock","product_condition":"new"},"_links":{"self":[{"href":"https:\/\/iberoid-shop.com\/fr\/wp-json\/wp\/v2\/product\/3027","targetHints":{"allow":["GET"]}}],"collection":[{"href":"https:\/\/iberoid-shop.com\/fr\/wp-json\/wp\/v2\/product"}],"about":[{"href":"https:\/\/iberoid-shop.com\/fr\/wp-json\/wp\/v2\/types\/product"}],"replies":[{"embeddable":true,"href":"https:\/\/iberoid-shop.com\/fr\/wp-json\/wp\/v2\/comments?post=3027"}],"wp:featuredmedia":[{"embeddable":true,"href":"https:\/\/iberoid-shop.com\/fr\/wp-json\/wp\/v2\/media\/3465"}],"wp:attachment":[{"href":"https:\/\/iberoid-shop.com\/fr\/wp-json\/wp\/v2\/media?parent=3027"}],"wp:term":[{"taxonomy":"product_brand","embeddable":true,"href":"https:\/\/iberoid-shop.com\/fr\/wp-json\/wp\/v2\/product_brand?post=3027"},{"taxonomy":"product_cat","embeddable":true,"href":"https:\/\/iberoid-shop.com\/fr\/wp-json\/wp\/v2\/product_cat?post=3027"},{"taxonomy":"product_tag","embeddable":true,"href":"https:\/\/iberoid-shop.com\/fr\/wp-json\/wp\/v2\/product_tag?post=3027"}],"curies":[{"name":"wp","href":"https:\/\/api.w.org\/{rel}","templated":true}]}}