{"id":3013,"date":"2019-11-19T20:41:31","date_gmt":"2019-11-19T20:41:31","guid":{"rendered":"https:\/\/iberoid-shop.com\/?post_type=product&#038;p=3013"},"modified":"2023-11-04T10:49:58","modified_gmt":"2023-11-04T10:49:58","slug":"primobol","status":"publish","type":"product","link":"https:\/\/iberoid-shop.com\/fr\/product\/primobol\/","title":{"rendered":"Primobol"},"content":{"rendered":"<p>Primobol est le st\u00e9ro\u00efde id\u00e9al lorsque vous recherchez une augmentation de qualit\u00e9 de la masse musculaire et de la force, sans les effets secondaires sp\u00e9cifiques d&rsquo;autres st\u00e9ro\u00efdes.<\/p>\n<p>Action: il a un faible effet androg\u00e8ne et un effet anabolisant plus important.<\/p>\n<p>&#8211; pour qu&rsquo;il prenne effet, il doit \u00eatre administr\u00e9 en cycles longs.<\/p>\n<p>&#8211; Une particularit\u00e9 de Primobolan est qu&rsquo;il renforce le syst\u00e8me immunitaire.<\/p>\n<p>R\u00e9sultats: il d\u00e9veloppe une masse musculaire et une force de qualit\u00e9, mais contribue en m\u00eame temps \u00e0 br\u00fbler les graisses.<\/p>\n<p>Dose optimale: &#8211; 400-600 mg \/ semaine.<\/p>\n<p>Cycles Primobol: Le cycle le plus populaire est Primobolan + Sustained Balkan + Oxandrolone.<\/p>\n<p>Dur\u00e9e du cycle: &#8211; 12-16 semaines.<\/p>\n<p>Temps de d\u00e9tection: &#8211; 5 semaines.<\/p>","protected":false},"excerpt":{"rendered":"<p class=\"qtranxs-available-languages-message qtranxs-available-languages-message-fr\">D\u00e9sol\u00e9, cet article est seulement disponible en <a href=\"https:\/\/iberoid-shop.com\/es\/wp-json\/wp\/v2\/product\/3013\" class=\"qtranxs-available-language-link qtranxs-available-language-link-es\" title=\"Espa\u00f1ol\">Espa\u00f1ol<\/a> et <a href=\"https:\/\/iberoid-shop.com\/pt\/wp-json\/wp\/v2\/product\/3013\" class=\"qtranxs-available-language-link qtranxs-available-language-link-pt\" title=\"Portugu\u00eas\">Portugu\u00eas<\/a>.<\/p>\n","protected":false},"featured_media":3015,"comment_status":"open","ping_status":"closed","template":"","meta":[],"product_brand":[],"product_cat":[69],"product_tag":[],"class_list":{"0":"post-3013","1":"product","2":"type-product","3":"status-publish","4":"has-post-thumbnail","6":"product_cat-esteroides_inyectables","8":"first","9":"outofstock","10":"shipping-taxable","11":"purchasable","12":"product-type-simple"},"yoast_head":"<!-- This site is optimized with the Yoast SEO Premium plugin v24.4 (Yoast SEO v27.0) - https:\/\/yoast.com\/product\/yoast-seo-premium-wordpress\/ -->\n<title>Primobol<\/title>\n<meta name=\"description\" content=\"(Espa\u00f1ol) Primobolan es el esteroide ideal para aumentar la masa muscular y la fuerza de calidad, sin los efectos secundarios espec\u00edficos de otros esteroides.\" \/>\n<meta name=\"robots\" content=\"index, follow, max-snippet:-1, max-image-preview:large, max-video-preview:-1\" \/>\n<link rel=\"canonical\" href=\"https:\/\/iberoid-shop.com\/fr\/product\/primobol\/\" \/>\n<meta property=\"og:locale\" content=\"fr_FR\" \/>\n<meta property=\"og:type\" content=\"article\" \/>\n<meta property=\"og:title\" content=\"Primobol\" \/>\n<meta property=\"og:description\" content=\"(Espa\u00f1ol) Primobolan es el esteroide ideal para aumentar la masa muscular y la fuerza de calidad, sin los efectos secundarios espec\u00edficos de otros esteroides.\" \/>\n<meta property=\"og:url\" content=\"https:\/\/iberoid-shop.com\/fr\/product\/primobol\/\" \/>\n<meta property=\"og:site_name\" content=\"(Espa\u00f1ol) Esteroides en l\u00ednea\" \/>\n<meta property=\"article:modified_time\" content=\"2023-11-04T10:49:58+00:00\" \/>\n<meta property=\"og:image\" content=\"https:\/\/iberoid-shop.com\/wp-content\/uploads\/2019\/11\/primobol.jpg?v=1678120175\" \/>\n\t<meta property=\"og:image:width\" content=\"510\" \/>\n\t<meta property=\"og:image:height\" content=\"510\" \/>\n\t<meta property=\"og:image:type\" content=\"image\/jpeg\" \/>\n<meta name=\"twitter:card\" content=\"summary_large_image\" \/>\n<meta name=\"twitter:label1\" content=\"Prix\" \/>\n\t<meta name=\"twitter:data1\" content=\"&euro;90.00\" \/>\n\t<meta name=\"twitter:label2\" content=\"Disponibilit\u00e9\" \/>\n\t<meta name=\"twitter:data2\" content=\"Rupture de stock\" \/>\n<script type=\"application\/ld+json\" class=\"yoast-schema-graph\">{\"@context\":\"https:\/\/schema.org\",\"@graph\":[{\"@type\":\"WebPage\",\"@id\":\"https:\/\/iberoid-shop.com\/fr\/product\/primobol\/\",\"url\":\"https:\/\/iberoid-shop.com\/fr\/product\/primobol\/\",\"name\":\"Primobol\",\"isPartOf\":{\"@id\":\"https:\/\/iberoid-shop.com\/fr\/#website\"},\"primaryImageOfPage\":{\"@id\":\"https:\/\/iberoid-shop.com\/fr\/product\/primobol\/#primaryimage\"},\"image\":{\"@id\":\"https:\/\/iberoid-shop.com\/fr\/product\/primobol\/#primaryimage\"},\"thumbnailUrl\":\"https:\/\/iberoid-shop.com\/wp-content\/uploads\/2019\/11\/primobol.jpg?v=1678120175\",\"datePublished\":\"2019-11-19T20:41:31+00:00\",\"dateModified\":\"2023-11-04T10:49:58+00:00\",\"description\":\"(Espa\u00f1ol) Primobolan es el esteroide ideal para aumentar la masa muscular y la fuerza de calidad, sin los efectos secundarios espec\u00edficos de otros esteroides.\",\"breadcrumb\":{\"@id\":\"https:\/\/iberoid-shop.com\/fr\/product\/primobol\/#breadcrumb\"},\"inLanguage\":\"fr-FR\",\"potentialAction\":[{\"@type\":\"ReadAction\",\"target\":[[\"https:\/\/iberoid-shop.com\/fr\/product\/primobol\/\"]]}]},{\"@type\":\"ImageObject\",\"inLanguage\":\"fr-FR\",\"@id\":\"https:\/\/iberoid-shop.com\/fr\/product\/primobol\/#primaryimage\",\"url\":\"https:\/\/iberoid-shop.com\/wp-content\/uploads\/2019\/11\/primobol.jpg?v=1678120175\",\"contentUrl\":\"https:\/\/iberoid-shop.com\/wp-content\/uploads\/2019\/11\/primobol.jpg?v=1678120175\",\"width\":510,\"height\":510,\"caption\":\"(Espa\u00f1ol) Primobol - enantato de metanol, 100 mg \/ ml, viales de 1 ml\"},{\"@type\":\"BreadcrumbList\",\"@id\":\"https:\/\/iberoid-shop.com\/fr\/product\/primobol\/#breadcrumb\",\"itemListElement\":[{\"@type\":\"ListItem\",\"position\":1,\"name\":\"Portada\",\"item\":\"https:\/\/iberoid-shop.com\/fr\/\"},{\"@type\":\"ListItem\",\"position\":2,\"name\":\"Magasin\",\"item\":\"https:\/\/iberoid-shop.com\/fr\/shop\/\"},{\"@type\":\"ListItem\",\"position\":3,\"name\":\"Primobol\"}]},{\"@type\":\"WebSite\",\"@id\":\"https:\/\/iberoid-shop.com\/fr\/#website\",\"url\":\"https:\/\/iberoid-shop.com\/fr\/\",\"name\":\"(Espa\u00f1ol) Esteroides en l\u00ednea\",\"description\":\"(Espa\u00f1ol) Comprar esteroides en l\u00ednea hoy en Espa\u00f1a y Portugal. Tenemos el mejor servicio al cliente en la industria y los productos de la m\u00e1s alta calidad\",\"potentialAction\":[{\"@type\":\"SearchAction\",\"target\":{\"@type\":\"EntryPoint\",\"urlTemplate\":\"https:\/\/iberoid-shop.com\/fr\/?s={search_term_string}\"},\"query-input\":{\"@type\":\"PropertyValueSpecification\",\"valueRequired\":true,\"valueName\":\"search_term_string\"}}],\"inLanguage\":\"fr-FR\"}]}<\/script>\n<meta property=\"product:brand\" content=\"Balkan Pharmaceuticals\" \/>\n<meta property=\"product:price:amount\" content=\"90.00\" \/>\n<meta property=\"product:price:currency\" content=\"EUR\" \/>\n<meta property=\"og:availability\" content=\"out of stock\" \/>\n<meta property=\"product:availability\" content=\"out of stock\" \/>\n<meta property=\"product:condition\" content=\"new\" \/>\n<!-- \/ Yoast SEO Premium plugin. -->","yoast_head_json":{"title":"Primobol","description":"(Espa\u00f1ol) Primobolan es el esteroide ideal para aumentar la masa muscular y la fuerza de calidad, sin los efectos secundarios espec\u00edficos de otros esteroides.","robots":{"index":"index","follow":"follow","max-snippet":"max-snippet:-1","max-image-preview":"max-image-preview:large","max-video-preview":"max-video-preview:-1"},"canonical":"https:\/\/iberoid-shop.com\/fr\/product\/primobol\/","og_locale":"fr_FR","og_type":"article","og_title":"Primobol","og_description":"(Espa\u00f1ol) Primobolan es el esteroide ideal para aumentar la masa muscular y la fuerza de calidad, sin los efectos secundarios espec\u00edficos de otros esteroides.","og_url":"https:\/\/iberoid-shop.com\/fr\/product\/primobol\/","og_site_name":"(Espa\u00f1ol) Esteroides en l\u00ednea","article_modified_time":"2023-11-04T10:49:58+00:00","og_image":[{"width":510,"height":510,"url":"https:\/\/iberoid-shop.com\/wp-content\/uploads\/2019\/11\/primobol.jpg?v=1678120175","type":"image\/jpeg"}],"twitter_card":"summary_large_image","twitter_misc":{"Prix":"&euro;90.00","Disponibilit\u00e9":"Rupture de stock"},"schema":{"@context":"https:\/\/schema.org","@graph":[{"@type":"WebPage","@id":"https:\/\/iberoid-shop.com\/fr\/product\/primobol\/","url":"https:\/\/iberoid-shop.com\/fr\/product\/primobol\/","name":"Primobol","isPartOf":{"@id":"https:\/\/iberoid-shop.com\/fr\/#website"},"primaryImageOfPage":{"@id":"https:\/\/iberoid-shop.com\/fr\/product\/primobol\/#primaryimage"},"image":{"@id":"https:\/\/iberoid-shop.com\/fr\/product\/primobol\/#primaryimage"},"thumbnailUrl":"https:\/\/iberoid-shop.com\/wp-content\/uploads\/2019\/11\/primobol.jpg?v=1678120175","datePublished":"2019-11-19T20:41:31+00:00","dateModified":"2023-11-04T10:49:58+00:00","description":"(Espa\u00f1ol) Primobolan es el esteroide ideal para aumentar la masa muscular y la fuerza de calidad, sin los efectos secundarios espec\u00edficos de otros esteroides.","breadcrumb":{"@id":"https:\/\/iberoid-shop.com\/fr\/product\/primobol\/#breadcrumb"},"inLanguage":"fr-FR","potentialAction":[{"@type":"ReadAction","target":[["https:\/\/iberoid-shop.com\/fr\/product\/primobol\/"]]}]},{"@type":"ImageObject","inLanguage":"fr-FR","@id":"https:\/\/iberoid-shop.com\/fr\/product\/primobol\/#primaryimage","url":"https:\/\/iberoid-shop.com\/wp-content\/uploads\/2019\/11\/primobol.jpg?v=1678120175","contentUrl":"https:\/\/iberoid-shop.com\/wp-content\/uploads\/2019\/11\/primobol.jpg?v=1678120175","width":510,"height":510,"caption":"(Espa\u00f1ol) Primobol - enantato de metanol, 100 mg \/ ml, viales de 1 ml"},{"@type":"BreadcrumbList","@id":"https:\/\/iberoid-shop.com\/fr\/product\/primobol\/#breadcrumb","itemListElement":[{"@type":"ListItem","position":1,"name":"Portada","item":"https:\/\/iberoid-shop.com\/fr\/"},{"@type":"ListItem","position":2,"name":"Magasin","item":"https:\/\/iberoid-shop.com\/fr\/shop\/"},{"@type":"ListItem","position":3,"name":"Primobol"}]},{"@type":"WebSite","@id":"https:\/\/iberoid-shop.com\/fr\/#website","url":"https:\/\/iberoid-shop.com\/fr\/","name":"(Espa\u00f1ol) Esteroides en l\u00ednea","description":"(Espa\u00f1ol) Comprar esteroides en l\u00ednea hoy en Espa\u00f1a y Portugal. Tenemos el mejor servicio al cliente en la industria y los productos de la m\u00e1s alta calidad","potentialAction":[{"@type":"SearchAction","target":{"@type":"EntryPoint","urlTemplate":"https:\/\/iberoid-shop.com\/fr\/?s={search_term_string}"},"query-input":{"@type":"PropertyValueSpecification","valueRequired":true,"valueName":"search_term_string"}}],"inLanguage":"fr-FR"}]},"product_brand":"Balkan Pharmaceuticals","product_price_amount":"90.00","product_price_currency":"EUR","og_availability":"out of stock","product_availability":"out of stock","product_condition":"new"},"_links":{"self":[{"href":"https:\/\/iberoid-shop.com\/fr\/wp-json\/wp\/v2\/product\/3013","targetHints":{"allow":["GET"]}}],"collection":[{"href":"https:\/\/iberoid-shop.com\/fr\/wp-json\/wp\/v2\/product"}],"about":[{"href":"https:\/\/iberoid-shop.com\/fr\/wp-json\/wp\/v2\/types\/product"}],"replies":[{"embeddable":true,"href":"https:\/\/iberoid-shop.com\/fr\/wp-json\/wp\/v2\/comments?post=3013"}],"wp:featuredmedia":[{"embeddable":true,"href":"https:\/\/iberoid-shop.com\/fr\/wp-json\/wp\/v2\/media\/3015"}],"wp:attachment":[{"href":"https:\/\/iberoid-shop.com\/fr\/wp-json\/wp\/v2\/media?parent=3013"}],"wp:term":[{"taxonomy":"product_brand","embeddable":true,"href":"https:\/\/iberoid-shop.com\/fr\/wp-json\/wp\/v2\/product_brand?post=3013"},{"taxonomy":"product_cat","embeddable":true,"href":"https:\/\/iberoid-shop.com\/fr\/wp-json\/wp\/v2\/product_cat?post=3013"},{"taxonomy":"product_tag","embeddable":true,"href":"https:\/\/iberoid-shop.com\/fr\/wp-json\/wp\/v2\/product_tag?post=3013"}],"curies":[{"name":"wp","href":"https:\/\/api.w.org\/{rel}","templated":true}]}}