{"id":3009,"date":"2019-11-19T20:37:31","date_gmt":"2019-11-19T20:37:31","guid":{"rendered":"https:\/\/iberoid-shop.com\/?post_type=product&#038;p=3009"},"modified":"2023-01-13T18:19:47","modified_gmt":"2023-01-13T18:19:47","slug":"oxandrolon","status":"publish","type":"product","link":"https:\/\/iberoid-shop.com\/fr\/product\/oxandrolon\/","title":{"rendered":"Oxandrolon"},"content":{"rendered":"<p>Oxandrolone Balkan est \u00e9galement connu sous le nom d&rsquo;Anavar, un st\u00e9ro\u00efde oral tr\u00e8s s\u00fbr sans effets secondaires, m\u00eame \u00e0 fortes doses. Il a \u00e0 la fois des effets androg\u00e8nes et anabolisants. Il s&rsquo;agit d&rsquo;un ancien st\u00e9ro\u00efde mis sur le march\u00e9 en 1960, con\u00e7u pour traiter diverses affections. Il est tr\u00e8s appr\u00e9ci\u00e9 des sportifs en raison des effets tr\u00e8s n\u00e9gatifs qu&rsquo;il a. \u00catre consid\u00e9r\u00e9 comme le st\u00e9ro\u00efde oral le plus s\u00fbr.<\/p>\n<p>Comment fonctionne Oxandrolon Balkan ?<br \/>\nIl agit \u00e0 la fois sur la masse musculaire, \u00e9tant l&rsquo;augmentation de la bonne qualit\u00e9 et dans le processus de combustion des graisses, \u00e9tant consid\u00e9r\u00e9 comme la \u00ab merveille \u00bb des st\u00e9ro\u00efdes. Des \u00e9tudes ont montr\u00e9 que la graisse br\u00fbl\u00e9e ne revenait pas \u00e0 la fin du cycle. Il a \u00e9galement un effet puissant sur le d\u00e9veloppement de la force musculaire, parfois compar\u00e9 \u00e0 Halotestin.<\/p>\n<p>Pendant le cycle d&rsquo;Oxandrolon, les anti-\u0153strog\u00e8nes des Balkans ne sont pas utilis\u00e9s car ils n&rsquo;ont pas d&rsquo;effets secondaires \u0153strog\u00e9niques.<\/p>\n<p>Il a la capacit\u00e9 d&rsquo;augmenter la r\u00e9tention d&rsquo;azote dans le corps, d&rsquo;inhiber les hormones corticost\u00e9ro\u00efdes et de diminuer le niveau de SHBG (une prot\u00e9ine qui a pour r\u00f4le d&rsquo;inactiver la testost\u00e9rone).<\/p>\n<p>Quels sont les r\u00e9sultats obtenus au cours du cycle ?<br \/>\nLes r\u00e9sultats obtenus avec l&rsquo;oxandrolone sont une masse musculaire de qualit\u00e9, une combustion des graisses et une plus grande force. En raison de l&rsquo;augmentation du nombre de globules rouges, l&rsquo;endurance musculaire et l&rsquo;endurance cardiovasculaire augmentent \u00e9galement. La r\u00e9cup\u00e9ration apr\u00e8s des entra\u00eenements intenses est plus rapide, le risque de surentra\u00eenement diminue consid\u00e9rablement. La plupart des st\u00e9ro\u00efdes ne br\u00fblent pas les graisses directement, mais plut\u00f4t en raison d&rsquo;un m\u00e9tabolisme accru. Oxandrolone des Balkans qui a un effet direct sur la lipolyse.<\/p>\n<p>Dose optimale : 20-50 mg\/jour.<\/p>\n<p>Cycles : Lorsque vous le souhaitez, le d\u00e9veloppement musculaire et la force sont combin\u00e9s avec 200 \u00e0 400 mg de propionate de testost\u00e9rone par semaine. Et, par d\u00e9finition, il peut \u00eatre associ\u00e9 \u00e0 200 mg de Trenbolone ou 400 mg de Primobolan.<\/p>\n<p>Dur\u00e9e du cycle : 6 semaines.<\/p>\n<p>Temps de d\u00e9tection : 3 semaines.<\/p>\n<p>Th\u00e9rapie post-cycle : La th\u00e9rapie post-cycle est indiqu\u00e9e \u00e0 base de Tamoximed et Clomed \u00e0 la fin du traitement aux st\u00e9ro\u00efdes.<\/p>","protected":false},"excerpt":{"rendered":"<p class=\"qtranxs-available-languages-message qtranxs-available-languages-message-fr\">D\u00e9sol\u00e9, cet article est seulement disponible en <a href=\"https:\/\/iberoid-shop.com\/es\/wp-json\/wp\/v2\/product\/3009\" class=\"qtranxs-available-language-link qtranxs-available-language-link-es\" title=\"Espa\u00f1ol\">Espa\u00f1ol<\/a> et <a href=\"https:\/\/iberoid-shop.com\/pt\/wp-json\/wp\/v2\/product\/3009\" class=\"qtranxs-available-language-link qtranxs-available-language-link-pt\" title=\"Portugu\u00eas\">Portugu\u00eas<\/a>.<\/p>\n","protected":false},"featured_media":3011,"comment_status":"open","ping_status":"closed","template":"","meta":[],"product_brand":[],"product_cat":[73],"product_tag":[],"class_list":{"0":"post-3009","1":"product","2":"type-product","3":"status-publish","4":"has-post-thumbnail","6":"product_cat-ssteroides_orales","8":"first","9":"outofstock","10":"shipping-taxable","11":"purchasable","12":"product-type-simple"},"yoast_head":"<!-- This site is optimized with the Yoast SEO Premium plugin v24.4 (Yoast SEO v27.0) - https:\/\/yoast.com\/product\/yoast-seo-premium-wordpress\/ -->\n<title>Oxandrolon - (Espa\u00f1ol) Esteroides en l\u00ednea<\/title>\n<meta name=\"description\" content=\"(Espa\u00f1ol) Ser considerado el esteroide oral m\u00e1s seguro.\u00bfC\u00f3mo funciona Oxandrolon Balkan?Act\u00faa tanto sobre la masa muscular, siendo el aumento de buena calidad como en el proceso de quema de grasa, siendo considerada la &quot;maravilla&quot; de los esteroides.\" \/>\n<meta name=\"robots\" content=\"index, follow, max-snippet:-1, max-image-preview:large, max-video-preview:-1\" \/>\n<link rel=\"canonical\" href=\"https:\/\/iberoid-shop.com\/fr\/product\/oxandrolon\/\" \/>\n<meta property=\"og:locale\" content=\"fr_FR\" \/>\n<meta property=\"og:type\" content=\"article\" \/>\n<meta property=\"og:title\" content=\"Oxandrolon\" \/>\n<meta property=\"og:description\" content=\"(Espa\u00f1ol) Ser considerado el esteroide oral m\u00e1s seguro.\u00bfC\u00f3mo funciona Oxandrolon Balkan?Act\u00faa tanto sobre la masa muscular, siendo el aumento de buena calidad como en el proceso de quema de grasa, siendo considerada la &quot;maravilla&quot; de los esteroides.\" \/>\n<meta property=\"og:url\" content=\"https:\/\/iberoid-shop.com\/fr\/product\/oxandrolon\/\" \/>\n<meta property=\"og:site_name\" content=\"(Espa\u00f1ol) Esteroides en l\u00ednea\" \/>\n<meta property=\"article:modified_time\" content=\"2023-01-13T18:19:47+00:00\" \/>\n<meta property=\"og:image\" content=\"https:\/\/iberoid-shop.com\/wp-content\/uploads\/2019\/11\/oxandrolon.jpg?v=1678120176\" \/>\n\t<meta property=\"og:image:width\" content=\"978\" \/>\n\t<meta property=\"og:image:height\" content=\"768\" \/>\n\t<meta property=\"og:image:type\" content=\"image\/jpeg\" \/>\n<meta name=\"twitter:card\" content=\"summary_large_image\" \/>\n<meta name=\"twitter:label1\" content=\"Prix\" \/>\n\t<meta name=\"twitter:data1\" content=\"&euro;90.00\" \/>\n\t<meta name=\"twitter:label2\" content=\"Disponibilit\u00e9\" \/>\n\t<meta name=\"twitter:data2\" content=\"Rupture de stock\" \/>\n<script type=\"application\/ld+json\" class=\"yoast-schema-graph\">{\"@context\":\"https:\/\/schema.org\",\"@graph\":[{\"@type\":\"WebPage\",\"@id\":\"https:\/\/iberoid-shop.com\/fr\/product\/oxandrolon\/\",\"url\":\"https:\/\/iberoid-shop.com\/fr\/product\/oxandrolon\/\",\"name\":\"Oxandrolon - (Espa\u00f1ol) Esteroides en l\u00ednea\",\"isPartOf\":{\"@id\":\"https:\/\/iberoid-shop.com\/fr\/#website\"},\"primaryImageOfPage\":{\"@id\":\"https:\/\/iberoid-shop.com\/fr\/product\/oxandrolon\/#primaryimage\"},\"image\":{\"@id\":\"https:\/\/iberoid-shop.com\/fr\/product\/oxandrolon\/#primaryimage\"},\"thumbnailUrl\":\"https:\/\/iberoid-shop.com\/wp-content\/uploads\/2019\/11\/oxandrolon.jpg?v=1678120176\",\"datePublished\":\"2019-11-19T20:37:31+00:00\",\"dateModified\":\"2023-01-13T18:19:47+00:00\",\"description\":\"(Espa\u00f1ol) Ser considerado el esteroide oral m\u00e1s seguro.\u00bfC\u00f3mo funciona Oxandrolon Balkan?Act\u00faa tanto sobre la masa muscular, siendo el aumento de buena calidad como en el proceso de quema de grasa, siendo considerada la \\\"maravilla\\\" de los esteroides.\",\"breadcrumb\":{\"@id\":\"https:\/\/iberoid-shop.com\/fr\/product\/oxandrolon\/#breadcrumb\"},\"inLanguage\":\"fr-FR\",\"potentialAction\":[{\"@type\":\"ReadAction\",\"target\":[[\"https:\/\/iberoid-shop.com\/fr\/product\/oxandrolon\/\"]]}]},{\"@type\":\"ImageObject\",\"inLanguage\":\"fr-FR\",\"@id\":\"https:\/\/iberoid-shop.com\/fr\/product\/oxandrolon\/#primaryimage\",\"url\":\"https:\/\/iberoid-shop.com\/wp-content\/uploads\/2019\/11\/oxandrolon.jpg?v=1678120176\",\"contentUrl\":\"https:\/\/iberoid-shop.com\/wp-content\/uploads\/2019\/11\/oxandrolon.jpg?v=1678120176\",\"width\":978,\"height\":768},{\"@type\":\"BreadcrumbList\",\"@id\":\"https:\/\/iberoid-shop.com\/fr\/product\/oxandrolon\/#breadcrumb\",\"itemListElement\":[{\"@type\":\"ListItem\",\"position\":1,\"name\":\"Portada\",\"item\":\"https:\/\/iberoid-shop.com\/fr\/\"},{\"@type\":\"ListItem\",\"position\":2,\"name\":\"Magasin\",\"item\":\"https:\/\/iberoid-shop.com\/fr\/shop\/\"},{\"@type\":\"ListItem\",\"position\":3,\"name\":\"Oxandrolon\"}]},{\"@type\":\"WebSite\",\"@id\":\"https:\/\/iberoid-shop.com\/fr\/#website\",\"url\":\"https:\/\/iberoid-shop.com\/fr\/\",\"name\":\"(Espa\u00f1ol) Esteroides en l\u00ednea\",\"description\":\"(Espa\u00f1ol) Comprar esteroides en l\u00ednea hoy en Espa\u00f1a y Portugal. Tenemos el mejor servicio al cliente en la industria y los productos de la m\u00e1s alta calidad\",\"potentialAction\":[{\"@type\":\"SearchAction\",\"target\":{\"@type\":\"EntryPoint\",\"urlTemplate\":\"https:\/\/iberoid-shop.com\/fr\/?s={search_term_string}\"},\"query-input\":{\"@type\":\"PropertyValueSpecification\",\"valueRequired\":true,\"valueName\":\"search_term_string\"}}],\"inLanguage\":\"fr-FR\"}]}<\/script>\n<meta property=\"product:brand\" content=\"Balkan Pharmaceuticals\" \/>\n<meta property=\"product:price:amount\" content=\"90.00\" \/>\n<meta property=\"product:price:currency\" content=\"EUR\" \/>\n<meta property=\"og:availability\" content=\"out of stock\" \/>\n<meta property=\"product:availability\" content=\"out of stock\" \/>\n<meta property=\"product:condition\" content=\"new\" \/>\n<!-- \/ Yoast SEO Premium plugin. -->","yoast_head_json":{"title":"Oxandrolon - (Espa\u00f1ol) Esteroides en l\u00ednea","description":"(Espa\u00f1ol) Ser considerado el esteroide oral m\u00e1s seguro.\u00bfC\u00f3mo funciona Oxandrolon Balkan?Act\u00faa tanto sobre la masa muscular, siendo el aumento de buena calidad como en el proceso de quema de grasa, siendo considerada la \"maravilla\" de los esteroides.","robots":{"index":"index","follow":"follow","max-snippet":"max-snippet:-1","max-image-preview":"max-image-preview:large","max-video-preview":"max-video-preview:-1"},"canonical":"https:\/\/iberoid-shop.com\/fr\/product\/oxandrolon\/","og_locale":"fr_FR","og_type":"article","og_title":"Oxandrolon","og_description":"(Espa\u00f1ol) Ser considerado el esteroide oral m\u00e1s seguro.\u00bfC\u00f3mo funciona Oxandrolon Balkan?Act\u00faa tanto sobre la masa muscular, siendo el aumento de buena calidad como en el proceso de quema de grasa, siendo considerada la \"maravilla\" de los esteroides.","og_url":"https:\/\/iberoid-shop.com\/fr\/product\/oxandrolon\/","og_site_name":"(Espa\u00f1ol) Esteroides en l\u00ednea","article_modified_time":"2023-01-13T18:19:47+00:00","og_image":[{"width":978,"height":768,"url":"https:\/\/iberoid-shop.com\/wp-content\/uploads\/2019\/11\/oxandrolon.jpg?v=1678120176","type":"image\/jpeg"}],"twitter_card":"summary_large_image","twitter_misc":{"Prix":"&euro;90.00","Disponibilit\u00e9":"Rupture de stock"},"schema":{"@context":"https:\/\/schema.org","@graph":[{"@type":"WebPage","@id":"https:\/\/iberoid-shop.com\/fr\/product\/oxandrolon\/","url":"https:\/\/iberoid-shop.com\/fr\/product\/oxandrolon\/","name":"Oxandrolon - (Espa\u00f1ol) Esteroides en l\u00ednea","isPartOf":{"@id":"https:\/\/iberoid-shop.com\/fr\/#website"},"primaryImageOfPage":{"@id":"https:\/\/iberoid-shop.com\/fr\/product\/oxandrolon\/#primaryimage"},"image":{"@id":"https:\/\/iberoid-shop.com\/fr\/product\/oxandrolon\/#primaryimage"},"thumbnailUrl":"https:\/\/iberoid-shop.com\/wp-content\/uploads\/2019\/11\/oxandrolon.jpg?v=1678120176","datePublished":"2019-11-19T20:37:31+00:00","dateModified":"2023-01-13T18:19:47+00:00","description":"(Espa\u00f1ol) Ser considerado el esteroide oral m\u00e1s seguro.\u00bfC\u00f3mo funciona Oxandrolon Balkan?Act\u00faa tanto sobre la masa muscular, siendo el aumento de buena calidad como en el proceso de quema de grasa, siendo considerada la \"maravilla\" de los esteroides.","breadcrumb":{"@id":"https:\/\/iberoid-shop.com\/fr\/product\/oxandrolon\/#breadcrumb"},"inLanguage":"fr-FR","potentialAction":[{"@type":"ReadAction","target":[["https:\/\/iberoid-shop.com\/fr\/product\/oxandrolon\/"]]}]},{"@type":"ImageObject","inLanguage":"fr-FR","@id":"https:\/\/iberoid-shop.com\/fr\/product\/oxandrolon\/#primaryimage","url":"https:\/\/iberoid-shop.com\/wp-content\/uploads\/2019\/11\/oxandrolon.jpg?v=1678120176","contentUrl":"https:\/\/iberoid-shop.com\/wp-content\/uploads\/2019\/11\/oxandrolon.jpg?v=1678120176","width":978,"height":768},{"@type":"BreadcrumbList","@id":"https:\/\/iberoid-shop.com\/fr\/product\/oxandrolon\/#breadcrumb","itemListElement":[{"@type":"ListItem","position":1,"name":"Portada","item":"https:\/\/iberoid-shop.com\/fr\/"},{"@type":"ListItem","position":2,"name":"Magasin","item":"https:\/\/iberoid-shop.com\/fr\/shop\/"},{"@type":"ListItem","position":3,"name":"Oxandrolon"}]},{"@type":"WebSite","@id":"https:\/\/iberoid-shop.com\/fr\/#website","url":"https:\/\/iberoid-shop.com\/fr\/","name":"(Espa\u00f1ol) Esteroides en l\u00ednea","description":"(Espa\u00f1ol) Comprar esteroides en l\u00ednea hoy en Espa\u00f1a y Portugal. Tenemos el mejor servicio al cliente en la industria y los productos de la m\u00e1s alta calidad","potentialAction":[{"@type":"SearchAction","target":{"@type":"EntryPoint","urlTemplate":"https:\/\/iberoid-shop.com\/fr\/?s={search_term_string}"},"query-input":{"@type":"PropertyValueSpecification","valueRequired":true,"valueName":"search_term_string"}}],"inLanguage":"fr-FR"}]},"product_brand":"Balkan Pharmaceuticals","product_price_amount":"90.00","product_price_currency":"EUR","og_availability":"out of stock","product_availability":"out of stock","product_condition":"new"},"_links":{"self":[{"href":"https:\/\/iberoid-shop.com\/fr\/wp-json\/wp\/v2\/product\/3009","targetHints":{"allow":["GET"]}}],"collection":[{"href":"https:\/\/iberoid-shop.com\/fr\/wp-json\/wp\/v2\/product"}],"about":[{"href":"https:\/\/iberoid-shop.com\/fr\/wp-json\/wp\/v2\/types\/product"}],"replies":[{"embeddable":true,"href":"https:\/\/iberoid-shop.com\/fr\/wp-json\/wp\/v2\/comments?post=3009"}],"wp:featuredmedia":[{"embeddable":true,"href":"https:\/\/iberoid-shop.com\/fr\/wp-json\/wp\/v2\/media\/3011"}],"wp:attachment":[{"href":"https:\/\/iberoid-shop.com\/fr\/wp-json\/wp\/v2\/media?parent=3009"}],"wp:term":[{"taxonomy":"product_brand","embeddable":true,"href":"https:\/\/iberoid-shop.com\/fr\/wp-json\/wp\/v2\/product_brand?post=3009"},{"taxonomy":"product_cat","embeddable":true,"href":"https:\/\/iberoid-shop.com\/fr\/wp-json\/wp\/v2\/product_cat?post=3009"},{"taxonomy":"product_tag","embeddable":true,"href":"https:\/\/iberoid-shop.com\/fr\/wp-json\/wp\/v2\/product_tag?post=3009"}],"curies":[{"name":"wp","href":"https:\/\/api.w.org\/{rel}","templated":true}]}}