{"id":3004,"date":"2019-11-19T20:31:56","date_gmt":"2019-11-19T20:31:56","guid":{"rendered":"https:\/\/iberoid-shop.com\/?post_type=product&#038;p=3004"},"modified":"2023-01-11T08:34:41","modified_gmt":"2023-01-11T08:34:41","slug":"halotest","status":"publish","type":"product","link":"https:\/\/iberoid-shop.com\/fr\/product\/halotest\/","title":{"rendered":"Halotest"},"content":{"rendered":"<p>Halotest Balkan est connu des bodybuilders et \u00e9galement connu sous le nom de Halotestin. Il s&rsquo;agit d&rsquo;un st\u00e9ro\u00efde oral aux effets androg\u00e9niques et anabolisants puissants. La substance active est appel\u00e9e fluoxymest\u00e9rone, mais elle est commercialis\u00e9e sous diff\u00e9rentes marques. Son effet est similaire \u00e0 celui de la testost\u00e9rone, mais avec des effets androg\u00e8nes beaucoup plus forts, ce qui entra\u00eene une plus grande force musculaire. C&rsquo;est le st\u00e9ro\u00efde le plus efficace en termes de force, avec Trenbolone. Les halt\u00e9rophiles utilisent la testost\u00e9rone + trenbolone + halotestine, avec ce cycle, les augmentations de force sont maximales.<\/p>\n<p>L&rsquo;utilisation de Halotest Balkan apporte les avantages suivants:<br \/>\nUn d\u00e9veloppement rapide de l&rsquo;\u00e9lasticit\u00e9 du tissu musculaire.<br \/>\nmaximise les performances des tissus musculaires<br \/>\nd\u00e9velopper la force musculaire sans construire de masse (c&rsquo;est tr\u00e8s b\u00e9n\u00e9fique pour les dynamophiles)<br \/>\nFournit une nutrition musculaire incroyable<br \/>\nR\u00e9parez rapidement les fibres musculaires endommag\u00e9es pendant l&rsquo;entra\u00eenement<br \/>\ncontribue \u00e0 une apparence plus forte et plus dense des muscles<br \/>\ncontribue directement \u00e0 br\u00fbler les graisses<br \/>\nSon action est tr\u00e8s rapide, d\u00e8s les premiers jours de l&rsquo;administration, des am\u00e9liorations de la performance sportive apparaissent. Il est le plus souvent utilis\u00e9 pendant la p\u00e9riode de d\u00e9finition ou lors du d\u00e9veloppement de la force.<\/p>\n<p>Administration et effets secondaires de l&rsquo;halotestin:<\/p>\n<p>Il est recommand\u00e9 de prendre une dose quotidienne comprise entre 20 et 40 mg. Comme tout autre st\u00e9ro\u00efde oral tr\u00e8s puissant, il est toxique pour le foie, il n&rsquo;est donc pas utilis\u00e9 pendant plus de 4 semaines et la dose de 40 mg n&rsquo;est pas d\u00e9pass\u00e9e. Dans le m\u00eame temps, l&rsquo;utilisation d&rsquo;un produit qui prot\u00e8ge le foie est absolument n\u00e9cessaire. Pour un entra\u00eenement plus efficace, en raison d&rsquo;une agressivit\u00e9 accrue, 10 mg peuvent \u00eatre utilis\u00e9s avant l&rsquo;entra\u00eenement.<\/p>","protected":false},"excerpt":{"rendered":"<p class=\"qtranxs-available-languages-message qtranxs-available-languages-message-fr\">D\u00e9sol\u00e9, cet article est seulement disponible en <a href=\"https:\/\/iberoid-shop.com\/es\/wp-json\/wp\/v2\/product\/3004\" class=\"qtranxs-available-language-link qtranxs-available-language-link-es\" title=\"Espa\u00f1ol\">Espa\u00f1ol<\/a> et <a href=\"https:\/\/iberoid-shop.com\/pt\/wp-json\/wp\/v2\/product\/3004\" class=\"qtranxs-available-language-link qtranxs-available-language-link-pt\" title=\"Portugu\u00eas\">Portugu\u00eas<\/a>.<\/p>\n","protected":false},"featured_media":3006,"comment_status":"open","ping_status":"closed","template":"","meta":[],"product_brand":[],"product_cat":[73],"product_tag":[],"class_list":{"0":"post-3004","1":"product","2":"type-product","3":"status-publish","4":"has-post-thumbnail","6":"product_cat-ssteroides_orales","8":"first","9":"outofstock","10":"sale","11":"shipping-taxable","12":"purchasable","13":"product-type-simple"},"yoast_head":"<!-- This site is optimized with the Yoast SEO Premium plugin v24.4 (Yoast SEO v27.0) - https:\/\/yoast.com\/product\/yoast-seo-premium-wordpress\/ -->\n<title>Halotest - (Espa\u00f1ol) Esteroides en l\u00ednea<\/title>\n<meta name=\"description\" content=\"(Espa\u00f1ol) Este es un esteroide oral con fuertes efectos androg\u00e9nicos y anab\u00f3licos.\" \/>\n<meta name=\"robots\" content=\"index, follow, max-snippet:-1, max-image-preview:large, max-video-preview:-1\" \/>\n<link rel=\"canonical\" href=\"https:\/\/iberoid-shop.com\/fr\/product\/halotest\/\" \/>\n<meta property=\"og:locale\" content=\"fr_FR\" \/>\n<meta property=\"og:type\" content=\"article\" \/>\n<meta property=\"og:title\" content=\"Halotest\" \/>\n<meta property=\"og:description\" content=\"(Espa\u00f1ol) Este es un esteroide oral con fuertes efectos androg\u00e9nicos y anab\u00f3licos.\" \/>\n<meta property=\"og:url\" content=\"https:\/\/iberoid-shop.com\/fr\/product\/halotest\/\" \/>\n<meta property=\"og:site_name\" content=\"(Espa\u00f1ol) Esteroides en l\u00ednea\" \/>\n<meta property=\"article:modified_time\" content=\"2023-01-11T08:34:41+00:00\" \/>\n<meta property=\"og:image\" content=\"https:\/\/iberoid-shop.com\/wp-content\/uploads\/2019\/11\/halotest.jpg?v=1678120176\" \/>\n\t<meta property=\"og:image:width\" content=\"465\" \/>\n\t<meta property=\"og:image:height\" content=\"290\" \/>\n\t<meta property=\"og:image:type\" content=\"image\/jpeg\" \/>\n<meta name=\"twitter:card\" content=\"summary_large_image\" \/>\n<meta name=\"twitter:label1\" content=\"Prix\" \/>\n\t<meta name=\"twitter:data1\" content=\"&euro;180.00\" \/>\n\t<meta name=\"twitter:label2\" content=\"Disponibilit\u00e9\" \/>\n\t<meta name=\"twitter:data2\" content=\"Rupture de stock\" \/>\n<script type=\"application\/ld+json\" class=\"yoast-schema-graph\">{\"@context\":\"https:\/\/schema.org\",\"@graph\":[{\"@type\":\"WebPage\",\"@id\":\"https:\/\/iberoid-shop.com\/fr\/product\/halotest\/\",\"url\":\"https:\/\/iberoid-shop.com\/fr\/product\/halotest\/\",\"name\":\"Halotest - (Espa\u00f1ol) Esteroides en l\u00ednea\",\"isPartOf\":{\"@id\":\"https:\/\/iberoid-shop.com\/fr\/#website\"},\"primaryImageOfPage\":{\"@id\":\"https:\/\/iberoid-shop.com\/fr\/product\/halotest\/#primaryimage\"},\"image\":{\"@id\":\"https:\/\/iberoid-shop.com\/fr\/product\/halotest\/#primaryimage\"},\"thumbnailUrl\":\"https:\/\/iberoid-shop.com\/wp-content\/uploads\/2019\/11\/halotest.jpg?v=1678120176\",\"datePublished\":\"2019-11-19T20:31:56+00:00\",\"dateModified\":\"2023-01-11T08:34:41+00:00\",\"description\":\"(Espa\u00f1ol) Este es un esteroide oral con fuertes efectos androg\u00e9nicos y anab\u00f3licos.\",\"breadcrumb\":{\"@id\":\"https:\/\/iberoid-shop.com\/fr\/product\/halotest\/#breadcrumb\"},\"inLanguage\":\"fr-FR\",\"potentialAction\":[{\"@type\":\"ReadAction\",\"target\":[[\"https:\/\/iberoid-shop.com\/fr\/product\/halotest\/\"]]}]},{\"@type\":\"ImageObject\",\"inLanguage\":\"fr-FR\",\"@id\":\"https:\/\/iberoid-shop.com\/fr\/product\/halotest\/#primaryimage\",\"url\":\"https:\/\/iberoid-shop.com\/wp-content\/uploads\/2019\/11\/halotest.jpg?v=1678120176\",\"contentUrl\":\"https:\/\/iberoid-shop.com\/wp-content\/uploads\/2019\/11\/halotest.jpg?v=1678120176\",\"width\":465,\"height\":290},{\"@type\":\"BreadcrumbList\",\"@id\":\"https:\/\/iberoid-shop.com\/fr\/product\/halotest\/#breadcrumb\",\"itemListElement\":[{\"@type\":\"ListItem\",\"position\":1,\"name\":\"Portada\",\"item\":\"https:\/\/iberoid-shop.com\/fr\/\"},{\"@type\":\"ListItem\",\"position\":2,\"name\":\"Magasin\",\"item\":\"https:\/\/iberoid-shop.com\/fr\/shop\/\"},{\"@type\":\"ListItem\",\"position\":3,\"name\":\"Halotest\"}]},{\"@type\":\"WebSite\",\"@id\":\"https:\/\/iberoid-shop.com\/fr\/#website\",\"url\":\"https:\/\/iberoid-shop.com\/fr\/\",\"name\":\"(Espa\u00f1ol) Esteroides en l\u00ednea\",\"description\":\"(Espa\u00f1ol) Comprar esteroides en l\u00ednea hoy en Espa\u00f1a y Portugal. Tenemos el mejor servicio al cliente en la industria y los productos de la m\u00e1s alta calidad\",\"potentialAction\":[{\"@type\":\"SearchAction\",\"target\":{\"@type\":\"EntryPoint\",\"urlTemplate\":\"https:\/\/iberoid-shop.com\/fr\/?s={search_term_string}\"},\"query-input\":{\"@type\":\"PropertyValueSpecification\",\"valueRequired\":true,\"valueName\":\"search_term_string\"}}],\"inLanguage\":\"fr-FR\"}]}<\/script>\n<meta property=\"product:brand\" content=\"Balkan Pharmaceuticals\" \/>\n<meta property=\"product:price:amount\" content=\"180.00\" \/>\n<meta property=\"product:price:currency\" content=\"EUR\" \/>\n<meta property=\"og:availability\" content=\"out of stock\" \/>\n<meta property=\"product:availability\" content=\"out of stock\" \/>\n<meta property=\"product:condition\" content=\"new\" \/>\n<!-- \/ Yoast SEO Premium plugin. -->","yoast_head_json":{"title":"Halotest - (Espa\u00f1ol) Esteroides en l\u00ednea","description":"(Espa\u00f1ol) Este es un esteroide oral con fuertes efectos androg\u00e9nicos y anab\u00f3licos.","robots":{"index":"index","follow":"follow","max-snippet":"max-snippet:-1","max-image-preview":"max-image-preview:large","max-video-preview":"max-video-preview:-1"},"canonical":"https:\/\/iberoid-shop.com\/fr\/product\/halotest\/","og_locale":"fr_FR","og_type":"article","og_title":"Halotest","og_description":"(Espa\u00f1ol) Este es un esteroide oral con fuertes efectos androg\u00e9nicos y anab\u00f3licos.","og_url":"https:\/\/iberoid-shop.com\/fr\/product\/halotest\/","og_site_name":"(Espa\u00f1ol) Esteroides en l\u00ednea","article_modified_time":"2023-01-11T08:34:41+00:00","og_image":[{"width":465,"height":290,"url":"https:\/\/iberoid-shop.com\/wp-content\/uploads\/2019\/11\/halotest.jpg?v=1678120176","type":"image\/jpeg"}],"twitter_card":"summary_large_image","twitter_misc":{"Prix":"&euro;180.00","Disponibilit\u00e9":"Rupture de stock"},"schema":{"@context":"https:\/\/schema.org","@graph":[{"@type":"WebPage","@id":"https:\/\/iberoid-shop.com\/fr\/product\/halotest\/","url":"https:\/\/iberoid-shop.com\/fr\/product\/halotest\/","name":"Halotest - (Espa\u00f1ol) Esteroides en l\u00ednea","isPartOf":{"@id":"https:\/\/iberoid-shop.com\/fr\/#website"},"primaryImageOfPage":{"@id":"https:\/\/iberoid-shop.com\/fr\/product\/halotest\/#primaryimage"},"image":{"@id":"https:\/\/iberoid-shop.com\/fr\/product\/halotest\/#primaryimage"},"thumbnailUrl":"https:\/\/iberoid-shop.com\/wp-content\/uploads\/2019\/11\/halotest.jpg?v=1678120176","datePublished":"2019-11-19T20:31:56+00:00","dateModified":"2023-01-11T08:34:41+00:00","description":"(Espa\u00f1ol) Este es un esteroide oral con fuertes efectos androg\u00e9nicos y anab\u00f3licos.","breadcrumb":{"@id":"https:\/\/iberoid-shop.com\/fr\/product\/halotest\/#breadcrumb"},"inLanguage":"fr-FR","potentialAction":[{"@type":"ReadAction","target":[["https:\/\/iberoid-shop.com\/fr\/product\/halotest\/"]]}]},{"@type":"ImageObject","inLanguage":"fr-FR","@id":"https:\/\/iberoid-shop.com\/fr\/product\/halotest\/#primaryimage","url":"https:\/\/iberoid-shop.com\/wp-content\/uploads\/2019\/11\/halotest.jpg?v=1678120176","contentUrl":"https:\/\/iberoid-shop.com\/wp-content\/uploads\/2019\/11\/halotest.jpg?v=1678120176","width":465,"height":290},{"@type":"BreadcrumbList","@id":"https:\/\/iberoid-shop.com\/fr\/product\/halotest\/#breadcrumb","itemListElement":[{"@type":"ListItem","position":1,"name":"Portada","item":"https:\/\/iberoid-shop.com\/fr\/"},{"@type":"ListItem","position":2,"name":"Magasin","item":"https:\/\/iberoid-shop.com\/fr\/shop\/"},{"@type":"ListItem","position":3,"name":"Halotest"}]},{"@type":"WebSite","@id":"https:\/\/iberoid-shop.com\/fr\/#website","url":"https:\/\/iberoid-shop.com\/fr\/","name":"(Espa\u00f1ol) Esteroides en l\u00ednea","description":"(Espa\u00f1ol) Comprar esteroides en l\u00ednea hoy en Espa\u00f1a y Portugal. Tenemos el mejor servicio al cliente en la industria y los productos de la m\u00e1s alta calidad","potentialAction":[{"@type":"SearchAction","target":{"@type":"EntryPoint","urlTemplate":"https:\/\/iberoid-shop.com\/fr\/?s={search_term_string}"},"query-input":{"@type":"PropertyValueSpecification","valueRequired":true,"valueName":"search_term_string"}}],"inLanguage":"fr-FR"}]},"product_brand":"Balkan Pharmaceuticals","product_price_amount":"180.00","product_price_currency":"EUR","og_availability":"out of stock","product_availability":"out of stock","product_condition":"new"},"_links":{"self":[{"href":"https:\/\/iberoid-shop.com\/fr\/wp-json\/wp\/v2\/product\/3004","targetHints":{"allow":["GET"]}}],"collection":[{"href":"https:\/\/iberoid-shop.com\/fr\/wp-json\/wp\/v2\/product"}],"about":[{"href":"https:\/\/iberoid-shop.com\/fr\/wp-json\/wp\/v2\/types\/product"}],"replies":[{"embeddable":true,"href":"https:\/\/iberoid-shop.com\/fr\/wp-json\/wp\/v2\/comments?post=3004"}],"wp:featuredmedia":[{"embeddable":true,"href":"https:\/\/iberoid-shop.com\/fr\/wp-json\/wp\/v2\/media\/3006"}],"wp:attachment":[{"href":"https:\/\/iberoid-shop.com\/fr\/wp-json\/wp\/v2\/media?parent=3004"}],"wp:term":[{"taxonomy":"product_brand","embeddable":true,"href":"https:\/\/iberoid-shop.com\/fr\/wp-json\/wp\/v2\/product_brand?post=3004"},{"taxonomy":"product_cat","embeddable":true,"href":"https:\/\/iberoid-shop.com\/fr\/wp-json\/wp\/v2\/product_cat?post=3004"},{"taxonomy":"product_tag","embeddable":true,"href":"https:\/\/iberoid-shop.com\/fr\/wp-json\/wp\/v2\/product_tag?post=3004"}],"curies":[{"name":"wp","href":"https:\/\/api.w.org\/{rel}","templated":true}]}}