{"id":3000,"date":"2019-11-19T20:28:27","date_gmt":"2019-11-19T20:28:27","guid":{"rendered":"https:\/\/iberoid-shop.com\/?post_type=product&#038;p=3000"},"modified":"2023-11-04T12:29:48","modified_gmt":"2023-11-04T12:29:48","slug":"fenandrol","status":"publish","type":"product","link":"https:\/\/iberoid-shop.com\/fr\/product\/fenandrol\/","title":{"rendered":"FENANDROL\/BALKAN\/10 AMPOLLAS"},"content":{"rendered":"<p>Nandrolone Phenylpropionate, ou Nandrolone Phenpropionate, vendu sous le nom de marque Durabolin, entre autres, est un m\u00e9dicament androg\u00e8ne et un st\u00e9ro\u00efde anabolisant qui a \u00e9t\u00e9 utilis\u00e9 principalement dans le traitement du cancer du sein et de l&rsquo;ost\u00e9oporose chez les femmes.<\/p>\n<p>Bas\u00e9 sur la fonction de l&rsquo;hormone, Nandrolone Phenylpropionate est identique au Nandrolone Decanoate. Les deux formes sont constitu\u00e9es de la m\u00eame hormone active. Dans le cas du ph\u00e9nylpropionate de nandrolone, nous avons une version ester plus courte qui fournit une plus grande explosion de nandrolone apr\u00e8s injection, mais elle a \u00e9galement une demi-vie beaucoup plus courte. Cela signifie que le ph\u00e9nylpropionate de nandrolone doit \u00eatre inject\u00e9 plus fr\u00e9quemment que son homologue ester plus gros pour que les taux sanguins restent stables.<\/p>\n<p>Le ph\u00e9nylpropionate de nandrolone est \u00e9galement nettement moins \u0153strog\u00e8ne que la testost\u00e9rone. La nandrolone et la testost\u00e9rone s&rsquo;aromatisent, mais la nandrolone ne le fait qu&rsquo;\u00e0 environ 20% du taux de testost\u00e9rone.<\/p>\n<p>L&rsquo;hormone nandrolone est l&rsquo;un des st\u00e9ro\u00efdes anabolisants les plus pr\u00e9cieux de tous; Les cinq premiers sans aucun doute. M\u00e9dicalement, c&rsquo;est une hormone incroyable, bien que la version ph\u00e9nylpropionate n&rsquo;ait jamais donn\u00e9 l&rsquo;occasion de briller. Cela n&rsquo;est pas d\u00fb \u00e0 son inf\u00e9riorit\u00e9, c&rsquo;est simplement que le monde m\u00e9dical n&rsquo;a vraiment pas besoin de plus d&rsquo;une hormone Nandrolone et que le d\u00e9canoate est simplement l&rsquo;\u00e9lu.<\/p>\n<p>Pour l&rsquo;utilisateur de st\u00e9ro\u00efdes, ce st\u00e9ro\u00efde peut presque \u00eatre consid\u00e9r\u00e9 comme essentiel pour un plan de masse hors saison. Mais quand on regarde ce qu&rsquo;il peut faire pour le r\u00e9tablissement et la gu\u00e9rison, c&rsquo;est presque unique en son genre.<\/p>","protected":false},"excerpt":{"rendered":"<p class=\"qtranxs-available-languages-message qtranxs-available-languages-message-fr\">D\u00e9sol\u00e9, cet article est seulement disponible en <a href=\"https:\/\/iberoid-shop.com\/es\/wp-json\/wp\/v2\/product\/3000\" class=\"qtranxs-available-language-link qtranxs-available-language-link-es\" title=\"Espa\u00f1ol\">Espa\u00f1ol<\/a> et <a href=\"https:\/\/iberoid-shop.com\/pt\/wp-json\/wp\/v2\/product\/3000\" class=\"qtranxs-available-language-link qtranxs-available-language-link-pt\" title=\"Portugu\u00eas\">Portugu\u00eas<\/a>.<\/p>\n","protected":false},"featured_media":3002,"comment_status":"open","ping_status":"closed","template":"","meta":[],"product_brand":[],"product_cat":[69],"product_tag":[3473],"class_list":{"0":"post-3000","1":"product","2":"type-product","3":"status-publish","4":"has-post-thumbnail","6":"product_cat-esteroides_inyectables","7":"product_tag-nandrolone-fenil","9":"first","10":"outofstock","11":"shipping-taxable","12":"purchasable","13":"product-type-simple"},"yoast_head":"<!-- This site is optimized with the Yoast SEO Premium plugin v24.4 (Yoast SEO v27.0) - https:\/\/yoast.com\/product\/yoast-seo-premium-wordpress\/ -->\n<title>FENANDROL\/BALKAN\/10 AMPOLLAS - (Espa\u00f1ol) Esteroides en l\u00ednea<\/title>\n<meta name=\"description\" content=\"(Espa\u00f1ol) El fenilpropionato de nandrolona o el fepropionato de nandrolona es un medicamento esteroide androg\u00e9nico anab\u00f3lico que se ha utilizado principalmente en el tratamiento del c\u00e1ncer de mama y la osteoporosis en las mujeres.\" \/>\n<meta name=\"robots\" content=\"index, follow, max-snippet:-1, max-image-preview:large, max-video-preview:-1\" \/>\n<link rel=\"canonical\" href=\"https:\/\/iberoid-shop.com\/fr\/product\/fenandrol\/\" \/>\n<meta property=\"og:locale\" content=\"fr_FR\" \/>\n<meta property=\"og:type\" content=\"article\" \/>\n<meta property=\"og:title\" content=\"FENANDROL\/BALKAN\/10 AMPOLLAS\" \/>\n<meta property=\"og:description\" content=\"(Espa\u00f1ol) El fenilpropionato de nandrolona o el fepropionato de nandrolona es un medicamento esteroide androg\u00e9nico anab\u00f3lico que se ha utilizado principalmente en el tratamiento del c\u00e1ncer de mama y la osteoporosis en las mujeres.\" \/>\n<meta property=\"og:url\" content=\"https:\/\/iberoid-shop.com\/fr\/product\/fenandrol\/\" \/>\n<meta property=\"og:site_name\" content=\"(Espa\u00f1ol) Esteroides en l\u00ednea\" \/>\n<meta property=\"article:modified_time\" content=\"2023-11-04T12:29:48+00:00\" \/>\n<meta property=\"og:image\" content=\"https:\/\/iberoid-shop.com\/wp-content\/uploads\/2019\/11\/fenandrol.jpg?v=1678120177\" \/>\n\t<meta property=\"og:image:width\" content=\"800\" \/>\n\t<meta property=\"og:image:height\" content=\"629\" \/>\n\t<meta property=\"og:image:type\" content=\"image\/jpeg\" \/>\n<meta name=\"twitter:card\" content=\"summary_large_image\" \/>\n<meta name=\"twitter:label1\" content=\"Prix\" \/>\n\t<meta name=\"twitter:data1\" content=\"&euro;50.00\" \/>\n\t<meta name=\"twitter:label2\" content=\"Disponibilit\u00e9\" \/>\n\t<meta name=\"twitter:data2\" content=\"Rupture de stock\" \/>\n<script type=\"application\/ld+json\" class=\"yoast-schema-graph\">{\"@context\":\"https:\/\/schema.org\",\"@graph\":[{\"@type\":\"WebPage\",\"@id\":\"https:\/\/iberoid-shop.com\/fr\/product\/fenandrol\/\",\"url\":\"https:\/\/iberoid-shop.com\/fr\/product\/fenandrol\/\",\"name\":\"FENANDROL\/BALKAN\/10 AMPOLLAS - (Espa\u00f1ol) Esteroides en l\u00ednea\",\"isPartOf\":{\"@id\":\"https:\/\/iberoid-shop.com\/fr\/#website\"},\"primaryImageOfPage\":{\"@id\":\"https:\/\/iberoid-shop.com\/fr\/product\/fenandrol\/#primaryimage\"},\"image\":{\"@id\":\"https:\/\/iberoid-shop.com\/fr\/product\/fenandrol\/#primaryimage\"},\"thumbnailUrl\":\"https:\/\/iberoid-shop.com\/wp-content\/uploads\/2019\/11\/fenandrol.jpg?v=1678120177\",\"datePublished\":\"2019-11-19T20:28:27+00:00\",\"dateModified\":\"2023-11-04T12:29:48+00:00\",\"description\":\"(Espa\u00f1ol) El fenilpropionato de nandrolona o el fepropionato de nandrolona es un medicamento esteroide androg\u00e9nico anab\u00f3lico que se ha utilizado principalmente en el tratamiento del c\u00e1ncer de mama y la osteoporosis en las mujeres.\",\"breadcrumb\":{\"@id\":\"https:\/\/iberoid-shop.com\/fr\/product\/fenandrol\/#breadcrumb\"},\"inLanguage\":\"fr-FR\",\"potentialAction\":[{\"@type\":\"ReadAction\",\"target\":[[\"https:\/\/iberoid-shop.com\/fr\/product\/fenandrol\/\"]]}]},{\"@type\":\"ImageObject\",\"inLanguage\":\"fr-FR\",\"@id\":\"https:\/\/iberoid-shop.com\/fr\/product\/fenandrol\/#primaryimage\",\"url\":\"https:\/\/iberoid-shop.com\/wp-content\/uploads\/2019\/11\/fenandrol.jpg?v=1678120177\",\"contentUrl\":\"https:\/\/iberoid-shop.com\/wp-content\/uploads\/2019\/11\/fenandrol.jpg?v=1678120177\",\"width\":800,\"height\":629,\"caption\":\"Fenandrol - Propionato de nandrofenil\"},{\"@type\":\"BreadcrumbList\",\"@id\":\"https:\/\/iberoid-shop.com\/fr\/product\/fenandrol\/#breadcrumb\",\"itemListElement\":[{\"@type\":\"ListItem\",\"position\":1,\"name\":\"Portada\",\"item\":\"https:\/\/iberoid-shop.com\/fr\/\"},{\"@type\":\"ListItem\",\"position\":2,\"name\":\"Magasin\",\"item\":\"https:\/\/iberoid-shop.com\/fr\/shop\/\"},{\"@type\":\"ListItem\",\"position\":3,\"name\":\"FENANDROL\/BALKAN\/10 AMPOLLAS\"}]},{\"@type\":\"WebSite\",\"@id\":\"https:\/\/iberoid-shop.com\/fr\/#website\",\"url\":\"https:\/\/iberoid-shop.com\/fr\/\",\"name\":\"(Espa\u00f1ol) Esteroides en l\u00ednea\",\"description\":\"(Espa\u00f1ol) Comprar esteroides en l\u00ednea hoy en Espa\u00f1a y Portugal. Tenemos el mejor servicio al cliente en la industria y los productos de la m\u00e1s alta calidad\",\"potentialAction\":[{\"@type\":\"SearchAction\",\"target\":{\"@type\":\"EntryPoint\",\"urlTemplate\":\"https:\/\/iberoid-shop.com\/fr\/?s={search_term_string}\"},\"query-input\":{\"@type\":\"PropertyValueSpecification\",\"valueRequired\":true,\"valueName\":\"search_term_string\"}}],\"inLanguage\":\"fr-FR\"}]}<\/script>\n<meta property=\"product:brand\" content=\"Balkan Pharmaceuticals\" \/>\n<meta property=\"product:price:amount\" content=\"50.00\" \/>\n<meta property=\"product:price:currency\" content=\"EUR\" \/>\n<meta property=\"og:availability\" content=\"out of stock\" \/>\n<meta property=\"product:availability\" content=\"out of stock\" \/>\n<meta property=\"product:condition\" content=\"new\" \/>\n<!-- \/ Yoast SEO Premium plugin. -->","yoast_head_json":{"title":"FENANDROL\/BALKAN\/10 AMPOLLAS - (Espa\u00f1ol) Esteroides en l\u00ednea","description":"(Espa\u00f1ol) El fenilpropionato de nandrolona o el fepropionato de nandrolona es un medicamento esteroide androg\u00e9nico anab\u00f3lico que se ha utilizado principalmente en el tratamiento del c\u00e1ncer de mama y la osteoporosis en las mujeres.","robots":{"index":"index","follow":"follow","max-snippet":"max-snippet:-1","max-image-preview":"max-image-preview:large","max-video-preview":"max-video-preview:-1"},"canonical":"https:\/\/iberoid-shop.com\/fr\/product\/fenandrol\/","og_locale":"fr_FR","og_type":"article","og_title":"FENANDROL\/BALKAN\/10 AMPOLLAS","og_description":"(Espa\u00f1ol) El fenilpropionato de nandrolona o el fepropionato de nandrolona es un medicamento esteroide androg\u00e9nico anab\u00f3lico que se ha utilizado principalmente en el tratamiento del c\u00e1ncer de mama y la osteoporosis en las mujeres.","og_url":"https:\/\/iberoid-shop.com\/fr\/product\/fenandrol\/","og_site_name":"(Espa\u00f1ol) Esteroides en l\u00ednea","article_modified_time":"2023-11-04T12:29:48+00:00","og_image":[{"width":800,"height":629,"url":"https:\/\/iberoid-shop.com\/wp-content\/uploads\/2019\/11\/fenandrol.jpg?v=1678120177","type":"image\/jpeg"}],"twitter_card":"summary_large_image","twitter_misc":{"Prix":"&euro;50.00","Disponibilit\u00e9":"Rupture de stock"},"schema":{"@context":"https:\/\/schema.org","@graph":[{"@type":"WebPage","@id":"https:\/\/iberoid-shop.com\/fr\/product\/fenandrol\/","url":"https:\/\/iberoid-shop.com\/fr\/product\/fenandrol\/","name":"FENANDROL\/BALKAN\/10 AMPOLLAS - (Espa\u00f1ol) Esteroides en l\u00ednea","isPartOf":{"@id":"https:\/\/iberoid-shop.com\/fr\/#website"},"primaryImageOfPage":{"@id":"https:\/\/iberoid-shop.com\/fr\/product\/fenandrol\/#primaryimage"},"image":{"@id":"https:\/\/iberoid-shop.com\/fr\/product\/fenandrol\/#primaryimage"},"thumbnailUrl":"https:\/\/iberoid-shop.com\/wp-content\/uploads\/2019\/11\/fenandrol.jpg?v=1678120177","datePublished":"2019-11-19T20:28:27+00:00","dateModified":"2023-11-04T12:29:48+00:00","description":"(Espa\u00f1ol) El fenilpropionato de nandrolona o el fepropionato de nandrolona es un medicamento esteroide androg\u00e9nico anab\u00f3lico que se ha utilizado principalmente en el tratamiento del c\u00e1ncer de mama y la osteoporosis en las mujeres.","breadcrumb":{"@id":"https:\/\/iberoid-shop.com\/fr\/product\/fenandrol\/#breadcrumb"},"inLanguage":"fr-FR","potentialAction":[{"@type":"ReadAction","target":[["https:\/\/iberoid-shop.com\/fr\/product\/fenandrol\/"]]}]},{"@type":"ImageObject","inLanguage":"fr-FR","@id":"https:\/\/iberoid-shop.com\/fr\/product\/fenandrol\/#primaryimage","url":"https:\/\/iberoid-shop.com\/wp-content\/uploads\/2019\/11\/fenandrol.jpg?v=1678120177","contentUrl":"https:\/\/iberoid-shop.com\/wp-content\/uploads\/2019\/11\/fenandrol.jpg?v=1678120177","width":800,"height":629,"caption":"Fenandrol - Propionato de nandrofenil"},{"@type":"BreadcrumbList","@id":"https:\/\/iberoid-shop.com\/fr\/product\/fenandrol\/#breadcrumb","itemListElement":[{"@type":"ListItem","position":1,"name":"Portada","item":"https:\/\/iberoid-shop.com\/fr\/"},{"@type":"ListItem","position":2,"name":"Magasin","item":"https:\/\/iberoid-shop.com\/fr\/shop\/"},{"@type":"ListItem","position":3,"name":"FENANDROL\/BALKAN\/10 AMPOLLAS"}]},{"@type":"WebSite","@id":"https:\/\/iberoid-shop.com\/fr\/#website","url":"https:\/\/iberoid-shop.com\/fr\/","name":"(Espa\u00f1ol) Esteroides en l\u00ednea","description":"(Espa\u00f1ol) Comprar esteroides en l\u00ednea hoy en Espa\u00f1a y Portugal. Tenemos el mejor servicio al cliente en la industria y los productos de la m\u00e1s alta calidad","potentialAction":[{"@type":"SearchAction","target":{"@type":"EntryPoint","urlTemplate":"https:\/\/iberoid-shop.com\/fr\/?s={search_term_string}"},"query-input":{"@type":"PropertyValueSpecification","valueRequired":true,"valueName":"search_term_string"}}],"inLanguage":"fr-FR"}]},"product_brand":"Balkan Pharmaceuticals","product_price_amount":"50.00","product_price_currency":"EUR","og_availability":"out of stock","product_availability":"out of stock","product_condition":"new"},"_links":{"self":[{"href":"https:\/\/iberoid-shop.com\/fr\/wp-json\/wp\/v2\/product\/3000","targetHints":{"allow":["GET"]}}],"collection":[{"href":"https:\/\/iberoid-shop.com\/fr\/wp-json\/wp\/v2\/product"}],"about":[{"href":"https:\/\/iberoid-shop.com\/fr\/wp-json\/wp\/v2\/types\/product"}],"replies":[{"embeddable":true,"href":"https:\/\/iberoid-shop.com\/fr\/wp-json\/wp\/v2\/comments?post=3000"}],"wp:featuredmedia":[{"embeddable":true,"href":"https:\/\/iberoid-shop.com\/fr\/wp-json\/wp\/v2\/media\/3002"}],"wp:attachment":[{"href":"https:\/\/iberoid-shop.com\/fr\/wp-json\/wp\/v2\/media?parent=3000"}],"wp:term":[{"taxonomy":"product_brand","embeddable":true,"href":"https:\/\/iberoid-shop.com\/fr\/wp-json\/wp\/v2\/product_brand?post=3000"},{"taxonomy":"product_cat","embeddable":true,"href":"https:\/\/iberoid-shop.com\/fr\/wp-json\/wp\/v2\/product_cat?post=3000"},{"taxonomy":"product_tag","embeddable":true,"href":"https:\/\/iberoid-shop.com\/fr\/wp-json\/wp\/v2\/product_tag?post=3000"}],"curies":[{"name":"wp","href":"https:\/\/api.w.org\/{rel}","templated":true}]}}