{"id":2961,"date":"2019-11-18T21:26:57","date_gmt":"2019-11-18T21:26:57","guid":{"rendered":"https:\/\/iberoid-shop.com\/?post_type=product&#038;p=2961"},"modified":"2023-12-23T18:11:36","modified_gmt":"2023-12-23T18:11:36","slug":"anastrozol","status":"publish","type":"product","link":"https:\/\/iberoid-shop.com\/fr\/product\/anastrozol\/","title":{"rendered":"Anastrozol"},"content":{"rendered":"<p>L&rsquo;anastrozole est un inhibiteur du go\u00fbt, ce qui le diff\u00e9rencie d&rsquo;un anti-\u0153strog\u00e8ne, c&rsquo;est qu&rsquo;il ne permet pas la formation d&rsquo;\u0153strog\u00e8nes dans le corps, tandis qu&rsquo;un anti-\u0153strog\u00e8ne bloque l&rsquo;action des \u0153strog\u00e8nes.<\/p>\n<p>Action: Il agit en bloquant l&rsquo;enzyme qui transforme la testost\u00e9rone en \u0153strog\u00e8ne.<\/p>\n<p>&#8211; C&rsquo;est l&rsquo;anti-\u0153strog\u00e8ne le plus populaire, utilis\u00e9 par la plupart des athl\u00e8tes professionnels.<\/p>\n<p>&#8211; Il est nettement sup\u00e9rieur au Proviron ou au tamoxif\u00e8ne.<\/p>\n<p>&#8211; R\u00e9duit les \u0153strog\u00e8nes jusqu&rsquo;\u00e0 80%.<\/p>\n<p>&#8211; Il contribue \u00e9galement \u00e0 la production de sa propre testost\u00e9rone dans le corps.<\/p>\n<p>&#8211; Emp\u00eache la gyn\u00e9comastie et la r\u00e9tention d&rsquo;eau.<\/p>\n<p>&#8211; Renforcement des muscles et mise en valeur des muscles.<\/p>\n<p>Dose d&rsquo;administration: &#8211; 0,5 &#8211; 1 mg tous les deux jours.<\/p>\n<p>Dur\u00e9e du cycle avec anastrozole: &#8211; environ 2 semaines.<\/p>","protected":false},"excerpt":{"rendered":"<p class=\"qtranxs-available-languages-message qtranxs-available-languages-message-fr\">D\u00e9sol\u00e9, cet article est seulement disponible en <a href=\"https:\/\/iberoid-shop.com\/es\/wp-json\/wp\/v2\/product\/2961\" class=\"qtranxs-available-language-link qtranxs-available-language-link-es\" title=\"Espa\u00f1ol\">Espa\u00f1ol<\/a> et <a href=\"https:\/\/iberoid-shop.com\/pt\/wp-json\/wp\/v2\/product\/2961\" class=\"qtranxs-available-language-link qtranxs-available-language-link-pt\" title=\"Portugu\u00eas\">Portugu\u00eas<\/a>.<\/p>\n","protected":false},"featured_media":2963,"comment_status":"open","ping_status":"closed","template":"","meta":[],"product_brand":[],"product_cat":[73],"product_tag":[],"class_list":{"0":"post-2961","1":"product","2":"type-product","3":"status-publish","4":"has-post-thumbnail","6":"product_cat-ssteroides_orales","8":"first","9":"outofstock","10":"sale","11":"shipping-taxable","12":"purchasable","13":"product-type-simple"},"yoast_head":"<!-- This site is optimized with the Yoast SEO Premium plugin v24.4 (Yoast SEO v27.0) - https:\/\/yoast.com\/product\/yoast-seo-premium-wordpress\/ -->\n<title>Anastrozol - (Espa\u00f1ol) Esteroides en l\u00ednea<\/title>\n<meta name=\"description\" content=\"(Espa\u00f1ol) Anastrozol ayuda a fortalecer y resaltar los m\u00fasculos.\" \/>\n<meta name=\"robots\" content=\"index, follow, max-snippet:-1, max-image-preview:large, max-video-preview:-1\" \/>\n<link rel=\"canonical\" href=\"https:\/\/iberoid-shop.com\/fr\/product\/anastrozol\/\" \/>\n<meta property=\"og:locale\" content=\"fr_FR\" \/>\n<meta property=\"og:type\" content=\"article\" \/>\n<meta property=\"og:title\" content=\"Anastrozol\" \/>\n<meta property=\"og:description\" content=\"(Espa\u00f1ol) Anastrozol ayuda a fortalecer y resaltar los m\u00fasculos.\" \/>\n<meta property=\"og:url\" content=\"https:\/\/iberoid-shop.com\/fr\/product\/anastrozol\/\" \/>\n<meta property=\"og:site_name\" content=\"(Espa\u00f1ol) Esteroides en l\u00ednea\" \/>\n<meta property=\"article:modified_time\" content=\"2023-12-23T18:11:36+00:00\" \/>\n<meta property=\"og:image\" content=\"https:\/\/iberoid-shop.com\/wp-content\/uploads\/2019\/11\/anastrozol.jpg?v=1678120182\" \/>\n\t<meta property=\"og:image:width\" content=\"465\" \/>\n\t<meta property=\"og:image:height\" content=\"290\" \/>\n\t<meta property=\"og:image:type\" content=\"image\/jpeg\" \/>\n<meta name=\"twitter:card\" content=\"summary_large_image\" \/>\n<meta name=\"twitter:label1\" content=\"Prix\" \/>\n\t<meta name=\"twitter:data1\" content=\"&euro;70.00\" \/>\n\t<meta name=\"twitter:label2\" content=\"Disponibilit\u00e9\" \/>\n\t<meta name=\"twitter:data2\" content=\"Rupture de stock\" \/>\n<script type=\"application\/ld+json\" class=\"yoast-schema-graph\">{\"@context\":\"https:\/\/schema.org\",\"@graph\":[{\"@type\":\"WebPage\",\"@id\":\"https:\/\/iberoid-shop.com\/fr\/product\/anastrozol\/\",\"url\":\"https:\/\/iberoid-shop.com\/fr\/product\/anastrozol\/\",\"name\":\"Anastrozol - (Espa\u00f1ol) Esteroides en l\u00ednea\",\"isPartOf\":{\"@id\":\"https:\/\/iberoid-shop.com\/fr\/#website\"},\"primaryImageOfPage\":{\"@id\":\"https:\/\/iberoid-shop.com\/fr\/product\/anastrozol\/#primaryimage\"},\"image\":{\"@id\":\"https:\/\/iberoid-shop.com\/fr\/product\/anastrozol\/#primaryimage\"},\"thumbnailUrl\":\"https:\/\/iberoid-shop.com\/wp-content\/uploads\/2019\/11\/anastrozol.jpg?v=1678120182\",\"datePublished\":\"2019-11-18T21:26:57+00:00\",\"dateModified\":\"2023-12-23T18:11:36+00:00\",\"description\":\"(Espa\u00f1ol) Anastrozol ayuda a fortalecer y resaltar los m\u00fasculos.\",\"breadcrumb\":{\"@id\":\"https:\/\/iberoid-shop.com\/fr\/product\/anastrozol\/#breadcrumb\"},\"inLanguage\":\"fr-FR\",\"potentialAction\":[{\"@type\":\"ReadAction\",\"target\":[[\"https:\/\/iberoid-shop.com\/fr\/product\/anastrozol\/\"]]}]},{\"@type\":\"ImageObject\",\"inLanguage\":\"fr-FR\",\"@id\":\"https:\/\/iberoid-shop.com\/fr\/product\/anastrozol\/#primaryimage\",\"url\":\"https:\/\/iberoid-shop.com\/wp-content\/uploads\/2019\/11\/anastrozol.jpg?v=1678120182\",\"contentUrl\":\"https:\/\/iberoid-shop.com\/wp-content\/uploads\/2019\/11\/anastrozol.jpg?v=1678120182\",\"width\":465,\"height\":290},{\"@type\":\"BreadcrumbList\",\"@id\":\"https:\/\/iberoid-shop.com\/fr\/product\/anastrozol\/#breadcrumb\",\"itemListElement\":[{\"@type\":\"ListItem\",\"position\":1,\"name\":\"Portada\",\"item\":\"https:\/\/iberoid-shop.com\/fr\/\"},{\"@type\":\"ListItem\",\"position\":2,\"name\":\"Magasin\",\"item\":\"https:\/\/iberoid-shop.com\/fr\/shop\/\"},{\"@type\":\"ListItem\",\"position\":3,\"name\":\"Anastrozol\"}]},{\"@type\":\"WebSite\",\"@id\":\"https:\/\/iberoid-shop.com\/fr\/#website\",\"url\":\"https:\/\/iberoid-shop.com\/fr\/\",\"name\":\"(Espa\u00f1ol) Esteroides en l\u00ednea\",\"description\":\"(Espa\u00f1ol) Comprar esteroides en l\u00ednea hoy en Espa\u00f1a y Portugal. Tenemos el mejor servicio al cliente en la industria y los productos de la m\u00e1s alta calidad\",\"potentialAction\":[{\"@type\":\"SearchAction\",\"target\":{\"@type\":\"EntryPoint\",\"urlTemplate\":\"https:\/\/iberoid-shop.com\/fr\/?s={search_term_string}\"},\"query-input\":{\"@type\":\"PropertyValueSpecification\",\"valueRequired\":true,\"valueName\":\"search_term_string\"}}],\"inLanguage\":\"fr-FR\"}]}<\/script>\n<meta property=\"product:brand\" content=\"Balkan Pharmaceuticals\" \/>\n<meta property=\"product:price:amount\" content=\"70.00\" \/>\n<meta property=\"product:price:currency\" content=\"EUR\" \/>\n<meta property=\"og:availability\" content=\"out of stock\" \/>\n<meta property=\"product:availability\" content=\"out of stock\" \/>\n<meta property=\"product:condition\" content=\"new\" \/>\n<!-- \/ Yoast SEO Premium plugin. -->","yoast_head_json":{"title":"Anastrozol - (Espa\u00f1ol) Esteroides en l\u00ednea","description":"(Espa\u00f1ol) Anastrozol ayuda a fortalecer y resaltar los m\u00fasculos.","robots":{"index":"index","follow":"follow","max-snippet":"max-snippet:-1","max-image-preview":"max-image-preview:large","max-video-preview":"max-video-preview:-1"},"canonical":"https:\/\/iberoid-shop.com\/fr\/product\/anastrozol\/","og_locale":"fr_FR","og_type":"article","og_title":"Anastrozol","og_description":"(Espa\u00f1ol) Anastrozol ayuda a fortalecer y resaltar los m\u00fasculos.","og_url":"https:\/\/iberoid-shop.com\/fr\/product\/anastrozol\/","og_site_name":"(Espa\u00f1ol) Esteroides en l\u00ednea","article_modified_time":"2023-12-23T18:11:36+00:00","og_image":[{"width":465,"height":290,"url":"https:\/\/iberoid-shop.com\/wp-content\/uploads\/2019\/11\/anastrozol.jpg?v=1678120182","type":"image\/jpeg"}],"twitter_card":"summary_large_image","twitter_misc":{"Prix":"&euro;70.00","Disponibilit\u00e9":"Rupture de stock"},"schema":{"@context":"https:\/\/schema.org","@graph":[{"@type":"WebPage","@id":"https:\/\/iberoid-shop.com\/fr\/product\/anastrozol\/","url":"https:\/\/iberoid-shop.com\/fr\/product\/anastrozol\/","name":"Anastrozol - (Espa\u00f1ol) Esteroides en l\u00ednea","isPartOf":{"@id":"https:\/\/iberoid-shop.com\/fr\/#website"},"primaryImageOfPage":{"@id":"https:\/\/iberoid-shop.com\/fr\/product\/anastrozol\/#primaryimage"},"image":{"@id":"https:\/\/iberoid-shop.com\/fr\/product\/anastrozol\/#primaryimage"},"thumbnailUrl":"https:\/\/iberoid-shop.com\/wp-content\/uploads\/2019\/11\/anastrozol.jpg?v=1678120182","datePublished":"2019-11-18T21:26:57+00:00","dateModified":"2023-12-23T18:11:36+00:00","description":"(Espa\u00f1ol) Anastrozol ayuda a fortalecer y resaltar los m\u00fasculos.","breadcrumb":{"@id":"https:\/\/iberoid-shop.com\/fr\/product\/anastrozol\/#breadcrumb"},"inLanguage":"fr-FR","potentialAction":[{"@type":"ReadAction","target":[["https:\/\/iberoid-shop.com\/fr\/product\/anastrozol\/"]]}]},{"@type":"ImageObject","inLanguage":"fr-FR","@id":"https:\/\/iberoid-shop.com\/fr\/product\/anastrozol\/#primaryimage","url":"https:\/\/iberoid-shop.com\/wp-content\/uploads\/2019\/11\/anastrozol.jpg?v=1678120182","contentUrl":"https:\/\/iberoid-shop.com\/wp-content\/uploads\/2019\/11\/anastrozol.jpg?v=1678120182","width":465,"height":290},{"@type":"BreadcrumbList","@id":"https:\/\/iberoid-shop.com\/fr\/product\/anastrozol\/#breadcrumb","itemListElement":[{"@type":"ListItem","position":1,"name":"Portada","item":"https:\/\/iberoid-shop.com\/fr\/"},{"@type":"ListItem","position":2,"name":"Magasin","item":"https:\/\/iberoid-shop.com\/fr\/shop\/"},{"@type":"ListItem","position":3,"name":"Anastrozol"}]},{"@type":"WebSite","@id":"https:\/\/iberoid-shop.com\/fr\/#website","url":"https:\/\/iberoid-shop.com\/fr\/","name":"(Espa\u00f1ol) Esteroides en l\u00ednea","description":"(Espa\u00f1ol) Comprar esteroides en l\u00ednea hoy en Espa\u00f1a y Portugal. Tenemos el mejor servicio al cliente en la industria y los productos de la m\u00e1s alta calidad","potentialAction":[{"@type":"SearchAction","target":{"@type":"EntryPoint","urlTemplate":"https:\/\/iberoid-shop.com\/fr\/?s={search_term_string}"},"query-input":{"@type":"PropertyValueSpecification","valueRequired":true,"valueName":"search_term_string"}}],"inLanguage":"fr-FR"}]},"product_brand":"Balkan Pharmaceuticals","product_price_amount":"70.00","product_price_currency":"EUR","og_availability":"out of stock","product_availability":"out of stock","product_condition":"new"},"_links":{"self":[{"href":"https:\/\/iberoid-shop.com\/fr\/wp-json\/wp\/v2\/product\/2961","targetHints":{"allow":["GET"]}}],"collection":[{"href":"https:\/\/iberoid-shop.com\/fr\/wp-json\/wp\/v2\/product"}],"about":[{"href":"https:\/\/iberoid-shop.com\/fr\/wp-json\/wp\/v2\/types\/product"}],"replies":[{"embeddable":true,"href":"https:\/\/iberoid-shop.com\/fr\/wp-json\/wp\/v2\/comments?post=2961"}],"wp:featuredmedia":[{"embeddable":true,"href":"https:\/\/iberoid-shop.com\/fr\/wp-json\/wp\/v2\/media\/2963"}],"wp:attachment":[{"href":"https:\/\/iberoid-shop.com\/fr\/wp-json\/wp\/v2\/media?parent=2961"}],"wp:term":[{"taxonomy":"product_brand","embeddable":true,"href":"https:\/\/iberoid-shop.com\/fr\/wp-json\/wp\/v2\/product_brand?post=2961"},{"taxonomy":"product_cat","embeddable":true,"href":"https:\/\/iberoid-shop.com\/fr\/wp-json\/wp\/v2\/product_cat?post=2961"},{"taxonomy":"product_tag","embeddable":true,"href":"https:\/\/iberoid-shop.com\/fr\/wp-json\/wp\/v2\/product_tag?post=2961"}],"curies":[{"name":"wp","href":"https:\/\/api.w.org\/{rel}","templated":true}]}}