{"id":10606,"date":"2026-03-01T14:36:09","date_gmt":"2026-03-01T14:36:09","guid":{"rendered":"https:\/\/iberoid-shop.com\/?post_type=product&#038;p=10606"},"modified":"2026-04-30T14:27:40","modified_gmt":"2026-04-30T14:27:40","slug":"stanozolol-50mg-strombabol","status":"publish","type":"product","link":"https:\/\/iberoid-shop.com\/fr\/product\/stanozolol-50mg-strombabol\/","title":{"rendered":"STANOZOLOL &#8211; 50mg (STROMBABOL)"},"content":{"rendered":"<p><\/p>\n<p data-path-to-node=\"2\"><b data-path-to-node=\"2\" data-index-in-node=\"0\">STROMBABOL 50mg en comprim\u00e9s<\/b> \u2013 un st\u00e9ro\u00efde anabolisant classique dont la substance active est le <b data-path-to-node=\"2\" data-index-in-node=\"97\">Stanozolol<\/b>. Ce m\u00e9dicament est devenu populaire parmi les athl\u00e8tes gr\u00e2ce \u00e0 une augmentation significative de la masse musculaire maigre (sans graisse) et \u00e0 l&rsquo;am\u00e9lioration de l&rsquo;apport en calcium aux os.<\/p>\n<p data-path-to-node=\"3\">Le principe actif du m\u00e9dicament \u2013 le Stanozolol \u2013 a \u00e9t\u00e9 d\u00e9velopp\u00e9 d\u00e8s le milieu du XXe si\u00e8cle et \u00e9tait principalement utilis\u00e9 dans le milieu m\u00e9dical. Vers les ann\u00e9es 70, sous le nom commercial <b data-path-to-node=\"3\" data-index-in-node=\"193\">Stanabol<\/b> (on le trouve \u00e9galement sous le nom de <b data-path-to-node=\"3\" data-index-in-node=\"241\">Winstrol<\/b>), les laboratoires pharmaceutiques ont commenc\u00e9 \u00e0 produire ce st\u00e9ro\u00efde pour les besoins du sport professionnel. Le produit poss\u00e8de des effets anabolisants sup\u00e9rieurs \u00e0 la testost\u00e9rone de <b data-path-to-node=\"3\" data-index-in-node=\"437\">320 %<\/b> et une faible activit\u00e9 androg\u00e9nique (<b data-path-to-node=\"3\" data-index-in-node=\"480\">30 %<\/b> de la testost\u00e9rone).<\/p>\n<h3 data-path-to-node=\"4\">Effets du Stanozolol :<\/h3>\n<ul data-path-to-node=\"5\">\n<li>\n<p data-path-to-node=\"5,0,0\">Augmentation de la qualit\u00e9 musculaire ;<\/p>\n<\/li>\n<li>\n<p data-path-to-node=\"5,1,0\">Augmentation des performances athl\u00e9tiques et de l&rsquo;endurance ;<\/p>\n<\/li>\n<li>\n<p data-path-to-node=\"5,2,0\">Stimulation de l&rsquo;\u00e9limination rapide des liquides de l&rsquo;organisme ;<\/p>\n<\/li>\n<li>\n<p data-path-to-node=\"5,3,0\">Augmentation de l&rsquo;app\u00e9tit ;<\/p>\n<\/li>\n<li>\n<p data-path-to-node=\"5,4,0\">Augmentation de la libido.<\/p>\n<\/li>\n<\/ul>\n<hr data-path-to-node=\"6\" \/>\n<h3 data-path-to-node=\"7\">Comment prendre le Stanozolol<\/h3>\n<p data-path-to-node=\"8\">Les restrictions suivantes doivent \u00eatre prises en consid\u00e9ration lors de la pr\u00e9paration du cycle :<\/p>\n<ul data-path-to-node=\"9\">\n<li>\n<p data-path-to-node=\"9,0,0\">La dur\u00e9e maximale du cycle <b data-path-to-node=\"9,0,0\" data-index-in-node=\"27\">ne doit pas d\u00e9passer 8 semaines<\/b>.<\/p>\n<\/li>\n<li>\n<p data-path-to-node=\"9,1,0\">Prendre la dose n\u00e9cessaire de <b data-path-to-node=\"9,1,0\" data-index-in-node=\"30\">30 \u00e0 50 milligrammes par jour<\/b>.<\/p>\n<\/li>\n<\/ul>\n<p data-path-to-node=\"10\">Un cycle standard lors de la p\u00e9riode de s\u00e8che (<i data-path-to-node=\"10\" data-index-in-node=\"47\">cutting<\/i>) pour un bodybuilder pr\u00e9voit l&rsquo;utilisation quotidienne du produit \u00e0 une dose de 30 mg. Les athl\u00e8tes, nageurs et autres sportifs ax\u00e9s sur l&rsquo;endurance ne doivent pas d\u00e9passer la dose recommand\u00e9e de plus de <b data-path-to-node=\"10\" data-index-in-node=\"259\">10 \u00e0 20 mg<\/b>.<\/p>\n<p data-path-to-node=\"11\">Le m\u00e9dicament peut \u00eatre administr\u00e9 aux femmes (jusqu&rsquo;\u00e0 <b data-path-to-node=\"11\" data-index-in-node=\"55\">10 mg par jour<\/b>) car il s&rsquo;agit de l&rsquo;un des anabolisants les moins toxiques ; utilis\u00e9 de mani\u00e8re mod\u00e9r\u00e9e, il ne pr\u00e9sente pas d&rsquo;activit\u00e9 \u0153strog\u00e9nique et ne s&rsquo;accompagne ni d&rsquo;\u0153d\u00e8me ni de gyn\u00e9comastie.<\/p>\n<blockquote data-path-to-node=\"12\">\n<p data-path-to-node=\"12,0\"><b data-path-to-node=\"12,0\" data-index-in-node=\"0\">Remarque importante :<\/b> Avant d&rsquo;acheter, n&rsquo;oubliez pas que l&rsquo;utilisation de st\u00e9ro\u00efdes par les athl\u00e8tes de comp\u00e9tition n&rsquo;est pas possible, car elle peut \u00eatre d\u00e9tect\u00e9e par la commission de disqualification jusqu&rsquo;\u00e0 un an apr\u00e8s le dernier cycle. La dur\u00e9e d&rsquo;action de la substance active est en moyenne de <b data-path-to-node=\"12,0\" data-index-in-node=\"299\">8 heures<\/b>.<\/p>\n<\/blockquote>\n<hr data-path-to-node=\"13\" \/>\n<h3 data-path-to-node=\"14\">Cycles combin\u00e9s de Stanozolol<\/h3>\n<p data-path-to-node=\"15\">Le STROMBABOL doit \u00eatre combin\u00e9 avec des produits qui stimulent la r\u00e9tention d&rsquo;eau afin d&rsquo;\u00e9viter les douleurs articulaires lors des entra\u00eenements r\u00e9guliers. Le m\u00e9dicament peut \u00eatre associ\u00e9 \u00e0 une prise de <b data-path-to-node=\"15\" data-index-in-node=\"204\">Testost\u00e9rone<\/b> pour am\u00e9liorer l&rsquo;efficacit\u00e9 du gain de masse musculaire. Cependant, il ne faut pas oublier de contr\u00f4ler le niveau d&rsquo;estradiol. En compl\u00e9ment du STROMBABOL, vous pouvez acheter de l&rsquo;<b data-path-to-node=\"15\" data-index-in-node=\"398\">Oxym\u00e9tholone<\/b> et de la <b data-path-to-node=\"15\" data-index-in-node=\"420\">M\u00e9thandrost\u00e9nolone<\/b> (Dianabol).<\/p>\n<p data-path-to-node=\"16\">Apr\u00e8s le cycle, il est souhaitable de suivre une th\u00e9rapie post-cycle (<b data-path-to-node=\"16\" data-index-in-node=\"70\">PCT<\/b>). Il est \u00e0 noter que les anti-\u0153strog\u00e8nes les plus efficaces pour la pr\u00e9vention des effets secondaires (dommages h\u00e9patiques, probl\u00e8mes dermatologiques, perte de cheveux, etc.) sont le <b data-path-to-node=\"16\" data-index-in-node=\"257\">Citrate de Clomif\u00e8ne<\/b> et le <b data-path-to-node=\"16\" data-index-in-node=\"284\">Citrate de Tamoxif\u00e8ne<\/b>.<\/p>\n<h3 data-path-to-node=\"17\">Avis<\/h3>\n<p data-path-to-node=\"18\">Les avis se caract\u00e9risent souvent par les exp\u00e9riences positives des athl\u00e8tes sur l&rsquo;effet br\u00fble-graisse et l&rsquo;obtention d&rsquo;un relief musculaire pendant la s\u00e8che. Les hommes notent une endurance accrue et une bonne compatibilit\u00e9 de la pr\u00e9paration avec d&rsquo;autres produits anabolisants et androg\u00e8nes.<\/p>\n<p><\/p>","protected":false},"excerpt":{"rendered":"<p>STROMBABOL 50mg en comprim\u00e9s \u2013 un st\u00e9ro\u00efde anabolisant classique dont la substance active est le Stanozolol. Ce m\u00e9dicament est devenu<\/p>\n","protected":false},"featured_media":10607,"comment_status":"open","ping_status":"closed","template":"","meta":[],"product_brand":[3526],"product_cat":[73,3533],"product_tag":[],"class_list":{"0":"post-10606","1":"product","2":"type-product","3":"status-publish","4":"has-post-thumbnail","6":"product_brand-pharmabol","7":"product_cat-ssteroides_orales","8":"product_cat-sales-rebajas","10":"first","11":"instock","12":"shipping-taxable","13":"purchasable","14":"product-type-simple"},"yoast_head":"<!-- This site is optimized with the Yoast SEO Premium plugin v24.4 (Yoast SEO v27.3) - https:\/\/yoast.com\/product\/yoast-seo-premium-wordpress\/ -->\n<title>STANOZOLOL - 50mg (STROMBABOL) - (Espa\u00f1ol) Esteroides en l\u00ednea<\/title>\n<meta name=\"robots\" content=\"index, follow, max-snippet:-1, max-image-preview:large, max-video-preview:-1\" \/>\n<link rel=\"canonical\" href=\"https:\/\/iberoid-shop.com\/fr\/product\/stanozolol-50mg-strombabol\/\" \/>\n<meta property=\"og:locale\" content=\"fr_FR\" \/>\n<meta property=\"og:type\" content=\"article\" \/>\n<meta property=\"og:title\" content=\"STANOZOLOL - 50mg (STROMBABOL)\" \/>\n<meta property=\"og:description\" content=\"STROMBABOL 50mg en comprim\u00e9s \u2013 un st\u00e9ro\u00efde anabolisant classique dont la substance active est le Stanozolol. Ce m\u00e9dicament est devenu\" \/>\n<meta property=\"og:url\" content=\"https:\/\/iberoid-shop.com\/fr\/product\/stanozolol-50mg-strombabol\/\" \/>\n<meta property=\"og:site_name\" content=\"(Espa\u00f1ol) Esteroides en l\u00ednea\" \/>\n<meta property=\"article:modified_time\" content=\"2026-04-30T14:27:40+00:00\" \/>\n<meta property=\"og:image\" content=\"https:\/\/iberoid-shop.com\/wp-content\/uploads\/2026\/03\/strombabol.jpg?v=1772375733\" \/>\n\t<meta property=\"og:image:width\" content=\"1080\" \/>\n\t<meta property=\"og:image:height\" content=\"1080\" \/>\n\t<meta property=\"og:image:type\" content=\"image\/jpeg\" \/>\n<meta name=\"twitter:card\" content=\"summary_large_image\" \/>\n<meta name=\"twitter:label1\" content=\"Prix\" \/>\n\t<meta name=\"twitter:data1\" content=\"&euro;25.00\" \/>\n\t<meta name=\"twitter:label2\" content=\"Disponibilit\u00e9\" \/>\n\t<meta name=\"twitter:data2\" content=\"En stock\" \/>\n<script type=\"application\/ld+json\" class=\"yoast-schema-graph\">{\"@context\":\"https:\\\/\\\/schema.org\",\"@graph\":[{\"@type\":\"WebPage\",\"@id\":\"https:\\\/\\\/iberoid-shop.com\\\/fr\\\/product\\\/stanozolol-50mg-strombabol\\\/\",\"url\":\"https:\\\/\\\/iberoid-shop.com\\\/fr\\\/product\\\/stanozolol-50mg-strombabol\\\/\",\"name\":\"STANOZOLOL - 50mg (STROMBABOL) - (Espa\u00f1ol) Esteroides en l\u00ednea\",\"isPartOf\":{\"@id\":\"https:\\\/\\\/iberoid-shop.com\\\/fr\\\/#website\"},\"primaryImageOfPage\":{\"@id\":\"https:\\\/\\\/iberoid-shop.com\\\/fr\\\/product\\\/stanozolol-50mg-strombabol\\\/#primaryimage\"},\"image\":{\"@id\":\"https:\\\/\\\/iberoid-shop.com\\\/product\\\/stanozolol-50mg-strombabol\\\/#primaryimage\"},\"thumbnailUrl\":\"https:\\\/\\\/iberoid-shop.com\\\/wp-content\\\/uploads\\\/2026\\\/03\\\/strombabol.jpg?v=1772375733\",\"datePublished\":\"2026-03-01T14:36:09+00:00\",\"dateModified\":\"2026-04-30T14:27:40+00:00\",\"breadcrumb\":{\"@id\":\"https:\\\/\\\/iberoid-shop.com\\\/fr\\\/product\\\/stanozolol-50mg-strombabol\\\/#breadcrumb\"},\"inLanguage\":\"fr-FR\",\"potentialAction\":[{\"@type\":\"ReadAction\",\"target\":[[\"https:\\\/\\\/iberoid-shop.com\\\/fr\\\/product\\\/stanozolol-50mg-strombabol\\\/\"]]}]},{\"@type\":\"ImageObject\",\"inLanguage\":\"fr-FR\",\"@id\":\"https:\\\/\\\/iberoid-shop.com\\\/fr\\\/product\\\/stanozolol-50mg-strombabol\\\/#primaryimage\",\"url\":\"https:\\\/\\\/iberoid-shop.com\\\/wp-content\\\/uploads\\\/2026\\\/03\\\/strombabol.jpg?v=1772375733\",\"contentUrl\":\"https:\\\/\\\/iberoid-shop.com\\\/wp-content\\\/uploads\\\/2026\\\/03\\\/strombabol.jpg?v=1772375733\",\"width\":1080,\"height\":1080},{\"@type\":\"BreadcrumbList\",\"@id\":\"https:\\\/\\\/iberoid-shop.com\\\/fr\\\/product\\\/stanozolol-50mg-strombabol\\\/#breadcrumb\",\"itemListElement\":[{\"@type\":\"ListItem\",\"position\":1,\"name\":\"Portada\",\"item\":\"https:\\\/\\\/iberoid-shop.com\\\/fr\\\/\"},{\"@type\":\"ListItem\",\"position\":2,\"name\":\"Magasin\",\"item\":\"https:\\\/\\\/iberoid-shop.com\\\/fr\\\/shop\\\/\"},{\"@type\":\"ListItem\",\"position\":3,\"name\":\"STANOZOLOL &#8211; 50mg (STROMBABOL)\"}]},{\"@type\":\"WebSite\",\"@id\":\"https:\\\/\\\/iberoid-shop.com\\\/fr\\\/#website\",\"url\":\"https:\\\/\\\/iberoid-shop.com\\\/fr\\\/\",\"name\":\"(Espa\u00f1ol) Esteroides en l\u00ednea\",\"description\":\"(Espa\u00f1ol) Comprar esteroides en l\u00ednea hoy en Espa\u00f1a y Portugal. Tenemos el mejor servicio al cliente en la industria y los productos de la m\u00e1s alta calidad\",\"potentialAction\":[{\"@type\":\"SearchAction\",\"target\":{\"@type\":\"EntryPoint\",\"urlTemplate\":\"https:\\\/\\\/iberoid-shop.com\\\/fr\\\/?s={search_term_string}\"},\"query-input\":{\"@type\":\"PropertyValueSpecification\",\"valueRequired\":true,\"valueName\":\"search_term_string\"}}],\"inLanguage\":\"fr-FR\"}]}<\/script>\n<meta property=\"product:brand\" content=\"Pb Laboratories\" \/>\n<meta property=\"product:price:amount\" content=\"25.00\" \/>\n<meta property=\"product:price:currency\" content=\"EUR\" \/>\n<meta property=\"og:availability\" content=\"instock\" \/>\n<meta property=\"product:availability\" content=\"instock\" \/>\n<meta property=\"product:condition\" content=\"new\" \/>\n<!-- \/ Yoast SEO Premium plugin. -->","yoast_head_json":{"title":"STANOZOLOL - 50mg (STROMBABOL) - (Espa\u00f1ol) Esteroides en l\u00ednea","robots":{"index":"index","follow":"follow","max-snippet":"max-snippet:-1","max-image-preview":"max-image-preview:large","max-video-preview":"max-video-preview:-1"},"canonical":"https:\/\/iberoid-shop.com\/fr\/product\/stanozolol-50mg-strombabol\/","og_locale":"fr_FR","og_type":"article","og_title":"STANOZOLOL - 50mg (STROMBABOL)","og_description":"STROMBABOL 50mg en comprim\u00e9s \u2013 un st\u00e9ro\u00efde anabolisant classique dont la substance active est le Stanozolol. Ce m\u00e9dicament est devenu","og_url":"https:\/\/iberoid-shop.com\/fr\/product\/stanozolol-50mg-strombabol\/","og_site_name":"(Espa\u00f1ol) Esteroides en l\u00ednea","article_modified_time":"2026-04-30T14:27:40+00:00","og_image":[{"width":1080,"height":1080,"url":"https:\/\/iberoid-shop.com\/wp-content\/uploads\/2026\/03\/strombabol.jpg?v=1772375733","type":"image\/jpeg"}],"twitter_card":"summary_large_image","twitter_misc":{"Prix":"&euro;25.00","Disponibilit\u00e9":"En stock"},"schema":{"@context":"https:\/\/schema.org","@graph":[{"@type":"WebPage","@id":"https:\/\/iberoid-shop.com\/fr\/product\/stanozolol-50mg-strombabol\/","url":"https:\/\/iberoid-shop.com\/fr\/product\/stanozolol-50mg-strombabol\/","name":"STANOZOLOL - 50mg (STROMBABOL) - (Espa\u00f1ol) Esteroides en l\u00ednea","isPartOf":{"@id":"https:\/\/iberoid-shop.com\/fr\/#website"},"primaryImageOfPage":{"@id":"https:\/\/iberoid-shop.com\/fr\/product\/stanozolol-50mg-strombabol\/#primaryimage"},"image":{"@id":"https:\/\/iberoid-shop.com\/product\/stanozolol-50mg-strombabol\/#primaryimage"},"thumbnailUrl":"https:\/\/iberoid-shop.com\/wp-content\/uploads\/2026\/03\/strombabol.jpg?v=1772375733","datePublished":"2026-03-01T14:36:09+00:00","dateModified":"2026-04-30T14:27:40+00:00","breadcrumb":{"@id":"https:\/\/iberoid-shop.com\/fr\/product\/stanozolol-50mg-strombabol\/#breadcrumb"},"inLanguage":"fr-FR","potentialAction":[{"@type":"ReadAction","target":[["https:\/\/iberoid-shop.com\/fr\/product\/stanozolol-50mg-strombabol\/"]]}]},{"@type":"ImageObject","inLanguage":"fr-FR","@id":"https:\/\/iberoid-shop.com\/fr\/product\/stanozolol-50mg-strombabol\/#primaryimage","url":"https:\/\/iberoid-shop.com\/wp-content\/uploads\/2026\/03\/strombabol.jpg?v=1772375733","contentUrl":"https:\/\/iberoid-shop.com\/wp-content\/uploads\/2026\/03\/strombabol.jpg?v=1772375733","width":1080,"height":1080},{"@type":"BreadcrumbList","@id":"https:\/\/iberoid-shop.com\/fr\/product\/stanozolol-50mg-strombabol\/#breadcrumb","itemListElement":[{"@type":"ListItem","position":1,"name":"Portada","item":"https:\/\/iberoid-shop.com\/fr\/"},{"@type":"ListItem","position":2,"name":"Magasin","item":"https:\/\/iberoid-shop.com\/fr\/shop\/"},{"@type":"ListItem","position":3,"name":"STANOZOLOL &#8211; 50mg (STROMBABOL)"}]},{"@type":"WebSite","@id":"https:\/\/iberoid-shop.com\/fr\/#website","url":"https:\/\/iberoid-shop.com\/fr\/","name":"(Espa\u00f1ol) Esteroides en l\u00ednea","description":"(Espa\u00f1ol) Comprar esteroides en l\u00ednea hoy en Espa\u00f1a y Portugal. Tenemos el mejor servicio al cliente en la industria y los productos de la m\u00e1s alta calidad","potentialAction":[{"@type":"SearchAction","target":{"@type":"EntryPoint","urlTemplate":"https:\/\/iberoid-shop.com\/fr\/?s={search_term_string}"},"query-input":{"@type":"PropertyValueSpecification","valueRequired":true,"valueName":"search_term_string"}}],"inLanguage":"fr-FR"}]},"product_brand":"Pb Laboratories","product_price_amount":"25.00","product_price_currency":"EUR","og_availability":"instock","product_availability":"instock","product_condition":"new"},"_links":{"self":[{"href":"https:\/\/iberoid-shop.com\/fr\/wp-json\/wp\/v2\/product\/10606","targetHints":{"allow":["GET"]}}],"collection":[{"href":"https:\/\/iberoid-shop.com\/fr\/wp-json\/wp\/v2\/product"}],"about":[{"href":"https:\/\/iberoid-shop.com\/fr\/wp-json\/wp\/v2\/types\/product"}],"replies":[{"embeddable":true,"href":"https:\/\/iberoid-shop.com\/fr\/wp-json\/wp\/v2\/comments?post=10606"}],"wp:featuredmedia":[{"embeddable":true,"href":"https:\/\/iberoid-shop.com\/fr\/wp-json\/wp\/v2\/media\/10607"}],"wp:attachment":[{"href":"https:\/\/iberoid-shop.com\/fr\/wp-json\/wp\/v2\/media?parent=10606"}],"wp:term":[{"taxonomy":"product_brand","embeddable":true,"href":"https:\/\/iberoid-shop.com\/fr\/wp-json\/wp\/v2\/product_brand?post=10606"},{"taxonomy":"product_cat","embeddable":true,"href":"https:\/\/iberoid-shop.com\/fr\/wp-json\/wp\/v2\/product_cat?post=10606"},{"taxonomy":"product_tag","embeddable":true,"href":"https:\/\/iberoid-shop.com\/fr\/wp-json\/wp\/v2\/product_tag?post=10606"}],"curies":[{"name":"wp","href":"https:\/\/api.w.org\/{rel}","templated":true}]}}