{"id":10573,"date":"2026-02-13T16:24:06","date_gmt":"2026-02-13T16:24:06","guid":{"rendered":"https:\/\/iberoid-shop.com\/?post_type=product&#038;p=10573"},"modified":"2026-04-13T12:16:07","modified_gmt":"2026-04-13T12:16:07","slug":"sustanon-2","status":"publish","type":"product","link":"https:\/\/iberoid-shop.com\/fr\/product\/sustanon-2\/","title":{"rendered":"SUSTANON 250mg"},"content":{"rendered":"<p><\/p>\n<p data-path-to-node=\"0\">Voici la traduction en fran\u00e7ais :<\/p>\n<h2 data-path-to-node=\"1\">SUSTANON IMPERIA : Am\u00e9lioration des performances<\/h2>\n<p data-path-to-node=\"2\">Le <b data-path-to-node=\"2\" data-index-in-node=\"3\">SUSTANON IMPERIA<\/b> est un m\u00e9lange de testost\u00e9rone bien connu qui a gagn\u00e9 en popularit\u00e9 parmi les athl\u00e8tes et les bodybuilders pour ses propri\u00e9t\u00e9s anabolisantes. Ce compos\u00e9 combine quatre esters de testost\u00e9rone diff\u00e9rents, offrant une lib\u00e9ration \u00e0 la fois rapide et soutenue dans la circulation sanguine. Le SUSTANON IMPERIA augmente la masse musculaire, la force et les performances physiques, ce qui en fait un choix attrayant pour ceux qui cherchent \u00e0 repousser leurs limites dans le sport et le fitness. Sa formulation \u00e9quilibr\u00e9e permet aux athl\u00e8tes d&rsquo;obtenir des r\u00e9sultats rapides tout en maintenant une certaine constance dans le temps.<\/p>\n<p data-path-to-node=\"3\">Ce qui distingue le SUSTANON IMPERIA, c&rsquo;est sa polyvalence. Il est non seulement efficace pour ceux qui visent une prise de masse, mais aussi pour les athl\u00e8tes concentr\u00e9s sur l&rsquo;am\u00e9lioration de leurs performances athl\u00e9tiques globales. Gr\u00e2ce \u00e0 sa capacit\u00e9 \u00e0 am\u00e9liorer l&rsquo;endurance, \u00e0 r\u00e9duire les temps de r\u00e9cup\u00e9ration et \u00e0 augmenter la vitalit\u00e9, on comprend ais\u00e9ment pourquoi les athl\u00e8tes de diverses disciplines consid\u00e8rent le SUSTANON IMPERIA comme une option de r\u00e9f\u00e9rence dans leur arsenal d&rsquo;am\u00e9lioration des performances.<\/p>\n<hr data-path-to-node=\"4\" \/>\n<h3 data-path-to-node=\"5\">M\u00e9canisme d&rsquo;action et am\u00e9lioration des performances<\/h3>\n<p data-path-to-node=\"6\">Le SUSTANON IMPERIA agit en augmentant les niveaux de testost\u00e9rone dans le corps. La testost\u00e9rone est une hormone cruciale responsable de diverses fonctions physiologiques, notamment la synth\u00e8se des prot\u00e9ines musculaires, le m\u00e9tabolisme des graisses et la r\u00e9cup\u00e9ration. Le m\u00e9lange unique du SUSTANON IMPERIA permet \u00e0 la fois une pouss\u00e9e imm\u00e9diate de testost\u00e9rone suivie d&rsquo;une lib\u00e9ration prolong\u00e9e, maximisant les avantages tout en minimisant les inconv\u00e9nients associ\u00e9s aux pics hormonaux.<\/p>\n<p data-path-to-node=\"7\">L&rsquo;augmentation imm\u00e9diate des niveaux de testost\u00e9rone entra\u00eene une croissance musculaire et une force accrues. Cela s&rsquo;explique principalement par le fait que la testost\u00e9rone favorise la r\u00e9tention d&rsquo;azote dans les muscles, ce qui est essentiel pour la r\u00e9cup\u00e9ration et la croissance musculaire apr\u00e8s des s\u00e9ances d&rsquo;entra\u00eenement intenses. Parall\u00e8lement, la lib\u00e9ration soutenue de testost\u00e9rone aide \u00e0 maintenir des niveaux hormonaux \u00e9lev\u00e9s, ce qui se traduit par une meilleure endurance et une r\u00e9duction de la fatigue pendant l&rsquo;entra\u00eenement. Ce profil unique permet aux athl\u00e8tes de s&rsquo;entra\u00eener plus dur et plus longtemps, menant \u00e0 des performances sup\u00e9rieures sur le terrain ou sur sc\u00e8ne.<\/p>\n<hr data-path-to-node=\"8\" \/>\n<h3 data-path-to-node=\"9\">Comment acheter facilement le SUSTANON IMPERIA et avantages du stockage<\/h3>\n<p data-path-to-node=\"10\">L&rsquo;achat de SUSTANON IMPERIA est devenu de plus en plus pratique avec l&rsquo;essor des pharmacies en ligne sp\u00e9cialis\u00e9es dans les compl\u00e9ments sportifs. De nombreux fournisseurs r\u00e9put\u00e9s proposent ce compos\u00e9, garantissant aux athl\u00e8tes l&rsquo;acc\u00e8s \u00e0 des produits de qualit\u00e9. Il est essentiel de choisir un vendeur de confiance, car l&rsquo;efficacit\u00e9 et la s\u00e9curit\u00e9 des substances anabolisantes d\u00e9pendent largement de leur source. Les utilisateurs doivent rechercher des vendeurs qui fournissent des tests effectu\u00e9s par des tiers ainsi que des informations transparentes sur les ingr\u00e9dients et les processus de production.<\/p>\n<p data-path-to-node=\"11\">En plus de la commodit\u00e9, l&rsquo;achat aupr\u00e8s de sources en ligne permet souvent de r\u00e9aliser des \u00e9conomies. De nombreux fournisseurs proposent des prix comp\u00e9titifs et des remises sur les achats en gros. Des pr\u00e9cautions de s\u00e9curit\u00e9 doivent \u00eatre prises lors du stockage du SUSTANON IMPERIA. Il doit \u00eatre conserv\u00e9 dans un endroit frais et sec, \u00e0 l&rsquo;abri de la lumi\u00e8re directe du soleil, afin de maintenir son int\u00e9grit\u00e9 et sa puissance. Comprendre comment stocker et manipuler ce compos\u00e9 efficacement aidera \u00e0 garantir des r\u00e9sultats optimaux.<\/p>\n<hr data-path-to-node=\"12\" \/>\n<h3 data-path-to-node=\"13\">Effets secondaires et limites de s\u00e9curit\u00e9<\/h3>\n<p data-path-to-node=\"14\">Comme pour toute substance anabolisante, le SUSTANON IMPERIA n&rsquo;est pas sans effets secondaires. Les effets secondaires fr\u00e9quemment signal\u00e9s peuvent inclure l&rsquo;acn\u00e9, la perte de cheveux, une agressivit\u00e9 accrue et des changements de libido. Pour certains utilisateurs, il peut \u00e9galement y avoir un risque accru d&rsquo;effets secondaires li\u00e9s aux \u0153strog\u00e8nes, tels que la r\u00e9tention d&rsquo;eau ou la gyn\u00e9comastie. Il est crucial de conna\u00eetre ses limites ; les individus devraient envisager une surveillance r\u00e9guli\u00e8re des niveaux hormonaux et de la sant\u00e9 globale s&rsquo;ils utilisent ce compos\u00e9.<\/p>\n<p data-path-to-node=\"15\">Il est recommand\u00e9 aux utilisateurs de respecter les dosages prescrits afin d&rsquo;att\u00e9nuer les risques d&rsquo;effets secondaires. Consulter un professionnel de la sant\u00e9 avant de commencer toute nouvelle suppl\u00e9mentation est essentiel, en particulier pour les personnes ayant des conditions m\u00e9dicales pr\u00e9existantes. Pratiquer un usage s\u00fbr peut aider les athl\u00e8tes \u00e0 profiter des avantages du SUSTANON IMPERIA tout en minimisant les risques potentiels pour la sant\u00e9.<\/p>\n<hr data-path-to-node=\"16\" \/>\n<h3 data-path-to-node=\"17\">R\u00e9sum\u00e9 des avantages<\/h3>\n<p data-path-to-node=\"18\">Le SUSTANON IMPERIA offre de nombreux avantages qui en font une option attrayante pour les athl\u00e8tes cherchant \u00e0 am\u00e9liorer leurs performances. Certains des principaux avantages incluent :<\/p>\n<ul data-path-to-node=\"19\">\n<li>\n<p data-path-to-node=\"19,0,0\">Augmentation de la masse musculaire.<\/p>\n<\/li>\n<li>\n<p data-path-to-node=\"19,1,0\">Am\u00e9lioration de la force et de la puissance.<\/p>\n<\/li>\n<li>\n<p data-path-to-node=\"19,2,0\">R\u00e9duction des temps de r\u00e9cup\u00e9ration.<\/p>\n<\/li>\n<li>\n<p data-path-to-node=\"19,3,0\">Endurance et vitalit\u00e9 accrues.<\/p>\n<\/li>\n<li>\n<p data-path-to-node=\"19,4,0\">Am\u00e9lioration de l&rsquo;humeur et de la motivation.<\/p>\n<\/li>\n<\/ul>\n<p data-path-to-node=\"20\">Gr\u00e2ce \u00e0 une approche appropri\u00e9e et une utilisation responsable, le SUSTANON IMPERIA peut \u00eatre un atout pr\u00e9cieux pour les athl\u00e8tes visant \u00e0 atteindre leurs objectifs lors des entra\u00eenements et des comp\u00e9titions.<\/p>\n<p><\/p>","protected":false},"excerpt":{"rendered":"<p>Voici la traduction en fran\u00e7ais : SUSTANON IMPERIA : Am\u00e9lioration des performances Le SUSTANON IMPERIA est un m\u00e9lange de testost\u00e9rone<\/p>\n","protected":false},"featured_media":10574,"comment_status":"open","ping_status":"closed","template":"","meta":[],"product_brand":[3532],"product_cat":[69],"product_tag":[],"class_list":{"0":"post-10573","1":"product","2":"type-product","3":"status-publish","4":"has-post-thumbnail","6":"product_brand-imperia-labs","7":"product_cat-esteroides_inyectables","9":"first","10":"instock","11":"shipping-taxable","12":"purchasable","13":"product-type-simple"},"yoast_head":"<!-- This site is optimized with the Yoast SEO Premium plugin v24.4 (Yoast SEO v27.3) - https:\/\/yoast.com\/product\/yoast-seo-premium-wordpress\/ -->\n<title>SUSTANON 250mg - (Espa\u00f1ol) Esteroides en l\u00ednea<\/title>\n<meta name=\"robots\" content=\"index, follow, max-snippet:-1, max-image-preview:large, max-video-preview:-1\" \/>\n<link rel=\"canonical\" href=\"https:\/\/iberoid.com\/product\/sustanon-2\/\" \/>\n<meta property=\"og:locale\" content=\"fr_FR\" \/>\n<meta property=\"og:type\" content=\"article\" \/>\n<meta property=\"og:title\" content=\"SUSTANON 250mg\" \/>\n<meta property=\"og:description\" content=\"Voici la traduction en fran\u00e7ais : SUSTANON IMPERIA : Am\u00e9lioration des performances Le SUSTANON IMPERIA est un m\u00e9lange de testost\u00e9rone\" \/>\n<meta property=\"og:url\" content=\"https:\/\/iberoid.com\/product\/sustanon-2\/\" \/>\n<meta property=\"og:site_name\" content=\"(Espa\u00f1ol) Esteroides en l\u00ednea\" \/>\n<meta property=\"article:modified_time\" content=\"2026-04-13T12:16:07+00:00\" \/>\n<meta property=\"og:image\" content=\"https:\/\/iberoid.com\/wp-content\/uploads\/2026\/02\/SUST-IMP.webp\" \/>\n\t<meta property=\"og:image:width\" content=\"1920\" \/>\n\t<meta property=\"og:image:height\" content=\"1756\" \/>\n\t<meta property=\"og:image:type\" content=\"image\/webp\" \/>\n<meta name=\"twitter:card\" content=\"summary_large_image\" \/>\n<meta name=\"twitter:label1\" content=\"Prix\" \/>\n\t<meta name=\"twitter:data1\" content=\"&euro;45.00\" \/>\n\t<meta name=\"twitter:label2\" content=\"Disponibilit\u00e9\" \/>\n\t<meta name=\"twitter:data2\" content=\"En stock\" \/>\n<script type=\"application\/ld+json\" class=\"yoast-schema-graph\">{\"@context\":\"https:\\\/\\\/schema.org\",\"@graph\":[{\"@type\":\"WebPage\",\"@id\":\"https:\\\/\\\/iberoid.com\\\/product\\\/sustanon-2\\\/\",\"url\":\"https:\\\/\\\/iberoid.com\\\/product\\\/sustanon-2\\\/\",\"name\":\"SUSTANON 250mg - (Espa\u00f1ol) Esteroides en l\u00ednea\",\"isPartOf\":{\"@id\":\"https:\\\/\\\/iberoid.com\\\/#website\"},\"primaryImageOfPage\":{\"@id\":\"https:\\\/\\\/iberoid.com\\\/product\\\/sustanon-2\\\/#primaryimage\"},\"image\":{\"@id\":\"https:\\\/\\\/iberoid.com\\\/product\\\/sustanon-2\\\/#primaryimage\"},\"thumbnailUrl\":\"https:\\\/\\\/iberoid-shop.com\\\/wp-content\\\/uploads\\\/2026\\\/02\\\/SUST-IMP.webp\",\"datePublished\":\"2026-02-13T16:24:06+00:00\",\"dateModified\":\"2026-04-13T12:16:07+00:00\",\"breadcrumb\":{\"@id\":\"https:\\\/\\\/iberoid.com\\\/product\\\/sustanon-2\\\/#breadcrumb\"},\"inLanguage\":\"fr-FR\",\"potentialAction\":[{\"@type\":\"ReadAction\",\"target\":[[\"https:\\\/\\\/iberoid.com\\\/product\\\/sustanon-2\\\/\"]]}]},{\"@type\":\"ImageObject\",\"inLanguage\":\"fr-FR\",\"@id\":\"https:\\\/\\\/iberoid.com\\\/product\\\/sustanon-2\\\/#primaryimage\",\"url\":\"https:\\\/\\\/iberoid-shop.com\\\/wp-content\\\/uploads\\\/2026\\\/02\\\/SUST-IMP.webp\",\"contentUrl\":\"https:\\\/\\\/iberoid-shop.com\\\/wp-content\\\/uploads\\\/2026\\\/02\\\/SUST-IMP.webp\",\"width\":1920,\"height\":1756},{\"@type\":\"BreadcrumbList\",\"@id\":\"https:\\\/\\\/iberoid.com\\\/product\\\/sustanon-2\\\/#breadcrumb\",\"itemListElement\":[{\"@type\":\"ListItem\",\"position\":1,\"name\":\"Portada\",\"item\":\"https:\\\/\\\/iberoid.com\\\/\"},{\"@type\":\"ListItem\",\"position\":2,\"name\":\"Magasin\",\"item\":\"https:\\\/\\\/iberoid-shop.com\\\/fr\\\/shop\\\/\"},{\"@type\":\"ListItem\",\"position\":3,\"name\":\"SUSTANON 250mg\"}]},{\"@type\":\"WebSite\",\"@id\":\"https:\\\/\\\/iberoid.com\\\/#website\",\"url\":\"https:\\\/\\\/iberoid.com\\\/\",\"name\":\"(Espa\u00f1ol) Esteroides en l\u00ednea\",\"description\":\"(Espa\u00f1ol) Comprar esteroides en l\u00ednea hoy en Espa\u00f1a y Portugal. Tenemos el mejor servicio al cliente en la industria y los productos de la m\u00e1s alta calidad\",\"potentialAction\":[{\"@type\":\"SearchAction\",\"target\":{\"@type\":\"EntryPoint\",\"urlTemplate\":\"https:\\\/\\\/iberoid.com\\\/?s={search_term_string}\"},\"query-input\":{\"@type\":\"PropertyValueSpecification\",\"valueRequired\":true,\"valueName\":\"search_term_string\"}}],\"inLanguage\":\"fr-FR\"}]}<\/script>\n<meta property=\"product:brand\" content=\"IMPERIA LABS\" \/>\n<meta property=\"product:price:amount\" content=\"45.00\" \/>\n<meta property=\"product:price:currency\" content=\"EUR\" \/>\n<meta property=\"og:availability\" content=\"instock\" \/>\n<meta property=\"product:availability\" content=\"instock\" \/>\n<meta property=\"product:condition\" content=\"new\" \/>\n<!-- \/ Yoast SEO Premium plugin. -->","yoast_head_json":{"title":"SUSTANON 250mg - (Espa\u00f1ol) Esteroides en l\u00ednea","robots":{"index":"index","follow":"follow","max-snippet":"max-snippet:-1","max-image-preview":"max-image-preview:large","max-video-preview":"max-video-preview:-1"},"canonical":"https:\/\/iberoid.com\/product\/sustanon-2\/","og_locale":"fr_FR","og_type":"article","og_title":"SUSTANON 250mg","og_description":"Voici la traduction en fran\u00e7ais : SUSTANON IMPERIA : Am\u00e9lioration des performances Le SUSTANON IMPERIA est un m\u00e9lange de testost\u00e9rone","og_url":"https:\/\/iberoid.com\/product\/sustanon-2\/","og_site_name":"(Espa\u00f1ol) Esteroides en l\u00ednea","article_modified_time":"2026-04-13T12:16:07+00:00","og_image":[{"width":1920,"height":1756,"url":"https:\/\/iberoid.com\/wp-content\/uploads\/2026\/02\/SUST-IMP.webp","type":"image\/webp"}],"twitter_card":"summary_large_image","twitter_misc":{"Prix":"&euro;45.00","Disponibilit\u00e9":"En stock"},"schema":{"@context":"https:\/\/schema.org","@graph":[{"@type":"WebPage","@id":"https:\/\/iberoid.com\/product\/sustanon-2\/","url":"https:\/\/iberoid.com\/product\/sustanon-2\/","name":"SUSTANON 250mg - (Espa\u00f1ol) Esteroides en l\u00ednea","isPartOf":{"@id":"https:\/\/iberoid.com\/#website"},"primaryImageOfPage":{"@id":"https:\/\/iberoid.com\/product\/sustanon-2\/#primaryimage"},"image":{"@id":"https:\/\/iberoid.com\/product\/sustanon-2\/#primaryimage"},"thumbnailUrl":"https:\/\/iberoid-shop.com\/wp-content\/uploads\/2026\/02\/SUST-IMP.webp","datePublished":"2026-02-13T16:24:06+00:00","dateModified":"2026-04-13T12:16:07+00:00","breadcrumb":{"@id":"https:\/\/iberoid.com\/product\/sustanon-2\/#breadcrumb"},"inLanguage":"fr-FR","potentialAction":[{"@type":"ReadAction","target":[["https:\/\/iberoid.com\/product\/sustanon-2\/"]]}]},{"@type":"ImageObject","inLanguage":"fr-FR","@id":"https:\/\/iberoid.com\/product\/sustanon-2\/#primaryimage","url":"https:\/\/iberoid-shop.com\/wp-content\/uploads\/2026\/02\/SUST-IMP.webp","contentUrl":"https:\/\/iberoid-shop.com\/wp-content\/uploads\/2026\/02\/SUST-IMP.webp","width":1920,"height":1756},{"@type":"BreadcrumbList","@id":"https:\/\/iberoid.com\/product\/sustanon-2\/#breadcrumb","itemListElement":[{"@type":"ListItem","position":1,"name":"Portada","item":"https:\/\/iberoid.com\/"},{"@type":"ListItem","position":2,"name":"Magasin","item":"https:\/\/iberoid-shop.com\/fr\/shop\/"},{"@type":"ListItem","position":3,"name":"SUSTANON 250mg"}]},{"@type":"WebSite","@id":"https:\/\/iberoid.com\/#website","url":"https:\/\/iberoid.com\/","name":"(Espa\u00f1ol) Esteroides en l\u00ednea","description":"(Espa\u00f1ol) Comprar esteroides en l\u00ednea hoy en Espa\u00f1a y Portugal. Tenemos el mejor servicio al cliente en la industria y los productos de la m\u00e1s alta calidad","potentialAction":[{"@type":"SearchAction","target":{"@type":"EntryPoint","urlTemplate":"https:\/\/iberoid.com\/?s={search_term_string}"},"query-input":{"@type":"PropertyValueSpecification","valueRequired":true,"valueName":"search_term_string"}}],"inLanguage":"fr-FR"}]},"product_brand":"IMPERIA LABS","product_price_amount":"45.00","product_price_currency":"EUR","og_availability":"instock","product_availability":"instock","product_condition":"new"},"_links":{"self":[{"href":"https:\/\/iberoid-shop.com\/fr\/wp-json\/wp\/v2\/product\/10573","targetHints":{"allow":["GET"]}}],"collection":[{"href":"https:\/\/iberoid-shop.com\/fr\/wp-json\/wp\/v2\/product"}],"about":[{"href":"https:\/\/iberoid-shop.com\/fr\/wp-json\/wp\/v2\/types\/product"}],"replies":[{"embeddable":true,"href":"https:\/\/iberoid-shop.com\/fr\/wp-json\/wp\/v2\/comments?post=10573"}],"wp:featuredmedia":[{"embeddable":true,"href":"https:\/\/iberoid-shop.com\/fr\/wp-json\/wp\/v2\/media\/10574"}],"wp:attachment":[{"href":"https:\/\/iberoid-shop.com\/fr\/wp-json\/wp\/v2\/media?parent=10573"}],"wp:term":[{"taxonomy":"product_brand","embeddable":true,"href":"https:\/\/iberoid-shop.com\/fr\/wp-json\/wp\/v2\/product_brand?post=10573"},{"taxonomy":"product_cat","embeddable":true,"href":"https:\/\/iberoid-shop.com\/fr\/wp-json\/wp\/v2\/product_cat?post=10573"},{"taxonomy":"product_tag","embeddable":true,"href":"https:\/\/iberoid-shop.com\/fr\/wp-json\/wp\/v2\/product_tag?post=10573"}],"curies":[{"name":"wp","href":"https:\/\/api.w.org\/{rel}","templated":true}]}}