{"id":10505,"date":"2026-01-10T11:06:49","date_gmt":"2026-01-10T11:06:49","guid":{"rendered":"https:\/\/iberoid-shop.com\/?post_type=product&#038;p=10505"},"modified":"2026-03-24T21:11:15","modified_gmt":"2026-03-24T21:11:15","slug":"1-caja-careforce-150mg-sidenafil150-mg-100-tabs","status":"publish","type":"product","link":"https:\/\/iberoid-shop.com\/fr\/product\/1-caja-careforce-150mg-sidenafil150-mg-100-tabs\/","title":{"rendered":"Careforce (sidenafil) &#8211; 150mg\/100 tabs"},"content":{"rendered":"<p><\/p>\n<p data-path-to-node=\"1\"><b data-path-to-node=\"1\" data-index-in-node=\"0\">Careforce 150mg<\/b> est un m\u00e9dicament sur ordonnance utilis\u00e9 pour traiter la dysfonction \u00e9rectile (impuissance) chez l&rsquo;homme. Il agit en augmentant le flux sanguin vers le p\u00e9nis, ce qui aide les hommes \u00e0 obtenir ou \u00e0 maintenir une \u00e9rection. Il appartient \u00e0 une classe de m\u00e9dicaments appel\u00e9s inhibiteurs de la phosphodiest\u00e9rase de type 5 (PDE 5).<\/p>\n<p data-path-to-node=\"2\">Le comprim\u00e9 de <b data-path-to-node=\"2\" data-index-in-node=\"15\">Careforce 150mg<\/b> peut \u00eatre pris \u00e0 jeun ou avec un repas. Il doit \u00eatre pris strictement selon les recommandations de votre m\u00e9decin. Vous devez le prendre environ 1 heure avant l&rsquo;activit\u00e9 sexuelle pr\u00e9vue. Le temps n\u00e9cessaire \u00e0 son action varie d&rsquo;une personne \u00e0 l&rsquo;autre, mais il se situe normalement entre 30 minutes et 1 heure. Ce m\u00e9dicament ne vous aidera \u00e0 obtenir une \u00e9rection que si vous \u00eates stimul\u00e9 sexuellement. Toutefois, vous ne devez pas prendre ce m\u00e9dicament si vous ne souffrez pas de dysfonction \u00e9rectile. Il ne doit pas \u00eatre pris plus d&rsquo;une fois par jour.<\/p>\n<p data-path-to-node=\"3\">Les effets secondaires les plus courants de ce m\u00e9dicament sont des bouff\u00e9es vasomotrices (sensation de chaleur), des maux de t\u00eate, des vertiges, une vision trouble, des douleurs musculaires, des maux d&rsquo;estomac et des \u00e9ruptions cutan\u00e9es. Parlez-en \u00e0 votre m\u00e9decin si l&rsquo;un de ces effets vous incommode ou ne dispara\u00eet pas. Il pourra peut-\u00eatre vous aider en modifiant le dosage ou en vous prescrivant un autre m\u00e9dicament.<\/p>\n<p data-path-to-node=\"4\">Le comprim\u00e9 de <b data-path-to-node=\"4\" data-index-in-node=\"15\">Careforce 150mg<\/b> n&rsquo;est pas destin\u00e9 aux <span class=\"citation-23 citation-end-23\">femmes, et les hommes doivent \u00e9viter d&rsquo;utiliser tout autre m\u00e9dicament pour traiter l&rsquo;impuissance sans en parler d&rsquo;abord \u00e0 un m\u00e9decin. Il peut \u00eatre dangereux de le prendre en m\u00eame temps que des m\u00e9dicaments appel\u00e9s nitr<\/span>ates (souvent prescrits pour des douleurs thoraciques ou l&rsquo;angine de poitrine). Ne prenez pas ce m\u00e9dicament si vous avez de graves probl\u00e8mes cardiaques ou h\u00e9patiques, si vous avez r\u00e9cemment eu un accident vasculaire c\u00e9r\u00e9bral ou une crise cardiaque, ou si vous souffrez d&rsquo;hypotension art\u00e9rielle. Informez <span class=\"citation-22 citation-end-22\">votre m\u00e9decin si vous souffrez de ces probl\u00e8mes ou de tout autre probl\u00e8me de sant\u00e9 avant de le prendre. Vous ne devez pas conduire si ce m\u00e9dicament vous donne des vertiges. \u00c9vitez de boire de l&rsquo;alcool pendant<\/span> la prise de ce m\u00e9dicament, car cela augmente les risques d&rsquo;effets secondaires.<\/p>\n<p><\/p>","protected":false},"excerpt":{"rendered":"<p>Careforce 150mg est un m\u00e9dicament sur ordonnance utilis\u00e9 pour traiter la dysfonction \u00e9rectile (impuissance) chez l&rsquo;homme. Il agit en augmentant<\/p>\n","protected":false},"featured_media":10506,"comment_status":"open","ping_status":"closed","template":"","meta":[],"product_brand":[],"product_cat":[73,3533],"product_tag":[],"class_list":{"0":"post-10505","1":"product","2":"type-product","3":"status-publish","4":"has-post-thumbnail","6":"product_cat-ssteroides_orales","7":"product_cat-sales-rebajas","9":"first","10":"instock","11":"sale","12":"shipping-taxable","13":"purchasable","14":"product-type-simple"},"yoast_head":"<!-- This site is optimized with the Yoast SEO Premium plugin v24.4 (Yoast SEO v27.0) - https:\/\/yoast.com\/product\/yoast-seo-premium-wordpress\/ -->\n<title>Careforce (sidenafil) - 150mg\/100 tabs - (Espa\u00f1ol) Esteroides en l\u00ednea<\/title>\n<meta name=\"description\" content=\"Careforce 150mg traite la dysfonction \u00e9rectile en augmentant le flux sanguin. Inhibiteur PDE5, il aide \u00e0 obtenir et maintenir une \u00e9rection.\" \/>\n<meta name=\"robots\" content=\"index, follow, max-snippet:-1, max-image-preview:large, max-video-preview:-1\" \/>\n<link rel=\"canonical\" href=\"https:\/\/iberoid-shop.com\/fr\/product\/1-caja-careforce-150mg-sidenafil150-mg-100-tabs\/\" \/>\n<meta property=\"og:locale\" content=\"fr_FR\" \/>\n<meta property=\"og:type\" content=\"article\" \/>\n<meta property=\"og:title\" content=\"Careforce (sidenafil) - 150mg\/100 tabs\" \/>\n<meta property=\"og:description\" content=\"Careforce 150mg traite la dysfonction \u00e9rectile en augmentant le flux sanguin. Inhibiteur PDE5, il aide \u00e0 obtenir et maintenir une \u00e9rection.\" \/>\n<meta property=\"og:url\" content=\"https:\/\/iberoid-shop.com\/fr\/product\/1-caja-careforce-150mg-sidenafil150-mg-100-tabs\/\" \/>\n<meta property=\"og:site_name\" content=\"(Espa\u00f1ol) Esteroides en l\u00ednea\" \/>\n<meta property=\"article:modified_time\" content=\"2026-03-24T21:11:15+00:00\" \/>\n<meta property=\"og:image\" content=\"https:\/\/iberoid-shop.com\/wp-content\/uploads\/2026\/01\/careforce-150_3.webp\" \/>\n\t<meta property=\"og:image:width\" content=\"1536\" \/>\n\t<meta property=\"og:image:height\" content=\"1024\" \/>\n\t<meta property=\"og:image:type\" content=\"image\/webp\" \/>\n<meta name=\"twitter:card\" content=\"summary_large_image\" \/>\n<meta name=\"twitter:label1\" content=\"Prix\" \/>\n\t<meta name=\"twitter:data1\" content=\"&euro;60.00\" \/>\n\t<meta name=\"twitter:label2\" content=\"Disponibilit\u00e9\" \/>\n\t<meta name=\"twitter:data2\" content=\"En stock\" \/>\n<script type=\"application\/ld+json\" class=\"yoast-schema-graph\">{\"@context\":\"https:\/\/schema.org\",\"@graph\":[{\"@type\":\"WebPage\",\"@id\":\"https:\/\/iberoid-shop.com\/fr\/product\/1-caja-careforce-150mg-sidenafil150-mg-100-tabs\/\",\"url\":\"https:\/\/iberoid-shop.com\/fr\/product\/1-caja-careforce-150mg-sidenafil150-mg-100-tabs\/\",\"name\":\"Careforce (sidenafil) - 150mg\/100 tabs - (Espa\u00f1ol) Esteroides en l\u00ednea\",\"isPartOf\":{\"@id\":\"https:\/\/iberoid-shop.com\/fr\/#website\"},\"primaryImageOfPage\":{\"@id\":\"https:\/\/iberoid-shop.com\/fr\/product\/1-caja-careforce-150mg-sidenafil150-mg-100-tabs\/#primaryimage\"},\"image\":{\"@id\":\"https:\/\/iberoid-shop.com\/fr\/product\/1-caja-careforce-150mg-sidenafil150-mg-100-tabs\/#primaryimage\"},\"thumbnailUrl\":\"https:\/\/iberoid-shop.com\/wp-content\/uploads\/2026\/01\/careforce-150_3.webp\",\"datePublished\":\"2026-01-10T11:06:49+00:00\",\"dateModified\":\"2026-03-24T21:11:15+00:00\",\"description\":\"Careforce 150mg traite la dysfonction \u00e9rectile en augmentant le flux sanguin. Inhibiteur PDE5, il aide \u00e0 obtenir et maintenir une \u00e9rection.\",\"breadcrumb\":{\"@id\":\"https:\/\/iberoid-shop.com\/fr\/product\/1-caja-careforce-150mg-sidenafil150-mg-100-tabs\/#breadcrumb\"},\"inLanguage\":\"fr-FR\",\"potentialAction\":[{\"@type\":\"ReadAction\",\"target\":[[\"https:\/\/iberoid-shop.com\/fr\/product\/1-caja-careforce-150mg-sidenafil150-mg-100-tabs\/\"]]}]},{\"@type\":\"ImageObject\",\"inLanguage\":\"fr-FR\",\"@id\":\"https:\/\/iberoid-shop.com\/fr\/product\/1-caja-careforce-150mg-sidenafil150-mg-100-tabs\/#primaryimage\",\"url\":\"https:\/\/iberoid-shop.com\/wp-content\/uploads\/2026\/01\/careforce-150_3.webp\",\"contentUrl\":\"https:\/\/iberoid-shop.com\/wp-content\/uploads\/2026\/01\/careforce-150_3.webp\",\"width\":1536,\"height\":1024},{\"@type\":\"BreadcrumbList\",\"@id\":\"https:\/\/iberoid-shop.com\/fr\/product\/1-caja-careforce-150mg-sidenafil150-mg-100-tabs\/#breadcrumb\",\"itemListElement\":[{\"@type\":\"ListItem\",\"position\":1,\"name\":\"Portada\",\"item\":\"https:\/\/iberoid-shop.com\/fr\/\"},{\"@type\":\"ListItem\",\"position\":2,\"name\":\"Magasin\",\"item\":\"https:\/\/iberoid-shop.com\/fr\/shop\/\"},{\"@type\":\"ListItem\",\"position\":3,\"name\":\"Careforce (sidenafil) &#8211; 150mg\/100 tabs\"}]},{\"@type\":\"WebSite\",\"@id\":\"https:\/\/iberoid-shop.com\/fr\/#website\",\"url\":\"https:\/\/iberoid-shop.com\/fr\/\",\"name\":\"(Espa\u00f1ol) Esteroides en l\u00ednea\",\"description\":\"(Espa\u00f1ol) Comprar esteroides en l\u00ednea hoy en Espa\u00f1a y Portugal. Tenemos el mejor servicio al cliente en la industria y los productos de la m\u00e1s alta calidad\",\"potentialAction\":[{\"@type\":\"SearchAction\",\"target\":{\"@type\":\"EntryPoint\",\"urlTemplate\":\"https:\/\/iberoid-shop.com\/fr\/?s={search_term_string}\"},\"query-input\":{\"@type\":\"PropertyValueSpecification\",\"valueRequired\":true,\"valueName\":\"search_term_string\"}}],\"inLanguage\":\"fr-FR\"}]}<\/script>\n<meta property=\"product:brand\" content=\"CARECLUB Pharmacy\" \/>\n<meta property=\"product:price:amount\" content=\"60.00\" \/>\n<meta property=\"product:price:currency\" content=\"EUR\" \/>\n<meta property=\"og:availability\" content=\"instock\" \/>\n<meta property=\"product:availability\" content=\"instock\" \/>\n<meta property=\"product:condition\" content=\"new\" \/>\n<!-- \/ Yoast SEO Premium plugin. -->","yoast_head_json":{"title":"Careforce (sidenafil) - 150mg\/100 tabs - (Espa\u00f1ol) Esteroides en l\u00ednea","description":"Careforce 150mg traite la dysfonction \u00e9rectile en augmentant le flux sanguin. Inhibiteur PDE5, il aide \u00e0 obtenir et maintenir une \u00e9rection.","robots":{"index":"index","follow":"follow","max-snippet":"max-snippet:-1","max-image-preview":"max-image-preview:large","max-video-preview":"max-video-preview:-1"},"canonical":"https:\/\/iberoid-shop.com\/fr\/product\/1-caja-careforce-150mg-sidenafil150-mg-100-tabs\/","og_locale":"fr_FR","og_type":"article","og_title":"Careforce (sidenafil) - 150mg\/100 tabs","og_description":"Careforce 150mg traite la dysfonction \u00e9rectile en augmentant le flux sanguin. Inhibiteur PDE5, il aide \u00e0 obtenir et maintenir une \u00e9rection.","og_url":"https:\/\/iberoid-shop.com\/fr\/product\/1-caja-careforce-150mg-sidenafil150-mg-100-tabs\/","og_site_name":"(Espa\u00f1ol) Esteroides en l\u00ednea","article_modified_time":"2026-03-24T21:11:15+00:00","og_image":[{"width":1536,"height":1024,"url":"https:\/\/iberoid-shop.com\/wp-content\/uploads\/2026\/01\/careforce-150_3.webp","type":"image\/webp"}],"twitter_card":"summary_large_image","twitter_misc":{"Prix":"&euro;60.00","Disponibilit\u00e9":"En stock"},"schema":{"@context":"https:\/\/schema.org","@graph":[{"@type":"WebPage","@id":"https:\/\/iberoid-shop.com\/fr\/product\/1-caja-careforce-150mg-sidenafil150-mg-100-tabs\/","url":"https:\/\/iberoid-shop.com\/fr\/product\/1-caja-careforce-150mg-sidenafil150-mg-100-tabs\/","name":"Careforce (sidenafil) - 150mg\/100 tabs - (Espa\u00f1ol) Esteroides en l\u00ednea","isPartOf":{"@id":"https:\/\/iberoid-shop.com\/fr\/#website"},"primaryImageOfPage":{"@id":"https:\/\/iberoid-shop.com\/fr\/product\/1-caja-careforce-150mg-sidenafil150-mg-100-tabs\/#primaryimage"},"image":{"@id":"https:\/\/iberoid-shop.com\/fr\/product\/1-caja-careforce-150mg-sidenafil150-mg-100-tabs\/#primaryimage"},"thumbnailUrl":"https:\/\/iberoid-shop.com\/wp-content\/uploads\/2026\/01\/careforce-150_3.webp","datePublished":"2026-01-10T11:06:49+00:00","dateModified":"2026-03-24T21:11:15+00:00","description":"Careforce 150mg traite la dysfonction \u00e9rectile en augmentant le flux sanguin. Inhibiteur PDE5, il aide \u00e0 obtenir et maintenir une \u00e9rection.","breadcrumb":{"@id":"https:\/\/iberoid-shop.com\/fr\/product\/1-caja-careforce-150mg-sidenafil150-mg-100-tabs\/#breadcrumb"},"inLanguage":"fr-FR","potentialAction":[{"@type":"ReadAction","target":[["https:\/\/iberoid-shop.com\/fr\/product\/1-caja-careforce-150mg-sidenafil150-mg-100-tabs\/"]]}]},{"@type":"ImageObject","inLanguage":"fr-FR","@id":"https:\/\/iberoid-shop.com\/fr\/product\/1-caja-careforce-150mg-sidenafil150-mg-100-tabs\/#primaryimage","url":"https:\/\/iberoid-shop.com\/wp-content\/uploads\/2026\/01\/careforce-150_3.webp","contentUrl":"https:\/\/iberoid-shop.com\/wp-content\/uploads\/2026\/01\/careforce-150_3.webp","width":1536,"height":1024},{"@type":"BreadcrumbList","@id":"https:\/\/iberoid-shop.com\/fr\/product\/1-caja-careforce-150mg-sidenafil150-mg-100-tabs\/#breadcrumb","itemListElement":[{"@type":"ListItem","position":1,"name":"Portada","item":"https:\/\/iberoid-shop.com\/fr\/"},{"@type":"ListItem","position":2,"name":"Magasin","item":"https:\/\/iberoid-shop.com\/fr\/shop\/"},{"@type":"ListItem","position":3,"name":"Careforce (sidenafil) &#8211; 150mg\/100 tabs"}]},{"@type":"WebSite","@id":"https:\/\/iberoid-shop.com\/fr\/#website","url":"https:\/\/iberoid-shop.com\/fr\/","name":"(Espa\u00f1ol) Esteroides en l\u00ednea","description":"(Espa\u00f1ol) Comprar esteroides en l\u00ednea hoy en Espa\u00f1a y Portugal. Tenemos el mejor servicio al cliente en la industria y los productos de la m\u00e1s alta calidad","potentialAction":[{"@type":"SearchAction","target":{"@type":"EntryPoint","urlTemplate":"https:\/\/iberoid-shop.com\/fr\/?s={search_term_string}"},"query-input":{"@type":"PropertyValueSpecification","valueRequired":true,"valueName":"search_term_string"}}],"inLanguage":"fr-FR"}]},"product_brand":"CARECLUB Pharmacy","product_price_amount":"60.00","product_price_currency":"EUR","og_availability":"instock","product_availability":"instock","product_condition":"new"},"_links":{"self":[{"href":"https:\/\/iberoid-shop.com\/fr\/wp-json\/wp\/v2\/product\/10505","targetHints":{"allow":["GET"]}}],"collection":[{"href":"https:\/\/iberoid-shop.com\/fr\/wp-json\/wp\/v2\/product"}],"about":[{"href":"https:\/\/iberoid-shop.com\/fr\/wp-json\/wp\/v2\/types\/product"}],"replies":[{"embeddable":true,"href":"https:\/\/iberoid-shop.com\/fr\/wp-json\/wp\/v2\/comments?post=10505"}],"wp:featuredmedia":[{"embeddable":true,"href":"https:\/\/iberoid-shop.com\/fr\/wp-json\/wp\/v2\/media\/10506"}],"wp:attachment":[{"href":"https:\/\/iberoid-shop.com\/fr\/wp-json\/wp\/v2\/media?parent=10505"}],"wp:term":[{"taxonomy":"product_brand","embeddable":true,"href":"https:\/\/iberoid-shop.com\/fr\/wp-json\/wp\/v2\/product_brand?post=10505"},{"taxonomy":"product_cat","embeddable":true,"href":"https:\/\/iberoid-shop.com\/fr\/wp-json\/wp\/v2\/product_cat?post=10505"},{"taxonomy":"product_tag","embeddable":true,"href":"https:\/\/iberoid-shop.com\/fr\/wp-json\/wp\/v2\/product_tag?post=10505"}],"curies":[{"name":"wp","href":"https:\/\/api.w.org\/{rel}","templated":true}]}}