{"id":10471,"date":"2025-12-14T11:08:34","date_gmt":"2025-12-14T11:08:34","guid":{"rendered":"https:\/\/iberoid-shop.com\/?post_type=product&#038;p=10471"},"modified":"2026-04-07T17:36:34","modified_gmt":"2026-04-07T17:36:34","slug":"clenbuterol-epf-base-line","status":"publish","type":"product","link":"https:\/\/iberoid-shop.com\/fr\/product\/clenbuterol-epf-base-line\/","title":{"rendered":"CLENBUTEROL &#8211; base-line"},"content":{"rendered":"<p><\/p>\n<h3 data-path-to-node=\"3\"><b data-path-to-node=\"3\" data-index-in-node=\"0\">1 comprim\u00e9 de 40 \u00b5g contient :<\/b><\/h3>\n<ul data-path-to-node=\"4\">\n<li>\n<p data-path-to-node=\"4,0,0\"><b data-path-to-node=\"4,0,0\" data-index-in-node=\"0\">Substance active :<\/b> Chlorhydrate de clenbut\u00e9rol 0,04 mg.<\/p>\n<\/li>\n<li>\n<p data-path-to-node=\"4,1,0\"><b data-path-to-node=\"4,1,0\" data-index-in-node=\"0\">Excipients :<\/b> St\u00e9arate de magn\u00e9sium, Ludipress\u2122 (lactose, povidone, crospovidone).<\/p>\n<\/li>\n<\/ul>\n<hr data-path-to-node=\"5\" \/>\n<h3 data-path-to-node=\"6\"><b data-path-to-node=\"6\" data-index-in-node=\"0\">DESCRIPTION DE LA PR\u00c9PARATION<\/b><\/h3>\n<p data-path-to-node=\"7\"><b data-path-to-node=\"7\" data-index-in-node=\"0\">Comprim\u00e9s 20 \u00b5g :<\/b> Comprim\u00e9s de couleur brune, de forme carr\u00e9e, aux surfaces sup\u00e9rieure et inf\u00e9rieure plates et aux bords biseaut\u00e9s. L&rsquo;une des faces pr\u00e9sente une ligne de s\u00e9cabilit\u00e9 et l&rsquo;impression \u00ab BP \u00bb, et l&rsquo;autre face l&rsquo;inscription \u00ab 20 \u00bb. La surface lat\u00e9rale pr\u00e9sente des bords arrondis.<\/p>\n<p data-path-to-node=\"8\"><b data-path-to-node=\"8\" data-index-in-node=\"0\">Comprim\u00e9s 40 \u00b5g :<\/b> Comprim\u00e9s de couleur blanche ou blanche avec une teinte jaun\u00e2tre, de forme carr\u00e9e, aux surfaces sup\u00e9rieure et inf\u00e9rieure plates et aux bords biseaut\u00e9s. L&rsquo;une des faces pr\u00e9sente une ligne de s\u00e9cabilit\u00e9 et l&rsquo;impression \u00ab BP \u00bb, et l&rsquo;autre face l&rsquo;inscription \u00ab 40 \u00bb. La surface lat\u00e9rale pr\u00e9sente des bords arrondis.<\/p>\n<hr data-path-to-node=\"9\" \/>\n<h3 data-path-to-node=\"10\"><b data-path-to-node=\"10\" data-index-in-node=\"0\">PROPRI\u00c9T\u00c9S PHARMACOLOGIQUES<\/b><\/h3>\n<p data-path-to-node=\"11\">Bronchodilatateur \u00e0 longue dur\u00e9e d&rsquo;action. Il stimule les r\u00e9cepteurs b\u00eata-2 adr\u00e9nergiques, relaxant la musculature des bronches. Il inhibe la lib\u00e9ration par les mastocytes des m\u00e9diateurs qui provoquent le bronchospasme et l&rsquo;inflammation bronchique. Il r\u00e9duit l&rsquo;\u0153d\u00e8me et les ph\u00e9nom\u00e8nes de stase dans les bronches, et am\u00e9liore la clairance mucociliaire. Il manifeste une action tocolytique : il r\u00e9duit le tonus et l&rsquo;activit\u00e9 contractile de l&rsquo;ut\u00e9rus.<\/p>\n<hr data-path-to-node=\"12\" \/>\n<h3 data-path-to-node=\"13\"><b data-path-to-node=\"13\" data-index-in-node=\"0\">INDICATIONS TH\u00c9RAPEUTIQUES<\/b><\/h3>\n<p data-path-to-node=\"14\">Asthme bronchique, affections pulmonaires avec syndrome broncho-obstructif, y compris la bronchite chronique obstructive et l&#8217;emphys\u00e8me pulmonaire.<\/p>\n<hr data-path-to-node=\"15\" \/>\n<h3 data-path-to-node=\"16\"><b data-path-to-node=\"16\" data-index-in-node=\"0\">POSOLOGIE ET MODE D&rsquo;ADMINISTRATION<\/b><\/h3>\n<p data-path-to-node=\"17\"><b data-path-to-node=\"17\" data-index-in-node=\"0\">Adultes et enfants de plus de 12 ans :<\/b> 10 \u00e0 20 \u00b5g 2 fois par jour ; en cas de bronchospasme s\u00e9v\u00e8re \u2014 jusqu&rsquo;\u00e0 80 \u00b5g par jour. <b data-path-to-node=\"17\" data-index-in-node=\"125\">Dose d&rsquo;entretien :<\/b> 10 \u00b5g 2 fois par jour. <b data-path-to-node=\"17\" data-index-in-node=\"167\">Enfants :<\/b> Administrer \u00e0 doses r\u00e9duites, en fonction de l&rsquo;\u00e2ge, 2 fois par jour.<\/p>\n<hr data-path-to-node=\"18\" \/>\n<h3 data-path-to-node=\"19\"><b data-path-to-node=\"19\" data-index-in-node=\"0\">EFFETS IND\u00c9SIRABLES<\/b><\/h3>\n<ul data-path-to-node=\"20\">\n<li>\n<p data-path-to-node=\"20,0,0\"><b data-path-to-node=\"20,0,0\" data-index-in-node=\"0\">Affections du syst\u00e8me nerveux :<\/b> Tremblement des doigts\/mains au d\u00e9but du traitement, insomnie, agitation, c\u00e9phal\u00e9es (maux de t\u00eate).<\/p>\n<\/li>\n<li>\n<p data-path-to-node=\"20,1,0\"><b data-path-to-node=\"20,1,0\" data-index-in-node=\"0\">Affections cardiaques :<\/b> Extrasystoles, tachycardie.<\/p>\n<\/li>\n<li>\n<p data-path-to-node=\"20,2,0\"><b data-path-to-node=\"20,2,0\" data-index-in-node=\"0\">Affections vasculaires :<\/b> Hypotension art\u00e9rielle.<\/p>\n<\/li>\n<li>\n<p data-path-to-node=\"20,3,0\"><b data-path-to-node=\"20,3,0\" data-index-in-node=\"0\">Affections gastro-intestinales :<\/b> X\u00e9rostomie (s\u00e9cheresse buccale), naus\u00e9es.<\/p>\n<\/li>\n<li>\n<p data-path-to-node=\"20,4,0\"><b data-path-to-node=\"20,4,0\" data-index-in-node=\"0\">Affections de la peau et du tissu sous-cutan\u00e9 :<\/b> R\u00e9actions allergiques cutan\u00e9es.<\/p>\n<\/li>\n<\/ul>\n<hr data-path-to-node=\"21\" \/>\n<h3 data-path-to-node=\"22\"><b data-path-to-node=\"22\" data-index-in-node=\"0\">CONTRE-INDICATIONS<\/b><\/h3>\n<p data-path-to-node=\"23\">Hypersensibilit\u00e9 au clenbut\u00e9rol, hyperthyro\u00efdie, st\u00e9nose aortique sous-valvulaire hypertrophique idiopathique, tachycardie, tachyarythmie, infarctus aigu du myocarde, grossesse au cours du premier trimestre et pendant la p\u00e9riode pr\u00e9natale.<\/p>\n<hr data-path-to-node=\"24\" \/>\n<h3 data-path-to-node=\"25\"><b data-path-to-node=\"25\" data-index-in-node=\"0\">SURDOSAGE<\/b><\/h3>\n<ul data-path-to-node=\"26\">\n<li>\n<p data-path-to-node=\"26,0,0\"><b data-path-to-node=\"26,0,0\" data-index-in-node=\"0\">Sympt\u00f4mes :<\/b> Tremblement des membres, agitation, tachycardie.<\/p>\n<\/li>\n<li>\n<p data-path-to-node=\"26,1,0\"><b data-path-to-node=\"26,1,0\" data-index-in-node=\"0\">Traitement :<\/b> R\u00e9duction de la dose, traitement symptomatique.<\/p>\n<\/li>\n<\/ul>\n<hr data-path-to-node=\"27\" \/>\n<h3 data-path-to-node=\"28\"><b data-path-to-node=\"28\" data-index-in-node=\"0\">MISES EN GARDE ET PR\u00c9CAUTIONS PARTICULI\u00c8RES D&rsquo;EMPLOI<\/b><\/h3>\n<p data-path-to-node=\"29\"><b data-path-to-node=\"29\" data-index-in-node=\"0\">Les comprim\u00e9s de Clenbut\u00e9rol contiennent du lactose.<\/b> Les patients pr\u00e9sentant des troubles h\u00e9r\u00e9ditaires rares d&rsquo;intol\u00e9rance au galactose, un d\u00e9ficit en lactase (Lapp) ou un syndrome de malabsorption du glucose et du galactose ne doivent pas utiliser ce m\u00e9dicament.<\/p>\n<p data-path-to-node=\"30\"><b data-path-to-node=\"30\" data-index-in-node=\"0\">Les comprim\u00e9s de Clenbut\u00e9rol 20 \u00b5g contiennent le colorant azo\u00efque FD&amp;C Yellow n\u00b0 5 (tartrazine, E 102),<\/b> qui peut provoquer des r\u00e9actions allergiques.<\/p>\n<p data-path-to-node=\"31\"><b data-path-to-node=\"31\" data-index-in-node=\"0\">Administration pendant la grossesse et l&rsquo;allaitement :<\/b><\/p>\n<ul data-path-to-node=\"32\">\n<li>\n<p data-path-to-node=\"32,0,0\">L&rsquo;administration est contre-indiqu\u00e9e au cours du premier trimestre de la grossesse.<\/p>\n<\/li>\n<li>\n<p data-path-to-node=\"32,1,0\">Ne pas administrer pendant la p\u00e9riode pr\u00e9natale (juste avant l&rsquo;accouchement), car le clenbut\u00e9rol rel\u00e2che le myom\u00e8tre et inhibe le travail.<\/p>\n<\/li>\n<\/ul>\n<p data-path-to-node=\"33\"><b data-path-to-node=\"33\" data-index-in-node=\"0\">Influence sur la capacit\u00e9 de conduire des v\u00e9hicules ou d&rsquo;utiliser des machines :<\/b> La pr\u00e9paration n&rsquo;influence pas la capacit\u00e9 de conduire des v\u00e9hicules automobiles ou de man\u0153uvrer des machines.<\/p>\n<p><\/p>","protected":false},"excerpt":{"rendered":"<p>1 comprim\u00e9 de 40 \u00b5g contient : Substance active : Chlorhydrate de clenbut\u00e9rol 0,04 mg. Excipients : St\u00e9arate de magn\u00e9sium,<\/p>\n","protected":false},"featured_media":10472,"comment_status":"open","ping_status":"closed","template":"","meta":[],"product_brand":[3528],"product_cat":[73,3533],"product_tag":[],"class_list":{"0":"post-10471","1":"product","2":"type-product","3":"status-publish","4":"has-post-thumbnail","6":"product_brand-epf-premium","7":"product_cat-ssteroides_orales","8":"product_cat-sales-rebajas","10":"first","11":"instock","12":"sale","13":"shipping-taxable","14":"purchasable","15":"product-type-simple"},"yoast_head":"<!-- This site is optimized with the Yoast SEO Premium plugin v24.4 (Yoast SEO v27.0) - https:\/\/yoast.com\/product\/yoast-seo-premium-wordpress\/ -->\n<title>CLENBUTEROL - base-line - (Espa\u00f1ol) Esteroides en l\u00ednea<\/title>\n<meta name=\"description\" content=\"CLENBUT\u00c9ROL est un bronchodilatateur \u00e0 longue action qui d\u00e9tend les muscles bronchiques, traitant l&#039;asthme et la bronchite obstructive.\" \/>\n<meta name=\"robots\" content=\"index, follow, max-snippet:-1, max-image-preview:large, max-video-preview:-1\" \/>\n<link rel=\"canonical\" href=\"https:\/\/iberoid-shop.com\/fr\/product\/clenbuterol-epf-base-line\/\" \/>\n<meta property=\"og:locale\" content=\"fr_FR\" \/>\n<meta property=\"og:type\" content=\"article\" \/>\n<meta property=\"og:title\" content=\"CLENBUTEROL - base-line\" \/>\n<meta property=\"og:description\" content=\"CLENBUT\u00c9ROL est un bronchodilatateur \u00e0 longue action qui d\u00e9tend les muscles bronchiques, traitant l&#039;asthme et la bronchite obstructive.\" \/>\n<meta property=\"og:url\" content=\"https:\/\/iberoid-shop.com\/fr\/product\/clenbuterol-epf-base-line\/\" \/>\n<meta property=\"og:site_name\" content=\"(Espa\u00f1ol) Esteroides en l\u00ednea\" \/>\n<meta property=\"article:modified_time\" content=\"2026-04-07T17:36:34+00:00\" \/>\n<meta property=\"og:image\" content=\"https:\/\/iberoid-shop.com\/wp-content\/uploads\/2025\/12\/CGED.jpeg?v=1765710499\" \/>\n\t<meta property=\"og:image:width\" content=\"1302\" \/>\n\t<meta property=\"og:image:height\" content=\"912\" \/>\n\t<meta property=\"og:image:type\" content=\"image\/jpeg\" \/>\n<meta name=\"twitter:card\" content=\"summary_large_image\" \/>\n<meta name=\"twitter:label1\" content=\"Prix\" \/>\n\t<meta name=\"twitter:data1\" content=\"&euro;20.00\" \/>\n\t<meta name=\"twitter:label2\" content=\"Disponibilit\u00e9\" \/>\n\t<meta name=\"twitter:data2\" content=\"En stock\" \/>\n<script type=\"application\/ld+json\" class=\"yoast-schema-graph\">{\"@context\":\"https:\/\/schema.org\",\"@graph\":[{\"@type\":\"WebPage\",\"@id\":\"https:\/\/iberoid-shop.com\/fr\/product\/clenbuterol-epf-base-line\/\",\"url\":\"https:\/\/iberoid-shop.com\/fr\/product\/clenbuterol-epf-base-line\/\",\"name\":\"CLENBUTEROL - base-line - (Espa\u00f1ol) Esteroides en l\u00ednea\",\"isPartOf\":{\"@id\":\"https:\/\/iberoid-shop.com\/fr\/#website\"},\"primaryImageOfPage\":{\"@id\":\"https:\/\/iberoid-shop.com\/fr\/product\/clenbuterol-epf-base-line\/#primaryimage\"},\"image\":{\"@id\":\"https:\/\/iberoid-shop.com\/fr\/product\/clenbuterol-epf-base-line\/#primaryimage\"},\"thumbnailUrl\":\"https:\/\/iberoid-shop.com\/wp-content\/uploads\/2025\/12\/CGED.jpeg?v=1765710499\",\"datePublished\":\"2025-12-14T11:08:34+00:00\",\"dateModified\":\"2026-04-07T17:36:34+00:00\",\"description\":\"CLENBUT\u00c9ROL est un bronchodilatateur \u00e0 longue action qui d\u00e9tend les muscles bronchiques, traitant l'asthme et la bronchite obstructive.\",\"breadcrumb\":{\"@id\":\"https:\/\/iberoid-shop.com\/fr\/product\/clenbuterol-epf-base-line\/#breadcrumb\"},\"inLanguage\":\"fr-FR\",\"potentialAction\":[{\"@type\":\"ReadAction\",\"target\":[[\"https:\/\/iberoid-shop.com\/fr\/product\/clenbuterol-epf-base-line\/\"]]}]},{\"@type\":\"ImageObject\",\"inLanguage\":\"fr-FR\",\"@id\":\"https:\/\/iberoid-shop.com\/fr\/product\/clenbuterol-epf-base-line\/#primaryimage\",\"url\":\"https:\/\/iberoid-shop.com\/wp-content\/uploads\/2025\/12\/CGED.jpeg?v=1765710499\",\"contentUrl\":\"https:\/\/iberoid-shop.com\/wp-content\/uploads\/2025\/12\/CGED.jpeg?v=1765710499\",\"width\":1302,\"height\":912},{\"@type\":\"BreadcrumbList\",\"@id\":\"https:\/\/iberoid-shop.com\/fr\/product\/clenbuterol-epf-base-line\/#breadcrumb\",\"itemListElement\":[{\"@type\":\"ListItem\",\"position\":1,\"name\":\"Portada\",\"item\":\"https:\/\/iberoid-shop.com\/fr\/\"},{\"@type\":\"ListItem\",\"position\":2,\"name\":\"Magasin\",\"item\":\"https:\/\/iberoid-shop.com\/fr\/shop\/\"},{\"@type\":\"ListItem\",\"position\":3,\"name\":\"CLENBUTEROL &#8211; base-line\"}]},{\"@type\":\"WebSite\",\"@id\":\"https:\/\/iberoid-shop.com\/fr\/#website\",\"url\":\"https:\/\/iberoid-shop.com\/fr\/\",\"name\":\"(Espa\u00f1ol) Esteroides en l\u00ednea\",\"description\":\"(Espa\u00f1ol) Comprar esteroides en l\u00ednea hoy en Espa\u00f1a y Portugal. Tenemos el mejor servicio al cliente en la industria y los productos de la m\u00e1s alta calidad\",\"potentialAction\":[{\"@type\":\"SearchAction\",\"target\":{\"@type\":\"EntryPoint\",\"urlTemplate\":\"https:\/\/iberoid-shop.com\/fr\/?s={search_term_string}\"},\"query-input\":{\"@type\":\"PropertyValueSpecification\",\"valueRequired\":true,\"valueName\":\"search_term_string\"}}],\"inLanguage\":\"fr-FR\"}]}<\/script>\n<meta property=\"product:brand\" content=\"Euro Prime Pharmaceuticals (EPF)\" \/>\n<meta property=\"product:price:amount\" content=\"20.00\" \/>\n<meta property=\"product:price:currency\" content=\"EUR\" \/>\n<meta property=\"og:availability\" content=\"instock\" \/>\n<meta property=\"product:availability\" content=\"instock\" \/>\n<meta property=\"product:condition\" content=\"new\" \/>\n<!-- \/ Yoast SEO Premium plugin. -->","yoast_head_json":{"title":"CLENBUTEROL - base-line - (Espa\u00f1ol) Esteroides en l\u00ednea","description":"CLENBUT\u00c9ROL est un bronchodilatateur \u00e0 longue action qui d\u00e9tend les muscles bronchiques, traitant l'asthme et la bronchite obstructive.","robots":{"index":"index","follow":"follow","max-snippet":"max-snippet:-1","max-image-preview":"max-image-preview:large","max-video-preview":"max-video-preview:-1"},"canonical":"https:\/\/iberoid-shop.com\/fr\/product\/clenbuterol-epf-base-line\/","og_locale":"fr_FR","og_type":"article","og_title":"CLENBUTEROL - base-line","og_description":"CLENBUT\u00c9ROL est un bronchodilatateur \u00e0 longue action qui d\u00e9tend les muscles bronchiques, traitant l'asthme et la bronchite obstructive.","og_url":"https:\/\/iberoid-shop.com\/fr\/product\/clenbuterol-epf-base-line\/","og_site_name":"(Espa\u00f1ol) Esteroides en l\u00ednea","article_modified_time":"2026-04-07T17:36:34+00:00","og_image":[{"width":1302,"height":912,"url":"https:\/\/iberoid-shop.com\/wp-content\/uploads\/2025\/12\/CGED.jpeg?v=1765710499","type":"image\/jpeg"}],"twitter_card":"summary_large_image","twitter_misc":{"Prix":"&euro;20.00","Disponibilit\u00e9":"En stock"},"schema":{"@context":"https:\/\/schema.org","@graph":[{"@type":"WebPage","@id":"https:\/\/iberoid-shop.com\/fr\/product\/clenbuterol-epf-base-line\/","url":"https:\/\/iberoid-shop.com\/fr\/product\/clenbuterol-epf-base-line\/","name":"CLENBUTEROL - base-line - (Espa\u00f1ol) Esteroides en l\u00ednea","isPartOf":{"@id":"https:\/\/iberoid-shop.com\/fr\/#website"},"primaryImageOfPage":{"@id":"https:\/\/iberoid-shop.com\/fr\/product\/clenbuterol-epf-base-line\/#primaryimage"},"image":{"@id":"https:\/\/iberoid-shop.com\/fr\/product\/clenbuterol-epf-base-line\/#primaryimage"},"thumbnailUrl":"https:\/\/iberoid-shop.com\/wp-content\/uploads\/2025\/12\/CGED.jpeg?v=1765710499","datePublished":"2025-12-14T11:08:34+00:00","dateModified":"2026-04-07T17:36:34+00:00","description":"CLENBUT\u00c9ROL est un bronchodilatateur \u00e0 longue action qui d\u00e9tend les muscles bronchiques, traitant l'asthme et la bronchite obstructive.","breadcrumb":{"@id":"https:\/\/iberoid-shop.com\/fr\/product\/clenbuterol-epf-base-line\/#breadcrumb"},"inLanguage":"fr-FR","potentialAction":[{"@type":"ReadAction","target":[["https:\/\/iberoid-shop.com\/fr\/product\/clenbuterol-epf-base-line\/"]]}]},{"@type":"ImageObject","inLanguage":"fr-FR","@id":"https:\/\/iberoid-shop.com\/fr\/product\/clenbuterol-epf-base-line\/#primaryimage","url":"https:\/\/iberoid-shop.com\/wp-content\/uploads\/2025\/12\/CGED.jpeg?v=1765710499","contentUrl":"https:\/\/iberoid-shop.com\/wp-content\/uploads\/2025\/12\/CGED.jpeg?v=1765710499","width":1302,"height":912},{"@type":"BreadcrumbList","@id":"https:\/\/iberoid-shop.com\/fr\/product\/clenbuterol-epf-base-line\/#breadcrumb","itemListElement":[{"@type":"ListItem","position":1,"name":"Portada","item":"https:\/\/iberoid-shop.com\/fr\/"},{"@type":"ListItem","position":2,"name":"Magasin","item":"https:\/\/iberoid-shop.com\/fr\/shop\/"},{"@type":"ListItem","position":3,"name":"CLENBUTEROL &#8211; base-line"}]},{"@type":"WebSite","@id":"https:\/\/iberoid-shop.com\/fr\/#website","url":"https:\/\/iberoid-shop.com\/fr\/","name":"(Espa\u00f1ol) Esteroides en l\u00ednea","description":"(Espa\u00f1ol) Comprar esteroides en l\u00ednea hoy en Espa\u00f1a y Portugal. Tenemos el mejor servicio al cliente en la industria y los productos de la m\u00e1s alta calidad","potentialAction":[{"@type":"SearchAction","target":{"@type":"EntryPoint","urlTemplate":"https:\/\/iberoid-shop.com\/fr\/?s={search_term_string}"},"query-input":{"@type":"PropertyValueSpecification","valueRequired":true,"valueName":"search_term_string"}}],"inLanguage":"fr-FR"}]},"product_brand":"Euro Prime Pharmaceuticals (EPF)","product_price_amount":"20.00","product_price_currency":"EUR","og_availability":"instock","product_availability":"instock","product_condition":"new"},"_links":{"self":[{"href":"https:\/\/iberoid-shop.com\/fr\/wp-json\/wp\/v2\/product\/10471","targetHints":{"allow":["GET"]}}],"collection":[{"href":"https:\/\/iberoid-shop.com\/fr\/wp-json\/wp\/v2\/product"}],"about":[{"href":"https:\/\/iberoid-shop.com\/fr\/wp-json\/wp\/v2\/types\/product"}],"replies":[{"embeddable":true,"href":"https:\/\/iberoid-shop.com\/fr\/wp-json\/wp\/v2\/comments?post=10471"}],"wp:featuredmedia":[{"embeddable":true,"href":"https:\/\/iberoid-shop.com\/fr\/wp-json\/wp\/v2\/media\/10472"}],"wp:attachment":[{"href":"https:\/\/iberoid-shop.com\/fr\/wp-json\/wp\/v2\/media?parent=10471"}],"wp:term":[{"taxonomy":"product_brand","embeddable":true,"href":"https:\/\/iberoid-shop.com\/fr\/wp-json\/wp\/v2\/product_brand?post=10471"},{"taxonomy":"product_cat","embeddable":true,"href":"https:\/\/iberoid-shop.com\/fr\/wp-json\/wp\/v2\/product_cat?post=10471"},{"taxonomy":"product_tag","embeddable":true,"href":"https:\/\/iberoid-shop.com\/fr\/wp-json\/wp\/v2\/product_tag?post=10471"}],"curies":[{"name":"wp","href":"https:\/\/api.w.org\/{rel}","templated":true}]}}