{"id":10458,"date":"2025-12-07T13:33:05","date_gmt":"2025-12-07T13:33:05","guid":{"rendered":"https:\/\/iberoid-shop.com\/?post_type=product&#038;p=10458"},"modified":"2026-03-22T11:03:12","modified_gmt":"2026-03-22T11:03:12","slug":"pack3-masteron-m-ject","status":"publish","type":"product","link":"https:\/\/iberoid-shop.com\/fr\/product\/pack3-masteron-m-ject\/","title":{"rendered":"PACK3 M-JECT &#8211; MASTERON"},"content":{"rendered":"<p><\/p>\n<p data-path-to-node=\"2\">Le <b>Propionate de Drostanolone (Masteron, Mastron)<\/b> est un st\u00e9ro\u00efde anabolisant d\u00e9riv\u00e9 de la dihydrotestost\u00e9rone (DHT). Sp\u00e9cifiquement, il s&rsquo;agit d&rsquo;une DHT modifi\u00e9e structurellement par l&rsquo;ajout d&rsquo;un groupe m\u00e9thyle en position 2 du carbone. Cela prot\u00e8ge le st\u00e9ro\u00efde de la d\u00e9gradation m\u00e9tabolique par l&rsquo;enzyme 3-Hydroxyst\u00e9ro\u00efde D\u00e9shydrog\u00e9nase, que l&rsquo;on trouve dans les muscles. La m\u00e9thylation augmente \u00e9galement de mani\u00e8re significative le potentiel anabolisant du st\u00e9ro\u00efde. Par la suite, un ester d&rsquo;acide propionique est ajout\u00e9 afin de retarder le temps de lib\u00e9ration du st\u00e9ro\u00efde dans le corps \u00e0 partir du site d&rsquo;injection.<\/p>\n<p data-path-to-node=\"3\">Le MASTEROLIC est bien connu comme l&rsquo;un des rares st\u00e9ro\u00efdes anabolisants poss\u00e9dant de fortes <b>propri\u00e9t\u00e9s anti-\u0153strog\u00e9niques<\/b>. En plus de ne pas pr\u00e9senter d&rsquo;activit\u00e9 \u0153strog\u00e9nique, ce st\u00e9ro\u00efde peut en r\u00e9alit\u00e9 agir comme un anti-\u0153strog\u00e8ne dans le corps. En fait, la combinaison de Masteron et de Nolvadex (citrate de tamoxif\u00e8ne) s&rsquo;est av\u00e9r\u00e9e \u00eatre une m\u00e9thode beaucoup plus efficace que la chimioth\u00e9rapie pour traiter le cancer du sein chez les femmes m\u00e9nopaus\u00e9es. Les propri\u00e9t\u00e9s du MASTEROLIC le rendent tr\u00e8s populaire dans le culturisme (bodybuilding) car il permet d&rsquo;\u00e9viter l&rsquo;utilisation de m\u00e9dicaments anti-\u0153strog\u00e8nes pendant ou apr\u00e8s le cycle.<\/p>\n<p><\/p>","protected":false},"excerpt":{"rendered":"<p>Le Propionate de Drostanolone (Masteron, Mastron) est un st\u00e9ro\u00efde anabolisant d\u00e9riv\u00e9 de la dihydrotestost\u00e9rone (DHT). Sp\u00e9cifiquement, il s&rsquo;agit d&rsquo;une DHT<\/p>\n","protected":false},"featured_media":10459,"comment_status":"open","ping_status":"closed","template":"","meta":[],"product_brand":[3530],"product_cat":[69,3474],"product_tag":[],"class_list":{"0":"post-10458","1":"product","2":"type-product","3":"status-publish","4":"has-post-thumbnail","6":"product_brand-mp-pharm-muscle-pharm","7":"product_cat-esteroides_inyectables","8":"product_cat-packs","10":"first","11":"instock","12":"sale","13":"shipping-taxable","14":"purchasable","15":"product-type-simple"},"yoast_head":"<!-- This site is optimized with the Yoast SEO Premium plugin v24.4 (Yoast SEO v27.0) - https:\/\/yoast.com\/product\/yoast-seo-premium-wordpress\/ -->\n<title>PACK3 M-JECT - MASTERON - (Espa\u00f1ol) Esteroides en l\u00ednea<\/title>\n<meta name=\"description\" content=\"M-JECT (Propionate de Drostanolone) est un puissant st\u00e9ro\u00efde anabolisant d\u00e9riv\u00e9 de la DHT avec de fortes propri\u00e9t\u00e9s anti-\u0153strog\u00e9niques, am\u00e9liorant le durcissement et la d\u00e9finition musculaire.\" \/>\n<meta name=\"robots\" content=\"index, follow, max-snippet:-1, max-image-preview:large, max-video-preview:-1\" \/>\n<link rel=\"canonical\" href=\"https:\/\/iberoid-shop.com\/fr\/product\/pack3-masteron-m-ject\/\" \/>\n<meta property=\"og:locale\" content=\"fr_FR\" \/>\n<meta property=\"og:type\" content=\"article\" \/>\n<meta property=\"og:title\" content=\"PACK3 M-JECT - MASTERON\" \/>\n<meta property=\"og:description\" content=\"M-JECT (Propionate de Drostanolone) est un puissant st\u00e9ro\u00efde anabolisant d\u00e9riv\u00e9 de la DHT avec de fortes propri\u00e9t\u00e9s anti-\u0153strog\u00e9niques, am\u00e9liorant le durcissement et la d\u00e9finition musculaire.\" \/>\n<meta property=\"og:url\" content=\"https:\/\/iberoid-shop.com\/fr\/product\/pack3-masteron-m-ject\/\" \/>\n<meta property=\"og:site_name\" content=\"(Espa\u00f1ol) Esteroides en l\u00ednea\" \/>\n<meta property=\"article:modified_time\" content=\"2026-03-22T11:03:12+00:00\" \/>\n<meta property=\"og:image\" content=\"https:\/\/iberoid-shop.com\/wp-content\/uploads\/2025\/12\/3m.jpeg?v=1765114365\" \/>\n\t<meta property=\"og:image:width\" content=\"1512\" \/>\n\t<meta property=\"og:image:height\" content=\"2016\" \/>\n\t<meta property=\"og:image:type\" content=\"image\/jpeg\" \/>\n<meta name=\"twitter:card\" content=\"summary_large_image\" \/>\n<meta name=\"twitter:label1\" content=\"Prix\" \/>\n\t<meta name=\"twitter:data1\" content=\"&euro;100.00\" \/>\n\t<meta name=\"twitter:label2\" content=\"Disponibilit\u00e9\" \/>\n\t<meta name=\"twitter:data2\" content=\"En stock\" \/>\n<script type=\"application\/ld+json\" class=\"yoast-schema-graph\">{\"@context\":\"https:\/\/schema.org\",\"@graph\":[{\"@type\":\"WebPage\",\"@id\":\"https:\/\/iberoid-shop.com\/fr\/product\/pack3-masteron-m-ject\/\",\"url\":\"https:\/\/iberoid-shop.com\/fr\/product\/pack3-masteron-m-ject\/\",\"name\":\"PACK3 M-JECT - MASTERON - (Espa\u00f1ol) Esteroides en l\u00ednea\",\"isPartOf\":{\"@id\":\"https:\/\/iberoid-shop.com\/fr\/#website\"},\"primaryImageOfPage\":{\"@id\":\"https:\/\/iberoid-shop.com\/fr\/product\/pack3-masteron-m-ject\/#primaryimage\"},\"image\":{\"@id\":\"https:\/\/iberoid-shop.com\/fr\/product\/pack3-masteron-m-ject\/#primaryimage\"},\"thumbnailUrl\":\"https:\/\/iberoid-shop.com\/wp-content\/uploads\/2025\/12\/3m.jpeg?v=1765114365\",\"datePublished\":\"2025-12-07T13:33:05+00:00\",\"dateModified\":\"2026-03-22T11:03:12+00:00\",\"description\":\"M-JECT (Propionate de Drostanolone) est un puissant st\u00e9ro\u00efde anabolisant d\u00e9riv\u00e9 de la DHT avec de fortes propri\u00e9t\u00e9s anti-\u0153strog\u00e9niques, am\u00e9liorant le durcissement et la d\u00e9finition musculaire.\",\"breadcrumb\":{\"@id\":\"https:\/\/iberoid-shop.com\/fr\/product\/pack3-masteron-m-ject\/#breadcrumb\"},\"inLanguage\":\"fr-FR\",\"potentialAction\":[{\"@type\":\"ReadAction\",\"target\":[[\"https:\/\/iberoid-shop.com\/fr\/product\/pack3-masteron-m-ject\/\"]]}]},{\"@type\":\"ImageObject\",\"inLanguage\":\"fr-FR\",\"@id\":\"https:\/\/iberoid-shop.com\/fr\/product\/pack3-masteron-m-ject\/#primaryimage\",\"url\":\"https:\/\/iberoid-shop.com\/wp-content\/uploads\/2025\/12\/3m.jpeg?v=1765114365\",\"contentUrl\":\"https:\/\/iberoid-shop.com\/wp-content\/uploads\/2025\/12\/3m.jpeg?v=1765114365\",\"width\":1512,\"height\":2016},{\"@type\":\"BreadcrumbList\",\"@id\":\"https:\/\/iberoid-shop.com\/fr\/product\/pack3-masteron-m-ject\/#breadcrumb\",\"itemListElement\":[{\"@type\":\"ListItem\",\"position\":1,\"name\":\"Portada\",\"item\":\"https:\/\/iberoid-shop.com\/fr\/\"},{\"@type\":\"ListItem\",\"position\":2,\"name\":\"Magasin\",\"item\":\"https:\/\/iberoid-shop.com\/fr\/shop\/\"},{\"@type\":\"ListItem\",\"position\":3,\"name\":\"PACK3 M-JECT &#8211; MASTERON\"}]},{\"@type\":\"WebSite\",\"@id\":\"https:\/\/iberoid-shop.com\/fr\/#website\",\"url\":\"https:\/\/iberoid-shop.com\/fr\/\",\"name\":\"(Espa\u00f1ol) Esteroides en l\u00ednea\",\"description\":\"(Espa\u00f1ol) Comprar esteroides en l\u00ednea hoy en Espa\u00f1a y Portugal. Tenemos el mejor servicio al cliente en la industria y los productos de la m\u00e1s alta calidad\",\"potentialAction\":[{\"@type\":\"SearchAction\",\"target\":{\"@type\":\"EntryPoint\",\"urlTemplate\":\"https:\/\/iberoid-shop.com\/fr\/?s={search_term_string}\"},\"query-input\":{\"@type\":\"PropertyValueSpecification\",\"valueRequired\":true,\"valueName\":\"search_term_string\"}}],\"inLanguage\":\"fr-FR\"}]}<\/script>\n<meta property=\"product:brand\" content=\"Mp-Pharm\" \/>\n<meta property=\"product:price:amount\" content=\"100.00\" \/>\n<meta property=\"product:price:currency\" content=\"EUR\" \/>\n<meta property=\"og:availability\" content=\"instock\" \/>\n<meta property=\"product:availability\" content=\"instock\" \/>\n<meta property=\"product:condition\" content=\"new\" \/>\n<!-- \/ Yoast SEO Premium plugin. -->","yoast_head_json":{"title":"PACK3 M-JECT - MASTERON - (Espa\u00f1ol) Esteroides en l\u00ednea","description":"M-JECT (Propionate de Drostanolone) est un puissant st\u00e9ro\u00efde anabolisant d\u00e9riv\u00e9 de la DHT avec de fortes propri\u00e9t\u00e9s anti-\u0153strog\u00e9niques, am\u00e9liorant le durcissement et la d\u00e9finition musculaire.","robots":{"index":"index","follow":"follow","max-snippet":"max-snippet:-1","max-image-preview":"max-image-preview:large","max-video-preview":"max-video-preview:-1"},"canonical":"https:\/\/iberoid-shop.com\/fr\/product\/pack3-masteron-m-ject\/","og_locale":"fr_FR","og_type":"article","og_title":"PACK3 M-JECT - MASTERON","og_description":"M-JECT (Propionate de Drostanolone) est un puissant st\u00e9ro\u00efde anabolisant d\u00e9riv\u00e9 de la DHT avec de fortes propri\u00e9t\u00e9s anti-\u0153strog\u00e9niques, am\u00e9liorant le durcissement et la d\u00e9finition musculaire.","og_url":"https:\/\/iberoid-shop.com\/fr\/product\/pack3-masteron-m-ject\/","og_site_name":"(Espa\u00f1ol) Esteroides en l\u00ednea","article_modified_time":"2026-03-22T11:03:12+00:00","og_image":[{"width":1512,"height":2016,"url":"https:\/\/iberoid-shop.com\/wp-content\/uploads\/2025\/12\/3m.jpeg?v=1765114365","type":"image\/jpeg"}],"twitter_card":"summary_large_image","twitter_misc":{"Prix":"&euro;100.00","Disponibilit\u00e9":"En stock"},"schema":{"@context":"https:\/\/schema.org","@graph":[{"@type":"WebPage","@id":"https:\/\/iberoid-shop.com\/fr\/product\/pack3-masteron-m-ject\/","url":"https:\/\/iberoid-shop.com\/fr\/product\/pack3-masteron-m-ject\/","name":"PACK3 M-JECT - MASTERON - (Espa\u00f1ol) Esteroides en l\u00ednea","isPartOf":{"@id":"https:\/\/iberoid-shop.com\/fr\/#website"},"primaryImageOfPage":{"@id":"https:\/\/iberoid-shop.com\/fr\/product\/pack3-masteron-m-ject\/#primaryimage"},"image":{"@id":"https:\/\/iberoid-shop.com\/fr\/product\/pack3-masteron-m-ject\/#primaryimage"},"thumbnailUrl":"https:\/\/iberoid-shop.com\/wp-content\/uploads\/2025\/12\/3m.jpeg?v=1765114365","datePublished":"2025-12-07T13:33:05+00:00","dateModified":"2026-03-22T11:03:12+00:00","description":"M-JECT (Propionate de Drostanolone) est un puissant st\u00e9ro\u00efde anabolisant d\u00e9riv\u00e9 de la DHT avec de fortes propri\u00e9t\u00e9s anti-\u0153strog\u00e9niques, am\u00e9liorant le durcissement et la d\u00e9finition musculaire.","breadcrumb":{"@id":"https:\/\/iberoid-shop.com\/fr\/product\/pack3-masteron-m-ject\/#breadcrumb"},"inLanguage":"fr-FR","potentialAction":[{"@type":"ReadAction","target":[["https:\/\/iberoid-shop.com\/fr\/product\/pack3-masteron-m-ject\/"]]}]},{"@type":"ImageObject","inLanguage":"fr-FR","@id":"https:\/\/iberoid-shop.com\/fr\/product\/pack3-masteron-m-ject\/#primaryimage","url":"https:\/\/iberoid-shop.com\/wp-content\/uploads\/2025\/12\/3m.jpeg?v=1765114365","contentUrl":"https:\/\/iberoid-shop.com\/wp-content\/uploads\/2025\/12\/3m.jpeg?v=1765114365","width":1512,"height":2016},{"@type":"BreadcrumbList","@id":"https:\/\/iberoid-shop.com\/fr\/product\/pack3-masteron-m-ject\/#breadcrumb","itemListElement":[{"@type":"ListItem","position":1,"name":"Portada","item":"https:\/\/iberoid-shop.com\/fr\/"},{"@type":"ListItem","position":2,"name":"Magasin","item":"https:\/\/iberoid-shop.com\/fr\/shop\/"},{"@type":"ListItem","position":3,"name":"PACK3 M-JECT &#8211; MASTERON"}]},{"@type":"WebSite","@id":"https:\/\/iberoid-shop.com\/fr\/#website","url":"https:\/\/iberoid-shop.com\/fr\/","name":"(Espa\u00f1ol) Esteroides en l\u00ednea","description":"(Espa\u00f1ol) Comprar esteroides en l\u00ednea hoy en Espa\u00f1a y Portugal. Tenemos el mejor servicio al cliente en la industria y los productos de la m\u00e1s alta calidad","potentialAction":[{"@type":"SearchAction","target":{"@type":"EntryPoint","urlTemplate":"https:\/\/iberoid-shop.com\/fr\/?s={search_term_string}"},"query-input":{"@type":"PropertyValueSpecification","valueRequired":true,"valueName":"search_term_string"}}],"inLanguage":"fr-FR"}]},"product_brand":"Mp-Pharm","product_price_amount":"100.00","product_price_currency":"EUR","og_availability":"instock","product_availability":"instock","product_condition":"new"},"_links":{"self":[{"href":"https:\/\/iberoid-shop.com\/fr\/wp-json\/wp\/v2\/product\/10458","targetHints":{"allow":["GET"]}}],"collection":[{"href":"https:\/\/iberoid-shop.com\/fr\/wp-json\/wp\/v2\/product"}],"about":[{"href":"https:\/\/iberoid-shop.com\/fr\/wp-json\/wp\/v2\/types\/product"}],"replies":[{"embeddable":true,"href":"https:\/\/iberoid-shop.com\/fr\/wp-json\/wp\/v2\/comments?post=10458"}],"wp:featuredmedia":[{"embeddable":true,"href":"https:\/\/iberoid-shop.com\/fr\/wp-json\/wp\/v2\/media\/10459"}],"wp:attachment":[{"href":"https:\/\/iberoid-shop.com\/fr\/wp-json\/wp\/v2\/media?parent=10458"}],"wp:term":[{"taxonomy":"product_brand","embeddable":true,"href":"https:\/\/iberoid-shop.com\/fr\/wp-json\/wp\/v2\/product_brand?post=10458"},{"taxonomy":"product_cat","embeddable":true,"href":"https:\/\/iberoid-shop.com\/fr\/wp-json\/wp\/v2\/product_cat?post=10458"},{"taxonomy":"product_tag","embeddable":true,"href":"https:\/\/iberoid-shop.com\/fr\/wp-json\/wp\/v2\/product_tag?post=10458"}],"curies":[{"name":"wp","href":"https:\/\/api.w.org\/{rel}","templated":true}]}}