{"id":10434,"date":"2025-11-28T17:00:47","date_gmt":"2025-11-28T17:00:47","guid":{"rendered":"https:\/\/iberoid-shop.com\/?post_type=product&#038;p=10434"},"modified":"2026-03-29T15:41:55","modified_gmt":"2026-03-29T15:41:55","slug":"cenforce-150-mg-caja-de-100-tabletas","status":"publish","type":"product","link":"https:\/\/iberoid-shop.com\/fr\/product\/cenforce-150-mg-caja-de-100-tabletas\/","title":{"rendered":"CENFORCE 150 mg\/100 tabs"},"content":{"rendered":"<p><\/p>\n<h3 data-path-to-node=\"2\">Qu&rsquo;est-ce que Cenforce 150 Mg ?<\/h3>\n<p data-path-to-node=\"3\">Cenforce 150 Mg est un m\u00e9dicament oral efficace utilis\u00e9 pour le traitement de la Dysfonction \u00c9rectile. Son sel actif est le <b>Citrate de Sild\u00e9nafil<\/b>, qui appartient \u00e0 la classe des inhibiteurs de la Phosphodiest\u00e9rase de type 5 (PDE-5).<\/p>\n<h3 data-path-to-node=\"4\">Quels sont les avantages de prendre Cenforce 150 Mg ?<\/h3>\n<p data-path-to-node=\"5\">Cenforce aide \u00e0 traiter la <b>Dysfonction \u00c9rectile (DE)<\/b> chez les hommes ou les personnes assign\u00e9es hommes \u00e0 la naissance (AHAN). Les comprim\u00e9s de <b>Citrate de Sild\u00e9nafil<\/b> agissent en bloquant l&rsquo;enzyme PDE5.<\/p>\n<p data-path-to-node=\"6\">Cette action augmente le niveau de Monophosphate de Guanosine cyclique (cGMP), ce qui am\u00e9liore \u00e0 son tour le flux sanguin vers le p\u00e9nis et aide \u00e0 obtenir et \u00e0 maintenir une <b>\u00e9rection<\/b> lorsqu&rsquo;une personne est sexuellement stimul\u00e9e.<\/p>\n<p data-path-to-node=\"7\">En plus de la DE, Cenforce aide \u00e9galement \u00e0 traiter l&rsquo;Hypertension Art\u00e9rielle Pulmonaire (HTAP) et l&rsquo;Hypertrophie B\u00e9nigne de la Prostate (prostate \u00e9largie).<\/p>\n<h3 data-path-to-node=\"8\">Comment prendre Cenforce 150 Mg ?<\/h3>\n<p data-path-to-node=\"9\">Cenforce 150 mg est un m\u00e9dicament sur ordonnance qui est b\u00e9n\u00e9fique pour le traitement des <b>probl\u00e8mes de fonction sexuelle<\/b> masculine comme la DE.<\/p>\n<p data-path-to-node=\"10\">Les <b>instructions g\u00e9n\u00e9rales pour la prise de Cenforce<\/b> sont :<\/p>\n<ul data-path-to-node=\"11\">\n<li>\n<p data-path-to-node=\"11,0,0\">Prenez Cenforce environ <b>60 minutes avant<\/b> de vous engager dans toute activit\u00e9 sexuelle avec votre partenaire.<\/p>\n<\/li>\n<li>\n<p data-path-to-node=\"11,1,0\">Avalez le comprim\u00e9 avec de l&rsquo;eau ; <b>ne l&rsquo;\u00e9crasez pas, ne le m\u00e2chez pas et ne le cassez pas<\/b>.<\/p>\n<\/li>\n<li>\n<p data-path-to-node=\"11,2,0\">Il peut \u00eatre pris avec ou sans nourriture, mais le prendre \u00e0 <b>jeun<\/b> donne des r\u00e9sultats plus rapides.<\/p>\n<\/li>\n<li>\n<p data-path-to-node=\"11,3,0\"><b>Ne prenez pas plus d&rsquo;un comprim\u00e9<\/b> sur une p\u00e9riode de 24 heures.<\/p>\n<\/li>\n<\/ul>\n<p><\/p>","protected":false},"excerpt":{"rendered":"<p>Qu&rsquo;est-ce que Cenforce 150 Mg ? Cenforce 150 Mg est un m\u00e9dicament oral efficace utilis\u00e9 pour le traitement de la<\/p>\n","protected":false},"featured_media":10435,"comment_status":"open","ping_status":"closed","template":"","meta":[],"product_brand":[],"product_cat":[73],"product_tag":[],"class_list":{"0":"post-10434","1":"product","2":"type-product","3":"status-publish","4":"has-post-thumbnail","6":"product_cat-ssteroides_orales","8":"first","9":"outofstock","10":"sale","11":"shipping-taxable","12":"purchasable","13":"product-type-simple"},"yoast_head":"<!-- This site is optimized with the Yoast SEO Premium plugin v24.4 (Yoast SEO v27.3) - https:\/\/yoast.com\/product\/yoast-seo-premium-wordpress\/ -->\n<title>CENFORCE 150 mg\/100 tabs - (Espa\u00f1ol) Esteroides en l\u00ednea<\/title>\n<meta name=\"description\" content=\"Cenforce 150 Mg (Sild\u00e9nafil) traite la dysfonction \u00e9rectile en augmentant le flux sanguin pour des \u00e9rections fermes et durables.\" \/>\n<meta name=\"robots\" content=\"index, follow, max-snippet:-1, max-image-preview:large, max-video-preview:-1\" \/>\n<link rel=\"canonical\" href=\"https:\/\/iberoid-shop.com\/fr\/product\/cenforce-150-mg-caja-de-100-tabletas\/\" \/>\n<meta property=\"og:locale\" content=\"fr_FR\" \/>\n<meta property=\"og:type\" content=\"article\" \/>\n<meta property=\"og:title\" content=\"CENFORCE 150 mg\/100 tabs\" \/>\n<meta property=\"og:description\" content=\"Cenforce 150 Mg (Sild\u00e9nafil) traite la dysfonction \u00e9rectile en augmentant le flux sanguin pour des \u00e9rections fermes et durables.\" \/>\n<meta property=\"og:url\" content=\"https:\/\/iberoid-shop.com\/fr\/product\/cenforce-150-mg-caja-de-100-tabletas\/\" \/>\n<meta property=\"og:site_name\" content=\"(Espa\u00f1ol) Esteroides en l\u00ednea\" \/>\n<meta property=\"article:modified_time\" content=\"2026-03-29T15:41:55+00:00\" \/>\n<meta property=\"og:image\" content=\"https:\/\/iberoid-shop.com\/wp-content\/uploads\/2025\/11\/cenforce-150-mg-tablets-1673336654-6712140.jpeg?v=1764349218\" \/>\n\t<meta property=\"og:image:width\" content=\"456\" \/>\n\t<meta property=\"og:image:height\" content=\"345\" \/>\n\t<meta property=\"og:image:type\" content=\"image\/jpeg\" \/>\n<meta name=\"twitter:card\" content=\"summary_large_image\" \/>\n<meta name=\"twitter:label1\" content=\"Prix\" \/>\n\t<meta name=\"twitter:data1\" content=\"&euro;65.00\" \/>\n\t<meta name=\"twitter:label2\" content=\"Disponibilit\u00e9\" \/>\n\t<meta name=\"twitter:data2\" content=\"Rupture de stock\" \/>\n<script type=\"application\/ld+json\" class=\"yoast-schema-graph\">{\"@context\":\"https:\\\/\\\/schema.org\",\"@graph\":[{\"@type\":\"WebPage\",\"@id\":\"https:\\\/\\\/iberoid-shop.com\\\/fr\\\/product\\\/cenforce-150-mg-caja-de-100-tabletas\\\/\",\"url\":\"https:\\\/\\\/iberoid-shop.com\\\/fr\\\/product\\\/cenforce-150-mg-caja-de-100-tabletas\\\/\",\"name\":\"CENFORCE 150 mg\\\/100 tabs - (Espa\u00f1ol) Esteroides en l\u00ednea\",\"isPartOf\":{\"@id\":\"https:\\\/\\\/iberoid.com\\\/#website\"},\"primaryImageOfPage\":{\"@id\":\"https:\\\/\\\/iberoid-shop.com\\\/fr\\\/product\\\/cenforce-150-mg-caja-de-100-tabletas\\\/#primaryimage\"},\"image\":{\"@id\":\"https:\\\/\\\/iberoid-shop.com\\\/fr\\\/product\\\/cenforce-150-mg-caja-de-100-tabletas\\\/#primaryimage\"},\"thumbnailUrl\":\"https:\\\/\\\/iberoid-shop.com\\\/wp-content\\\/uploads\\\/2025\\\/11\\\/cenforce-150-mg-tablets-1673336654-6712140.jpeg?v=1764349218\",\"datePublished\":\"2025-11-28T17:00:47+00:00\",\"dateModified\":\"2026-03-29T15:41:55+00:00\",\"description\":\"Cenforce 150 Mg (Sild\u00e9nafil) traite la dysfonction \u00e9rectile en augmentant le flux sanguin pour des \u00e9rections fermes et durables.\",\"breadcrumb\":{\"@id\":\"https:\\\/\\\/iberoid-shop.com\\\/fr\\\/product\\\/cenforce-150-mg-caja-de-100-tabletas\\\/#breadcrumb\"},\"inLanguage\":\"fr-FR\",\"potentialAction\":[{\"@type\":\"ReadAction\",\"target\":[[\"https:\\\/\\\/iberoid-shop.com\\\/fr\\\/product\\\/cenforce-150-mg-caja-de-100-tabletas\\\/\"]]}]},{\"@type\":\"ImageObject\",\"inLanguage\":\"fr-FR\",\"@id\":\"https:\\\/\\\/iberoid-shop.com\\\/fr\\\/product\\\/cenforce-150-mg-caja-de-100-tabletas\\\/#primaryimage\",\"url\":\"https:\\\/\\\/iberoid-shop.com\\\/wp-content\\\/uploads\\\/2025\\\/11\\\/cenforce-150-mg-tablets-1673336654-6712140.jpeg?v=1764349218\",\"contentUrl\":\"https:\\\/\\\/iberoid-shop.com\\\/wp-content\\\/uploads\\\/2025\\\/11\\\/cenforce-150-mg-tablets-1673336654-6712140.jpeg?v=1764349218\",\"width\":456,\"height\":345},{\"@type\":\"BreadcrumbList\",\"@id\":\"https:\\\/\\\/iberoid-shop.com\\\/fr\\\/product\\\/cenforce-150-mg-caja-de-100-tabletas\\\/#breadcrumb\",\"itemListElement\":[{\"@type\":\"ListItem\",\"position\":1,\"name\":\"Portada\",\"item\":\"https:\\\/\\\/iberoid.com\\\/\"},{\"@type\":\"ListItem\",\"position\":2,\"name\":\"Magasin\",\"item\":\"https:\\\/\\\/iberoid-shop.com\\\/fr\\\/shop\\\/\"},{\"@type\":\"ListItem\",\"position\":3,\"name\":\"CENFORCE 150 mg\\\/100 tabs\"}]},{\"@type\":\"WebSite\",\"@id\":\"https:\\\/\\\/iberoid.com\\\/#website\",\"url\":\"https:\\\/\\\/iberoid.com\\\/\",\"name\":\"(Espa\u00f1ol) Esteroides en l\u00ednea\",\"description\":\"(Espa\u00f1ol) Comprar esteroides en l\u00ednea hoy en Espa\u00f1a y Portugal. Tenemos el mejor servicio al cliente en la industria y los productos de la m\u00e1s alta calidad\",\"potentialAction\":[{\"@type\":\"SearchAction\",\"target\":{\"@type\":\"EntryPoint\",\"urlTemplate\":\"https:\\\/\\\/iberoid.com\\\/?s={search_term_string}\"},\"query-input\":{\"@type\":\"PropertyValueSpecification\",\"valueRequired\":true,\"valueName\":\"search_term_string\"}}],\"inLanguage\":\"fr-FR\"}]}<\/script>\n<meta property=\"product:brand\" content=\"Cenforce\" \/>\n<meta property=\"product:price:amount\" content=\"65.00\" \/>\n<meta property=\"product:price:currency\" content=\"EUR\" \/>\n<meta property=\"og:availability\" content=\"out of stock\" \/>\n<meta property=\"product:availability\" content=\"out of stock\" \/>\n<meta property=\"product:condition\" content=\"new\" \/>\n<!-- \/ Yoast SEO Premium plugin. -->","yoast_head_json":{"title":"CENFORCE 150 mg\/100 tabs - (Espa\u00f1ol) Esteroides en l\u00ednea","description":"Cenforce 150 Mg (Sild\u00e9nafil) traite la dysfonction \u00e9rectile en augmentant le flux sanguin pour des \u00e9rections fermes et durables.","robots":{"index":"index","follow":"follow","max-snippet":"max-snippet:-1","max-image-preview":"max-image-preview:large","max-video-preview":"max-video-preview:-1"},"canonical":"https:\/\/iberoid-shop.com\/fr\/product\/cenforce-150-mg-caja-de-100-tabletas\/","og_locale":"fr_FR","og_type":"article","og_title":"CENFORCE 150 mg\/100 tabs","og_description":"Cenforce 150 Mg (Sild\u00e9nafil) traite la dysfonction \u00e9rectile en augmentant le flux sanguin pour des \u00e9rections fermes et durables.","og_url":"https:\/\/iberoid-shop.com\/fr\/product\/cenforce-150-mg-caja-de-100-tabletas\/","og_site_name":"(Espa\u00f1ol) Esteroides en l\u00ednea","article_modified_time":"2026-03-29T15:41:55+00:00","og_image":[{"width":456,"height":345,"url":"https:\/\/iberoid-shop.com\/wp-content\/uploads\/2025\/11\/cenforce-150-mg-tablets-1673336654-6712140.jpeg?v=1764349218","type":"image\/jpeg"}],"twitter_card":"summary_large_image","twitter_misc":{"Prix":"&euro;65.00","Disponibilit\u00e9":"Rupture de stock"},"schema":{"@context":"https:\/\/schema.org","@graph":[{"@type":"WebPage","@id":"https:\/\/iberoid-shop.com\/fr\/product\/cenforce-150-mg-caja-de-100-tabletas\/","url":"https:\/\/iberoid-shop.com\/fr\/product\/cenforce-150-mg-caja-de-100-tabletas\/","name":"CENFORCE 150 mg\/100 tabs - (Espa\u00f1ol) Esteroides en l\u00ednea","isPartOf":{"@id":"https:\/\/iberoid.com\/#website"},"primaryImageOfPage":{"@id":"https:\/\/iberoid-shop.com\/fr\/product\/cenforce-150-mg-caja-de-100-tabletas\/#primaryimage"},"image":{"@id":"https:\/\/iberoid-shop.com\/fr\/product\/cenforce-150-mg-caja-de-100-tabletas\/#primaryimage"},"thumbnailUrl":"https:\/\/iberoid-shop.com\/wp-content\/uploads\/2025\/11\/cenforce-150-mg-tablets-1673336654-6712140.jpeg?v=1764349218","datePublished":"2025-11-28T17:00:47+00:00","dateModified":"2026-03-29T15:41:55+00:00","description":"Cenforce 150 Mg (Sild\u00e9nafil) traite la dysfonction \u00e9rectile en augmentant le flux sanguin pour des \u00e9rections fermes et durables.","breadcrumb":{"@id":"https:\/\/iberoid-shop.com\/fr\/product\/cenforce-150-mg-caja-de-100-tabletas\/#breadcrumb"},"inLanguage":"fr-FR","potentialAction":[{"@type":"ReadAction","target":[["https:\/\/iberoid-shop.com\/fr\/product\/cenforce-150-mg-caja-de-100-tabletas\/"]]}]},{"@type":"ImageObject","inLanguage":"fr-FR","@id":"https:\/\/iberoid-shop.com\/fr\/product\/cenforce-150-mg-caja-de-100-tabletas\/#primaryimage","url":"https:\/\/iberoid-shop.com\/wp-content\/uploads\/2025\/11\/cenforce-150-mg-tablets-1673336654-6712140.jpeg?v=1764349218","contentUrl":"https:\/\/iberoid-shop.com\/wp-content\/uploads\/2025\/11\/cenforce-150-mg-tablets-1673336654-6712140.jpeg?v=1764349218","width":456,"height":345},{"@type":"BreadcrumbList","@id":"https:\/\/iberoid-shop.com\/fr\/product\/cenforce-150-mg-caja-de-100-tabletas\/#breadcrumb","itemListElement":[{"@type":"ListItem","position":1,"name":"Portada","item":"https:\/\/iberoid.com\/"},{"@type":"ListItem","position":2,"name":"Magasin","item":"https:\/\/iberoid-shop.com\/fr\/shop\/"},{"@type":"ListItem","position":3,"name":"CENFORCE 150 mg\/100 tabs"}]},{"@type":"WebSite","@id":"https:\/\/iberoid.com\/#website","url":"https:\/\/iberoid.com\/","name":"(Espa\u00f1ol) Esteroides en l\u00ednea","description":"(Espa\u00f1ol) Comprar esteroides en l\u00ednea hoy en Espa\u00f1a y Portugal. Tenemos el mejor servicio al cliente en la industria y los productos de la m\u00e1s alta calidad","potentialAction":[{"@type":"SearchAction","target":{"@type":"EntryPoint","urlTemplate":"https:\/\/iberoid.com\/?s={search_term_string}"},"query-input":{"@type":"PropertyValueSpecification","valueRequired":true,"valueName":"search_term_string"}}],"inLanguage":"fr-FR"}]},"product_brand":"Cenforce","product_price_amount":"65.00","product_price_currency":"EUR","og_availability":"out of stock","product_availability":"out of stock","product_condition":"new"},"_links":{"self":[{"href":"https:\/\/iberoid-shop.com\/fr\/wp-json\/wp\/v2\/product\/10434","targetHints":{"allow":["GET"]}}],"collection":[{"href":"https:\/\/iberoid-shop.com\/fr\/wp-json\/wp\/v2\/product"}],"about":[{"href":"https:\/\/iberoid-shop.com\/fr\/wp-json\/wp\/v2\/types\/product"}],"replies":[{"embeddable":true,"href":"https:\/\/iberoid-shop.com\/fr\/wp-json\/wp\/v2\/comments?post=10434"}],"wp:featuredmedia":[{"embeddable":true,"href":"https:\/\/iberoid-shop.com\/fr\/wp-json\/wp\/v2\/media\/10435"}],"wp:attachment":[{"href":"https:\/\/iberoid-shop.com\/fr\/wp-json\/wp\/v2\/media?parent=10434"}],"wp:term":[{"taxonomy":"product_brand","embeddable":true,"href":"https:\/\/iberoid-shop.com\/fr\/wp-json\/wp\/v2\/product_brand?post=10434"},{"taxonomy":"product_cat","embeddable":true,"href":"https:\/\/iberoid-shop.com\/fr\/wp-json\/wp\/v2\/product_cat?post=10434"},{"taxonomy":"product_tag","embeddable":true,"href":"https:\/\/iberoid-shop.com\/fr\/wp-json\/wp\/v2\/product_tag?post=10434"}],"curies":[{"name":"wp","href":"https:\/\/api.w.org\/{rel}","templated":true}]}}