{"id":10374,"date":"2025-10-12T11:36:09","date_gmt":"2025-10-12T11:36:09","guid":{"rendered":"https:\/\/iberoid-shop.com\/?post_type=product&#038;p=10374"},"modified":"2026-02-18T09:11:39","modified_gmt":"2026-02-18T09:11:39","slug":"susta-gen-sustanon","status":"publish","type":"product","link":"https:\/\/iberoid-shop.com\/fr\/product\/susta-gen-sustanon\/","title":{"rendered":"SUSTA-GEN &#8211; SUSTANON"},"content":{"rendered":"<p><\/p>\n<p data-path-to-node=\"1\"><b>Achetez du Sustanon pour aider \u00e0 d\u00e9velopper une masse musculaire impressionnante et rendre les muscles plus forts et plus durs. Son action permet une lib\u00e9ration rapide mais \u00e9chelonn\u00e9e de l&rsquo;hormone testost\u00e9rone, ce qui garantit que les b\u00e9n\u00e9fices durent beaucoup plus longtemps.<\/b><\/p>\n<p data-path-to-node=\"2\"><b>SUSTA-GEN<\/b> est un m\u00e9lange unique de testost\u00e9rone qui se compose de quatre formes diff\u00e9rentes d&rsquo;ester de testost\u00e9rone, qui offrent des avantages durables pour la musculation et la performance athl\u00e9tique. C&rsquo;est l&rsquo;un des st\u00e9ro\u00efdes anabolisants les plus populaires sur le march\u00e9.<\/p>\n<h3 data-path-to-node=\"3\">Avantages du Sustanon<\/h3>\n<p data-path-to-node=\"4\">Il existe diff\u00e9rents types de compos\u00e9s de Sustanon, dont <b>SUSTA-GEN<\/b> est le plus populaire et le plus largement utilis\u00e9 par les culturistes en Europe et en Am\u00e9rique du Nord. Les avantages du <b>SUSTA-GEN<\/b> sont des trois types suivants :<\/p>\n<ul data-path-to-node=\"5\">\n<li>\n<p data-path-to-node=\"5,0,0\"><b>Pour le D\u00e9veloppement Musculaire.<\/b> <b>SUSTA-GEN<\/b> est riche en calories et vous procure des gains musculaires impressionnants, mais sans graisse corporelle. Il est charg\u00e9 en testost\u00e9rone, ce qui am\u00e9liore votre taux m\u00e9tabolique et vous aide \u00e0 prendre du volume (bulk up) beaucoup plus rapidement.<\/p>\n<\/li>\n<li>\n<p data-path-to-node=\"5,1,0\"><b>Pour le Cycle de S\u00e8che (Cutting).<\/b> <b>SUSTA-GEN<\/b> vous aide \u00e0 d\u00e9velopper une masse musculaire maigre. Il vous aide \u00e0 br\u00fbler les graisses rapidement pendant la phase de s\u00e8che, mais sans aucune perte de masse musculaire maigre.<\/p>\n<\/li>\n<li>\n<p data-path-to-node=\"5,2,0\"><b>Am\u00e9liore la Performance Athl\u00e9tique.<\/b> <b>SUSTA-GEN<\/b> construit de la masse musculaire maigre, r\u00e9duit la graisse corporelle et augmente l&rsquo;endurance musculaire. Il d\u00e9clenche la lib\u00e9ration rapide mais d\u00e9lib\u00e9r\u00e9e de testost\u00e9rone, ce qui signifie que ses effets durent beaucoup plus longtemps. Cela fait de ce st\u00e9ro\u00efde anabolisant un suppl\u00e9ment id\u00e9al pour am\u00e9liorer la performance athl\u00e9tique.<\/p>\n<\/li>\n<\/ul>\n<h3 data-path-to-node=\"6\">Comment Fonctionne le Sustanon?<\/h3>\n<p data-path-to-node=\"7\"><b>SUSTA-GEN<\/b> est essentiellement un m\u00e9lange de quatre esters diff\u00e9rents de testost\u00e9rone. Lorsque vous injectez <b>SUSTA-GEN<\/b> dans votre corps, vous injectez fondamentalement l&rsquo;hormone testost\u00e9rone.<\/p>\n<p data-path-to-node=\"8\">Le Sustanon est efficace car il contient non seulement les esters de testost\u00e9rone \u00e0 lib\u00e9ration lente d\u00e9caonate et isocaproate, mais aussi les esters de testost\u00e9rone \u00e0 lib\u00e9ration rapide propionate et ph\u00e9nylpropionate.<\/p>\n<p data-path-to-node=\"9\">C&rsquo;est la raison pour laquelle vous conna\u00eetrez une lib\u00e9ration de testost\u00e9rone beaucoup plus rapide chaque fois que vous injecterez ce st\u00e9ro\u00efde anabolisant, et l&rsquo;effet se maintiendra pendant une p\u00e9riode beaucoup plus longue.<\/p>\n<h3 data-path-to-node=\"10\">Empilement (Stacking) avec le Sustanon<\/h3>\n<p data-path-to-node=\"11\"><b>SUSTA-GEN<\/b> est similaire \u00e0 l&rsquo;\u00c9nanthate de Testost\u00e9rone \u00e0 bien des \u00e9gards. Il est g\u00e9n\u00e9ralement utilis\u00e9 pendant le cycle de prise de masse (bulking) lorsque votre objectif est de construire une masse musculaire beaucoup plus grande.<\/p>\n<p data-path-to-node=\"12\">Il peut \u00eatre tr\u00e8s efficace lorsqu&rsquo;il est empil\u00e9 avec Dianabol et Anadrol pendant la phase de prise de masse, et avec Anavar, Trenbolone, Winstrol, Masteron et Primobolan pendant la phase de s\u00e8che (cutting).<\/p>\n<p data-path-to-node=\"13\"><b>SUSTA-GEN<\/b> s&#8217;empile bien avec un certain nombre de st\u00e9ro\u00efdes anabolisants tels que Deca Durabolin ou Nandrolone pendant le cycle hors saison.<\/p>\n<h3 data-path-to-node=\"14\">Comment Prendre le Sustanon?<\/h3>\n<p data-path-to-node=\"15\">Pour les hommes ayant des niveaux de testost\u00e9rone tr\u00e8s bas, un dosage de 250 mg de <b>SUSTA-GEN<\/b> par semaine est recommand\u00e9. Mais pour ceux ayant des niveaux normaux de testost\u00e9rone, qui veulent exp\u00e9rimenter tous les avantages du cycle de st\u00e9ro\u00efdes pour le d\u00e9veloppement musculaire, un dosage de 500 mg par semaine est consid\u00e9r\u00e9 comme optimal.<\/p>\n<p data-path-to-node=\"16\">Les culturistes exp\u00e9riment\u00e9s optent pour un dosage plus \u00e9lev\u00e9 de <b>SUSTA-GEN<\/b>, tel qu&rsquo;entre 750 mg et 1 000 mg par semaine. Un dosage plus \u00e9lev\u00e9 ne devrait \u00eatre pris que si les r\u00e9sultats ne correspondent pas \u00e0 vos attentes ou sont devenus statiques.<\/p>\n<p><\/p>","protected":false},"excerpt":{"rendered":"<p>Achetez du Sustanon pour aider \u00e0 d\u00e9velopper une masse musculaire impressionnante et rendre les muscles plus forts et plus durs.<\/p>\n","protected":false},"featured_media":10375,"comment_status":"open","ping_status":"closed","template":"","meta":[],"product_brand":[3529,3530],"product_cat":[69],"product_tag":[],"class_list":{"0":"post-10374","1":"product","2":"type-product","3":"status-publish","4":"has-post-thumbnail","6":"product_brand-gd-gold-dragon-ltd","7":"product_brand-mp-pharm-muscle-pharm","8":"product_cat-esteroides_inyectables","10":"first","11":"instock","12":"shipping-taxable","13":"purchasable","14":"product-type-simple"},"yoast_head":"<!-- This site is optimized with the Yoast SEO Premium plugin v24.4 (Yoast SEO v27.0) - https:\/\/yoast.com\/product\/yoast-seo-premium-wordpress\/ -->\n<title>SUSTA-GEN - SUSTANON - (Espa\u00f1ol) Esteroides en l\u00ednea<\/title>\n<meta name=\"description\" content=\"SUSTA-GEN est un m\u00e9lange de 4 esters de testost\u00e9rone qui augmente la masse musculaire, la force et l&#039;endurance avec des effets durables.\" \/>\n<meta name=\"robots\" content=\"index, follow, max-snippet:-1, max-image-preview:large, max-video-preview:-1\" \/>\n<link rel=\"canonical\" href=\"https:\/\/iberoid-shop.com\/fr\/product\/susta-gen-sustanon\/\" \/>\n<meta property=\"og:locale\" content=\"fr_FR\" \/>\n<meta property=\"og:type\" content=\"article\" \/>\n<meta property=\"og:title\" content=\"SUSTA-GEN - SUSTANON\" \/>\n<meta property=\"og:description\" content=\"SUSTA-GEN est un m\u00e9lange de 4 esters de testost\u00e9rone qui augmente la masse musculaire, la force et l&#039;endurance avec des effets durables.\" \/>\n<meta property=\"og:url\" content=\"https:\/\/iberoid-shop.com\/fr\/product\/susta-gen-sustanon\/\" \/>\n<meta property=\"og:site_name\" content=\"(Espa\u00f1ol) Esteroides en l\u00ednea\" \/>\n<meta property=\"article:modified_time\" content=\"2026-02-18T09:11:39+00:00\" \/>\n<meta property=\"og:image\" content=\"https:\/\/iberoid-shop.com\/wp-content\/uploads\/2025\/10\/SUSTAGEN.jpeg?v=1760268777\" \/>\n\t<meta property=\"og:image:width\" content=\"1080\" \/>\n\t<meta property=\"og:image:height\" content=\"1080\" \/>\n\t<meta property=\"og:image:type\" content=\"image\/jpeg\" \/>\n<meta name=\"twitter:card\" content=\"summary_large_image\" \/>\n<meta name=\"twitter:label1\" content=\"Prix\" \/>\n\t<meta name=\"twitter:data1\" content=\"&euro;30.00\" \/>\n\t<meta name=\"twitter:label2\" content=\"Disponibilit\u00e9\" \/>\n\t<meta name=\"twitter:data2\" content=\"En stock\" \/>\n<script type=\"application\/ld+json\" class=\"yoast-schema-graph\">{\"@context\":\"https:\/\/schema.org\",\"@graph\":[{\"@type\":\"WebPage\",\"@id\":\"https:\/\/iberoid-shop.com\/fr\/product\/susta-gen-sustanon\/\",\"url\":\"https:\/\/iberoid-shop.com\/fr\/product\/susta-gen-sustanon\/\",\"name\":\"SUSTA-GEN - SUSTANON - (Espa\u00f1ol) Esteroides en l\u00ednea\",\"isPartOf\":{\"@id\":\"https:\/\/iberoid-shop.com\/fr\/#website\"},\"primaryImageOfPage\":{\"@id\":\"https:\/\/iberoid-shop.com\/fr\/product\/susta-gen-sustanon\/#primaryimage\"},\"image\":{\"@id\":\"https:\/\/iberoid-shop.com\/fr\/product\/susta-gen-sustanon\/#primaryimage\"},\"thumbnailUrl\":\"https:\/\/iberoid-shop.com\/wp-content\/uploads\/2025\/10\/SUSTAGEN.jpeg?v=1760268777\",\"datePublished\":\"2025-10-12T11:36:09+00:00\",\"dateModified\":\"2026-02-18T09:11:39+00:00\",\"description\":\"SUSTA-GEN est un m\u00e9lange de 4 esters de testost\u00e9rone qui augmente la masse musculaire, la force et l'endurance avec des effets durables.\",\"breadcrumb\":{\"@id\":\"https:\/\/iberoid-shop.com\/fr\/product\/susta-gen-sustanon\/#breadcrumb\"},\"inLanguage\":\"fr-FR\",\"potentialAction\":[{\"@type\":\"ReadAction\",\"target\":[[\"https:\/\/iberoid-shop.com\/fr\/product\/susta-gen-sustanon\/\"]]}]},{\"@type\":\"ImageObject\",\"inLanguage\":\"fr-FR\",\"@id\":\"https:\/\/iberoid-shop.com\/fr\/product\/susta-gen-sustanon\/#primaryimage\",\"url\":\"https:\/\/iberoid-shop.com\/wp-content\/uploads\/2025\/10\/SUSTAGEN.jpeg?v=1760268777\",\"contentUrl\":\"https:\/\/iberoid-shop.com\/wp-content\/uploads\/2025\/10\/SUSTAGEN.jpeg?v=1760268777\",\"width\":1080,\"height\":1080},{\"@type\":\"BreadcrumbList\",\"@id\":\"https:\/\/iberoid-shop.com\/fr\/product\/susta-gen-sustanon\/#breadcrumb\",\"itemListElement\":[{\"@type\":\"ListItem\",\"position\":1,\"name\":\"Portada\",\"item\":\"https:\/\/iberoid-shop.com\/fr\/\"},{\"@type\":\"ListItem\",\"position\":2,\"name\":\"Magasin\",\"item\":\"https:\/\/iberoid-shop.com\/fr\/shop\/\"},{\"@type\":\"ListItem\",\"position\":3,\"name\":\"SUSTA-GEN &#8211; SUSTANON\"}]},{\"@type\":\"WebSite\",\"@id\":\"https:\/\/iberoid-shop.com\/fr\/#website\",\"url\":\"https:\/\/iberoid-shop.com\/fr\/\",\"name\":\"(Espa\u00f1ol) Esteroides en l\u00ednea\",\"description\":\"(Espa\u00f1ol) Comprar esteroides en l\u00ednea hoy en Espa\u00f1a y Portugal. Tenemos el mejor servicio al cliente en la industria y los productos de la m\u00e1s alta calidad\",\"potentialAction\":[{\"@type\":\"SearchAction\",\"target\":{\"@type\":\"EntryPoint\",\"urlTemplate\":\"https:\/\/iberoid-shop.com\/fr\/?s={search_term_string}\"},\"query-input\":{\"@type\":\"PropertyValueSpecification\",\"valueRequired\":true,\"valueName\":\"search_term_string\"}}],\"inLanguage\":\"fr-FR\"}]}<\/script>\n<meta property=\"product:brand\" content=\"Golden Dragon\" \/>\n<meta property=\"product:price:amount\" content=\"30.00\" \/>\n<meta property=\"product:price:currency\" content=\"EUR\" \/>\n<meta property=\"og:availability\" content=\"instock\" \/>\n<meta property=\"product:availability\" content=\"instock\" \/>\n<meta property=\"product:condition\" content=\"new\" \/>\n<!-- \/ Yoast SEO Premium plugin. -->","yoast_head_json":{"title":"SUSTA-GEN - SUSTANON - (Espa\u00f1ol) Esteroides en l\u00ednea","description":"SUSTA-GEN est un m\u00e9lange de 4 esters de testost\u00e9rone qui augmente la masse musculaire, la force et l'endurance avec des effets durables.","robots":{"index":"index","follow":"follow","max-snippet":"max-snippet:-1","max-image-preview":"max-image-preview:large","max-video-preview":"max-video-preview:-1"},"canonical":"https:\/\/iberoid-shop.com\/fr\/product\/susta-gen-sustanon\/","og_locale":"fr_FR","og_type":"article","og_title":"SUSTA-GEN - SUSTANON","og_description":"SUSTA-GEN est un m\u00e9lange de 4 esters de testost\u00e9rone qui augmente la masse musculaire, la force et l'endurance avec des effets durables.","og_url":"https:\/\/iberoid-shop.com\/fr\/product\/susta-gen-sustanon\/","og_site_name":"(Espa\u00f1ol) Esteroides en l\u00ednea","article_modified_time":"2026-02-18T09:11:39+00:00","og_image":[{"width":1080,"height":1080,"url":"https:\/\/iberoid-shop.com\/wp-content\/uploads\/2025\/10\/SUSTAGEN.jpeg?v=1760268777","type":"image\/jpeg"}],"twitter_card":"summary_large_image","twitter_misc":{"Prix":"&euro;30.00","Disponibilit\u00e9":"En stock"},"schema":{"@context":"https:\/\/schema.org","@graph":[{"@type":"WebPage","@id":"https:\/\/iberoid-shop.com\/fr\/product\/susta-gen-sustanon\/","url":"https:\/\/iberoid-shop.com\/fr\/product\/susta-gen-sustanon\/","name":"SUSTA-GEN - SUSTANON - (Espa\u00f1ol) Esteroides en l\u00ednea","isPartOf":{"@id":"https:\/\/iberoid-shop.com\/fr\/#website"},"primaryImageOfPage":{"@id":"https:\/\/iberoid-shop.com\/fr\/product\/susta-gen-sustanon\/#primaryimage"},"image":{"@id":"https:\/\/iberoid-shop.com\/fr\/product\/susta-gen-sustanon\/#primaryimage"},"thumbnailUrl":"https:\/\/iberoid-shop.com\/wp-content\/uploads\/2025\/10\/SUSTAGEN.jpeg?v=1760268777","datePublished":"2025-10-12T11:36:09+00:00","dateModified":"2026-02-18T09:11:39+00:00","description":"SUSTA-GEN est un m\u00e9lange de 4 esters de testost\u00e9rone qui augmente la masse musculaire, la force et l'endurance avec des effets durables.","breadcrumb":{"@id":"https:\/\/iberoid-shop.com\/fr\/product\/susta-gen-sustanon\/#breadcrumb"},"inLanguage":"fr-FR","potentialAction":[{"@type":"ReadAction","target":[["https:\/\/iberoid-shop.com\/fr\/product\/susta-gen-sustanon\/"]]}]},{"@type":"ImageObject","inLanguage":"fr-FR","@id":"https:\/\/iberoid-shop.com\/fr\/product\/susta-gen-sustanon\/#primaryimage","url":"https:\/\/iberoid-shop.com\/wp-content\/uploads\/2025\/10\/SUSTAGEN.jpeg?v=1760268777","contentUrl":"https:\/\/iberoid-shop.com\/wp-content\/uploads\/2025\/10\/SUSTAGEN.jpeg?v=1760268777","width":1080,"height":1080},{"@type":"BreadcrumbList","@id":"https:\/\/iberoid-shop.com\/fr\/product\/susta-gen-sustanon\/#breadcrumb","itemListElement":[{"@type":"ListItem","position":1,"name":"Portada","item":"https:\/\/iberoid-shop.com\/fr\/"},{"@type":"ListItem","position":2,"name":"Magasin","item":"https:\/\/iberoid-shop.com\/fr\/shop\/"},{"@type":"ListItem","position":3,"name":"SUSTA-GEN &#8211; SUSTANON"}]},{"@type":"WebSite","@id":"https:\/\/iberoid-shop.com\/fr\/#website","url":"https:\/\/iberoid-shop.com\/fr\/","name":"(Espa\u00f1ol) Esteroides en l\u00ednea","description":"(Espa\u00f1ol) Comprar esteroides en l\u00ednea hoy en Espa\u00f1a y Portugal. Tenemos el mejor servicio al cliente en la industria y los productos de la m\u00e1s alta calidad","potentialAction":[{"@type":"SearchAction","target":{"@type":"EntryPoint","urlTemplate":"https:\/\/iberoid-shop.com\/fr\/?s={search_term_string}"},"query-input":{"@type":"PropertyValueSpecification","valueRequired":true,"valueName":"search_term_string"}}],"inLanguage":"fr-FR"}]},"product_brand":"Golden Dragon","product_price_amount":"30.00","product_price_currency":"EUR","og_availability":"instock","product_availability":"instock","product_condition":"new"},"_links":{"self":[{"href":"https:\/\/iberoid-shop.com\/fr\/wp-json\/wp\/v2\/product\/10374","targetHints":{"allow":["GET"]}}],"collection":[{"href":"https:\/\/iberoid-shop.com\/fr\/wp-json\/wp\/v2\/product"}],"about":[{"href":"https:\/\/iberoid-shop.com\/fr\/wp-json\/wp\/v2\/types\/product"}],"replies":[{"embeddable":true,"href":"https:\/\/iberoid-shop.com\/fr\/wp-json\/wp\/v2\/comments?post=10374"}],"wp:featuredmedia":[{"embeddable":true,"href":"https:\/\/iberoid-shop.com\/fr\/wp-json\/wp\/v2\/media\/10375"}],"wp:attachment":[{"href":"https:\/\/iberoid-shop.com\/fr\/wp-json\/wp\/v2\/media?parent=10374"}],"wp:term":[{"taxonomy":"product_brand","embeddable":true,"href":"https:\/\/iberoid-shop.com\/fr\/wp-json\/wp\/v2\/product_brand?post=10374"},{"taxonomy":"product_cat","embeddable":true,"href":"https:\/\/iberoid-shop.com\/fr\/wp-json\/wp\/v2\/product_cat?post=10374"},{"taxonomy":"product_tag","embeddable":true,"href":"https:\/\/iberoid-shop.com\/fr\/wp-json\/wp\/v2\/product_tag?post=10374"}],"curies":[{"name":"wp","href":"https:\/\/api.w.org\/{rel}","templated":true}]}}