{"id":10371,"date":"2025-10-12T11:29:50","date_gmt":"2025-10-12T11:29:50","guid":{"rendered":"https:\/\/iberoid-shop.com\/?post_type=product&#038;p=10371"},"modified":"2026-03-23T23:52:25","modified_gmt":"2026-03-23T23:52:25","slug":"testo-gen-testosteron-enanthate","status":"publish","type":"product","link":"https:\/\/iberoid-shop.com\/fr\/product\/testo-gen-testosteron-enanthate\/","title":{"rendered":"TESTO-GEN &#8211; testosteron enanthate"},"content":{"rendered":"<p><\/p>\n<h2 data-path-to-node=\"1\">\u00c9nanthate de Testost\u00e9rone : Propri\u00e9t\u00e9s et Avantages<\/h2>\n<p data-path-to-node=\"2\">L&rsquo;\u00e9nanthate de testost\u00e9rone est un ester concentr\u00e9 complexe de l&rsquo;hormone naturelle, ce qui lui permet d&rsquo;\u00eatre assimil\u00e9 par l&rsquo;organisme d&rsquo;une mani\u00e8re physiologique normale. En choisissant correctement le cycle du produit, il est possible d&rsquo;\u00e9viter l&rsquo;effet de \u00ab\u00a0surentra\u00eenement\u00a0\u00bb, contrairement \u00e0 d&rsquo;autres analogues similaires. Il n&rsquo;exerce pas seulement un impact incroyablement positif sur le processus de r\u00e9g\u00e9n\u00e9ration et de renouvellement des cellules musculaires, mais il contribue \u00e9galement \u00e0 la densification et \u00e0 l&rsquo;augmentation du volume des fibres musculaires.<\/p>\n<p data-path-to-node=\"3\">L&rsquo;\u00e9nanthate de testost\u00e9rone est l&rsquo;un des st\u00e9ro\u00efdes les plus populaires et les plus demand\u00e9s en halt\u00e9rophilie et en culturisme. Il y a plusieurs raisons \u00e0 cela, parmi lesquelles il faut souligner un minimum de r\u00e9actions secondaires, une agressivit\u00e9 pratiquement nulle sur les cellules h\u00e9patiques et le co\u00fbt acceptable de ce m\u00e9dicament.<\/p>\n<p data-path-to-node=\"4\">Il convient \u00e9galement de mentionner toute une s\u00e9rie d&rsquo;effets positifs observ\u00e9s apr\u00e8s la prise de Testost\u00e9rone \u00c9nanthate 250 :<\/p>\n<ul data-path-to-node=\"5\">\n<li>\n<p data-path-to-node=\"5,0,0\">R\u00e9duction maximale de la force de tension dans les disques intervert\u00e9braux ;<\/p>\n<\/li>\n<li>\n<p data-path-to-node=\"5,1,0\">Augmentation du tonus g\u00e9n\u00e9ral de l&rsquo;organisme ;<\/p>\n<\/li>\n<li>\n<p data-path-to-node=\"5,2,0\">Pr\u00e9vention d&rsquo;\u00e9ventuelles douleurs articulaires ;<\/p>\n<\/li>\n<li>\n<p data-path-to-node=\"5,3,0\">Saturation rapide du sang en oxyg\u00e8ne.<\/p>\n<\/li>\n<\/ul>\n<p data-path-to-node=\"6\">L&rsquo;utilisation judicieuse de l&rsquo;\u00e9nanthate de testost\u00e9rone pr\u00e9vient rapidement toute manifestation de fatigue chronique, m\u00eame lors des entra\u00eenements les plus longs et les plus lourds. Gr\u00e2ce \u00e0 tout ce qui a \u00e9t\u00e9 \u00e9num\u00e9r\u00e9, le produit ne re\u00e7oit toujours que des avis positifs et est souvent recommand\u00e9 aux athl\u00e8tes d\u00e9butants.<\/p>\n<p><\/p>","protected":false},"excerpt":{"rendered":"<p>\u00c9nanthate de Testost\u00e9rone : Propri\u00e9t\u00e9s et Avantages L&rsquo;\u00e9nanthate de testost\u00e9rone est un ester concentr\u00e9 complexe de l&rsquo;hormone naturelle, ce qui<\/p>\n","protected":false},"featured_media":10372,"comment_status":"open","ping_status":"closed","template":"","meta":[],"product_brand":[3527],"product_cat":[69,3533],"product_tag":[],"class_list":{"0":"post-10371","1":"product","2":"type-product","3":"status-publish","4":"has-post-thumbnail","6":"product_brand-gd-gold-dragon","7":"product_cat-esteroides_inyectables","8":"product_cat-sales-rebajas","10":"first","11":"instock","12":"sale","13":"shipping-taxable","14":"purchasable","15":"product-type-simple"},"yoast_head":"<!-- This site is optimized with the Yoast SEO Premium plugin v24.4 (Yoast SEO v27.0) - https:\/\/yoast.com\/product\/yoast-seo-premium-wordpress\/ -->\n<title>TESTO-GEN - testosteron enanthate - (Espa\u00f1ol) Esteroides en l\u00ednea<\/title>\n<meta name=\"description\" content=\"L&#039;\u00c9nanthate de Testost\u00e9rone augmente la masse musculaire, la r\u00e9cup\u00e9ration et les articulations. Il r\u00e9duit la fatigue avec des effets secondaires minimes.\" \/>\n<meta name=\"robots\" content=\"index, follow, max-snippet:-1, max-image-preview:large, max-video-preview:-1\" \/>\n<link rel=\"canonical\" href=\"https:\/\/iberoid-shop.com\/fr\/product\/testo-gen-testosteron-enanthate\/\" \/>\n<meta property=\"og:locale\" content=\"fr_FR\" \/>\n<meta property=\"og:type\" content=\"article\" \/>\n<meta property=\"og:title\" content=\"TESTO-GEN - testosteron enanthate\" \/>\n<meta property=\"og:description\" content=\"L&#039;\u00c9nanthate de Testost\u00e9rone augmente la masse musculaire, la r\u00e9cup\u00e9ration et les articulations. Il r\u00e9duit la fatigue avec des effets secondaires minimes.\" \/>\n<meta property=\"og:url\" content=\"https:\/\/iberoid-shop.com\/fr\/product\/testo-gen-testosteron-enanthate\/\" \/>\n<meta property=\"og:site_name\" content=\"(Espa\u00f1ol) Esteroides en l\u00ednea\" \/>\n<meta property=\"article:modified_time\" content=\"2026-03-23T23:52:25+00:00\" \/>\n<meta property=\"og:image\" content=\"https:\/\/iberoid-shop.com\/wp-content\/uploads\/2025\/10\/TESTOGEN.jpeg?v=1760268556\" \/>\n\t<meta property=\"og:image:width\" content=\"1791\" \/>\n\t<meta property=\"og:image:height\" content=\"2048\" \/>\n\t<meta property=\"og:image:type\" content=\"image\/jpeg\" \/>\n<meta name=\"twitter:card\" content=\"summary_large_image\" \/>\n<meta name=\"twitter:label1\" content=\"Prix\" \/>\n\t<meta name=\"twitter:data1\" content=\"&euro;25.00\" \/>\n\t<meta name=\"twitter:label2\" content=\"Disponibilit\u00e9\" \/>\n\t<meta name=\"twitter:data2\" content=\"En stock\" \/>\n<script type=\"application\/ld+json\" class=\"yoast-schema-graph\">{\"@context\":\"https:\/\/schema.org\",\"@graph\":[{\"@type\":\"WebPage\",\"@id\":\"https:\/\/iberoid-shop.com\/fr\/product\/testo-gen-testosteron-enanthate\/\",\"url\":\"https:\/\/iberoid-shop.com\/fr\/product\/testo-gen-testosteron-enanthate\/\",\"name\":\"TESTO-GEN - testosteron enanthate - (Espa\u00f1ol) Esteroides en l\u00ednea\",\"isPartOf\":{\"@id\":\"https:\/\/iberoid-shop.com\/fr\/#website\"},\"primaryImageOfPage\":{\"@id\":\"https:\/\/iberoid-shop.com\/fr\/product\/testo-gen-testosteron-enanthate\/#primaryimage\"},\"image\":{\"@id\":\"https:\/\/iberoid-shop.com\/fr\/product\/testo-gen-testosteron-enanthate\/#primaryimage\"},\"thumbnailUrl\":\"https:\/\/iberoid-shop.com\/wp-content\/uploads\/2025\/10\/TESTOGEN.jpeg?v=1760268556\",\"datePublished\":\"2025-10-12T11:29:50+00:00\",\"dateModified\":\"2026-03-23T23:52:25+00:00\",\"description\":\"L'\u00c9nanthate de Testost\u00e9rone augmente la masse musculaire, la r\u00e9cup\u00e9ration et les articulations. Il r\u00e9duit la fatigue avec des effets secondaires minimes.\",\"breadcrumb\":{\"@id\":\"https:\/\/iberoid-shop.com\/fr\/product\/testo-gen-testosteron-enanthate\/#breadcrumb\"},\"inLanguage\":\"fr-FR\",\"potentialAction\":[{\"@type\":\"ReadAction\",\"target\":[[\"https:\/\/iberoid-shop.com\/fr\/product\/testo-gen-testosteron-enanthate\/\"]]}]},{\"@type\":\"ImageObject\",\"inLanguage\":\"fr-FR\",\"@id\":\"https:\/\/iberoid-shop.com\/fr\/product\/testo-gen-testosteron-enanthate\/#primaryimage\",\"url\":\"https:\/\/iberoid-shop.com\/wp-content\/uploads\/2025\/10\/TESTOGEN.jpeg?v=1760268556\",\"contentUrl\":\"https:\/\/iberoid-shop.com\/wp-content\/uploads\/2025\/10\/TESTOGEN.jpeg?v=1760268556\",\"width\":1791,\"height\":2048},{\"@type\":\"BreadcrumbList\",\"@id\":\"https:\/\/iberoid-shop.com\/fr\/product\/testo-gen-testosteron-enanthate\/#breadcrumb\",\"itemListElement\":[{\"@type\":\"ListItem\",\"position\":1,\"name\":\"Portada\",\"item\":\"https:\/\/iberoid-shop.com\/fr\/\"},{\"@type\":\"ListItem\",\"position\":2,\"name\":\"Magasin\",\"item\":\"https:\/\/iberoid-shop.com\/fr\/shop\/\"},{\"@type\":\"ListItem\",\"position\":3,\"name\":\"TESTO-GEN &#8211; testosteron enanthate\"}]},{\"@type\":\"WebSite\",\"@id\":\"https:\/\/iberoid-shop.com\/fr\/#website\",\"url\":\"https:\/\/iberoid-shop.com\/fr\/\",\"name\":\"(Espa\u00f1ol) Esteroides en l\u00ednea\",\"description\":\"(Espa\u00f1ol) Comprar esteroides en l\u00ednea hoy en Espa\u00f1a y Portugal. Tenemos el mejor servicio al cliente en la industria y los productos de la m\u00e1s alta calidad\",\"potentialAction\":[{\"@type\":\"SearchAction\",\"target\":{\"@type\":\"EntryPoint\",\"urlTemplate\":\"https:\/\/iberoid-shop.com\/fr\/?s={search_term_string}\"},\"query-input\":{\"@type\":\"PropertyValueSpecification\",\"valueRequired\":true,\"valueName\":\"search_term_string\"}}],\"inLanguage\":\"fr-FR\"}]}<\/script>\n<meta property=\"product:brand\" content=\"Golden Dragon\" \/>\n<meta property=\"product:price:amount\" content=\"25.00\" \/>\n<meta property=\"product:price:currency\" content=\"EUR\" \/>\n<meta property=\"og:availability\" content=\"instock\" \/>\n<meta property=\"product:availability\" content=\"instock\" \/>\n<meta property=\"product:condition\" content=\"new\" \/>\n<!-- \/ Yoast SEO Premium plugin. -->","yoast_head_json":{"title":"TESTO-GEN - testosteron enanthate - (Espa\u00f1ol) Esteroides en l\u00ednea","description":"L'\u00c9nanthate de Testost\u00e9rone augmente la masse musculaire, la r\u00e9cup\u00e9ration et les articulations. Il r\u00e9duit la fatigue avec des effets secondaires minimes.","robots":{"index":"index","follow":"follow","max-snippet":"max-snippet:-1","max-image-preview":"max-image-preview:large","max-video-preview":"max-video-preview:-1"},"canonical":"https:\/\/iberoid-shop.com\/fr\/product\/testo-gen-testosteron-enanthate\/","og_locale":"fr_FR","og_type":"article","og_title":"TESTO-GEN - testosteron enanthate","og_description":"L'\u00c9nanthate de Testost\u00e9rone augmente la masse musculaire, la r\u00e9cup\u00e9ration et les articulations. Il r\u00e9duit la fatigue avec des effets secondaires minimes.","og_url":"https:\/\/iberoid-shop.com\/fr\/product\/testo-gen-testosteron-enanthate\/","og_site_name":"(Espa\u00f1ol) Esteroides en l\u00ednea","article_modified_time":"2026-03-23T23:52:25+00:00","og_image":[{"width":1791,"height":2048,"url":"https:\/\/iberoid-shop.com\/wp-content\/uploads\/2025\/10\/TESTOGEN.jpeg?v=1760268556","type":"image\/jpeg"}],"twitter_card":"summary_large_image","twitter_misc":{"Prix":"&euro;25.00","Disponibilit\u00e9":"En stock"},"schema":{"@context":"https:\/\/schema.org","@graph":[{"@type":"WebPage","@id":"https:\/\/iberoid-shop.com\/fr\/product\/testo-gen-testosteron-enanthate\/","url":"https:\/\/iberoid-shop.com\/fr\/product\/testo-gen-testosteron-enanthate\/","name":"TESTO-GEN - testosteron enanthate - (Espa\u00f1ol) Esteroides en l\u00ednea","isPartOf":{"@id":"https:\/\/iberoid-shop.com\/fr\/#website"},"primaryImageOfPage":{"@id":"https:\/\/iberoid-shop.com\/fr\/product\/testo-gen-testosteron-enanthate\/#primaryimage"},"image":{"@id":"https:\/\/iberoid-shop.com\/fr\/product\/testo-gen-testosteron-enanthate\/#primaryimage"},"thumbnailUrl":"https:\/\/iberoid-shop.com\/wp-content\/uploads\/2025\/10\/TESTOGEN.jpeg?v=1760268556","datePublished":"2025-10-12T11:29:50+00:00","dateModified":"2026-03-23T23:52:25+00:00","description":"L'\u00c9nanthate de Testost\u00e9rone augmente la masse musculaire, la r\u00e9cup\u00e9ration et les articulations. Il r\u00e9duit la fatigue avec des effets secondaires minimes.","breadcrumb":{"@id":"https:\/\/iberoid-shop.com\/fr\/product\/testo-gen-testosteron-enanthate\/#breadcrumb"},"inLanguage":"fr-FR","potentialAction":[{"@type":"ReadAction","target":[["https:\/\/iberoid-shop.com\/fr\/product\/testo-gen-testosteron-enanthate\/"]]}]},{"@type":"ImageObject","inLanguage":"fr-FR","@id":"https:\/\/iberoid-shop.com\/fr\/product\/testo-gen-testosteron-enanthate\/#primaryimage","url":"https:\/\/iberoid-shop.com\/wp-content\/uploads\/2025\/10\/TESTOGEN.jpeg?v=1760268556","contentUrl":"https:\/\/iberoid-shop.com\/wp-content\/uploads\/2025\/10\/TESTOGEN.jpeg?v=1760268556","width":1791,"height":2048},{"@type":"BreadcrumbList","@id":"https:\/\/iberoid-shop.com\/fr\/product\/testo-gen-testosteron-enanthate\/#breadcrumb","itemListElement":[{"@type":"ListItem","position":1,"name":"Portada","item":"https:\/\/iberoid-shop.com\/fr\/"},{"@type":"ListItem","position":2,"name":"Magasin","item":"https:\/\/iberoid-shop.com\/fr\/shop\/"},{"@type":"ListItem","position":3,"name":"TESTO-GEN &#8211; testosteron enanthate"}]},{"@type":"WebSite","@id":"https:\/\/iberoid-shop.com\/fr\/#website","url":"https:\/\/iberoid-shop.com\/fr\/","name":"(Espa\u00f1ol) Esteroides en l\u00ednea","description":"(Espa\u00f1ol) Comprar esteroides en l\u00ednea hoy en Espa\u00f1a y Portugal. Tenemos el mejor servicio al cliente en la industria y los productos de la m\u00e1s alta calidad","potentialAction":[{"@type":"SearchAction","target":{"@type":"EntryPoint","urlTemplate":"https:\/\/iberoid-shop.com\/fr\/?s={search_term_string}"},"query-input":{"@type":"PropertyValueSpecification","valueRequired":true,"valueName":"search_term_string"}}],"inLanguage":"fr-FR"}]},"product_brand":"Golden Dragon","product_price_amount":"25.00","product_price_currency":"EUR","og_availability":"instock","product_availability":"instock","product_condition":"new"},"_links":{"self":[{"href":"https:\/\/iberoid-shop.com\/fr\/wp-json\/wp\/v2\/product\/10371","targetHints":{"allow":["GET"]}}],"collection":[{"href":"https:\/\/iberoid-shop.com\/fr\/wp-json\/wp\/v2\/product"}],"about":[{"href":"https:\/\/iberoid-shop.com\/fr\/wp-json\/wp\/v2\/types\/product"}],"replies":[{"embeddable":true,"href":"https:\/\/iberoid-shop.com\/fr\/wp-json\/wp\/v2\/comments?post=10371"}],"wp:featuredmedia":[{"embeddable":true,"href":"https:\/\/iberoid-shop.com\/fr\/wp-json\/wp\/v2\/media\/10372"}],"wp:attachment":[{"href":"https:\/\/iberoid-shop.com\/fr\/wp-json\/wp\/v2\/media?parent=10371"}],"wp:term":[{"taxonomy":"product_brand","embeddable":true,"href":"https:\/\/iberoid-shop.com\/fr\/wp-json\/wp\/v2\/product_brand?post=10371"},{"taxonomy":"product_cat","embeddable":true,"href":"https:\/\/iberoid-shop.com\/fr\/wp-json\/wp\/v2\/product_cat?post=10371"},{"taxonomy":"product_tag","embeddable":true,"href":"https:\/\/iberoid-shop.com\/fr\/wp-json\/wp\/v2\/product_tag?post=10371"}],"curies":[{"name":"wp","href":"https:\/\/api.w.org\/{rel}","templated":true}]}}