{"id":10368,"date":"2025-10-12T11:01:37","date_gmt":"2025-10-12T11:01:37","guid":{"rendered":"https:\/\/iberoid-shop.com\/?post_type=product&#038;p=10368"},"modified":"2026-04-05T02:33:56","modified_gmt":"2026-04-05T02:33:56","slug":"pack3-masteron-masto-gen-g-dragonltd","status":"publish","type":"product","link":"https:\/\/iberoid-shop.com\/fr\/product\/pack3-masteron-masto-gen-g-dragonltd\/","title":{"rendered":"PACK3 MASTERON \/ MASTO-GEN"},"content":{"rendered":"<p><\/p>\n<h2>Qu&rsquo;est-ce que le Masteron ?<\/h2>\n<p data-path-to-node=\"2\">Achetez du Masteron. Il est utilis\u00e9 dans le traitement du cancer du sein, mais l&rsquo;utilisation la plus courante du Masteron est comme <b>st\u00e9ro\u00efde de s\u00e8che<\/b> dans le culturisme. Il est populaire aupr\u00e8s des culturistes car il les aide \u00e0 <b>obtenir une d\u00e9finition musculaire<\/b> (\u00ab\u00a0get ripped\u00a0\u00bb) et n&rsquo;entra\u00eene pas d&rsquo;effets secondaires tels que la <b>r\u00e9tention d&rsquo;eau<\/b>.<\/p>\n<h3>Propri\u00e9t\u00e9s Anti-\u0152strog\u00e9niques<\/h3>\n<p data-path-to-node=\"4\">Sur le plan fonctionnel, le Masteron est r\u00e9put\u00e9 pour \u00eatre l&rsquo;un des seuls <b>st\u00e9ro\u00efdes anabolisants dot\u00e9s de fortes propri\u00e9t\u00e9s anti-\u0153strog\u00e9niques<\/b>. Non seulement ce st\u00e9ro\u00efde ne pr\u00e9sente aucune activit\u00e9 \u0153strog\u00e9nique, mais il peut en fait agir comme un <b>anti-\u0153strog\u00e8ne<\/b> dans le corps. C&rsquo;est pourquoi il s&rsquo;est r\u00e9v\u00e9l\u00e9 efficace dans le traitement du cancer du sein.<\/p>\n<p data-path-to-node=\"5\">En fait, il a \u00e9t\u00e9 d\u00e9montr\u00e9 que l&rsquo;association du Masteron et du Nolvadex (citrate de tamoxif\u00e8ne) est <b>bien plus efficace que la chimioth\u00e9rapie<\/b> dans le traitement du cancer du sein inop\u00e9rable chez les femmes m\u00e9nopaus\u00e9es. Cela en fait \u00e9galement un st\u00e9ro\u00efde populaire parmi les culturistes, car il pourrait en fait <b>supprimer le besoin d&rsquo;un anti-\u0153strog\u00e8ne<\/b> lorsqu&rsquo;il est utilis\u00e9 dans le bon cycle. Cela s&rsquo;av\u00e9rera \u00e9galement avantageux pendant la <b>phase de s\u00e8che<\/b> en raison des <b>effets de durcissement<\/b> qu&rsquo;il peut procurer.<\/p>\n<h3>Effets Anabolisants et Force<\/h3>\n<p data-path-to-node=\"7\">En tant qu&rsquo;anabolisant, le Masteron n&rsquo;est pas r\u00e9put\u00e9 pour promouvoir des gains importants de masse musculaire maigre. Il n&rsquo;a jamais \u00e9t\u00e9 utilis\u00e9 pour l&rsquo;atrophie musculaire dans un sens th\u00e9rapeutique et se retrouvera presque toujours dans les <b>programmes de s\u00e8che<\/b> des athl\u00e8tes de performance. Il peut cependant favoriser des <b>augmentations significatives de la force<\/b>, ce qui pourrait s&rsquo;av\u00e9rer b\u00e9n\u00e9fique pour un athl\u00e8te qui ne recherche pas n\u00e9cessairement la masse brute.<\/p>\n<p data-path-to-node=\"8\"><b>Veuillez noter que notre Masteron est un \u00c9nanthate<\/b><\/p>\n<hr data-path-to-node=\"9\" \/>\n<h2>Pourquoi Acheter du Masteron ? (Avantages Cl\u00e9s)<\/h2>\n<p data-path-to-node=\"11\"><b>1. Pr\u00e9servation Musculaire :<\/b> Le Masteron est pris par les culturistes pour <b>pr\u00e9server la masse musculaire maigre<\/b> pendant la phase de s\u00e8che. Il garantit que vous ne perdez pas de force pendant cette phase.<\/p>\n<p data-path-to-node=\"12\"><b>2. Performance Athl\u00e9tique :<\/b> Il est utilis\u00e9 par les athl\u00e8tes professionnels, y compris les sprinteurs et les marathoniens, car il <b>am\u00e9liore les performances athl\u00e9tiques<\/b> et leur permet de pr\u00e9server leur masse musculaire tout en <b>\u00e9vitant tout gain de poids<\/b>.<\/p>\n<p data-path-to-node=\"13\"><b>3. Effet Sec (Pas de R\u00e9tention d&rsquo;Eau) :<\/b> Le Masteron est l&rsquo;un des st\u00e9ro\u00efdes les plus doux. Il n&rsquo;a qu&rsquo;un <b>l\u00e9ger effet diur\u00e9tique<\/b> sur le corps et <b>ne provoque aucune r\u00e9tention d&rsquo;eau<\/b>. Il vous aide \u00e0 vous d\u00e9finir rapidement.<\/p>\n<p data-path-to-node=\"14\"><b>4. Duret\u00e9 et Vascularit\u00e9 :<\/b> Le Masteron <b>augmente la densit\u00e9 musculaire et la vascularit\u00e9<\/b>. Il pr\u00e9serve la duret\u00e9 des muscles, tout en br\u00fblant les graisses en m\u00eame temps.<\/p>\n<p data-path-to-node=\"15\"><b>5. R\u00e9duction de Graisse :<\/b> Un cycle de st\u00e9ro\u00efdes de 6 \u00e0 8 semaines comprenant du Masteron peut <b>r\u00e9duire votre graisse corporelle de 7 % \u00e0 10 %<\/b>.<\/p>\n<p data-path-to-node=\"16\"><b>6. Am\u00e9lioration de l&rsquo;Entra\u00eenement :<\/b> Il est pris par les culturistes car il les aide \u00e0 <b>soulever plus lourd, \u00e0 s&rsquo;entra\u00eener plus dur et plus longtemps<\/b>.<\/p>\n<p data-path-to-node=\"17\"><b>7. Anti-Catabolique :<\/b> Le Masteron <b>supprime le catabolisme<\/b> ; vous pourrez ainsi perdre du poids sans perdre votre masse musculaire.<\/p>\n<hr data-path-to-node=\"18\" \/>\n<h2>Comment Fonctionne le Masteron ?<\/h2>\n<p data-path-to-node=\"20\">Il existe deux types de Masteron : le <b>Propionate de Drostanolone<\/b> et l&rsquo;<b>\u00c9nanthate de Drostanolone<\/b>. Le Propionate de Drostanolone est une version \u00e0 <b>action rapide<\/b> du m\u00e9dicament, ce qui signifie qu&rsquo;il doit \u00eatre inject\u00e9 tous les jours. L&rsquo;\u00c9nanthate de Drostanolone agit <b>plus lentement<\/b> et ne doit \u00eatre inject\u00e9 que deux fois par semaine.<\/p>\n<p data-path-to-node=\"21\">L&rsquo;un des plus grands avantages du Masteron est qu&rsquo;il vous donne un <b>physique plus sec, plus dur et plus fort<\/b>. Oui, prendre ce st\u00e9ro\u00efde entra\u00eenera une perte de graisse, mais cela ne se produira pas par magie. Le Masteron fonctionne mieux lorsque <b>vous \u00eates d\u00e9j\u00e0 sec<\/b> et avez un taux de graisse corporelle mod\u00e9r\u00e9.<\/p>\n<p data-path-to-node=\"22\">Il vous aide dans votre dernier effort pour vous d\u00e9barrasser de la derni\u00e8re graisse corporelle restante le plus rapidement possible. Il vous donne les <b>abdominaux haute d\u00e9finition<\/b> et le physique dur que vous avez toujours voulu en vous d\u00e9barrassant de 6 % \u00e0 8 % de graisse corporelle.<\/p>\n<p data-path-to-node=\"23\">Le Masteron <b>n&rsquo;aromatise pas<\/b> (ne se convertit pas en \u0153strog\u00e8ne) comme certains autres st\u00e9ro\u00efdes. Il a un fort <b>effet anti-aromatase<\/b> qui garantit qu&rsquo;il n&rsquo;y a pas d&rsquo;accumulation d&rsquo;\u0153strog\u00e8nes. Il rend votre physique plus dur m\u00eame lorsqu&rsquo;il est pris hors saison (\u00ab\u00a0off-season\u00a0\u00bb).<\/p>\n<hr data-path-to-node=\"24\" \/>\n<h2>Comment Prendre le Masteron ? (Dosage)<\/h2>\n<p data-path-to-node=\"26\">Le Masteron peut \u00eatre pris sous forme d&rsquo;<b>injections<\/b>.<\/p>\n<h3>Dosage pour Hommes<\/h3>\n<p data-path-to-node=\"28\">Le dosage standard de Masteron pour les athl\u00e8tes et culturistes masculins se situe <b>entre 300 et 400 mg par semaine<\/b>, pour un cycle de st\u00e9ro\u00efdes de 6 \u00e0 8 semaines.<\/p>\n<h3>Dosage pour Femmes<\/h3>\n<p data-path-to-node=\"30\">Le dosage standard de Masteron pour les athl\u00e8tes f\u00e9minines est de <b>50 mg par semaine<\/b>, pour un total de 4 \u00e0 6 semaines.<\/p>\n<hr data-path-to-node=\"31\" \/>\n<h2>Combiner le Masteron (Stacking)<\/h2>\n<p data-path-to-node=\"33\">Le Masteron peut \u00eatre combin\u00e9 (\u00ab\u00a0stack\u00e9\u00a0\u00bb) avec d&rsquo;autres st\u00e9ro\u00efdes tels que le <b>Propionate de Testost\u00e9rone<\/b>, l&rsquo;<b>Ac\u00e9tate de Trenbolone<\/b>, le <b>Winstrol<\/b> et l&rsquo;<b>\u00c9ph\u00e9drine<\/b> pour de meilleurs r\u00e9sultats.<\/p>\n<p><\/p>","protected":false},"excerpt":{"rendered":"<p>Qu&rsquo;est-ce que le Masteron ? Achetez du Masteron. Il est utilis\u00e9 dans le traitement du cancer du sein, mais l&rsquo;utilisation<\/p>\n","protected":false},"featured_media":10369,"comment_status":"open","ping_status":"closed","template":"","meta":[],"product_brand":[3527],"product_cat":[3474,3533],"product_tag":[],"class_list":{"0":"post-10368","1":"product","2":"type-product","3":"status-publish","4":"has-post-thumbnail","6":"product_brand-gd-gold-dragon","7":"product_cat-packs","8":"product_cat-sales-rebajas","10":"first","11":"instock","12":"sale","13":"shipping-taxable","14":"purchasable","15":"product-type-simple"},"yoast_head":"<!-- This site is optimized with the Yoast SEO Premium plugin v24.4 (Yoast SEO v27.0) - https:\/\/yoast.com\/product\/yoast-seo-premium-wordpress\/ -->\n<title>PACK3 MASTERON \/ MASTO-GEN - (Espa\u00f1ol) Esteroides en l\u00ednea<\/title>\n<meta name=\"description\" content=\"Masteron Enanthate est un puissant st\u00e9ro\u00efde de s\u00e8che qui am\u00e9liore la duret\u00e9 musculaire, la force et la vascularit\u00e9 avec des effets anti-\u0153strog\u00e8nes.\" \/>\n<meta name=\"robots\" content=\"index, follow, max-snippet:-1, max-image-preview:large, max-video-preview:-1\" \/>\n<link rel=\"canonical\" href=\"https:\/\/iberoid-shop.com\/fr\/product\/pack3-masteron-masto-gen-g-dragonltd\/\" \/>\n<meta property=\"og:locale\" content=\"fr_FR\" \/>\n<meta property=\"og:type\" content=\"article\" \/>\n<meta property=\"og:title\" content=\"PACK3 MASTERON \/ MASTO-GEN\" \/>\n<meta property=\"og:description\" content=\"Masteron Enanthate est un puissant st\u00e9ro\u00efde de s\u00e8che qui am\u00e9liore la duret\u00e9 musculaire, la force et la vascularit\u00e9 avec des effets anti-\u0153strog\u00e8nes.\" \/>\n<meta property=\"og:url\" content=\"https:\/\/iberoid-shop.com\/fr\/product\/pack3-masteron-masto-gen-g-dragonltd\/\" \/>\n<meta property=\"og:site_name\" content=\"(Espa\u00f1ol) Esteroides en l\u00ednea\" \/>\n<meta property=\"article:modified_time\" content=\"2026-04-05T02:33:56+00:00\" \/>\n<meta property=\"og:image\" content=\"https:\/\/iberoid-shop.com\/wp-content\/uploads\/2025\/10\/3MASTOGEN.jpg?v=1760266861\" \/>\n\t<meta property=\"og:image:width\" content=\"1600\" \/>\n\t<meta property=\"og:image:height\" content=\"1231\" \/>\n\t<meta property=\"og:image:type\" content=\"image\/jpeg\" \/>\n<meta name=\"twitter:card\" content=\"summary_large_image\" \/>\n<meta name=\"twitter:label1\" content=\"Prix\" \/>\n\t<meta name=\"twitter:data1\" content=\"&euro;80.00\" \/>\n\t<meta name=\"twitter:label2\" content=\"Disponibilit\u00e9\" \/>\n\t<meta name=\"twitter:data2\" content=\"En stock\" \/>\n<script type=\"application\/ld+json\" class=\"yoast-schema-graph\">{\"@context\":\"https:\/\/schema.org\",\"@graph\":[{\"@type\":\"WebPage\",\"@id\":\"https:\/\/iberoid-shop.com\/fr\/product\/pack3-masteron-masto-gen-g-dragonltd\/\",\"url\":\"https:\/\/iberoid-shop.com\/fr\/product\/pack3-masteron-masto-gen-g-dragonltd\/\",\"name\":\"PACK3 MASTERON \/ MASTO-GEN - (Espa\u00f1ol) Esteroides en l\u00ednea\",\"isPartOf\":{\"@id\":\"https:\/\/iberoid-shop.com\/fr\/#website\"},\"primaryImageOfPage\":{\"@id\":\"https:\/\/iberoid-shop.com\/fr\/product\/pack3-masteron-masto-gen-g-dragonltd\/#primaryimage\"},\"image\":{\"@id\":\"https:\/\/iberoid-shop.com\/fr\/product\/pack3-masteron-masto-gen-g-dragonltd\/#primaryimage\"},\"thumbnailUrl\":\"https:\/\/iberoid-shop.com\/wp-content\/uploads\/2025\/10\/3MASTOGEN.jpg?v=1760266861\",\"datePublished\":\"2025-10-12T11:01:37+00:00\",\"dateModified\":\"2026-04-05T02:33:56+00:00\",\"description\":\"Masteron Enanthate est un puissant st\u00e9ro\u00efde de s\u00e8che qui am\u00e9liore la duret\u00e9 musculaire, la force et la vascularit\u00e9 avec des effets anti-\u0153strog\u00e8nes.\",\"breadcrumb\":{\"@id\":\"https:\/\/iberoid-shop.com\/fr\/product\/pack3-masteron-masto-gen-g-dragonltd\/#breadcrumb\"},\"inLanguage\":\"fr-FR\",\"potentialAction\":[{\"@type\":\"ReadAction\",\"target\":[[\"https:\/\/iberoid-shop.com\/fr\/product\/pack3-masteron-masto-gen-g-dragonltd\/\"]]}]},{\"@type\":\"ImageObject\",\"inLanguage\":\"fr-FR\",\"@id\":\"https:\/\/iberoid-shop.com\/fr\/product\/pack3-masteron-masto-gen-g-dragonltd\/#primaryimage\",\"url\":\"https:\/\/iberoid-shop.com\/wp-content\/uploads\/2025\/10\/3MASTOGEN.jpg?v=1760266861\",\"contentUrl\":\"https:\/\/iberoid-shop.com\/wp-content\/uploads\/2025\/10\/3MASTOGEN.jpg?v=1760266861\",\"width\":1600,\"height\":1231},{\"@type\":\"BreadcrumbList\",\"@id\":\"https:\/\/iberoid-shop.com\/fr\/product\/pack3-masteron-masto-gen-g-dragonltd\/#breadcrumb\",\"itemListElement\":[{\"@type\":\"ListItem\",\"position\":1,\"name\":\"Portada\",\"item\":\"https:\/\/iberoid-shop.com\/fr\/\"},{\"@type\":\"ListItem\",\"position\":2,\"name\":\"Magasin\",\"item\":\"https:\/\/iberoid-shop.com\/fr\/shop\/\"},{\"@type\":\"ListItem\",\"position\":3,\"name\":\"PACK3 MASTERON \/ MASTO-GEN\"}]},{\"@type\":\"WebSite\",\"@id\":\"https:\/\/iberoid-shop.com\/fr\/#website\",\"url\":\"https:\/\/iberoid-shop.com\/fr\/\",\"name\":\"(Espa\u00f1ol) Esteroides en l\u00ednea\",\"description\":\"(Espa\u00f1ol) Comprar esteroides en l\u00ednea hoy en Espa\u00f1a y Portugal. Tenemos el mejor servicio al cliente en la industria y los productos de la m\u00e1s alta calidad\",\"potentialAction\":[{\"@type\":\"SearchAction\",\"target\":{\"@type\":\"EntryPoint\",\"urlTemplate\":\"https:\/\/iberoid-shop.com\/fr\/?s={search_term_string}\"},\"query-input\":{\"@type\":\"PropertyValueSpecification\",\"valueRequired\":true,\"valueName\":\"search_term_string\"}}],\"inLanguage\":\"fr-FR\"}]}<\/script>\n<meta property=\"product:brand\" content=\"Golden Dragon\" \/>\n<meta property=\"product:price:amount\" content=\"80.00\" \/>\n<meta property=\"product:price:currency\" content=\"EUR\" \/>\n<meta property=\"og:availability\" content=\"instock\" \/>\n<meta property=\"product:availability\" content=\"instock\" \/>\n<meta property=\"product:condition\" content=\"new\" \/>\n<!-- \/ Yoast SEO Premium plugin. -->","yoast_head_json":{"title":"PACK3 MASTERON \/ MASTO-GEN - (Espa\u00f1ol) Esteroides en l\u00ednea","description":"Masteron Enanthate est un puissant st\u00e9ro\u00efde de s\u00e8che qui am\u00e9liore la duret\u00e9 musculaire, la force et la vascularit\u00e9 avec des effets anti-\u0153strog\u00e8nes.","robots":{"index":"index","follow":"follow","max-snippet":"max-snippet:-1","max-image-preview":"max-image-preview:large","max-video-preview":"max-video-preview:-1"},"canonical":"https:\/\/iberoid-shop.com\/fr\/product\/pack3-masteron-masto-gen-g-dragonltd\/","og_locale":"fr_FR","og_type":"article","og_title":"PACK3 MASTERON \/ MASTO-GEN","og_description":"Masteron Enanthate est un puissant st\u00e9ro\u00efde de s\u00e8che qui am\u00e9liore la duret\u00e9 musculaire, la force et la vascularit\u00e9 avec des effets anti-\u0153strog\u00e8nes.","og_url":"https:\/\/iberoid-shop.com\/fr\/product\/pack3-masteron-masto-gen-g-dragonltd\/","og_site_name":"(Espa\u00f1ol) Esteroides en l\u00ednea","article_modified_time":"2026-04-05T02:33:56+00:00","og_image":[{"width":1600,"height":1231,"url":"https:\/\/iberoid-shop.com\/wp-content\/uploads\/2025\/10\/3MASTOGEN.jpg?v=1760266861","type":"image\/jpeg"}],"twitter_card":"summary_large_image","twitter_misc":{"Prix":"&euro;80.00","Disponibilit\u00e9":"En stock"},"schema":{"@context":"https:\/\/schema.org","@graph":[{"@type":"WebPage","@id":"https:\/\/iberoid-shop.com\/fr\/product\/pack3-masteron-masto-gen-g-dragonltd\/","url":"https:\/\/iberoid-shop.com\/fr\/product\/pack3-masteron-masto-gen-g-dragonltd\/","name":"PACK3 MASTERON \/ MASTO-GEN - (Espa\u00f1ol) Esteroides en l\u00ednea","isPartOf":{"@id":"https:\/\/iberoid-shop.com\/fr\/#website"},"primaryImageOfPage":{"@id":"https:\/\/iberoid-shop.com\/fr\/product\/pack3-masteron-masto-gen-g-dragonltd\/#primaryimage"},"image":{"@id":"https:\/\/iberoid-shop.com\/fr\/product\/pack3-masteron-masto-gen-g-dragonltd\/#primaryimage"},"thumbnailUrl":"https:\/\/iberoid-shop.com\/wp-content\/uploads\/2025\/10\/3MASTOGEN.jpg?v=1760266861","datePublished":"2025-10-12T11:01:37+00:00","dateModified":"2026-04-05T02:33:56+00:00","description":"Masteron Enanthate est un puissant st\u00e9ro\u00efde de s\u00e8che qui am\u00e9liore la duret\u00e9 musculaire, la force et la vascularit\u00e9 avec des effets anti-\u0153strog\u00e8nes.","breadcrumb":{"@id":"https:\/\/iberoid-shop.com\/fr\/product\/pack3-masteron-masto-gen-g-dragonltd\/#breadcrumb"},"inLanguage":"fr-FR","potentialAction":[{"@type":"ReadAction","target":[["https:\/\/iberoid-shop.com\/fr\/product\/pack3-masteron-masto-gen-g-dragonltd\/"]]}]},{"@type":"ImageObject","inLanguage":"fr-FR","@id":"https:\/\/iberoid-shop.com\/fr\/product\/pack3-masteron-masto-gen-g-dragonltd\/#primaryimage","url":"https:\/\/iberoid-shop.com\/wp-content\/uploads\/2025\/10\/3MASTOGEN.jpg?v=1760266861","contentUrl":"https:\/\/iberoid-shop.com\/wp-content\/uploads\/2025\/10\/3MASTOGEN.jpg?v=1760266861","width":1600,"height":1231},{"@type":"BreadcrumbList","@id":"https:\/\/iberoid-shop.com\/fr\/product\/pack3-masteron-masto-gen-g-dragonltd\/#breadcrumb","itemListElement":[{"@type":"ListItem","position":1,"name":"Portada","item":"https:\/\/iberoid-shop.com\/fr\/"},{"@type":"ListItem","position":2,"name":"Magasin","item":"https:\/\/iberoid-shop.com\/fr\/shop\/"},{"@type":"ListItem","position":3,"name":"PACK3 MASTERON \/ MASTO-GEN"}]},{"@type":"WebSite","@id":"https:\/\/iberoid-shop.com\/fr\/#website","url":"https:\/\/iberoid-shop.com\/fr\/","name":"(Espa\u00f1ol) Esteroides en l\u00ednea","description":"(Espa\u00f1ol) Comprar esteroides en l\u00ednea hoy en Espa\u00f1a y Portugal. Tenemos el mejor servicio al cliente en la industria y los productos de la m\u00e1s alta calidad","potentialAction":[{"@type":"SearchAction","target":{"@type":"EntryPoint","urlTemplate":"https:\/\/iberoid-shop.com\/fr\/?s={search_term_string}"},"query-input":{"@type":"PropertyValueSpecification","valueRequired":true,"valueName":"search_term_string"}}],"inLanguage":"fr-FR"}]},"product_brand":"Golden Dragon","product_price_amount":"80.00","product_price_currency":"EUR","og_availability":"instock","product_availability":"instock","product_condition":"new"},"_links":{"self":[{"href":"https:\/\/iberoid-shop.com\/fr\/wp-json\/wp\/v2\/product\/10368","targetHints":{"allow":["GET"]}}],"collection":[{"href":"https:\/\/iberoid-shop.com\/fr\/wp-json\/wp\/v2\/product"}],"about":[{"href":"https:\/\/iberoid-shop.com\/fr\/wp-json\/wp\/v2\/types\/product"}],"replies":[{"embeddable":true,"href":"https:\/\/iberoid-shop.com\/fr\/wp-json\/wp\/v2\/comments?post=10368"}],"wp:featuredmedia":[{"embeddable":true,"href":"https:\/\/iberoid-shop.com\/fr\/wp-json\/wp\/v2\/media\/10369"}],"wp:attachment":[{"href":"https:\/\/iberoid-shop.com\/fr\/wp-json\/wp\/v2\/media?parent=10368"}],"wp:term":[{"taxonomy":"product_brand","embeddable":true,"href":"https:\/\/iberoid-shop.com\/fr\/wp-json\/wp\/v2\/product_brand?post=10368"},{"taxonomy":"product_cat","embeddable":true,"href":"https:\/\/iberoid-shop.com\/fr\/wp-json\/wp\/v2\/product_cat?post=10368"},{"taxonomy":"product_tag","embeddable":true,"href":"https:\/\/iberoid-shop.com\/fr\/wp-json\/wp\/v2\/product_tag?post=10368"}],"curies":[{"name":"wp","href":"https:\/\/api.w.org\/{rel}","templated":true}]}}