{"id":10284,"date":"2025-08-14T07:51:09","date_gmt":"2025-08-14T07:51:09","guid":{"rendered":"https:\/\/iberoid-shop.com\/?post_type=product&#038;p=10284"},"modified":"2026-02-02T16:39:43","modified_gmt":"2026-02-02T16:39:43","slug":"pack2-pboll-primo-tabs-methenolone-acetate","status":"publish","type":"product","link":"https:\/\/iberoid-shop.com\/fr\/product\/pack2-pboll-primo-tabs-methenolone-acetate\/","title":{"rendered":"PACK 2 &#8211; PBOLL \/ PRIMO TABS \/ methenolone acetate"},"content":{"rendered":"<p><\/p>\n<h3>Avantages de l&rsquo;utilisation de Primobolan<\/h3>\n<p><b>Pr\u00e9servation de la masse musculaire maigre :<\/b> L&rsquo;un des principaux avantages du Primobolan est sa capacit\u00e9 \u00e0 pr\u00e9server la masse musculaire maigre. Pour cette raison, il est particuli\u00e8rement efficace pour les personnes en d\u00e9ficit calorique ou en phase de \u00ab\u00a0s\u00e8che\u00a0\u00bb, car il aide \u00e0 maintenir les muscles tout en perdant l&rsquo;exc\u00e8s de graisse. Ainsi, les muscles que vous avez durement gagn\u00e9s ne seront pas perdus pendant les p\u00e9riodes de perte de poids !<\/p>\n<p><b>R\u00e9duction de la graisse corporelle :<\/b> Le Primobolan est d&rsquo;une grande aide pour les personnes souhaitant obtenir un physique plus sec, car il am\u00e9liore la combustion de l&rsquo;exc\u00e8s de graisse corporelle. Il augmente le taux m\u00e9tabolique, ce qui aide le corps \u00e0 utiliser la graisse stock\u00e9e comme source d&rsquo;\u00e9nergie plus efficacement. Cela peut vous donner une apparence plus d\u00e9finie et tonique.<\/p>\n<p><b>Impact mod\u00e9r\u00e9 sur les niveaux hormonaux :<\/b> Un autre avantage important du Primobolan est son effet plus faible sur les niveaux hormonaux du corps. Par cons\u00e9quent, il est peu susceptible de causer des d\u00e9s\u00e9quilibres hormonaux graves, ce qui en fait une option plus s\u00fbre pour de nombreux utilisateurs.<\/p>\n<p><b>Faibles effets \u0153strog\u00e9niques :<\/b> Avec le Primobolan, vous avez peu de risque de subir des effets secondaires li\u00e9s aux \u0153strog\u00e8nes, tels que la r\u00e9tention d&rsquo;eau ou la gyn\u00e9comastie (le d\u00e9veloppement de tissu mammaire chez les hommes). Si vous \u00eates sensible aux effets \u0153strog\u00e9niques, choisir le Primobolan peut \u00eatre un excellent moyen de les \u00e9viter tout en b\u00e9n\u00e9ficiant de tous les avantages d&rsquo;un st\u00e9ro\u00efde anabolisant.<\/p>\n<p><b>Force accrue :<\/b> Des recherches ont montr\u00e9 que l&rsquo;utilisation de st\u00e9ro\u00efdes anabolisants comme le Primobolan peut contribuer \u00e0 construire des muscles plus forts et \u00e0 am\u00e9liorer la performance globale. Gr\u00e2ce \u00e0 ce gain de force, vous pouvez intensifier vos entra\u00eenements et les rendre plus efficaces, ce qui peut potentiellement conduire \u00e0 des gains musculaires plus satisfaisants et \u00e0 des am\u00e9liorations de la condition physique.<\/p>\n<p><b>Polyvalence :<\/b> Comme le Primobolan est tr\u00e8s polyvalent, vous pouvez l&rsquo;utiliser efficacement \u00e0 la fois dans les cycles de \u00ab\u00a0s\u00e8che\u00a0\u00bb et de \u00ab\u00a0prise de masse\u00a0\u00bb. Pendant les cycles de \u00ab\u00a0s\u00e8che\u00a0\u00bb, il est excellent pour pr\u00e9server la masse musculaire tout en favorisant la perte de graisse. Dans les cycles de \u00ab\u00a0prise de masse\u00a0\u00bb, il aide \u00e0 construire de la masse musculaire maigre sans r\u00e9tention d&rsquo;eau excessive ni prise de graisse.<\/p>\n<p><b>R\u00e9cup\u00e9ration am\u00e9lior\u00e9e :<\/b> Un autre avantage significatif du Primobolan est sa capacit\u00e9 \u00e0 acc\u00e9l\u00e9rer la r\u00e9cup\u00e9ration musculaire apr\u00e8s une s\u00e9ance d&rsquo;entra\u00eenement. Par cons\u00e9quent, vous pouvez vous entra\u00eener plus souvent et avec une intensit\u00e9 plus \u00e9lev\u00e9e, car vos muscles se remettent plus rapidement du stress et des dommages. Gr\u00e2ce \u00e0 des temps de r\u00e9cup\u00e9ration plus courts, vous pouvez avoir une meilleure performance globale et des progr\u00e8s continus dans vos routines d&rsquo;entra\u00eenement.<\/p>\n<h3>Posologie recommand\u00e9e<\/h3>\n<p><b>Hommes<\/b><\/p>\n<ul>\n<li><b>D\u00e9butants :<\/b> 200-300 mg par semaine<\/li>\n<li><b>Culturistes avanc\u00e9s :<\/b> 400-600 mg par semaine<\/li>\n<\/ul>\n<p><b>Femmes<\/b><\/p>\n<ul>\n<li><b>Tous niveaux :<\/b> 50-100 mg par semaine<\/li>\n<\/ul>\n<h3>Cycle et TPC (Th\u00e9rapie Post-Cycle)<\/h3>\n<ul>\n<li><b>Dur\u00e9e du cycle :<\/b> 8-12 semaines sugg\u00e9r\u00e9es.<\/li>\n<li><b>TPC :<\/b> Commencez la TPC 2-3 semaines apr\u00e8s votre derni\u00e8re dose de Primobolan. La dur\u00e9e typique de la TPC est de 4 semaines, en utilisant du <b>Clomid ou du Nolvadex<\/b>.<\/li>\n<li><b>Posologie TPC recommand\u00e9e :<\/b> <b>Clomid<\/b> 50 mg par jour ou <b>Nolvadex<\/b> 20 mg par jour.<\/li>\n<\/ul>\n<h3>St\u00e9ro\u00efdes connexes qui compl\u00e8tent le Primobolan<\/h3>\n<ul>\n<li>Enanthate de Testost\u00e9rone<\/li>\n<li>Anavar<\/li>\n<li>Trenbolone<\/li>\n<\/ul>\n<h3>Effets secondaires<\/h3>\n<p>Les effets secondaires potentiels incluent :<\/p>\n<ul>\n<li><b>Changements de la libido :<\/b> Surveillez toute fluctuation du d\u00e9sir sexuel.<\/li>\n<li><b>Perte de cheveux :<\/b> Peut se produire chez les personnes g\u00e9n\u00e9tiquement pr\u00e9dispos\u00e9es.<\/li>\n<li><b>Tension h\u00e9patique :<\/b> Bien que moins h\u00e9patotoxique, v\u00e9rifiez toujours la sant\u00e9 du foie.<\/li>\n<li><b>Probl\u00e8mes de cholest\u00e9rol :<\/b> G\u00e9rez-les avec une alimentation saine pour le c\u0153ur et des examens r\u00e9guliers.<\/li>\n<\/ul>\n<h3>Questions fr\u00e9quentes<\/h3>\n<p><b>Combien de temps avant que les r\u00e9sultats ne soient visibles ?<\/b> G\u00e9n\u00e9ralement, 3 \u00e0 4 semaines pour des changements notables.<\/p>\n<p><b>Le Primobolan peut-il \u00eatre utilis\u00e9 seul ?<\/b> Oui, mais il est souvent combin\u00e9 avec d&rsquo;autres produits pour des r\u00e9sultats optimaux.<\/p>\n<p><b>Quel est l&rsquo;\u00e2ge minimum pour l&rsquo;utilisation ?<\/b> Strictement 18 ans et plus, et consultez toujours un professionnel de la sant\u00e9 au pr\u00e9alable.<\/p>","protected":false},"excerpt":{"rendered":"<p>Avantages de l&rsquo;utilisation de Primobolan Pr\u00e9servation de la masse musculaire maigre : L&rsquo;un des principaux avantages du Primobolan est sa<\/p>\n","protected":false},"featured_media":10285,"comment_status":"open","ping_status":"closed","template":"","meta":[],"product_brand":[],"product_cat":[73,3474],"product_tag":[],"class_list":{"0":"post-10284","1":"product","2":"type-product","3":"status-publish","4":"has-post-thumbnail","6":"product_cat-ssteroides_orales","7":"product_cat-packs","9":"first","10":"instock","11":"sale","12":"shipping-taxable","13":"purchasable","14":"product-type-simple"},"yoast_head":"<!-- This site is optimized with the Yoast SEO Premium plugin v24.4 (Yoast SEO v27.3) - https:\/\/yoast.com\/product\/yoast-seo-premium-wordpress\/ -->\n<title>PACK 2 - PBOLL \/ PRIMO TABS \/ methenolone acetate - (Espa\u00f1ol) Esteroides en l\u00ednea<\/title>\n<meta name=\"description\" content=\"Le Primobolan aide \u00e0 pr\u00e9server la masse musculaire maigre tout en favorisant la perte de graisse, am\u00e9liorant la force et la r\u00e9cup\u00e9ration avec de faibles effets \u0153strog\u00e9niques.\" \/>\n<meta name=\"robots\" content=\"index, follow, max-snippet:-1, max-image-preview:large, max-video-preview:-1\" \/>\n<link rel=\"canonical\" href=\"https:\/\/iberoid-shop.com\/fr\/product\/pack2-pboll-primo-tabs-methenolone-acetate\/\" \/>\n<meta property=\"og:locale\" content=\"fr_FR\" \/>\n<meta property=\"og:type\" content=\"article\" \/>\n<meta property=\"og:title\" content=\"PACK 2 - PBOLL \/ PRIMO TABS \/ methenolone acetate\" \/>\n<meta property=\"og:description\" content=\"Le Primobolan aide \u00e0 pr\u00e9server la masse musculaire maigre tout en favorisant la perte de graisse, am\u00e9liorant la force et la r\u00e9cup\u00e9ration avec de faibles effets \u0153strog\u00e9niques.\" \/>\n<meta property=\"og:url\" content=\"https:\/\/iberoid-shop.com\/fr\/product\/pack2-pboll-primo-tabs-methenolone-acetate\/\" \/>\n<meta property=\"og:site_name\" content=\"(Espa\u00f1ol) Esteroides en l\u00ednea\" \/>\n<meta property=\"article:modified_time\" content=\"2026-02-02T16:39:43+00:00\" \/>\n<meta property=\"og:image\" content=\"https:\/\/iberoid-shop.com\/wp-content\/uploads\/2025\/08\/2PBOL-scaled.jpeg?v=1755157997\" \/>\n\t<meta property=\"og:image:width\" content=\"2260\" \/>\n\t<meta property=\"og:image:height\" content=\"2560\" \/>\n\t<meta property=\"og:image:type\" content=\"image\/jpeg\" \/>\n<meta name=\"twitter:card\" content=\"summary_large_image\" \/>\n<meta name=\"twitter:label1\" content=\"Prix\" \/>\n\t<meta name=\"twitter:data1\" content=\"&euro;45.00\" \/>\n\t<meta name=\"twitter:label2\" content=\"Disponibilit\u00e9\" \/>\n\t<meta name=\"twitter:data2\" content=\"En stock\" \/>\n<script type=\"application\/ld+json\" class=\"yoast-schema-graph\">{\"@context\":\"https:\\\/\\\/schema.org\",\"@graph\":[{\"@type\":\"WebPage\",\"@id\":\"https:\\\/\\\/iberoid-shop.com\\\/fr\\\/product\\\/pack2-pboll-primo-tabs-methenolone-acetate\\\/\",\"url\":\"https:\\\/\\\/iberoid-shop.com\\\/fr\\\/product\\\/pack2-pboll-primo-tabs-methenolone-acetate\\\/\",\"name\":\"PACK 2 - PBOLL \\\/ PRIMO TABS \\\/ methenolone acetate - (Espa\u00f1ol) Esteroides en l\u00ednea\",\"isPartOf\":{\"@id\":\"https:\\\/\\\/iberoid-shop.com\\\/fr\\\/#website\"},\"primaryImageOfPage\":{\"@id\":\"https:\\\/\\\/iberoid-shop.com\\\/fr\\\/product\\\/pack2-pboll-primo-tabs-methenolone-acetate\\\/#primaryimage\"},\"image\":{\"@id\":\"https:\\\/\\\/iberoid-shop.com\\\/fr\\\/product\\\/pack2-pboll-primo-tabs-methenolone-acetate\\\/#primaryimage\"},\"thumbnailUrl\":\"https:\\\/\\\/iberoid-shop.com\\\/wp-content\\\/uploads\\\/2025\\\/08\\\/2PBOL-scaled.jpeg?v=1755157997\",\"datePublished\":\"2025-08-14T07:51:09+00:00\",\"dateModified\":\"2026-02-02T16:39:43+00:00\",\"description\":\"Le Primobolan aide \u00e0 pr\u00e9server la masse musculaire maigre tout en favorisant la perte de graisse, am\u00e9liorant la force et la r\u00e9cup\u00e9ration avec de faibles effets \u0153strog\u00e9niques.\",\"breadcrumb\":{\"@id\":\"https:\\\/\\\/iberoid-shop.com\\\/fr\\\/product\\\/pack2-pboll-primo-tabs-methenolone-acetate\\\/#breadcrumb\"},\"inLanguage\":\"fr-FR\",\"potentialAction\":[{\"@type\":\"ReadAction\",\"target\":[[\"https:\\\/\\\/iberoid-shop.com\\\/fr\\\/product\\\/pack2-pboll-primo-tabs-methenolone-acetate\\\/\"]]}]},{\"@type\":\"ImageObject\",\"inLanguage\":\"fr-FR\",\"@id\":\"https:\\\/\\\/iberoid-shop.com\\\/fr\\\/product\\\/pack2-pboll-primo-tabs-methenolone-acetate\\\/#primaryimage\",\"url\":\"https:\\\/\\\/iberoid-shop.com\\\/wp-content\\\/uploads\\\/2025\\\/08\\\/2PBOL-scaled.jpeg?v=1755157997\",\"contentUrl\":\"https:\\\/\\\/iberoid-shop.com\\\/wp-content\\\/uploads\\\/2025\\\/08\\\/2PBOL-scaled.jpeg?v=1755157997\",\"width\":2260,\"height\":2560},{\"@type\":\"BreadcrumbList\",\"@id\":\"https:\\\/\\\/iberoid-shop.com\\\/fr\\\/product\\\/pack2-pboll-primo-tabs-methenolone-acetate\\\/#breadcrumb\",\"itemListElement\":[{\"@type\":\"ListItem\",\"position\":1,\"name\":\"Portada\",\"item\":\"https:\\\/\\\/iberoid-shop.com\\\/fr\\\/\"},{\"@type\":\"ListItem\",\"position\":2,\"name\":\"Magasin\",\"item\":\"https:\\\/\\\/iberoid-shop.com\\\/fr\\\/shop\\\/\"},{\"@type\":\"ListItem\",\"position\":3,\"name\":\"PACK 2 &#8211; PBOLL \\\/ PRIMO TABS \\\/ methenolone acetate\"}]},{\"@type\":\"WebSite\",\"@id\":\"https:\\\/\\\/iberoid-shop.com\\\/fr\\\/#website\",\"url\":\"https:\\\/\\\/iberoid-shop.com\\\/fr\\\/\",\"name\":\"(Espa\u00f1ol) Esteroides en l\u00ednea\",\"description\":\"(Espa\u00f1ol) Comprar esteroides en l\u00ednea hoy en Espa\u00f1a y Portugal. Tenemos el mejor servicio al cliente en la industria y los productos de la m\u00e1s alta calidad\",\"potentialAction\":[{\"@type\":\"SearchAction\",\"target\":{\"@type\":\"EntryPoint\",\"urlTemplate\":\"https:\\\/\\\/iberoid-shop.com\\\/fr\\\/?s={search_term_string}\"},\"query-input\":{\"@type\":\"PropertyValueSpecification\",\"valueRequired\":true,\"valueName\":\"search_term_string\"}}],\"inLanguage\":\"fr-FR\"}]}<\/script>\n<meta property=\"product:brand\" content=\"Mp-Pharm\" \/>\n<meta property=\"product:price:amount\" content=\"45.00\" \/>\n<meta property=\"product:price:currency\" content=\"EUR\" \/>\n<meta property=\"og:availability\" content=\"instock\" \/>\n<meta property=\"product:availability\" content=\"instock\" \/>\n<meta property=\"product:condition\" content=\"new\" \/>\n<!-- \/ Yoast SEO Premium plugin. -->","yoast_head_json":{"title":"PACK 2 - PBOLL \/ PRIMO TABS \/ methenolone acetate - (Espa\u00f1ol) Esteroides en l\u00ednea","description":"Le Primobolan aide \u00e0 pr\u00e9server la masse musculaire maigre tout en favorisant la perte de graisse, am\u00e9liorant la force et la r\u00e9cup\u00e9ration avec de faibles effets \u0153strog\u00e9niques.","robots":{"index":"index","follow":"follow","max-snippet":"max-snippet:-1","max-image-preview":"max-image-preview:large","max-video-preview":"max-video-preview:-1"},"canonical":"https:\/\/iberoid-shop.com\/fr\/product\/pack2-pboll-primo-tabs-methenolone-acetate\/","og_locale":"fr_FR","og_type":"article","og_title":"PACK 2 - PBOLL \/ PRIMO TABS \/ methenolone acetate","og_description":"Le Primobolan aide \u00e0 pr\u00e9server la masse musculaire maigre tout en favorisant la perte de graisse, am\u00e9liorant la force et la r\u00e9cup\u00e9ration avec de faibles effets \u0153strog\u00e9niques.","og_url":"https:\/\/iberoid-shop.com\/fr\/product\/pack2-pboll-primo-tabs-methenolone-acetate\/","og_site_name":"(Espa\u00f1ol) Esteroides en l\u00ednea","article_modified_time":"2026-02-02T16:39:43+00:00","og_image":[{"width":2260,"height":2560,"url":"https:\/\/iberoid-shop.com\/wp-content\/uploads\/2025\/08\/2PBOL-scaled.jpeg?v=1755157997","type":"image\/jpeg"}],"twitter_card":"summary_large_image","twitter_misc":{"Prix":"&euro;45.00","Disponibilit\u00e9":"En stock"},"schema":{"@context":"https:\/\/schema.org","@graph":[{"@type":"WebPage","@id":"https:\/\/iberoid-shop.com\/fr\/product\/pack2-pboll-primo-tabs-methenolone-acetate\/","url":"https:\/\/iberoid-shop.com\/fr\/product\/pack2-pboll-primo-tabs-methenolone-acetate\/","name":"PACK 2 - PBOLL \/ PRIMO TABS \/ methenolone acetate - (Espa\u00f1ol) Esteroides en l\u00ednea","isPartOf":{"@id":"https:\/\/iberoid-shop.com\/fr\/#website"},"primaryImageOfPage":{"@id":"https:\/\/iberoid-shop.com\/fr\/product\/pack2-pboll-primo-tabs-methenolone-acetate\/#primaryimage"},"image":{"@id":"https:\/\/iberoid-shop.com\/fr\/product\/pack2-pboll-primo-tabs-methenolone-acetate\/#primaryimage"},"thumbnailUrl":"https:\/\/iberoid-shop.com\/wp-content\/uploads\/2025\/08\/2PBOL-scaled.jpeg?v=1755157997","datePublished":"2025-08-14T07:51:09+00:00","dateModified":"2026-02-02T16:39:43+00:00","description":"Le Primobolan aide \u00e0 pr\u00e9server la masse musculaire maigre tout en favorisant la perte de graisse, am\u00e9liorant la force et la r\u00e9cup\u00e9ration avec de faibles effets \u0153strog\u00e9niques.","breadcrumb":{"@id":"https:\/\/iberoid-shop.com\/fr\/product\/pack2-pboll-primo-tabs-methenolone-acetate\/#breadcrumb"},"inLanguage":"fr-FR","potentialAction":[{"@type":"ReadAction","target":[["https:\/\/iberoid-shop.com\/fr\/product\/pack2-pboll-primo-tabs-methenolone-acetate\/"]]}]},{"@type":"ImageObject","inLanguage":"fr-FR","@id":"https:\/\/iberoid-shop.com\/fr\/product\/pack2-pboll-primo-tabs-methenolone-acetate\/#primaryimage","url":"https:\/\/iberoid-shop.com\/wp-content\/uploads\/2025\/08\/2PBOL-scaled.jpeg?v=1755157997","contentUrl":"https:\/\/iberoid-shop.com\/wp-content\/uploads\/2025\/08\/2PBOL-scaled.jpeg?v=1755157997","width":2260,"height":2560},{"@type":"BreadcrumbList","@id":"https:\/\/iberoid-shop.com\/fr\/product\/pack2-pboll-primo-tabs-methenolone-acetate\/#breadcrumb","itemListElement":[{"@type":"ListItem","position":1,"name":"Portada","item":"https:\/\/iberoid-shop.com\/fr\/"},{"@type":"ListItem","position":2,"name":"Magasin","item":"https:\/\/iberoid-shop.com\/fr\/shop\/"},{"@type":"ListItem","position":3,"name":"PACK 2 &#8211; PBOLL \/ PRIMO TABS \/ methenolone acetate"}]},{"@type":"WebSite","@id":"https:\/\/iberoid-shop.com\/fr\/#website","url":"https:\/\/iberoid-shop.com\/fr\/","name":"(Espa\u00f1ol) Esteroides en l\u00ednea","description":"(Espa\u00f1ol) Comprar esteroides en l\u00ednea hoy en Espa\u00f1a y Portugal. Tenemos el mejor servicio al cliente en la industria y los productos de la m\u00e1s alta calidad","potentialAction":[{"@type":"SearchAction","target":{"@type":"EntryPoint","urlTemplate":"https:\/\/iberoid-shop.com\/fr\/?s={search_term_string}"},"query-input":{"@type":"PropertyValueSpecification","valueRequired":true,"valueName":"search_term_string"}}],"inLanguage":"fr-FR"}]},"product_brand":"Mp-Pharm","product_price_amount":"45.00","product_price_currency":"EUR","og_availability":"instock","product_availability":"instock","product_condition":"new"},"_links":{"self":[{"href":"https:\/\/iberoid-shop.com\/fr\/wp-json\/wp\/v2\/product\/10284","targetHints":{"allow":["GET"]}}],"collection":[{"href":"https:\/\/iberoid-shop.com\/fr\/wp-json\/wp\/v2\/product"}],"about":[{"href":"https:\/\/iberoid-shop.com\/fr\/wp-json\/wp\/v2\/types\/product"}],"replies":[{"embeddable":true,"href":"https:\/\/iberoid-shop.com\/fr\/wp-json\/wp\/v2\/comments?post=10284"}],"wp:featuredmedia":[{"embeddable":true,"href":"https:\/\/iberoid-shop.com\/fr\/wp-json\/wp\/v2\/media\/10285"}],"wp:attachment":[{"href":"https:\/\/iberoid-shop.com\/fr\/wp-json\/wp\/v2\/media?parent=10284"}],"wp:term":[{"taxonomy":"product_brand","embeddable":true,"href":"https:\/\/iberoid-shop.com\/fr\/wp-json\/wp\/v2\/product_brand?post=10284"},{"taxonomy":"product_cat","embeddable":true,"href":"https:\/\/iberoid-shop.com\/fr\/wp-json\/wp\/v2\/product_cat?post=10284"},{"taxonomy":"product_tag","embeddable":true,"href":"https:\/\/iberoid-shop.com\/fr\/wp-json\/wp\/v2\/product_tag?post=10284"}],"curies":[{"name":"wp","href":"https:\/\/api.w.org\/{rel}","templated":true}]}}