{"id":10280,"date":"2025-08-14T07:41:53","date_gmt":"2025-08-14T07:41:53","guid":{"rendered":"https:\/\/iberoid-shop.com\/?post_type=product&#038;p=10280"},"modified":"2026-04-10T07:51:46","modified_gmt":"2026-04-10T07:51:46","slug":"pack2-c2boll-clenbuterol-20-mcg-200tabs","status":"publish","type":"product","link":"https:\/\/iberoid-shop.com\/fr\/product\/pack2-c2boll-clenbuterol-20-mcg-200tabs\/","title":{"rendered":"PACK 2 &#8211; C2BOLL \/ clenbuterol (20 mcg \/ 200tabs)"},"content":{"rendered":"<p><b>Clenbut\u00e9rol (Clen) 20 mcg x 100 comprim\u00e9s<\/b><\/p>\n<p>Le <b>Clenbut\u00e9rol<\/b> est l&rsquo;un des m\u00e9dicaments les plus recherch\u00e9s pour br\u00fbler les graisses, car il augmente le taux m\u00e9tabolique du corps. Les gens ach\u00e8tent le clenbut\u00e9rol car c&rsquo;est une alternative s\u00fbre aux m\u00e9dicaments anabolisants et il est utilis\u00e9 par les culturistes et les athl\u00e8tes professionnels pour atteindre leurs objectifs de forme physique. Class\u00e9 comme un agoniste b\u00eata-2-adr\u00e9nergique, il aide \u00e0 d\u00e9tendre les muscles et am\u00e9liore le fonctionnement des poumons pour produire et utiliser plus d&rsquo;oxyg\u00e8ne. Le Clenbut\u00e9rol a \u00e9t\u00e9 initialement introduit pour traiter les personnes souffrant d&rsquo;asthme et d&rsquo;autres probl\u00e8mes respiratoires, mais a gagn\u00e9 en popularit\u00e9 dans le monde du culturisme par la suite.<\/p>\n<h3>Avantages du Clenbut\u00e9rol<\/h3>\n<p>Voici quelques-uns des principaux avantages de l&rsquo;utilisation du Clenbut\u00e9rol :<\/p>\n<ul>\n<li><b>Aide \u00e0 la perte de poids :<\/b> En augmentant le taux m\u00e9tabolique du corps, le Clen aide \u00e0 br\u00fbler les graisses tenaces.<\/li>\n<li><b>Effets androg\u00e9niques minimes :<\/b> Les culturistes femmes pr\u00e9f\u00e8rent utiliser le clenbut\u00e9rol car il a moins d&rsquo;effets secondaires que les autres st\u00e9ro\u00efdes anabolisants.<\/li>\n<li><b>Taux m\u00e9tabolique et suppression de l&rsquo;app\u00e9tit :<\/b> En plus d&rsquo;augmenter le taux m\u00e9tabolique, le Clen a aussi l&rsquo;avantage de freiner l&rsquo;app\u00e9tit, vous permettant de consommer moins de calories. De nombreux culturistes cherchent du clenbut\u00e9rol en vente \u00e0 l&rsquo;approche des comp\u00e9titions pour \u00e9liminer la graisse superflue.<\/li>\n<\/ul>\n<h3>Effets secondaires du Clenbut\u00e9rol<\/h3>\n<p>Comme tout m\u00e9dicament, le Clenbut\u00e9rol doit \u00eatre consomm\u00e9 de mani\u00e8re s\u00fbre, et la dose recommand\u00e9e ne doit jamais \u00eatre d\u00e9pass\u00e9e. Voici quelques-uns des effets secondaires courants :<\/p>\n<ul>\n<li>Augmentation du rythme cardiaque et palpitations.<\/li>\n<li>Faible taux de potassium dans le sang (hypokali\u00e9mie).<\/li>\n<li>Hypertension art\u00e9rielle (hyperglyc\u00e9mie).<\/li>\n<li>Arr\u00eat cardiaque.<\/li>\n<li>Sensation de chaleur.<\/li>\n<li>Crampes musculaires.<\/li>\n<li>Respiration rapide.<\/li>\n<li>D\u00e9s\u00e9quilibre \u00e9lectrolytique.<\/li>\n<\/ul>\n<h3>Posologie recommand\u00e9e<\/h3>\n<ul>\n<li>Pour les femmes, la dose initiale recommand\u00e9e est de <b>20 mg<\/b> ; pour les hommes, il est conseill\u00e9 de commencer avec <b>40 mg<\/b>.<\/li>\n<li>La dose doit \u00eatre augment\u00e9e de 20 mg chaque mois jusqu&rsquo;\u00e0 ce que les r\u00e9sultats d\u00e9sir\u00e9s soient atteints.<\/li>\n<li>La dose quotidienne typique pour les experts et les utilisateurs avanc\u00e9s se situe g\u00e9n\u00e9ralement entre <b>80 et 120 mg<\/b>, et doit \u00eatre progressivement r\u00e9duite apr\u00e8s avoir obtenu les effets souhait\u00e9s.<\/li>\n<\/ul>\n<p><\/p>","protected":false},"excerpt":{"rendered":"<p>Clenbut\u00e9rol (Clen) 20 mcg x 100 comprim\u00e9s Le Clenbut\u00e9rol est l&rsquo;un des m\u00e9dicaments les plus recherch\u00e9s pour br\u00fbler les graisses,<\/p>\n","protected":false},"featured_media":10281,"comment_status":"open","ping_status":"closed","template":"","meta":[],"product_brand":[3530],"product_cat":[73,3474,3533],"product_tag":[],"class_list":{"0":"post-10280","1":"product","2":"type-product","3":"status-publish","4":"has-post-thumbnail","6":"product_brand-mp-pharm-muscle-pharm","7":"product_cat-ssteroides_orales","8":"product_cat-packs","9":"product_cat-sales-rebajas","11":"first","12":"instock","13":"sale","14":"shipping-taxable","15":"purchasable","16":"product-type-simple"},"yoast_head":"<!-- This site is optimized with the Yoast SEO Premium plugin v24.4 (Yoast SEO v27.0) - https:\/\/yoast.com\/product\/yoast-seo-premium-wordpress\/ -->\n<title>PACK 2 - C2BOLL \/ clenbuterol (20 mcg \/ 200tabs) - (Espa\u00f1ol) Esteroides en l\u00ednea<\/title>\n<meta name=\"description\" content=\"Le Clenbut\u00e9rol est un puissant br\u00fbleur de graisse qui augmente le m\u00e9tabolisme et supprime l&#039;app\u00e9tit, facilitant la perte de poids avec des effets secondaires androg\u00e9niques minimes.\" \/>\n<meta name=\"robots\" content=\"index, follow, max-snippet:-1, max-image-preview:large, max-video-preview:-1\" \/>\n<link rel=\"canonical\" href=\"https:\/\/iberoid-shop.com\/fr\/product\/pack2-c2boll-clenbuterol-20-mcg-200tabs\/\" \/>\n<meta property=\"og:locale\" content=\"fr_FR\" \/>\n<meta property=\"og:type\" content=\"article\" \/>\n<meta property=\"og:title\" content=\"PACK 2 - C2BOLL \/ clenbuterol (20 mcg \/ 200tabs)\" \/>\n<meta property=\"og:description\" content=\"Le Clenbut\u00e9rol est un puissant br\u00fbleur de graisse qui augmente le m\u00e9tabolisme et supprime l&#039;app\u00e9tit, facilitant la perte de poids avec des effets secondaires androg\u00e9niques minimes.\" \/>\n<meta property=\"og:url\" content=\"https:\/\/iberoid-shop.com\/fr\/product\/pack2-c2boll-clenbuterol-20-mcg-200tabs\/\" \/>\n<meta property=\"og:site_name\" content=\"(Espa\u00f1ol) Esteroides en l\u00ednea\" \/>\n<meta property=\"article:modified_time\" content=\"2026-04-10T07:51:46+00:00\" \/>\n<meta property=\"og:image\" content=\"https:\/\/iberoid-shop.com\/wp-content\/uploads\/2025\/08\/2-C2-scaled.jpeg?v=1755157291\" \/>\n\t<meta property=\"og:image:width\" content=\"2560\" \/>\n\t<meta property=\"og:image:height\" content=\"2447\" \/>\n\t<meta property=\"og:image:type\" content=\"image\/jpeg\" \/>\n<meta name=\"twitter:card\" content=\"summary_large_image\" \/>\n<meta name=\"twitter:label1\" content=\"Prix\" \/>\n\t<meta name=\"twitter:data1\" content=\"&euro;25.00\" \/>\n\t<meta name=\"twitter:label2\" content=\"Disponibilit\u00e9\" \/>\n\t<meta name=\"twitter:data2\" content=\"En stock\" \/>\n<script type=\"application\/ld+json\" class=\"yoast-schema-graph\">{\"@context\":\"https:\/\/schema.org\",\"@graph\":[{\"@type\":\"WebPage\",\"@id\":\"https:\/\/iberoid-shop.com\/fr\/product\/pack2-c2boll-clenbuterol-20-mcg-200tabs\/\",\"url\":\"https:\/\/iberoid-shop.com\/fr\/product\/pack2-c2boll-clenbuterol-20-mcg-200tabs\/\",\"name\":\"PACK 2 - C2BOLL \/ clenbuterol (20 mcg \/ 200tabs) - (Espa\u00f1ol) Esteroides en l\u00ednea\",\"isPartOf\":{\"@id\":\"https:\/\/iberoid-shop.com\/fr\/#website\"},\"primaryImageOfPage\":{\"@id\":\"https:\/\/iberoid-shop.com\/fr\/product\/pack2-c2boll-clenbuterol-20-mcg-200tabs\/#primaryimage\"},\"image\":{\"@id\":\"https:\/\/iberoid-shop.com\/fr\/product\/pack2-c2boll-clenbuterol-20-mcg-200tabs\/#primaryimage\"},\"thumbnailUrl\":\"https:\/\/iberoid-shop.com\/wp-content\/uploads\/2025\/08\/2-C2-scaled.jpeg?v=1755157291\",\"datePublished\":\"2025-08-14T07:41:53+00:00\",\"dateModified\":\"2026-04-10T07:51:46+00:00\",\"description\":\"Le Clenbut\u00e9rol est un puissant br\u00fbleur de graisse qui augmente le m\u00e9tabolisme et supprime l'app\u00e9tit, facilitant la perte de poids avec des effets secondaires androg\u00e9niques minimes.\",\"breadcrumb\":{\"@id\":\"https:\/\/iberoid-shop.com\/fr\/product\/pack2-c2boll-clenbuterol-20-mcg-200tabs\/#breadcrumb\"},\"inLanguage\":\"fr-FR\",\"potentialAction\":[{\"@type\":\"ReadAction\",\"target\":[[\"https:\/\/iberoid-shop.com\/fr\/product\/pack2-c2boll-clenbuterol-20-mcg-200tabs\/\"]]}]},{\"@type\":\"ImageObject\",\"inLanguage\":\"fr-FR\",\"@id\":\"https:\/\/iberoid-shop.com\/fr\/product\/pack2-c2boll-clenbuterol-20-mcg-200tabs\/#primaryimage\",\"url\":\"https:\/\/iberoid-shop.com\/wp-content\/uploads\/2025\/08\/2-C2-scaled.jpeg?v=1755157291\",\"contentUrl\":\"https:\/\/iberoid-shop.com\/wp-content\/uploads\/2025\/08\/2-C2-scaled.jpeg?v=1755157291\",\"width\":2560,\"height\":2447},{\"@type\":\"BreadcrumbList\",\"@id\":\"https:\/\/iberoid-shop.com\/fr\/product\/pack2-c2boll-clenbuterol-20-mcg-200tabs\/#breadcrumb\",\"itemListElement\":[{\"@type\":\"ListItem\",\"position\":1,\"name\":\"Portada\",\"item\":\"https:\/\/iberoid-shop.com\/fr\/\"},{\"@type\":\"ListItem\",\"position\":2,\"name\":\"Magasin\",\"item\":\"https:\/\/iberoid-shop.com\/fr\/shop\/\"},{\"@type\":\"ListItem\",\"position\":3,\"name\":\"PACK 2 &#8211; C2BOLL \/ clenbuterol (20 mcg \/ 200tabs)\"}]},{\"@type\":\"WebSite\",\"@id\":\"https:\/\/iberoid-shop.com\/fr\/#website\",\"url\":\"https:\/\/iberoid-shop.com\/fr\/\",\"name\":\"(Espa\u00f1ol) Esteroides en l\u00ednea\",\"description\":\"(Espa\u00f1ol) Comprar esteroides en l\u00ednea hoy en Espa\u00f1a y Portugal. Tenemos el mejor servicio al cliente en la industria y los productos de la m\u00e1s alta calidad\",\"potentialAction\":[{\"@type\":\"SearchAction\",\"target\":{\"@type\":\"EntryPoint\",\"urlTemplate\":\"https:\/\/iberoid-shop.com\/fr\/?s={search_term_string}\"},\"query-input\":{\"@type\":\"PropertyValueSpecification\",\"valueRequired\":true,\"valueName\":\"search_term_string\"}}],\"inLanguage\":\"fr-FR\"}]}<\/script>\n<meta property=\"product:price:amount\" content=\"25.00\" \/>\n<meta property=\"product:price:currency\" content=\"EUR\" \/>\n<meta property=\"og:availability\" content=\"instock\" \/>\n<meta property=\"product:availability\" content=\"instock\" \/>\n<meta property=\"product:condition\" content=\"new\" \/>\n<!-- \/ Yoast SEO Premium plugin. -->","yoast_head_json":{"title":"PACK 2 - C2BOLL \/ clenbuterol (20 mcg \/ 200tabs) - (Espa\u00f1ol) Esteroides en l\u00ednea","description":"Le Clenbut\u00e9rol est un puissant br\u00fbleur de graisse qui augmente le m\u00e9tabolisme et supprime l'app\u00e9tit, facilitant la perte de poids avec des effets secondaires androg\u00e9niques minimes.","robots":{"index":"index","follow":"follow","max-snippet":"max-snippet:-1","max-image-preview":"max-image-preview:large","max-video-preview":"max-video-preview:-1"},"canonical":"https:\/\/iberoid-shop.com\/fr\/product\/pack2-c2boll-clenbuterol-20-mcg-200tabs\/","og_locale":"fr_FR","og_type":"article","og_title":"PACK 2 - C2BOLL \/ clenbuterol (20 mcg \/ 200tabs)","og_description":"Le Clenbut\u00e9rol est un puissant br\u00fbleur de graisse qui augmente le m\u00e9tabolisme et supprime l'app\u00e9tit, facilitant la perte de poids avec des effets secondaires androg\u00e9niques minimes.","og_url":"https:\/\/iberoid-shop.com\/fr\/product\/pack2-c2boll-clenbuterol-20-mcg-200tabs\/","og_site_name":"(Espa\u00f1ol) Esteroides en l\u00ednea","article_modified_time":"2026-04-10T07:51:46+00:00","og_image":[{"width":2560,"height":2447,"url":"https:\/\/iberoid-shop.com\/wp-content\/uploads\/2025\/08\/2-C2-scaled.jpeg?v=1755157291","type":"image\/jpeg"}],"twitter_card":"summary_large_image","twitter_misc":{"Prix":"&euro;25.00","Disponibilit\u00e9":"En stock"},"schema":{"@context":"https:\/\/schema.org","@graph":[{"@type":"WebPage","@id":"https:\/\/iberoid-shop.com\/fr\/product\/pack2-c2boll-clenbuterol-20-mcg-200tabs\/","url":"https:\/\/iberoid-shop.com\/fr\/product\/pack2-c2boll-clenbuterol-20-mcg-200tabs\/","name":"PACK 2 - C2BOLL \/ clenbuterol (20 mcg \/ 200tabs) - (Espa\u00f1ol) Esteroides en l\u00ednea","isPartOf":{"@id":"https:\/\/iberoid-shop.com\/fr\/#website"},"primaryImageOfPage":{"@id":"https:\/\/iberoid-shop.com\/fr\/product\/pack2-c2boll-clenbuterol-20-mcg-200tabs\/#primaryimage"},"image":{"@id":"https:\/\/iberoid-shop.com\/fr\/product\/pack2-c2boll-clenbuterol-20-mcg-200tabs\/#primaryimage"},"thumbnailUrl":"https:\/\/iberoid-shop.com\/wp-content\/uploads\/2025\/08\/2-C2-scaled.jpeg?v=1755157291","datePublished":"2025-08-14T07:41:53+00:00","dateModified":"2026-04-10T07:51:46+00:00","description":"Le Clenbut\u00e9rol est un puissant br\u00fbleur de graisse qui augmente le m\u00e9tabolisme et supprime l'app\u00e9tit, facilitant la perte de poids avec des effets secondaires androg\u00e9niques minimes.","breadcrumb":{"@id":"https:\/\/iberoid-shop.com\/fr\/product\/pack2-c2boll-clenbuterol-20-mcg-200tabs\/#breadcrumb"},"inLanguage":"fr-FR","potentialAction":[{"@type":"ReadAction","target":[["https:\/\/iberoid-shop.com\/fr\/product\/pack2-c2boll-clenbuterol-20-mcg-200tabs\/"]]}]},{"@type":"ImageObject","inLanguage":"fr-FR","@id":"https:\/\/iberoid-shop.com\/fr\/product\/pack2-c2boll-clenbuterol-20-mcg-200tabs\/#primaryimage","url":"https:\/\/iberoid-shop.com\/wp-content\/uploads\/2025\/08\/2-C2-scaled.jpeg?v=1755157291","contentUrl":"https:\/\/iberoid-shop.com\/wp-content\/uploads\/2025\/08\/2-C2-scaled.jpeg?v=1755157291","width":2560,"height":2447},{"@type":"BreadcrumbList","@id":"https:\/\/iberoid-shop.com\/fr\/product\/pack2-c2boll-clenbuterol-20-mcg-200tabs\/#breadcrumb","itemListElement":[{"@type":"ListItem","position":1,"name":"Portada","item":"https:\/\/iberoid-shop.com\/fr\/"},{"@type":"ListItem","position":2,"name":"Magasin","item":"https:\/\/iberoid-shop.com\/fr\/shop\/"},{"@type":"ListItem","position":3,"name":"PACK 2 &#8211; C2BOLL \/ clenbuterol (20 mcg \/ 200tabs)"}]},{"@type":"WebSite","@id":"https:\/\/iberoid-shop.com\/fr\/#website","url":"https:\/\/iberoid-shop.com\/fr\/","name":"(Espa\u00f1ol) Esteroides en l\u00ednea","description":"(Espa\u00f1ol) Comprar esteroides en l\u00ednea hoy en Espa\u00f1a y Portugal. Tenemos el mejor servicio al cliente en la industria y los productos de la m\u00e1s alta calidad","potentialAction":[{"@type":"SearchAction","target":{"@type":"EntryPoint","urlTemplate":"https:\/\/iberoid-shop.com\/fr\/?s={search_term_string}"},"query-input":{"@type":"PropertyValueSpecification","valueRequired":true,"valueName":"search_term_string"}}],"inLanguage":"fr-FR"}]},"product_price_amount":"25.00","product_price_currency":"EUR","og_availability":"instock","product_availability":"instock","product_condition":"new"},"_links":{"self":[{"href":"https:\/\/iberoid-shop.com\/fr\/wp-json\/wp\/v2\/product\/10280","targetHints":{"allow":["GET"]}}],"collection":[{"href":"https:\/\/iberoid-shop.com\/fr\/wp-json\/wp\/v2\/product"}],"about":[{"href":"https:\/\/iberoid-shop.com\/fr\/wp-json\/wp\/v2\/types\/product"}],"replies":[{"embeddable":true,"href":"https:\/\/iberoid-shop.com\/fr\/wp-json\/wp\/v2\/comments?post=10280"}],"wp:featuredmedia":[{"embeddable":true,"href":"https:\/\/iberoid-shop.com\/fr\/wp-json\/wp\/v2\/media\/10281"}],"wp:attachment":[{"href":"https:\/\/iberoid-shop.com\/fr\/wp-json\/wp\/v2\/media?parent=10280"}],"wp:term":[{"taxonomy":"product_brand","embeddable":true,"href":"https:\/\/iberoid-shop.com\/fr\/wp-json\/wp\/v2\/product_brand?post=10280"},{"taxonomy":"product_cat","embeddable":true,"href":"https:\/\/iberoid-shop.com\/fr\/wp-json\/wp\/v2\/product_cat?post=10280"},{"taxonomy":"product_tag","embeddable":true,"href":"https:\/\/iberoid-shop.com\/fr\/wp-json\/wp\/v2\/product_tag?post=10280"}],"curies":[{"name":"wp","href":"https:\/\/api.w.org\/{rel}","templated":true}]}}