{"id":10277,"date":"2025-08-14T07:37:40","date_gmt":"2025-08-14T07:37:40","guid":{"rendered":"https:\/\/iberoid-shop.com\/?post_type=product&#038;p=10277"},"modified":"2025-12-30T14:11:42","modified_gmt":"2025-12-30T14:11:42","slug":"c2boll-clenbuterol-20-mcg","status":"publish","type":"product","link":"https:\/\/iberoid-shop.com\/fr\/product\/c2boll-clenbuterol-20-mcg\/","title":{"rendered":"Clenbuterol 20 mcg"},"content":{"rendered":"<p>Le <b>Clenbut\u00e9rol<\/b> est un br\u00fbleur de graisse populaire qui augmente le taux m\u00e9tabolique. Il est largement utilis\u00e9 par les culturistes et les athl\u00e8tes pour les aider \u00e0 atteindre leurs objectifs de forme physique.<\/p>\n<h3>Qu&rsquo;est-ce que le Clenbut\u00e9rol ?<\/h3>\n<p>Initialement con\u00e7u pour le traitement d&rsquo;affections respiratoires comme l&rsquo;asthme, le Clenbut\u00e9rol a gagn\u00e9 en popularit\u00e9 aupr\u00e8s des culturistes et des athl\u00e8tes en raison de ses effets potentiels sur la composition corporelle et les performances.<\/p>\n<p>Utilis\u00e9 pour la perte de poids et l&rsquo;am\u00e9lioration des performances, le Clenbut\u00e9rol peut \u00eatre pris sous forme de comprim\u00e9s, de liquide ou d&rsquo;injections. La dose habituelle varie g\u00e9n\u00e9ralement de <b>0,06 \u00e0 0,12 milligramme par jour<\/b>, ce qui est sup\u00e9rieur \u00e0 la dose recommand\u00e9e pour le traitement de l&rsquo;asthme, qui se situe entre <b>0,02 et 0,03 milligramme<\/b>. Le Clenbut\u00e9rol aide \u00e0 d\u00e9tendre les muscles et les poumons, facilitant la respiration, tout en br\u00fblant graisses et calories en augmentant la temp\u00e9rature corporelle.<\/p>\n<h3>Utilisation du Clenbut\u00e9rol en culturisme<\/h3>\n<p>Les culturistes et les athl\u00e8tes sont principalement attir\u00e9s par le Clenbut\u00e9rol pour ses propri\u00e9t\u00e9s de combustion des graisses. De plus, comme il d\u00e9tend les muscles et les poumons, le Clenbut\u00e9rol peut aider les athl\u00e8tes \u00e0 augmenter leur endurance et, par cons\u00e9quent, leurs performances globales.<\/p>\n<h3>Avantages<\/h3>\n<p>Dans la communaut\u00e9 du culturisme, le Clenbut\u00e9rol a la r\u00e9putation d&rsquo;\u00eatre un \u00ab st\u00e9ro\u00efde non st\u00e9ro\u00efdien \u00bb. Cela s&rsquo;explique par le fait que, bien qu&rsquo;il ne soit pas un st\u00e9ro\u00efde, il imite leurs propri\u00e9t\u00e9s, ce qui pousse de nombreux culturistes \u00e0 se tourner vers le Clenbut\u00e9rol pour une approche plus \u00ab naturelle \u00bb afin d&rsquo;am\u00e9liorer leurs performances.<\/p>\n<p>Les principaux avantages de l&rsquo;utilisation du Clenbut\u00e9rol en culturisme sont :<\/p>\n<ul>\n<li><b>Perte de graisse<\/b> : On pense que le Clenbut\u00e9rol am\u00e9liore la perte de graisse en augmentant la vitesse \u00e0 laquelle le corps m\u00e9tabolise la graisse pour en tirer de l&rsquo;\u00e9nergie. Il peut favoriser la lipolyse, c&rsquo;est-\u00e0-dire la d\u00e9composition des graisses stock\u00e9es en acides gras libres qui peuvent \u00eatre utilis\u00e9s comme source d&rsquo;\u00e9nergie.<\/li>\n<li><b>Augmentation de l&rsquo;\u00e9nergie<\/b> : Certains utilisateurs signalent une augmentation de leur niveau d&rsquo;\u00e9nergie lorsqu&rsquo;ils prennent du Clenbut\u00e9rol. Cela peut \u00eatre b\u00e9n\u00e9fique pour les personnes qui s&rsquo;engagent dans des entra\u00eenements intenses.<\/li>\n<li><b>Pr\u00e9servation de la masse musculaire maigre<\/b> : Le Clenbut\u00e9rol est cens\u00e9 avoir des propri\u00e9t\u00e9s anti-cataboliques, ce qui signifie qu&rsquo;il peut aider \u00e0 pr\u00e9server la masse musculaire maigre pendant les p\u00e9riodes de restriction calorique ou de perte de poids.<\/li>\n<\/ul>\n<h3>Posologie<\/h3>\n<p>Lorsqu&rsquo;il est utilis\u00e9 pour la perte de poids et l&rsquo;am\u00e9lioration des performances, le Clenbut\u00e9rol peut \u00eatre pris sous forme de comprim\u00e9s, de liquide ou d&rsquo;injections. La dose habituelle varie g\u00e9n\u00e9ralement de <b>0,06 \u00e0 0,12 milligramme par jour<\/b>, ce qui est sup\u00e9rieur \u00e0 la dose recommand\u00e9e pour le traitement de l&rsquo;asthme, qui se situe entre <b>0,02 et 0,03 milligramme<\/b>.<\/p>\n<p>Si vous \u00eates novice en mati\u00e8re de Clenbut\u00e9rol, la solution la plus s\u00fbre est de commencer par une faible dose. Vous devriez \u00e9galement consulter un professionnel de la sant\u00e9 pour r\u00e9duire le risque d&rsquo;un impact grave sur votre bien-\u00eatre.<\/p>","protected":false},"excerpt":{"rendered":"<p>Le Clenbut\u00e9rol est un br\u00fbleur de graisse populaire qui augmente le taux m\u00e9tabolique. Il est largement utilis\u00e9 par les culturistes<\/p>\n","protected":false},"featured_media":10279,"comment_status":"open","ping_status":"closed","template":"","meta":[],"product_brand":[],"product_cat":[73],"product_tag":[],"class_list":{"0":"post-10277","1":"product","2":"type-product","3":"status-publish","4":"has-post-thumbnail","6":"product_cat-ssteroides_orales","8":"first","9":"instock","10":"shipping-taxable","11":"purchasable","12":"product-type-simple"},"yoast_head":"<!-- This site is optimized with the Yoast SEO Premium plugin v24.4 (Yoast SEO v27.0) - https:\/\/yoast.com\/product\/yoast-seo-premium-wordpress\/ -->\n<title>Clenbuterol 20 mcg - (Espa\u00f1ol) Esteroides en l\u00ednea<\/title>\n<meta name=\"description\" content=\"Le Clenbut\u00e9rol est un m\u00e9dicament non st\u00e9ro\u00efdien qui am\u00e9liore la combustion des graisses et l&#039;\u00e9nergie en augmentant le m\u00e9tabolisme corporel tout en pr\u00e9servant la masse musculaire maigre.\" \/>\n<meta name=\"robots\" content=\"index, follow, max-snippet:-1, max-image-preview:large, max-video-preview:-1\" \/>\n<link rel=\"canonical\" href=\"https:\/\/iberoid-shop.com\/fr\/product\/c2boll-clenbuterol-20-mcg\/\" \/>\n<meta property=\"og:locale\" content=\"fr_FR\" \/>\n<meta property=\"og:type\" content=\"article\" \/>\n<meta property=\"og:title\" content=\"Clenbuterol 20 mcg\" \/>\n<meta property=\"og:description\" content=\"Le Clenbut\u00e9rol est un m\u00e9dicament non st\u00e9ro\u00efdien qui am\u00e9liore la combustion des graisses et l&#039;\u00e9nergie en augmentant le m\u00e9tabolisme corporel tout en pr\u00e9servant la masse musculaire maigre.\" \/>\n<meta property=\"og:url\" content=\"https:\/\/iberoid-shop.com\/fr\/product\/c2boll-clenbuterol-20-mcg\/\" \/>\n<meta property=\"og:site_name\" content=\"(Espa\u00f1ol) Esteroides en l\u00ednea\" \/>\n<meta property=\"article:modified_time\" content=\"2025-12-30T14:11:42+00:00\" \/>\n<meta property=\"og:image\" content=\"https:\/\/iberoid-shop.com\/wp-content\/uploads\/2025\/08\/1-C2-1-scaled.jpeg?v=1755157039\" \/>\n\t<meta property=\"og:image:width\" content=\"1860\" \/>\n\t<meta property=\"og:image:height\" content=\"2560\" \/>\n\t<meta property=\"og:image:type\" content=\"image\/jpeg\" \/>\n<meta name=\"twitter:card\" content=\"summary_large_image\" \/>\n<meta name=\"twitter:label1\" content=\"Prix\" \/>\n\t<meta name=\"twitter:data1\" content=\"&euro;20.00\" \/>\n\t<meta name=\"twitter:label2\" content=\"Disponibilit\u00e9\" \/>\n\t<meta name=\"twitter:data2\" content=\"En stock\" \/>\n<script type=\"application\/ld+json\" class=\"yoast-schema-graph\">{\"@context\":\"https:\/\/schema.org\",\"@graph\":[{\"@type\":\"WebPage\",\"@id\":\"https:\/\/iberoid-shop.com\/fr\/product\/c2boll-clenbuterol-20-mcg\/\",\"url\":\"https:\/\/iberoid-shop.com\/fr\/product\/c2boll-clenbuterol-20-mcg\/\",\"name\":\"Clenbuterol 20 mcg - (Espa\u00f1ol) Esteroides en l\u00ednea\",\"isPartOf\":{\"@id\":\"https:\/\/iberoid-shop.com\/fr\/#website\"},\"primaryImageOfPage\":{\"@id\":\"https:\/\/iberoid-shop.com\/fr\/product\/c2boll-clenbuterol-20-mcg\/#primaryimage\"},\"image\":{\"@id\":\"https:\/\/iberoid-shop.com\/fr\/product\/c2boll-clenbuterol-20-mcg\/#primaryimage\"},\"thumbnailUrl\":\"https:\/\/iberoid-shop.com\/wp-content\/uploads\/2025\/08\/1-C2-1-scaled.jpeg?v=1755157039\",\"datePublished\":\"2025-08-14T07:37:40+00:00\",\"dateModified\":\"2025-12-30T14:11:42+00:00\",\"description\":\"Le Clenbut\u00e9rol est un m\u00e9dicament non st\u00e9ro\u00efdien qui am\u00e9liore la combustion des graisses et l'\u00e9nergie en augmentant le m\u00e9tabolisme corporel tout en pr\u00e9servant la masse musculaire maigre.\",\"breadcrumb\":{\"@id\":\"https:\/\/iberoid-shop.com\/fr\/product\/c2boll-clenbuterol-20-mcg\/#breadcrumb\"},\"inLanguage\":\"fr-FR\",\"potentialAction\":[{\"@type\":\"ReadAction\",\"target\":[[\"https:\/\/iberoid-shop.com\/fr\/product\/c2boll-clenbuterol-20-mcg\/\"]]}]},{\"@type\":\"ImageObject\",\"inLanguage\":\"fr-FR\",\"@id\":\"https:\/\/iberoid-shop.com\/fr\/product\/c2boll-clenbuterol-20-mcg\/#primaryimage\",\"url\":\"https:\/\/iberoid-shop.com\/wp-content\/uploads\/2025\/08\/1-C2-1-scaled.jpeg?v=1755157039\",\"contentUrl\":\"https:\/\/iberoid-shop.com\/wp-content\/uploads\/2025\/08\/1-C2-1-scaled.jpeg?v=1755157039\",\"width\":1860,\"height\":2560},{\"@type\":\"BreadcrumbList\",\"@id\":\"https:\/\/iberoid-shop.com\/fr\/product\/c2boll-clenbuterol-20-mcg\/#breadcrumb\",\"itemListElement\":[{\"@type\":\"ListItem\",\"position\":1,\"name\":\"Portada\",\"item\":\"https:\/\/iberoid-shop.com\/fr\/\"},{\"@type\":\"ListItem\",\"position\":2,\"name\":\"Magasin\",\"item\":\"https:\/\/iberoid-shop.com\/fr\/shop\/\"},{\"@type\":\"ListItem\",\"position\":3,\"name\":\"Clenbuterol 20 mcg\"}]},{\"@type\":\"WebSite\",\"@id\":\"https:\/\/iberoid-shop.com\/fr\/#website\",\"url\":\"https:\/\/iberoid-shop.com\/fr\/\",\"name\":\"(Espa\u00f1ol) Esteroides en l\u00ednea\",\"description\":\"(Espa\u00f1ol) Comprar esteroides en l\u00ednea hoy en Espa\u00f1a y Portugal. Tenemos el mejor servicio al cliente en la industria y los productos de la m\u00e1s alta calidad\",\"potentialAction\":[{\"@type\":\"SearchAction\",\"target\":{\"@type\":\"EntryPoint\",\"urlTemplate\":\"https:\/\/iberoid-shop.com\/fr\/?s={search_term_string}\"},\"query-input\":{\"@type\":\"PropertyValueSpecification\",\"valueRequired\":true,\"valueName\":\"search_term_string\"}}],\"inLanguage\":\"fr-FR\"}]}<\/script>\n<meta property=\"product:brand\" content=\"Mp-Pharm\" \/>\n<meta property=\"product:price:amount\" content=\"20.00\" \/>\n<meta property=\"product:price:currency\" content=\"EUR\" \/>\n<meta property=\"og:availability\" content=\"instock\" \/>\n<meta property=\"product:availability\" content=\"instock\" \/>\n<meta property=\"product:condition\" content=\"new\" \/>\n<!-- \/ Yoast SEO Premium plugin. -->","yoast_head_json":{"title":"Clenbuterol 20 mcg - (Espa\u00f1ol) Esteroides en l\u00ednea","description":"Le Clenbut\u00e9rol est un m\u00e9dicament non st\u00e9ro\u00efdien qui am\u00e9liore la combustion des graisses et l'\u00e9nergie en augmentant le m\u00e9tabolisme corporel tout en pr\u00e9servant la masse musculaire maigre.","robots":{"index":"index","follow":"follow","max-snippet":"max-snippet:-1","max-image-preview":"max-image-preview:large","max-video-preview":"max-video-preview:-1"},"canonical":"https:\/\/iberoid-shop.com\/fr\/product\/c2boll-clenbuterol-20-mcg\/","og_locale":"fr_FR","og_type":"article","og_title":"Clenbuterol 20 mcg","og_description":"Le Clenbut\u00e9rol est un m\u00e9dicament non st\u00e9ro\u00efdien qui am\u00e9liore la combustion des graisses et l'\u00e9nergie en augmentant le m\u00e9tabolisme corporel tout en pr\u00e9servant la masse musculaire maigre.","og_url":"https:\/\/iberoid-shop.com\/fr\/product\/c2boll-clenbuterol-20-mcg\/","og_site_name":"(Espa\u00f1ol) Esteroides en l\u00ednea","article_modified_time":"2025-12-30T14:11:42+00:00","og_image":[{"width":1860,"height":2560,"url":"https:\/\/iberoid-shop.com\/wp-content\/uploads\/2025\/08\/1-C2-1-scaled.jpeg?v=1755157039","type":"image\/jpeg"}],"twitter_card":"summary_large_image","twitter_misc":{"Prix":"&euro;20.00","Disponibilit\u00e9":"En stock"},"schema":{"@context":"https:\/\/schema.org","@graph":[{"@type":"WebPage","@id":"https:\/\/iberoid-shop.com\/fr\/product\/c2boll-clenbuterol-20-mcg\/","url":"https:\/\/iberoid-shop.com\/fr\/product\/c2boll-clenbuterol-20-mcg\/","name":"Clenbuterol 20 mcg - (Espa\u00f1ol) Esteroides en l\u00ednea","isPartOf":{"@id":"https:\/\/iberoid-shop.com\/fr\/#website"},"primaryImageOfPage":{"@id":"https:\/\/iberoid-shop.com\/fr\/product\/c2boll-clenbuterol-20-mcg\/#primaryimage"},"image":{"@id":"https:\/\/iberoid-shop.com\/fr\/product\/c2boll-clenbuterol-20-mcg\/#primaryimage"},"thumbnailUrl":"https:\/\/iberoid-shop.com\/wp-content\/uploads\/2025\/08\/1-C2-1-scaled.jpeg?v=1755157039","datePublished":"2025-08-14T07:37:40+00:00","dateModified":"2025-12-30T14:11:42+00:00","description":"Le Clenbut\u00e9rol est un m\u00e9dicament non st\u00e9ro\u00efdien qui am\u00e9liore la combustion des graisses et l'\u00e9nergie en augmentant le m\u00e9tabolisme corporel tout en pr\u00e9servant la masse musculaire maigre.","breadcrumb":{"@id":"https:\/\/iberoid-shop.com\/fr\/product\/c2boll-clenbuterol-20-mcg\/#breadcrumb"},"inLanguage":"fr-FR","potentialAction":[{"@type":"ReadAction","target":[["https:\/\/iberoid-shop.com\/fr\/product\/c2boll-clenbuterol-20-mcg\/"]]}]},{"@type":"ImageObject","inLanguage":"fr-FR","@id":"https:\/\/iberoid-shop.com\/fr\/product\/c2boll-clenbuterol-20-mcg\/#primaryimage","url":"https:\/\/iberoid-shop.com\/wp-content\/uploads\/2025\/08\/1-C2-1-scaled.jpeg?v=1755157039","contentUrl":"https:\/\/iberoid-shop.com\/wp-content\/uploads\/2025\/08\/1-C2-1-scaled.jpeg?v=1755157039","width":1860,"height":2560},{"@type":"BreadcrumbList","@id":"https:\/\/iberoid-shop.com\/fr\/product\/c2boll-clenbuterol-20-mcg\/#breadcrumb","itemListElement":[{"@type":"ListItem","position":1,"name":"Portada","item":"https:\/\/iberoid-shop.com\/fr\/"},{"@type":"ListItem","position":2,"name":"Magasin","item":"https:\/\/iberoid-shop.com\/fr\/shop\/"},{"@type":"ListItem","position":3,"name":"Clenbuterol 20 mcg"}]},{"@type":"WebSite","@id":"https:\/\/iberoid-shop.com\/fr\/#website","url":"https:\/\/iberoid-shop.com\/fr\/","name":"(Espa\u00f1ol) Esteroides en l\u00ednea","description":"(Espa\u00f1ol) Comprar esteroides en l\u00ednea hoy en Espa\u00f1a y Portugal. Tenemos el mejor servicio al cliente en la industria y los productos de la m\u00e1s alta calidad","potentialAction":[{"@type":"SearchAction","target":{"@type":"EntryPoint","urlTemplate":"https:\/\/iberoid-shop.com\/fr\/?s={search_term_string}"},"query-input":{"@type":"PropertyValueSpecification","valueRequired":true,"valueName":"search_term_string"}}],"inLanguage":"fr-FR"}]},"product_brand":"Mp-Pharm","product_price_amount":"20.00","product_price_currency":"EUR","og_availability":"instock","product_availability":"instock","product_condition":"new"},"_links":{"self":[{"href":"https:\/\/iberoid-shop.com\/fr\/wp-json\/wp\/v2\/product\/10277","targetHints":{"allow":["GET"]}}],"collection":[{"href":"https:\/\/iberoid-shop.com\/fr\/wp-json\/wp\/v2\/product"}],"about":[{"href":"https:\/\/iberoid-shop.com\/fr\/wp-json\/wp\/v2\/types\/product"}],"replies":[{"embeddable":true,"href":"https:\/\/iberoid-shop.com\/fr\/wp-json\/wp\/v2\/comments?post=10277"}],"wp:featuredmedia":[{"embeddable":true,"href":"https:\/\/iberoid-shop.com\/fr\/wp-json\/wp\/v2\/media\/10279"}],"wp:attachment":[{"href":"https:\/\/iberoid-shop.com\/fr\/wp-json\/wp\/v2\/media?parent=10277"}],"wp:term":[{"taxonomy":"product_brand","embeddable":true,"href":"https:\/\/iberoid-shop.com\/fr\/wp-json\/wp\/v2\/product_brand?post=10277"},{"taxonomy":"product_cat","embeddable":true,"href":"https:\/\/iberoid-shop.com\/fr\/wp-json\/wp\/v2\/product_cat?post=10277"},{"taxonomy":"product_tag","embeddable":true,"href":"https:\/\/iberoid-shop.com\/fr\/wp-json\/wp\/v2\/product_tag?post=10277"}],"curies":[{"name":"wp","href":"https:\/\/api.w.org\/{rel}","templated":true}]}}