{"id":10274,"date":"2025-08-13T10:16:08","date_gmt":"2025-08-13T10:16:08","guid":{"rendered":"https:\/\/iberoid-shop.com\/?post_type=product&#038;p=10274"},"modified":"2026-03-22T11:28:55","modified_gmt":"2026-03-22T11:28:55","slug":"testosteron-propionat-zphc","status":"publish","type":"product","link":"https:\/\/iberoid-shop.com\/fr\/product\/testosteron-propionat-zphc\/","title":{"rendered":"Testosterone Propionate"},"content":{"rendered":"<p>Le propionate de testost\u00e9rone ZPHC est un st\u00e9ro\u00efde anabolisant tr\u00e8s courant. Sa substance principale est la testost\u00e9rone, \u00e0 laquelle est ajout\u00e9 un ester d&rsquo;acide propionique. Il est populaire dans les sports o\u00f9 la force et la vitesse sont importantes. Il peut \u00eatre utilis\u00e9 aussi bien lors de la pr\u00e9paration pour une performance que juste avant une comp\u00e9tition (courses, duels), ou pour la \u00ab\u00a0s\u00e8che\u00a0\u00bb, car il pr\u00e9serve parfaitement la masse corporelle !<\/p>\n<h3><b>Effets<\/b><\/h3>\n<ul>\n<li><b>Acc\u00e9l\u00e8re la prise de masse musculaire<\/b>. Le corps ne retient pas l&rsquo;eau, rendant ainsi les muscles durs et forts.<\/li>\n<li>Diminution des niveaux de leptine, ce qui influence l&rsquo;app\u00e9tit et le m\u00e9tabolisme, favorisant ainsi la combustion des graisses si vous suivez un r\u00e9gime alimentaire et un programme d&rsquo;exercice appropri\u00e9s.<\/li>\n<li>Augmentation du niveau du peptide biologiquement actif IGF-1 dans les muscles et le foie.<\/li>\n<li>Modification du bilan azot\u00e9 dans une direction positive.<\/li>\n<\/ul>\n<hr \/>\n<p>&nbsp;<\/p>\n<h3><b>Utilisation<\/b><\/h3>\n<p>Il est id\u00e9al pour les athl\u00e8tes d\u00e9butants cherchant \u00e0 prendre du poids. Il se combine bien avec d&rsquo;autres pr\u00e9parations pharmacologiques. Il est pr\u00e9f\u00e9rable de commencer le cycle avec une dose de 50 mg, en r\u00e9p\u00e9tant les injections tous les deux jours pour surveiller la r\u00e9ponse du corps au m\u00e9dicament et les changements hormonaux. Le cycle de cet ester dure de 4 \u00e0 6 semaines.<\/p>\n<h3><b>Cycle combin\u00e9<\/b><\/h3>\n<p>Pour la \u00ab\u00a0s\u00e8che\u00a0\u00bb, il se combine bien avec le Winstrol, l&rsquo;ac\u00e9tate de trenbolone, le propionate de drostanolone, l&rsquo;\u00e9nanthate de m\u00e9t\u00e9nolone et d&rsquo;autres m\u00e9dicaments.<\/p>","protected":false},"excerpt":{"rendered":"<p>Le propionate de testost\u00e9rone ZPHC est un st\u00e9ro\u00efde anabolisant tr\u00e8s courant. Sa substance principale est la testost\u00e9rone, \u00e0 laquelle est<\/p>\n","protected":false},"featured_media":10275,"comment_status":"open","ping_status":"closed","template":"","meta":[],"product_brand":[],"product_cat":[69,3533],"product_tag":[],"class_list":{"0":"post-10274","1":"product","2":"type-product","3":"status-publish","4":"has-post-thumbnail","6":"product_cat-esteroides_inyectables","7":"product_cat-sales-rebajas","9":"first","10":"instock","11":"sale","12":"shipping-taxable","13":"purchasable","14":"product-type-simple"},"yoast_head":"<!-- This site is optimized with the Yoast SEO Premium plugin v24.4 (Yoast SEO v27.3) - https:\/\/yoast.com\/product\/yoast-seo-premium-wordpress\/ -->\n<title>Testosterone Propionate - (Espa\u00f1ol) Esteroides en l\u00ednea<\/title>\n<meta name=\"description\" content=\"Le Propionate de Testost\u00e9rone est un st\u00e9ro\u00efde anabolisant qui stimule la masse musculaire, la force et la combustion des graisses, pr\u00e9servant la masse corporelle sans r\u00e9tention d&#039;eau.\" \/>\n<meta name=\"robots\" content=\"index, follow, max-snippet:-1, max-image-preview:large, max-video-preview:-1\" \/>\n<link rel=\"canonical\" href=\"https:\/\/iberoid-shop.com\/fr\/product\/testosteron-propionat-zphc\/\" \/>\n<meta property=\"og:locale\" content=\"fr_FR\" \/>\n<meta property=\"og:type\" content=\"article\" \/>\n<meta property=\"og:title\" content=\"Testosterone Propionate\" \/>\n<meta property=\"og:description\" content=\"Le Propionate de Testost\u00e9rone est un st\u00e9ro\u00efde anabolisant qui stimule la masse musculaire, la force et la combustion des graisses, pr\u00e9servant la masse corporelle sans r\u00e9tention d&#039;eau.\" \/>\n<meta property=\"og:url\" content=\"https:\/\/iberoid-shop.com\/fr\/product\/testosteron-propionat-zphc\/\" \/>\n<meta property=\"og:site_name\" content=\"(Espa\u00f1ol) Esteroides en l\u00ednea\" \/>\n<meta property=\"article:modified_time\" content=\"2026-03-22T11:28:55+00:00\" \/>\n<meta property=\"og:image\" content=\"https:\/\/iberoid-shop.com\/wp-content\/uploads\/2025\/08\/tp-zphc-1.webp\" \/>\n\t<meta property=\"og:image:width\" content=\"700\" \/>\n\t<meta property=\"og:image:height\" content=\"700\" \/>\n\t<meta property=\"og:image:type\" content=\"image\/webp\" \/>\n<meta name=\"twitter:card\" content=\"summary_large_image\" \/>\n<meta name=\"twitter:label1\" content=\"Prix\" \/>\n\t<meta name=\"twitter:data1\" content=\"&euro;25.00\" \/>\n\t<meta name=\"twitter:label2\" content=\"Disponibilit\u00e9\" \/>\n\t<meta name=\"twitter:data2\" content=\"En stock\" \/>\n<script type=\"application\/ld+json\" class=\"yoast-schema-graph\">{\"@context\":\"https:\\\/\\\/schema.org\",\"@graph\":[{\"@type\":\"WebPage\",\"@id\":\"https:\\\/\\\/iberoid-shop.com\\\/fr\\\/product\\\/testosteron-propionat-zphc\\\/\",\"url\":\"https:\\\/\\\/iberoid-shop.com\\\/fr\\\/product\\\/testosteron-propionat-zphc\\\/\",\"name\":\"Testosterone Propionate - (Espa\u00f1ol) Esteroides en l\u00ednea\",\"isPartOf\":{\"@id\":\"https:\\\/\\\/iberoid-shop.com\\\/fr\\\/#website\"},\"primaryImageOfPage\":{\"@id\":\"https:\\\/\\\/iberoid-shop.com\\\/fr\\\/product\\\/testosteron-propionat-zphc\\\/#primaryimage\"},\"image\":{\"@id\":\"https:\\\/\\\/iberoid-shop.com\\\/fr\\\/product\\\/testosteron-propionat-zphc\\\/#primaryimage\"},\"thumbnailUrl\":\"https:\\\/\\\/iberoid-shop.com\\\/wp-content\\\/uploads\\\/2025\\\/08\\\/tp-zphc-1.webp\",\"datePublished\":\"2025-08-13T10:16:08+00:00\",\"dateModified\":\"2026-03-22T11:28:55+00:00\",\"description\":\"Le Propionate de Testost\u00e9rone est un st\u00e9ro\u00efde anabolisant qui stimule la masse musculaire, la force et la combustion des graisses, pr\u00e9servant la masse corporelle sans r\u00e9tention d'eau.\",\"breadcrumb\":{\"@id\":\"https:\\\/\\\/iberoid-shop.com\\\/fr\\\/product\\\/testosteron-propionat-zphc\\\/#breadcrumb\"},\"inLanguage\":\"fr-FR\",\"potentialAction\":[{\"@type\":\"ReadAction\",\"target\":[[\"https:\\\/\\\/iberoid-shop.com\\\/fr\\\/product\\\/testosteron-propionat-zphc\\\/\"]]}]},{\"@type\":\"ImageObject\",\"inLanguage\":\"fr-FR\",\"@id\":\"https:\\\/\\\/iberoid-shop.com\\\/fr\\\/product\\\/testosteron-propionat-zphc\\\/#primaryimage\",\"url\":\"https:\\\/\\\/iberoid-shop.com\\\/wp-content\\\/uploads\\\/2025\\\/08\\\/tp-zphc-1.webp\",\"contentUrl\":\"https:\\\/\\\/iberoid-shop.com\\\/wp-content\\\/uploads\\\/2025\\\/08\\\/tp-zphc-1.webp\",\"width\":700,\"height\":700},{\"@type\":\"BreadcrumbList\",\"@id\":\"https:\\\/\\\/iberoid-shop.com\\\/fr\\\/product\\\/testosteron-propionat-zphc\\\/#breadcrumb\",\"itemListElement\":[{\"@type\":\"ListItem\",\"position\":1,\"name\":\"Portada\",\"item\":\"https:\\\/\\\/iberoid-shop.com\\\/fr\\\/\"},{\"@type\":\"ListItem\",\"position\":2,\"name\":\"Magasin\",\"item\":\"https:\\\/\\\/iberoid-shop.com\\\/fr\\\/shop\\\/\"},{\"@type\":\"ListItem\",\"position\":3,\"name\":\"Testosterone Propionate\"}]},{\"@type\":\"WebSite\",\"@id\":\"https:\\\/\\\/iberoid-shop.com\\\/fr\\\/#website\",\"url\":\"https:\\\/\\\/iberoid-shop.com\\\/fr\\\/\",\"name\":\"(Espa\u00f1ol) Esteroides en l\u00ednea\",\"description\":\"(Espa\u00f1ol) Comprar esteroides en l\u00ednea hoy en Espa\u00f1a y Portugal. Tenemos el mejor servicio al cliente en la industria y los productos de la m\u00e1s alta calidad\",\"potentialAction\":[{\"@type\":\"SearchAction\",\"target\":{\"@type\":\"EntryPoint\",\"urlTemplate\":\"https:\\\/\\\/iberoid-shop.com\\\/fr\\\/?s={search_term_string}\"},\"query-input\":{\"@type\":\"PropertyValueSpecification\",\"valueRequired\":true,\"valueName\":\"search_term_string\"}}],\"inLanguage\":\"fr-FR\"}]}<\/script>\n<meta property=\"product:brand\" content=\"ZPHC\" \/>\n<meta property=\"product:price:amount\" content=\"25.00\" \/>\n<meta property=\"product:price:currency\" content=\"EUR\" \/>\n<meta property=\"og:availability\" content=\"instock\" \/>\n<meta property=\"product:availability\" content=\"instock\" \/>\n<meta property=\"product:condition\" content=\"new\" \/>\n<!-- \/ Yoast SEO Premium plugin. -->","yoast_head_json":{"title":"Testosterone Propionate - (Espa\u00f1ol) Esteroides en l\u00ednea","description":"Le Propionate de Testost\u00e9rone est un st\u00e9ro\u00efde anabolisant qui stimule la masse musculaire, la force et la combustion des graisses, pr\u00e9servant la masse corporelle sans r\u00e9tention d'eau.","robots":{"index":"index","follow":"follow","max-snippet":"max-snippet:-1","max-image-preview":"max-image-preview:large","max-video-preview":"max-video-preview:-1"},"canonical":"https:\/\/iberoid-shop.com\/fr\/product\/testosteron-propionat-zphc\/","og_locale":"fr_FR","og_type":"article","og_title":"Testosterone Propionate","og_description":"Le Propionate de Testost\u00e9rone est un st\u00e9ro\u00efde anabolisant qui stimule la masse musculaire, la force et la combustion des graisses, pr\u00e9servant la masse corporelle sans r\u00e9tention d'eau.","og_url":"https:\/\/iberoid-shop.com\/fr\/product\/testosteron-propionat-zphc\/","og_site_name":"(Espa\u00f1ol) Esteroides en l\u00ednea","article_modified_time":"2026-03-22T11:28:55+00:00","og_image":[{"width":700,"height":700,"url":"https:\/\/iberoid-shop.com\/wp-content\/uploads\/2025\/08\/tp-zphc-1.webp","type":"image\/webp"}],"twitter_card":"summary_large_image","twitter_misc":{"Prix":"&euro;25.00","Disponibilit\u00e9":"En stock"},"schema":{"@context":"https:\/\/schema.org","@graph":[{"@type":"WebPage","@id":"https:\/\/iberoid-shop.com\/fr\/product\/testosteron-propionat-zphc\/","url":"https:\/\/iberoid-shop.com\/fr\/product\/testosteron-propionat-zphc\/","name":"Testosterone Propionate - (Espa\u00f1ol) Esteroides en l\u00ednea","isPartOf":{"@id":"https:\/\/iberoid-shop.com\/fr\/#website"},"primaryImageOfPage":{"@id":"https:\/\/iberoid-shop.com\/fr\/product\/testosteron-propionat-zphc\/#primaryimage"},"image":{"@id":"https:\/\/iberoid-shop.com\/fr\/product\/testosteron-propionat-zphc\/#primaryimage"},"thumbnailUrl":"https:\/\/iberoid-shop.com\/wp-content\/uploads\/2025\/08\/tp-zphc-1.webp","datePublished":"2025-08-13T10:16:08+00:00","dateModified":"2026-03-22T11:28:55+00:00","description":"Le Propionate de Testost\u00e9rone est un st\u00e9ro\u00efde anabolisant qui stimule la masse musculaire, la force et la combustion des graisses, pr\u00e9servant la masse corporelle sans r\u00e9tention d'eau.","breadcrumb":{"@id":"https:\/\/iberoid-shop.com\/fr\/product\/testosteron-propionat-zphc\/#breadcrumb"},"inLanguage":"fr-FR","potentialAction":[{"@type":"ReadAction","target":[["https:\/\/iberoid-shop.com\/fr\/product\/testosteron-propionat-zphc\/"]]}]},{"@type":"ImageObject","inLanguage":"fr-FR","@id":"https:\/\/iberoid-shop.com\/fr\/product\/testosteron-propionat-zphc\/#primaryimage","url":"https:\/\/iberoid-shop.com\/wp-content\/uploads\/2025\/08\/tp-zphc-1.webp","contentUrl":"https:\/\/iberoid-shop.com\/wp-content\/uploads\/2025\/08\/tp-zphc-1.webp","width":700,"height":700},{"@type":"BreadcrumbList","@id":"https:\/\/iberoid-shop.com\/fr\/product\/testosteron-propionat-zphc\/#breadcrumb","itemListElement":[{"@type":"ListItem","position":1,"name":"Portada","item":"https:\/\/iberoid-shop.com\/fr\/"},{"@type":"ListItem","position":2,"name":"Magasin","item":"https:\/\/iberoid-shop.com\/fr\/shop\/"},{"@type":"ListItem","position":3,"name":"Testosterone Propionate"}]},{"@type":"WebSite","@id":"https:\/\/iberoid-shop.com\/fr\/#website","url":"https:\/\/iberoid-shop.com\/fr\/","name":"(Espa\u00f1ol) Esteroides en l\u00ednea","description":"(Espa\u00f1ol) Comprar esteroides en l\u00ednea hoy en Espa\u00f1a y Portugal. Tenemos el mejor servicio al cliente en la industria y los productos de la m\u00e1s alta calidad","potentialAction":[{"@type":"SearchAction","target":{"@type":"EntryPoint","urlTemplate":"https:\/\/iberoid-shop.com\/fr\/?s={search_term_string}"},"query-input":{"@type":"PropertyValueSpecification","valueRequired":true,"valueName":"search_term_string"}}],"inLanguage":"fr-FR"}]},"product_brand":"ZPHC","product_price_amount":"25.00","product_price_currency":"EUR","og_availability":"instock","product_availability":"instock","product_condition":"new"},"_links":{"self":[{"href":"https:\/\/iberoid-shop.com\/fr\/wp-json\/wp\/v2\/product\/10274","targetHints":{"allow":["GET"]}}],"collection":[{"href":"https:\/\/iberoid-shop.com\/fr\/wp-json\/wp\/v2\/product"}],"about":[{"href":"https:\/\/iberoid-shop.com\/fr\/wp-json\/wp\/v2\/types\/product"}],"replies":[{"embeddable":true,"href":"https:\/\/iberoid-shop.com\/fr\/wp-json\/wp\/v2\/comments?post=10274"}],"wp:featuredmedia":[{"embeddable":true,"href":"https:\/\/iberoid-shop.com\/fr\/wp-json\/wp\/v2\/media\/10275"}],"wp:attachment":[{"href":"https:\/\/iberoid-shop.com\/fr\/wp-json\/wp\/v2\/media?parent=10274"}],"wp:term":[{"taxonomy":"product_brand","embeddable":true,"href":"https:\/\/iberoid-shop.com\/fr\/wp-json\/wp\/v2\/product_brand?post=10274"},{"taxonomy":"product_cat","embeddable":true,"href":"https:\/\/iberoid-shop.com\/fr\/wp-json\/wp\/v2\/product_cat?post=10274"},{"taxonomy":"product_tag","embeddable":true,"href":"https:\/\/iberoid-shop.com\/fr\/wp-json\/wp\/v2\/product_tag?post=10274"}],"curies":[{"name":"wp","href":"https:\/\/api.w.org\/{rel}","templated":true}]}}