{"id":10271,"date":"2025-08-13T10:01:16","date_gmt":"2025-08-13T10:01:16","guid":{"rendered":"https:\/\/iberoid-shop.com\/?post_type=product&#038;p=10271"},"modified":"2026-03-10T15:20:22","modified_gmt":"2026-03-10T15:20:22","slug":"sustanon-zphc","status":"publish","type":"product","link":"https:\/\/iberoid-shop.com\/fr\/product\/sustanon-zphc\/","title":{"rendered":"Sustanon (Testosterone MIX)"},"content":{"rendered":"<p>Testosterone MIX Sustanon ZPHC est un st\u00e9ro\u00efde anabolisant et androg\u00e8ne d&rsquo;une soci\u00e9t\u00e9 pharmaceutique chinoise. Il est disponible sous forme injectable, soit 250 mg dans 10 ampoules, soit 2500 mg dans un flacon. Le principal ingr\u00e9dient actif est un m\u00e9lange de testost\u00e9rones.<\/p>\n<p>Cette pr\u00e9paration contient quatre esters diff\u00e9rents : le propionate, le ph\u00e9nylpropionate, l&rsquo;isocaproate et le d\u00e9canoate. La testost\u00e9rone est la principale hormone sexuelle masculine et poss\u00e8de de fortes propri\u00e9t\u00e9s anabolisantes.<\/p>\n<p><b>Cure de Sustanon<\/b><\/p>\n<p>Le Sustanon est recommand\u00e9 uniquement pour les hommes souhaitant prendre de la masse musculaire, et qui n&rsquo;ont pas de contre-indications \u00e0 l&rsquo;utilisation de st\u00e9ro\u00efdes anabolisants.<\/p>\n<p>Une cure de Sustanon dure jusqu&rsquo;\u00e0 10 semaines. Pour une dur\u00e9e plus longue, l&rsquo;introduction de gonadotrophine est n\u00e9cessaire. Les injections sont de 250 \u00e0 500 mg par semaine.<\/p>\n<p>\u00c0 partir de la deuxi\u00e8me semaine de la cure, commencez \u00e0 prendre des inhibiteurs de l&rsquo;aromatase, sous le contr\u00f4le des tests d&rsquo;\u0153strog\u00e8nes (g\u00e9n\u00e9ralement, on utilise de l&rsquo;Anastrozole 0,5 mg un jour sur deux).<\/p>\n<p>Pour une efficacit\u00e9 maximale de la cure, prenez un ensemble de produits de nutrition sportive pour la prise de masse et suivez un r\u00e9gime alimentaire adapt\u00e9.<\/p>\n<p><b>Cures combin\u00e9es<\/b><\/p>\n<p>Le Sustanon peut \u00eatre combin\u00e9 avec :<\/p>\n<ul>\n<li>La Nandrolone \u2013 pour la prise de masse musculaire.<\/li>\n<li>Le Winstrol \u2013 pour la s\u00e8che et le d\u00e9veloppement du relief musculaire.<\/li>\n<\/ul>\n<p><\/p>","protected":false},"excerpt":{"rendered":"<p>Testosterone MIX Sustanon ZPHC est un st\u00e9ro\u00efde anabolisant et androg\u00e8ne d&rsquo;une soci\u00e9t\u00e9 pharmaceutique chinoise. Il est disponible sous forme injectable,<\/p>\n","protected":false},"featured_media":10272,"comment_status":"open","ping_status":"closed","template":"","meta":[],"product_brand":[],"product_cat":[69],"product_tag":[],"class_list":{"0":"post-10271","1":"product","2":"type-product","3":"status-publish","4":"has-post-thumbnail","6":"product_cat-esteroides_inyectables","8":"first","9":"instock","10":"shipping-taxable","11":"purchasable","12":"product-type-simple"},"yoast_head":"<!-- This site is optimized with the Yoast SEO Premium plugin v24.4 (Yoast SEO v27.3) - https:\/\/yoast.com\/product\/yoast-seo-premium-wordpress\/ -->\n<title>Sustanon (Testosterone MIX) - (Espa\u00f1ol) Esteroides en l\u00ednea<\/title>\n<meta name=\"description\" content=\"Testosterone MIX Sustanon ZPHC est un m\u00e9lange de st\u00e9ro\u00efdes injectables utilis\u00e9 par les hommes pour gagner de la masse musculaire et de la force. La dose est de 250 \u00e0 500 mg par semaine.\" \/>\n<meta name=\"robots\" content=\"index, follow, max-snippet:-1, max-image-preview:large, max-video-preview:-1\" \/>\n<link rel=\"canonical\" href=\"https:\/\/iberoid-shop.com\/fr\/product\/sustanon-zphc\/\" \/>\n<meta property=\"og:locale\" content=\"fr_FR\" \/>\n<meta property=\"og:type\" content=\"article\" \/>\n<meta property=\"og:title\" content=\"Sustanon (Testosterone MIX)\" \/>\n<meta property=\"og:description\" content=\"Testosterone MIX Sustanon ZPHC est un m\u00e9lange de st\u00e9ro\u00efdes injectables utilis\u00e9 par les hommes pour gagner de la masse musculaire et de la force. La dose est de 250 \u00e0 500 mg par semaine.\" \/>\n<meta property=\"og:url\" content=\"https:\/\/iberoid-shop.com\/fr\/product\/sustanon-zphc\/\" \/>\n<meta property=\"og:site_name\" content=\"(Espa\u00f1ol) Esteroides en l\u00ednea\" \/>\n<meta property=\"article:modified_time\" content=\"2026-03-10T15:20:22+00:00\" \/>\n<meta property=\"og:image\" content=\"https:\/\/iberoid-shop.com\/wp-content\/uploads\/2025\/08\/ZPHC-pharma-Testosterone-Mix.png?v=1755079255\" \/>\n\t<meta property=\"og:image:width\" content=\"450\" \/>\n\t<meta property=\"og:image:height\" content=\"450\" \/>\n\t<meta property=\"og:image:type\" content=\"image\/png\" \/>\n<meta name=\"twitter:card\" content=\"summary_large_image\" \/>\n<meta name=\"twitter:label1\" content=\"Prix\" \/>\n\t<meta name=\"twitter:data1\" content=\"&euro;50.00\" \/>\n\t<meta name=\"twitter:label2\" content=\"Disponibilit\u00e9\" \/>\n\t<meta name=\"twitter:data2\" content=\"En stock\" \/>\n<script type=\"application\/ld+json\" class=\"yoast-schema-graph\">{\"@context\":\"https:\\\/\\\/schema.org\",\"@graph\":[{\"@type\":\"WebPage\",\"@id\":\"https:\\\/\\\/iberoid-shop.com\\\/fr\\\/product\\\/sustanon-zphc\\\/\",\"url\":\"https:\\\/\\\/iberoid-shop.com\\\/fr\\\/product\\\/sustanon-zphc\\\/\",\"name\":\"Sustanon (Testosterone MIX) - (Espa\u00f1ol) Esteroides en l\u00ednea\",\"isPartOf\":{\"@id\":\"https:\\\/\\\/iberoid-shop.com\\\/fr\\\/#website\"},\"primaryImageOfPage\":{\"@id\":\"https:\\\/\\\/iberoid-shop.com\\\/fr\\\/product\\\/sustanon-zphc\\\/#primaryimage\"},\"image\":{\"@id\":\"https:\\\/\\\/iberoid-shop.com\\\/fr\\\/product\\\/sustanon-zphc\\\/#primaryimage\"},\"thumbnailUrl\":\"https:\\\/\\\/iberoid-shop.com\\\/wp-content\\\/uploads\\\/2025\\\/08\\\/ZPHC-pharma-Testosterone-Mix.png?v=1755079255\",\"datePublished\":\"2025-08-13T10:01:16+00:00\",\"dateModified\":\"2026-03-10T15:20:22+00:00\",\"description\":\"Testosterone MIX Sustanon ZPHC est un m\u00e9lange de st\u00e9ro\u00efdes injectables utilis\u00e9 par les hommes pour gagner de la masse musculaire et de la force. La dose est de 250 \u00e0 500 mg par semaine.\",\"breadcrumb\":{\"@id\":\"https:\\\/\\\/iberoid-shop.com\\\/fr\\\/product\\\/sustanon-zphc\\\/#breadcrumb\"},\"inLanguage\":\"fr-FR\",\"potentialAction\":[{\"@type\":\"ReadAction\",\"target\":[[\"https:\\\/\\\/iberoid-shop.com\\\/fr\\\/product\\\/sustanon-zphc\\\/\"]]}]},{\"@type\":\"ImageObject\",\"inLanguage\":\"fr-FR\",\"@id\":\"https:\\\/\\\/iberoid-shop.com\\\/fr\\\/product\\\/sustanon-zphc\\\/#primaryimage\",\"url\":\"https:\\\/\\\/iberoid-shop.com\\\/wp-content\\\/uploads\\\/2025\\\/08\\\/ZPHC-pharma-Testosterone-Mix.png?v=1755079255\",\"contentUrl\":\"https:\\\/\\\/iberoid-shop.com\\\/wp-content\\\/uploads\\\/2025\\\/08\\\/ZPHC-pharma-Testosterone-Mix.png?v=1755079255\",\"width\":450,\"height\":450},{\"@type\":\"BreadcrumbList\",\"@id\":\"https:\\\/\\\/iberoid-shop.com\\\/fr\\\/product\\\/sustanon-zphc\\\/#breadcrumb\",\"itemListElement\":[{\"@type\":\"ListItem\",\"position\":1,\"name\":\"Portada\",\"item\":\"https:\\\/\\\/iberoid-shop.com\\\/fr\\\/\"},{\"@type\":\"ListItem\",\"position\":2,\"name\":\"Magasin\",\"item\":\"https:\\\/\\\/iberoid-shop.com\\\/fr\\\/shop\\\/\"},{\"@type\":\"ListItem\",\"position\":3,\"name\":\"Sustanon (Testosterone MIX)\"}]},{\"@type\":\"WebSite\",\"@id\":\"https:\\\/\\\/iberoid-shop.com\\\/fr\\\/#website\",\"url\":\"https:\\\/\\\/iberoid-shop.com\\\/fr\\\/\",\"name\":\"(Espa\u00f1ol) Esteroides en l\u00ednea\",\"description\":\"(Espa\u00f1ol) Comprar esteroides en l\u00ednea hoy en Espa\u00f1a y Portugal. Tenemos el mejor servicio al cliente en la industria y los productos de la m\u00e1s alta calidad\",\"potentialAction\":[{\"@type\":\"SearchAction\",\"target\":{\"@type\":\"EntryPoint\",\"urlTemplate\":\"https:\\\/\\\/iberoid-shop.com\\\/fr\\\/?s={search_term_string}\"},\"query-input\":{\"@type\":\"PropertyValueSpecification\",\"valueRequired\":true,\"valueName\":\"search_term_string\"}}],\"inLanguage\":\"fr-FR\"}]}<\/script>\n<meta property=\"product:brand\" content=\"ZPHC\" \/>\n<meta property=\"product:price:amount\" content=\"50.00\" \/>\n<meta property=\"product:price:currency\" content=\"EUR\" \/>\n<meta property=\"og:availability\" content=\"instock\" \/>\n<meta property=\"product:availability\" content=\"instock\" \/>\n<meta property=\"product:condition\" content=\"new\" \/>\n<!-- \/ Yoast SEO Premium plugin. -->","yoast_head_json":{"title":"Sustanon (Testosterone MIX) - (Espa\u00f1ol) Esteroides en l\u00ednea","description":"Testosterone MIX Sustanon ZPHC est un m\u00e9lange de st\u00e9ro\u00efdes injectables utilis\u00e9 par les hommes pour gagner de la masse musculaire et de la force. La dose est de 250 \u00e0 500 mg par semaine.","robots":{"index":"index","follow":"follow","max-snippet":"max-snippet:-1","max-image-preview":"max-image-preview:large","max-video-preview":"max-video-preview:-1"},"canonical":"https:\/\/iberoid-shop.com\/fr\/product\/sustanon-zphc\/","og_locale":"fr_FR","og_type":"article","og_title":"Sustanon (Testosterone MIX)","og_description":"Testosterone MIX Sustanon ZPHC est un m\u00e9lange de st\u00e9ro\u00efdes injectables utilis\u00e9 par les hommes pour gagner de la masse musculaire et de la force. La dose est de 250 \u00e0 500 mg par semaine.","og_url":"https:\/\/iberoid-shop.com\/fr\/product\/sustanon-zphc\/","og_site_name":"(Espa\u00f1ol) Esteroides en l\u00ednea","article_modified_time":"2026-03-10T15:20:22+00:00","og_image":[{"width":450,"height":450,"url":"https:\/\/iberoid-shop.com\/wp-content\/uploads\/2025\/08\/ZPHC-pharma-Testosterone-Mix.png?v=1755079255","type":"image\/png"}],"twitter_card":"summary_large_image","twitter_misc":{"Prix":"&euro;50.00","Disponibilit\u00e9":"En stock"},"schema":{"@context":"https:\/\/schema.org","@graph":[{"@type":"WebPage","@id":"https:\/\/iberoid-shop.com\/fr\/product\/sustanon-zphc\/","url":"https:\/\/iberoid-shop.com\/fr\/product\/sustanon-zphc\/","name":"Sustanon (Testosterone MIX) - (Espa\u00f1ol) Esteroides en l\u00ednea","isPartOf":{"@id":"https:\/\/iberoid-shop.com\/fr\/#website"},"primaryImageOfPage":{"@id":"https:\/\/iberoid-shop.com\/fr\/product\/sustanon-zphc\/#primaryimage"},"image":{"@id":"https:\/\/iberoid-shop.com\/fr\/product\/sustanon-zphc\/#primaryimage"},"thumbnailUrl":"https:\/\/iberoid-shop.com\/wp-content\/uploads\/2025\/08\/ZPHC-pharma-Testosterone-Mix.png?v=1755079255","datePublished":"2025-08-13T10:01:16+00:00","dateModified":"2026-03-10T15:20:22+00:00","description":"Testosterone MIX Sustanon ZPHC est un m\u00e9lange de st\u00e9ro\u00efdes injectables utilis\u00e9 par les hommes pour gagner de la masse musculaire et de la force. La dose est de 250 \u00e0 500 mg par semaine.","breadcrumb":{"@id":"https:\/\/iberoid-shop.com\/fr\/product\/sustanon-zphc\/#breadcrumb"},"inLanguage":"fr-FR","potentialAction":[{"@type":"ReadAction","target":[["https:\/\/iberoid-shop.com\/fr\/product\/sustanon-zphc\/"]]}]},{"@type":"ImageObject","inLanguage":"fr-FR","@id":"https:\/\/iberoid-shop.com\/fr\/product\/sustanon-zphc\/#primaryimage","url":"https:\/\/iberoid-shop.com\/wp-content\/uploads\/2025\/08\/ZPHC-pharma-Testosterone-Mix.png?v=1755079255","contentUrl":"https:\/\/iberoid-shop.com\/wp-content\/uploads\/2025\/08\/ZPHC-pharma-Testosterone-Mix.png?v=1755079255","width":450,"height":450},{"@type":"BreadcrumbList","@id":"https:\/\/iberoid-shop.com\/fr\/product\/sustanon-zphc\/#breadcrumb","itemListElement":[{"@type":"ListItem","position":1,"name":"Portada","item":"https:\/\/iberoid-shop.com\/fr\/"},{"@type":"ListItem","position":2,"name":"Magasin","item":"https:\/\/iberoid-shop.com\/fr\/shop\/"},{"@type":"ListItem","position":3,"name":"Sustanon (Testosterone MIX)"}]},{"@type":"WebSite","@id":"https:\/\/iberoid-shop.com\/fr\/#website","url":"https:\/\/iberoid-shop.com\/fr\/","name":"(Espa\u00f1ol) Esteroides en l\u00ednea","description":"(Espa\u00f1ol) Comprar esteroides en l\u00ednea hoy en Espa\u00f1a y Portugal. Tenemos el mejor servicio al cliente en la industria y los productos de la m\u00e1s alta calidad","potentialAction":[{"@type":"SearchAction","target":{"@type":"EntryPoint","urlTemplate":"https:\/\/iberoid-shop.com\/fr\/?s={search_term_string}"},"query-input":{"@type":"PropertyValueSpecification","valueRequired":true,"valueName":"search_term_string"}}],"inLanguage":"fr-FR"}]},"product_brand":"ZPHC","product_price_amount":"50.00","product_price_currency":"EUR","og_availability":"instock","product_availability":"instock","product_condition":"new"},"_links":{"self":[{"href":"https:\/\/iberoid-shop.com\/fr\/wp-json\/wp\/v2\/product\/10271","targetHints":{"allow":["GET"]}}],"collection":[{"href":"https:\/\/iberoid-shop.com\/fr\/wp-json\/wp\/v2\/product"}],"about":[{"href":"https:\/\/iberoid-shop.com\/fr\/wp-json\/wp\/v2\/types\/product"}],"replies":[{"embeddable":true,"href":"https:\/\/iberoid-shop.com\/fr\/wp-json\/wp\/v2\/comments?post=10271"}],"wp:featuredmedia":[{"embeddable":true,"href":"https:\/\/iberoid-shop.com\/fr\/wp-json\/wp\/v2\/media\/10272"}],"wp:attachment":[{"href":"https:\/\/iberoid-shop.com\/fr\/wp-json\/wp\/v2\/media?parent=10271"}],"wp:term":[{"taxonomy":"product_brand","embeddable":true,"href":"https:\/\/iberoid-shop.com\/fr\/wp-json\/wp\/v2\/product_brand?post=10271"},{"taxonomy":"product_cat","embeddable":true,"href":"https:\/\/iberoid-shop.com\/fr\/wp-json\/wp\/v2\/product_cat?post=10271"},{"taxonomy":"product_tag","embeddable":true,"href":"https:\/\/iberoid-shop.com\/fr\/wp-json\/wp\/v2\/product_tag?post=10271"}],"curies":[{"name":"wp","href":"https:\/\/api.w.org\/{rel}","templated":true}]}}