{"id":10230,"date":"2025-07-13T17:24:10","date_gmt":"2025-07-13T17:24:10","guid":{"rendered":"https:\/\/iberoid-shop.com\/?post_type=product&#038;p=10230"},"modified":"2026-03-10T20:19:39","modified_gmt":"2026-03-10T20:19:39","slug":"nandrolonedecanoate-zphc-pharm","status":"publish","type":"product","link":"https:\/\/iberoid-shop.com\/fr\/product\/nandrolonedecanoate-zphc-pharm\/","title":{"rendered":"Nandrolone Decanoate"},"content":{"rendered":"<p><\/p>\n<p data-start=\"0\" data-end=\"289\"><strong data-start=\"0\" data-end=\"29\">Nandrolone D\u00e9canoate ZPHC<\/strong> est un st\u00e9ro\u00efde anabolisant et androg\u00e8ne fabriqu\u00e9 sous forme injectable. Son nom chimique est 19-Nortestost\u00e9rone. Le corps humain peut produire de la nandrolone en r\u00e9ponse \u00e0 une activit\u00e9 physique intense et prolong\u00e9e (et pendant la grossesse chez les femmes).<\/p>\n<p data-start=\"291\" data-end=\"787\">Dans le m\u00eame temps, sa concentration est tr\u00e8s faible, seulement quelques nanogrammes par millilitre d\u2019urine. La nandrolone est disponible sous forme de d\u00e9canoate et de ph\u00e9nylpropionate (Nandrolone D\u00e9canoate et Ph\u00e9nylpropionate). Ce st\u00e9ro\u00efde a \u00e9t\u00e9 introduit sur le march\u00e9 pour la premi\u00e8re fois en 1962 et occupe aujourd\u2019hui une position cl\u00e9 sur le march\u00e9 de la pharmacologie sportive. La popularit\u00e9 de ce m\u00e9dicament vient de sa forte activit\u00e9 anabolique avec un faible risque d\u2019effets secondaires.<\/p>\n<hr data-start=\"789\" data-end=\"792\" \/>\n<h3 data-start=\"794\" data-end=\"808\"><strong data-start=\"798\" data-end=\"808\">Action<\/strong><\/h3>\n<p data-start=\"810\" data-end=\"1191\">La nandrolone d\u00e9canoate est un produit favorisant une croissance musculaire accrue. Lors d\u2019un cycle uniquement \u00e0 base de nandrolone d\u00e9canoate, avec une nutrition appropri\u00e9e et une certaine pr\u00e9disposition g\u00e9n\u00e9tique, on peut prendre jusqu\u2019\u00e0 8 kilogrammes. Contrairement \u00e0 la m\u00e9thandrost\u00e9nolone et \u00e0 certains autres st\u00e9ro\u00efdes anabolisants, le ph\u00e9nom\u00e8ne de \u00ab\u00a0rollback\u00a0\u00bb est insignifiant.<\/p>\n<ul data-start=\"1193\" data-end=\"1661\">\n<li data-start=\"1193\" data-end=\"1234\">\n<p data-start=\"1195\" data-end=\"1234\">Augmentation des indicateurs de force<\/p>\n<\/li>\n<li data-start=\"1235\" data-end=\"1336\">\n<p data-start=\"1237\" data-end=\"1336\">Renforcement des articulations, des os et des ligaments (stimulation de la synth\u00e8se du collag\u00e8ne)<\/p>\n<\/li>\n<li data-start=\"1337\" data-end=\"1388\">\n<p data-start=\"1339\" data-end=\"1388\">Stimulation de la s\u00e9cr\u00e9tion du liquide synovial<\/p>\n<\/li>\n<li data-start=\"1389\" data-end=\"1623\">\n<p data-start=\"1391\" data-end=\"1623\">Augmentation de la masse des globules rouges. La nandrolone d\u00e9canoate et ph\u00e9nylpropionate stimulent la formation des globules rouges, augmentant ainsi la quantit\u00e9 d\u2019oxyg\u00e8ne transport\u00e9e vers les muscles, ce qui am\u00e9liore l\u2019endurance<\/p>\n<\/li>\n<li data-start=\"1624\" data-end=\"1661\">\n<p data-start=\"1626\" data-end=\"1661\">Renforcement du syst\u00e8me immunitaire<\/p>\n<\/li>\n<\/ul>\n<hr data-start=\"1663\" data-end=\"1666\" \/>\n<h3 data-start=\"1668\" data-end=\"1687\"><strong data-start=\"1672\" data-end=\"1687\">Utilisation<\/strong><\/h3>\n<p data-start=\"1689\" data-end=\"2292\">L\u2019action du m\u00e9dicament est relativement lente. Il ne faut pas s\u2019attendre \u00e0 un effet anabolique rapide. Cependant, presque tous les b\u00e9n\u00e9fices acquis restent apr\u00e8s l\u2019arr\u00eat du st\u00e9ro\u00efde. Le cycle uniquement \u00e0 la nandrolone d\u00e9canoate est g\u00e9n\u00e9ralement long. La prise de poids est environ deux fois moindre que lors de l\u2019utilisation de testost\u00e9rone. La dur\u00e9e recommand\u00e9e du cycle est de 8 \u00e0 10 semaines. Dans certains cas, les athl\u00e8tes le prennent jusqu\u2019\u00e0 six mois, en augmentant progressivement la dose. Les injections sont effectu\u00e9es au maximum une fois par semaine, dans un volume de 200 \u00e0 600 milligrammes.<\/p>\n<p data-start=\"2294\" data-end=\"2713\">Concernant la prise de nandrolone d\u00e9canoate en association avec d\u2019autres st\u00e9ro\u00efdes, on peut dire que les m\u00e9langes sont tr\u00e8s efficaces, car ils \u00e9vitent la baisse de libido, la suppression de la production naturelle de testost\u00e9rone, le ralentissement de l\u2019activit\u00e9 et de nombreux autres d\u00e9sagr\u00e9ments. Winstrol, Testost\u00e9rone, Sustanon et d\u2019autres ont une excellente compatibilit\u00e9. La m\u00e9thandrost\u00e9nolone est aussi utilis\u00e9e.<\/p>\n<hr data-start=\"2715\" data-end=\"2718\" \/>\n<h3 data-start=\"2720\" data-end=\"2746\"><strong data-start=\"2724\" data-end=\"2746\">Effets secondaires<\/strong><\/h3>\n<p data-start=\"2748\" data-end=\"3085\">Environ un cinqui\u00e8me du st\u00e9ro\u00efde administr\u00e9 se lie aux r\u00e9cepteurs de progest\u00e9rone (en raison de l\u2019absence d\u2019un atome de carbone en position 19), ce qui provoque des r\u00e9actions telles que la suppression de la s\u00e9cr\u00e9tion des hormones gonadotropes, une augmentation de la production de prolactine et une diminution significative de la libido.<\/p>\n<p data-start=\"3087\" data-end=\"3457\" data-is-last-node=\"\" data-is-only-node=\"\">La dysfonction \u00e9rectile lente est la cons\u00e9quence la plus marqu\u00e9e et grave de l\u2019abus de d\u00e9canoate de nandrolone. En cas de d\u00e9passement des doses recommand\u00e9es et de la dur\u00e9e du cycle, des rhinites, des maux de t\u00eate et de dos ainsi que des \u00e9ruptions cutan\u00e9es peuvent survenir. En g\u00e9n\u00e9ral, les effets secondaires du Nandrolone D\u00e9canoate sont l\u2019exception plut\u00f4t que la r\u00e8gle.<\/p>\n<p><\/p>","protected":false},"excerpt":{"rendered":"<p>Nandrolone D\u00e9canoate ZPHC est un st\u00e9ro\u00efde anabolisant et androg\u00e8ne fabriqu\u00e9 sous forme injectable. Son nom chimique est 19-Nortestost\u00e9rone. Le corps<\/p>\n","protected":false},"featured_media":10231,"comment_status":"open","ping_status":"closed","template":"","meta":[],"product_brand":[],"product_cat":[69],"product_tag":[],"class_list":{"0":"post-10230","1":"product","2":"type-product","3":"status-publish","4":"has-post-thumbnail","6":"product_cat-esteroides_inyectables","8":"first","9":"instock","10":"shipping-taxable","11":"purchasable","12":"product-type-simple"},"yoast_head":"<!-- This site is optimized with the Yoast SEO Premium plugin v24.4 (Yoast SEO v27.0) - https:\/\/yoast.com\/product\/yoast-seo-premium-wordpress\/ -->\n<title>Nandrolone Decanoate - (Espa\u00f1ol) Esteroides en l\u00ednea<\/title>\n<meta name=\"description\" content=\"NANDROLONE DECANOATE ZPHC est un st\u00e9ro\u00efde anabolisant qui favorise la croissance musculaire, la force, l\u2019endurance et la sant\u00e9 des articulations avec des effets secondaires minimes.\" \/>\n<meta name=\"robots\" content=\"index, follow, max-snippet:-1, max-image-preview:large, max-video-preview:-1\" \/>\n<link rel=\"canonical\" href=\"https:\/\/iberoid-shop.com\/fr\/product\/nandrolonedecanoate-zphc-pharm\/\" \/>\n<meta property=\"og:locale\" content=\"fr_FR\" \/>\n<meta property=\"og:type\" content=\"article\" \/>\n<meta property=\"og:title\" content=\"Nandrolone Decanoate\" \/>\n<meta property=\"og:description\" content=\"NANDROLONE DECANOATE ZPHC est un st\u00e9ro\u00efde anabolisant qui favorise la croissance musculaire, la force, l\u2019endurance et la sant\u00e9 des articulations avec des effets secondaires minimes.\" \/>\n<meta property=\"og:url\" content=\"https:\/\/iberoid-shop.com\/fr\/product\/nandrolonedecanoate-zphc-pharm\/\" \/>\n<meta property=\"og:site_name\" content=\"(Espa\u00f1ol) Esteroides en l\u00ednea\" \/>\n<meta property=\"article:modified_time\" content=\"2026-03-10T20:19:39+00:00\" \/>\n<meta property=\"og:image\" content=\"https:\/\/iberoid-shop.com\/wp-content\/uploads\/2025\/07\/zphcg.webp\" \/>\n\t<meta property=\"og:image:width\" content=\"1000\" \/>\n\t<meta property=\"og:image:height\" content=\"805\" \/>\n\t<meta property=\"og:image:type\" content=\"image\/webp\" \/>\n<meta name=\"twitter:card\" content=\"summary_large_image\" \/>\n<meta name=\"twitter:label1\" content=\"Prix\" \/>\n\t<meta name=\"twitter:data1\" content=\"&euro;55.00\" \/>\n\t<meta name=\"twitter:label2\" content=\"Disponibilit\u00e9\" \/>\n\t<meta name=\"twitter:data2\" content=\"En stock\" \/>\n<script type=\"application\/ld+json\" class=\"yoast-schema-graph\">{\"@context\":\"https:\/\/schema.org\",\"@graph\":[{\"@type\":\"WebPage\",\"@id\":\"https:\/\/iberoid-shop.com\/fr\/product\/nandrolonedecanoate-zphc-pharm\/\",\"url\":\"https:\/\/iberoid-shop.com\/fr\/product\/nandrolonedecanoate-zphc-pharm\/\",\"name\":\"Nandrolone Decanoate - (Espa\u00f1ol) Esteroides en l\u00ednea\",\"isPartOf\":{\"@id\":\"https:\/\/iberoid-shop.com\/fr\/#website\"},\"primaryImageOfPage\":{\"@id\":\"https:\/\/iberoid-shop.com\/fr\/product\/nandrolonedecanoate-zphc-pharm\/#primaryimage\"},\"image\":{\"@id\":\"https:\/\/iberoid-shop.com\/fr\/product\/nandrolonedecanoate-zphc-pharm\/#primaryimage\"},\"thumbnailUrl\":\"https:\/\/iberoid-shop.com\/wp-content\/uploads\/2025\/07\/zphcg.webp\",\"datePublished\":\"2025-07-13T17:24:10+00:00\",\"dateModified\":\"2026-03-10T20:19:39+00:00\",\"description\":\"NANDROLONE DECANOATE ZPHC est un st\u00e9ro\u00efde anabolisant qui favorise la croissance musculaire, la force, l\u2019endurance et la sant\u00e9 des articulations avec des effets secondaires minimes.\",\"breadcrumb\":{\"@id\":\"https:\/\/iberoid-shop.com\/fr\/product\/nandrolonedecanoate-zphc-pharm\/#breadcrumb\"},\"inLanguage\":\"fr-FR\",\"potentialAction\":[{\"@type\":\"ReadAction\",\"target\":[[\"https:\/\/iberoid-shop.com\/fr\/product\/nandrolonedecanoate-zphc-pharm\/\"]]}]},{\"@type\":\"ImageObject\",\"inLanguage\":\"fr-FR\",\"@id\":\"https:\/\/iberoid-shop.com\/fr\/product\/nandrolonedecanoate-zphc-pharm\/#primaryimage\",\"url\":\"https:\/\/iberoid-shop.com\/wp-content\/uploads\/2025\/07\/zphcg.webp\",\"contentUrl\":\"https:\/\/iberoid-shop.com\/wp-content\/uploads\/2025\/07\/zphcg.webp\",\"width\":1000,\"height\":805},{\"@type\":\"BreadcrumbList\",\"@id\":\"https:\/\/iberoid-shop.com\/fr\/product\/nandrolonedecanoate-zphc-pharm\/#breadcrumb\",\"itemListElement\":[{\"@type\":\"ListItem\",\"position\":1,\"name\":\"Portada\",\"item\":\"https:\/\/iberoid-shop.com\/fr\/\"},{\"@type\":\"ListItem\",\"position\":2,\"name\":\"Magasin\",\"item\":\"https:\/\/iberoid-shop.com\/fr\/shop\/\"},{\"@type\":\"ListItem\",\"position\":3,\"name\":\"Nandrolone Decanoate\"}]},{\"@type\":\"WebSite\",\"@id\":\"https:\/\/iberoid-shop.com\/fr\/#website\",\"url\":\"https:\/\/iberoid-shop.com\/fr\/\",\"name\":\"(Espa\u00f1ol) Esteroides en l\u00ednea\",\"description\":\"(Espa\u00f1ol) Comprar esteroides en l\u00ednea hoy en Espa\u00f1a y Portugal. Tenemos el mejor servicio al cliente en la industria y los productos de la m\u00e1s alta calidad\",\"potentialAction\":[{\"@type\":\"SearchAction\",\"target\":{\"@type\":\"EntryPoint\",\"urlTemplate\":\"https:\/\/iberoid-shop.com\/fr\/?s={search_term_string}\"},\"query-input\":{\"@type\":\"PropertyValueSpecification\",\"valueRequired\":true,\"valueName\":\"search_term_string\"}}],\"inLanguage\":\"fr-FR\"}]}<\/script>\n<meta property=\"product:brand\" content=\"ZPHC\" \/>\n<meta property=\"product:price:amount\" content=\"55.00\" \/>\n<meta property=\"product:price:currency\" content=\"EUR\" \/>\n<meta property=\"og:availability\" content=\"instock\" \/>\n<meta property=\"product:availability\" content=\"instock\" \/>\n<meta property=\"product:condition\" content=\"new\" \/>\n<!-- \/ Yoast SEO Premium plugin. -->","yoast_head_json":{"title":"Nandrolone Decanoate - (Espa\u00f1ol) Esteroides en l\u00ednea","description":"NANDROLONE DECANOATE ZPHC est un st\u00e9ro\u00efde anabolisant qui favorise la croissance musculaire, la force, l\u2019endurance et la sant\u00e9 des articulations avec des effets secondaires minimes.","robots":{"index":"index","follow":"follow","max-snippet":"max-snippet:-1","max-image-preview":"max-image-preview:large","max-video-preview":"max-video-preview:-1"},"canonical":"https:\/\/iberoid-shop.com\/fr\/product\/nandrolonedecanoate-zphc-pharm\/","og_locale":"fr_FR","og_type":"article","og_title":"Nandrolone Decanoate","og_description":"NANDROLONE DECANOATE ZPHC est un st\u00e9ro\u00efde anabolisant qui favorise la croissance musculaire, la force, l\u2019endurance et la sant\u00e9 des articulations avec des effets secondaires minimes.","og_url":"https:\/\/iberoid-shop.com\/fr\/product\/nandrolonedecanoate-zphc-pharm\/","og_site_name":"(Espa\u00f1ol) Esteroides en l\u00ednea","article_modified_time":"2026-03-10T20:19:39+00:00","og_image":[{"width":1000,"height":805,"url":"https:\/\/iberoid-shop.com\/wp-content\/uploads\/2025\/07\/zphcg.webp","type":"image\/webp"}],"twitter_card":"summary_large_image","twitter_misc":{"Prix":"&euro;55.00","Disponibilit\u00e9":"En stock"},"schema":{"@context":"https:\/\/schema.org","@graph":[{"@type":"WebPage","@id":"https:\/\/iberoid-shop.com\/fr\/product\/nandrolonedecanoate-zphc-pharm\/","url":"https:\/\/iberoid-shop.com\/fr\/product\/nandrolonedecanoate-zphc-pharm\/","name":"Nandrolone Decanoate - (Espa\u00f1ol) Esteroides en l\u00ednea","isPartOf":{"@id":"https:\/\/iberoid-shop.com\/fr\/#website"},"primaryImageOfPage":{"@id":"https:\/\/iberoid-shop.com\/fr\/product\/nandrolonedecanoate-zphc-pharm\/#primaryimage"},"image":{"@id":"https:\/\/iberoid-shop.com\/fr\/product\/nandrolonedecanoate-zphc-pharm\/#primaryimage"},"thumbnailUrl":"https:\/\/iberoid-shop.com\/wp-content\/uploads\/2025\/07\/zphcg.webp","datePublished":"2025-07-13T17:24:10+00:00","dateModified":"2026-03-10T20:19:39+00:00","description":"NANDROLONE DECANOATE ZPHC est un st\u00e9ro\u00efde anabolisant qui favorise la croissance musculaire, la force, l\u2019endurance et la sant\u00e9 des articulations avec des effets secondaires minimes.","breadcrumb":{"@id":"https:\/\/iberoid-shop.com\/fr\/product\/nandrolonedecanoate-zphc-pharm\/#breadcrumb"},"inLanguage":"fr-FR","potentialAction":[{"@type":"ReadAction","target":[["https:\/\/iberoid-shop.com\/fr\/product\/nandrolonedecanoate-zphc-pharm\/"]]}]},{"@type":"ImageObject","inLanguage":"fr-FR","@id":"https:\/\/iberoid-shop.com\/fr\/product\/nandrolonedecanoate-zphc-pharm\/#primaryimage","url":"https:\/\/iberoid-shop.com\/wp-content\/uploads\/2025\/07\/zphcg.webp","contentUrl":"https:\/\/iberoid-shop.com\/wp-content\/uploads\/2025\/07\/zphcg.webp","width":1000,"height":805},{"@type":"BreadcrumbList","@id":"https:\/\/iberoid-shop.com\/fr\/product\/nandrolonedecanoate-zphc-pharm\/#breadcrumb","itemListElement":[{"@type":"ListItem","position":1,"name":"Portada","item":"https:\/\/iberoid-shop.com\/fr\/"},{"@type":"ListItem","position":2,"name":"Magasin","item":"https:\/\/iberoid-shop.com\/fr\/shop\/"},{"@type":"ListItem","position":3,"name":"Nandrolone Decanoate"}]},{"@type":"WebSite","@id":"https:\/\/iberoid-shop.com\/fr\/#website","url":"https:\/\/iberoid-shop.com\/fr\/","name":"(Espa\u00f1ol) Esteroides en l\u00ednea","description":"(Espa\u00f1ol) Comprar esteroides en l\u00ednea hoy en Espa\u00f1a y Portugal. Tenemos el mejor servicio al cliente en la industria y los productos de la m\u00e1s alta calidad","potentialAction":[{"@type":"SearchAction","target":{"@type":"EntryPoint","urlTemplate":"https:\/\/iberoid-shop.com\/fr\/?s={search_term_string}"},"query-input":{"@type":"PropertyValueSpecification","valueRequired":true,"valueName":"search_term_string"}}],"inLanguage":"fr-FR"}]},"product_brand":"ZPHC","product_price_amount":"55.00","product_price_currency":"EUR","og_availability":"instock","product_availability":"instock","product_condition":"new"},"_links":{"self":[{"href":"https:\/\/iberoid-shop.com\/fr\/wp-json\/wp\/v2\/product\/10230","targetHints":{"allow":["GET"]}}],"collection":[{"href":"https:\/\/iberoid-shop.com\/fr\/wp-json\/wp\/v2\/product"}],"about":[{"href":"https:\/\/iberoid-shop.com\/fr\/wp-json\/wp\/v2\/types\/product"}],"replies":[{"embeddable":true,"href":"https:\/\/iberoid-shop.com\/fr\/wp-json\/wp\/v2\/comments?post=10230"}],"wp:featuredmedia":[{"embeddable":true,"href":"https:\/\/iberoid-shop.com\/fr\/wp-json\/wp\/v2\/media\/10231"}],"wp:attachment":[{"href":"https:\/\/iberoid-shop.com\/fr\/wp-json\/wp\/v2\/media?parent=10230"}],"wp:term":[{"taxonomy":"product_brand","embeddable":true,"href":"https:\/\/iberoid-shop.com\/fr\/wp-json\/wp\/v2\/product_brand?post=10230"},{"taxonomy":"product_cat","embeddable":true,"href":"https:\/\/iberoid-shop.com\/fr\/wp-json\/wp\/v2\/product_cat?post=10230"},{"taxonomy":"product_tag","embeddable":true,"href":"https:\/\/iberoid-shop.com\/fr\/wp-json\/wp\/v2\/product_tag?post=10230"}],"curies":[{"name":"wp","href":"https:\/\/api.w.org\/{rel}","templated":true}]}}