{"id":10228,"date":"2025-07-13T17:19:09","date_gmt":"2025-07-13T17:19:09","guid":{"rendered":"https:\/\/iberoid-shop.com\/?post_type=product&#038;p=10228"},"modified":"2026-04-10T07:51:49","modified_gmt":"2026-04-10T07:51:49","slug":"pack3t-bol-turinabol-mp-pharm","status":"publish","type":"product","link":"https:\/\/iberoid-shop.com\/fr\/product\/pack3t-bol-turinabol-mp-pharm\/","title":{"rendered":"pack3 T-BOL \/ Turinabol"},"content":{"rendered":"<p><\/p>\n<article class=\"text-token-text-primary w-full\" dir=\"auto\" data-testid=\"conversation-turn-16\" data-scroll-anchor=\"true\">\n<div class=\"text-base my-auto mx-auto py-5 [--thread-content-margin:--spacing(4)] @[37rem]:[--thread-content-margin:--spacing(6)] @[72rem]:[--thread-content-margin:--spacing(16)] px-(--thread-content-margin)\">\n<div class=\"[--thread-content-max-width:32rem] @[34rem]:[--thread-content-max-width:40rem] @[64rem]:[--thread-content-max-width:48rem] mx-auto flex max-w-(--thread-content-max-width) flex-1 text-base gap-4 md:gap-5 lg:gap-6 group\/turn-messages focus-visible:outline-hidden\" tabindex=\"-1\">\n<div class=\"group\/conversation-turn relative flex w-full min-w-0 flex-col agent-turn\">\n<div class=\"relative flex-col gap-1 md:gap-3\">\n<div class=\"flex max-w-full flex-col grow\">\n<div class=\"min-h-8 text-message relative flex w-full flex-col items-end gap-2 text-start break-words whitespace-normal [.text-message+&amp;]:mt-5\" dir=\"auto\" data-message-author-role=\"assistant\" data-message-id=\"399e6f9e-4eec-4f4b-9f5b-e528fb68170f\" data-message-model-slug=\"gpt-4-1-mini\">\n<div class=\"flex w-full flex-col gap-1 empty:hidden first:pt-[3px]\">\n<div class=\"markdown prose dark:prose-invert w-full break-words dark\">\n<p data-start=\"0\" data-end=\"290\"><strong data-start=\"0\" data-end=\"13\">Turinabol<\/strong>, chimiquement connu sous le nom de <strong data-start=\"49\" data-end=\"84\">Chlorod\u00e9hydrom\u00e9thyltestost\u00e9rone<\/strong>, est un d\u00e9riv\u00e9 de la testost\u00e9rone. Il a \u00e9t\u00e9 d\u00e9velopp\u00e9 pour la premi\u00e8re fois dans les ann\u00e9es 1960 et a gagn\u00e9 en popularit\u00e9 parmi les athl\u00e8tes pour ses capacit\u00e9s \u00e0 renforcer les muscles et ses effets l\u00e9gers.<\/p>\n<p data-start=\"292\" data-end=\"503\"><strong data-start=\"292\" data-end=\"305\">Turinabol<\/strong> est souvent compar\u00e9 \u00e0 <strong data-start=\"328\" data-end=\"338\">Anavar<\/strong> et <strong data-start=\"342\" data-end=\"354\">Dianabol<\/strong>. Contrairement au Dianabol, il offre une am\u00e9lioration musculaire avec moins d\u2019effets secondaires androg\u00e9niques, ce qui constitue un avantage unique.<\/p>\n<hr data-start=\"505\" data-end=\"508\" \/>\n<h3 data-start=\"510\" data-end=\"536\"><strong data-start=\"514\" data-end=\"536\">M\u00e9canisme d\u2019Action<\/strong><\/h3>\n<p data-start=\"538\" data-end=\"831\">Le Turinabol favorise la force en stimulant la synth\u00e8se des prot\u00e9ines et en am\u00e9liorant la r\u00e9tention d\u2019azote. Cette double action soutient non seulement la croissance musculaire, que ce soit pour les d\u00e9butants ou les professionnels, mais am\u00e9liore \u00e9galement l\u2019endurance musculaire et la stamina.<\/p>\n<hr data-start=\"833\" data-end=\"836\" \/>\n<h3 data-start=\"838\" data-end=\"890\"><strong data-start=\"842\" data-end=\"890\">Utilisation dans le Sport et le Bodybuilding<\/strong><\/h3>\n<p data-start=\"892\" data-end=\"1056\">La faible androgenicit\u00e9 du Turinabol et ses effets anaboliques impressionnants en font un favori parmi les athl\u00e8tes et les bodybuilders pour les raisons suivantes :<\/p>\n<ul data-start=\"1058\" data-end=\"1204\">\n<li data-start=\"1058\" data-end=\"1086\">\n<p data-start=\"1060\" data-end=\"1086\">Augmentation de la force<\/p>\n<\/li>\n<li data-start=\"1087\" data-end=\"1130\">\n<p data-start=\"1089\" data-end=\"1130\">Accumulation de masse musculaire maigre<\/p>\n<\/li>\n<li data-start=\"1131\" data-end=\"1168\">\n<p data-start=\"1133\" data-end=\"1168\">R\u00e9cup\u00e9ration musculaire acc\u00e9l\u00e9r\u00e9e<\/p>\n<\/li>\n<li data-start=\"1169\" data-end=\"1204\">\n<p data-start=\"1171\" data-end=\"1204\">Meilleure d\u00e9finition musculaire<\/p>\n<\/li>\n<\/ul>\n<hr data-start=\"1206\" data-end=\"1209\" \/>\n<h3 data-start=\"1211\" data-end=\"1241\"><strong data-start=\"1215\" data-end=\"1241\">Applications M\u00e9dicales<\/strong><\/h3>\n<p data-start=\"1243\" data-end=\"1481\">Sur le plan m\u00e9dical, le Turinabol a \u00e9t\u00e9 utilis\u00e9 dans des situations sp\u00e9cifiques pour le traitement de maladies cataboliques et de conditions n\u00e9cessitant une augmentation de la synth\u00e8se prot\u00e9ique, toujours sous supervision professionnelle.<\/p>\n<hr data-start=\"1483\" data-end=\"1486\" \/>\n<h3 data-start=\"1488\" data-end=\"1514\"><strong data-start=\"1492\" data-end=\"1514\">Effets Secondaires<\/strong><\/h3>\n<p data-start=\"1516\" data-end=\"1892\">Les effets secondaires courants peuvent inclure des maux de t\u00eate et des modifications des niveaux de cholest\u00e9rol sanguin. Cependant, sa r\u00e9putation pour un faible impact androg\u00e9nique s\u00e9v\u00e8re \u2014 comme la perte de cheveux et l\u2019agressivit\u00e9 \u2014 le rend pr\u00e9f\u00e9rable \u00e0 d\u2019autres st\u00e9ro\u00efdes plus puissants. La gestion des risques doit inclure des doses mod\u00e9r\u00e9es et un suivi de sant\u00e9 continu.<\/p>\n<hr data-start=\"1894\" data-end=\"1897\" \/>\n<h3 data-start=\"1899\" data-end=\"1942\"><strong data-start=\"1903\" data-end=\"1942\">Association avec d\u2019Autres St\u00e9ro\u00efdes<\/strong><\/h3>\n<p data-start=\"1944\" data-end=\"2218\">Pour renforcer davantage les gains de force, le Turinabol est souvent associ\u00e9 \u00e0 <strong data-start=\"2024\" data-end=\"2042\">Deca-Durabolin<\/strong> et \u00e0 la <strong data-start=\"2051\" data-end=\"2067\">Testost\u00e9rone<\/strong> dans des cycles avanc\u00e9s. Ces combinaisons aident \u00e0 maximiser les r\u00e9sultats en fournissant un environnement \u00e9quilibr\u00e9 pour le d\u00e9veloppement musculaire.<\/p>\n<hr data-start=\"2220\" data-end=\"2223\" \/>\n<h3 data-start=\"2225\" data-end=\"2252\"><strong data-start=\"2229\" data-end=\"2252\">Cycles de St\u00e9ro\u00efdes<\/strong><\/h3>\n<p data-start=\"2254\" data-end=\"2540\" data-is-last-node=\"\" data-is-only-node=\"\">Pour les d\u00e9butants, un cycle typique dure de <strong data-start=\"2299\" data-end=\"2317\">6 \u00e0 8 semaines<\/strong>, tandis que les utilisateurs avanc\u00e9s peuvent opter pour <strong data-start=\"2374\" data-end=\"2389\">10 semaines<\/strong>. Maintenir la dose dans des limites s\u00fbres, en commen\u00e7ant par des quantit\u00e9s faibles et en augmentant mod\u00e9r\u00e9ment, peut favoriser de meilleurs r\u00e9sultats.<\/p>\n<\/div>\n<\/div>\n<\/div>\n<\/div>\n<\/div>\n<\/div>\n<\/div>\n<\/div>\n<\/article>\n<p><\/p>","protected":false},"excerpt":{"rendered":"<p>Turinabol, chimiquement connu sous le nom de Chlorod\u00e9hydrom\u00e9thyltestost\u00e9rone, est un d\u00e9riv\u00e9 de la testost\u00e9rone. Il a \u00e9t\u00e9 d\u00e9velopp\u00e9 pour la<\/p>\n","protected":false},"featured_media":10229,"comment_status":"open","ping_status":"closed","template":"","meta":[],"product_brand":[],"product_cat":[73,3474],"product_tag":[],"class_list":{"0":"post-10228","1":"product","2":"type-product","3":"status-publish","4":"has-post-thumbnail","6":"product_cat-ssteroides_orales","7":"product_cat-packs","9":"first","10":"instock","11":"shipping-taxable","12":"purchasable","13":"product-type-simple"},"yoast_head":"<!-- This site is optimized with the Yoast SEO Premium plugin v24.4 (Yoast SEO v27.3) - https:\/\/yoast.com\/product\/yoast-seo-premium-wordpress\/ -->\n<title>pack3 T-BOL \/ Turinabol - (Espa\u00f1ol) Esteroides en l\u00ednea<\/title>\n<meta name=\"description\" content=\"TURINABOL am\u00e9liore la masse maigre, la force et la r\u00e9cup\u00e9ration avec des effets secondaires l\u00e9gers, id\u00e9al pour des gains de qualit\u00e9 sans r\u00e9tention d&#039;eau.\" \/>\n<meta name=\"robots\" content=\"index, follow, max-snippet:-1, max-image-preview:large, max-video-preview:-1\" \/>\n<link rel=\"canonical\" href=\"https:\/\/iberoid-shop.com\/fr\/product\/pack3t-bol-turinabol-mp-pharm\/\" \/>\n<meta property=\"og:locale\" content=\"fr_FR\" \/>\n<meta property=\"og:type\" content=\"article\" \/>\n<meta property=\"og:title\" content=\"pack3 T-BOL \/ Turinabol\" \/>\n<meta property=\"og:description\" content=\"TURINABOL am\u00e9liore la masse maigre, la force et la r\u00e9cup\u00e9ration avec des effets secondaires l\u00e9gers, id\u00e9al pour des gains de qualit\u00e9 sans r\u00e9tention d&#039;eau.\" \/>\n<meta property=\"og:url\" content=\"https:\/\/iberoid-shop.com\/fr\/product\/pack3t-bol-turinabol-mp-pharm\/\" \/>\n<meta property=\"og:site_name\" content=\"(Espa\u00f1ol) Esteroides en l\u00ednea\" \/>\n<meta property=\"article:modified_time\" content=\"2026-04-10T07:51:49+00:00\" \/>\n<meta property=\"og:image\" content=\"https:\/\/iberoid-shop.com\/wp-content\/uploads\/2025\/07\/3tbol-scaled.jpeg?v=1752427117\" \/>\n\t<meta property=\"og:image:width\" content=\"2560\" \/>\n\t<meta property=\"og:image:height\" content=\"2167\" \/>\n\t<meta property=\"og:image:type\" content=\"image\/jpeg\" \/>\n<meta name=\"twitter:card\" content=\"summary_large_image\" \/>\n<meta name=\"twitter:label1\" content=\"Prix\" \/>\n\t<meta name=\"twitter:data1\" content=\"&euro;45.00\" \/>\n\t<meta name=\"twitter:label2\" content=\"Disponibilit\u00e9\" \/>\n\t<meta name=\"twitter:data2\" content=\"En stock\" \/>\n<script type=\"application\/ld+json\" class=\"yoast-schema-graph\">{\"@context\":\"https:\\\/\\\/schema.org\",\"@graph\":[{\"@type\":\"WebPage\",\"@id\":\"https:\\\/\\\/iberoid-shop.com\\\/fr\\\/product\\\/pack3t-bol-turinabol-mp-pharm\\\/\",\"url\":\"https:\\\/\\\/iberoid-shop.com\\\/fr\\\/product\\\/pack3t-bol-turinabol-mp-pharm\\\/\",\"name\":\"pack3 T-BOL \\\/ Turinabol - (Espa\u00f1ol) Esteroides en l\u00ednea\",\"isPartOf\":{\"@id\":\"https:\\\/\\\/iberoid-shop.com\\\/fr\\\/#website\"},\"primaryImageOfPage\":{\"@id\":\"https:\\\/\\\/iberoid-shop.com\\\/fr\\\/product\\\/pack3t-bol-turinabol-mp-pharm\\\/#primaryimage\"},\"image\":{\"@id\":\"https:\\\/\\\/iberoid-shop.com\\\/fr\\\/product\\\/pack3t-bol-turinabol-mp-pharm\\\/#primaryimage\"},\"thumbnailUrl\":\"https:\\\/\\\/iberoid-shop.com\\\/wp-content\\\/uploads\\\/2025\\\/07\\\/3tbol-scaled.jpeg?v=1752427117\",\"datePublished\":\"2025-07-13T17:19:09+00:00\",\"dateModified\":\"2026-04-10T07:51:49+00:00\",\"description\":\"TURINABOL am\u00e9liore la masse maigre, la force et la r\u00e9cup\u00e9ration avec des effets secondaires l\u00e9gers, id\u00e9al pour des gains de qualit\u00e9 sans r\u00e9tention d'eau.\",\"breadcrumb\":{\"@id\":\"https:\\\/\\\/iberoid-shop.com\\\/fr\\\/product\\\/pack3t-bol-turinabol-mp-pharm\\\/#breadcrumb\"},\"inLanguage\":\"fr-FR\",\"potentialAction\":[{\"@type\":\"ReadAction\",\"target\":[[\"https:\\\/\\\/iberoid-shop.com\\\/fr\\\/product\\\/pack3t-bol-turinabol-mp-pharm\\\/\"]]}]},{\"@type\":\"ImageObject\",\"inLanguage\":\"fr-FR\",\"@id\":\"https:\\\/\\\/iberoid-shop.com\\\/fr\\\/product\\\/pack3t-bol-turinabol-mp-pharm\\\/#primaryimage\",\"url\":\"https:\\\/\\\/iberoid-shop.com\\\/wp-content\\\/uploads\\\/2025\\\/07\\\/3tbol-scaled.jpeg?v=1752427117\",\"contentUrl\":\"https:\\\/\\\/iberoid-shop.com\\\/wp-content\\\/uploads\\\/2025\\\/07\\\/3tbol-scaled.jpeg?v=1752427117\",\"width\":2560,\"height\":2167},{\"@type\":\"BreadcrumbList\",\"@id\":\"https:\\\/\\\/iberoid-shop.com\\\/fr\\\/product\\\/pack3t-bol-turinabol-mp-pharm\\\/#breadcrumb\",\"itemListElement\":[{\"@type\":\"ListItem\",\"position\":1,\"name\":\"Portada\",\"item\":\"https:\\\/\\\/iberoid-shop.com\\\/fr\\\/\"},{\"@type\":\"ListItem\",\"position\":2,\"name\":\"Magasin\",\"item\":\"https:\\\/\\\/iberoid-shop.com\\\/fr\\\/shop\\\/\"},{\"@type\":\"ListItem\",\"position\":3,\"name\":\"pack3 T-BOL \\\/ Turinabol\"}]},{\"@type\":\"WebSite\",\"@id\":\"https:\\\/\\\/iberoid-shop.com\\\/fr\\\/#website\",\"url\":\"https:\\\/\\\/iberoid-shop.com\\\/fr\\\/\",\"name\":\"(Espa\u00f1ol) Esteroides en l\u00ednea\",\"description\":\"(Espa\u00f1ol) Comprar esteroides en l\u00ednea hoy en Espa\u00f1a y Portugal. Tenemos el mejor servicio al cliente en la industria y los productos de la m\u00e1s alta calidad\",\"potentialAction\":[{\"@type\":\"SearchAction\",\"target\":{\"@type\":\"EntryPoint\",\"urlTemplate\":\"https:\\\/\\\/iberoid-shop.com\\\/fr\\\/?s={search_term_string}\"},\"query-input\":{\"@type\":\"PropertyValueSpecification\",\"valueRequired\":true,\"valueName\":\"search_term_string\"}}],\"inLanguage\":\"fr-FR\"}]}<\/script>\n<meta property=\"product:brand\" content=\"Mp-Pharm\" \/>\n<meta property=\"product:price:amount\" content=\"45.00\" \/>\n<meta property=\"product:price:currency\" content=\"EUR\" \/>\n<meta property=\"og:availability\" content=\"instock\" \/>\n<meta property=\"product:availability\" content=\"instock\" \/>\n<meta property=\"product:condition\" content=\"new\" \/>\n<!-- \/ Yoast SEO Premium plugin. -->","yoast_head_json":{"title":"pack3 T-BOL \/ Turinabol - (Espa\u00f1ol) Esteroides en l\u00ednea","description":"TURINABOL am\u00e9liore la masse maigre, la force et la r\u00e9cup\u00e9ration avec des effets secondaires l\u00e9gers, id\u00e9al pour des gains de qualit\u00e9 sans r\u00e9tention d'eau.","robots":{"index":"index","follow":"follow","max-snippet":"max-snippet:-1","max-image-preview":"max-image-preview:large","max-video-preview":"max-video-preview:-1"},"canonical":"https:\/\/iberoid-shop.com\/fr\/product\/pack3t-bol-turinabol-mp-pharm\/","og_locale":"fr_FR","og_type":"article","og_title":"pack3 T-BOL \/ Turinabol","og_description":"TURINABOL am\u00e9liore la masse maigre, la force et la r\u00e9cup\u00e9ration avec des effets secondaires l\u00e9gers, id\u00e9al pour des gains de qualit\u00e9 sans r\u00e9tention d'eau.","og_url":"https:\/\/iberoid-shop.com\/fr\/product\/pack3t-bol-turinabol-mp-pharm\/","og_site_name":"(Espa\u00f1ol) Esteroides en l\u00ednea","article_modified_time":"2026-04-10T07:51:49+00:00","og_image":[{"width":2560,"height":2167,"url":"https:\/\/iberoid-shop.com\/wp-content\/uploads\/2025\/07\/3tbol-scaled.jpeg?v=1752427117","type":"image\/jpeg"}],"twitter_card":"summary_large_image","twitter_misc":{"Prix":"&euro;45.00","Disponibilit\u00e9":"En stock"},"schema":{"@context":"https:\/\/schema.org","@graph":[{"@type":"WebPage","@id":"https:\/\/iberoid-shop.com\/fr\/product\/pack3t-bol-turinabol-mp-pharm\/","url":"https:\/\/iberoid-shop.com\/fr\/product\/pack3t-bol-turinabol-mp-pharm\/","name":"pack3 T-BOL \/ Turinabol - (Espa\u00f1ol) Esteroides en l\u00ednea","isPartOf":{"@id":"https:\/\/iberoid-shop.com\/fr\/#website"},"primaryImageOfPage":{"@id":"https:\/\/iberoid-shop.com\/fr\/product\/pack3t-bol-turinabol-mp-pharm\/#primaryimage"},"image":{"@id":"https:\/\/iberoid-shop.com\/fr\/product\/pack3t-bol-turinabol-mp-pharm\/#primaryimage"},"thumbnailUrl":"https:\/\/iberoid-shop.com\/wp-content\/uploads\/2025\/07\/3tbol-scaled.jpeg?v=1752427117","datePublished":"2025-07-13T17:19:09+00:00","dateModified":"2026-04-10T07:51:49+00:00","description":"TURINABOL am\u00e9liore la masse maigre, la force et la r\u00e9cup\u00e9ration avec des effets secondaires l\u00e9gers, id\u00e9al pour des gains de qualit\u00e9 sans r\u00e9tention d'eau.","breadcrumb":{"@id":"https:\/\/iberoid-shop.com\/fr\/product\/pack3t-bol-turinabol-mp-pharm\/#breadcrumb"},"inLanguage":"fr-FR","potentialAction":[{"@type":"ReadAction","target":[["https:\/\/iberoid-shop.com\/fr\/product\/pack3t-bol-turinabol-mp-pharm\/"]]}]},{"@type":"ImageObject","inLanguage":"fr-FR","@id":"https:\/\/iberoid-shop.com\/fr\/product\/pack3t-bol-turinabol-mp-pharm\/#primaryimage","url":"https:\/\/iberoid-shop.com\/wp-content\/uploads\/2025\/07\/3tbol-scaled.jpeg?v=1752427117","contentUrl":"https:\/\/iberoid-shop.com\/wp-content\/uploads\/2025\/07\/3tbol-scaled.jpeg?v=1752427117","width":2560,"height":2167},{"@type":"BreadcrumbList","@id":"https:\/\/iberoid-shop.com\/fr\/product\/pack3t-bol-turinabol-mp-pharm\/#breadcrumb","itemListElement":[{"@type":"ListItem","position":1,"name":"Portada","item":"https:\/\/iberoid-shop.com\/fr\/"},{"@type":"ListItem","position":2,"name":"Magasin","item":"https:\/\/iberoid-shop.com\/fr\/shop\/"},{"@type":"ListItem","position":3,"name":"pack3 T-BOL \/ Turinabol"}]},{"@type":"WebSite","@id":"https:\/\/iberoid-shop.com\/fr\/#website","url":"https:\/\/iberoid-shop.com\/fr\/","name":"(Espa\u00f1ol) Esteroides en l\u00ednea","description":"(Espa\u00f1ol) Comprar esteroides en l\u00ednea hoy en Espa\u00f1a y Portugal. Tenemos el mejor servicio al cliente en la industria y los productos de la m\u00e1s alta calidad","potentialAction":[{"@type":"SearchAction","target":{"@type":"EntryPoint","urlTemplate":"https:\/\/iberoid-shop.com\/fr\/?s={search_term_string}"},"query-input":{"@type":"PropertyValueSpecification","valueRequired":true,"valueName":"search_term_string"}}],"inLanguage":"fr-FR"}]},"product_brand":"Mp-Pharm","product_price_amount":"45.00","product_price_currency":"EUR","og_availability":"instock","product_availability":"instock","product_condition":"new"},"_links":{"self":[{"href":"https:\/\/iberoid-shop.com\/fr\/wp-json\/wp\/v2\/product\/10228","targetHints":{"allow":["GET"]}}],"collection":[{"href":"https:\/\/iberoid-shop.com\/fr\/wp-json\/wp\/v2\/product"}],"about":[{"href":"https:\/\/iberoid-shop.com\/fr\/wp-json\/wp\/v2\/types\/product"}],"replies":[{"embeddable":true,"href":"https:\/\/iberoid-shop.com\/fr\/wp-json\/wp\/v2\/comments?post=10228"}],"wp:featuredmedia":[{"embeddable":true,"href":"https:\/\/iberoid-shop.com\/fr\/wp-json\/wp\/v2\/media\/10229"}],"wp:attachment":[{"href":"https:\/\/iberoid-shop.com\/fr\/wp-json\/wp\/v2\/media?parent=10228"}],"wp:term":[{"taxonomy":"product_brand","embeddable":true,"href":"https:\/\/iberoid-shop.com\/fr\/wp-json\/wp\/v2\/product_brand?post=10228"},{"taxonomy":"product_cat","embeddable":true,"href":"https:\/\/iberoid-shop.com\/fr\/wp-json\/wp\/v2\/product_cat?post=10228"},{"taxonomy":"product_tag","embeddable":true,"href":"https:\/\/iberoid-shop.com\/fr\/wp-json\/wp\/v2\/product_tag?post=10228"}],"curies":[{"name":"wp","href":"https:\/\/api.w.org\/{rel}","templated":true}]}}