{"id":10223,"date":"2025-07-13T17:09:04","date_gmt":"2025-07-13T17:09:04","guid":{"rendered":"https:\/\/iberoid-shop.com\/?post_type=product&#038;p=10223"},"modified":"2026-03-19T12:49:55","modified_gmt":"2026-03-19T12:49:55","slug":"primobol-forte-primobolan125mg-ml","status":"publish","type":"product","link":"https:\/\/iberoid-shop.com\/fr\/product\/primobol-forte-primobolan125mg-ml\/","title":{"rendered":"PRIMOBOL FORTE \/ Primobolan 125mg\/ml"},"content":{"rendered":"<p><\/p>\n<p data-start=\"51\" data-end=\"269\">Il s&rsquo;agit d&rsquo;une version modifi\u00e9e du <strong data-start=\"87\" data-end=\"103\">PRIMOBOL 100<\/strong>. Gr\u00e2ce \u00e0 l&rsquo;utilisation de technologies de synth\u00e8se pharmaceutique de haute puret\u00e9, nous avons r\u00e9ussi \u00e0 cr\u00e9er un produit deux fois plus concentr\u00e9 que le Primobol 100.<\/p>\n<p data-start=\"271\" data-end=\"619\"><strong data-start=\"271\" data-end=\"290\">AVERTISSEMENT :<\/strong> si vous utilisez un produit hautement concentr\u00e9 pour la premi\u00e8re fois, nous vous recommandons fortement d\u2019injecter seulement <strong data-start=\"416\" data-end=\"424\">\u00bd ml<\/strong> afin de v\u00e9rifier la r\u00e9action de votre corps et d\u2019\u00e9viter d\u2019\u00e9ventuels effets secondaires, qui peuvent inclure une douleur post-injection (PIP), une temp\u00e9rature corporelle \u00e9lev\u00e9e, des nodules, etc.<\/p>\n<p data-start=\"621\" data-end=\"1222\">La m\u00e9th\u00e9nolone (\u00e9galement connue sous le nom de primobolan) a \u00e9t\u00e9 d\u00e9crite en 1960. La soci\u00e9t\u00e9 Squibb a commenc\u00e9 \u00e0 produire la version injectable en 1962. La m\u00e9th\u00e9nolone \u00e9tait initialement prescrite en cas de perte musculaire apr\u00e8s des op\u00e9rations, des infections, des maladies prolong\u00e9es, des th\u00e9rapies agressives aux cortico\u00efdes ou en cas de malnutrition ; dans certains cas, elle \u00e9tait \u00e9galement utilis\u00e9e pour traiter l&rsquo;ost\u00e9oporose et le cancer du sein. La m\u00e9th\u00e9nolone \u00e9tait couramment utilis\u00e9e pour favoriser la prise de poids chez les nourrissons en sous-poids, sans provoquer d&rsquo;effets secondaires.<\/p>\n<p data-start=\"1224\" data-end=\"1387\">La m\u00e9th\u00e9nolone est un st\u00e9ro\u00efde anabolisant, une modification de la dihydrotestost\u00e9rone (DHT), avec une activit\u00e9 androg\u00e9nique faible et un effet anabolisant mod\u00e9r\u00e9.<\/p>\n<p data-start=\"1389\" data-end=\"1604\">Une caract\u00e9ristique notable de la m\u00e9th\u00e9nolone est sa forte affinit\u00e9 pour les r\u00e9cepteurs aux androg\u00e8nes \u2014 encore plus forte que celle de la testost\u00e9rone. Cette propri\u00e9t\u00e9 fait du primobolan un bon br\u00fbleur de graisses.<\/p>\n<p data-start=\"1606\" data-end=\"1774\">Le primobolan ne se convertit pas en \u0153stradiol ; il peut donc \u00eatre utilis\u00e9 sans risque d&rsquo;effets secondaires \u0153strog\u00e9niques (comme la gyn\u00e9comastie ou la r\u00e9tention d&rsquo;eau).<\/p>\n<p data-start=\"1776\" data-end=\"2000\">La m\u00e9th\u00e9nolone est l&rsquo;un des st\u00e9ro\u00efdes les plus s\u00fbrs sur le march\u00e9, c\u2019est pourquoi de nombreuses femmes, athl\u00e8tes \u00e2g\u00e9s et jeunes choisissent ce st\u00e9ro\u00efde pour am\u00e9liorer leur physique tout en minimisant les effets ind\u00e9sirables.<\/p>\n<p data-start=\"2002\" data-end=\"2467\" data-is-last-node=\"\" data-is-only-node=\"\">Dans l\u2019ensemble, bien que la m\u00e9th\u00e9nolone soit l\u2019un des st\u00e9ro\u00efdes anabolisants les plus s\u00fbrs disponibles, elle reste un compos\u00e9 relativement faible et n\u00e9cessite du temps pour r\u00e9v\u00e9ler son plein potentiel. Les r\u00e9sultats du primobolan seront visibles si le produit est utilis\u00e9 pendant au moins 10 semaines et en combinaison avec d&rsquo;autres st\u00e9ro\u00efdes. Le primobolan est particuli\u00e8rement adapt\u00e9 aux cycles de s\u00e8che, lorsque la prise de masse n\u2019est pas l\u2019objectif principal.<\/p>\n<p><\/p>","protected":false},"excerpt":{"rendered":"<p>Il s&rsquo;agit d&rsquo;une version modifi\u00e9e du PRIMOBOL 100. Gr\u00e2ce \u00e0 l&rsquo;utilisation de technologies de synth\u00e8se pharmaceutique de haute puret\u00e9, nous<\/p>\n","protected":false},"featured_media":10225,"comment_status":"open","ping_status":"closed","template":"","meta":[],"product_brand":[3526],"product_cat":[69,3533],"product_tag":[],"class_list":{"0":"post-10223","1":"product","2":"type-product","3":"status-publish","4":"has-post-thumbnail","6":"product_brand-pharmabol","7":"product_cat-esteroides_inyectables","8":"product_cat-sales-rebajas","10":"first","11":"instock","12":"sale","13":"shipping-taxable","14":"purchasable","15":"product-type-simple"},"yoast_head":"<!-- This site is optimized with the Yoast SEO Premium plugin v24.4 (Yoast SEO v27.0) - https:\/\/yoast.com\/product\/yoast-seo-premium-wordpress\/ -->\n<title>PRIMOBOL FORTE \/ Primobolan 125mg\/ml - (Espa\u00f1ol) Esteroides en l\u00ednea<\/title>\n<meta name=\"description\" content=\"Le Primobolan 200 est un st\u00e9ro\u00efde anabolisant s\u00fbr et tr\u00e8s concentr\u00e9 qui aide \u00e0 la perte de graisse et \u00e0 la pr\u00e9servation musculaire sans effets secondaires \u0153strog\u00e9niques.\" \/>\n<meta name=\"robots\" content=\"index, follow, max-snippet:-1, max-image-preview:large, max-video-preview:-1\" \/>\n<link rel=\"canonical\" href=\"https:\/\/iberoid-shop.com\/fr\/product\/primobol-forte-primobolan125mg-ml\/\" \/>\n<meta property=\"og:locale\" content=\"fr_FR\" \/>\n<meta property=\"og:type\" content=\"article\" \/>\n<meta property=\"og:title\" content=\"PRIMOBOL FORTE \/ Primobolan 125mg\/ml\" \/>\n<meta property=\"og:description\" content=\"Le Primobolan 200 est un st\u00e9ro\u00efde anabolisant s\u00fbr et tr\u00e8s concentr\u00e9 qui aide \u00e0 la perte de graisse et \u00e0 la pr\u00e9servation musculaire sans effets secondaires \u0153strog\u00e9niques.\" \/>\n<meta property=\"og:url\" content=\"https:\/\/iberoid-shop.com\/fr\/product\/primobol-forte-primobolan125mg-ml\/\" \/>\n<meta property=\"og:site_name\" content=\"(Espa\u00f1ol) Esteroides en l\u00ednea\" \/>\n<meta property=\"article:modified_time\" content=\"2026-03-19T12:49:55+00:00\" \/>\n<meta property=\"og:image\" content=\"https:\/\/iberoid-shop.com\/wp-content\/uploads\/2025\/07\/primo1pb.jpeg?v=1752426506\" \/>\n\t<meta property=\"og:image:width\" content=\"972\" \/>\n\t<meta property=\"og:image:height\" content=\"627\" \/>\n\t<meta property=\"og:image:type\" content=\"image\/jpeg\" \/>\n<meta name=\"twitter:card\" content=\"summary_large_image\" \/>\n<meta name=\"twitter:label1\" content=\"Prix\" \/>\n\t<meta name=\"twitter:data1\" content=\"&euro;50.00\" \/>\n\t<meta name=\"twitter:label2\" content=\"Disponibilit\u00e9\" \/>\n\t<meta name=\"twitter:data2\" content=\"En stock\" \/>\n<script type=\"application\/ld+json\" class=\"yoast-schema-graph\">{\"@context\":\"https:\/\/schema.org\",\"@graph\":[{\"@type\":\"WebPage\",\"@id\":\"https:\/\/iberoid-shop.com\/fr\/product\/primobol-forte-primobolan125mg-ml\/\",\"url\":\"https:\/\/iberoid-shop.com\/fr\/product\/primobol-forte-primobolan125mg-ml\/\",\"name\":\"PRIMOBOL FORTE \/ Primobolan 125mg\/ml - (Espa\u00f1ol) Esteroides en l\u00ednea\",\"isPartOf\":{\"@id\":\"https:\/\/iberoid-shop.com\/fr\/#website\"},\"primaryImageOfPage\":{\"@id\":\"https:\/\/iberoid-shop.com\/fr\/product\/primobol-forte-primobolan125mg-ml\/#primaryimage\"},\"image\":{\"@id\":\"https:\/\/iberoid-shop.com\/fr\/product\/primobol-forte-primobolan125mg-ml\/#primaryimage\"},\"thumbnailUrl\":\"https:\/\/iberoid-shop.com\/wp-content\/uploads\/2025\/07\/primo1pb.jpeg?v=1752426506\",\"datePublished\":\"2025-07-13T17:09:04+00:00\",\"dateModified\":\"2026-03-19T12:49:55+00:00\",\"description\":\"Le Primobolan 200 est un st\u00e9ro\u00efde anabolisant s\u00fbr et tr\u00e8s concentr\u00e9 qui aide \u00e0 la perte de graisse et \u00e0 la pr\u00e9servation musculaire sans effets secondaires \u0153strog\u00e9niques.\",\"breadcrumb\":{\"@id\":\"https:\/\/iberoid-shop.com\/fr\/product\/primobol-forte-primobolan125mg-ml\/#breadcrumb\"},\"inLanguage\":\"fr-FR\",\"potentialAction\":[{\"@type\":\"ReadAction\",\"target\":[[\"https:\/\/iberoid-shop.com\/fr\/product\/primobol-forte-primobolan125mg-ml\/\"]]}]},{\"@type\":\"ImageObject\",\"inLanguage\":\"fr-FR\",\"@id\":\"https:\/\/iberoid-shop.com\/fr\/product\/primobol-forte-primobolan125mg-ml\/#primaryimage\",\"url\":\"https:\/\/iberoid-shop.com\/wp-content\/uploads\/2025\/07\/primo1pb.jpeg?v=1752426506\",\"contentUrl\":\"https:\/\/iberoid-shop.com\/wp-content\/uploads\/2025\/07\/primo1pb.jpeg?v=1752426506\",\"width\":972,\"height\":627},{\"@type\":\"BreadcrumbList\",\"@id\":\"https:\/\/iberoid-shop.com\/fr\/product\/primobol-forte-primobolan125mg-ml\/#breadcrumb\",\"itemListElement\":[{\"@type\":\"ListItem\",\"position\":1,\"name\":\"Portada\",\"item\":\"https:\/\/iberoid-shop.com\/fr\/\"},{\"@type\":\"ListItem\",\"position\":2,\"name\":\"Magasin\",\"item\":\"https:\/\/iberoid-shop.com\/fr\/shop\/\"},{\"@type\":\"ListItem\",\"position\":3,\"name\":\"PRIMOBOL FORTE \/ Primobolan 125mg\/ml\"}]},{\"@type\":\"WebSite\",\"@id\":\"https:\/\/iberoid-shop.com\/fr\/#website\",\"url\":\"https:\/\/iberoid-shop.com\/fr\/\",\"name\":\"(Espa\u00f1ol) Esteroides en l\u00ednea\",\"description\":\"(Espa\u00f1ol) Comprar esteroides en l\u00ednea hoy en Espa\u00f1a y Portugal. Tenemos el mejor servicio al cliente en la industria y los productos de la m\u00e1s alta calidad\",\"potentialAction\":[{\"@type\":\"SearchAction\",\"target\":{\"@type\":\"EntryPoint\",\"urlTemplate\":\"https:\/\/iberoid-shop.com\/fr\/?s={search_term_string}\"},\"query-input\":{\"@type\":\"PropertyValueSpecification\",\"valueRequired\":true,\"valueName\":\"search_term_string\"}}],\"inLanguage\":\"fr-FR\"}]}<\/script>\n<meta property=\"product:brand\" content=\"Pharmabol\" \/>\n<meta property=\"product:price:amount\" content=\"50.00\" \/>\n<meta property=\"product:price:currency\" content=\"EUR\" \/>\n<meta property=\"og:availability\" content=\"instock\" \/>\n<meta property=\"product:availability\" content=\"instock\" \/>\n<meta property=\"product:condition\" content=\"new\" \/>\n<!-- \/ Yoast SEO Premium plugin. -->","yoast_head_json":{"title":"PRIMOBOL FORTE \/ Primobolan 125mg\/ml - (Espa\u00f1ol) Esteroides en l\u00ednea","description":"Le Primobolan 200 est un st\u00e9ro\u00efde anabolisant s\u00fbr et tr\u00e8s concentr\u00e9 qui aide \u00e0 la perte de graisse et \u00e0 la pr\u00e9servation musculaire sans effets secondaires \u0153strog\u00e9niques.","robots":{"index":"index","follow":"follow","max-snippet":"max-snippet:-1","max-image-preview":"max-image-preview:large","max-video-preview":"max-video-preview:-1"},"canonical":"https:\/\/iberoid-shop.com\/fr\/product\/primobol-forte-primobolan125mg-ml\/","og_locale":"fr_FR","og_type":"article","og_title":"PRIMOBOL FORTE \/ Primobolan 125mg\/ml","og_description":"Le Primobolan 200 est un st\u00e9ro\u00efde anabolisant s\u00fbr et tr\u00e8s concentr\u00e9 qui aide \u00e0 la perte de graisse et \u00e0 la pr\u00e9servation musculaire sans effets secondaires \u0153strog\u00e9niques.","og_url":"https:\/\/iberoid-shop.com\/fr\/product\/primobol-forte-primobolan125mg-ml\/","og_site_name":"(Espa\u00f1ol) Esteroides en l\u00ednea","article_modified_time":"2026-03-19T12:49:55+00:00","og_image":[{"width":972,"height":627,"url":"https:\/\/iberoid-shop.com\/wp-content\/uploads\/2025\/07\/primo1pb.jpeg?v=1752426506","type":"image\/jpeg"}],"twitter_card":"summary_large_image","twitter_misc":{"Prix":"&euro;50.00","Disponibilit\u00e9":"En stock"},"schema":{"@context":"https:\/\/schema.org","@graph":[{"@type":"WebPage","@id":"https:\/\/iberoid-shop.com\/fr\/product\/primobol-forte-primobolan125mg-ml\/","url":"https:\/\/iberoid-shop.com\/fr\/product\/primobol-forte-primobolan125mg-ml\/","name":"PRIMOBOL FORTE \/ Primobolan 125mg\/ml - (Espa\u00f1ol) Esteroides en l\u00ednea","isPartOf":{"@id":"https:\/\/iberoid-shop.com\/fr\/#website"},"primaryImageOfPage":{"@id":"https:\/\/iberoid-shop.com\/fr\/product\/primobol-forte-primobolan125mg-ml\/#primaryimage"},"image":{"@id":"https:\/\/iberoid-shop.com\/fr\/product\/primobol-forte-primobolan125mg-ml\/#primaryimage"},"thumbnailUrl":"https:\/\/iberoid-shop.com\/wp-content\/uploads\/2025\/07\/primo1pb.jpeg?v=1752426506","datePublished":"2025-07-13T17:09:04+00:00","dateModified":"2026-03-19T12:49:55+00:00","description":"Le Primobolan 200 est un st\u00e9ro\u00efde anabolisant s\u00fbr et tr\u00e8s concentr\u00e9 qui aide \u00e0 la perte de graisse et \u00e0 la pr\u00e9servation musculaire sans effets secondaires \u0153strog\u00e9niques.","breadcrumb":{"@id":"https:\/\/iberoid-shop.com\/fr\/product\/primobol-forte-primobolan125mg-ml\/#breadcrumb"},"inLanguage":"fr-FR","potentialAction":[{"@type":"ReadAction","target":[["https:\/\/iberoid-shop.com\/fr\/product\/primobol-forte-primobolan125mg-ml\/"]]}]},{"@type":"ImageObject","inLanguage":"fr-FR","@id":"https:\/\/iberoid-shop.com\/fr\/product\/primobol-forte-primobolan125mg-ml\/#primaryimage","url":"https:\/\/iberoid-shop.com\/wp-content\/uploads\/2025\/07\/primo1pb.jpeg?v=1752426506","contentUrl":"https:\/\/iberoid-shop.com\/wp-content\/uploads\/2025\/07\/primo1pb.jpeg?v=1752426506","width":972,"height":627},{"@type":"BreadcrumbList","@id":"https:\/\/iberoid-shop.com\/fr\/product\/primobol-forte-primobolan125mg-ml\/#breadcrumb","itemListElement":[{"@type":"ListItem","position":1,"name":"Portada","item":"https:\/\/iberoid-shop.com\/fr\/"},{"@type":"ListItem","position":2,"name":"Magasin","item":"https:\/\/iberoid-shop.com\/fr\/shop\/"},{"@type":"ListItem","position":3,"name":"PRIMOBOL FORTE \/ Primobolan 125mg\/ml"}]},{"@type":"WebSite","@id":"https:\/\/iberoid-shop.com\/fr\/#website","url":"https:\/\/iberoid-shop.com\/fr\/","name":"(Espa\u00f1ol) Esteroides en l\u00ednea","description":"(Espa\u00f1ol) Comprar esteroides en l\u00ednea hoy en Espa\u00f1a y Portugal. Tenemos el mejor servicio al cliente en la industria y los productos de la m\u00e1s alta calidad","potentialAction":[{"@type":"SearchAction","target":{"@type":"EntryPoint","urlTemplate":"https:\/\/iberoid-shop.com\/fr\/?s={search_term_string}"},"query-input":{"@type":"PropertyValueSpecification","valueRequired":true,"valueName":"search_term_string"}}],"inLanguage":"fr-FR"}]},"product_brand":"Pharmabol","product_price_amount":"50.00","product_price_currency":"EUR","og_availability":"instock","product_availability":"instock","product_condition":"new"},"_links":{"self":[{"href":"https:\/\/iberoid-shop.com\/fr\/wp-json\/wp\/v2\/product\/10223","targetHints":{"allow":["GET"]}}],"collection":[{"href":"https:\/\/iberoid-shop.com\/fr\/wp-json\/wp\/v2\/product"}],"about":[{"href":"https:\/\/iberoid-shop.com\/fr\/wp-json\/wp\/v2\/types\/product"}],"replies":[{"embeddable":true,"href":"https:\/\/iberoid-shop.com\/fr\/wp-json\/wp\/v2\/comments?post=10223"}],"wp:featuredmedia":[{"embeddable":true,"href":"https:\/\/iberoid-shop.com\/fr\/wp-json\/wp\/v2\/media\/10225"}],"wp:attachment":[{"href":"https:\/\/iberoid-shop.com\/fr\/wp-json\/wp\/v2\/media?parent=10223"}],"wp:term":[{"taxonomy":"product_brand","embeddable":true,"href":"https:\/\/iberoid-shop.com\/fr\/wp-json\/wp\/v2\/product_brand?post=10223"},{"taxonomy":"product_cat","embeddable":true,"href":"https:\/\/iberoid-shop.com\/fr\/wp-json\/wp\/v2\/product_cat?post=10223"},{"taxonomy":"product_tag","embeddable":true,"href":"https:\/\/iberoid-shop.com\/fr\/wp-json\/wp\/v2\/product_tag?post=10223"}],"curies":[{"name":"wp","href":"https:\/\/api.w.org\/{rel}","templated":true}]}}