{"id":10124,"date":"2025-05-24T08:07:34","date_gmt":"2025-05-24T08:07:34","guid":{"rendered":"https:\/\/iberoid-shop.com\/?post_type=product&#038;p=10124"},"modified":"2026-03-22T11:32:22","modified_gmt":"2026-03-22T11:32:22","slug":"primo-gen-primobolan-methenolone-enanthate","status":"publish","type":"product","link":"https:\/\/iberoid-shop.com\/fr\/product\/primo-gen-primobolan-methenolone-enanthate\/","title":{"rendered":"PRIMO-GEN &#8211; PRIMOBOLAN \/ methenolone enanthate"},"content":{"rendered":"<p><\/p>\n<p data-sourcepos=\"3:1-3:1460\"><span class=\"citation-13 citation-end-13\">C&rsquo;est un st\u00e9ro\u00efde anabolisant \u00e0 base de Dihydrotestost\u00e9rone. Il est normalement disponible sur le march\u00e9 sous le nom de<\/span> Primobolan en comprim\u00e9s ou sous forme injectable. Ce st\u00e9ro\u00efde anabolisant est couramment utilis\u00e9 par ceux qui ont une forte susceptibilit\u00e9 aux signes \u0153strog\u00e9niques car avec ce st\u00e9ro\u00efde, aucun \u0153strog\u00e8ne n&rsquo;est produit. Les culturistes utilisent la m\u00e9t\u00e9nolone pendant la p\u00e9riode de repos pour maintenir leur corps avec <span class=\"citation-12 citation-end-12\">la m\u00eame vigueur et la m\u00eame force. Il n&rsquo;a pas de profil de prescription approuv\u00e9. De nombreux joueurs et culturistes ont \u00e9t\u00e9 test\u00e9s positifs<\/span> \u00e0 <span class=\"citation-11 citation-end-11\">ce st\u00e9ro\u00efde et p\u00e9nalis\u00e9s. De plus, il est \u00e9galement formul\u00e9 pour aider les patients souffrant de certaines formes idiopathiques d&rsquo;an\u00e9mie. Les culturistes l&rsquo;utilisent lorsqu&rsquo;ils ne sont pas fonctionnels<\/span> en ce qui concerne l&rsquo;exercice pour maintenir leur apparence physique. Il est tr\u00e8s s\u00fbr chez les femmes culturistes car les signes \u0153strog\u00e9niques ne sont pas produits par ce st\u00e9ro\u00efde anabolisant. Il est indiqu\u00e9 chez les patients dont la moelle osseuse est endommag\u00e9e et toute autre forme idiopathique d&rsquo;an\u00e9mie car il stimule l&rsquo;\u00e9rythropo\u00ef\u00e8se. Il est contre-indiqu\u00e9 chez la femme enceinte et chez <span class=\"citation-10 citation-end-10\">les hommes souffrant d&rsquo;hypertrophie prostatique et de cancer de la prostate. Il doit \u00eatre poursuivi pendant trois mois \u00e0 la dose prescrite. Il ne<\/span> faut pas l&rsquo;interrompre car les r\u00e9sultats attendus pourraient ne pas \u00eatre atteints.<\/p>\n<p data-sourcepos=\"5:1-6:369\"><strong>Effets secondaires possibles :<\/strong> Chez la femme sexuellement mature, il existe des risques d&rsquo;irr\u00e9gularit\u00e9s menstruelles. Chez les gar\u00e7ons, la pubert\u00e9 pr\u00e9coce est un effet secondaire possible. Chez les hommes adultes, il peut y avoir une spermatogen\u00e8se paresseuse. Il affecte le foie dans une certaine mesure, mais les dommages sont comparativement moindres par rapport aux autres st\u00e9ro\u00efdes anabolisants.<\/p>\n<p><\/p>","protected":false},"excerpt":{"rendered":"<p>C&rsquo;est un st\u00e9ro\u00efde anabolisant \u00e0 base de Dihydrotestost\u00e9rone. Il est normalement disponible sur le march\u00e9 sous le nom de Primobolan<\/p>\n","protected":false},"featured_media":10125,"comment_status":"open","ping_status":"closed","template":"","meta":[],"product_brand":[],"product_cat":[69,3533],"product_tag":[],"class_list":{"0":"post-10124","1":"product","2":"type-product","3":"status-publish","4":"has-post-thumbnail","6":"product_cat-esteroides_inyectables","7":"product_cat-sales-rebajas","9":"first","10":"outofstock","11":"sale","12":"shipping-taxable","13":"purchasable","14":"product-type-simple"},"yoast_head":"<!-- This site is optimized with the Yoast SEO Premium plugin v24.4 (Yoast SEO v27.0) - https:\/\/yoast.com\/product\/yoast-seo-premium-wordpress\/ -->\n<title>PRIMO-GEN - PRIMOBOLAN \/ methenolone enanthate - (Espa\u00f1ol) Esteroides en l\u00ednea<\/title>\n<meta name=\"description\" content=\"La m\u00e9t\u00e9nolone est un st\u00e9ro\u00efde anabolisant \u00e0 base de dihydrotestost\u00e9rone qui aide \u00e0 maintenir le physique, id\u00e9al pour ceux sensibles aux effets \u0153strog\u00e9niques, avec un faible impact sur le foie.\" \/>\n<meta name=\"robots\" content=\"index, follow, max-snippet:-1, max-image-preview:large, max-video-preview:-1\" \/>\n<link rel=\"canonical\" href=\"https:\/\/iberoid-shop.com\/fr\/product\/primo-gen-primobolan-methenolone-enanthate\/\" \/>\n<meta property=\"og:locale\" content=\"fr_FR\" \/>\n<meta property=\"og:type\" content=\"article\" \/>\n<meta property=\"og:title\" content=\"PRIMO-GEN - PRIMOBOLAN \/ methenolone enanthate\" \/>\n<meta property=\"og:description\" content=\"La m\u00e9t\u00e9nolone est un st\u00e9ro\u00efde anabolisant \u00e0 base de dihydrotestost\u00e9rone qui aide \u00e0 maintenir le physique, id\u00e9al pour ceux sensibles aux effets \u0153strog\u00e9niques, avec un faible impact sur le foie.\" \/>\n<meta property=\"og:url\" content=\"https:\/\/iberoid-shop.com\/fr\/product\/primo-gen-primobolan-methenolone-enanthate\/\" \/>\n<meta property=\"og:site_name\" content=\"(Espa\u00f1ol) Esteroides en l\u00ednea\" \/>\n<meta property=\"article:modified_time\" content=\"2026-03-22T11:32:22+00:00\" \/>\n<meta property=\"og:image\" content=\"https:\/\/iberoid-shop.com\/wp-content\/uploads\/2025\/05\/prmgn-scaled.jpeg?v=1748073830\" \/>\n\t<meta property=\"og:image:width\" content=\"1685\" \/>\n\t<meta property=\"og:image:height\" content=\"2560\" \/>\n\t<meta property=\"og:image:type\" content=\"image\/jpeg\" \/>\n<meta name=\"twitter:card\" content=\"summary_large_image\" \/>\n<meta name=\"twitter:label1\" content=\"Prix\" \/>\n\t<meta name=\"twitter:data1\" content=\"&euro;40.00\" \/>\n\t<meta name=\"twitter:label2\" content=\"Disponibilit\u00e9\" \/>\n\t<meta name=\"twitter:data2\" content=\"Rupture de stock\" \/>\n<script type=\"application\/ld+json\" class=\"yoast-schema-graph\">{\"@context\":\"https:\/\/schema.org\",\"@graph\":[{\"@type\":\"WebPage\",\"@id\":\"https:\/\/iberoid-shop.com\/fr\/product\/primo-gen-primobolan-methenolone-enanthate\/\",\"url\":\"https:\/\/iberoid-shop.com\/fr\/product\/primo-gen-primobolan-methenolone-enanthate\/\",\"name\":\"PRIMO-GEN - PRIMOBOLAN \/ methenolone enanthate - (Espa\u00f1ol) Esteroides en l\u00ednea\",\"isPartOf\":{\"@id\":\"https:\/\/iberoid-shop.com\/fr\/#website\"},\"primaryImageOfPage\":{\"@id\":\"https:\/\/iberoid-shop.com\/fr\/product\/primo-gen-primobolan-methenolone-enanthate\/#primaryimage\"},\"image\":{\"@id\":\"https:\/\/iberoid-shop.com\/fr\/product\/primo-gen-primobolan-methenolone-enanthate\/#primaryimage\"},\"thumbnailUrl\":\"https:\/\/iberoid-shop.com\/wp-content\/uploads\/2025\/05\/prmgn-scaled.jpeg?v=1748073830\",\"datePublished\":\"2025-05-24T08:07:34+00:00\",\"dateModified\":\"2026-03-22T11:32:22+00:00\",\"description\":\"La m\u00e9t\u00e9nolone est un st\u00e9ro\u00efde anabolisant \u00e0 base de dihydrotestost\u00e9rone qui aide \u00e0 maintenir le physique, id\u00e9al pour ceux sensibles aux effets \u0153strog\u00e9niques, avec un faible impact sur le foie.\",\"breadcrumb\":{\"@id\":\"https:\/\/iberoid-shop.com\/fr\/product\/primo-gen-primobolan-methenolone-enanthate\/#breadcrumb\"},\"inLanguage\":\"fr-FR\",\"potentialAction\":[{\"@type\":\"ReadAction\",\"target\":[[\"https:\/\/iberoid-shop.com\/fr\/product\/primo-gen-primobolan-methenolone-enanthate\/\"]]}]},{\"@type\":\"ImageObject\",\"inLanguage\":\"fr-FR\",\"@id\":\"https:\/\/iberoid-shop.com\/fr\/product\/primo-gen-primobolan-methenolone-enanthate\/#primaryimage\",\"url\":\"https:\/\/iberoid-shop.com\/wp-content\/uploads\/2025\/05\/prmgn-scaled.jpeg?v=1748073830\",\"contentUrl\":\"https:\/\/iberoid-shop.com\/wp-content\/uploads\/2025\/05\/prmgn-scaled.jpeg?v=1748073830\",\"width\":1685,\"height\":2560},{\"@type\":\"BreadcrumbList\",\"@id\":\"https:\/\/iberoid-shop.com\/fr\/product\/primo-gen-primobolan-methenolone-enanthate\/#breadcrumb\",\"itemListElement\":[{\"@type\":\"ListItem\",\"position\":1,\"name\":\"Portada\",\"item\":\"https:\/\/iberoid-shop.com\/fr\/\"},{\"@type\":\"ListItem\",\"position\":2,\"name\":\"Magasin\",\"item\":\"https:\/\/iberoid-shop.com\/fr\/shop\/\"},{\"@type\":\"ListItem\",\"position\":3,\"name\":\"PRIMO-GEN &#8211; PRIMOBOLAN \/ methenolone enanthate\"}]},{\"@type\":\"WebSite\",\"@id\":\"https:\/\/iberoid-shop.com\/fr\/#website\",\"url\":\"https:\/\/iberoid-shop.com\/fr\/\",\"name\":\"(Espa\u00f1ol) Esteroides en l\u00ednea\",\"description\":\"(Espa\u00f1ol) Comprar esteroides en l\u00ednea hoy en Espa\u00f1a y Portugal. Tenemos el mejor servicio al cliente en la industria y los productos de la m\u00e1s alta calidad\",\"potentialAction\":[{\"@type\":\"SearchAction\",\"target\":{\"@type\":\"EntryPoint\",\"urlTemplate\":\"https:\/\/iberoid-shop.com\/fr\/?s={search_term_string}\"},\"query-input\":{\"@type\":\"PropertyValueSpecification\",\"valueRequired\":true,\"valueName\":\"search_term_string\"}}],\"inLanguage\":\"fr-FR\"}]}<\/script>\n<meta property=\"product:brand\" content=\"Golden Dragon\" \/>\n<meta property=\"product:price:amount\" content=\"40.00\" \/>\n<meta property=\"product:price:currency\" content=\"EUR\" \/>\n<meta property=\"og:availability\" content=\"out of stock\" \/>\n<meta property=\"product:availability\" content=\"out of stock\" \/>\n<meta property=\"product:condition\" content=\"new\" \/>\n<!-- \/ Yoast SEO Premium plugin. -->","yoast_head_json":{"title":"PRIMO-GEN - PRIMOBOLAN \/ methenolone enanthate - (Espa\u00f1ol) Esteroides en l\u00ednea","description":"La m\u00e9t\u00e9nolone est un st\u00e9ro\u00efde anabolisant \u00e0 base de dihydrotestost\u00e9rone qui aide \u00e0 maintenir le physique, id\u00e9al pour ceux sensibles aux effets \u0153strog\u00e9niques, avec un faible impact sur le foie.","robots":{"index":"index","follow":"follow","max-snippet":"max-snippet:-1","max-image-preview":"max-image-preview:large","max-video-preview":"max-video-preview:-1"},"canonical":"https:\/\/iberoid-shop.com\/fr\/product\/primo-gen-primobolan-methenolone-enanthate\/","og_locale":"fr_FR","og_type":"article","og_title":"PRIMO-GEN - PRIMOBOLAN \/ methenolone enanthate","og_description":"La m\u00e9t\u00e9nolone est un st\u00e9ro\u00efde anabolisant \u00e0 base de dihydrotestost\u00e9rone qui aide \u00e0 maintenir le physique, id\u00e9al pour ceux sensibles aux effets \u0153strog\u00e9niques, avec un faible impact sur le foie.","og_url":"https:\/\/iberoid-shop.com\/fr\/product\/primo-gen-primobolan-methenolone-enanthate\/","og_site_name":"(Espa\u00f1ol) Esteroides en l\u00ednea","article_modified_time":"2026-03-22T11:32:22+00:00","og_image":[{"width":1685,"height":2560,"url":"https:\/\/iberoid-shop.com\/wp-content\/uploads\/2025\/05\/prmgn-scaled.jpeg?v=1748073830","type":"image\/jpeg"}],"twitter_card":"summary_large_image","twitter_misc":{"Prix":"&euro;40.00","Disponibilit\u00e9":"Rupture de stock"},"schema":{"@context":"https:\/\/schema.org","@graph":[{"@type":"WebPage","@id":"https:\/\/iberoid-shop.com\/fr\/product\/primo-gen-primobolan-methenolone-enanthate\/","url":"https:\/\/iberoid-shop.com\/fr\/product\/primo-gen-primobolan-methenolone-enanthate\/","name":"PRIMO-GEN - PRIMOBOLAN \/ methenolone enanthate - (Espa\u00f1ol) Esteroides en l\u00ednea","isPartOf":{"@id":"https:\/\/iberoid-shop.com\/fr\/#website"},"primaryImageOfPage":{"@id":"https:\/\/iberoid-shop.com\/fr\/product\/primo-gen-primobolan-methenolone-enanthate\/#primaryimage"},"image":{"@id":"https:\/\/iberoid-shop.com\/fr\/product\/primo-gen-primobolan-methenolone-enanthate\/#primaryimage"},"thumbnailUrl":"https:\/\/iberoid-shop.com\/wp-content\/uploads\/2025\/05\/prmgn-scaled.jpeg?v=1748073830","datePublished":"2025-05-24T08:07:34+00:00","dateModified":"2026-03-22T11:32:22+00:00","description":"La m\u00e9t\u00e9nolone est un st\u00e9ro\u00efde anabolisant \u00e0 base de dihydrotestost\u00e9rone qui aide \u00e0 maintenir le physique, id\u00e9al pour ceux sensibles aux effets \u0153strog\u00e9niques, avec un faible impact sur le foie.","breadcrumb":{"@id":"https:\/\/iberoid-shop.com\/fr\/product\/primo-gen-primobolan-methenolone-enanthate\/#breadcrumb"},"inLanguage":"fr-FR","potentialAction":[{"@type":"ReadAction","target":[["https:\/\/iberoid-shop.com\/fr\/product\/primo-gen-primobolan-methenolone-enanthate\/"]]}]},{"@type":"ImageObject","inLanguage":"fr-FR","@id":"https:\/\/iberoid-shop.com\/fr\/product\/primo-gen-primobolan-methenolone-enanthate\/#primaryimage","url":"https:\/\/iberoid-shop.com\/wp-content\/uploads\/2025\/05\/prmgn-scaled.jpeg?v=1748073830","contentUrl":"https:\/\/iberoid-shop.com\/wp-content\/uploads\/2025\/05\/prmgn-scaled.jpeg?v=1748073830","width":1685,"height":2560},{"@type":"BreadcrumbList","@id":"https:\/\/iberoid-shop.com\/fr\/product\/primo-gen-primobolan-methenolone-enanthate\/#breadcrumb","itemListElement":[{"@type":"ListItem","position":1,"name":"Portada","item":"https:\/\/iberoid-shop.com\/fr\/"},{"@type":"ListItem","position":2,"name":"Magasin","item":"https:\/\/iberoid-shop.com\/fr\/shop\/"},{"@type":"ListItem","position":3,"name":"PRIMO-GEN &#8211; PRIMOBOLAN \/ methenolone enanthate"}]},{"@type":"WebSite","@id":"https:\/\/iberoid-shop.com\/fr\/#website","url":"https:\/\/iberoid-shop.com\/fr\/","name":"(Espa\u00f1ol) Esteroides en l\u00ednea","description":"(Espa\u00f1ol) Comprar esteroides en l\u00ednea hoy en Espa\u00f1a y Portugal. Tenemos el mejor servicio al cliente en la industria y los productos de la m\u00e1s alta calidad","potentialAction":[{"@type":"SearchAction","target":{"@type":"EntryPoint","urlTemplate":"https:\/\/iberoid-shop.com\/fr\/?s={search_term_string}"},"query-input":{"@type":"PropertyValueSpecification","valueRequired":true,"valueName":"search_term_string"}}],"inLanguage":"fr-FR"}]},"product_brand":"Golden Dragon","product_price_amount":"40.00","product_price_currency":"EUR","og_availability":"out of stock","product_availability":"out of stock","product_condition":"new"},"_links":{"self":[{"href":"https:\/\/iberoid-shop.com\/fr\/wp-json\/wp\/v2\/product\/10124","targetHints":{"allow":["GET"]}}],"collection":[{"href":"https:\/\/iberoid-shop.com\/fr\/wp-json\/wp\/v2\/product"}],"about":[{"href":"https:\/\/iberoid-shop.com\/fr\/wp-json\/wp\/v2\/types\/product"}],"replies":[{"embeddable":true,"href":"https:\/\/iberoid-shop.com\/fr\/wp-json\/wp\/v2\/comments?post=10124"}],"wp:featuredmedia":[{"embeddable":true,"href":"https:\/\/iberoid-shop.com\/fr\/wp-json\/wp\/v2\/media\/10125"}],"wp:attachment":[{"href":"https:\/\/iberoid-shop.com\/fr\/wp-json\/wp\/v2\/media?parent=10124"}],"wp:term":[{"taxonomy":"product_brand","embeddable":true,"href":"https:\/\/iberoid-shop.com\/fr\/wp-json\/wp\/v2\/product_brand?post=10124"},{"taxonomy":"product_cat","embeddable":true,"href":"https:\/\/iberoid-shop.com\/fr\/wp-json\/wp\/v2\/product_cat?post=10124"},{"taxonomy":"product_tag","embeddable":true,"href":"https:\/\/iberoid-shop.com\/fr\/wp-json\/wp\/v2\/product_tag?post=10124"}],"curies":[{"name":"wp","href":"https:\/\/api.w.org\/{rel}","templated":true}]}}