{"id":10118,"date":"2025-05-21T18:26:52","date_gmt":"2025-05-21T18:26:52","guid":{"rendered":"https:\/\/iberoid-shop.com\/?post_type=product&#038;p=10118"},"modified":"2025-11-12T09:18:11","modified_gmt":"2025-11-12T09:18:11","slug":"testosterone-propionate-100mg","status":"publish","type":"product","link":"https:\/\/iberoid-shop.com\/fr\/product\/testosterone-propionate-100mg\/","title":{"rendered":"Testosterone Propionate 100mg"},"content":{"rendered":"<p><\/p>\n<p data-sourcepos=\"3:1-4:56\"><strong>Emballage :<\/strong> 10 ampoules de 1 ml (100 mg\/ml) <strong>Substance active :<\/strong> Propionate de Testost\u00e9rone 100 mg<\/p>\n<p data-sourcepos=\"6:1-7:119\">Le Propionate de Testost\u00e9rone, la principale substance active, se m\u00e9tabolise en une testost\u00e9rone naturelle pure. C&rsquo;est un st\u00e9ro\u00efde anabolisant de qualit\u00e9 qui donne plus d&rsquo;endurance et d&rsquo;\u00e9nergie. Les effets ind\u00e9sirables de ce m\u00e9dicament sont assez l\u00e9gers car il est indiscernable de la m\u00eame hormone produite naturellement par notre corps. Il est utilis\u00e9 chez les hommes <span class=\"citation-17 citation-end-17\">pour remplacer la testost\u00e9rone afin de traiter divers probl\u00e8mes de sant\u00e9 caus\u00e9s par un manque de testost\u00e9rone (hypogonadisme masculin). Cela doit \u00eatre confirm\u00e9 par deux mesures distinctes de la testost\u00e9rone dans le sang et inclure \u00e9galement des sympt\u00f4mes cliniques tels que l&rsquo;impuissance, l&rsquo;infertilit\u00e9,<\/span> un faible d\u00e9sir sexuel, la fatigue, la d\u00e9pression, la perte osseuse caus\u00e9e par un faible taux de l&rsquo;hormone testost\u00e9rone. Le Propionate de Testost\u00e9rone peut \u00e9galement \u00eatre utilis\u00e9 pour contr\u00f4ler le cancer du sein chez les femmes m\u00e9nopaus\u00e9es.<\/p>\n<p data-sourcepos=\"9:1-9:24\"><strong>Contre-indications :<\/strong><\/p>\n<ul data-sourcepos=\"11:1-18:0\">\n<li data-sourcepos=\"11:1-11:84\">Allergie au propionate de testost\u00e9rone ou \u00e0 tout autre composant de ce m\u00e9dicament.<\/li>\n<li data-sourcepos=\"12:1-12:55\">Cancer de la prostate ou du sein androg\u00e9no-d\u00e9pendant.<\/li>\n<li data-sourcepos=\"13:1-13:44\">Tumeurs h\u00e9patiques \u2013 pass\u00e9es ou pr\u00e9sentes.<\/li>\n<li data-sourcepos=\"14:1-14:71\">Taux \u00e9lev\u00e9s de calcium dans le sang \u0647\u0645\u0631\u0627\u0647 avec des n\u00e9oplasmes malins.<\/li>\n<li data-sourcepos=\"15:1-15:65\">Crise cardiaque pass\u00e9e ou autres pathologies cardiaques graves.<\/li>\n<li data-sourcepos=\"16:1-16:17\">Ath\u00e9roscl\u00e9rose.<\/li>\n<li data-sourcepos=\"17:1-18:0\">Grossesse et allaitement.<\/li>\n<\/ul>\n<p data-sourcepos=\"19:1-19:35\"><strong>Posologie et effets secondaires<\/strong><\/p>\n<p data-sourcepos=\"21:1-27:227\">La dose la plus courante pour les hommes atteints d&rsquo;hypogonadisme (incapacit\u00e9 \u00e0 produire du sperme ou des hormones sexuelles) est de 50 mg de propionate de testost\u00e9rone, inject\u00e9s 2 ou 3 fois par semaine. La dose la plus courante pour les hommes pr\u00e9sentant un retard pubertaire ou des testicules non descendus est de 50 mg de propionate de testost\u00e9rone, administr\u00e9s en injection hebdomadaire. La dose la plus courante pour les femmes m\u00e9nopaus\u00e9es atteintes d&rsquo;un cancer du sein est de 100 mg de propionate de testost\u00e9rone, inject\u00e9s 2 ou 3 fois par semaine. Pour les patients plus \u00e2g\u00e9s, des doses plus faibles doivent \u00eatre prescrites. Le Propionate de Testost\u00e9rone est utilis\u00e9 uniquement en injection intramusculaire. Des pr\u00e9cautions particuli\u00e8res doivent \u00eatre prises pour \u00e9viter de l&rsquo;injecter dans un vaisseau sanguin. Si vous estimez que l&rsquo;effet du Propionate de Testost\u00e9rone est trop fort ou trop faible, parlez-en \u00e0 votre m\u00e9decin. Si vous arr\u00eatez de prendre le m\u00e9dicament, vous pourriez ressentir des sympt\u00f4mes de carence en testost\u00e9rone. Comme tous les m\u00e9dicaments, le Propionate de Testost\u00e9rone peut provoquer des effets secondaires, bien que tout le monde n&rsquo;y soit pas sujet. Les effets secondaires les plus courants sont l&rsquo;acn\u00e9 et la douleur au site d&rsquo;injection.<\/p>\n<p data-sourcepos=\"29:1-29:78\"><strong>Effets secondaires courants (pouvant affecter jusqu&rsquo;\u00e0 1 personne sur 10) :<\/strong><\/p>\n<ul data-sourcepos=\"30:1-30:463\">\n<li data-sourcepos=\"30:1-30:463\">taux anormalement \u00e9lev\u00e9s de globules rouges dans le sang ; prise de poids ; acn\u00e9 ; augmentation de l&rsquo;antig\u00e8ne prostatique sp\u00e9cifique ; augmentation de la taille de la prostate et probl\u00e8mes associ\u00e9s ; diverses r\u00e9actions au site d&rsquo;injection (par exemple, douleur, inconfort, d\u00e9mangeaisons, rougeur, ecchymose ou irritation) ; augmentation du nombre de globules rouges, h\u00e9matocrite (en pourcentage de globules rouges) d\u00e9tect\u00e9e par des analyses de sang p\u00e9riodiques.<\/li>\n<\/ul>\n<p><\/p>","protected":false},"excerpt":{"rendered":"<p>Emballage : 10 ampoules de 1 ml (100 mg\/ml) Substance active : Propionate de Testost\u00e9rone 100 mg Le Propionate de<\/p>\n","protected":false},"featured_media":10119,"comment_status":"open","ping_status":"closed","template":"","meta":[],"product_brand":[],"product_cat":[69],"product_tag":[],"class_list":{"0":"post-10118","1":"product","2":"type-product","3":"status-publish","4":"has-post-thumbnail","6":"product_cat-esteroides_inyectables","8":"first","9":"outofstock","10":"shipping-taxable","11":"purchasable","12":"product-type-simple"},"yoast_head":"<!-- This site is optimized with the Yoast SEO Premium plugin v24.4 (Yoast SEO v27.3) - https:\/\/yoast.com\/product\/yoast-seo-premium-wordpress\/ -->\n<title>Testosterone Propionate 100mg - (Espa\u00f1ol) Esteroides en l\u00ednea<\/title>\n<meta name=\"description\" content=\"Le Propionate de testost\u00e9rone est un st\u00e9ro\u00efde anabolisant qui augmente l&#039;endurance et l&#039;\u00e9nergie, traitant l&#039;hypogonadisme masculin et le cancer du sein chez les femmes avec des effets secondaires minimes.\" \/>\n<meta name=\"robots\" content=\"index, follow, max-snippet:-1, max-image-preview:large, max-video-preview:-1\" \/>\n<link rel=\"canonical\" href=\"https:\/\/iberoid-shop.com\/fr\/product\/testosterone-propionate-100mg\/\" \/>\n<meta property=\"og:locale\" content=\"fr_FR\" \/>\n<meta property=\"og:type\" content=\"article\" \/>\n<meta property=\"og:title\" content=\"Testosterone Propionate 100mg\" \/>\n<meta property=\"og:description\" content=\"Le Propionate de testost\u00e9rone est un st\u00e9ro\u00efde anabolisant qui augmente l&#039;endurance et l&#039;\u00e9nergie, traitant l&#039;hypogonadisme masculin et le cancer du sein chez les femmes avec des effets secondaires minimes.\" \/>\n<meta property=\"og:url\" content=\"https:\/\/iberoid-shop.com\/fr\/product\/testosterone-propionate-100mg\/\" \/>\n<meta property=\"og:site_name\" content=\"(Espa\u00f1ol) Esteroides en l\u00ednea\" \/>\n<meta property=\"article:modified_time\" content=\"2025-11-12T09:18:11+00:00\" \/>\n<meta property=\"og:image\" content=\"https:\/\/iberoid-shop.com\/wp-content\/uploads\/2025\/05\/TP.jpg?v=1747851997\" \/>\n\t<meta property=\"og:image:width\" content=\"2200\" \/>\n\t<meta property=\"og:image:height\" content=\"1540\" \/>\n\t<meta property=\"og:image:type\" content=\"image\/jpeg\" \/>\n<meta name=\"twitter:card\" content=\"summary_large_image\" \/>\n<meta name=\"twitter:label1\" content=\"Prix\" \/>\n\t<meta name=\"twitter:data1\" content=\"&euro;30.00\" \/>\n\t<meta name=\"twitter:label2\" content=\"Disponibilit\u00e9\" \/>\n\t<meta name=\"twitter:data2\" content=\"Rupture de stock\" \/>\n<script type=\"application\/ld+json\" class=\"yoast-schema-graph\">{\"@context\":\"https:\\\/\\\/schema.org\",\"@graph\":[{\"@type\":\"WebPage\",\"@id\":\"https:\\\/\\\/iberoid-shop.com\\\/fr\\\/product\\\/testosterone-propionate-100mg\\\/\",\"url\":\"https:\\\/\\\/iberoid-shop.com\\\/fr\\\/product\\\/testosterone-propionate-100mg\\\/\",\"name\":\"Testosterone Propionate 100mg - (Espa\u00f1ol) Esteroides en l\u00ednea\",\"isPartOf\":{\"@id\":\"https:\\\/\\\/iberoid-shop.com\\\/fr\\\/#website\"},\"primaryImageOfPage\":{\"@id\":\"https:\\\/\\\/iberoid-shop.com\\\/fr\\\/product\\\/testosterone-propionate-100mg\\\/#primaryimage\"},\"image\":{\"@id\":\"https:\\\/\\\/iberoid-shop.com\\\/fr\\\/product\\\/testosterone-propionate-100mg\\\/#primaryimage\"},\"thumbnailUrl\":\"https:\\\/\\\/iberoid-shop.com\\\/wp-content\\\/uploads\\\/2025\\\/05\\\/TP.jpg?v=1747851997\",\"datePublished\":\"2025-05-21T18:26:52+00:00\",\"dateModified\":\"2025-11-12T09:18:11+00:00\",\"description\":\"Le Propionate de testost\u00e9rone est un st\u00e9ro\u00efde anabolisant qui augmente l'endurance et l'\u00e9nergie, traitant l'hypogonadisme masculin et le cancer du sein chez les femmes avec des effets secondaires minimes.\",\"breadcrumb\":{\"@id\":\"https:\\\/\\\/iberoid-shop.com\\\/fr\\\/product\\\/testosterone-propionate-100mg\\\/#breadcrumb\"},\"inLanguage\":\"fr-FR\",\"potentialAction\":[{\"@type\":\"ReadAction\",\"target\":[[\"https:\\\/\\\/iberoid-shop.com\\\/fr\\\/product\\\/testosterone-propionate-100mg\\\/\"]]}]},{\"@type\":\"ImageObject\",\"inLanguage\":\"fr-FR\",\"@id\":\"https:\\\/\\\/iberoid-shop.com\\\/fr\\\/product\\\/testosterone-propionate-100mg\\\/#primaryimage\",\"url\":\"https:\\\/\\\/iberoid-shop.com\\\/wp-content\\\/uploads\\\/2025\\\/05\\\/TP.jpg?v=1747851997\",\"contentUrl\":\"https:\\\/\\\/iberoid-shop.com\\\/wp-content\\\/uploads\\\/2025\\\/05\\\/TP.jpg?v=1747851997\",\"width\":2200,\"height\":1540},{\"@type\":\"BreadcrumbList\",\"@id\":\"https:\\\/\\\/iberoid-shop.com\\\/fr\\\/product\\\/testosterone-propionate-100mg\\\/#breadcrumb\",\"itemListElement\":[{\"@type\":\"ListItem\",\"position\":1,\"name\":\"Portada\",\"item\":\"https:\\\/\\\/iberoid-shop.com\\\/fr\\\/\"},{\"@type\":\"ListItem\",\"position\":2,\"name\":\"Magasin\",\"item\":\"https:\\\/\\\/iberoid-shop.com\\\/fr\\\/shop\\\/\"},{\"@type\":\"ListItem\",\"position\":3,\"name\":\"Testosterone Propionate 100mg\"}]},{\"@type\":\"WebSite\",\"@id\":\"https:\\\/\\\/iberoid-shop.com\\\/fr\\\/#website\",\"url\":\"https:\\\/\\\/iberoid-shop.com\\\/fr\\\/\",\"name\":\"(Espa\u00f1ol) Esteroides en l\u00ednea\",\"description\":\"(Espa\u00f1ol) Comprar esteroides en l\u00ednea hoy en Espa\u00f1a y Portugal. Tenemos el mejor servicio al cliente en la industria y los productos de la m\u00e1s alta calidad\",\"potentialAction\":[{\"@type\":\"SearchAction\",\"target\":{\"@type\":\"EntryPoint\",\"urlTemplate\":\"https:\\\/\\\/iberoid-shop.com\\\/fr\\\/?s={search_term_string}\"},\"query-input\":{\"@type\":\"PropertyValueSpecification\",\"valueRequired\":true,\"valueName\":\"search_term_string\"}}],\"inLanguage\":\"fr-FR\"}]}<\/script>\n<meta property=\"product:brand\" content=\"Genetic Life Science\" \/>\n<meta property=\"product:price:amount\" content=\"30.00\" \/>\n<meta property=\"product:price:currency\" content=\"EUR\" \/>\n<meta property=\"og:availability\" content=\"out of stock\" \/>\n<meta property=\"product:availability\" content=\"out of stock\" \/>\n<meta property=\"product:condition\" content=\"new\" \/>\n<!-- \/ Yoast SEO Premium plugin. -->","yoast_head_json":{"title":"Testosterone Propionate 100mg - (Espa\u00f1ol) Esteroides en l\u00ednea","description":"Le Propionate de testost\u00e9rone est un st\u00e9ro\u00efde anabolisant qui augmente l'endurance et l'\u00e9nergie, traitant l'hypogonadisme masculin et le cancer du sein chez les femmes avec des effets secondaires minimes.","robots":{"index":"index","follow":"follow","max-snippet":"max-snippet:-1","max-image-preview":"max-image-preview:large","max-video-preview":"max-video-preview:-1"},"canonical":"https:\/\/iberoid-shop.com\/fr\/product\/testosterone-propionate-100mg\/","og_locale":"fr_FR","og_type":"article","og_title":"Testosterone Propionate 100mg","og_description":"Le Propionate de testost\u00e9rone est un st\u00e9ro\u00efde anabolisant qui augmente l'endurance et l'\u00e9nergie, traitant l'hypogonadisme masculin et le cancer du sein chez les femmes avec des effets secondaires minimes.","og_url":"https:\/\/iberoid-shop.com\/fr\/product\/testosterone-propionate-100mg\/","og_site_name":"(Espa\u00f1ol) Esteroides en l\u00ednea","article_modified_time":"2025-11-12T09:18:11+00:00","og_image":[{"width":2200,"height":1540,"url":"https:\/\/iberoid-shop.com\/wp-content\/uploads\/2025\/05\/TP.jpg?v=1747851997","type":"image\/jpeg"}],"twitter_card":"summary_large_image","twitter_misc":{"Prix":"&euro;30.00","Disponibilit\u00e9":"Rupture de stock"},"schema":{"@context":"https:\/\/schema.org","@graph":[{"@type":"WebPage","@id":"https:\/\/iberoid-shop.com\/fr\/product\/testosterone-propionate-100mg\/","url":"https:\/\/iberoid-shop.com\/fr\/product\/testosterone-propionate-100mg\/","name":"Testosterone Propionate 100mg - (Espa\u00f1ol) Esteroides en l\u00ednea","isPartOf":{"@id":"https:\/\/iberoid-shop.com\/fr\/#website"},"primaryImageOfPage":{"@id":"https:\/\/iberoid-shop.com\/fr\/product\/testosterone-propionate-100mg\/#primaryimage"},"image":{"@id":"https:\/\/iberoid-shop.com\/fr\/product\/testosterone-propionate-100mg\/#primaryimage"},"thumbnailUrl":"https:\/\/iberoid-shop.com\/wp-content\/uploads\/2025\/05\/TP.jpg?v=1747851997","datePublished":"2025-05-21T18:26:52+00:00","dateModified":"2025-11-12T09:18:11+00:00","description":"Le Propionate de testost\u00e9rone est un st\u00e9ro\u00efde anabolisant qui augmente l'endurance et l'\u00e9nergie, traitant l'hypogonadisme masculin et le cancer du sein chez les femmes avec des effets secondaires minimes.","breadcrumb":{"@id":"https:\/\/iberoid-shop.com\/fr\/product\/testosterone-propionate-100mg\/#breadcrumb"},"inLanguage":"fr-FR","potentialAction":[{"@type":"ReadAction","target":[["https:\/\/iberoid-shop.com\/fr\/product\/testosterone-propionate-100mg\/"]]}]},{"@type":"ImageObject","inLanguage":"fr-FR","@id":"https:\/\/iberoid-shop.com\/fr\/product\/testosterone-propionate-100mg\/#primaryimage","url":"https:\/\/iberoid-shop.com\/wp-content\/uploads\/2025\/05\/TP.jpg?v=1747851997","contentUrl":"https:\/\/iberoid-shop.com\/wp-content\/uploads\/2025\/05\/TP.jpg?v=1747851997","width":2200,"height":1540},{"@type":"BreadcrumbList","@id":"https:\/\/iberoid-shop.com\/fr\/product\/testosterone-propionate-100mg\/#breadcrumb","itemListElement":[{"@type":"ListItem","position":1,"name":"Portada","item":"https:\/\/iberoid-shop.com\/fr\/"},{"@type":"ListItem","position":2,"name":"Magasin","item":"https:\/\/iberoid-shop.com\/fr\/shop\/"},{"@type":"ListItem","position":3,"name":"Testosterone Propionate 100mg"}]},{"@type":"WebSite","@id":"https:\/\/iberoid-shop.com\/fr\/#website","url":"https:\/\/iberoid-shop.com\/fr\/","name":"(Espa\u00f1ol) Esteroides en l\u00ednea","description":"(Espa\u00f1ol) Comprar esteroides en l\u00ednea hoy en Espa\u00f1a y Portugal. Tenemos el mejor servicio al cliente en la industria y los productos de la m\u00e1s alta calidad","potentialAction":[{"@type":"SearchAction","target":{"@type":"EntryPoint","urlTemplate":"https:\/\/iberoid-shop.com\/fr\/?s={search_term_string}"},"query-input":{"@type":"PropertyValueSpecification","valueRequired":true,"valueName":"search_term_string"}}],"inLanguage":"fr-FR"}]},"product_brand":"Genetic Life Science","product_price_amount":"30.00","product_price_currency":"EUR","og_availability":"out of stock","product_availability":"out of stock","product_condition":"new"},"_links":{"self":[{"href":"https:\/\/iberoid-shop.com\/fr\/wp-json\/wp\/v2\/product\/10118","targetHints":{"allow":["GET"]}}],"collection":[{"href":"https:\/\/iberoid-shop.com\/fr\/wp-json\/wp\/v2\/product"}],"about":[{"href":"https:\/\/iberoid-shop.com\/fr\/wp-json\/wp\/v2\/types\/product"}],"replies":[{"embeddable":true,"href":"https:\/\/iberoid-shop.com\/fr\/wp-json\/wp\/v2\/comments?post=10118"}],"wp:featuredmedia":[{"embeddable":true,"href":"https:\/\/iberoid-shop.com\/fr\/wp-json\/wp\/v2\/media\/10119"}],"wp:attachment":[{"href":"https:\/\/iberoid-shop.com\/fr\/wp-json\/wp\/v2\/media?parent=10118"}],"wp:term":[{"taxonomy":"product_brand","embeddable":true,"href":"https:\/\/iberoid-shop.com\/fr\/wp-json\/wp\/v2\/product_brand?post=10118"},{"taxonomy":"product_cat","embeddable":true,"href":"https:\/\/iberoid-shop.com\/fr\/wp-json\/wp\/v2\/product_cat?post=10118"},{"taxonomy":"product_tag","embeddable":true,"href":"https:\/\/iberoid-shop.com\/fr\/wp-json\/wp\/v2\/product_tag?post=10118"}],"curies":[{"name":"wp","href":"https:\/\/api.w.org\/{rel}","templated":true}]}}