{"id":10116,"date":"2025-05-21T18:24:10","date_gmt":"2025-05-21T18:24:10","guid":{"rendered":"https:\/\/iberoid-shop.com\/?post_type=product&#038;p=10116"},"modified":"2025-07-13T17:30:40","modified_gmt":"2025-07-13T17:30:40","slug":"trenbolone-hexahydrobenzylcarbonate-76-5mg","status":"publish","type":"product","link":"https:\/\/iberoid-shop.com\/fr\/product\/trenbolone-hexahydrobenzylcarbonate-76-5mg\/","title":{"rendered":"Trenbolone Hexahydrobenzylcarbonate 76.5mg"},"content":{"rendered":"<p><\/p>\n<p data-sourcepos=\"1:1-1:33\">Voici la traduction en fran\u00e7ais :<\/p>\n<p data-sourcepos=\"3:1-4:69\"><strong>Emballage :<\/strong> 10 ampoules de 1 ml (76.5 mg\/ml) <strong>Substance active :<\/strong> Hexahydrobenzylcarbonate de Trenbolone 76.5 mg<\/p>\n<p data-sourcepos=\"6:1-7:177\">L&rsquo;hexahydrobenzylcarbonate de trenbolone est un ester \u00e0 longue dur\u00e9e d&rsquo;action qui a une demi-vie allant jusqu&rsquo;\u00e0 10 jours. C&rsquo;est un st\u00e9ro\u00efde anabolisant avec des effets anabolisants et androg\u00e8nes significatifs. L&rsquo;effet androg\u00e8ne \u00e9lev\u00e9 pr\u00e9vient un \u00e9ventuel syndrome de d\u00e9gradation musculaire et acc\u00e9l\u00e8re la r\u00e9g\u00e9n\u00e9ration du tissu musculaire. L&rsquo;hexahydrobenzylcarbonate de trenbolone acc\u00e9l\u00e8re \u00e9galement la combustion du tissu adipeux et augmente le m\u00e9tabolisme. L&rsquo;hexahydrobenzylcarbonate de trenbolone augmente la force et la duret\u00e9 musculaires, en particulier en association avec un r\u00e9gime prot\u00e9in\u00e9. Le m\u00e9dicament n&rsquo;est pas \u0153strog\u00e9nique.<\/p>\n<p data-sourcepos=\"9:1-9:24\"><strong>Contre-indications :<\/strong><\/p>\n<ul data-sourcepos=\"11:1-18:0\">\n<li data-sourcepos=\"11:1-11:117\">Allergie ou hypersensibilit\u00e9 \u00e0 l&rsquo;hexahydrobenzylcarbonate de trenbolone ou \u00e0 tout autre composant de ce m\u00e9dicament.<\/li>\n<li data-sourcepos=\"12:1-12:26\">Dysfonctionnement r\u00e9nal.<\/li>\n<li data-sourcepos=\"13:1-13:22\">Maladies cardiaques.<\/li>\n<li data-sourcepos=\"14:1-14:17\">Cancer du sein.<\/li>\n<li data-sourcepos=\"15:1-15:42\">Cancer de la prostate ou des testicules.<\/li>\n<li data-sourcepos=\"16:1-16:20\">Maladie h\u00e9patique.<\/li>\n<li data-sourcepos=\"17:1-18:0\">\u00c9pilepsie.<\/li>\n<\/ul>\n<p data-sourcepos=\"19:1-19:35\"><strong>Posologie et effets secondaires<\/strong><\/p>\n<p data-sourcepos=\"21:1-24:108\">L&rsquo;hexahydrobenzylcarbonate de trenbolone a une dur\u00e9e de vie active de 5 \u00e0 7 jours. Ainsi, les doses de TRENHEX sont mieux administr\u00e9es 2 fois par semaine. Pour les hommes, la dose habituelle est de 153 \u00e0 306 mg par semaine. Il n&rsquo;est pas recommand\u00e9 aux femmes de prendre ce m\u00e9dicament. Comme tous les m\u00e9dicaments, l&rsquo;hexahydrobenzylcarbonate de trenbolone peut provoquer des effets secondaires :<\/p>\n<ul data-sourcepos=\"26:1-53:12\">\n<li data-sourcepos=\"26:1-26:16\">gyn\u00e9comastie ;<\/li>\n<li data-sourcepos=\"27:1-27:47\">fr\u00e9quence et dur\u00e9e excessives des \u00e9rections ;<\/li>\n<li data-sourcepos=\"28:1-28:16\">oligospermie ;<\/li>\n<li data-sourcepos=\"29:1-29:22\">calvitie masculine ;<\/li>\n<li data-sourcepos=\"30:1-30:8\">acn\u00e9 ;<\/li>\n<li data-sourcepos=\"31:1-31:14\">hirsutisme ;<\/li>\n<li data-sourcepos=\"32:1-32:71\">r\u00e9tention de sodium, de chlorure, d&rsquo;eau, de potassium et de calcium ;<\/li>\n<li data-sourcepos=\"33:1-33:11\">naus\u00e9es ;<\/li>\n<li data-sourcepos=\"34:1-34:26\">jaunisse cholestatique ;<\/li>\n<li data-sourcepos=\"35:1-35:32\">n\u00e9oplasmes h\u00e9patocellulaires ;<\/li>\n<li data-sourcepos=\"36:1-36:21\">p\u00e9liose h\u00e9patique ;<\/li>\n<li data-sourcepos=\"37:1-37:23\">ad\u00e9nomes h\u00e9patiques ;<\/li>\n<li data-sourcepos=\"38:1-38:12\">n\u00e9phrite ;<\/li>\n<li data-sourcepos=\"39:1-39:26\">h\u00e9patite cholestatique ;<\/li>\n<li data-sourcepos=\"40:1-40:50\">alt\u00e9rations des tests de la fonction h\u00e9patique ;<\/li>\n<li data-sourcepos=\"41:1-41:29\">augmentation de la libido ;<\/li>\n<li data-sourcepos=\"42:1-42:16\">maux de t\u00eate ;<\/li>\n<li data-sourcepos=\"43:1-43:11\">anxi\u00e9t\u00e9 ;<\/li>\n<li data-sourcepos=\"44:1-44:14\">d\u00e9pression ;<\/li>\n<li data-sourcepos=\"45:1-45:21\">agitation extr\u00eame ;<\/li>\n<li data-sourcepos=\"46:1-46:16\">irritabilit\u00e9 ;<\/li>\n<li data-sourcepos=\"47:1-47:26\">paresth\u00e9sie g\u00e9n\u00e9ralis\u00e9e.<\/li>\n<li data-sourcepos=\"48:1-48:32\">comportement agressif s\u00e9v\u00e8re ;<\/li>\n<li data-sourcepos=\"49:1-49:38\">modifications des lipides s\u00e9riques ;<\/li>\n<li data-sourcepos=\"50:1-50:16\">hypertension ;<\/li>\n<li data-sourcepos=\"51:1-51:17\">hypercalc\u00e9mie ;<\/li>\n<li data-sourcepos=\"52:1-52:9\">\u0153d\u00e8me ;<\/li>\n<li data-sourcepos=\"53:1-53:12\">priapisme.<\/li>\n<\/ul>\n<p><\/p>","protected":false},"excerpt":{"rendered":"<p>Voici la traduction en fran\u00e7ais : Emballage : 10 ampoules de 1 ml (76.5 mg\/ml) Substance active : Hexahydrobenzylcarbonate de<\/p>\n","protected":false},"featured_media":10117,"comment_status":"open","ping_status":"closed","template":"","meta":[],"product_brand":[],"product_cat":[69],"product_tag":[],"class_list":{"0":"post-10116","1":"product","2":"type-product","3":"status-publish","4":"has-post-thumbnail","6":"product_cat-esteroides_inyectables","8":"first","9":"outofstock","10":"shipping-taxable","11":"purchasable","12":"product-type-simple"},"yoast_head":"<!-- This site is optimized with the Yoast SEO Premium plugin v24.4 (Yoast SEO v27.0) - https:\/\/yoast.com\/product\/yoast-seo-premium-wordpress\/ -->\n<title>Trenbolone Hexahydrobenzylcarbonate 76.5mg - (Espa\u00f1ol) Esteroides en l\u00ednea<\/title>\n<meta name=\"robots\" content=\"index, follow, max-snippet:-1, max-image-preview:large, max-video-preview:-1\" \/>\n<link rel=\"canonical\" href=\"https:\/\/iberoid-shop.com\/fr\/product\/trenbolone-hexahydrobenzylcarbonate-76-5mg\/\" \/>\n<meta property=\"og:locale\" content=\"fr_FR\" \/>\n<meta property=\"og:type\" content=\"article\" \/>\n<meta property=\"og:title\" content=\"Trenbolone Hexahydrobenzylcarbonate 76.5mg\" \/>\n<meta property=\"og:description\" content=\"Voici la traduction en fran\u00e7ais : Emballage : 10 ampoules de 1 ml (76.5 mg\/ml) Substance active : Hexahydrobenzylcarbonate de\" \/>\n<meta property=\"og:url\" content=\"https:\/\/iberoid-shop.com\/fr\/product\/trenbolone-hexahydrobenzylcarbonate-76-5mg\/\" \/>\n<meta property=\"og:site_name\" content=\"(Espa\u00f1ol) Esteroides en l\u00ednea\" \/>\n<meta property=\"article:modified_time\" content=\"2025-07-13T17:30:40+00:00\" \/>\n<meta property=\"og:image\" content=\"https:\/\/iberoid-shop.com\/wp-content\/uploads\/2025\/05\/HEXA.jpg?v=1747851834\" \/>\n\t<meta property=\"og:image:width\" content=\"2200\" \/>\n\t<meta property=\"og:image:height\" content=\"1540\" \/>\n\t<meta property=\"og:image:type\" content=\"image\/jpeg\" \/>\n<meta name=\"twitter:card\" content=\"summary_large_image\" \/>\n<meta name=\"twitter:label1\" content=\"Prix\" \/>\n\t<meta name=\"twitter:data1\" content=\"&euro;60.00\" \/>\n\t<meta name=\"twitter:label2\" content=\"Disponibilit\u00e9\" \/>\n\t<meta name=\"twitter:data2\" content=\"Rupture de stock\" \/>\n<script type=\"application\/ld+json\" class=\"yoast-schema-graph\">{\"@context\":\"https:\/\/schema.org\",\"@graph\":[{\"@type\":\"WebPage\",\"@id\":\"https:\/\/iberoid-shop.com\/fr\/product\/trenbolone-hexahydrobenzylcarbonate-76-5mg\/\",\"url\":\"https:\/\/iberoid-shop.com\/fr\/product\/trenbolone-hexahydrobenzylcarbonate-76-5mg\/\",\"name\":\"Trenbolone Hexahydrobenzylcarbonate 76.5mg - (Espa\u00f1ol) Esteroides en l\u00ednea\",\"isPartOf\":{\"@id\":\"https:\/\/iberoid-shop.com\/fr\/#website\"},\"primaryImageOfPage\":{\"@id\":\"https:\/\/iberoid-shop.com\/fr\/product\/trenbolone-hexahydrobenzylcarbonate-76-5mg\/#primaryimage\"},\"image\":{\"@id\":\"https:\/\/iberoid-shop.com\/fr\/product\/trenbolone-hexahydrobenzylcarbonate-76-5mg\/#primaryimage\"},\"thumbnailUrl\":\"https:\/\/iberoid-shop.com\/wp-content\/uploads\/2025\/05\/HEXA.jpg?v=1747851834\",\"datePublished\":\"2025-05-21T18:24:10+00:00\",\"dateModified\":\"2025-07-13T17:30:40+00:00\",\"breadcrumb\":{\"@id\":\"https:\/\/iberoid-shop.com\/fr\/product\/trenbolone-hexahydrobenzylcarbonate-76-5mg\/#breadcrumb\"},\"inLanguage\":\"fr-FR\",\"potentialAction\":[{\"@type\":\"ReadAction\",\"target\":[[\"https:\/\/iberoid-shop.com\/fr\/product\/trenbolone-hexahydrobenzylcarbonate-76-5mg\/\"]]}]},{\"@type\":\"ImageObject\",\"inLanguage\":\"fr-FR\",\"@id\":\"https:\/\/iberoid-shop.com\/fr\/product\/trenbolone-hexahydrobenzylcarbonate-76-5mg\/#primaryimage\",\"url\":\"https:\/\/iberoid-shop.com\/wp-content\/uploads\/2025\/05\/HEXA.jpg?v=1747851834\",\"contentUrl\":\"https:\/\/iberoid-shop.com\/wp-content\/uploads\/2025\/05\/HEXA.jpg?v=1747851834\",\"width\":2200,\"height\":1540},{\"@type\":\"BreadcrumbList\",\"@id\":\"https:\/\/iberoid-shop.com\/fr\/product\/trenbolone-hexahydrobenzylcarbonate-76-5mg\/#breadcrumb\",\"itemListElement\":[{\"@type\":\"ListItem\",\"position\":1,\"name\":\"Portada\",\"item\":\"https:\/\/iberoid-shop.com\/fr\/\"},{\"@type\":\"ListItem\",\"position\":2,\"name\":\"Magasin\",\"item\":\"https:\/\/iberoid-shop.com\/fr\/shop\/\"},{\"@type\":\"ListItem\",\"position\":3,\"name\":\"Trenbolone Hexahydrobenzylcarbonate 76.5mg\"}]},{\"@type\":\"WebSite\",\"@id\":\"https:\/\/iberoid-shop.com\/fr\/#website\",\"url\":\"https:\/\/iberoid-shop.com\/fr\/\",\"name\":\"(Espa\u00f1ol) Esteroides en l\u00ednea\",\"description\":\"(Espa\u00f1ol) Comprar esteroides en l\u00ednea hoy en Espa\u00f1a y Portugal. Tenemos el mejor servicio al cliente en la industria y los productos de la m\u00e1s alta calidad\",\"potentialAction\":[{\"@type\":\"SearchAction\",\"target\":{\"@type\":\"EntryPoint\",\"urlTemplate\":\"https:\/\/iberoid-shop.com\/fr\/?s={search_term_string}\"},\"query-input\":{\"@type\":\"PropertyValueSpecification\",\"valueRequired\":true,\"valueName\":\"search_term_string\"}}],\"inLanguage\":\"fr-FR\"}]}<\/script>\n<meta property=\"product:brand\" content=\"Genetic Life Science\" \/>\n<meta property=\"product:price:amount\" content=\"60.00\" \/>\n<meta property=\"product:price:currency\" content=\"EUR\" \/>\n<meta property=\"og:availability\" content=\"out of stock\" \/>\n<meta property=\"product:availability\" content=\"out of stock\" \/>\n<meta property=\"product:condition\" content=\"new\" \/>\n<!-- \/ Yoast SEO Premium plugin. -->","yoast_head_json":{"title":"Trenbolone Hexahydrobenzylcarbonate 76.5mg - (Espa\u00f1ol) Esteroides en l\u00ednea","robots":{"index":"index","follow":"follow","max-snippet":"max-snippet:-1","max-image-preview":"max-image-preview:large","max-video-preview":"max-video-preview:-1"},"canonical":"https:\/\/iberoid-shop.com\/fr\/product\/trenbolone-hexahydrobenzylcarbonate-76-5mg\/","og_locale":"fr_FR","og_type":"article","og_title":"Trenbolone Hexahydrobenzylcarbonate 76.5mg","og_description":"Voici la traduction en fran\u00e7ais : Emballage : 10 ampoules de 1 ml (76.5 mg\/ml) Substance active : Hexahydrobenzylcarbonate de","og_url":"https:\/\/iberoid-shop.com\/fr\/product\/trenbolone-hexahydrobenzylcarbonate-76-5mg\/","og_site_name":"(Espa\u00f1ol) Esteroides en l\u00ednea","article_modified_time":"2025-07-13T17:30:40+00:00","og_image":[{"width":2200,"height":1540,"url":"https:\/\/iberoid-shop.com\/wp-content\/uploads\/2025\/05\/HEXA.jpg?v=1747851834","type":"image\/jpeg"}],"twitter_card":"summary_large_image","twitter_misc":{"Prix":"&euro;60.00","Disponibilit\u00e9":"Rupture de stock"},"schema":{"@context":"https:\/\/schema.org","@graph":[{"@type":"WebPage","@id":"https:\/\/iberoid-shop.com\/fr\/product\/trenbolone-hexahydrobenzylcarbonate-76-5mg\/","url":"https:\/\/iberoid-shop.com\/fr\/product\/trenbolone-hexahydrobenzylcarbonate-76-5mg\/","name":"Trenbolone Hexahydrobenzylcarbonate 76.5mg - (Espa\u00f1ol) Esteroides en l\u00ednea","isPartOf":{"@id":"https:\/\/iberoid-shop.com\/fr\/#website"},"primaryImageOfPage":{"@id":"https:\/\/iberoid-shop.com\/fr\/product\/trenbolone-hexahydrobenzylcarbonate-76-5mg\/#primaryimage"},"image":{"@id":"https:\/\/iberoid-shop.com\/fr\/product\/trenbolone-hexahydrobenzylcarbonate-76-5mg\/#primaryimage"},"thumbnailUrl":"https:\/\/iberoid-shop.com\/wp-content\/uploads\/2025\/05\/HEXA.jpg?v=1747851834","datePublished":"2025-05-21T18:24:10+00:00","dateModified":"2025-07-13T17:30:40+00:00","breadcrumb":{"@id":"https:\/\/iberoid-shop.com\/fr\/product\/trenbolone-hexahydrobenzylcarbonate-76-5mg\/#breadcrumb"},"inLanguage":"fr-FR","potentialAction":[{"@type":"ReadAction","target":[["https:\/\/iberoid-shop.com\/fr\/product\/trenbolone-hexahydrobenzylcarbonate-76-5mg\/"]]}]},{"@type":"ImageObject","inLanguage":"fr-FR","@id":"https:\/\/iberoid-shop.com\/fr\/product\/trenbolone-hexahydrobenzylcarbonate-76-5mg\/#primaryimage","url":"https:\/\/iberoid-shop.com\/wp-content\/uploads\/2025\/05\/HEXA.jpg?v=1747851834","contentUrl":"https:\/\/iberoid-shop.com\/wp-content\/uploads\/2025\/05\/HEXA.jpg?v=1747851834","width":2200,"height":1540},{"@type":"BreadcrumbList","@id":"https:\/\/iberoid-shop.com\/fr\/product\/trenbolone-hexahydrobenzylcarbonate-76-5mg\/#breadcrumb","itemListElement":[{"@type":"ListItem","position":1,"name":"Portada","item":"https:\/\/iberoid-shop.com\/fr\/"},{"@type":"ListItem","position":2,"name":"Magasin","item":"https:\/\/iberoid-shop.com\/fr\/shop\/"},{"@type":"ListItem","position":3,"name":"Trenbolone Hexahydrobenzylcarbonate 76.5mg"}]},{"@type":"WebSite","@id":"https:\/\/iberoid-shop.com\/fr\/#website","url":"https:\/\/iberoid-shop.com\/fr\/","name":"(Espa\u00f1ol) Esteroides en l\u00ednea","description":"(Espa\u00f1ol) Comprar esteroides en l\u00ednea hoy en Espa\u00f1a y Portugal. Tenemos el mejor servicio al cliente en la industria y los productos de la m\u00e1s alta calidad","potentialAction":[{"@type":"SearchAction","target":{"@type":"EntryPoint","urlTemplate":"https:\/\/iberoid-shop.com\/fr\/?s={search_term_string}"},"query-input":{"@type":"PropertyValueSpecification","valueRequired":true,"valueName":"search_term_string"}}],"inLanguage":"fr-FR"}]},"product_brand":"Genetic Life Science","product_price_amount":"60.00","product_price_currency":"EUR","og_availability":"out of stock","product_availability":"out of stock","product_condition":"new"},"_links":{"self":[{"href":"https:\/\/iberoid-shop.com\/fr\/wp-json\/wp\/v2\/product\/10116","targetHints":{"allow":["GET"]}}],"collection":[{"href":"https:\/\/iberoid-shop.com\/fr\/wp-json\/wp\/v2\/product"}],"about":[{"href":"https:\/\/iberoid-shop.com\/fr\/wp-json\/wp\/v2\/types\/product"}],"replies":[{"embeddable":true,"href":"https:\/\/iberoid-shop.com\/fr\/wp-json\/wp\/v2\/comments?post=10116"}],"wp:featuredmedia":[{"embeddable":true,"href":"https:\/\/iberoid-shop.com\/fr\/wp-json\/wp\/v2\/media\/10117"}],"wp:attachment":[{"href":"https:\/\/iberoid-shop.com\/fr\/wp-json\/wp\/v2\/media?parent=10116"}],"wp:term":[{"taxonomy":"product_brand","embeddable":true,"href":"https:\/\/iberoid-shop.com\/fr\/wp-json\/wp\/v2\/product_brand?post=10116"},{"taxonomy":"product_cat","embeddable":true,"href":"https:\/\/iberoid-shop.com\/fr\/wp-json\/wp\/v2\/product_cat?post=10116"},{"taxonomy":"product_tag","embeddable":true,"href":"https:\/\/iberoid-shop.com\/fr\/wp-json\/wp\/v2\/product_tag?post=10116"}],"curies":[{"name":"wp","href":"https:\/\/api.w.org\/{rel}","templated":true}]}}