{"id":10112,"date":"2025-05-21T18:20:15","date_gmt":"2025-05-21T18:20:15","guid":{"rendered":"https:\/\/iberoid-shop.com\/?post_type=product&#038;p=10112"},"modified":"2025-11-25T09:34:01","modified_gmt":"2025-11-25T09:34:01","slug":"trenbolone-acetate-100mg","status":"publish","type":"product","link":"https:\/\/iberoid-shop.com\/fr\/product\/trenbolone-acetate-100mg\/","title":{"rendered":"Trenbolone Acetate 100mg"},"content":{"rendered":"<p><\/p>\n<p data-sourcepos=\"3:1-4:51\"><strong>Emballage :<\/strong> 10 ampoules de 1 ml (100 mg\/ml) <strong>Substance active :<\/strong> Ac\u00e9tate de Trenbolone 100 mg<\/p>\n<p data-sourcepos=\"6:1-7:181\">L&rsquo;ac\u00e9tate de trenbolone est un st\u00e9ro\u00efde anabolisant synth\u00e9tique, c&rsquo;est un ester androg\u00e8ne et un prom\u00e9dicament \u00e0 action prolong\u00e9e de la trenbolone. Il se lie tr\u00e8s bien au r\u00e9cepteur des androg\u00e8nes et est cinq fois plus puissant que la testost\u00e9rone. La trenbolone n&rsquo;est pas \u0153strog\u00e9nique et n&rsquo;est pas toxique pour le foie. L&rsquo;ac\u00e9tate de trenbolone permet de gagner plus de poids sans gonflement. Bien que puissant, il est relativement s\u00fbr et les effets secondaires sont principalement li\u00e9s \u00e0 un surdosage.<\/p>\n<p data-sourcepos=\"9:1-9:46\"><strong>Pr\u00e9cautions (ou Conditions \u00e0 consid\u00e9rer) :<\/strong><\/p>\n<ul data-sourcepos=\"10:1-14:0\">\n<li data-sourcepos=\"10:1-10:17\">Maladie r\u00e9nale.<\/li>\n<li data-sourcepos=\"11:1-11:20\">Maladie cardiaque.<\/li>\n<li data-sourcepos=\"12:1-12:26\">Hypertension art\u00e9rielle.<\/li>\n<li data-sourcepos=\"13:1-14:0\">Diab\u00e8te.<\/li>\n<\/ul>\n<p data-sourcepos=\"15:1-15:35\"><strong>Posologie et effets secondaires<\/strong><\/p>\n<p data-sourcepos=\"17:1-18:91\">L&rsquo;Ac\u00e9tate de Trenbolone est recommand\u00e9 pour une utilisation exclusive par les hommes et toutes les doses indiqu\u00e9es sont con\u00e7ues pour les hommes. La dose recommand\u00e9e du m\u00e9dicament est de 50 \u00e0 100 mg une fois tous les deux jours en injection intramusculaire. Pour les d\u00e9butants, le cycle commence par une dose de 50 \u00e0 100 mg une fois tous les deux jours. La dur\u00e9e du cycle d&rsquo;Ac\u00e9tate de Trenbolone est d&rsquo;environ 56 \u00e0 60 jours. Comme tous les m\u00e9dicaments, l&rsquo;Ac\u00e9tate de Trenbolone peut provoquer des effets secondaires :<\/p>\n<ul data-sourcepos=\"19:1-30:121\">\n<li data-sourcepos=\"19:1-19:74\">suppression de la production de testost\u00e9rone ; diminution de la libido ;<\/li>\n<li data-sourcepos=\"20:1-20:28\">diminution de l&rsquo;\u00e9rection ;<\/li>\n<li data-sourcepos=\"21:1-21:86\">atrophie testiculaire due \u00e0 une forte suppression de la production de testost\u00e9rone ;<\/li>\n<li data-sourcepos=\"22:1-22:99\">charge \u00e9lev\u00e9e sur les reins ; gyn\u00e9comastie due \u00e0 la prolactine ; acn\u00e9 ; hypertension art\u00e9rielle ;<\/li>\n<li data-sourcepos=\"23:1-23:92\">augmentation de l&rsquo;agressivit\u00e9 et de l&rsquo;excitation nerveuse ; perte de cheveux sur la t\u00eate ;<\/li>\n<li data-sourcepos=\"24:1-24:85\">augmentation de la croissance des poils sur le visage et le corps (type masculin) ;<\/li>\n<li data-sourcepos=\"25:1-25:54\">d\u00e9formation des cordes vocales ; atrophie g\u00e9nitale ;<\/li>\n<li data-sourcepos=\"26:1-26:57\">un type sp\u00e9cifique de toux est celui de la trenbolone ;<\/li>\n<li data-sourcepos=\"27:1-27:34\">augmentation de la peau grasse ;<\/li>\n<li data-sourcepos=\"28:1-30:121\">insomnie et autres troubles du sommeil. La manifestation d&rsquo;effets androg\u00e8nes est possible, alors qu&rsquo;il n&rsquo;y a pas d&rsquo;effets \u0153strog\u00e9niques. Si vous remarquez des effets secondaires non mentionn\u00e9s dans cette notice, informez-en votre m\u00e9decin ou votre pharmacien.<\/li>\n<\/ul>\n<p><\/p>","protected":false},"excerpt":{"rendered":"<p>Emballage : 10 ampoules de 1 ml (100 mg\/ml) Substance active : Ac\u00e9tate de Trenbolone 100 mg L&rsquo;ac\u00e9tate de trenbolone<\/p>\n","protected":false},"featured_media":10113,"comment_status":"open","ping_status":"closed","template":"","meta":[],"product_brand":[],"product_cat":[69],"product_tag":[],"class_list":{"0":"post-10112","1":"product","2":"type-product","3":"status-publish","4":"has-post-thumbnail","6":"product_cat-esteroides_inyectables","8":"first","9":"outofstock","10":"shipping-taxable","11":"purchasable","12":"product-type-simple"},"yoast_head":"<!-- This site is optimized with the Yoast SEO Premium plugin v24.4 (Yoast SEO v27.0) - https:\/\/yoast.com\/product\/yoast-seo-premium-wordpress\/ -->\n<title>Trenbolone Acetate 100mg - (Espa\u00f1ol) Esteroides en l\u00ednea<\/title>\n<meta name=\"description\" content=\"Ac\u00e9tate de Trenbolone est un st\u00e9ro\u00efde anabolisant puissant pour la masse musculaire, la force et la perte de graisse, sans effets \u0153strog\u00e9niques.\" \/>\n<meta name=\"robots\" content=\"index, follow, max-snippet:-1, max-image-preview:large, max-video-preview:-1\" \/>\n<link rel=\"canonical\" href=\"https:\/\/iberoid-shop.com\/fr\/product\/trenbolone-acetate-100mg\/\" \/>\n<meta property=\"og:locale\" content=\"fr_FR\" \/>\n<meta property=\"og:type\" content=\"article\" \/>\n<meta property=\"og:title\" content=\"Trenbolone Acetate 100mg\" \/>\n<meta property=\"og:description\" content=\"Ac\u00e9tate de Trenbolone est un st\u00e9ro\u00efde anabolisant puissant pour la masse musculaire, la force et la perte de graisse, sans effets \u0153strog\u00e9niques.\" \/>\n<meta property=\"og:url\" content=\"https:\/\/iberoid-shop.com\/fr\/product\/trenbolone-acetate-100mg\/\" \/>\n<meta property=\"og:site_name\" content=\"(Espa\u00f1ol) Esteroides en l\u00ednea\" \/>\n<meta property=\"article:modified_time\" content=\"2025-11-25T09:34:01+00:00\" \/>\n<meta property=\"og:image\" content=\"https:\/\/iberoid-shop.com\/wp-content\/uploads\/2025\/05\/TA.jpg?v=1747851597\" \/>\n\t<meta property=\"og:image:width\" content=\"2200\" \/>\n\t<meta property=\"og:image:height\" content=\"1540\" \/>\n\t<meta property=\"og:image:type\" content=\"image\/jpeg\" \/>\n<meta name=\"twitter:card\" content=\"summary_large_image\" \/>\n<meta name=\"twitter:label1\" content=\"Prix\" \/>\n\t<meta name=\"twitter:data1\" content=\"&euro;55.00\" \/>\n\t<meta name=\"twitter:label2\" content=\"Disponibilit\u00e9\" \/>\n\t<meta name=\"twitter:data2\" content=\"Rupture de stock\" \/>\n<script type=\"application\/ld+json\" class=\"yoast-schema-graph\">{\"@context\":\"https:\/\/schema.org\",\"@graph\":[{\"@type\":\"WebPage\",\"@id\":\"https:\/\/iberoid-shop.com\/fr\/product\/trenbolone-acetate-100mg\/\",\"url\":\"https:\/\/iberoid-shop.com\/fr\/product\/trenbolone-acetate-100mg\/\",\"name\":\"Trenbolone Acetate 100mg - (Espa\u00f1ol) Esteroides en l\u00ednea\",\"isPartOf\":{\"@id\":\"https:\/\/iberoid-shop.com\/fr\/#website\"},\"primaryImageOfPage\":{\"@id\":\"https:\/\/iberoid-shop.com\/fr\/product\/trenbolone-acetate-100mg\/#primaryimage\"},\"image\":{\"@id\":\"https:\/\/iberoid-shop.com\/fr\/product\/trenbolone-acetate-100mg\/#primaryimage\"},\"thumbnailUrl\":\"https:\/\/iberoid-shop.com\/wp-content\/uploads\/2025\/05\/TA.jpg?v=1747851597\",\"datePublished\":\"2025-05-21T18:20:15+00:00\",\"dateModified\":\"2025-11-25T09:34:01+00:00\",\"description\":\"Ac\u00e9tate de Trenbolone est un st\u00e9ro\u00efde anabolisant puissant pour la masse musculaire, la force et la perte de graisse, sans effets \u0153strog\u00e9niques.\",\"breadcrumb\":{\"@id\":\"https:\/\/iberoid-shop.com\/fr\/product\/trenbolone-acetate-100mg\/#breadcrumb\"},\"inLanguage\":\"fr-FR\",\"potentialAction\":[{\"@type\":\"ReadAction\",\"target\":[[\"https:\/\/iberoid-shop.com\/fr\/product\/trenbolone-acetate-100mg\/\"]]}]},{\"@type\":\"ImageObject\",\"inLanguage\":\"fr-FR\",\"@id\":\"https:\/\/iberoid-shop.com\/fr\/product\/trenbolone-acetate-100mg\/#primaryimage\",\"url\":\"https:\/\/iberoid-shop.com\/wp-content\/uploads\/2025\/05\/TA.jpg?v=1747851597\",\"contentUrl\":\"https:\/\/iberoid-shop.com\/wp-content\/uploads\/2025\/05\/TA.jpg?v=1747851597\",\"width\":2200,\"height\":1540},{\"@type\":\"BreadcrumbList\",\"@id\":\"https:\/\/iberoid-shop.com\/fr\/product\/trenbolone-acetate-100mg\/#breadcrumb\",\"itemListElement\":[{\"@type\":\"ListItem\",\"position\":1,\"name\":\"Portada\",\"item\":\"https:\/\/iberoid-shop.com\/fr\/\"},{\"@type\":\"ListItem\",\"position\":2,\"name\":\"Magasin\",\"item\":\"https:\/\/iberoid-shop.com\/fr\/shop\/\"},{\"@type\":\"ListItem\",\"position\":3,\"name\":\"Trenbolone Acetate 100mg\"}]},{\"@type\":\"WebSite\",\"@id\":\"https:\/\/iberoid-shop.com\/fr\/#website\",\"url\":\"https:\/\/iberoid-shop.com\/fr\/\",\"name\":\"(Espa\u00f1ol) Esteroides en l\u00ednea\",\"description\":\"(Espa\u00f1ol) Comprar esteroides en l\u00ednea hoy en Espa\u00f1a y Portugal. Tenemos el mejor servicio al cliente en la industria y los productos de la m\u00e1s alta calidad\",\"potentialAction\":[{\"@type\":\"SearchAction\",\"target\":{\"@type\":\"EntryPoint\",\"urlTemplate\":\"https:\/\/iberoid-shop.com\/fr\/?s={search_term_string}\"},\"query-input\":{\"@type\":\"PropertyValueSpecification\",\"valueRequired\":true,\"valueName\":\"search_term_string\"}}],\"inLanguage\":\"fr-FR\"}]}<\/script>\n<meta property=\"product:brand\" content=\"Genetic Life Science\" \/>\n<meta property=\"product:price:amount\" content=\"55.00\" \/>\n<meta property=\"product:price:currency\" content=\"EUR\" \/>\n<meta property=\"og:availability\" content=\"out of stock\" \/>\n<meta property=\"product:availability\" content=\"out of stock\" \/>\n<meta property=\"product:condition\" content=\"new\" \/>\n<!-- \/ Yoast SEO Premium plugin. -->","yoast_head_json":{"title":"Trenbolone Acetate 100mg - (Espa\u00f1ol) Esteroides en l\u00ednea","description":"Ac\u00e9tate de Trenbolone est un st\u00e9ro\u00efde anabolisant puissant pour la masse musculaire, la force et la perte de graisse, sans effets \u0153strog\u00e9niques.","robots":{"index":"index","follow":"follow","max-snippet":"max-snippet:-1","max-image-preview":"max-image-preview:large","max-video-preview":"max-video-preview:-1"},"canonical":"https:\/\/iberoid-shop.com\/fr\/product\/trenbolone-acetate-100mg\/","og_locale":"fr_FR","og_type":"article","og_title":"Trenbolone Acetate 100mg","og_description":"Ac\u00e9tate de Trenbolone est un st\u00e9ro\u00efde anabolisant puissant pour la masse musculaire, la force et la perte de graisse, sans effets \u0153strog\u00e9niques.","og_url":"https:\/\/iberoid-shop.com\/fr\/product\/trenbolone-acetate-100mg\/","og_site_name":"(Espa\u00f1ol) Esteroides en l\u00ednea","article_modified_time":"2025-11-25T09:34:01+00:00","og_image":[{"width":2200,"height":1540,"url":"https:\/\/iberoid-shop.com\/wp-content\/uploads\/2025\/05\/TA.jpg?v=1747851597","type":"image\/jpeg"}],"twitter_card":"summary_large_image","twitter_misc":{"Prix":"&euro;55.00","Disponibilit\u00e9":"Rupture de stock"},"schema":{"@context":"https:\/\/schema.org","@graph":[{"@type":"WebPage","@id":"https:\/\/iberoid-shop.com\/fr\/product\/trenbolone-acetate-100mg\/","url":"https:\/\/iberoid-shop.com\/fr\/product\/trenbolone-acetate-100mg\/","name":"Trenbolone Acetate 100mg - (Espa\u00f1ol) Esteroides en l\u00ednea","isPartOf":{"@id":"https:\/\/iberoid-shop.com\/fr\/#website"},"primaryImageOfPage":{"@id":"https:\/\/iberoid-shop.com\/fr\/product\/trenbolone-acetate-100mg\/#primaryimage"},"image":{"@id":"https:\/\/iberoid-shop.com\/fr\/product\/trenbolone-acetate-100mg\/#primaryimage"},"thumbnailUrl":"https:\/\/iberoid-shop.com\/wp-content\/uploads\/2025\/05\/TA.jpg?v=1747851597","datePublished":"2025-05-21T18:20:15+00:00","dateModified":"2025-11-25T09:34:01+00:00","description":"Ac\u00e9tate de Trenbolone est un st\u00e9ro\u00efde anabolisant puissant pour la masse musculaire, la force et la perte de graisse, sans effets \u0153strog\u00e9niques.","breadcrumb":{"@id":"https:\/\/iberoid-shop.com\/fr\/product\/trenbolone-acetate-100mg\/#breadcrumb"},"inLanguage":"fr-FR","potentialAction":[{"@type":"ReadAction","target":[["https:\/\/iberoid-shop.com\/fr\/product\/trenbolone-acetate-100mg\/"]]}]},{"@type":"ImageObject","inLanguage":"fr-FR","@id":"https:\/\/iberoid-shop.com\/fr\/product\/trenbolone-acetate-100mg\/#primaryimage","url":"https:\/\/iberoid-shop.com\/wp-content\/uploads\/2025\/05\/TA.jpg?v=1747851597","contentUrl":"https:\/\/iberoid-shop.com\/wp-content\/uploads\/2025\/05\/TA.jpg?v=1747851597","width":2200,"height":1540},{"@type":"BreadcrumbList","@id":"https:\/\/iberoid-shop.com\/fr\/product\/trenbolone-acetate-100mg\/#breadcrumb","itemListElement":[{"@type":"ListItem","position":1,"name":"Portada","item":"https:\/\/iberoid-shop.com\/fr\/"},{"@type":"ListItem","position":2,"name":"Magasin","item":"https:\/\/iberoid-shop.com\/fr\/shop\/"},{"@type":"ListItem","position":3,"name":"Trenbolone Acetate 100mg"}]},{"@type":"WebSite","@id":"https:\/\/iberoid-shop.com\/fr\/#website","url":"https:\/\/iberoid-shop.com\/fr\/","name":"(Espa\u00f1ol) Esteroides en l\u00ednea","description":"(Espa\u00f1ol) Comprar esteroides en l\u00ednea hoy en Espa\u00f1a y Portugal. Tenemos el mejor servicio al cliente en la industria y los productos de la m\u00e1s alta calidad","potentialAction":[{"@type":"SearchAction","target":{"@type":"EntryPoint","urlTemplate":"https:\/\/iberoid-shop.com\/fr\/?s={search_term_string}"},"query-input":{"@type":"PropertyValueSpecification","valueRequired":true,"valueName":"search_term_string"}}],"inLanguage":"fr-FR"}]},"product_brand":"Genetic Life Science","product_price_amount":"55.00","product_price_currency":"EUR","og_availability":"out of stock","product_availability":"out of stock","product_condition":"new"},"_links":{"self":[{"href":"https:\/\/iberoid-shop.com\/fr\/wp-json\/wp\/v2\/product\/10112","targetHints":{"allow":["GET"]}}],"collection":[{"href":"https:\/\/iberoid-shop.com\/fr\/wp-json\/wp\/v2\/product"}],"about":[{"href":"https:\/\/iberoid-shop.com\/fr\/wp-json\/wp\/v2\/types\/product"}],"replies":[{"embeddable":true,"href":"https:\/\/iberoid-shop.com\/fr\/wp-json\/wp\/v2\/comments?post=10112"}],"wp:featuredmedia":[{"embeddable":true,"href":"https:\/\/iberoid-shop.com\/fr\/wp-json\/wp\/v2\/media\/10113"}],"wp:attachment":[{"href":"https:\/\/iberoid-shop.com\/fr\/wp-json\/wp\/v2\/media?parent=10112"}],"wp:term":[{"taxonomy":"product_brand","embeddable":true,"href":"https:\/\/iberoid-shop.com\/fr\/wp-json\/wp\/v2\/product_brand?post=10112"},{"taxonomy":"product_cat","embeddable":true,"href":"https:\/\/iberoid-shop.com\/fr\/wp-json\/wp\/v2\/product_cat?post=10112"},{"taxonomy":"product_tag","embeddable":true,"href":"https:\/\/iberoid-shop.com\/fr\/wp-json\/wp\/v2\/product_tag?post=10112"}],"curies":[{"name":"wp","href":"https:\/\/api.w.org\/{rel}","templated":true}]}}