{"id":10097,"date":"2025-05-17T08:29:56","date_gmt":"2025-05-17T08:29:56","guid":{"rendered":"https:\/\/iberoid-shop.com\/?post_type=product&#038;p=10097"},"modified":"2025-06-15T10:34:49","modified_gmt":"2025-06-15T10:34:49","slug":"ashwagandha-60-caps","status":"publish","type":"product","link":"https:\/\/iberoid-shop.com\/fr\/product\/ashwagandha-60-caps\/","title":{"rendered":"Ashwagandha &#8211; 60 CAPS"},"content":{"rendered":"<p><\/p>\n<h2 data-sourcepos=\"3:1-3:66\">Ashwagandha : Bienfaits pour la Sant\u00e9, le Stress et l&rsquo;\u00c9quilibre<\/h2>\n<p data-sourcepos=\"5:1-5:263\">L&rsquo;<strong>Ashwagandha<\/strong>, aussi connue sous le nom de <em>Withania somnifera<\/em>, est un compl\u00e9ment naturel d\u00e9riv\u00e9 des racines de la plante Ashwagandha. Elle offre une s\u00e9rie de bienfaits significatifs pour la sant\u00e9, \u00e9tant consid\u00e9r\u00e9e comme une plante adaptog\u00e8ne exceptionnelle.<\/p>\n<h3 data-sourcepos=\"7:1-7:47\">Quels sont les bienfaits de l&rsquo;Ashwagandha ?<\/h3>\n<ul data-sourcepos=\"9:1-14:0\">\n<li data-sourcepos=\"9:1-9:231\"><strong>Gestion efficace du stress :<\/strong> L&rsquo;Ashwagandha est r\u00e9put\u00e9e pour sa capacit\u00e9 \u00e0 aider l&rsquo;organisme \u00e0 faire face au stress et \u00e0 favoriser un \u00e9tat de relaxation. Elle peut contribuer \u00e0 r\u00e9duire les niveaux de stress physique et mental.<\/li>\n<li data-sourcepos=\"10:1-10:225\"><strong>Soutien de la sant\u00e9 mentale :<\/strong> Ce compl\u00e9ment naturel peut aider \u00e0 r\u00e9duire les sympt\u00f4mes d&rsquo;anxi\u00e9t\u00e9 et de d\u00e9pression, favorisant ainsi le bien-\u00eatre mental. Il peut \u00e9galement soulager les troubles du sommeil et l&rsquo;agitation.<\/li>\n<li data-sourcepos=\"11:1-11:233\"><strong>Renforcement du syst\u00e8me immunitaire :<\/strong> L&rsquo;Ashwagandha peut soutenir le syst\u00e8me immunitaire du corps, l&rsquo;aidant \u00e0 devenir plus r\u00e9sistant aux infections et aux maladies. Cela peut contribuer au maintien d&rsquo;une sant\u00e9 g\u00e9n\u00e9rale robuste.<\/li>\n<li data-sourcepos=\"12:1-12:246\"><strong>\u00c9quilibre hormonal :<\/strong> Ce compl\u00e9ment peut r\u00e9guler les niveaux hormonaux dans l&rsquo;organisme, y compris ceux des hormones du stress, comme le cortisol. Cet aspect est crucial pour maintenir l&rsquo;\u00e9quilibre hormonal et la sant\u00e9 du syst\u00e8me endocrinien.<\/li>\n<li data-sourcepos=\"13:1-14:0\"><strong>Augmentation de l&rsquo;\u00e9nergie et de l&rsquo;endurance physique :<\/strong> L&rsquo;Ashwagandha peut augmenter le niveau d&rsquo;\u00e9nergie et l&rsquo;endurance physique, \u00e9tant particuli\u00e8rement b\u00e9n\u00e9fique pour ceux qui souhaitent am\u00e9liorer leurs performances physiques et se sentir plus \u00e9nergiques.<\/li>\n<\/ul>\n<p data-sourcepos=\"15:1-15:376\">En choisissant l&rsquo;Ashwagandha, vous pouvez profiter de ces avantages essentiels pour votre sant\u00e9 et maintenir votre \u00e9quilibre dans le rythme effr\u00e9n\u00e9 de la vie moderne. Avec ses puissantes propri\u00e9t\u00e9s adaptog\u00e8nes, l&rsquo;Ashwagandha peut \u00eatre un alli\u00e9 fiable pour une vie plus saine et \u00e9quilibr\u00e9e. Optez pour l&rsquo;Ashwagandha pour g\u00e9rer le stress quotidien et promouvoir votre bien-\u00eatre.<\/p>\n<hr data-sourcepos=\"17:1-17:3\" \/>\n<p data-sourcepos=\"19:1-19:284\"><strong>Ingr\u00e9dients :<\/strong> Extrait de racine d&rsquo;Ashwagandha (<em>Withania somnifera<\/em> L., 7% de withanolides), anti-agglom\u00e9rants (cellulose microcristalline), g\u00e9lule en g\u00e9latine dure (g\u00e9latine bovine, eau purifi\u00e9e), extrait de fruits de poivre noir (<em>Piper Nigrum<\/em>) (95% de pip\u00e9rine), nicotinamide.<\/p>\n<hr data-sourcepos=\"21:1-21:3\" \/>\n<p data-sourcepos=\"23:1-23:214\"><strong>Conditions de conservation et d&rsquo;utilisation :<\/strong> \u00c0 conserver dans un endroit frais, \u00e0 l&rsquo;abri de la lumi\u00e8re, de l&rsquo;humidit\u00e9 et de la chaleur excessive. \u00c0 utiliser avant la date d&rsquo;expiration indiqu\u00e9e sur l&#8217;emballage.<\/p>\n<hr data-sourcepos=\"25:1-25:3\" \/>\n<p data-sourcepos=\"27:1-27:96\"><strong>Allerg\u00e8nes :<\/strong> Fabriqu\u00e9 dans une usine qui traite des prot\u00e9ines de lait, de soja et des \u0153ufs !<\/p>\n<p><\/p>","protected":false},"excerpt":{"rendered":"<p>Ashwagandha : Bienfaits pour la Sant\u00e9, le Stress et l&rsquo;\u00c9quilibre L&rsquo;Ashwagandha, aussi connue sous le nom de Withania somnifera, est<\/p>\n","protected":false},"featured_media":10098,"comment_status":"open","ping_status":"closed","template":"","meta":[],"product_brand":[],"product_cat":[3517],"product_tag":[],"class_list":{"0":"post-10097","1":"product","2":"type-product","3":"status-publish","4":"has-post-thumbnail","6":"product_cat-suplementos-2","8":"first","9":"outofstock","10":"shipping-taxable","11":"purchasable","12":"product-type-simple"},"yoast_head":"<!-- This site is optimized with the Yoast SEO Premium plugin v24.4 (Yoast SEO v27.0) - https:\/\/yoast.com\/product\/yoast-seo-premium-wordpress\/ -->\n<title>Ashwagandha - 60 CAPS - (Espa\u00f1ol) Esteroides en l\u00ednea<\/title>\n<meta name=\"robots\" content=\"index, follow, max-snippet:-1, max-image-preview:large, max-video-preview:-1\" \/>\n<link rel=\"canonical\" href=\"https:\/\/iberoid-shop.com\/fr\/product\/ashwagandha-60-caps\/\" \/>\n<meta property=\"og:locale\" content=\"fr_FR\" \/>\n<meta property=\"og:type\" content=\"article\" \/>\n<meta property=\"og:title\" content=\"Ashwagandha - 60 CAPS\" \/>\n<meta property=\"og:description\" content=\"Ashwagandha : Bienfaits pour la Sant\u00e9, le Stress et l&rsquo;\u00c9quilibre L&rsquo;Ashwagandha, aussi connue sous le nom de Withania somnifera, est\" \/>\n<meta property=\"og:url\" content=\"https:\/\/iberoid-shop.com\/fr\/product\/ashwagandha-60-caps\/\" \/>\n<meta property=\"og:site_name\" content=\"(Espa\u00f1ol) Esteroides en l\u00ednea\" \/>\n<meta property=\"article:modified_time\" content=\"2025-06-15T10:34:49+00:00\" \/>\n<meta property=\"og:image\" content=\"https:\/\/iberoid-shop.com\/wp-content\/uploads\/2025\/05\/ashwagandha.png?v=1747470579\" \/>\n\t<meta property=\"og:image:width\" content=\"1000\" \/>\n\t<meta property=\"og:image:height\" content=\"1000\" \/>\n\t<meta property=\"og:image:type\" content=\"image\/png\" \/>\n<meta name=\"twitter:card\" content=\"summary_large_image\" \/>\n<meta name=\"twitter:label1\" content=\"Prix\" \/>\n\t<meta name=\"twitter:data1\" content=\"&euro;8.00\" \/>\n\t<meta name=\"twitter:label2\" content=\"Disponibilit\u00e9\" \/>\n\t<meta name=\"twitter:data2\" content=\"Rupture de stock\" \/>\n<script type=\"application\/ld+json\" class=\"yoast-schema-graph\">{\"@context\":\"https:\/\/schema.org\",\"@graph\":[{\"@type\":\"WebPage\",\"@id\":\"https:\/\/iberoid-shop.com\/fr\/product\/ashwagandha-60-caps\/\",\"url\":\"https:\/\/iberoid-shop.com\/fr\/product\/ashwagandha-60-caps\/\",\"name\":\"Ashwagandha - 60 CAPS - (Espa\u00f1ol) Esteroides en l\u00ednea\",\"isPartOf\":{\"@id\":\"https:\/\/iberoid-shop.com\/fr\/#website\"},\"primaryImageOfPage\":{\"@id\":\"https:\/\/iberoid-shop.com\/fr\/product\/ashwagandha-60-caps\/#primaryimage\"},\"image\":{\"@id\":\"https:\/\/iberoid-shop.com\/fr\/product\/ashwagandha-60-caps\/#primaryimage\"},\"thumbnailUrl\":\"https:\/\/iberoid-shop.com\/wp-content\/uploads\/2025\/05\/ashwagandha.png?v=1747470579\",\"datePublished\":\"2025-05-17T08:29:56+00:00\",\"dateModified\":\"2025-06-15T10:34:49+00:00\",\"breadcrumb\":{\"@id\":\"https:\/\/iberoid-shop.com\/fr\/product\/ashwagandha-60-caps\/#breadcrumb\"},\"inLanguage\":\"fr-FR\",\"potentialAction\":[{\"@type\":\"ReadAction\",\"target\":[[\"https:\/\/iberoid-shop.com\/fr\/product\/ashwagandha-60-caps\/\"]]}]},{\"@type\":\"ImageObject\",\"inLanguage\":\"fr-FR\",\"@id\":\"https:\/\/iberoid-shop.com\/fr\/product\/ashwagandha-60-caps\/#primaryimage\",\"url\":\"https:\/\/iberoid-shop.com\/wp-content\/uploads\/2025\/05\/ashwagandha.png?v=1747470579\",\"contentUrl\":\"https:\/\/iberoid-shop.com\/wp-content\/uploads\/2025\/05\/ashwagandha.png?v=1747470579\",\"width\":1000,\"height\":1000},{\"@type\":\"BreadcrumbList\",\"@id\":\"https:\/\/iberoid-shop.com\/fr\/product\/ashwagandha-60-caps\/#breadcrumb\",\"itemListElement\":[{\"@type\":\"ListItem\",\"position\":1,\"name\":\"Portada\",\"item\":\"https:\/\/iberoid-shop.com\/fr\/\"},{\"@type\":\"ListItem\",\"position\":2,\"name\":\"Magasin\",\"item\":\"https:\/\/iberoid-shop.com\/fr\/shop\/\"},{\"@type\":\"ListItem\",\"position\":3,\"name\":\"Ashwagandha &#8211; 60 CAPS\"}]},{\"@type\":\"WebSite\",\"@id\":\"https:\/\/iberoid-shop.com\/fr\/#website\",\"url\":\"https:\/\/iberoid-shop.com\/fr\/\",\"name\":\"(Espa\u00f1ol) Esteroides en l\u00ednea\",\"description\":\"(Espa\u00f1ol) Comprar esteroides en l\u00ednea hoy en Espa\u00f1a y Portugal. Tenemos el mejor servicio al cliente en la industria y los productos de la m\u00e1s alta calidad\",\"potentialAction\":[{\"@type\":\"SearchAction\",\"target\":{\"@type\":\"EntryPoint\",\"urlTemplate\":\"https:\/\/iberoid-shop.com\/fr\/?s={search_term_string}\"},\"query-input\":{\"@type\":\"PropertyValueSpecification\",\"valueRequired\":true,\"valueName\":\"search_term_string\"}}],\"inLanguage\":\"fr-FR\"}]}<\/script>\n<meta property=\"product:brand\" content=\"Pro Nutrition\" \/>\n<meta property=\"product:price:amount\" content=\"8.00\" \/>\n<meta property=\"product:price:currency\" content=\"EUR\" \/>\n<meta property=\"og:availability\" content=\"out of stock\" \/>\n<meta property=\"product:availability\" content=\"out of stock\" \/>\n<meta property=\"product:condition\" content=\"new\" \/>\n<!-- \/ Yoast SEO Premium plugin. -->","yoast_head_json":{"title":"Ashwagandha - 60 CAPS - (Espa\u00f1ol) Esteroides en l\u00ednea","robots":{"index":"index","follow":"follow","max-snippet":"max-snippet:-1","max-image-preview":"max-image-preview:large","max-video-preview":"max-video-preview:-1"},"canonical":"https:\/\/iberoid-shop.com\/fr\/product\/ashwagandha-60-caps\/","og_locale":"fr_FR","og_type":"article","og_title":"Ashwagandha - 60 CAPS","og_description":"Ashwagandha : Bienfaits pour la Sant\u00e9, le Stress et l&rsquo;\u00c9quilibre L&rsquo;Ashwagandha, aussi connue sous le nom de Withania somnifera, est","og_url":"https:\/\/iberoid-shop.com\/fr\/product\/ashwagandha-60-caps\/","og_site_name":"(Espa\u00f1ol) Esteroides en l\u00ednea","article_modified_time":"2025-06-15T10:34:49+00:00","og_image":[{"width":1000,"height":1000,"url":"https:\/\/iberoid-shop.com\/wp-content\/uploads\/2025\/05\/ashwagandha.png?v=1747470579","type":"image\/png"}],"twitter_card":"summary_large_image","twitter_misc":{"Prix":"&euro;8.00","Disponibilit\u00e9":"Rupture de stock"},"schema":{"@context":"https:\/\/schema.org","@graph":[{"@type":"WebPage","@id":"https:\/\/iberoid-shop.com\/fr\/product\/ashwagandha-60-caps\/","url":"https:\/\/iberoid-shop.com\/fr\/product\/ashwagandha-60-caps\/","name":"Ashwagandha - 60 CAPS - (Espa\u00f1ol) Esteroides en l\u00ednea","isPartOf":{"@id":"https:\/\/iberoid-shop.com\/fr\/#website"},"primaryImageOfPage":{"@id":"https:\/\/iberoid-shop.com\/fr\/product\/ashwagandha-60-caps\/#primaryimage"},"image":{"@id":"https:\/\/iberoid-shop.com\/fr\/product\/ashwagandha-60-caps\/#primaryimage"},"thumbnailUrl":"https:\/\/iberoid-shop.com\/wp-content\/uploads\/2025\/05\/ashwagandha.png?v=1747470579","datePublished":"2025-05-17T08:29:56+00:00","dateModified":"2025-06-15T10:34:49+00:00","breadcrumb":{"@id":"https:\/\/iberoid-shop.com\/fr\/product\/ashwagandha-60-caps\/#breadcrumb"},"inLanguage":"fr-FR","potentialAction":[{"@type":"ReadAction","target":[["https:\/\/iberoid-shop.com\/fr\/product\/ashwagandha-60-caps\/"]]}]},{"@type":"ImageObject","inLanguage":"fr-FR","@id":"https:\/\/iberoid-shop.com\/fr\/product\/ashwagandha-60-caps\/#primaryimage","url":"https:\/\/iberoid-shop.com\/wp-content\/uploads\/2025\/05\/ashwagandha.png?v=1747470579","contentUrl":"https:\/\/iberoid-shop.com\/wp-content\/uploads\/2025\/05\/ashwagandha.png?v=1747470579","width":1000,"height":1000},{"@type":"BreadcrumbList","@id":"https:\/\/iberoid-shop.com\/fr\/product\/ashwagandha-60-caps\/#breadcrumb","itemListElement":[{"@type":"ListItem","position":1,"name":"Portada","item":"https:\/\/iberoid-shop.com\/fr\/"},{"@type":"ListItem","position":2,"name":"Magasin","item":"https:\/\/iberoid-shop.com\/fr\/shop\/"},{"@type":"ListItem","position":3,"name":"Ashwagandha &#8211; 60 CAPS"}]},{"@type":"WebSite","@id":"https:\/\/iberoid-shop.com\/fr\/#website","url":"https:\/\/iberoid-shop.com\/fr\/","name":"(Espa\u00f1ol) Esteroides en l\u00ednea","description":"(Espa\u00f1ol) Comprar esteroides en l\u00ednea hoy en Espa\u00f1a y Portugal. Tenemos el mejor servicio al cliente en la industria y los productos de la m\u00e1s alta calidad","potentialAction":[{"@type":"SearchAction","target":{"@type":"EntryPoint","urlTemplate":"https:\/\/iberoid-shop.com\/fr\/?s={search_term_string}"},"query-input":{"@type":"PropertyValueSpecification","valueRequired":true,"valueName":"search_term_string"}}],"inLanguage":"fr-FR"}]},"product_brand":"Pro Nutrition","product_price_amount":"8.00","product_price_currency":"EUR","og_availability":"out of stock","product_availability":"out of stock","product_condition":"new"},"_links":{"self":[{"href":"https:\/\/iberoid-shop.com\/fr\/wp-json\/wp\/v2\/product\/10097","targetHints":{"allow":["GET"]}}],"collection":[{"href":"https:\/\/iberoid-shop.com\/fr\/wp-json\/wp\/v2\/product"}],"about":[{"href":"https:\/\/iberoid-shop.com\/fr\/wp-json\/wp\/v2\/types\/product"}],"replies":[{"embeddable":true,"href":"https:\/\/iberoid-shop.com\/fr\/wp-json\/wp\/v2\/comments?post=10097"}],"wp:featuredmedia":[{"embeddable":true,"href":"https:\/\/iberoid-shop.com\/fr\/wp-json\/wp\/v2\/media\/10098"}],"wp:attachment":[{"href":"https:\/\/iberoid-shop.com\/fr\/wp-json\/wp\/v2\/media?parent=10097"}],"wp:term":[{"taxonomy":"product_brand","embeddable":true,"href":"https:\/\/iberoid-shop.com\/fr\/wp-json\/wp\/v2\/product_brand?post=10097"},{"taxonomy":"product_cat","embeddable":true,"href":"https:\/\/iberoid-shop.com\/fr\/wp-json\/wp\/v2\/product_cat?post=10097"},{"taxonomy":"product_tag","embeddable":true,"href":"https:\/\/iberoid-shop.com\/fr\/wp-json\/wp\/v2\/product_tag?post=10097"}],"curies":[{"name":"wp","href":"https:\/\/api.w.org\/{rel}","templated":true}]}}