{"id":10091,"date":"2025-05-17T08:12:59","date_gmt":"2025-05-17T08:12:59","guid":{"rendered":"https:\/\/iberoid-shop.com\/?post_type=product&#038;p=10091"},"modified":"2026-02-18T09:20:08","modified_gmt":"2026-02-18T09:20:08","slug":"multi-pack-sport-multivitamin-day-night-formula-60-caps","status":"publish","type":"product","link":"https:\/\/iberoid-shop.com\/fr\/product\/multi-pack-sport-multivitamin-day-night-formula-60-caps\/","title":{"rendered":"Multi Pack Sport MultiVitamin Day\/Night Formula 60 Caps"},"content":{"rendered":"<p><\/p>\n<p data-path-to-node=\"1\"><b>MULTIPACK SPORT DAY FORMULA<\/b> est un complexe multivitamin\u00e9 con\u00e7u pour les athl\u00e8tes, enrichi en extraits de plantes aux propri\u00e9t\u00e9s stimulantes et en coenzyme Q10. Il contient des vitamines essentielles qui contribuent au m\u00e9tabolisme \u00e9nerg\u00e9tique normal et soutiennent le fonctionnement du syst\u00e8me nerveux.<\/p>\n<p data-path-to-node=\"2\"><b>MULTIPACK SPORT DAY FORMULA<\/b> contribue \u00e9galement \u00e0 la protection des cellules contre le stress oxydatif et soutient le fonctionnement normal du syst\u00e8me immunitaire pendant les entra\u00eenements physiques intenses.<\/p>\n<h3 data-path-to-node=\"3\">\ud83d\udccb MODE D&rsquo;EMPLOI :<\/h3>\n<p data-path-to-node=\"4\"><b>FORMULE JOUR :<\/b> La portion recommand\u00e9e est de 1 g\u00e9lule, de pr\u00e9f\u00e9rence imm\u00e9diatement apr\u00e8s le repas principal. Boire la pr\u00e9paration avec environ 300 ml (8-10 oz.) d&rsquo;eau.<\/p>\n<p data-path-to-node=\"5\"><b>FORMULE NUIT :<\/b> La portion recommand\u00e9e est de 1 g\u00e9lule 30 minutes avant le coucher. Boire la pr\u00e9paration avec environ 300 ml (8-10 oz.) d&rsquo;eau.<\/p>\n<h3 data-path-to-node=\"6\">\ud83c\udf3f Ingr\u00e9dients<\/h3>\n<p data-path-to-node=\"7\">Vitamine C, Acide Pantoth\u00e9nique, Vitamine B6, Vitamine B2, Vitamine B1, Vitamine E, Acide Folique, Biotine, Vitamine B12, Extrait de Guarana, Ginseng Cor\u00e9en d&rsquo;Agrumes, Ginseng Am\u00e9ricain, Coenzyme Q10, Magn\u00e9sium, Zinc, Fer, Mangan\u00e8se, Cuivre, Iode, S\u00e9l\u00e9nium, Molybd\u00e8ne, Chrome.<\/p>\n<p><\/p>","protected":false},"excerpt":{"rendered":"<p>MULTIPACK SPORT DAY FORMULA est un complexe multivitamin\u00e9 con\u00e7u pour les athl\u00e8tes, enrichi en extraits de plantes aux propri\u00e9t\u00e9s stimulantes<\/p>\n","protected":false},"featured_media":10101,"comment_status":"open","ping_status":"closed","template":"","meta":[],"product_brand":[],"product_cat":[3517],"product_tag":[],"class_list":{"0":"post-10091","1":"product","2":"type-product","3":"status-publish","4":"has-post-thumbnail","6":"product_cat-suplementos-2","8":"first","9":"outofstock","10":"sale","11":"shipping-taxable","12":"purchasable","13":"product-type-simple"},"yoast_head":"<!-- This site is optimized with the Yoast SEO Premium plugin v24.4 (Yoast SEO v27.0) - https:\/\/yoast.com\/product\/yoast-seo-premium-wordpress\/ -->\n<title>Multi Pack Sport MultiVitamin Day\/Night Formula 60 Caps - (Espa\u00f1ol) Esteroides en l\u00ednea<\/title>\n<meta name=\"description\" content=\"MULTIPACK SPORT est un complexe multivitamin\u00e9 pour athl\u00e8tes aux extraits de plantes et CoQ10 pour l&#039;\u00e9nergie, l&#039;immunit\u00e9 et le syst\u00e8me nerveux.\" \/>\n<meta name=\"robots\" content=\"index, follow, max-snippet:-1, max-image-preview:large, max-video-preview:-1\" \/>\n<link rel=\"canonical\" href=\"https:\/\/iberoid-shop.com\/fr\/product\/multi-pack-sport-multivitamin-day-night-formula-60-caps\/\" \/>\n<meta property=\"og:locale\" content=\"fr_FR\" \/>\n<meta property=\"og:type\" content=\"article\" \/>\n<meta property=\"og:title\" content=\"Multi Pack Sport MultiVitamin Day\/Night Formula 60 Caps\" \/>\n<meta property=\"og:description\" content=\"MULTIPACK SPORT est un complexe multivitamin\u00e9 pour athl\u00e8tes aux extraits de plantes et CoQ10 pour l&#039;\u00e9nergie, l&#039;immunit\u00e9 et le syst\u00e8me nerveux.\" \/>\n<meta property=\"og:url\" content=\"https:\/\/iberoid-shop.com\/fr\/product\/multi-pack-sport-multivitamin-day-night-formula-60-caps\/\" \/>\n<meta property=\"og:site_name\" content=\"(Espa\u00f1ol) Esteroides en l\u00ednea\" \/>\n<meta property=\"article:modified_time\" content=\"2026-02-18T09:20:08+00:00\" \/>\n<meta property=\"og:image\" content=\"https:\/\/iberoid-shop.com\/wp-content\/uploads\/2025\/05\/trec-multipack-day-night-1200x1200w-1.jpg?v=1747472134\" \/>\n\t<meta property=\"og:image:width\" content=\"1199\" \/>\n\t<meta property=\"og:image:height\" content=\"491\" \/>\n\t<meta property=\"og:image:type\" content=\"image\/jpeg\" \/>\n<meta name=\"twitter:card\" content=\"summary_large_image\" \/>\n<meta name=\"twitter:label1\" content=\"Prix\" \/>\n\t<meta name=\"twitter:data1\" content=\"&euro;20.00\" \/>\n\t<meta name=\"twitter:label2\" content=\"Disponibilit\u00e9\" \/>\n\t<meta name=\"twitter:data2\" content=\"Rupture de stock\" \/>\n<script type=\"application\/ld+json\" class=\"yoast-schema-graph\">{\"@context\":\"https:\/\/schema.org\",\"@graph\":[{\"@type\":\"WebPage\",\"@id\":\"https:\/\/iberoid-shop.com\/fr\/product\/multi-pack-sport-multivitamin-day-night-formula-60-caps\/\",\"url\":\"https:\/\/iberoid-shop.com\/fr\/product\/multi-pack-sport-multivitamin-day-night-formula-60-caps\/\",\"name\":\"Multi Pack Sport MultiVitamin Day\/Night Formula 60 Caps - (Espa\u00f1ol) Esteroides en l\u00ednea\",\"isPartOf\":{\"@id\":\"https:\/\/iberoid-shop.com\/fr\/#website\"},\"primaryImageOfPage\":{\"@id\":\"https:\/\/iberoid-shop.com\/fr\/product\/multi-pack-sport-multivitamin-day-night-formula-60-caps\/#primaryimage\"},\"image\":{\"@id\":\"https:\/\/iberoid-shop.com\/fr\/product\/multi-pack-sport-multivitamin-day-night-formula-60-caps\/#primaryimage\"},\"thumbnailUrl\":\"https:\/\/iberoid-shop.com\/wp-content\/uploads\/2025\/05\/trec-multipack-day-night-1200x1200w-1.jpg?v=1747472134\",\"datePublished\":\"2025-05-17T08:12:59+00:00\",\"dateModified\":\"2026-02-18T09:20:08+00:00\",\"description\":\"MULTIPACK SPORT est un complexe multivitamin\u00e9 pour athl\u00e8tes aux extraits de plantes et CoQ10 pour l'\u00e9nergie, l'immunit\u00e9 et le syst\u00e8me nerveux.\",\"breadcrumb\":{\"@id\":\"https:\/\/iberoid-shop.com\/fr\/product\/multi-pack-sport-multivitamin-day-night-formula-60-caps\/#breadcrumb\"},\"inLanguage\":\"fr-FR\",\"potentialAction\":[{\"@type\":\"ReadAction\",\"target\":[[\"https:\/\/iberoid-shop.com\/fr\/product\/multi-pack-sport-multivitamin-day-night-formula-60-caps\/\"]]}]},{\"@type\":\"ImageObject\",\"inLanguage\":\"fr-FR\",\"@id\":\"https:\/\/iberoid-shop.com\/fr\/product\/multi-pack-sport-multivitamin-day-night-formula-60-caps\/#primaryimage\",\"url\":\"https:\/\/iberoid-shop.com\/wp-content\/uploads\/2025\/05\/trec-multipack-day-night-1200x1200w-1.jpg?v=1747472134\",\"contentUrl\":\"https:\/\/iberoid-shop.com\/wp-content\/uploads\/2025\/05\/trec-multipack-day-night-1200x1200w-1.jpg?v=1747472134\",\"width\":1199,\"height\":491},{\"@type\":\"BreadcrumbList\",\"@id\":\"https:\/\/iberoid-shop.com\/fr\/product\/multi-pack-sport-multivitamin-day-night-formula-60-caps\/#breadcrumb\",\"itemListElement\":[{\"@type\":\"ListItem\",\"position\":1,\"name\":\"Portada\",\"item\":\"https:\/\/iberoid-shop.com\/fr\/\"},{\"@type\":\"ListItem\",\"position\":2,\"name\":\"Magasin\",\"item\":\"https:\/\/iberoid-shop.com\/fr\/shop\/\"},{\"@type\":\"ListItem\",\"position\":3,\"name\":\"Multi Pack Sport MultiVitamin Day\/Night Formula 60 Caps\"}]},{\"@type\":\"WebSite\",\"@id\":\"https:\/\/iberoid-shop.com\/fr\/#website\",\"url\":\"https:\/\/iberoid-shop.com\/fr\/\",\"name\":\"(Espa\u00f1ol) Esteroides en l\u00ednea\",\"description\":\"(Espa\u00f1ol) Comprar esteroides en l\u00ednea hoy en Espa\u00f1a y Portugal. Tenemos el mejor servicio al cliente en la industria y los productos de la m\u00e1s alta calidad\",\"potentialAction\":[{\"@type\":\"SearchAction\",\"target\":{\"@type\":\"EntryPoint\",\"urlTemplate\":\"https:\/\/iberoid-shop.com\/fr\/?s={search_term_string}\"},\"query-input\":{\"@type\":\"PropertyValueSpecification\",\"valueRequired\":true,\"valueName\":\"search_term_string\"}}],\"inLanguage\":\"fr-FR\"}]}<\/script>\n<meta property=\"product:brand\" content=\"Trec Nutrition\" \/>\n<meta property=\"product:price:amount\" content=\"20.00\" \/>\n<meta property=\"product:price:currency\" content=\"EUR\" \/>\n<meta property=\"og:availability\" content=\"out of stock\" \/>\n<meta property=\"product:availability\" content=\"out of stock\" \/>\n<meta property=\"product:condition\" content=\"new\" \/>\n<!-- \/ Yoast SEO Premium plugin. -->","yoast_head_json":{"title":"Multi Pack Sport MultiVitamin Day\/Night Formula 60 Caps - (Espa\u00f1ol) Esteroides en l\u00ednea","description":"MULTIPACK SPORT est un complexe multivitamin\u00e9 pour athl\u00e8tes aux extraits de plantes et CoQ10 pour l'\u00e9nergie, l'immunit\u00e9 et le syst\u00e8me nerveux.","robots":{"index":"index","follow":"follow","max-snippet":"max-snippet:-1","max-image-preview":"max-image-preview:large","max-video-preview":"max-video-preview:-1"},"canonical":"https:\/\/iberoid-shop.com\/fr\/product\/multi-pack-sport-multivitamin-day-night-formula-60-caps\/","og_locale":"fr_FR","og_type":"article","og_title":"Multi Pack Sport MultiVitamin Day\/Night Formula 60 Caps","og_description":"MULTIPACK SPORT est un complexe multivitamin\u00e9 pour athl\u00e8tes aux extraits de plantes et CoQ10 pour l'\u00e9nergie, l'immunit\u00e9 et le syst\u00e8me nerveux.","og_url":"https:\/\/iberoid-shop.com\/fr\/product\/multi-pack-sport-multivitamin-day-night-formula-60-caps\/","og_site_name":"(Espa\u00f1ol) Esteroides en l\u00ednea","article_modified_time":"2026-02-18T09:20:08+00:00","og_image":[{"width":1199,"height":491,"url":"https:\/\/iberoid-shop.com\/wp-content\/uploads\/2025\/05\/trec-multipack-day-night-1200x1200w-1.jpg?v=1747472134","type":"image\/jpeg"}],"twitter_card":"summary_large_image","twitter_misc":{"Prix":"&euro;20.00","Disponibilit\u00e9":"Rupture de stock"},"schema":{"@context":"https:\/\/schema.org","@graph":[{"@type":"WebPage","@id":"https:\/\/iberoid-shop.com\/fr\/product\/multi-pack-sport-multivitamin-day-night-formula-60-caps\/","url":"https:\/\/iberoid-shop.com\/fr\/product\/multi-pack-sport-multivitamin-day-night-formula-60-caps\/","name":"Multi Pack Sport MultiVitamin Day\/Night Formula 60 Caps - (Espa\u00f1ol) Esteroides en l\u00ednea","isPartOf":{"@id":"https:\/\/iberoid-shop.com\/fr\/#website"},"primaryImageOfPage":{"@id":"https:\/\/iberoid-shop.com\/fr\/product\/multi-pack-sport-multivitamin-day-night-formula-60-caps\/#primaryimage"},"image":{"@id":"https:\/\/iberoid-shop.com\/fr\/product\/multi-pack-sport-multivitamin-day-night-formula-60-caps\/#primaryimage"},"thumbnailUrl":"https:\/\/iberoid-shop.com\/wp-content\/uploads\/2025\/05\/trec-multipack-day-night-1200x1200w-1.jpg?v=1747472134","datePublished":"2025-05-17T08:12:59+00:00","dateModified":"2026-02-18T09:20:08+00:00","description":"MULTIPACK SPORT est un complexe multivitamin\u00e9 pour athl\u00e8tes aux extraits de plantes et CoQ10 pour l'\u00e9nergie, l'immunit\u00e9 et le syst\u00e8me nerveux.","breadcrumb":{"@id":"https:\/\/iberoid-shop.com\/fr\/product\/multi-pack-sport-multivitamin-day-night-formula-60-caps\/#breadcrumb"},"inLanguage":"fr-FR","potentialAction":[{"@type":"ReadAction","target":[["https:\/\/iberoid-shop.com\/fr\/product\/multi-pack-sport-multivitamin-day-night-formula-60-caps\/"]]}]},{"@type":"ImageObject","inLanguage":"fr-FR","@id":"https:\/\/iberoid-shop.com\/fr\/product\/multi-pack-sport-multivitamin-day-night-formula-60-caps\/#primaryimage","url":"https:\/\/iberoid-shop.com\/wp-content\/uploads\/2025\/05\/trec-multipack-day-night-1200x1200w-1.jpg?v=1747472134","contentUrl":"https:\/\/iberoid-shop.com\/wp-content\/uploads\/2025\/05\/trec-multipack-day-night-1200x1200w-1.jpg?v=1747472134","width":1199,"height":491},{"@type":"BreadcrumbList","@id":"https:\/\/iberoid-shop.com\/fr\/product\/multi-pack-sport-multivitamin-day-night-formula-60-caps\/#breadcrumb","itemListElement":[{"@type":"ListItem","position":1,"name":"Portada","item":"https:\/\/iberoid-shop.com\/fr\/"},{"@type":"ListItem","position":2,"name":"Magasin","item":"https:\/\/iberoid-shop.com\/fr\/shop\/"},{"@type":"ListItem","position":3,"name":"Multi Pack Sport MultiVitamin Day\/Night Formula 60 Caps"}]},{"@type":"WebSite","@id":"https:\/\/iberoid-shop.com\/fr\/#website","url":"https:\/\/iberoid-shop.com\/fr\/","name":"(Espa\u00f1ol) Esteroides en l\u00ednea","description":"(Espa\u00f1ol) Comprar esteroides en l\u00ednea hoy en Espa\u00f1a y Portugal. Tenemos el mejor servicio al cliente en la industria y los productos de la m\u00e1s alta calidad","potentialAction":[{"@type":"SearchAction","target":{"@type":"EntryPoint","urlTemplate":"https:\/\/iberoid-shop.com\/fr\/?s={search_term_string}"},"query-input":{"@type":"PropertyValueSpecification","valueRequired":true,"valueName":"search_term_string"}}],"inLanguage":"fr-FR"}]},"product_brand":"Trec Nutrition","product_price_amount":"20.00","product_price_currency":"EUR","og_availability":"out of stock","product_availability":"out of stock","product_condition":"new"},"_links":{"self":[{"href":"https:\/\/iberoid-shop.com\/fr\/wp-json\/wp\/v2\/product\/10091","targetHints":{"allow":["GET"]}}],"collection":[{"href":"https:\/\/iberoid-shop.com\/fr\/wp-json\/wp\/v2\/product"}],"about":[{"href":"https:\/\/iberoid-shop.com\/fr\/wp-json\/wp\/v2\/types\/product"}],"replies":[{"embeddable":true,"href":"https:\/\/iberoid-shop.com\/fr\/wp-json\/wp\/v2\/comments?post=10091"}],"wp:featuredmedia":[{"embeddable":true,"href":"https:\/\/iberoid-shop.com\/fr\/wp-json\/wp\/v2\/media\/10101"}],"wp:attachment":[{"href":"https:\/\/iberoid-shop.com\/fr\/wp-json\/wp\/v2\/media?parent=10091"}],"wp:term":[{"taxonomy":"product_brand","embeddable":true,"href":"https:\/\/iberoid-shop.com\/fr\/wp-json\/wp\/v2\/product_brand?post=10091"},{"taxonomy":"product_cat","embeddable":true,"href":"https:\/\/iberoid-shop.com\/fr\/wp-json\/wp\/v2\/product_cat?post=10091"},{"taxonomy":"product_tag","embeddable":true,"href":"https:\/\/iberoid-shop.com\/fr\/wp-json\/wp\/v2\/product_tag?post=10091"}],"curies":[{"name":"wp","href":"https:\/\/api.w.org\/{rel}","templated":true}]}}