{"id":10089,"date":"2025-05-17T07:47:59","date_gmt":"2025-05-17T07:47:59","guid":{"rendered":"https:\/\/iberoid-shop.com\/?post_type=product&#038;p=10089"},"modified":"2026-01-11T18:08:39","modified_gmt":"2026-01-11T18:08:39","slug":"apcalis-sx-oral-jelly-20mg-gel-de-tadalafilo","status":"publish","type":"product","link":"https:\/\/iberoid-shop.com\/fr\/product\/apcalis-sx-oral-jelly-20mg-gel-de-tadalafilo\/","title":{"rendered":"Apcalis-sx Oral Jelly 20mg \u2013 Gel de Tadalafilo"},"content":{"rendered":"<p><\/p>\n<p data-sourcepos=\"1:1-1:387\">L&rsquo;Apcalis-SX Oral Jelly est un substitut \u00e0 100 % du m\u00e9dicament Cialis, sous forme de gel\u00e9es aux diverses saveurs fruit\u00e9es. Le <strong>Tadalafil<\/strong> est utilis\u00e9 pour traiter la dysfonction \u00e9rectile. Ce m\u00e9dicament assure une <strong>\u00e9rection de qualit\u00e9 et durable<\/strong> et contribue \u00e0 une <strong>r\u00e9g\u00e9n\u00e9ration plus rapide<\/strong> apr\u00e8s l&rsquo;\u00e9jaculation. La substance active Tadalafil agit plus longtemps que le Sild\u00e9nafil.<\/p>\n<hr data-sourcepos=\"3:1-3:3\" \/>\n<h3 data-sourcepos=\"5:1-5:42\">Avantages de l&rsquo;Apcalis-SX Oral Jelly :<\/h3>\n<ul data-sourcepos=\"6:1-9:0\">\n<li data-sourcepos=\"6:1-6:201\"><strong>D\u00e9but d&rsquo;effet rapide<\/strong> : le m\u00e9dicament atteint son efficacit\u00e9 maximale en 20 minutes apr\u00e8s l&rsquo;administration, gr\u00e2ce \u00e0 son absorption par la muqueuse buccale directement dans la circulation sanguine.<\/li>\n<li data-sourcepos=\"7:1-7:104\"><strong>S\u00e9curit\u00e9<\/strong> : lorsqu&rsquo;il est utilis\u00e9 \u00e0 la dose recommand\u00e9e, il pr\u00e9sente tr\u00e8s peu d&rsquo;effets secondaires.<\/li>\n<li data-sourcepos=\"8:1-9:0\"><strong>Facilit\u00e9 d&rsquo;utilisation<\/strong> : il suffit de presser la gel\u00e9e dans la bouche, sans avoir besoin d&rsquo;eau.<\/li>\n<\/ul>\n<hr data-sourcepos=\"10:1-10:3\" \/>\n<h3 data-sourcepos=\"12:1-12:25\">Posologie recommand\u00e9e<\/h3>\n<p data-sourcepos=\"13:1-13:442\">Nous recommandons de prendre un sachet d&rsquo;Apcalis-SX Oral Jelly avant toute activit\u00e9 sexuelle. Son efficacit\u00e9 se manifeste 10 \u00e0 20 minutes apr\u00e8s l&rsquo;administration. L&rsquo;Apcalis-SX Oral Jelly est un m\u00e9dicament extr\u00eamement puissant ; il n&rsquo;est donc pas recommand\u00e9 de prendre plus d&rsquo;un sachet toutes les 36 heures. L&rsquo;Apcalis-SX Oral Jelly n&rsquo;est pas un aphrodisiaque : <strong>les effets du m\u00e9dicament apparaissent avec une stimulation sexuelle suffisante.<\/strong><\/p>\n<hr data-sourcepos=\"15:1-15:3\" \/>\n<h3 data-sourcepos=\"17:1-17:58\">Administration du m\u00e9dicament avec d&rsquo;autres m\u00e9dicaments<\/h3>\n<p data-sourcepos=\"18:1-18:235\">En aucun cas, ne prenez l&rsquo;Apcalis-SX Oral Jelly avec des m\u00e9dicaments contenant des donneurs d&rsquo;oxyde nitrique ou des nitrates. \u00c9vitez \u00e9galement les aliments contenant du <strong>PAMPLEMOUSSE<\/strong> pour pr\u00e9venir l&rsquo;apparition d&rsquo;effets ind\u00e9sirables.<\/p>\n<hr data-sourcepos=\"20:1-20:3\" \/>\n<h3 data-sourcepos=\"22:1-22:18\">D\u00e9lai d&rsquo;action<\/h3>\n<p data-sourcepos=\"23:1-23:348\">Le d\u00e9but de l&rsquo;effet est tr\u00e8s rapide, se manifestant 10 \u00e0 20 minutes apr\u00e8s l&rsquo;administration. Pour un effet maximal souhait\u00e9, nous recommandons de prendre les gel\u00e9es <strong>2 heures apr\u00e8s un repas<\/strong>. Si le m\u00e9dicament est administr\u00e9 avec de la nourriture ou peu de temps apr\u00e8s un repas, le d\u00e9lai d&rsquo;apparition de l&rsquo;effet peut \u00eatre consid\u00e9rablement prolong\u00e9.<\/p>\n<p data-sourcepos=\"25:1-25:324\">Il n&rsquo;est pas recommand\u00e9 de boire de grandes quantit\u00e9s d&rsquo;alcool avant l&rsquo;utilisation, car cela r\u00e9duit l&rsquo;efficacit\u00e9 du m\u00e9dicament et peut intensifier les effets secondaires. L&rsquo;efficacit\u00e9 du m\u00e9dicament est \u00e9galement diminu\u00e9e par la consommation d&rsquo;aliments gras et lourds. L&rsquo;Apcalis-SX Oral Jelly agit pendant <strong>24 \u00e0 36 heures.<\/strong><\/p>\n<hr data-sourcepos=\"27:1-27:3\" \/>\n<h3 data-sourcepos=\"29:1-29:44\">Ne prenez pas Apcalis-SX Oral Jelly si :<\/h3>\n<ul data-sourcepos=\"30:1-37:0\">\n<li data-sourcepos=\"30:1-30:38\">vous souffrez de maladies cardiaques<\/li>\n<li data-sourcepos=\"31:1-31:49\">vous souffrez de maladies r\u00e9nales ou h\u00e9patiques<\/li>\n<li data-sourcepos=\"32:1-32:69\">vous avez eu une crise cardiaque ou un accident vasculaire c\u00e9r\u00e9bral<\/li>\n<li data-sourcepos=\"33:1-33:74\">vous avez moins de 18 ans ou plus de 65 ans (ou consultez votre m\u00e9decin)<\/li>\n<li data-sourcepos=\"34:1-34:49\">vous avez des probl\u00e8mes de coagulation sanguine<\/li>\n<li data-sourcepos=\"35:1-35:50\">vous avez une tension art\u00e9rielle \u00e9lev\u00e9e ou basse<\/li>\n<li data-sourcepos=\"36:1-37:0\">vous prenez un autre m\u00e9dicament pour la dysfonction \u00e9rectile<\/li>\n<\/ul>\n<hr data-sourcepos=\"38:1-38:3\" \/>\n<h3 data-sourcepos=\"40:1-40:22\">Effets secondaires<\/h3>\n<p data-sourcepos=\"41:1-42:89\">Comme tous les m\u00e9dicaments, l&rsquo;Apcalis-SX Oral Jelly a des <strong>effets secondaires.<\/strong> Parmi les effets secondaires les plus fr\u00e9quents de l&rsquo;Apcalis-SX Oral Jelly, on retrouve :<\/p>\n<ul data-sourcepos=\"43:1-48:0\">\n<li data-sourcepos=\"43:1-43:14\">maux de t\u00eate<\/li>\n<li data-sourcepos=\"44:1-44:20\">rougeurs du visage<\/li>\n<li data-sourcepos=\"45:1-45:12\">nez bouch\u00e9<\/li>\n<li data-sourcepos=\"46:1-46:23\">troubles de la vision<\/li>\n<li data-sourcepos=\"47:1-48:0\">priapisme (\u00e9rection prolong\u00e9e et douloureuse)<\/li>\n<\/ul>\n<hr data-sourcepos=\"49:1-49:3\" \/>\n<h3 data-sourcepos=\"51:1-51:16\">Conservation<\/h3>\n<p data-sourcepos=\"52:1-52:270\">Conservez les gel\u00e9es dans leur emballage d&rsquo;origine pour prot\u00e9ger le m\u00e9dicament de l&rsquo;humidit\u00e9. <strong>Ne conservez pas le m\u00e9dicament \u00e0 la port\u00e9e des enfants, gardez-le dans un environnement sec, \u00e0 l&rsquo;abri de la lumi\u00e8re du soleil<\/strong> \u2013 id\u00e9alement \u00e0 des temp\u00e9ratures de 10 \u00e0 30 \u00b0C.<\/p>\n<p><\/p>","protected":false},"excerpt":{"rendered":"<p>L&rsquo;Apcalis-SX Oral Jelly est un substitut \u00e0 100 % du m\u00e9dicament Cialis, sous forme de gel\u00e9es aux diverses saveurs fruit\u00e9es.<\/p>\n","protected":false},"featured_media":10090,"comment_status":"open","ping_status":"closed","template":"","meta":[],"product_brand":[],"product_cat":[73],"product_tag":[],"class_list":{"0":"post-10089","1":"product","2":"type-product","3":"status-publish","4":"has-post-thumbnail","6":"product_cat-ssteroides_orales","8":"first","9":"outofstock","10":"shipping-taxable","11":"purchasable","12":"product-type-simple"},"yoast_head":"<!-- This site is optimized with the Yoast SEO Premium plugin v24.4 (Yoast SEO v27.0) - https:\/\/yoast.com\/product\/yoast-seo-premium-wordpress\/ -->\n<title>Apcalis-sx Oral Jelly 20mg \u2013 Gel de Tadalafilo - (Espa\u00f1ol) Esteroides en l\u00ednea<\/title>\n<meta name=\"description\" content=\"Apcalis-SX Oral Jelly est un gel de tadalafil \u00e0 action rapide contre la dysfonction \u00e9rectile, assurant un effet durable et une absorption rapide sans eau.\" \/>\n<meta name=\"robots\" content=\"index, follow, max-snippet:-1, max-image-preview:large, max-video-preview:-1\" \/>\n<link rel=\"canonical\" href=\"https:\/\/iberoid-shop.com\/fr\/product\/apcalis-sx-oral-jelly-20mg-gel-de-tadalafilo\/\" \/>\n<meta property=\"og:locale\" content=\"fr_FR\" \/>\n<meta property=\"og:type\" content=\"article\" \/>\n<meta property=\"og:title\" content=\"Apcalis-sx Oral Jelly 20mg \u2013 Gel de Tadalafilo\" \/>\n<meta property=\"og:description\" content=\"Apcalis-SX Oral Jelly est un gel de tadalafil \u00e0 action rapide contre la dysfonction \u00e9rectile, assurant un effet durable et une absorption rapide sans eau.\" \/>\n<meta property=\"og:url\" content=\"https:\/\/iberoid-shop.com\/fr\/product\/apcalis-sx-oral-jelly-20mg-gel-de-tadalafilo\/\" \/>\n<meta property=\"og:site_name\" content=\"(Espa\u00f1ol) Esteroides en l\u00ednea\" \/>\n<meta property=\"article:modified_time\" content=\"2026-01-11T18:08:39+00:00\" \/>\n<meta property=\"og:image\" content=\"https:\/\/iberoid-shop.com\/wp-content\/uploads\/2025\/05\/apocalis.webp\" \/>\n\t<meta property=\"og:image:width\" content=\"685\" \/>\n\t<meta property=\"og:image:height\" content=\"685\" \/>\n\t<meta property=\"og:image:type\" content=\"image\/webp\" \/>\n<meta name=\"twitter:card\" content=\"summary_large_image\" \/>\n<meta name=\"twitter:label1\" content=\"Prix\" \/>\n\t<meta name=\"twitter:data1\" content=\"&euro;10.00\" \/>\n\t<meta name=\"twitter:label2\" content=\"Disponibilit\u00e9\" \/>\n\t<meta name=\"twitter:data2\" content=\"Rupture de stock\" \/>\n<script type=\"application\/ld+json\" class=\"yoast-schema-graph\">{\"@context\":\"https:\/\/schema.org\",\"@graph\":[{\"@type\":\"WebPage\",\"@id\":\"https:\/\/iberoid-shop.com\/fr\/product\/apcalis-sx-oral-jelly-20mg-gel-de-tadalafilo\/\",\"url\":\"https:\/\/iberoid-shop.com\/fr\/product\/apcalis-sx-oral-jelly-20mg-gel-de-tadalafilo\/\",\"name\":\"Apcalis-sx Oral Jelly 20mg \u2013 Gel de Tadalafilo - (Espa\u00f1ol) Esteroides en l\u00ednea\",\"isPartOf\":{\"@id\":\"https:\/\/iberoid-shop.com\/fr\/#website\"},\"primaryImageOfPage\":{\"@id\":\"https:\/\/iberoid-shop.com\/fr\/product\/apcalis-sx-oral-jelly-20mg-gel-de-tadalafilo\/#primaryimage\"},\"image\":{\"@id\":\"https:\/\/iberoid-shop.com\/fr\/product\/apcalis-sx-oral-jelly-20mg-gel-de-tadalafilo\/#primaryimage\"},\"thumbnailUrl\":\"https:\/\/iberoid-shop.com\/wp-content\/uploads\/2025\/05\/apocalis.webp\",\"datePublished\":\"2025-05-17T07:47:59+00:00\",\"dateModified\":\"2026-01-11T18:08:39+00:00\",\"description\":\"Apcalis-SX Oral Jelly est un gel de tadalafil \u00e0 action rapide contre la dysfonction \u00e9rectile, assurant un effet durable et une absorption rapide sans eau.\",\"breadcrumb\":{\"@id\":\"https:\/\/iberoid-shop.com\/fr\/product\/apcalis-sx-oral-jelly-20mg-gel-de-tadalafilo\/#breadcrumb\"},\"inLanguage\":\"fr-FR\",\"potentialAction\":[{\"@type\":\"ReadAction\",\"target\":[[\"https:\/\/iberoid-shop.com\/fr\/product\/apcalis-sx-oral-jelly-20mg-gel-de-tadalafilo\/\"]]}]},{\"@type\":\"ImageObject\",\"inLanguage\":\"fr-FR\",\"@id\":\"https:\/\/iberoid-shop.com\/fr\/product\/apcalis-sx-oral-jelly-20mg-gel-de-tadalafilo\/#primaryimage\",\"url\":\"https:\/\/iberoid-shop.com\/wp-content\/uploads\/2025\/05\/apocalis.webp\",\"contentUrl\":\"https:\/\/iberoid-shop.com\/wp-content\/uploads\/2025\/05\/apocalis.webp\",\"width\":685,\"height\":685},{\"@type\":\"BreadcrumbList\",\"@id\":\"https:\/\/iberoid-shop.com\/fr\/product\/apcalis-sx-oral-jelly-20mg-gel-de-tadalafilo\/#breadcrumb\",\"itemListElement\":[{\"@type\":\"ListItem\",\"position\":1,\"name\":\"Portada\",\"item\":\"https:\/\/iberoid-shop.com\/fr\/\"},{\"@type\":\"ListItem\",\"position\":2,\"name\":\"Magasin\",\"item\":\"https:\/\/iberoid-shop.com\/fr\/shop\/\"},{\"@type\":\"ListItem\",\"position\":3,\"name\":\"Apcalis-sx Oral Jelly 20mg \u2013 Gel de Tadalafilo\"}]},{\"@type\":\"WebSite\",\"@id\":\"https:\/\/iberoid-shop.com\/fr\/#website\",\"url\":\"https:\/\/iberoid-shop.com\/fr\/\",\"name\":\"(Espa\u00f1ol) Esteroides en l\u00ednea\",\"description\":\"(Espa\u00f1ol) Comprar esteroides en l\u00ednea hoy en Espa\u00f1a y Portugal. Tenemos el mejor servicio al cliente en la industria y los productos de la m\u00e1s alta calidad\",\"potentialAction\":[{\"@type\":\"SearchAction\",\"target\":{\"@type\":\"EntryPoint\",\"urlTemplate\":\"https:\/\/iberoid-shop.com\/fr\/?s={search_term_string}\"},\"query-input\":{\"@type\":\"PropertyValueSpecification\",\"valueRequired\":true,\"valueName\":\"search_term_string\"}}],\"inLanguage\":\"fr-FR\"}]}<\/script>\n<meta property=\"product:brand\" content=\"Ajanta Pharma\" \/>\n<meta property=\"product:price:amount\" content=\"10.00\" \/>\n<meta property=\"product:price:currency\" content=\"EUR\" \/>\n<meta property=\"og:availability\" content=\"out of stock\" \/>\n<meta property=\"product:availability\" content=\"out of stock\" \/>\n<meta property=\"product:condition\" content=\"new\" \/>\n<!-- \/ Yoast SEO Premium plugin. -->","yoast_head_json":{"title":"Apcalis-sx Oral Jelly 20mg \u2013 Gel de Tadalafilo - (Espa\u00f1ol) Esteroides en l\u00ednea","description":"Apcalis-SX Oral Jelly est un gel de tadalafil \u00e0 action rapide contre la dysfonction \u00e9rectile, assurant un effet durable et une absorption rapide sans eau.","robots":{"index":"index","follow":"follow","max-snippet":"max-snippet:-1","max-image-preview":"max-image-preview:large","max-video-preview":"max-video-preview:-1"},"canonical":"https:\/\/iberoid-shop.com\/fr\/product\/apcalis-sx-oral-jelly-20mg-gel-de-tadalafilo\/","og_locale":"fr_FR","og_type":"article","og_title":"Apcalis-sx Oral Jelly 20mg \u2013 Gel de Tadalafilo","og_description":"Apcalis-SX Oral Jelly est un gel de tadalafil \u00e0 action rapide contre la dysfonction \u00e9rectile, assurant un effet durable et une absorption rapide sans eau.","og_url":"https:\/\/iberoid-shop.com\/fr\/product\/apcalis-sx-oral-jelly-20mg-gel-de-tadalafilo\/","og_site_name":"(Espa\u00f1ol) Esteroides en l\u00ednea","article_modified_time":"2026-01-11T18:08:39+00:00","og_image":[{"width":685,"height":685,"url":"https:\/\/iberoid-shop.com\/wp-content\/uploads\/2025\/05\/apocalis.webp","type":"image\/webp"}],"twitter_card":"summary_large_image","twitter_misc":{"Prix":"&euro;10.00","Disponibilit\u00e9":"Rupture de stock"},"schema":{"@context":"https:\/\/schema.org","@graph":[{"@type":"WebPage","@id":"https:\/\/iberoid-shop.com\/fr\/product\/apcalis-sx-oral-jelly-20mg-gel-de-tadalafilo\/","url":"https:\/\/iberoid-shop.com\/fr\/product\/apcalis-sx-oral-jelly-20mg-gel-de-tadalafilo\/","name":"Apcalis-sx Oral Jelly 20mg \u2013 Gel de Tadalafilo - (Espa\u00f1ol) Esteroides en l\u00ednea","isPartOf":{"@id":"https:\/\/iberoid-shop.com\/fr\/#website"},"primaryImageOfPage":{"@id":"https:\/\/iberoid-shop.com\/fr\/product\/apcalis-sx-oral-jelly-20mg-gel-de-tadalafilo\/#primaryimage"},"image":{"@id":"https:\/\/iberoid-shop.com\/fr\/product\/apcalis-sx-oral-jelly-20mg-gel-de-tadalafilo\/#primaryimage"},"thumbnailUrl":"https:\/\/iberoid-shop.com\/wp-content\/uploads\/2025\/05\/apocalis.webp","datePublished":"2025-05-17T07:47:59+00:00","dateModified":"2026-01-11T18:08:39+00:00","description":"Apcalis-SX Oral Jelly est un gel de tadalafil \u00e0 action rapide contre la dysfonction \u00e9rectile, assurant un effet durable et une absorption rapide sans eau.","breadcrumb":{"@id":"https:\/\/iberoid-shop.com\/fr\/product\/apcalis-sx-oral-jelly-20mg-gel-de-tadalafilo\/#breadcrumb"},"inLanguage":"fr-FR","potentialAction":[{"@type":"ReadAction","target":[["https:\/\/iberoid-shop.com\/fr\/product\/apcalis-sx-oral-jelly-20mg-gel-de-tadalafilo\/"]]}]},{"@type":"ImageObject","inLanguage":"fr-FR","@id":"https:\/\/iberoid-shop.com\/fr\/product\/apcalis-sx-oral-jelly-20mg-gel-de-tadalafilo\/#primaryimage","url":"https:\/\/iberoid-shop.com\/wp-content\/uploads\/2025\/05\/apocalis.webp","contentUrl":"https:\/\/iberoid-shop.com\/wp-content\/uploads\/2025\/05\/apocalis.webp","width":685,"height":685},{"@type":"BreadcrumbList","@id":"https:\/\/iberoid-shop.com\/fr\/product\/apcalis-sx-oral-jelly-20mg-gel-de-tadalafilo\/#breadcrumb","itemListElement":[{"@type":"ListItem","position":1,"name":"Portada","item":"https:\/\/iberoid-shop.com\/fr\/"},{"@type":"ListItem","position":2,"name":"Magasin","item":"https:\/\/iberoid-shop.com\/fr\/shop\/"},{"@type":"ListItem","position":3,"name":"Apcalis-sx Oral Jelly 20mg \u2013 Gel de Tadalafilo"}]},{"@type":"WebSite","@id":"https:\/\/iberoid-shop.com\/fr\/#website","url":"https:\/\/iberoid-shop.com\/fr\/","name":"(Espa\u00f1ol) Esteroides en l\u00ednea","description":"(Espa\u00f1ol) Comprar esteroides en l\u00ednea hoy en Espa\u00f1a y Portugal. Tenemos el mejor servicio al cliente en la industria y los productos de la m\u00e1s alta calidad","potentialAction":[{"@type":"SearchAction","target":{"@type":"EntryPoint","urlTemplate":"https:\/\/iberoid-shop.com\/fr\/?s={search_term_string}"},"query-input":{"@type":"PropertyValueSpecification","valueRequired":true,"valueName":"search_term_string"}}],"inLanguage":"fr-FR"}]},"product_brand":"Ajanta Pharma","product_price_amount":"10.00","product_price_currency":"EUR","og_availability":"out of stock","product_availability":"out of stock","product_condition":"new"},"_links":{"self":[{"href":"https:\/\/iberoid-shop.com\/fr\/wp-json\/wp\/v2\/product\/10089","targetHints":{"allow":["GET"]}}],"collection":[{"href":"https:\/\/iberoid-shop.com\/fr\/wp-json\/wp\/v2\/product"}],"about":[{"href":"https:\/\/iberoid-shop.com\/fr\/wp-json\/wp\/v2\/types\/product"}],"replies":[{"embeddable":true,"href":"https:\/\/iberoid-shop.com\/fr\/wp-json\/wp\/v2\/comments?post=10089"}],"wp:featuredmedia":[{"embeddable":true,"href":"https:\/\/iberoid-shop.com\/fr\/wp-json\/wp\/v2\/media\/10090"}],"wp:attachment":[{"href":"https:\/\/iberoid-shop.com\/fr\/wp-json\/wp\/v2\/media?parent=10089"}],"wp:term":[{"taxonomy":"product_brand","embeddable":true,"href":"https:\/\/iberoid-shop.com\/fr\/wp-json\/wp\/v2\/product_brand?post=10089"},{"taxonomy":"product_cat","embeddable":true,"href":"https:\/\/iberoid-shop.com\/fr\/wp-json\/wp\/v2\/product_cat?post=10089"},{"taxonomy":"product_tag","embeddable":true,"href":"https:\/\/iberoid-shop.com\/fr\/wp-json\/wp\/v2\/product_tag?post=10089"}],"curies":[{"name":"wp","href":"https:\/\/api.w.org\/{rel}","templated":true}]}}